{"id":151,"date":"2024-06-14T13:40:01","date_gmt":"2024-06-14T13:40:01","guid":{"rendered":"https:\/\/rfid-laundry-tag.com\/?post_type=product&#038;p=151"},"modified":"2024-06-14T15:08:09","modified_gmt":"2024-06-14T15:08:09","slug":"waterproof-washing-rfid-button-tag","status":"publish","type":"product","link":"https:\/\/rfid-laundry-tag.com\/vi\/waterproof-washing-rfid-button-tag\/","title":{"rendered":"Th\u1ebb n\u00fat RFID ch\u1ed1ng n\u01b0\u1edbc"},"content":{"rendered":"<div class=\"J_module\">\n<div class=\"ife-detail-decorate-table\">\n<table class=\"has-title all magic-6\">\n<tbody>\n<tr>\n<td colspan=\"1\" rowspan=\"1\">\n<div class=\"magic-7\" data-spm-anchor-id=\"a2700.details.0.i45.77607d98vZbcDU\"><span class=\"magic-8\" style=\"color: #363535;\">T\u00ean m\u1eb7t h\u00e0ng<\/span><\/div>\n<\/td>\n<td colspan=\"1\" rowspan=\"1\">\n<div class=\"magic-9\"><span class=\"magic-8\">Th\u1ebb n\u00fat RFID ch\u1ed1ng n\u01b0\u1edbc<\/span><\/div>\n<\/td>\n<\/tr>\n<tr>\n<td colspan=\"1\" rowspan=\"1\">\n<div class=\"magic-7\"><span class=\"magic-10\" data-spm-anchor-id=\"a2700.pc-decorate.0.i10.28d333330XLbTD\"><span class=\"magic-8\">V\u1eadt li\u1ec7u<\/span><\/span><\/div>\n<\/td>\n<td colspan=\"1\" rowspan=\"1\">\n<div class=\"magic-9\"><span class=\"magic-8\">PPS<\/span><\/div>\n<\/td>\n<\/tr>\n<tr>\n<td colspan=\"1\" rowspan=\"1\">\n<div class=\"magic-7\"><span class=\"magic-8\">M\u00e0u s\u1eafc<\/span><\/div>\n<\/td>\n<td colspan=\"1\" rowspan=\"1\">\n<div class=\"magic-9\"><span class=\"magic-8\">\u0110en<\/span><\/div>\n<\/td>\n<\/tr>\n<tr>\n<td colspan=\"1\" rowspan=\"1\">S\u1ed1 l\u01b0\u1ee3ng \u0111\u1eb7t h\u00e0ng t\u1ed1i thi\u1ec3u<\/td>\n<td colspan=\"1\" rowspan=\"1\">500 chi\u1ebfc<\/td>\n<\/tr>\n<tr>\n<td colspan=\"1\" rowspan=\"1\">\n<div class=\"magic-7\"><span class=\"magic-8\">Nh\u00e0 s\u1ea3n xu\u1ea5t\/Chip<\/span><\/div>\n<\/td>\n<td colspan=\"1\" rowspan=\"1\">\n<div class=\"magic-9\"><span class=\"magic-8\">NXP UCODE 8,UCODE 9\/NTAG213,Mifare 1k\/EM4200,EM4305,T5577.TK4100, v.v.<\/span><\/div>\n<\/td>\n<\/tr>\n<tr>\n<td colspan=\"1\" rowspan=\"1\">\n<div class=\"magic-7\"><span class=\"magic-8\">T\u00ednh th\u01b0\u1eddng xuy\u00ean<\/span><\/div>\n<\/td>\n<td colspan=\"1\" rowspan=\"1\">\n<div class=\"magic-9\"><span class=\"magic-8\">860-960MHz\/13.56MHz\/125Khz<\/span><\/div>\n<\/td>\n<\/tr>\n<tr>\n<td colspan=\"1\" rowspan=\"1\">\n<div class=\"magic-7\"><span class=\"magic-8\">K\u00fd \u1ee9c<\/span><\/div>\n<\/td>\n<td colspan=\"1\" rowspan=\"1\">\n<div class=\"magic-9\"><span class=\"magic-8\">96 Bit\/128 Bit\/144 Byte<\/span><\/div>\n<\/td>\n<\/tr>\n<tr>\n<td colspan=\"1\" rowspan=\"1\">\n<div class=\"magic-7\"><span class=\"magic-8\">Kho\u1ea3ng c\u00e1ch \u0111\u1ecdc<\/span><\/div>\n<\/td>\n<td colspan=\"1\" rowspan=\"1\">\n<div class=\"magic-9\"><span class=\"magic-8\">1-6m\/1~5cm\/1~2cm<\/span><\/div>\n<\/td>\n<\/tr>\n<tr>\n<td colspan=\"1\" rowspan=\"1\">\n<div class=\"magic-7\"><span class=\"magic-8\">Ch\u1ebf \u0111\u1ed9 l\u00e0m vi\u1ec7c<\/span><\/div>\n<\/td>\n<td colspan=\"1\" rowspan=\"1\">\n<div class=\"magic-9\"><span class=\"magic-8\">th\u1ee5 \u0111\u1ed9ng<\/span><\/div>\n<\/td>\n<\/tr>\n<tr>\n<td colspan=\"1\" rowspan=\"1\">\n<div class=\"magic-7\"><span class=\"magic-8\">Nhi\u1ec7t \u0111\u1ed9 l\u00e0m vi\u1ec7c<\/span><\/div>\n<\/td>\n<td colspan=\"1\" rowspan=\"1\">\n<div class=\"magic-9\"><span class=\"magic-8\">-25\u2103~+110\u2103<\/span><\/div>\n<\/td>\n<\/tr>\n<tr>\n<td colspan=\"1\" rowspan=\"1\">\n<div class=\"magic-7\"><span class=\"magic-8\">Nhi\u1ec7t \u0111\u1ed9 l\u01b0u tr\u1eef<\/span><\/div>\n<\/td>\n<td colspan=\"1\" rowspan=\"1\">\n<div class=\"magic-9\"><span class=\"magic-8\">-40\u2103~+85\u2103<\/span><\/div>\n<\/td>\n<\/tr>\n<tr>\n<td colspan=\"1\" rowspan=\"1\">\n<div class=\"magic-7\">\n<div><span class=\"magic-8\">\u00a0<\/span><\/div>\n<p><span class=\"magic-8\">Kh\u1ea3 n\u0103ng ch\u1ecbu nhi\u1ec7t \u0111\u1ed9 ng\u1eafn h\u1ea1n<\/span><\/p>\n<\/div>\n<\/td>\n<td colspan=\"1\" rowspan=\"1\">\n<div class=\"magic-9\"><span class=\"magic-8\">gi\u1eb7t: 90\u2103, 15 ph\u00fat; s\u1ea5y kh\u00f4 tr\u01b0\u1edbc b\u1eb1ng b\u1ed9 chuy\u1ec3n \u0111\u1ed5i: 180\u2103, 30 ph\u00fat, 200 l\u1ea7n; \u1ee7i: 180\u2103, 10 gi\u00e2y, 200 l\u1ea7n; cao<br \/>\nnhi\u1ec7t \u0111\u1ed9 kh\u1eed tr\u00f9ng: 135\u2103, 20 ph\u00fat<\/span><\/div>\n<\/td>\n<\/tr>\n<tr>\n<td colspan=\"1\" rowspan=\"1\">\n<div class=\"magic-7\"><span class=\"magic-8\">\u0110\u1eb7c tr\u01b0ng<\/span><\/div>\n<\/td>\n<td colspan=\"1\" rowspan=\"1\">\n<div class=\"magic-9\"><span class=\"magic-8\">kh\u00f4ng th\u1ea5m n\u01b0\u1edbc, c\u00f3 th\u1ec3 gi\u1eb7t \u0111\u01b0\u1ee3c, ch\u1ecbu \u0111\u01b0\u1ee3c nhi\u1ec7t \u0111\u1ed9 cao<\/span><\/div>\n<\/td>\n<\/tr>\n<tr>\n<td colspan=\"1\" rowspan=\"1\">\n<div class=\"magic-7\"><span class=\"magic-8\">M\u1ea1ng s\u1ed1ng<\/span><\/div>\n<\/td>\n<td colspan=\"1\" rowspan=\"1\">\n<div class=\"magic-9\"><span class=\"magic-8\">gi\u1eb7t 200 l\u1ea7n ho\u1eb7c 3 n\u0103m<\/span><\/div>\n<\/td>\n<\/tr>\n<tr>\n<td colspan=\"1\" rowspan=\"1\">\n<div class=\"magic-7\"><span class=\"magic-8\">\u1ee8ng d\u1ee5ng<\/span><\/div>\n<\/td>\n<td colspan=\"1\" rowspan=\"1\">\n<div class=\"magic-9\"><span class=\"magic-8\">qu\u1ea3n l\u00fd v\u00e0 theo d\u00f5i gi\u1eb7t l\u00e0<\/span><\/div>\n<\/td>\n<\/tr>\n<\/tbody>\n<\/table>\n<\/div>\n<\/div>\n<div class=\"J_module\">\n<div class=\"detail-decorate-json-renderer-container\">\n<div class=\"magic-1\">\n<div class=\"magic-2\">\n<div><\/div>\n<div><strong>Th\u1ebb gi\u1eb7t n\u00fat PPS RFID UHF<\/strong> l\u00e0 c\u00e1c ch\u1ec9 b\u00e1o RFID si\u00eau nh\u1ecf, nh\u1eb9 \u0111\u01b0\u1ee3c thi\u1ebft k\u1ebf ri\u00eang \u0111\u1ec3 theo d\u00f5i v\u1ea3i lanh. Thi\u1ebft k\u1ebf c\u1ee7a c\u00e1c th\u1ebb n\u00e0y khi\u1ebfn ch\u00fang ph\u00f9 h\u1ee3p \u0111\u1ec3 c\u1ed1 \u0111\u1ecbnh v\u00e0o qu\u1ea7n \u00e1o v\u00e0 nhi\u1ec1u lo\u1ea1i v\u1ea3i kh\u00e1c nhau. Ch\u00fang c\u00f3 th\u1ec3 \u0111\u01b0\u1ee3c ph\u00e1t hi\u1ec7n t\u1eeb kho\u1ea3ng c\u00e1ch v\u00e0i m\u00e9t b\u1eb1ng m\u00e1y qu\u00e9t RFID UHF. Th\u00f4ng th\u01b0\u1eddng, c\u00e1c m\u00e3 \u0111\u1ecbnh danh n\u00e0y \u0111\u01b0\u1ee3c d\u00e1n v\u00e0o qu\u1ea7n \u00e1o nh\u01b0 t\u1ea5t, \u00e1o s\u01a1 mi v\u00e0 kh\u0103n t\u1eafm. Ch\u00fang \u0111\u00f3ng vai tr\u00f2 l\u00e0 ph\u01b0\u01a1ng ph\u00e1p hi\u1ec7u qu\u1ea3 v\u00e0 ti\u1ebft ki\u1ec7m chi ph\u00ed \u0111\u1ec3 theo d\u00f5i chuy\u1ec3n \u0111\u1ed9ng c\u1ee7a c\u00e1c m\u1eb7t h\u00e0ng n\u00e0y trong h\u1ec7 th\u1ed1ng gi\u1eb7t l\u00e0, do \u0111\u00f3 gi\u1ea3m thi\u1ec3u s\u1ed1 l\u01b0\u1ee3ng qu\u1ea7n \u00e1o b\u1ecb m\u1ea5t ho\u1eb7c th\u1ea5t l\u1ea1c. Ki\u1ec3u n\u00fat \u0111\u1ed9c \u0111\u00e1o c\u1ee7a c\u00e1c th\u1ebb n\u00e0y cho ph\u00e9p ch\u00fang \u0111\u01b0\u1ee3c c\u1ed1 \u0111\u1ecbnh d\u1ec5 d\u00e0ng v\u00e0o c\u00e1c m\u1eb7t h\u00e0ng qu\u1ea7n \u00e1o. M\u1ed9t h\u1ec7 th\u1ed1ng nh\u01b0 v\u1eady c\u00e1ch m\u1ea1ng h\u00f3a vi\u1ec7c theo d\u00f5i gi\u1eb7t l\u00e0 truy\u1ec1n th\u1ed1ng, bi\u1ebfn ch\u00fang th\u00e0nh m\u1ed9t t\u00e0i s\u1ea3n trong vi\u1ec7c qu\u1ea3n l\u00fd kh\u1ed1i l\u01b0\u1ee3ng l\u1edbn \u0111\u1ed3 gi\u1eb7t v\u00e0 h\u00e0ng d\u1ec7t may trong c\u00e1c c\u01a1 s\u1edf, c\u1ea3i thi\u1ec7n hi\u1ec7u qu\u1ea3 v\u00e0 gi\u1ea3m thi\u1ec3u t\u1ed5n th\u1ea5t.<\/div>\n<div><\/div>\n<\/div>\n<p><strong>T\u00f9y ch\u1ecdn chip:<\/strong><\/p>\n<ul>\n<li><strong>NXP UCODE 8\/9:<\/strong>\u00a0Chip ti\u1ebft ki\u1ec7m chi ph\u00ed, l\u00fd t\u01b0\u1edfng cho m\u1ee5c \u0111\u00edch theo d\u00f5i v\u00e0 nh\u1eadn d\u1ea1ng c\u01a1 b\u1ea3n, cung c\u1ea5p ph\u1ea1m vi \u0111\u1ecdc l\u00ean \u0111\u1ebfn 10 m\u00e9t.<\/li>\n<li><strong>NTAG213:<\/strong>\u00a0Chip h\u1ed7 tr\u1ee3 NFC cho ph\u00e9p giao ti\u1ebfp v\u1edbi \u0111i\u1ec7n tho\u1ea1i th\u00f4ng minh v\u00e0 c\u00e1c thi\u1ebft b\u1ecb NFC kh\u00e1c, ho\u00e0n h\u1ea3o cho c\u00e1c \u1ee9ng d\u1ee5ng nh\u01b0 thanh to\u00e1n kh\u00f4ng ti\u1ebfp x\u00fac ho\u1eb7c truy c\u1eadp th\u00f4ng tin s\u1ea3n ph\u1ea9m.<\/li>\n<li><strong>Mifare 1k:<\/strong>\u00a0Chip b\u1ea3o m\u1eadt v\u1edbi t\u00ednh n\u0103ng m\u00e3 h\u00f3a v\u00e0 x\u00e1c th\u1ef1c m\u1ea1nh m\u1ebd, ph\u00f9 h\u1ee3p \u0111\u1ec3 ki\u1ec3m so\u00e1t truy c\u1eadp v\u00e0 l\u01b0u tr\u1eef d\u1eef li\u1ec7u an to\u00e0n.<\/li>\n<li><strong>EM4305:<\/strong>\u00a0Chip gi\u00e1 r\u1ebb d\u00e0nh cho c\u00e1c \u1ee9ng d\u1ee5ng ki\u1ec3m so\u00e1t ra v\u00e0o c\u01a1 b\u1ea3n v\u1edbi ph\u1ea1m vi \u0111\u1ecdc l\u00ean t\u1edbi 1 m\u00e9t.<\/li>\n<li><strong>T5577:<\/strong>\u00a0M\u1ed9t lo\u1ea1i chip gi\u00e1 r\u1ebb kh\u00e1c d\u00e0nh cho h\u1ec7 th\u1ed1ng ki\u1ec3m so\u00e1t ra v\u00e0o v\u00e0 b\u00e1n v\u00e9, c\u00f3 ph\u1ea1m vi \u0111\u1ecdc l\u00ean t\u1edbi 1 m\u00e9t.<\/li>\n<\/ul>\n<div class=\"magic-2\">\n<div class=\"auto-hide-last-sibling-br paragraph_1252f paragraph-element\">\n<div class=\"auto-hide-last-sibling-br paragraph_1252f paragraph-element\"><strong>\u1ee8ng d\u1ee5ng:<\/strong><\/div>\n<ol class=\"auto-hide-last-sibling-br\">\n<li>\n<div class=\"auto-hide-last-sibling-br paragraph_1252f paragraph-element\">Gi\u1eb7t l\u00e0 c\u00f4ng nghi\u1ec7p: Trong m\u00f4i tr\u01b0\u1eddng c\u00f4ng nghi\u1ec7p, vi\u1ec7c theo d\u00f5i s\u1ed1 l\u01b0\u1ee3ng l\u1edbn v\u1ea3i lanh tr\u1edf n\u00ean d\u1ec5 d\u00e0ng v\u1edbi N\u00fat g\u1eafn th\u1ebb gi\u1eb7t l\u00e0 RFID c\u1ee7a ch\u00fang t\u00f4i.<\/div>\n<\/li>\n<li>\n<div class=\"auto-hide-last-sibling-br paragraph_1252f paragraph-element\">C\u01a1 s\u1edf ch\u0103m s\u00f3c s\u1ee9c kh\u1ecfe v\u00e0 kh\u00e1ch s\u1ea1n: C\u00e1c c\u01a1 s\u1edf nh\u01b0 th\u1ebf n\u00e0y th\u01b0\u1eddng x\u1eed l\u00fd c\u00e1c ho\u1ea1t \u0111\u1ed9ng gi\u1eb7t l\u00e0 kh\u1ed1i l\u01b0\u1ee3ng l\u1edbn, trong \u0111\u00f3 th\u1ebb c\u1ee7a ch\u00fang t\u00f4i lu\u00f4n n\u00e2ng cao hi\u1ec7u qu\u1ea3 v\u00e0 h\u1ee3p l\u00fd h\u00f3a vi\u1ec7c qu\u1ea3n l\u00fd h\u00e0ng t\u1ed3n kho.<\/div>\n<\/li>\n<li>\n<div class=\"auto-hide-last-sibling-br paragraph_1252f paragraph-element\">Cho thu\u00ea v\u1ea3i lanh: C\u00e1c doanh nghi\u1ec7p trong l\u0129nh v\u1ef1c d\u1ecbch v\u1ee5 cho thu\u00ea v\u1ea3i lanh t\u1eadn d\u1ee5ng nh\u1eefng th\u1ebb n\u00e0y \u0111\u1ec3 \u0111\u01a1n gi\u1ea3n h\u00f3a vi\u1ec7c qu\u1ea3n l\u00fd h\u00e0ng t\u1ed3n kho v\u00e0 duy tr\u00ec ki\u1ec3m so\u00e1t ch\u1ea5t l\u01b0\u1ee3ng.<\/div>\n<\/li>\n<\/ol>\n<div class=\"auto-hide-last-sibling-br paragraph_1252f paragraph-element\">\n<p>&nbsp;<\/p>\n<\/div>\n<\/div>\n<div class=\"auto-hide-last-sibling-br paragraph_1252f paragraph-element\"><\/div>\n<\/div>\n<\/div>\n<\/div>\n<\/div>","protected":false},"excerpt":{"rendered":"<p>Th\u1ebb n\u00fat RFID gi\u1eb7t ch\u1ed1ng th\u1ea5m n\u01b0\u1edbc, th\u01b0\u1eddng \u0111\u01b0\u1ee3c g\u1ecdi l\u00e0 th\u1ebb gi\u1eb7t PPS RFID, l\u00e0 thi\u1ebft b\u1ecb ch\u1eafc ch\u1eafn, \u0111\u01b0\u1ee3c ch\u1ebf t\u1ea1o ri\u00eang, \u0111\u01b0\u1ee3c thi\u1ebft k\u1ebf ri\u00eang cho c\u00e1c \u1ee9ng d\u1ee5ng \u0111\u00f2i h\u1ecfi th\u1ebb ph\u1ea3i c\u00f3 kh\u1ea3 n\u0103ng ch\u1ed1ng ch\u1ecbu v\u1edbi c\u00e1c \u0111i\u1ec1u ki\u1ec7n kh\u1eafc nghi\u1ec7t. Trong khi b\u1ed9 \u0111\u00e1p \u1ee9ng gi\u1eb7t UHF \u0111\u01b0\u1ee3c \u01b0a chu\u1ed9ng r\u1ed9ng r\u00e3i tr\u00ean th\u1ecb tr\u01b0\u1eddng hi\u1ec7n nay, m\u1ed9t s\u1ed1 tr\u01b0\u1eddng h\u1ee3p nh\u1ea5t \u0111\u1ecbnh \u0111\u00f2i h\u1ecfi th\u1ebb n\u00fat RFID th\u00e2n thi\u1ec7n v\u1edbi \u1ee9ng d\u1ee5ng di \u0111\u1ed9ng. B\u1ed9 \u0111\u00e1p \u1ee9ng gi\u1eb7t RFID ki\u1ec3u n\u00fat \u0111\u00e1p \u1ee9ng hi\u1ec7u qu\u1ea3 c\u00e1c y\u00eau c\u1ea7u n\u00e0y. Kh\u1ea3 n\u0103ng th\u00edch \u1ee9ng v\u00e0 hi\u1ec7u su\u1ea5t cao c\u1ea5p c\u1ee7a ch\u00fang mang l\u1ea1i nh\u1eefng l\u1ee3i th\u1ebf \u0111\u00e1ng k\u1ec3 trong vi\u1ec7c theo d\u00f5i v\u00e0 nh\u1eadn d\u1ea1ng gi\u1eb7t l\u00e0 c\u00f4ng nghi\u1ec7p v\u00e0 h\u00e0ng d\u1ec7t may tr\u00ean nhi\u1ec1u l\u0129nh v\u1ef1c.<\/p>","protected":false},"featured_media":154,"template":"","meta":{"_kad_post_transparent":"default","_kad_post_title":"","_kad_post_layout":"default","_kad_post_sidebar_id":"","_kad_post_content_style":"default","_kad_post_vertical_padding":"default","_kad_post_feature":"","_kad_post_feature_position":"","_kad_post_header":false,"_kad_post_footer":false,"_kad_post_classname":""},"product_brand":[],"product_cat":[21,18,17,16],"product_tag":[43,35,50,44],"class_list":{"0":"post-151","1":"product","2":"type-product","3":"status-publish","4":"has-post-thumbnail","6":"product_cat-pps-rfid-laundry-tag","7":"product_cat-125khz-rfid-laundry-tag","8":"product_cat-nfc-rfid-laundry-tag","9":"product_cat-uhf-rfid-laundry-tags","10":"product_tag-pps-rfid-washable-laundry-tags","11":"product_tag-rfid-button","12":"product_tag-rfid-laundry-tag-pps","13":"product_tag-rfid-washable-laundry-tags","15":"first","16":"instock","17":"shipping-taxable","18":"product-type-simple","19":"entry","20":"content-bg","21":"loop-entry"},"_links":{"self":[{"href":"https:\/\/rfid-laundry-tag.com\/vi\/wp-json\/wp\/v2\/product\/151","targetHints":{"allow":["GET"]}}],"collection":[{"href":"https:\/\/rfid-laundry-tag.com\/vi\/wp-json\/wp\/v2\/product"}],"about":[{"href":"https:\/\/rfid-laundry-tag.com\/vi\/wp-json\/wp\/v2\/types\/product"}],"version-history":[{"count":0,"href":"https:\/\/rfid-laundry-tag.com\/vi\/wp-json\/wp\/v2\/product\/151\/revisions"}],"wp:featuredmedia":[{"embeddable":true,"href":"https:\/\/rfid-laundry-tag.com\/vi\/wp-json\/wp\/v2\/media\/154"}],"wp:attachment":[{"href":"https:\/\/rfid-laundry-tag.com\/vi\/wp-json\/wp\/v2\/media?parent=151"}],"wp:term":[{"taxonomy":"product_brand","embeddable":true,"href":"https:\/\/rfid-laundry-tag.com\/vi\/wp-json\/wp\/v2\/product_brand?post=151"},{"taxonomy":"product_cat","embeddable":true,"href":"https:\/\/rfid-laundry-tag.com\/vi\/wp-json\/wp\/v2\/product_cat?post=151"},{"taxonomy":"product_tag","embeddable":true,"href":"https:\/\/rfid-laundry-tag.com\/vi\/wp-json\/wp\/v2\/product_tag?post=151"}],"curies":[{"name":"wp","href":"https:\/\/api.w.org\/{rel}","templated":true}]}}