{"id":145,"date":"2024-06-14T10:04:26","date_gmt":"2024-06-14T10:04:26","guid":{"rendered":"https:\/\/rfid-laundry-tag.com\/?post_type=product&#038;p=145"},"modified":"2024-09-08T04:26:06","modified_gmt":"2024-09-08T04:26:06","slug":"uhf-rfid-textile-label","status":"publish","type":"product","link":"https:\/\/rfid-laundry-tag.com\/vi\/uhf-rfid-textile-label\/","title":{"rendered":"Nh\u00e3n d\u1ec7t UHF RFID"},"content":{"rendered":"<div>\n<div class=\"auto-hide-last-sibling-br paragraph_1252f paragraph-element\">\n<table width=\"637\">\n<tbody>\n<tr>\n<td width=\"328\">T\u00ean s\u1ea3n ph\u1ea9m:<\/td>\n<td width=\"309\">Nh\u00e3n d\u1ec7t UHF RFID<\/td>\n<\/tr>\n<tr>\n<td width=\"328\">Ti\u00eau chu\u1ea9n RFID:<\/td>\n<td width=\"309\">ISO\/IEC 18000-6 Lo\u1ea1i C (EPC Gen2)<\/td>\n<\/tr>\n<tr>\n<td width=\"328\">K\u00edch th\u01b0\u1edbc &amp; Tr\u1ecdng l\u01b0\u1ee3ng:<\/td>\n<td width=\"309\">70\u00d715mm, 0,6g<\/td>\n<\/tr>\n<tr>\n<td width=\"328\">Lo\u1ea1i chip:<\/td>\n<td width=\"309\">Impinj Monza 4QT,NXP U M\u00c3 8,NXP U M\u00c3 9<\/td>\n<\/tr>\n<tr>\n<td width=\"328\">B\u1ed9 nh\u1edb EPC:<\/td>\n<td width=\"309\">128 bit<\/td>\n<\/tr>\n<tr>\n<td width=\"328\">B\u1ed9 nh\u1edb ng\u01b0\u1eddi d\u00f9ng:<\/td>\n<td width=\"309\">512 bit<\/td>\n<\/tr>\n<tr>\n<td width=\"328\">Ph\u1ea1m vi \u0111\u1ecdc (2W ERP FCC):<\/td>\n<td width=\"309\">8 ph\u00fat<\/td>\n<\/tr>\n<tr>\n<td width=\"328\">Ph\u1ea1m vi \u0111\u1ecdc (2W ERP ETSI):<\/td>\n<td width=\"309\">8 ph\u00fat<\/td>\n<\/tr>\n<tr>\n<td width=\"328\">G\u1eafn th\u1ebb:<\/td>\n<td width=\"309\">May, keo d\u00e1n d\u1eadp n\u00f3ng<\/td>\n<\/tr>\n<tr>\n<td width=\"328\">Tu\u1ed5i th\u1ecd \u01b0\u1edbc t\u00ednh:<\/td>\n<td width=\"309\">200 chu k\u1ef3 gi\u1eb7t ho\u1eb7c 3 n\u0103m, t\u00f9y theo \u0111i\u1ec1u ki\u1ec7n n\u00e0o \u0111\u1ebfn tr\u01b0\u1edbc<\/td>\n<\/tr>\n<tr>\n<td width=\"328\">Ph\u01b0\u01a1ng ph\u00e1p gi\u1eb7t:<\/td>\n<td width=\"309\">Gi\u1eb7t \u1ee7i, Gi\u1eb7t kh\u00f4<\/td>\n<\/tr>\n<tr>\n<td width=\"328\">\u00c1p su\u1ea5t h\u00fat n\u01b0\u1edbc:<\/td>\n<td width=\"309\">60 thanh<\/td>\n<\/tr>\n<tr>\n<td width=\"328\">Kh\u1ea3 n\u0103ng ch\u1ed1ng n\u01b0\u1edbc:<\/td>\n<td width=\"309\">Ch\u1ed1ng n\u01b0\u1edbc<\/td>\n<\/tr>\n<tr>\n<td width=\"328\">Kh\u1ea3 n\u0103ng kh\u00e1ng h\u00f3a ch\u1ea5t:<\/td>\n<td width=\"309\">Ch\u1ea5t t\u1ea9y r\u1eeda, Ch\u1ea5t l\u00e0m m\u1ec1m, Ch\u1ea5t t\u1ea9y tr\u1eafng (Oxy\/ Clo), Ch\u1ea5t ki\u1ec1m<\/td>\n<\/tr>\n<tr>\n<td width=\"328\">L\u00e0m kh\u00f4 tr\u01b0\u1edbc trong m\u00e1y s\u1ea5y:<\/td>\n<td width=\"309\">125 \u00baC trong 15-20 ph\u00fat<\/td>\n<\/tr>\n<tr>\n<td width=\"328\">Nhi\u1ec7t \u0111\u1ed9 kh\u1eed tr\u00f9ng:<\/td>\n<td width=\"309\">135\u00b0C trong 15-20 ph\u00fat<\/td>\n<\/tr>\n<tr>\n<td width=\"328\">Nhi\u1ec7t \u0111\u1ed9 gi\u1eb7t:<\/td>\n<td width=\"309\">90\u00b0C, T\u1ed1i \u0111a 15 ph\u00fat.<\/td>\n<\/tr>\n<tr>\n<td width=\"328\">\u0110\u1ed9 \u1ea9m\/ Nhi\u1ec7t \u0111\u1ed9-Ho\u1ea1t \u0111\u1ed9ng:<\/td>\n<td width=\"309\">-20 \u0111\u1ebfn 110\u00b0C, 8 \u0111\u1ebfn 95%RH<\/td>\n<\/tr>\n<tr>\n<td width=\"328\">\u0110\u1ed9 \u1ea9m\/ Nhi\u1ec7t \u0111\u1ed9-L\u01b0u tr\u1eef:<\/td>\n<td width=\"309\">-40 \u0111\u1ebfn 110\u00b0C, 8 \u0111\u1ebfn 95%RH<\/td>\n<\/tr>\n<\/tbody>\n<\/table>\n<\/div>\n<div class=\"auto-hide-last-sibling-br paragraph_1252f paragraph-element\"><\/div>\n<\/div>\n<div class=\"auto-hide-last-sibling-br paragraph_1252f paragraph-element\">\n<div data-spm-anchor-id=\"a2700.details.0.i57.23b419c7xXORP0\"><span data-spm-anchor-id=\"a2700.details.0.i75.23b419c7xXORP0\"><b>T\u00ednh n\u0103ng:<\/b><br \/>\n1) C\u00f4ng ngh\u1ec7 UHF c\u00f3 th\u1ec3 \u0111\u1ecdc h\u00e0ng tr\u0103m th\u1ebb c\u00f9ng l\u00fac.<br \/>\n2) Kho\u1ea3ng c\u00e1ch \u0111\u1ecdc xa h\u01a1n 8 feet.<br \/>\n3) Thi\u1ebft k\u1ebf c\u01a1 h\u1ecdc m\u1edbi gi\u00fap c\u1ea3i thi\u1ec7n hi\u1ec7u su\u1ea5t gi\u1eb7t v\u1ea3i ph\u1eb3ng.<br \/>\n4) Th\u00edch h\u1ee3p cho m\u00e1y h\u00fat \u00e1p su\u1ea5t cao l\u00ean t\u1edbi 60 bar.<br \/>\n5) Th\u00edch h\u1ee3p cho vi\u1ec7c kh\u1eed tr\u00f9ng b\u1eb1ng n\u1ed3i h\u1ea5p.<br \/>\n6) Ch\u1ea5t li\u1ec7u nh\u1ecf, m\u1ec1m, d\u1ebbo, l\u00fd t\u01b0\u1edfng cho h\u00e0ng d\u1ec7t may, v\u1ea3i lanh, qu\u1ea7n \u00e1o v\u00e0 ph\u1ee5 ki\u1ec7n.<\/span><\/div>\n<\/div>\n<div data-spm-anchor-id=\"a2700.details.0.i57.23b419c7xXORP0\"><\/div>\n<div data-spm-anchor-id=\"a2700.details.0.i57.23b419c7xXORP0\">\n<p><img fetchpriority=\"high\" decoding=\"async\" class=\"wp-image-55\" src=\"https:\/\/rfid-laundry-tag.com\/wp-content\/uploads\/2024\/06\/4-300x275.png\" alt=\"RFID Tag for linen laundry\" width=\"605\" height=\"555\" srcset=\"https:\/\/rfid-laundry-tag.com\/wp-content\/uploads\/2024\/06\/4-300x275.png 300w, https:\/\/rfid-laundry-tag.com\/wp-content\/uploads\/2024\/06\/4-600x550.png 600w, https:\/\/rfid-laundry-tag.com\/wp-content\/uploads\/2024\/06\/4-13x12.png 13w, https:\/\/rfid-laundry-tag.com\/wp-content\/uploads\/2024\/06\/4.png 750w\" sizes=\"(max-width: 605px) 100vw, 605px\" \/><\/p>\n<\/div>\n<h3 class=\"wp-block-heading\">C\u00e0i \u0111\u1eb7t<\/h3>\n<p><strong>G\u1eafn th\u1ebb kh\u00e2u<\/strong>: \u0110\u1ec3 kh\u00e2u v\u00e0o vi\u1ec1n v\u1ea3i. Kh\u00e2u nh\u00e3n gi\u1eb7t ra kh\u1ecfi \u0111\u01b0\u1eddng g\u1ea5p.<br \/>\n<strong>H\u00e0n nhi\u1ec7t<\/strong>: \u0110\u01b0\u1ee3c h\u00e0n nhi\u1ec7t tr\u1ef1c ti\u1ebfp l\u00ean v\u1ea3i \u1edf nhi\u1ec7t \u0111\u1ed9 +200\u00b0C (392\u00b0F), trong 12~14 gi\u00e2y.<br \/>\n<strong>Trong t\u00fai<\/strong>: \u0110\u1ec3 kh\u00e2u nh\u01b0 nh\u00e3n ch\u0103m s\u00f3c ti\u00eau chu\u1ea9n. Kh\u00e2u nh\u00e3n gi\u1eb7t ra kh\u1ecfi \u0111\u01b0\u1eddng g\u1ea5p.<\/p>\n<div class=\"auto-hide-last-sibling-br paragraph_1252f paragraph-element\">\n<div class=\"auto-hide-last-sibling-br paragraph_1252f paragraph-element\">Th\u1ebb d\u1ec7t RFID cho \u0111\u1ed3ng ph\u1ee5c gi\u1eb7t l\u00e0 v\u1ea3i lanh l\u00e0 kh\u00f4ng th\u1ec3 thi\u1ebfu trong v\u00f4 s\u1ed1 ng\u00e0nh c\u00f4ng nghi\u1ec7p, th\u00fac \u0111\u1ea9y hi\u1ec7u qu\u1ea3 theo d\u00f5i t\u00e0i s\u1ea3n, qu\u1ea3n l\u00fd h\u00e0ng t\u1ed3n kho v\u00e0 t\u0103ng hi\u1ec7u qu\u1ea3 ho\u1ea1t \u0111\u1ed9ng chung. Sau \u0111\u00e2y l\u00e0 c\u00e1i nh\u00ecn tho\u00e1ng qua v\u1ec1 \u1ee9ng d\u1ee5ng c\u1ee7a ch\u00fang trong nhi\u1ec1u l\u0129nh v\u1ef1c kh\u00e1c nhau:<\/div>\n<\/div>\n<h1 id=\"hero-title\" class=\"sp-hero-title\">UCODE 9xe: UCODE 9 v\u1edbi nhi\u1ec1u b\u1ed9 nh\u1edb EPC h\u01a1n<\/h1>\n<p>Cung c\u1ea5p 128 bit b\u1ed9 nh\u1edb EPC, bi\u1ebfn th\u1ec3 UCODE 9 n\u00e0y c\u00f3 th\u1ec3 l\u01b0u tr\u1eef c\u00e1c thu\u1ed9c t\u00ednh quan tr\u1ecdng, nh\u01b0 ng\u00e0y h\u1ebft h\u1ea1n ho\u1eb7c th\u00f4ng tin s\u1ea3n xu\u1ea5t, tr\u1ef1c ti\u1ebfp tr\u00ean IC. \u0110i\u1ec1u n\u00e0y cho ph\u00e9p c\u00e1c \u1ee9ng d\u1ee5ng IoT th\u1eadm ch\u00ed c\u00f2n th\u00f4ng minh h\u01a1n tr\u01b0\u1edbc.<\/p>\n<p>\u0110\u01b0\u1ee3c thi\u1ebft k\u1ebf nh\u01b0 m\u1ed9t s\u1ef1 thay th\u1ebf ngay l\u1eadp t\u1ee9c cho UCODE 9 hi\u1ec7u su\u1ea5t cao, UCODE 9xe cung c\u1ea5p c\u00f9ng m\u1ed9t b\u1ed9 t\u00ednh n\u0103ng, hi\u1ec7u su\u1ea5t RF v\u00e0 kh\u1ea3 n\u0103ng t\u01b0\u01a1ng th\u00edch v\u1edbi \u0103ng-ten \u0111\u01b0\u1ee3c ch\u1ee9ng nh\u1eadn Auburn ARC nh\u01b0 UCODE 9, nh\u01b0ng c\u00f3 128 bit b\u1ed9 nh\u1edb M\u00e3 s\u1ea3n ph\u1ea9m \u0111i\u1ec7n t\u1eed (EPC) \u0111\u1ec3 h\u1ed7 tr\u1ee3 nhi\u1ec1u tr\u01b0\u1eddng h\u1ee3p s\u1eed d\u1ee5ng IoT h\u01a1n. K\u1ebft qu\u1ea3 l\u00e0 th\u1ebb RFID RAIN mang l\u1ea1i l\u1ee3i \u00edch cho ch\u1ee7 s\u1edf h\u1eefu th\u01b0\u01a1ng hi\u1ec7u, nh\u00e0 b\u00e1n l\u1ebb v\u00e0 ng\u01b0\u1eddi ti\u00eau d\u00f9ng.<\/p>\n<h3>\u0110\u1eb7c tr\u01b0ng<\/h3>\n<div id=\"featuresXsp\" class=\"features-list\">\n<div class=\"features-xsp\">\n<div class=\"collapse-mobile ste-list-ul\">\n<ul class=\"boxes\">\n<li>\u0110\u1ed9 nh\u1ea1y \u0111\u1ecdc: 24 dBm<\/li>\n<li>\u0110\u1ed9 nh\u1ea1y ghi: 22 dBm<\/li>\n<li>B\u1ed9 nh\u1edb EPC 128-bit<\/li>\n<li>Thay th\u1ebf ngay cho UCODE 9 \/ UCODE 8<\/li>\n<li>T\u1ef1 \u0111i\u1ec1u ch\u1ec9nh<\/li>\n<li>B\u1ea3o v\u1ec7 b\u1ed9 nh\u1edb<\/li>\n<li>Chu\u1ea9n b\u1ecb tu\u1ea7n t\u1ef1 h\u00f3a EPC 96-bit<\/li>\n<\/ul>\n<\/div>\n<\/div>\n<\/div>\n<div class=\"auto-hide-last-sibling-br paragraph_1252f paragraph-element\">\n<p>&nbsp;<\/p>\n<\/div>","protected":false},"excerpt":{"rendered":"<p>Nh\u00e3n d\u1ec7t UHF RFID \u0111\u01b0\u1ee3c thi\u1ebft k\u1ebf \u0111\u1ec3 ho\u1ea1t \u0111\u1ed9ng ho\u00e0n h\u1ea3o m\u1eb7c d\u00f9 ph\u1ea3i tr\u1ea3i qua c\u00e1c quy tr\u00ecnh gi\u1eb7t kh\u1eafc nghi\u1ec7t, bao g\u1ed3m kh\u1eed tr\u00f9ng, gi\u1eb7t \u1edf nhi\u1ec7t \u0111\u1ed9 cao, l\u00e0m s\u1ea1ch, s\u1ea5y kh\u00f4 v\u00e0 \u00e9p.<\/p>","protected":false},"featured_media":146,"template":"","meta":{"_kad_post_transparent":"default","_kad_post_title":"","_kad_post_layout":"default","_kad_post_sidebar_id":"","_kad_post_content_style":"default","_kad_post_vertical_padding":"default","_kad_post_feature":"","_kad_post_feature_position":"","_kad_post_header":false,"_kad_post_footer":false,"_kad_post_classname":""},"product_brand":[],"product_cat":[19,16],"product_tag":[65,30,68],"class_list":{"0":"post-145","1":"product","2":"type-product","3":"status-publish","4":"has-post-thumbnail","6":"product_cat-textile-rfid-laundry-tag","7":"product_cat-uhf-rfid-laundry-tags","8":"product_tag-textile-rfid-laundry-tags","9":"product_tag-uhf-rfid-laundry-tag","10":"product_tag-uhf-rfid-textile-label","12":"first","13":"instock","14":"featured","15":"shipping-taxable","16":"product-type-simple","17":"entry","18":"content-bg","19":"loop-entry"},"_links":{"self":[{"href":"https:\/\/rfid-laundry-tag.com\/vi\/wp-json\/wp\/v2\/product\/145","targetHints":{"allow":["GET"]}}],"collection":[{"href":"https:\/\/rfid-laundry-tag.com\/vi\/wp-json\/wp\/v2\/product"}],"about":[{"href":"https:\/\/rfid-laundry-tag.com\/vi\/wp-json\/wp\/v2\/types\/product"}],"version-history":[{"count":1,"href":"https:\/\/rfid-laundry-tag.com\/vi\/wp-json\/wp\/v2\/product\/145\/revisions"}],"predecessor-version":[{"id":1299,"href":"https:\/\/rfid-laundry-tag.com\/vi\/wp-json\/wp\/v2\/product\/145\/revisions\/1299"}],"wp:featuredmedia":[{"embeddable":true,"href":"https:\/\/rfid-laundry-tag.com\/vi\/wp-json\/wp\/v2\/media\/146"}],"wp:attachment":[{"href":"https:\/\/rfid-laundry-tag.com\/vi\/wp-json\/wp\/v2\/media?parent=145"}],"wp:term":[{"taxonomy":"product_brand","embeddable":true,"href":"https:\/\/rfid-laundry-tag.com\/vi\/wp-json\/wp\/v2\/product_brand?post=145"},{"taxonomy":"product_cat","embeddable":true,"href":"https:\/\/rfid-laundry-tag.com\/vi\/wp-json\/wp\/v2\/product_cat?post=145"},{"taxonomy":"product_tag","embeddable":true,"href":"https:\/\/rfid-laundry-tag.com\/vi\/wp-json\/wp\/v2\/product_tag?post=145"}],"curies":[{"name":"wp","href":"https:\/\/api.w.org\/{rel}","templated":true}]}}