{"id":143,"date":"2024-06-14T09:55:34","date_gmt":"2024-06-14T09:55:34","guid":{"rendered":"https:\/\/rfid-laundry-tag.com\/?post_type=product&#038;p=143"},"modified":"2024-09-26T04:10:00","modified_gmt":"2024-09-26T04:10:00","slug":"textile-rfid-tags-for-laundry","status":"publish","type":"product","link":"https:\/\/rfid-laundry-tag.com\/vi\/textile-rfid-tags-for-laundry\/","title":{"rendered":"Th\u1ebb RFID d\u1ec7t may cho gi\u1eb7t \u1ee7i"},"content":{"rendered":"<div>\n<div class=\"auto-hide-last-sibling-br paragraph_1252f paragraph-element\">\n<h1>Th\u1ebb RFID d\u1ec7t may cho gi\u1eb7t \u1ee7i<\/h1>\n<table width=\"593\">\n<tbody>\n<tr>\n<td width=\"233\">Giao th\u1ee9c kh\u00f4ng kh\u00ed RF<\/td>\n<td colspan=\"4\" width=\"360\">EPC To\u00e0n c\u1ea7u L\u1edbp 1 Gen2 ISO18000-6C<\/td>\n<\/tr>\n<tr>\n<td width=\"233\">T\u1ea7n s\u1ed1 ho\u1ea1t \u0111\u1ed9ng<\/td>\n<td colspan=\"4\" width=\"360\">UHF 866-868 MHz (ETSI) \/UHF 902-928 MHz (FCC)<\/td>\n<\/tr>\n<tr>\n<td width=\"233\">T\u01b0\u01a1ng th\u00edch v\u1edbi m\u00f4i tr\u01b0\u1eddng<\/td>\n<td colspan=\"4\" width=\"360\">T\u1ed1i \u01b0u h\u00f3a trong kh\u00f4ng kh\u00ed<\/td>\n<\/tr>\n<tr>\n<td width=\"233\">Th\u1eddi gian l\u01b0u gi\u1eef d\u1eef li\u1ec7u<\/td>\n<td colspan=\"4\" width=\"360\">50 n\u0103m<\/td>\n<\/tr>\n<tr>\n<td width=\"233\">Ph\u1ea1m vi \u0111\u1ecdc<\/td>\n<td colspan=\"4\" width=\"360\">L\u00ean \u0111\u1ebfn 5,5 m (kh\u00f4ng c\u00f3 kim lo\u1ea1i)<\/td>\n<\/tr>\n<tr>\n<td width=\"233\">Ph\u00e2n c\u1ef1c<\/td>\n<td colspan=\"4\" width=\"360\">Tuy\u1ebfn t\u00ednh<\/td>\n<\/tr>\n<tr>\n<td width=\"233\">Lo\u1ea1i IC<\/td>\n<td colspan=\"4\" width=\"360\">NXP U CODE 8, U CODE 9 v.v.<\/td>\n<\/tr>\n<tr>\n<td width=\"233\">C\u1ea5u h\u00ecnh b\u1ed9 nh\u1edb<\/td>\n<td colspan=\"4\" width=\"360\">EPC 128bit TID 96bit Ng\u01b0\u1eddi d\u00f9ng 32bit<\/td>\n<\/tr>\n<tr>\n<td colspan=\"5\" width=\"593\">Ti\u00eau chu\u1ea9n c\u01a1 kh\u00ed<\/td>\n<\/tr>\n<tr>\n<td width=\"233\">V\u1eadt li\u1ec7u b\u1ec1 m\u1eb7t<\/td>\n<td colspan=\"4\" width=\"360\">D\u1ec7t may<\/td>\n<\/tr>\n<tr>\n<td width=\"233\">K\u00edch th\u01b0\u1edbc (mm)<\/td>\n<td colspan=\"4\" width=\"360\">15*70*1,5mm<\/td>\n<\/tr>\n<tr>\n<td width=\"233\">Tr\u1ecdng l\u01b0\u1ee3ng (g)<\/td>\n<td colspan=\"4\" width=\"360\">0,7g<\/td>\n<\/tr>\n<tr>\n<td rowspan=\"2\" width=\"233\">\u0110\u00ednh k\u00e8m<\/td>\n<td colspan=\"4\" width=\"360\">May vi\u1ec1n ho\u1eb7c nh\u00e3n d\u1ec7t<\/td>\n<\/tr>\n<tr>\n<td colspan=\"4\" width=\"360\">H\u00e0n nhi\u1ec7t \u1edf 215\u2103@15 gi\u00e2y v\u00e0 4 thanh<\/td>\n<\/tr>\n<tr>\n<td width=\"233\">M\u00e0u s\u1eafc<\/td>\n<td colspan=\"4\" width=\"360\">Tr\u1eafng<\/td>\n<\/tr>\n<tr>\n<td colspan=\"5\" width=\"593\">Ph\u00e2n lo\u1ea1i m\u00f4i tr\u01b0\u1eddng kim lo\u1ea1i<\/td>\n<\/tr>\n<tr>\n<td width=\"233\">Nhi\u1ec7t \u0111\u1ed9 ho\u1ea1t \u0111\u1ed9ng<\/td>\n<td colspan=\"4\" width=\"360\">-30\u00b0C \u0111\u1ebfn +85\u00b0C<\/td>\n<\/tr>\n<tr>\n<td width=\"233\">Nhi\u1ec7t \u0111\u1ed9 m\u00f4i tr\u01b0\u1eddng<\/td>\n<td colspan=\"4\" width=\"360\">-30\u00b0C \u0111\u1ebfn +100\u00b0C<\/td>\n<\/tr>\n<tr>\n<td width=\"233\">S\u1ee9c \u0111\u1ec1 kh\u00e1ng c\u01a1 h\u1ecdc<\/td>\n<td colspan=\"4\" width=\"360\">60 thanh<\/td>\n<\/tr>\n<tr>\n<td width=\"233\">Kh\u00e1ng h\u00f3a ch\u1ea5t<\/td>\n<td colspan=\"4\" width=\"360\">C\u00e1c h\u00f3a ch\u1ea5t th\u00f4ng th\u01b0\u1eddng trong qu\u00e1 tr\u00ecnh gi\u1eb7t<\/td>\n<\/tr>\n<tr>\n<td rowspan=\"4\" width=\"233\">Kh\u1ea3 n\u0103ng ch\u1ecbu nhi\u1ec7t<\/td>\n<td colspan=\"4\" width=\"360\">Gi\u1eb7t: 90\u2103, 15 ph\u00fat, 200 chu k\u1ef3<\/td>\n<\/tr>\n<tr>\n<td colspan=\"4\" width=\"360\">S\u1ea5y kh\u00f4 tr\u01b0\u1edbc: 180\u2103, 30 ph\u00fat<\/td>\n<\/tr>\n<tr>\n<td colspan=\"4\" width=\"360\">\u1ee6i: 180\u2103, 10 gi\u00e2y, 200 chu k\u1ef3<\/td>\n<\/tr>\n<tr>\n<td colspan=\"4\" width=\"360\">Ti\u1ec7t tr\u00f9ng: 135\u2103, 20 ph\u00fat<\/td>\n<\/tr>\n<tr>\n<td width=\"233\">Ph\u00e2n lo\u1ea1i IP<\/td>\n<td colspan=\"4\" width=\"360\">IP68<\/td>\n<\/tr>\n<tr>\n<td width=\"233\">B\u1ea3o h\u00e0nh<\/td>\n<td colspan=\"4\" width=\"360\">2 n\u0103m ho\u1eb7c 200 l\u1ea7n gi\u1eb7t<\/td>\n<\/tr>\n<\/tbody>\n<\/table>\n<\/div>\n<\/div>\n<div>\n<div>\n<h2>L\u1ee3i \u00edch c\u1ee7a Th\u1ebb gi\u1eb7t UHF RFID<\/h2>\n<p>\u0110\u1ea7u t\u01b0 v\u00e0o\u00a0<strong>Th\u1ebb gi\u1eb7t UHF RFID<\/strong>\u00a0l\u00e0 m\u1ed9t quy\u1ebft \u0111\u1ecbnh th\u00f4ng minh cho b\u1ea5t k\u1ef3 ho\u1ea1t \u0111\u1ed9ng gi\u1eb7t l\u00e0 n\u00e0o mu\u1ed1n n\u00e2ng cao n\u0103ng su\u1ea5t v\u00e0 \u0111\u1ed9 ch\u00ednh x\u00e1c. Sau \u0111\u00e2y l\u00e0 m\u1ed9t s\u1ed1 l\u1ee3i \u00edch h\u1ea5p d\u1eabn:<\/p>\n<ul>\n<li><strong>C\u1ea3i thi\u1ec7n theo d\u00f5i<\/strong>:V\u1edbi c\u00f4ng ngh\u1ec7 RFID, b\u1ea1n c\u00f3 th\u1ec3 theo d\u00f5i t\u1eebng m\u00f3n \u0111\u1ed3 gi\u1eb7t trong su\u1ed1t h\u00e0nh tr\u00ecnh c\u1ee7a n\u00f3, t\u1eeb khi gi\u1eb7t \u0111\u1ebfn khi giao h\u00e0ng. \u0110i\u1ec1u n\u00e0y \u0111\u1ea3m b\u1ea3o r\u1eb1ng kh\u00f4ng c\u00f3 m\u00f3n \u0111\u1ed3 n\u00e0o b\u1ecb th\u1ea5t l\u1ea1c trong qu\u00e1 tr\u00ecnh n\u00e0y.<\/li>\n<li><strong>\u0110\u1ed9 b\u1ec1n<\/strong>:Th\u1ebb c\u1ee7a ch\u00fang t\u00f4i \u0111\u01b0\u1ee3c thi\u1ebft k\u1ebf \u0111\u1ec3 ch\u1ecbu \u0111\u01b0\u1ee3c nhi\u1ec7t \u0111\u1ed9 cao, nhi\u1ec1u l\u1ea7n gi\u1eb7t v\u00e0 th\u1eadm ch\u00ed c\u1ea3 s\u1ef1 kh\u1eafc nghi\u1ec7t c\u1ee7a ti\u1ec7m gi\u1eb7t l\u00e0 c\u00f4ng nghi\u1ec7p, gi\u00fap ch\u00fang tr\u1edf n\u00ean l\u00fd t\u01b0\u1edfng \u0111\u1ec3 s\u1eed d\u1ee5ng l\u00e2u d\u00e0i.<\/li>\n<li><strong>Hi\u1ec7u qu\u1ea3 v\u1ec1 chi ph\u00ed<\/strong>:B\u1eb1ng c\u00e1ch gi\u1ea3m thi\u1ec3u th\u1ea5t tho\u00e1t v\u00e0 c\u1ea3i thi\u1ec7n vi\u1ec7c qu\u1ea3n l\u00fd h\u00e0ng t\u1ed3n kho, th\u1ebb gi\u1eb7t RFID gi\u00fap ti\u1ebft ki\u1ec7m chi ph\u00ed \u0111\u00e1ng k\u1ec3.<\/li>\n<\/ul>\n<h2>C\u00e1c t\u00ednh n\u0103ng ch\u00ednh c\u1ee7a th\u1ebb gi\u1eb7t l\u00e0 UHF RFID<\/h2>\n<h3>1.\u00a0<strong>Thi\u1ebft k\u1ebf c\u00f3 th\u1ec3 gi\u1eb7t \u0111\u01b0\u1ee3c \u0111\u1ec3 s\u1eed d\u1ee5ng l\u00e2u d\u00e0i<\/strong><\/h3>\n<p>C\u1ee7a ch\u00fang t\u00f4i\u00a0<strong>Th\u1ebb gi\u1eb7t v\u1ea3i RFID<\/strong>\u00a0\u0111\u01b0\u1ee3c thi\u1ebft k\u1ebf \u0111\u1ec3 ch\u1ecbu \u0111\u01b0\u1ee3c h\u01a1n 200 chu k\u1ef3 gi\u1eb7t, \u0111\u1ea3m b\u1ea3o \u0111\u1ed9 tin c\u1eady v\u00e0 \u0111\u1ed9 b\u1ec1n. C\u00e1c th\u1ebb n\u00e0y \u0111\u01b0\u1ee3c thi\u1ebft k\u1ebf \u0111\u1eb7c bi\u1ec7t \u0111\u1ec3 ch\u1ecbu \u0111\u01b0\u1ee3c \u0111i\u1ec1u ki\u1ec7n gi\u1eb7t kh\u1eafc nghi\u1ec7t m\u00e0 kh\u00f4ng l\u00e0m gi\u1ea3m hi\u1ec7u su\u1ea5t. Ch\u00fang th\u1eadm ch\u00ed c\u00f3 th\u1ec3 ch\u1ecbu \u0111\u01b0\u1ee3c nhi\u1ec7t \u0111\u1ed9 cao m\u00e0 kh\u00f4ng m\u1ea5t kh\u1ea3 n\u0103ng theo d\u00f5i, khi\u1ebfn ch\u00fang tr\u1edf n\u00ean ho\u00e0n h\u1ea3o cho b\u1ea5t k\u1ef3 c\u00e0i \u0111\u1eb7t gi\u1eb7t \u1ee7i th\u01b0\u01a1ng m\u1ea1i n\u00e0o.<\/p>\n<h3>2.\u00a0<strong>T\u00ednh linh ho\u1ea1t trong \u1ee9ng d\u1ee5ng<\/strong><\/h3>\n<p>Nh\u1eefng c\u00e1i n\u00e0y\u00a0<strong>th\u1ebb RFID d\u1ec7t may<\/strong>\u00a0\u0111a n\u0103ng v\u00e0 c\u00f3 th\u1ec3 \u0111\u01b0\u1ee3c s\u1eed d\u1ee5ng cho nhi\u1ec1u \u1ee9ng d\u1ee5ng kh\u00e1c nhau \u2014 t\u1eeb theo d\u00f5i qu\u1ea7n \u00e1o trong kh\u00e1ch s\u1ea1n \u0111\u1ebfn qu\u1ea3n l\u00fd v\u1ea3i lanh trong c\u00e1c c\u01a1 s\u1edf ch\u0103m s\u00f3c s\u1ee9c kh\u1ecfe. Thi\u1ebft k\u1ebf m\u1ea1nh m\u1ebd c\u1ee7a ch\u00fang cho ph\u00e9p ch\u00fang x\u1eed l\u00fd nhi\u1ec1u m\u00f4i tr\u01b0\u1eddng gi\u1eb7t \u1ee7i kh\u00e1c nhau trong khi v\u1eabn \u0111\u1ea3m b\u1ea3o hi\u1ec7u su\u1ea5t nh\u1ea5t qu\u00e1n.<\/p>\n<h3>3.\u00a0<strong>D\u1ec5 d\u00e0ng t\u00edch h\u1ee3p<\/strong><\/h3>\n<p>T\u00edch h\u1ee3p\u00a0<strong>Th\u1ebb gi\u1eb7t UHF RFID<\/strong>\u00a0v\u00e0o h\u1ec7 th\u1ed1ng theo d\u00f5i hi\u1ec7n t\u1ea1i c\u1ee7a b\u1ea1n r\u1ea5t \u0111\u01a1n gi\u1ea3n. C\u00e1c th\u1ebb c\u00f3 th\u1ec3 ho\u1ea1t \u0111\u1ed9ng li\u1ec1n m\u1ea1ch v\u1edbi \u0111\u1ea7u \u0111\u1ecdc RFID, cung c\u1ea5p kh\u1ea3 n\u0103ng hi\u1ec3n th\u1ecb th\u1eddi gian th\u1ef1c v\u00e0o kho \u0111\u1ed3 gi\u1eb7t c\u1ee7a b\u1ea1n. \u0110i\u1ec1u n\u00e0y c\u00f3 ngh\u0129a l\u00e0 c\u00e1c quy tr\u00ecnh \u0111\u01b0\u1ee3c s\u1eafp x\u1ebfp h\u1ee3p l\u00fd, \u0111\u1ed9 ch\u00ednh x\u00e1c \u0111\u01b0\u1ee3c c\u1ea3i thi\u1ec7n v\u00e0 qu\u1ea3n l\u00fd t\u00e0i s\u1ea3n t\u1ed1t h\u01a1n, l\u00fd t\u01b0\u1edfng \u0111\u1ec3 qu\u1ea3n l\u00fd kh\u1ed1i l\u01b0\u1ee3ng l\u1edbn c\u00e1c m\u1eb7t h\u00e0ng d\u1ec7t may.<\/p>\n<h3>4.\u00a0<strong>Ch\u1ed1ng n\u01b0\u1edbc v\u00e0 nhi\u1ec7t \u0111\u1ed9<\/strong><\/h3>\n<p>\u0110\u01b0\u1ee3c thi\u1ebft k\u1ebf \u0111\u1ec3 ch\u1ecbu \u0111\u01b0\u1ee3c s\u1ef1 kh\u1eafc nghi\u1ec7t c\u1ee7a ho\u1ea1t \u0111\u1ed9ng gi\u1eb7t l\u00e0 c\u00f4ng nghi\u1ec7p, nh\u1eefng th\u1ebb n\u00e0y v\u1eeba ch\u1ed1ng th\u1ea5m n\u01b0\u1edbc v\u1eeba ch\u1ecbu \u0111\u01b0\u1ee3c nhi\u1ec7t \u0111\u1ed9 cao. \u0110\u1ed9 b\u1ec1n n\u00e0y \u0111\u1ea3m b\u1ea3o tu\u1ed5i th\u1ecd l\u00e2u d\u00e0i, cho ph\u00e9p ch\u00fang duy tr\u00ec ch\u1ee9c n\u0103ng trong nhi\u1ec1u chu k\u1ef3 gi\u1eb7t v\u00e0 s\u1ea5y m\u1ea1nh th\u01b0\u1eddng th\u1ea5y \u1edf c\u00e1c ti\u1ec7m gi\u1eb7t l\u00e0 th\u01b0\u01a1ng m\u1ea1i.<\/p>\n<h3>5.\u00a0<strong>Qu\u1ea3n l\u00fd h\u00e0ng t\u1ed3n kho ch\u00ednh x\u00e1c<\/strong><\/h3>\n<p>V\u1edbi\u00a0<strong>Theo d\u00f5i gi\u1eb7t \u1ee7i b\u1eb1ng RFID<\/strong>, qu\u1ea3n l\u00fd h\u00e0ng t\u1ed3n kho c\u1ee7a b\u1ea1n tr\u1edf n\u00ean d\u1ec5 d\u00e0ng. M\u1ed7i th\u1ebb ch\u1ee9a m\u1ed9t m\u00e3 \u0111\u1ecbnh danh duy nh\u1ea5t cho ph\u00e9p theo d\u00f5i t\u1ef1 \u0111\u1ed9ng t\u1eebng m\u00f3n \u0111\u1ed3 gi\u1eb7t, lo\u1ea1i b\u1ecf quy tr\u00ecnh ki\u1ec3m tra th\u1ee7 c\u00f4ng khi v\u00e0o\/ra. T\u00ednh n\u0103ng n\u00e0y t\u0103ng c\u01b0\u1eddng hi\u1ec7u qu\u1ea3, \u0111\u1ea3m b\u1ea3o b\u1ea1n lu\u00f4n bi\u1ebft t\u00e0i s\u1ea3n c\u1ee7a m\u00ecnh \u1edf \u0111\u00e2u.<\/p>\n<h3>6.\u00a0<strong>T\u00e1c \u0111\u1ed9ng m\u00f4i tr\u01b0\u1eddng<\/strong><\/h3>\n<p>Th\u00fac \u0111\u1ea9y m\u1ed9t c\u00e1ch ti\u1ebfp c\u1eadn b\u1ec1n v\u1eefng,\u00a0<strong>th\u1ebb RFID c\u00f3 th\u1ec3 gi\u1eb7t \u0111\u01b0\u1ee3c<\/strong>\u00a0\u0111\u01b0\u1ee3c thi\u1ebft k\u1ebf v\u1edbi m\u1ee5c \u0111\u00edch th\u00e2n thi\u1ec7n v\u1edbi m\u00f4i tr\u01b0\u1eddng. Ch\u00fang c\u00f3 th\u1ec3 t\u00e1i s\u1eed d\u1ee5ng v\u00e0 \u0111\u01b0\u1ee3c l\u00e0m t\u1eeb v\u1eadt li\u1ec7u gi\u00fap gi\u1ea3m thi\u1ec3u ch\u1ea5t th\u1ea3i so v\u1edbi nh\u00e3n d\u00f9ng m\u1ed9t l\u1ea7n. Kh\u00eda c\u1ea1nh b\u1ec1n v\u1eefng n\u00e0y r\u1ea5t quan tr\u1ecdng v\u00ec c\u00e1c t\u1ed5 ch\u1ee9c ng\u00e0y c\u00e0ng \u01b0u ti\u00ean tr\u00e1ch nhi\u1ec7m v\u1edbi m\u00f4i tr\u01b0\u1eddng.<\/p>\n<\/div>\n<div><\/div>\n<div>\n<h2>H\u01b0\u1edbng d\u1eabn s\u1eed d\u1ee5ng<\/h2>\n<ol>\n<li><strong>S\u1ef1 chu\u1ea9n b\u1ecb<\/strong>:Tr\u01b0\u1edbc khi d\u00e1n nh\u00e3n l\u00ean h\u00e0ng d\u1ec7t may, h\u00e3y \u0111\u1ea3m b\u1ea3o b\u1ec1 m\u1eb7t s\u1ea1ch v\u00e0 kh\u00f4.<\/li>\n<li><strong>\u1ee8ng d\u1ee5ng<\/strong>:Th\u1ebb c\u00f3 th\u1ec3 \u0111\u01b0\u1ee3c kh\u00e2u v\u00e0o qu\u1ea7n \u00e1o ho\u1eb7c d\u00e1n v\u00e0o v\u1ea3i lanh t\u00f9y theo y\u00eau c\u1ea7u c\u1ee7a b\u1ea1n.<\/li>\n<li><strong>Kh\u1edfi t\u1ea1o<\/strong>:L\u1eadp tr\u00ecnh t\u1eebng th\u1ebb b\u1eb1ng \u0111\u1ea7u \u0111\u1ecdc RFID \u0111\u1ec3 g\u00e1n m\u1ed9t m\u00e3 \u0111\u1ecbnh danh duy nh\u1ea5t cho t\u1eebng m\u00f3n \u0111\u1ed3 gi\u1eb7t.<\/li>\n<li><strong>Theo d\u00f5i<\/strong>:S\u1eed d\u1ee5ng \u0111\u1ea7u \u0111\u1ecdc RFID \u0111\u1ec3 theo d\u00f5i v\u00e0 gi\u00e1m s\u00e1t c\u00e1c s\u1ea3n ph\u1ea9m gi\u1eb7t l\u00e0 trong su\u1ed1t qu\u00e1 tr\u00ecnh gi\u1eb7t v\u00e0 giao h\u00e0ng m\u1ed9t c\u00e1ch li\u1ec1n m\u1ea1ch.<\/li>\n<\/ol>\n<\/div>\n<div><\/div>\n<div class=\"auto-hide-last-sibling-br paragraph_1252f paragraph-element\"><strong>Th\u1ebb RFID d\u1ec7t may cho gi\u1eb7t l\u00e0<\/strong> \u0111\u00f3ng vai tr\u00f2 l\u00e0 c\u00f4ng c\u1ee5 h\u1eefu \u00edch cho c\u00e1c c\u01a1 s\u1edf c\u1ea7n cung c\u1ea5p li\u00ean t\u1ee5c \u0111\u1ed3 v\u1ea3i s\u1ea1ch, \u0111\u1ed3ng ph\u1ee5c l\u00e0m vi\u1ec7c, trang ph\u1ee5c y t\u1ebf ho\u1eb7c v\u1eadt li\u1ec7u v\u1ec7 sinh, cho ph\u00e9p c\u00e1c h\u1ec7 th\u1ed1ng t\u1ef1 \u0111\u1ed9ng x\u1eed l\u00fd s\u1ed1 l\u01b0\u1ee3ng l\u1edbn c\u00e1c m\u1eb7t h\u00e0ng ri\u00eang l\u1ebb m\u1ed9t c\u00e1ch nhanh ch\u00f3ng v\u00e0 ch\u00ednh x\u00e1c.<\/div>\n<p>&nbsp;<\/p>\n<\/div>\n<div>\n<div class=\"auto-hide-last-sibling-br paragraph_1252f paragraph-element\"><strong>Nh\u00e3n d\u1ec7t RFID<\/strong> ch\u1ee9c n\u0103ng s\u1eed d\u1ee5ng m\u1ed9t quy tr\u00ecnh chuy\u00ean bi\u1ec7t. M\u1ed7i nh\u00e3n \u0111\u01b0\u1ee3c trang b\u1ecb m\u1ed9t chip RFID ch\u1ee9a c\u00e1c chi ti\u1ebft quan tr\u1ecdng v\u1ec1 s\u1ea3n ph\u1ea9m, ch\u1eb3ng h\u1ea1n nh\u01b0 th\u00f4ng s\u1ed1 s\u1ea3n xu\u1ea5t, m\u00e3 \u0111\u1ecbnh danh duy nh\u1ea5t, ngu\u1ed3n g\u1ed1c, th\u00e0nh ph\u1ea7n v\u1eadt li\u1ec7u, v.v.<\/div>\n<div class=\"auto-hide-last-sibling-br paragraph_1252f paragraph-element\">C\u01a1 ch\u1ebf tr\u00edch xu\u1ea5t th\u00f4ng tin nh\u00fang n\u00e0y k\u1ebft h\u1ee3p m\u1ed9t c\u00f4ng c\u1ee5 \u0111\u01b0\u1ee3c g\u1ecdi l\u00e0 m\u00e1y ph\u00e1t RFID ho\u1eb7c th\u01b0\u1eddng g\u1ecdi l\u00e0 \u0111\u1ea7u \u0111\u1ecdc. Thi\u1ebft b\u1ecb n\u00e0y truy\u1ec1n s\u00f3ng t\u1ea7n s\u1ed1 v\u00f4 tuy\u1ebfn \u0111\u1ec3 thi\u1ebft l\u1eadp k\u1ebft n\u1ed1i v\u1edbi chip RFID n\u1eb1m trong nh\u00e3n. T\u01b0\u01a1ng t\u00e1c n\u00e0y gi\u00fap \u0111\u1ea7u \u0111\u1ecdc truy c\u1eadp d\u1eef li\u1ec7u \u0111\u01b0\u1ee3c b\u1ea3o m\u1eadt tr\u00ean chip.<\/div>\n<\/div>\n<div><\/div>\n<div><\/div>\n<div>\n<div class=\"auto-hide-last-sibling-br paragraph_1252f paragraph-element\"><span style=\"font-family: inherit; font-size: 24px; font-weight: bold;\">C\u00e0i \u0111\u1eb7t<\/span><\/div>\n<\/div>\n<p><strong>G\u1eafn th\u1ebb kh\u00e2u<\/strong>: \u0110\u1ec3 kh\u00e2u v\u00e0o vi\u1ec1n v\u1ea3i. Kh\u00e2u nh\u00e3n gi\u1eb7t ra kh\u1ecfi \u0111\u01b0\u1eddng g\u1ea5p.<br \/>\n<strong>H\u00e0n nhi\u1ec7t<\/strong>: \u0110\u01b0\u1ee3c h\u00e0n nhi\u1ec7t tr\u1ef1c ti\u1ebfp l\u00ean v\u1ea3i \u1edf nhi\u1ec7t \u0111\u1ed9 +200\u00b0C (392\u00b0F), trong 12~14 gi\u00e2y.<br \/>\n<strong>Trong t\u00fai<\/strong>: \u0110\u1ec3 kh\u00e2u nh\u01b0 nh\u00e3n ch\u0103m s\u00f3c ti\u00eau chu\u1ea9n. Kh\u00e2u nh\u00e3n gi\u1eb7t ra kh\u1ecfi \u0111\u01b0\u1eddng g\u1ea5p.<\/p>\n<div class=\"auto-hide-last-sibling-br paragraph_1252f paragraph-element\">\n<div class=\"auto-hide-last-sibling-br paragraph_1252f paragraph-element\"><\/div>\n<p style=\"font-weight: 400;\"><span style=\"font-style: inherit; font-weight: inherit;\" data-spm-anchor-id=\"a2700.details.0.i52.7e74253fSAfL7T\">L\u00e0m sao <\/span><b><strong style=\"font-style: inherit;\">M\u1ea0NH<\/strong><\/b><span style=\"font-style: inherit; font-weight: inherit;\"> H\u1ecd l\u00e0 ?<\/span><\/p>\n<p><b><strong>\u2460<\/strong><\/b>.C\u00e1c chip RFID c\u00f3 b\u1ecb h\u1ecfng \u1edf nhi\u1ec7t \u0111\u1ed9 cao kh\u00f4ng?<span style=\"font-style: inherit; font-weight: inherit;\"> \u2013<\/span><b><strong>\u2714 Th\u1ebb gi\u1eb7t l\u00e0 RFID c\u1ee7a ch\u00fang t\u00f4i \u0111\u01b0\u1ee3c thi\u1ebft k\u1ebf \u0111\u1ec3 s\u1eed d\u1ee5ng \u1edf nhi\u1ec7t \u0111\u1ed9 200 \u00b0C<\/strong><\/b><span style=\"font-style: inherit; font-weight: inherit;\">.<\/span><\/p>\n<p style=\"font-weight: 400;\"><b><strong>\u2461<\/strong><\/b>Ch\u00fang ta c\u00f3 th\u1ec3 gi\u1eb7t nh\u00e3n m\u00e1c g\u1eafn tr\u00ean s\u1ea3n ph\u1ea9m d\u1ec7t may \u0111\u1ed3ng ph\u1ee5c bao nhi\u00eau l\u1ea7n? <b><strong>\u2013\u2714Th\u1ebb gi\u1eb7t b\u1eb1ng v\u1ea3i RFID c\u1ee7a ch\u00fang t\u00f4i c\u00f3 th\u1ec3 gi\u1eb7t \u0111\u01b0\u1ee3c h\u01a1n 200 l\u1ea7n v\u00e0 \u0111\u01b0\u1ee3c b\u1ea3o h\u00e0nh trong v\u00f2ng 2 n\u0103m sau khi giao h\u00e0ng.<\/strong><\/b><\/p>\n<p style=\"font-weight: 400;\"><b><strong>\u2462<\/strong><\/b>Ch\u00fang ta s\u1ebd chi ti\u1ec1n mua nh\u1eefng s\u1ea3n ph\u1ea9m may m\u1eb7c \u0111\u1ed3ng ph\u1ee5c uy t\u00edn, ti\u1ebfp t\u1ee5c l\u00e0m vi\u1ec7c trong tr\u01b0\u1eddng h\u1ee3p chip b\u1ecb h\u1ecfng? <b><strong>\u2013\u2714Ch\u00fang t\u00f4i thi\u1ebft k\u1ebf th\u1ebb gi\u1eb7t l\u00e0 v\u1ea3i \u0111\u1ec3 ch\u1ecbu \u0111\u01b0\u1ee3c \u00e1p su\u1ea5t 60 bar trong qu\u00e1 tr\u00ecnh l\u00e0 \u1ee7i s\u1ea3n ph\u1ea9m d\u1ec7t may c\u1ee7a b\u1ea1n.<\/strong><\/b><\/p>\n<p style=\"font-weight: 400;\"><b><strong>\u2463<\/strong><\/b>B\u1ea1n g\u1eafn th\u1ebb gi\u1eb7t l\u00e0 RFID tr\u00ean v\u1ea3i \u0111\u1ed3ng ph\u1ee5c \u1edf \u0111\u00e2u? <b><strong>\u2013 \u2714Th\u1ebb gi\u1eb7t l\u00e0 RFID \u0111\u01b0\u1ee3c l\u1eafp \u0111\u1eb7t t\u00f9y theo t\u00ecnh tr\u1ea1ng \u0111\u1ed3ng ph\u1ee5c c\u00f2n hay h\u1ebft.<\/strong><\/b><\/p>\n<h2>Nh\u1eefng c\u00e2u h\u1ecfi th\u01b0\u1eddng g\u1eb7p (FAQ)<\/h2>\n<h3>1.\u00a0<strong>Th\u1ebb gi\u1eb7t RFID c\u00f3 th\u1ef1c s\u1ef1 gi\u1eb7t \u0111\u01b0\u1ee3c kh\u00f4ng?<\/strong><\/h3>\n<p>C\u00f3, th\u1ebb gi\u1eb7t RFID c\u1ee7a ch\u00fang t\u00f4i \u0111\u01b0\u1ee3c thi\u1ebft k\u1ebf \u0111\u1ec3 ch\u1ecbu \u0111\u01b0\u1ee3c h\u01a1n 200 chu k\u1ef3 gi\u1eb7t m\u00e0 v\u1eabn duy tr\u00ec hi\u1ec7u su\u1ea5t.<\/p>\n<h3>2.\u00a0<strong>Nh\u1eefng th\u1ebb n\u00e0y c\u00f3 th\u1ec3 s\u1eed d\u1ee5ng trong m\u00f4i tr\u01b0\u1eddng nhi\u1ec7t \u0111\u1ed9 cao kh\u00f4ng?<\/strong><\/h3>\n<p>Ch\u1eafc ch\u1eafn r\u1ed3i! Th\u1ebb c\u1ee7a ch\u00fang t\u00f4i c\u00f3 kh\u1ea3 n\u0103ng ch\u1ecbu nhi\u1ec7t v\u00e0 c\u00f3 th\u1ec3 ch\u1ecbu \u0111\u01b0\u1ee3c nhi\u1ec7t \u0111\u1ed9 l\u00ean t\u1edbi 85\u00b0C m\u00e0 kh\u00f4ng b\u1ecb m\u1ea5t ch\u1ee9c n\u0103ng.<\/p>\n<h3>3.\u00a0<strong>Vi\u1ec7c t\u00edch h\u1ee3p c\u00e1c th\u1ebb n\u00e0y v\u00e0o h\u1ec7 th\u1ed1ng hi\u1ec7n c\u00f3 d\u1ec5 d\u00e0ng nh\u01b0 th\u1ebf n\u00e0o?<\/strong><\/h3>\n<p>Vi\u1ec7c t\u00edch h\u1ee3p r\u1ea5t \u0111\u01a1n gi\u1ea3n v\u00ec c\u00e1c th\u1ebb n\u00e0y t\u01b0\u01a1ng th\u00edch v\u1edbi h\u1ea7u h\u1ebft c\u00e1c \u0111\u1ea7u \u0111\u1ecdc RFID c\u00f3 tr\u00ean th\u1ecb tr\u01b0\u1eddng, \u0111\u1ea3m b\u1ea3o tri\u1ec3n khai li\u1ec1n m\u1ea1ch.<\/p>\n<h3>4.\u00a0<strong>Nh\u1eefng v\u1eadt li\u1ec7u n\u00e0o \u0111\u01b0\u1ee3c s\u1eed d\u1ee5ng trong c\u00e1c th\u1ebb n\u00e0y?<\/strong><\/h3>\n<p>C\u00e1c th\u1ebb \u0111\u01b0\u1ee3c l\u00e0m t\u1eeb v\u1ea3i d\u1ec7t b\u1ec1n, c\u00f3 \u0111\u1ed9 b\u1ec1n v\u00e0 t\u00ednh linh ho\u1ea1t.<\/p>\n<h2>Ph\u1ea7n k\u1ebft lu\u1eadn<\/h2>\n<p>\u0110\u1ea7u t\u01b0 v\u00e0o\u00a0<strong>Th\u1ebb gi\u1eb7t UHF RFID<\/strong>\u00a0kh\u00f4ng ch\u1ec9 l\u00e0 c\u1ea3i thi\u1ec7n hi\u1ec7u qu\u1ea3 ho\u1ea1t \u0111\u1ed9ng; m\u00e0 c\u00f2n l\u00e0 b\u1ea3o v\u1ec7 t\u01b0\u01a1ng lai cho c\u00e1c quy tr\u00ecnh gi\u1eb7t \u1ee7i c\u1ee7a b\u1ea1n tr\u01b0\u1edbc nh\u1eefng th\u00e1ch th\u1ee9c trong vi\u1ec7c theo d\u00f5i, qu\u1ea3n l\u00fd h\u00e0ng t\u1ed3n kho v\u00e0 t\u00ednh b\u1ec1n v\u1eefng. V\u1edbi thi\u1ebft k\u1ebf s\u00e1ng t\u1ea1o c\u00f3 th\u1ec3 ch\u1ecbu \u0111\u01b0\u1ee3c qu\u00e1 tr\u00ecnh gi\u1eb7t c\u00f4ng nghi\u1ec7p v\u00e0 d\u1ec5 s\u1eed d\u1ee5ng m\u00e0 kh\u00f4ng c\u00f3 \u0111\u1ed1i th\u1ee7 n\u00e0o s\u00e1nh k\u1ecbp, nh\u1eefng th\u1ebb n\u00e0y r\u1ea5t c\u1ea7n thi\u1ebft cho b\u1ea5t k\u1ef3 t\u1ed5 ch\u1ee9c n\u00e0o tham gia v\u00e0o d\u1ecbch v\u1ee5 gi\u1eb7t \u1ee7i. N\u1ebfu b\u1ea1n \u0111\u00e3 s\u1eb5n s\u00e0ng \u0111\u1ec3 c\u00e1ch m\u1ea1ng h\u00f3a h\u1ec7 th\u1ed1ng qu\u1ea3n l\u00fd h\u00e0ng d\u1ec7t may c\u1ee7a m\u00ecnh,\u00a0<strong>h\u00e3y mua th\u1ebb gi\u1eb7t l\u00e0 RFID ngay h\u00f4m nay v\u00e0 \u0111i\u1ec1n v\u00e0o bi\u1ec3u m\u1eabu y\u00eau c\u1ea7u c\u1ee7a ch\u00fang t\u00f4i \u0111\u1ec3 bi\u1ebft th\u00eam th\u00f4ng tin v\u1ec1 gi\u00e1 c\u1ea3 v\u00e0 m\u1eabu h\u00e0ng!<\/strong><\/p>\n<\/div>","protected":false},"excerpt":{"rendered":"<p>Theo d\u00f5i \u0111\u1ed3 gi\u1eb7t d\u1ec5 d\u00e0ng v\u1edbi Th\u1ebb RFID d\u1ec7t b\u1ec1n! C\u00f3 th\u1ec3 gi\u1eb7t \u0111\u01b0\u1ee3c v\u00e0 \u0111\u01b0\u1ee3c thi\u1ebft k\u1ebf \u0111\u1ec3 s\u1eed d\u1ee5ng trong c\u00f4ng nghi\u1ec7p, t\u1ed1i \u01b0u h\u00f3a vi\u1ec7c qu\u1ea3n l\u00fd \u0111\u1ed3 gi\u1eb7t c\u1ee7a b\u1ea1n ngay h\u00f4m nay!<\/p>","protected":false},"featured_media":144,"template":"","meta":{"_kad_post_transparent":"default","_kad_post_title":"","_kad_post_layout":"default","_kad_post_sidebar_id":"","_kad_post_content_style":"default","_kad_post_vertical_padding":"default","_kad_post_feature":"","_kad_post_feature_position":"","_kad_post_header":false,"_kad_post_footer":false,"_kad_post_classname":""},"product_brand":[],"product_cat":[19],"product_tag":[67,31,312,65],"class_list":{"0":"post-143","1":"product","2":"type-product","3":"status-publish","4":"has-post-thumbnail","6":"product_cat-textile-rfid-laundry-tag","7":"product_tag-heating-seal-uhf-rfid-laundry-tags","8":"product_tag-rfid-tag-for-linen-laundry","9":"product_tag-rfid-tags","10":"product_tag-textile-rfid-laundry-tags","12":"first","13":"instock","14":"shipping-taxable","15":"product-type-simple","16":"entry","17":"content-bg","18":"loop-entry"},"_links":{"self":[{"href":"https:\/\/rfid-laundry-tag.com\/vi\/wp-json\/wp\/v2\/product\/143","targetHints":{"allow":["GET"]}}],"collection":[{"href":"https:\/\/rfid-laundry-tag.com\/vi\/wp-json\/wp\/v2\/product"}],"about":[{"href":"https:\/\/rfid-laundry-tag.com\/vi\/wp-json\/wp\/v2\/types\/product"}],"version-history":[{"count":3,"href":"https:\/\/rfid-laundry-tag.com\/vi\/wp-json\/wp\/v2\/product\/143\/revisions"}],"predecessor-version":[{"id":2682,"href":"https:\/\/rfid-laundry-tag.com\/vi\/wp-json\/wp\/v2\/product\/143\/revisions\/2682"}],"wp:featuredmedia":[{"embeddable":true,"href":"https:\/\/rfid-laundry-tag.com\/vi\/wp-json\/wp\/v2\/media\/144"}],"wp:attachment":[{"href":"https:\/\/rfid-laundry-tag.com\/vi\/wp-json\/wp\/v2\/media?parent=143"}],"wp:term":[{"taxonomy":"product_brand","embeddable":true,"href":"https:\/\/rfid-laundry-tag.com\/vi\/wp-json\/wp\/v2\/product_brand?post=143"},{"taxonomy":"product_cat","embeddable":true,"href":"https:\/\/rfid-laundry-tag.com\/vi\/wp-json\/wp\/v2\/product_cat?post=143"},{"taxonomy":"product_tag","embeddable":true,"href":"https:\/\/rfid-laundry-tag.com\/vi\/wp-json\/wp\/v2\/product_tag?post=143"}],"curies":[{"name":"wp","href":"https:\/\/api.w.org\/{rel}","templated":true}]}}