{"id":140,"date":"2024-06-14T09:40:49","date_gmt":"2024-06-14T09:40:49","guid":{"rendered":"https:\/\/rfid-laundry-tag.com\/?post_type=product&#038;p=140"},"modified":"2024-09-08T04:30:07","modified_gmt":"2024-09-08T04:30:07","slug":"rfid-textile-tag-for-uniform","status":"publish","type":"product","link":"https:\/\/rfid-laundry-tag.com\/vi\/rfid-textile-tag-for-uniform\/","title":{"rendered":"Th\u1ebb d\u1ec7t RFID cho \u0111\u1ed3ng ph\u1ee5c"},"content":{"rendered":"<div>\n<div class=\"auto-hide-last-sibling-br paragraph_1252f paragraph-element\">\n<table width=\"637\">\n<tbody>\n<tr>\n<td width=\"328\">T\u00ean s\u1ea3n ph\u1ea9m:<\/td>\n<td width=\"309\">Th\u1ebb d\u1ec7t RFID cho \u0111\u1ed3ng ph\u1ee5c<\/td>\n<\/tr>\n<tr>\n<td width=\"328\">Ti\u00eau chu\u1ea9n RFID:<\/td>\n<td width=\"309\">ISO\/IEC 18000-6 Lo\u1ea1i C (EPC Gen2)<\/td>\n<\/tr>\n<tr>\n<td width=\"328\">K\u00edch th\u01b0\u1edbc &amp; Tr\u1ecdng l\u01b0\u1ee3ng:<\/td>\n<td width=\"309\">70\u00d715mm, 0,6g<\/td>\n<\/tr>\n<tr>\n<td width=\"328\">Lo\u1ea1i chip:<\/td>\n<td width=\"309\">Impinj Monza 4QT,NXP U M\u00c3 8,NXP U M\u00c3 9<\/td>\n<\/tr>\n<tr>\n<td width=\"328\">B\u1ed9 nh\u1edb EPC:<\/td>\n<td width=\"309\">128 bit<\/td>\n<\/tr>\n<tr>\n<td width=\"328\">B\u1ed9 nh\u1edb ng\u01b0\u1eddi d\u00f9ng:<\/td>\n<td width=\"309\">512 bit<\/td>\n<\/tr>\n<tr>\n<td width=\"328\">Ph\u1ea1m vi \u0111\u1ecdc (2W ERP FCC):<\/td>\n<td width=\"309\">8 ph\u00fat<\/td>\n<\/tr>\n<tr>\n<td width=\"328\">Ph\u1ea1m vi \u0111\u1ecdc (2W ERP ETSI):<\/td>\n<td width=\"309\">8 ph\u00fat<\/td>\n<\/tr>\n<tr>\n<td width=\"328\">G\u1eafn th\u1ebb:<\/td>\n<td width=\"309\">May, keo d\u00e1n d\u1eadp n\u00f3ng<\/td>\n<\/tr>\n<tr>\n<td width=\"328\">Tu\u1ed5i th\u1ecd \u01b0\u1edbc t\u00ednh:<\/td>\n<td width=\"309\">200 chu k\u1ef3 gi\u1eb7t ho\u1eb7c 3 n\u0103m, t\u00f9y theo \u0111i\u1ec1u ki\u1ec7n n\u00e0o \u0111\u1ebfn tr\u01b0\u1edbc<\/td>\n<\/tr>\n<tr>\n<td width=\"328\">Ph\u01b0\u01a1ng ph\u00e1p gi\u1eb7t:<\/td>\n<td width=\"309\">Gi\u1eb7t \u1ee7i, Gi\u1eb7t kh\u00f4<\/td>\n<\/tr>\n<tr>\n<td width=\"328\">\u00c1p su\u1ea5t h\u00fat n\u01b0\u1edbc:<\/td>\n<td width=\"309\">60 thanh<\/td>\n<\/tr>\n<tr>\n<td width=\"328\">Kh\u1ea3 n\u0103ng ch\u1ed1ng n\u01b0\u1edbc:<\/td>\n<td width=\"309\">Ch\u1ed1ng n\u01b0\u1edbc<\/td>\n<\/tr>\n<tr>\n<td width=\"328\">Kh\u1ea3 n\u0103ng kh\u00e1ng h\u00f3a ch\u1ea5t:<\/td>\n<td width=\"309\">Ch\u1ea5t t\u1ea9y r\u1eeda, Ch\u1ea5t l\u00e0m m\u1ec1m, Ch\u1ea5t t\u1ea9y tr\u1eafng (Oxy\/ Clo), Ch\u1ea5t ki\u1ec1m<\/td>\n<\/tr>\n<tr>\n<td width=\"328\">L\u00e0m kh\u00f4 tr\u01b0\u1edbc trong m\u00e1y s\u1ea5y:<\/td>\n<td width=\"309\">125 \u00baC trong 15-20 ph\u00fat<\/td>\n<\/tr>\n<tr>\n<td width=\"328\">Nhi\u1ec7t \u0111\u1ed9 kh\u1eed tr\u00f9ng:<\/td>\n<td width=\"309\">135\u00b0C trong 15-20 ph\u00fat<\/td>\n<\/tr>\n<tr>\n<td width=\"328\">Nhi\u1ec7t \u0111\u1ed9 gi\u1eb7t:<\/td>\n<td width=\"309\">90\u00b0C, T\u1ed1i \u0111a 15 ph\u00fat.<\/td>\n<\/tr>\n<tr>\n<td width=\"328\">\u0110\u1ed9 \u1ea9m\/ Nhi\u1ec7t \u0111\u1ed9-Ho\u1ea1t \u0111\u1ed9ng:<\/td>\n<td width=\"309\">-20 \u0111\u1ebfn 110\u00b0C, 8 \u0111\u1ebfn 95%RH<\/td>\n<\/tr>\n<tr>\n<td width=\"328\">\u0110\u1ed9 \u1ea9m\/ Nhi\u1ec7t \u0111\u1ed9-L\u01b0u tr\u1eef:<\/td>\n<td width=\"309\">-40 \u0111\u1ebfn 110\u00b0C, 8 \u0111\u1ebfn 95%RH<\/td>\n<\/tr>\n<\/tbody>\n<\/table>\n<\/div>\n<div class=\"auto-hide-last-sibling-br paragraph_1252f paragraph-element\"><\/div>\n<\/div>\n<div class=\"auto-hide-last-sibling-br paragraph_1252f paragraph-element\">\n<div data-spm-anchor-id=\"a2700.details.0.i57.23b419c7xXORP0\"><span data-spm-anchor-id=\"a2700.details.0.i75.23b419c7xXORP0\"><b>T\u00ednh n\u0103ng:<\/b><br \/>\n1) C\u00f4ng ngh\u1ec7 UHF c\u00f3 th\u1ec3 \u0111\u1ecdc h\u00e0ng tr\u0103m th\u1ebb c\u00f9ng l\u00fac.<br \/>\n2) Kho\u1ea3ng c\u00e1ch \u0111\u1ecdc xa h\u01a1n 8 feet.<br \/>\n3) Thi\u1ebft k\u1ebf c\u01a1 h\u1ecdc m\u1edbi gi\u00fap c\u1ea3i thi\u1ec7n hi\u1ec7u su\u1ea5t gi\u1eb7t v\u1ea3i ph\u1eb3ng.<br \/>\n4) Th\u00edch h\u1ee3p cho m\u00e1y h\u00fat \u00e1p su\u1ea5t cao l\u00ean t\u1edbi 60 bar.<br \/>\n5) Th\u00edch h\u1ee3p cho vi\u1ec7c kh\u1eed tr\u00f9ng b\u1eb1ng n\u1ed3i h\u1ea5p.<br \/>\n6) Ch\u1ea5t li\u1ec7u nh\u1ecf, m\u1ec1m, d\u1ebbo, l\u00fd t\u01b0\u1edfng cho h\u00e0ng d\u1ec7t may, v\u1ea3i lanh, qu\u1ea7n \u00e1o v\u00e0 ph\u1ee5 ki\u1ec7n.<\/span><\/div>\n<\/div>\n<div data-spm-anchor-id=\"a2700.details.0.i57.23b419c7xXORP0\"><\/div>\n<div data-spm-anchor-id=\"a2700.details.0.i57.23b419c7xXORP0\">\n<p><img fetchpriority=\"high\" decoding=\"async\" class=\"wp-image-55\" src=\"https:\/\/rfid-laundry-tag.com\/wp-content\/uploads\/2024\/06\/4-300x275.png\" alt=\"RFID Tag for linen laundry\" width=\"605\" height=\"555\" srcset=\"https:\/\/rfid-laundry-tag.com\/wp-content\/uploads\/2024\/06\/4-300x275.png 300w, https:\/\/rfid-laundry-tag.com\/wp-content\/uploads\/2024\/06\/4-600x550.png 600w, https:\/\/rfid-laundry-tag.com\/wp-content\/uploads\/2024\/06\/4-13x12.png 13w, https:\/\/rfid-laundry-tag.com\/wp-content\/uploads\/2024\/06\/4.png 750w\" sizes=\"(max-width: 605px) 100vw, 605px\" \/><\/p>\n<\/div>\n<h3 class=\"wp-block-heading\">C\u00e0i \u0111\u1eb7t<\/h3>\n<p><strong>G\u1eafn th\u1ebb kh\u00e2u<\/strong>: \u0110\u1ec3 kh\u00e2u v\u00e0o vi\u1ec1n v\u1ea3i. Kh\u00e2u nh\u00e3n gi\u1eb7t ra kh\u1ecfi \u0111\u01b0\u1eddng g\u1ea5p.<br \/>\n<strong>H\u00e0n nhi\u1ec7t<\/strong>: \u0110\u01b0\u1ee3c h\u00e0n nhi\u1ec7t tr\u1ef1c ti\u1ebfp l\u00ean v\u1ea3i \u1edf nhi\u1ec7t \u0111\u1ed9 +200\u00b0C (392\u00b0F), trong 12~14 gi\u00e2y.<br \/>\n<strong>Trong t\u00fai<\/strong>: \u0110\u1ec3 kh\u00e2u nh\u01b0 nh\u00e3n ch\u0103m s\u00f3c ti\u00eau chu\u1ea9n. Kh\u00e2u nh\u00e3n gi\u1eb7t ra kh\u1ecfi \u0111\u01b0\u1eddng g\u1ea5p.<\/p>\n<div class=\"auto-hide-last-sibling-br paragraph_1252f paragraph-element\">\n<div class=\"auto-hide-last-sibling-br paragraph_1252f paragraph-element\">Th\u1ebb d\u1ec7t RFID cho \u0111\u1ed3ng ph\u1ee5c gi\u1eb7t l\u00e0 v\u1ea3i lanh l\u00e0 kh\u00f4ng th\u1ec3 thi\u1ebfu trong v\u00f4 s\u1ed1 ng\u00e0nh c\u00f4ng nghi\u1ec7p, th\u00fac \u0111\u1ea9y hi\u1ec7u qu\u1ea3 theo d\u00f5i t\u00e0i s\u1ea3n, qu\u1ea3n l\u00fd h\u00e0ng t\u1ed3n kho v\u00e0 t\u0103ng hi\u1ec7u qu\u1ea3 ho\u1ea1t \u0111\u1ed9ng chung. Sau \u0111\u00e2y l\u00e0 c\u00e1i nh\u00ecn tho\u00e1ng qua v\u1ec1 \u1ee9ng d\u1ee5ng c\u1ee7a ch\u00fang trong nhi\u1ec1u l\u0129nh v\u1ef1c kh\u00e1c nhau:<\/div>\n<div><\/div>\n<p style=\"font-weight: 400;\"><span style=\"font-style: inherit; font-weight: inherit;\" data-spm-anchor-id=\"a2700.details.0.i52.7e74253fSAfL7T\">L\u00e0m sao <\/span><b><strong style=\"font-style: inherit;\">M\u1ea0NH<\/strong><\/b><span style=\"font-style: inherit; font-weight: inherit;\"> H\u1ecd l\u00e0 ?<\/span><\/p>\n<p><b><strong>\u2460<\/strong><\/b>.C\u00e1c chip RFID c\u00f3 b\u1ecb h\u1ecfng \u1edf nhi\u1ec7t \u0111\u1ed9 cao kh\u00f4ng?<span style=\"font-style: inherit; font-weight: inherit;\"> \u2013<\/span><b><strong>\u2714 Th\u1ebb gi\u1eb7t l\u00e0 RFID c\u1ee7a ch\u00fang t\u00f4i \u0111\u01b0\u1ee3c thi\u1ebft k\u1ebf \u0111\u1ec3 s\u1eed d\u1ee5ng \u1edf nhi\u1ec7t \u0111\u1ed9 200 \u00b0C<\/strong><\/b><span style=\"font-style: inherit; font-weight: inherit;\">.<\/span><\/p>\n<p style=\"font-weight: 400;\"><b><strong>\u2461<\/strong><\/b>Ch\u00fang ta c\u00f3 th\u1ec3 gi\u1eb7t nh\u00e3n m\u00e1c g\u1eafn tr\u00ean s\u1ea3n ph\u1ea9m d\u1ec7t may \u0111\u1ed3ng ph\u1ee5c bao nhi\u00eau l\u1ea7n? <b><strong>\u2013\u2714Th\u1ebb gi\u1eb7t b\u1eb1ng v\u1ea3i RFID c\u1ee7a ch\u00fang t\u00f4i c\u00f3 th\u1ec3 gi\u1eb7t \u0111\u01b0\u1ee3c h\u01a1n 200 l\u1ea7n v\u00e0 \u0111\u01b0\u1ee3c b\u1ea3o h\u00e0nh trong v\u00f2ng 2 n\u0103m sau khi giao h\u00e0ng.<\/strong><\/b><\/p>\n<p style=\"font-weight: 400;\"><b><strong>\u2462<\/strong><\/b>Ch\u00fang ta s\u1ebd chi ti\u1ec1n mua nh\u1eefng s\u1ea3n ph\u1ea9m may m\u1eb7c \u0111\u1ed3ng ph\u1ee5c uy t\u00edn, ti\u1ebfp t\u1ee5c l\u00e0m vi\u1ec7c trong tr\u01b0\u1eddng h\u1ee3p chip b\u1ecb h\u1ecfng? <b><strong>\u2013\u2714Ch\u00fang t\u00f4i thi\u1ebft k\u1ebf th\u1ebb gi\u1eb7t l\u00e0 v\u1ea3i \u0111\u1ec3 ch\u1ecbu \u0111\u01b0\u1ee3c \u00e1p su\u1ea5t 60 bar trong qu\u00e1 tr\u00ecnh l\u00e0 \u1ee7i s\u1ea3n ph\u1ea9m d\u1ec7t may c\u1ee7a b\u1ea1n.<\/strong><\/b><\/p>\n<p style=\"font-weight: 400;\"><b><strong>\u2463<\/strong><\/b>B\u1ea1n g\u1eafn th\u1ebb gi\u1eb7t l\u00e0 RFID tr\u00ean v\u1ea3i \u0111\u1ed3ng ph\u1ee5c \u1edf \u0111\u00e2u? <b><strong>\u2013 \u2714Th\u1ebb gi\u1eb7t l\u00e0 RFID \u0111\u01b0\u1ee3c l\u1eafp \u0111\u1eb7t t\u00f9y theo t\u00ecnh tr\u1ea1ng \u0111\u1ed3ng ph\u1ee5c c\u00f2n hay h\u1ebft.<\/strong><\/b><\/p>\n<p>&nbsp;<\/p>\n<\/div>\n<div class=\"auto-hide-last-sibling-br paragraph_1252f paragraph-element\">Trong ng\u00e0nh d\u1ec7t may, th\u1ebb RFID \u0111\u00f3ng vai tr\u00f2 then ch\u1ed1t trong vi\u1ec7c n\u00e2ng cao kh\u1ea3 n\u0103ng hi\u1ec3n th\u1ecb v\u00e0 hi\u1ec7u qu\u1ea3 c\u1ee7a chu\u1ed7i cung \u1ee9ng t\u1eeb kh\u00e2u s\u1ea3n xu\u1ea5t \u0111\u1ebfn kh\u00e2u b\u00e1n h\u00e0ng. Ch\u00fang \u0111\u00f3ng vai tr\u00f2 l\u00e0 c\u00f4ng c\u1ee5 h\u1eefu \u00edch cho c\u00e1c c\u00f4ng ty d\u1ec7t may qu\u1ea3n l\u00fd l\u01b0\u1ee3ng h\u00e0ng t\u1ed3n kho l\u1edbn. Vi\u1ec7c tri\u1ec3n khai th\u1ebb RFID gi\u00fap gi\u1ea3m chi ph\u00ed v\u00e0 t\u1ed1i \u01b0u h\u00f3a vi\u1ec7c s\u1eed d\u1ee5ng th\u1eddi gian. Sau \u0111\u00e2y l\u00e0 l\u00fd do t\u1ea1i sao ch\u00fang \u0111\u00e1ng \u0111\u1ec3 \u0111\u1ea7u t\u01b0:<\/div>\n<ol class=\"auto-hide-last-sibling-br\">\n<li>\n<div class=\"auto-hide-last-sibling-br paragraph_1252f paragraph-element\"><strong>L\u01b0u tr\u1eef d\u1eef li\u1ec7u dung l\u01b0\u1ee3ng l\u1edbn<\/strong>: Kh\u00f4ng gi\u1ed1ng nh\u01b0 nh\u00e3n m\u00e3 v\u1ea1ch, th\u1ebb RFID c\u00f3 dung l\u01b0\u1ee3ng l\u01b0u tr\u1eef d\u1eef li\u1ec7u cao h\u01a1n. D\u1eef li\u1ec7u \u0111\u01b0\u1ee3c l\u01b0u tr\u1eef c\u00f3 th\u1ec3 \u0111\u01b0\u1ee3c \u0111\u1ecdc v\u00e0 s\u1eeda \u0111\u1ed5i b\u1ea5t c\u1ee9 khi n\u00e0o c\u1ea7n thi\u1ebft.<\/div>\n<\/li>\n<li>\n<div class=\"auto-hide-last-sibling-br paragraph_1252f paragraph-element\"><strong>\u0110\u1ea3m b\u1ea3o ch\u1ea5t l\u01b0\u1ee3ng n\u00e2ng cao<\/strong>:RFID gi\u00fap theo d\u00f5i s\u1ea3n ph\u1ea9m t\u1eeb kh\u00e2u s\u1ea3n xu\u1ea5t \u0111\u1ebfn l\u01b0u tr\u1eef, x\u00e1c \u0111\u1ecbnh h\u00e0ng gi\u1ea3 ho\u1eb7c h\u00e0ng tr\u1ea3 l\u1ea1i.<\/div>\n<\/li>\n<li>\n<div class=\"auto-hide-last-sibling-br paragraph_1252f paragraph-element\"><strong>Qu\u1ea3n l\u00fd h\u00e0ng t\u1ed3n kho hi\u1ec7u qu\u1ea3<\/strong>: Th\u1ebb RFID c\u00f3 th\u1ec3 theo d\u00f5i s\u1ea3n ph\u1ea9m trong kho, ti\u1ebft ki\u1ec7m th\u1eddi gian v\u00e0 t\u1ea1o \u0111i\u1ec1u ki\u1ec7n cho vi\u1ec7c b\u1ed5 sung h\u00e0ng ch\u1ee7 \u0111\u1ed9ng. Vi\u1ec7c c\u1eadp nh\u1eadt d\u1eef li\u1ec7u t\u1ef1 \u0111\u1ed9ng trong c\u00e1c t\u1ec7p h\u00e0ng t\u1ed3n kho theo doanh s\u1ed1 ho\u1eb7c h\u00e0ng tr\u1ea3 l\u1ea1i gi\u00fap ki\u1ec3m so\u00e1t kho hi\u1ec7u qu\u1ea3.<\/div>\n<\/li>\n<li>\n<div class=\"auto-hide-last-sibling-br paragraph_1252f paragraph-element\"><strong>Kh\u1ea3 n\u0103ng ph\u1ee5c h\u1ed3i<\/strong>: So v\u1edbi nh\u00e3n truy\u1ec1n th\u1ed1ng, nh\u00e3n RFID c\u00f3 kh\u1ea3 n\u0103ng ch\u1ed1ng ch\u1ecbu cao v\u1edbi c\u00e1c t\u00e1c \u0111\u1ed9ng b\u00ean ngo\u00e0i v\u00e0 x\u1eed l\u00fd sai trong qu\u00e1 tr\u00ecnh v\u1eadn h\u00e0nh. Ch\u00fang c\u00f3 th\u1ec3 th\u00edch \u1ee9ng v\u1edbi m\u1ecdi lo\u1ea1i m\u00f4i tr\u01b0\u1eddng bao g\u1ed3m c\u1ea3 m\u00f4i tr\u01b0\u1eddng c\u00f3 nhi\u1ec7t \u0111\u1ed9 cao, \u0111\u1ed9 \u1ea9m, b\u1ee5i, v.v.<\/div>\n<\/li>\n<li>\n<div class=\"auto-hide-last-sibling-br paragraph_1252f paragraph-element\"><strong>T\u0103ng hi\u1ec7u qu\u1ea3 v\u00e0 t\u1ed1c \u0111\u1ed9<\/strong>:M\u00e1y \u0111\u1ecdc RFID c\u00f3 kh\u1ea3 n\u0103ng \u0111\u1ecdc \u0111\u1ed3ng th\u1eddi nhi\u1ec1u th\u1ebb RFID t\u1eeb xa, m\u1ed9t t\u00ednh n\u0103ng gi\u00fap t\u1ed1i \u01b0u h\u00f3a \u0111\u00e1ng k\u1ec3 c\u00e1c quy tr\u00ecnh t\u1eeb s\u1ea3n xu\u1ea5t \u0111\u1ebfn b\u00e1n h\u00e0ng.<\/div>\n<\/li>\n<li>\n<div class=\"auto-hide-last-sibling-br paragraph_1252f paragraph-element\"><strong>B\u1ea3o m\u1eadt d\u1eef li\u1ec7u m\u1ea1nh m\u1ebd<\/strong>:M\u1ed7i chip RFID \u0111\u1ec1u c\u00f3 kh\u1ea3 n\u0103ng b\u1ea3o v\u1ec7 d\u1eef li\u1ec7u kh\u00f4ng th\u1ec3 ph\u00e1 v\u1ee1 nh\u1edd m\u00e3 h\u00f3a d\u1eef li\u1ec7u gi\u00fap ng\u0103n ch\u1eb7n vi\u1ec7c sao ch\u00e9p.<\/div>\n<\/li>\n<li>\n<div class=\"auto-hide-last-sibling-br paragraph_1252f paragraph-element\"><strong>Ph\u00f2ng ch\u1ed1ng tr\u1ed9m c\u1eafp<\/strong>:Khi thanh to\u00e1n, chip RFID s\u1ebd t\u1ef1 \u0111\u1ed9ng b\u1ecb v\u00f4 hi\u1ec7u h\u00f3a, gi\u00fap gi\u1ea3m nguy c\u01a1 tr\u1ed9m c\u1eafp v\u00e0 sai s\u00f3t c\u1ee7a con ng\u01b0\u1eddi.<\/div>\n<\/li>\n<li>\n<div class=\"auto-hide-last-sibling-br paragraph_1252f paragraph-element\"><strong>Chi ph\u00ed ho\u1ea1t \u0111\u1ed9ng kinh t\u1ebf<\/strong>:M\u1eb7c d\u00f9 chi ph\u00ed ban \u0111\u1ea7u cao h\u01a1n, c\u00f4ng ngh\u1ec7 RFID ch\u1ee9ng minh \u0111\u01b0\u1ee3c hi\u1ec7u qu\u1ea3 v\u1ec1 m\u1eb7t chi ph\u00ed trong th\u1eddi gian d\u00e0i. Ch\u00fang cung c\u1ea5p d\u1ecbch v\u1ee5 b\u1ec1n b\u1ec9 v\u1edbi y\u00eau c\u1ea7u lao \u0111\u1ed9ng t\u1ed1i thi\u1ec3u, lo\u1ea1i b\u1ecf nhu c\u1ea7u thay th\u1ebf th\u01b0\u1eddng xuy\u00ean, do \u0111\u00f3 gi\u1ea3m chi ph\u00ed v\u1eadn h\u00e0nh.<\/div>\n<\/li>\n<\/ol>","protected":false},"excerpt":{"rendered":"<p>Th\u1ebb RFID Textile Tag cho \u0111\u1ed3ng ph\u1ee5c \u0111\u01b0\u1ee3c thi\u1ebft k\u1ebf cho \u0111\u1ed3ng ph\u1ee5c \u0111\u01b0\u1ee3c ch\u1ebf t\u1ea1o \u0111\u1ec3 ho\u1ea1t \u0111\u1ed9ng \u0111\u00e1ng tin c\u1eady trong c\u00e1c quy tr\u00ecnh gi\u1eb7t \u1ee7i nghi\u00eam ng\u1eb7t nh\u01b0 kh\u1eed tr\u00f9ng, gi\u1eb7t \u1edf nhi\u1ec7t \u0111\u1ed9 cao, l\u00e0m s\u1ea1ch, s\u1ea5y kh\u00f4 v\u00e0 \u1ee7i. Nh\u1eefng th\u1ebb th\u00e2n thi\u1ec7n v\u1edbi v\u1ea3i n\u00e0y c\u00f3 th\u1ec3 ch\u1ecbu \u0111\u01b0\u1ee3c h\u00e0ng tr\u0103m chu k\u1ef3 gi\u1eb7t trong khi v\u1eabn duy tr\u00ec m\u1ee9c hi\u1ec7u su\u1ea5t RFID nh\u1ea5t qu\u00e1n. Ngay c\u1ea3 sau nhi\u1ec1u l\u1ea7n gi\u1eb7t, ch\u00fang v\u1eabn \u0111\u1ea3m b\u1ea3o c\u00e1c thu\u1ed9c t\u00ednh theo d\u00f5i v\u00e0 ki\u1ec3m k\u00ea \u0111\u1eb7c bi\u1ec7t, do \u0111\u00f3 k\u00e9o d\u00e0i tu\u1ed5i th\u1ecd c\u1ee7a v\u1ea3i lanh, qu\u1ea7n \u00e1o v\u00e0 c\u00e1c m\u1eb7t h\u00e0ng d\u1ec7t may kh\u00e1c.<\/p>","protected":false},"featured_media":141,"template":"","meta":{"_kad_post_transparent":"default","_kad_post_title":"","_kad_post_layout":"default","_kad_post_sidebar_id":"","_kad_post_content_style":"default","_kad_post_vertical_padding":"default","_kad_post_feature":"","_kad_post_feature_position":"","_kad_post_header":false,"_kad_post_footer":false,"_kad_post_classname":""},"product_brand":[],"product_cat":[19,16],"product_tag":[31,65,30],"class_list":{"0":"post-140","1":"product","2":"type-product","3":"status-publish","4":"has-post-thumbnail","6":"product_cat-textile-rfid-laundry-tag","7":"product_cat-uhf-rfid-laundry-tags","8":"product_tag-rfid-tag-for-linen-laundry","9":"product_tag-textile-rfid-laundry-tags","10":"product_tag-uhf-rfid-laundry-tag","12":"first","13":"instock","14":"shipping-taxable","15":"product-type-simple","16":"entry","17":"content-bg","18":"loop-entry"},"_links":{"self":[{"href":"https:\/\/rfid-laundry-tag.com\/vi\/wp-json\/wp\/v2\/product\/140","targetHints":{"allow":["GET"]}}],"collection":[{"href":"https:\/\/rfid-laundry-tag.com\/vi\/wp-json\/wp\/v2\/product"}],"about":[{"href":"https:\/\/rfid-laundry-tag.com\/vi\/wp-json\/wp\/v2\/types\/product"}],"version-history":[{"count":1,"href":"https:\/\/rfid-laundry-tag.com\/vi\/wp-json\/wp\/v2\/product\/140\/revisions"}],"predecessor-version":[{"id":1935,"href":"https:\/\/rfid-laundry-tag.com\/vi\/wp-json\/wp\/v2\/product\/140\/revisions\/1935"}],"wp:featuredmedia":[{"embeddable":true,"href":"https:\/\/rfid-laundry-tag.com\/vi\/wp-json\/wp\/v2\/media\/141"}],"wp:attachment":[{"href":"https:\/\/rfid-laundry-tag.com\/vi\/wp-json\/wp\/v2\/media?parent=140"}],"wp:term":[{"taxonomy":"product_brand","embeddable":true,"href":"https:\/\/rfid-laundry-tag.com\/vi\/wp-json\/wp\/v2\/product_brand?post=140"},{"taxonomy":"product_cat","embeddable":true,"href":"https:\/\/rfid-laundry-tag.com\/vi\/wp-json\/wp\/v2\/product_cat?post=140"},{"taxonomy":"product_tag","embeddable":true,"href":"https:\/\/rfid-laundry-tag.com\/vi\/wp-json\/wp\/v2\/product_tag?post=140"}],"curies":[{"name":"wp","href":"https:\/\/api.w.org\/{rel}","templated":true}]}}