{"id":136,"date":"2024-06-14T07:33:05","date_gmt":"2024-06-14T07:33:05","guid":{"rendered":"https:\/\/rfid-laundry-tag.com\/?post_type=product&#038;p=136"},"modified":"2024-09-08T04:31:40","modified_gmt":"2024-09-08T04:31:40","slug":"heating-seal-uhf-rfid-laundry-tags","status":"publish","type":"product","link":"https:\/\/rfid-laundry-tag.com\/vi\/heating-seal-uhf-rfid-laundry-tags\/","title":{"rendered":"Th\u1ebb gi\u1eb7t \u1ee7i RFID UHF Heat Seal"},"content":{"rendered":"<div>\n<div class=\"auto-hide-last-sibling-br paragraph_1252f paragraph-element\">\n<h1>Th\u1ebb gi\u1eb7t \u1ee7i RFID UHF Heat Seal<\/h1>\n<table width=\"593\">\n<tbody>\n<tr>\n<td width=\"233\">Giao th\u1ee9c kh\u00f4ng kh\u00ed RF<\/td>\n<td colspan=\"4\" width=\"360\">EPC To\u00e0n c\u1ea7u L\u1edbp 1 Gen2 ISO18000-6C<\/td>\n<\/tr>\n<tr>\n<td width=\"233\">T\u1ea7n s\u1ed1 ho\u1ea1t \u0111\u1ed9ng<\/td>\n<td colspan=\"4\" width=\"360\">UHF 866-868 MHz (ETSI) \/UHF 902-928 MHz (FCC)<\/td>\n<\/tr>\n<tr>\n<td width=\"233\">T\u01b0\u01a1ng th\u00edch v\u1edbi m\u00f4i tr\u01b0\u1eddng<\/td>\n<td colspan=\"4\" width=\"360\">T\u1ed1i \u01b0u h\u00f3a trong kh\u00f4ng kh\u00ed<\/td>\n<\/tr>\n<tr>\n<td width=\"233\">Th\u1eddi gian l\u01b0u gi\u1eef d\u1eef li\u1ec7u<\/td>\n<td colspan=\"4\" width=\"360\">50 n\u0103m<\/td>\n<\/tr>\n<tr>\n<td width=\"233\">Ph\u1ea1m vi \u0111\u1ecdc<\/td>\n<td colspan=\"4\" width=\"360\">L\u00ean \u0111\u1ebfn 5,5 m (kh\u00f4ng c\u00f3 kim lo\u1ea1i)<\/td>\n<\/tr>\n<tr>\n<td width=\"233\">Ph\u00e2n c\u1ef1c<\/td>\n<td colspan=\"4\" width=\"360\">Tuy\u1ebfn t\u00ednh<\/td>\n<\/tr>\n<tr>\n<td width=\"233\">Lo\u1ea1i IC<\/td>\n<td colspan=\"4\" width=\"360\">NXP U CODE 8, U CODE 9 v.v.<\/td>\n<\/tr>\n<tr>\n<td width=\"233\">C\u1ea5u h\u00ecnh b\u1ed9 nh\u1edb<\/td>\n<td colspan=\"4\" width=\"360\">EPC 128bit TID 96bit Ng\u01b0\u1eddi d\u00f9ng 32bit<\/td>\n<\/tr>\n<tr>\n<td colspan=\"5\" width=\"593\">Ti\u00eau chu\u1ea9n c\u01a1 kh\u00ed<\/td>\n<\/tr>\n<tr>\n<td width=\"233\">V\u1eadt li\u1ec7u b\u1ec1 m\u1eb7t<\/td>\n<td colspan=\"4\" width=\"360\">D\u1ec7t may<\/td>\n<\/tr>\n<tr>\n<td width=\"233\">K\u00edch th\u01b0\u1edbc (mm)<\/td>\n<td colspan=\"4\" width=\"360\">15*70*1,5mm<\/td>\n<\/tr>\n<tr>\n<td width=\"233\">Tr\u1ecdng l\u01b0\u1ee3ng (g)<\/td>\n<td colspan=\"4\" width=\"360\">0,7g<\/td>\n<\/tr>\n<tr>\n<td rowspan=\"2\" width=\"233\">\u0110\u00ednh k\u00e8m<\/td>\n<td colspan=\"4\" width=\"360\">May vi\u1ec1n ho\u1eb7c nh\u00e3n d\u1ec7t<\/td>\n<\/tr>\n<tr>\n<td colspan=\"4\" width=\"360\">H\u00e0n nhi\u1ec7t \u1edf 215\u2103@15 gi\u00e2y v\u00e0 4 thanh<\/td>\n<\/tr>\n<tr>\n<td width=\"233\">M\u00e0u s\u1eafc<\/td>\n<td colspan=\"4\" width=\"360\">Tr\u1eafng<\/td>\n<\/tr>\n<tr>\n<td colspan=\"5\" width=\"593\">Ph\u00e2n lo\u1ea1i m\u00f4i tr\u01b0\u1eddng kim lo\u1ea1i<\/td>\n<\/tr>\n<tr>\n<td width=\"233\">Nhi\u1ec7t \u0111\u1ed9 ho\u1ea1t \u0111\u1ed9ng<\/td>\n<td colspan=\"4\" width=\"360\">-30\u00b0C \u0111\u1ebfn +85\u00b0C<\/td>\n<\/tr>\n<tr>\n<td width=\"233\">Nhi\u1ec7t \u0111\u1ed9 m\u00f4i tr\u01b0\u1eddng<\/td>\n<td colspan=\"4\" width=\"360\">-30\u00b0C \u0111\u1ebfn +100\u00b0C<\/td>\n<\/tr>\n<tr>\n<td width=\"233\">S\u1ee9c \u0111\u1ec1 kh\u00e1ng c\u01a1 h\u1ecdc<\/td>\n<td colspan=\"4\" width=\"360\">60 thanh<\/td>\n<\/tr>\n<tr>\n<td width=\"233\">Kh\u00e1ng h\u00f3a ch\u1ea5t<\/td>\n<td colspan=\"4\" width=\"360\">C\u00e1c h\u00f3a ch\u1ea5t th\u00f4ng th\u01b0\u1eddng trong qu\u00e1 tr\u00ecnh gi\u1eb7t<\/td>\n<\/tr>\n<tr>\n<td rowspan=\"4\" width=\"233\">Kh\u1ea3 n\u0103ng ch\u1ecbu nhi\u1ec7t<\/td>\n<td colspan=\"4\" width=\"360\">Gi\u1eb7t: 90\u2103, 15 ph\u00fat, 200 chu k\u1ef3<\/td>\n<\/tr>\n<tr>\n<td colspan=\"4\" width=\"360\">S\u1ea5y kh\u00f4 tr\u01b0\u1edbc: 180\u2103, 30 ph\u00fat<\/td>\n<\/tr>\n<tr>\n<td colspan=\"4\" width=\"360\">\u1ee6i: 180\u2103, 10 gi\u00e2y, 200 chu k\u1ef3<\/td>\n<\/tr>\n<tr>\n<td colspan=\"4\" width=\"360\">Ti\u1ec7t tr\u00f9ng: 135\u2103, 20 ph\u00fat<\/td>\n<\/tr>\n<tr>\n<td width=\"233\">Ph\u00e2n lo\u1ea1i IP<\/td>\n<td colspan=\"4\" width=\"360\">IP68<\/td>\n<\/tr>\n<tr>\n<td width=\"233\">B\u1ea3o h\u00e0nh<\/td>\n<td colspan=\"4\" width=\"360\">2 n\u0103m ho\u1eb7c 200 l\u1ea7n gi\u1eb7t<\/td>\n<\/tr>\n<\/tbody>\n<\/table>\n<\/div>\n<\/div>\n<div><\/div>\n<div>\n<div class=\"auto-hide-last-sibling-br paragraph_1252f paragraph-element\">Th\u1ebb gi\u1eb7t RFID \u0111\u00f3ng vai tr\u00f2 l\u00e0 c\u00f4ng c\u1ee5 h\u1eefu \u00edch cho c\u00e1c c\u01a1 s\u1edf c\u1ea7n cung c\u1ea5p li\u00ean t\u1ee5c \u0111\u1ed3 v\u1ea3i s\u1ea1ch, \u0111\u1ed3ng ph\u1ee5c l\u00e0m vi\u1ec7c, trang ph\u1ee5c y t\u1ebf ho\u1eb7c v\u1eadt li\u1ec7u v\u1ec7 sinh, cho ph\u00e9p h\u1ec7 th\u1ed1ng t\u1ef1 \u0111\u1ed9ng x\u1eed l\u00fd s\u1ed1 l\u01b0\u1ee3ng l\u1edbn c\u00e1c m\u1eb7t h\u00e0ng ri\u00eang l\u1ebb m\u1ed9t c\u00e1ch nhanh ch\u00f3ng v\u00e0 ch\u00ednh x\u00e1c.<\/div>\n<p>&nbsp;<\/p>\n<div class=\"auto-hide-last-sibling-br paragraph_1252f paragraph-element\">\u0110\u01b0\u1ee3c c\u00e1c nh\u00e0 cung c\u1ea5p \u0111\u1ed3ng ph\u1ee5c, c\u00e1c \u0111\u01a1n v\u1ecb kh\u00e1ch s\u1ea1n, d\u1ecbch v\u1ee5 v\u1ec7 sinh th\u01b0\u01a1ng m\u1ea1i v\u00e0 c\u00e1c c\u01a1 s\u1edf ch\u0103m s\u00f3c s\u1ee9c kh\u1ecfe \u00e1p d\u1ee5ng r\u1ed9ng r\u00e3i, c\u00e1c th\u1ebb gi\u1eb7t UHF RFID b\u1eb1ng v\u1ea3i n\u00e0y gi\u00fap \u0111\u01a1n gi\u1ea3n h\u00f3a quy tr\u00ecnh theo d\u00f5i nhi\u1ec1u lo\u1ea1i t\u00e0i s\u1ea3n kh\u00e1c nhau nh\u01b0 qu\u1ea7n \u00e1o, kh\u0103n tr\u1ea3i gi\u01b0\u1eddng ho\u1eb7c gi\u1ebb lau. \u0110i\u1ec1u n\u00e0y g\u00f3p ph\u1ea7n v\u00e0o vi\u1ec7c th\u1ef1c h\u00e0nh gi\u00e1m s\u00e1t h\u00e0ng t\u1ed3n kho hi\u1ec7u qu\u1ea3 v\u00e0 qu\u1ea3n l\u00fd t\u00e0i kho\u1ea3n ch\u00ednh x\u00e1c, n\u00e2ng cao hi\u1ec7u qu\u1ea3 ho\u1ea1t \u0111\u1ed9ng chung. B\u1eb1ng c\u00e1ch cung c\u1ea5p d\u1eef li\u1ec7u kh\u00f4ng c\u00f3 l\u1ed7i v\u00e0 t\u1ef1 \u0111\u1ed9ng h\u00f3a quy tr\u00ecnh theo d\u00f5i, h\u1ec7 th\u1ed1ng n\u00e0y ki\u1ec3m so\u00e1t vi\u1ec7c th\u1ea5t l\u1ea1c v\u00e0 tr\u1ed9m c\u1eafp h\u00e0ng h\u00f3a, do \u0111\u00f3 gi\u1ea3m thi\u1ec3u t\u1ed5n th\u1ea5t. B\u1ea3n ch\u1ea5t b\u1ec1n b\u1ec9 c\u1ee7a c\u00e1c th\u1ebb n\u00e0y \u0111\u1ea3m b\u1ea3o ch\u00fang ch\u1ecbu \u0111\u01b0\u1ee3c c\u00e1c quy tr\u00ecnh gi\u1eb7t c\u00f4ng nghi\u1ec7p. \u0110\u00e2y l\u00e0 gi\u1ea3i ph\u00e1p t\u1ed1i \u01b0u \u0111\u1ec3 qu\u1ea3n l\u00fd h\u00e0ng t\u1ed3n kho theo c\u00e1ch c\u00f3 h\u1ec7 th\u1ed1ng v\u00e0 c\u00f3 t\u1ed5 ch\u1ee9c.<\/div>\n<\/div>\n<div><\/div>\n<div><\/div>\n<div><\/div>\n<div>\n<div class=\"auto-hide-last-sibling-br paragraph_1252f paragraph-element\"><span style=\"font-family: inherit; font-size: 24px; font-weight: bold;\">C\u00e0i \u0111\u1eb7t<\/span><\/div>\n<\/div>\n<p><strong>G\u1eafn th\u1ebb kh\u00e2u<\/strong>: \u0110\u1ec3 kh\u00e2u v\u00e0o vi\u1ec1n v\u1ea3i. Kh\u00e2u nh\u00e3n gi\u1eb7t ra kh\u1ecfi \u0111\u01b0\u1eddng g\u1ea5p.<br \/>\n<strong>H\u00e0n nhi\u1ec7t<\/strong>: \u0110\u01b0\u1ee3c h\u00e0n nhi\u1ec7t tr\u1ef1c ti\u1ebfp l\u00ean v\u1ea3i \u1edf nhi\u1ec7t \u0111\u1ed9 +200\u00b0C (392\u00b0F), trong 12~14 gi\u00e2y.<br \/>\n<strong>Trong t\u00fai<\/strong>: \u0110\u1ec3 kh\u00e2u nh\u01b0 nh\u00e3n ch\u0103m s\u00f3c ti\u00eau chu\u1ea9n. Kh\u00e2u nh\u00e3n gi\u1eb7t ra kh\u1ecfi \u0111\u01b0\u1eddng g\u1ea5p.<\/p>\n<p>&nbsp;<\/p>\n<div class=\"auto-hide-last-sibling-br paragraph_1252f paragraph-element\">\n<div class=\"auto-hide-last-sibling-br paragraph_1252f paragraph-element\">Th\u1ebb gi\u1eb7t \u1ee7i UHF RFID d\u00ednh nhi\u1ec7t cho gi\u1eb7t l\u00e0 v\u1ea3i lanh l\u00e0 v\u1eadt d\u1ee5ng kh\u00f4ng th\u1ec3 thi\u1ebfu trong v\u00f4 s\u1ed1 ng\u00e0nh c\u00f4ng nghi\u1ec7p, th\u00fac \u0111\u1ea9y hi\u1ec7u qu\u1ea3 theo d\u00f5i t\u00e0i s\u1ea3n, qu\u1ea3n l\u00fd h\u00e0ng t\u1ed3n kho v\u00e0 t\u0103ng hi\u1ec7u qu\u1ea3 ho\u1ea1t \u0111\u1ed9ng chung. Sau \u0111\u00e2y l\u00e0 c\u00e1i nh\u00ecn tho\u00e1ng qua v\u1ec1 \u1ee9ng d\u1ee5ng c\u1ee7a ch\u00fang trong nhi\u1ec1u l\u0129nh v\u1ef1c kh\u00e1c nhau:<\/div>\n<div class=\"auto-hide-last-sibling-br paragraph_1252f paragraph-element\"><\/div>\n<p style=\"font-weight: 400;\"><span style=\"font-style: inherit; font-weight: inherit;\" data-spm-anchor-id=\"a2700.details.0.i52.7e74253fSAfL7T\">L\u00e0m sao <\/span><b><strong style=\"font-style: inherit;\">M\u1ea0NH<\/strong><\/b><span style=\"font-style: inherit; font-weight: inherit;\"> H\u1ecd l\u00e0 ?<\/span><\/p>\n<p><b><strong>\u2460<\/strong><\/b>.C\u00e1c chip RFID c\u00f3 b\u1ecb h\u1ecfng \u1edf nhi\u1ec7t \u0111\u1ed9 cao kh\u00f4ng?<span style=\"font-style: inherit; font-weight: inherit;\"> \u2013<\/span><b><strong>\u2714 Th\u1ebb gi\u1eb7t l\u00e0 RFID c\u1ee7a ch\u00fang t\u00f4i \u0111\u01b0\u1ee3c thi\u1ebft k\u1ebf \u0111\u1ec3 s\u1eed d\u1ee5ng \u1edf nhi\u1ec7t \u0111\u1ed9 200 \u00b0C<\/strong><\/b><span style=\"font-style: inherit; font-weight: inherit;\">.<\/span><\/p>\n<p style=\"font-weight: 400;\"><b><strong>\u2461<\/strong><\/b>Ch\u00fang ta c\u00f3 th\u1ec3 gi\u1eb7t nh\u00e3n m\u00e1c g\u1eafn tr\u00ean s\u1ea3n ph\u1ea9m d\u1ec7t may \u0111\u1ed3ng ph\u1ee5c bao nhi\u00eau l\u1ea7n? <b><strong>\u2013\u2714Th\u1ebb gi\u1eb7t b\u1eb1ng v\u1ea3i RFID c\u1ee7a ch\u00fang t\u00f4i c\u00f3 th\u1ec3 gi\u1eb7t \u0111\u01b0\u1ee3c h\u01a1n 200 l\u1ea7n v\u00e0 \u0111\u01b0\u1ee3c b\u1ea3o h\u00e0nh trong v\u00f2ng 2 n\u0103m sau khi giao h\u00e0ng.<\/strong><\/b><\/p>\n<p style=\"font-weight: 400;\"><b><strong>\u2462<\/strong><\/b>Ch\u00fang ta s\u1ebd chi ti\u1ec1n mua nh\u1eefng s\u1ea3n ph\u1ea9m may m\u1eb7c \u0111\u1ed3ng ph\u1ee5c uy t\u00edn, ti\u1ebfp t\u1ee5c l\u00e0m vi\u1ec7c trong tr\u01b0\u1eddng h\u1ee3p chip b\u1ecb h\u1ecfng? <b><strong>\u2013\u2714Ch\u00fang t\u00f4i thi\u1ebft k\u1ebf th\u1ebb gi\u1eb7t l\u00e0 v\u1ea3i \u0111\u1ec3 ch\u1ecbu \u0111\u01b0\u1ee3c \u00e1p su\u1ea5t 60 bar trong qu\u00e1 tr\u00ecnh l\u00e0 \u1ee7i s\u1ea3n ph\u1ea9m d\u1ec7t may c\u1ee7a b\u1ea1n.<\/strong><\/b><\/p>\n<p style=\"font-weight: 400;\"><b><strong>\u2463<\/strong><\/b>B\u1ea1n g\u1eafn th\u1ebb gi\u1eb7t l\u00e0 RFID tr\u00ean v\u1ea3i \u0111\u1ed3ng ph\u1ee5c \u1edf \u0111\u00e2u? <b><strong>\u2013 \u2714Th\u1ebb gi\u1eb7t l\u00e0 RFID \u0111\u01b0\u1ee3c l\u1eafp \u0111\u1eb7t t\u00f9y theo t\u00ecnh tr\u1ea1ng \u0111\u1ed3ng ph\u1ee5c c\u00f2n hay h\u1ebft.<\/strong><\/b><\/p>\n<\/div>","protected":false},"excerpt":{"rendered":"<p>Th\u1ebb gi\u1eb7t \u1ee7i UHF RFID Heating Seal \u0111\u01b0\u1ee3c thi\u1ebft k\u1ebf cho c\u00e1c \u1ee9ng d\u1ee5ng d\u1ec7t may th\u01b0\u01a1ng m\u1ea1i v\u00e0 c\u00f4ng nghi\u1ec7p. Th\u1ebb n\u00e0y c\u1ef1c k\u1ef3 linh ho\u1ea1t, c\u00f3 th\u1ec3 \u0111\u1ecdc t\u1eeb ph\u1ea1m vi m\u1edf r\u1ed9ng v\u00e0 v\u1eabn cung c\u1ea5p d\u1eef li\u1ec7u ch\u00ednh x\u00e1c nh\u1ea5t. Kh\u00e1ch h\u00e0ng c\u00f3 th\u1ec3 s\u1eed d\u1ee5ng \u0111\u1ec3 theo d\u00f5i s\u1ed1 l\u01b0\u1ee3ng l\u1edbn t\u00e0i s\u1ea3n d\u1ec7t may trong khi v\u1eabn gi\u1eef chi ph\u00ed th\u1ea5p, c\u1ea3i thi\u1ec7n hi\u1ec7u qu\u1ea3 qu\u1ea3n l\u00fd.<\/p>","protected":false},"featured_media":137,"template":"","meta":{"_kad_post_transparent":"default","_kad_post_title":"","_kad_post_layout":"default","_kad_post_sidebar_id":"","_kad_post_content_style":"default","_kad_post_vertical_padding":"default","_kad_post_feature":"","_kad_post_feature_position":"","_kad_post_header":false,"_kad_post_footer":false,"_kad_post_classname":""},"product_brand":[],"product_cat":[19,16],"product_tag":[67,31,65],"class_list":{"0":"post-136","1":"product","2":"type-product","3":"status-publish","4":"has-post-thumbnail","6":"product_cat-textile-rfid-laundry-tag","7":"product_cat-uhf-rfid-laundry-tags","8":"product_tag-heating-seal-uhf-rfid-laundry-tags","9":"product_tag-rfid-tag-for-linen-laundry","10":"product_tag-textile-rfid-laundry-tags","12":"first","13":"instock","14":"shipping-taxable","15":"product-type-simple","16":"entry","17":"content-bg","18":"loop-entry"},"_links":{"self":[{"href":"https:\/\/rfid-laundry-tag.com\/vi\/wp-json\/wp\/v2\/product\/136","targetHints":{"allow":["GET"]}}],"collection":[{"href":"https:\/\/rfid-laundry-tag.com\/vi\/wp-json\/wp\/v2\/product"}],"about":[{"href":"https:\/\/rfid-laundry-tag.com\/vi\/wp-json\/wp\/v2\/types\/product"}],"version-history":[{"count":1,"href":"https:\/\/rfid-laundry-tag.com\/vi\/wp-json\/wp\/v2\/product\/136\/revisions"}],"predecessor-version":[{"id":1938,"href":"https:\/\/rfid-laundry-tag.com\/vi\/wp-json\/wp\/v2\/product\/136\/revisions\/1938"}],"wp:featuredmedia":[{"embeddable":true,"href":"https:\/\/rfid-laundry-tag.com\/vi\/wp-json\/wp\/v2\/media\/137"}],"wp:attachment":[{"href":"https:\/\/rfid-laundry-tag.com\/vi\/wp-json\/wp\/v2\/media?parent=136"}],"wp:term":[{"taxonomy":"product_brand","embeddable":true,"href":"https:\/\/rfid-laundry-tag.com\/vi\/wp-json\/wp\/v2\/product_brand?post=136"},{"taxonomy":"product_cat","embeddable":true,"href":"https:\/\/rfid-laundry-tag.com\/vi\/wp-json\/wp\/v2\/product_cat?post=136"},{"taxonomy":"product_tag","embeddable":true,"href":"https:\/\/rfid-laundry-tag.com\/vi\/wp-json\/wp\/v2\/product_tag?post=136"}],"curies":[{"name":"wp","href":"https:\/\/api.w.org\/{rel}","templated":true}]}}