{"id":129,"date":"2024-06-12T06:22:28","date_gmt":"2024-06-12T06:22:28","guid":{"rendered":"https:\/\/rfid-laundry-tag.com\/?post_type=product&#038;p=129"},"modified":"2024-11-05T14:44:38","modified_gmt":"2024-11-05T14:44:38","slug":"textile-uhf-rfid-laundry-tags-for-uniform","status":"publish","type":"product","link":"https:\/\/rfid-laundry-tag.com\/vi\/textile-uhf-rfid-laundry-tags-for-uniform\/","title":{"rendered":"Th\u1ebb gi\u1eb7t UHF RFID d\u1ec7t may cho \u0111\u1ed3ng ph\u1ee5c"},"content":{"rendered":"<div>\n<div class=\"auto-hide-last-sibling-br paragraph_1252f paragraph-element\">\n<h2>Th\u1ebb gi\u1eb7t UHF RFID d\u1ec7t may cho \u0111\u1ed3ng ph\u1ee5c<\/h2>\n<table width=\"637\">\n<tbody>\n<tr>\n<td width=\"328\">T\u00ean s\u1ea3n ph\u1ea9m:<\/td>\n<td width=\"309\">Th\u1ebb gi\u1eb7t UHF RFID d\u1ec7t may cho \u0111\u1ed3ng ph\u1ee5c<\/td>\n<\/tr>\n<tr>\n<td width=\"328\">Ti\u00eau chu\u1ea9n RFID:<\/td>\n<td width=\"309\">ISO\/IEC 18000-6 Lo\u1ea1i C (EPC Gen2)<\/td>\n<\/tr>\n<tr>\n<td width=\"328\">K\u00edch th\u01b0\u1edbc &amp; Tr\u1ecdng l\u01b0\u1ee3ng:<\/td>\n<td width=\"309\">70\u00d715mm, 0,6g<\/td>\n<\/tr>\n<tr>\n<td width=\"328\">Lo\u1ea1i chip:<\/td>\n<td width=\"309\">Impinj Monza 4QT, NXP U CODE 9<\/td>\n<\/tr>\n<tr>\n<td width=\"328\">B\u1ed9 nh\u1edb EPC:<\/td>\n<td width=\"309\">128 bit<\/td>\n<\/tr>\n<tr>\n<td width=\"328\">B\u1ed9 nh\u1edb ng\u01b0\u1eddi d\u00f9ng:<\/td>\n<td width=\"309\">512 bit<\/td>\n<\/tr>\n<tr>\n<td width=\"328\">Ph\u1ea1m vi \u0111\u1ecdc (2W ERP FCC):<\/td>\n<td width=\"309\">8 ph\u00fat<\/td>\n<\/tr>\n<tr>\n<td width=\"328\">Ph\u1ea1m vi \u0111\u1ecdc (2W ERP ETSI):<\/td>\n<td width=\"309\">8 ph\u00fat<\/td>\n<\/tr>\n<tr>\n<td width=\"328\">G\u1eafn th\u1ebb:<\/td>\n<td width=\"309\">May, keo d\u00e1n d\u1eadp n\u00f3ng<\/td>\n<\/tr>\n<tr>\n<td width=\"328\">Tu\u1ed5i th\u1ecd \u01b0\u1edbc t\u00ednh:<\/td>\n<td width=\"309\">200 chu k\u1ef3 gi\u1eb7t ho\u1eb7c 3 n\u0103m, t\u00f9y theo \u0111i\u1ec1u ki\u1ec7n n\u00e0o \u0111\u1ebfn tr\u01b0\u1edbc<\/td>\n<\/tr>\n<tr>\n<td width=\"328\">Ph\u01b0\u01a1ng ph\u00e1p gi\u1eb7t:<\/td>\n<td width=\"309\">Gi\u1eb7t \u1ee7i, Gi\u1eb7t kh\u00f4<\/td>\n<\/tr>\n<tr>\n<td width=\"328\">\u00c1p su\u1ea5t h\u00fat n\u01b0\u1edbc:<\/td>\n<td width=\"309\">60 thanh<\/td>\n<\/tr>\n<tr>\n<td width=\"328\">Kh\u1ea3 n\u0103ng ch\u1ed1ng n\u01b0\u1edbc:<\/td>\n<td width=\"309\">Ch\u1ed1ng n\u01b0\u1edbc<\/td>\n<\/tr>\n<tr>\n<td width=\"328\">Kh\u1ea3 n\u0103ng kh\u00e1ng h\u00f3a ch\u1ea5t:<\/td>\n<td width=\"309\">Ch\u1ea5t t\u1ea9y r\u1eeda, Ch\u1ea5t l\u00e0m m\u1ec1m, Ch\u1ea5t t\u1ea9y tr\u1eafng (Oxy\/ Clo), Ch\u1ea5t ki\u1ec1m<\/td>\n<\/tr>\n<tr>\n<td width=\"328\">L\u00e0m kh\u00f4 tr\u01b0\u1edbc trong m\u00e1y s\u1ea5y:<\/td>\n<td width=\"309\">125 \u00baC trong 15-20 ph\u00fat<\/td>\n<\/tr>\n<tr>\n<td width=\"328\">Nhi\u1ec7t \u0111\u1ed9 kh\u1eed tr\u00f9ng:<\/td>\n<td width=\"309\">135\u00b0C trong 15-20 ph\u00fat<\/td>\n<\/tr>\n<tr>\n<td width=\"328\">Nhi\u1ec7t \u0111\u1ed9 gi\u1eb7t:<\/td>\n<td width=\"309\">90\u00b0C, T\u1ed1i \u0111a 15 ph\u00fat.<\/td>\n<\/tr>\n<tr>\n<td width=\"328\">\u0110\u1ed9 \u1ea9m\/ Nhi\u1ec7t \u0111\u1ed9-Ho\u1ea1t \u0111\u1ed9ng:<\/td>\n<td width=\"309\">-20 \u0111\u1ebfn 110\u00b0C, 8 \u0111\u1ebfn 95%RH<\/td>\n<\/tr>\n<tr>\n<td width=\"328\">\u0110\u1ed9 \u1ea9m\/ Nhi\u1ec7t \u0111\u1ed9-L\u01b0u tr\u1eef:<\/td>\n<td width=\"309\">-40 \u0111\u1ebfn 110\u00b0C, 8 \u0111\u1ebfn 95%RH<\/td>\n<\/tr>\n<\/tbody>\n<\/table>\n<\/div>\n<div class=\"auto-hide-last-sibling-br paragraph_1252f paragraph-element\"><\/div>\n<\/div>\n<div><\/div>\n<div class=\"auto-hide-last-sibling-br paragraph_1252f paragraph-element\">\n<div data-spm-anchor-id=\"a2700.details.0.i57.23b419c7xXORP0\"><span data-spm-anchor-id=\"a2700.details.0.i75.23b419c7xXORP0\"><b>T\u00ednh n\u0103ng:<\/b><br \/>\n1) C\u00f4ng ngh\u1ec7 UHF c\u00f3 th\u1ec3 \u0111\u1ecdc h\u00e0ng tr\u0103m th\u1ebb c\u00f9ng l\u00fac.<br \/>\n2) Kho\u1ea3ng c\u00e1ch \u0111\u1ecdc xa h\u01a1n 8 feet.<br \/>\n3) Thi\u1ebft k\u1ebf c\u01a1 h\u1ecdc m\u1edbi gi\u00fap c\u1ea3i thi\u1ec7n hi\u1ec7u su\u1ea5t gi\u1eb7t v\u1ea3i ph\u1eb3ng.<br \/>\n4) Th\u00edch h\u1ee3p cho m\u00e1y h\u00fat \u00e1p su\u1ea5t cao l\u00ean t\u1edbi 60 bar.<br \/>\n5) Th\u00edch h\u1ee3p cho vi\u1ec7c kh\u1eed tr\u00f9ng b\u1eb1ng n\u1ed3i h\u1ea5p.<br \/>\n6) Ch\u1ea5t li\u1ec7u nh\u1ecf, m\u1ec1m, d\u1ebbo, l\u00fd t\u01b0\u1edfng cho h\u00e0ng d\u1ec7t may, v\u1ea3i lanh, qu\u1ea7n \u00e1o v\u00e0 ph\u1ee5 ki\u1ec7n.<\/span><\/div>\n<\/div>\n<div data-spm-anchor-id=\"a2700.details.0.i57.23b419c7xXORP0\"><\/div>\n<div data-spm-anchor-id=\"a2700.details.0.i57.23b419c7xXORP0\">\n<p><img fetchpriority=\"high\" decoding=\"async\" class=\"wp-image-55\" src=\"https:\/\/rfid-laundry-tag.com\/wp-content\/uploads\/2024\/06\/4-300x275.png\" alt=\"RFID Tag for linen laundry\" width=\"605\" height=\"555\" srcset=\"https:\/\/rfid-laundry-tag.com\/wp-content\/uploads\/2024\/06\/4-300x275.png 300w, https:\/\/rfid-laundry-tag.com\/wp-content\/uploads\/2024\/06\/4-600x550.png 600w, https:\/\/rfid-laundry-tag.com\/wp-content\/uploads\/2024\/06\/4-13x12.png 13w, https:\/\/rfid-laundry-tag.com\/wp-content\/uploads\/2024\/06\/4.png 750w\" sizes=\"(max-width: 605px) 100vw, 605px\" \/><\/p>\n<p><strong>Th\u1ebb RFID gi\u1eb7t l\u00e0<\/strong> \u0111\u01b0\u1ee3c thi\u1ebft k\u1ebf \u0111\u1ec3 theo d\u00f5i h\u00e0ng may m\u1eb7c nh\u01b0 v\u1ea3i lanh v\u00e0 \u0111\u1ed3ng ph\u1ee5c trong m\u00f4i tr\u01b0\u1eddng nh\u01b0 b\u1ec7nh vi\u1ec7n v\u00e0 kh\u00e1ch s\u1ea1n. Ch\u00fang th\u01b0\u1eddng \u0111\u01b0\u1ee3c l\u00e0m b\u1eb1ng v\u1ecf cao su m\u1ec1m, gi\u00fap ch\u00fang ch\u1ed1ng n\u01b0\u1edbc, ch\u1ea5t t\u1ea9y r\u1eeda v\u00e0 \u0111i\u1ec1u ki\u1ec7n gi\u1eb7t kh\u1eafc nghi\u1ec7t. Nh\u1eefng th\u1ebb n\u00e0y c\u00f3 \u0111\u1ed9 b\u1ec1n cao, c\u00f3 th\u1ec3 ch\u1ecbu \u0111\u01b0\u1ee3c \u00e1p su\u1ea5t l\u00ean \u0111\u1ebfn 60 bar v\u00e0 t\u1ed3n t\u1ea1i h\u01a1n 50 chu k\u1ef3 gi\u1eb7t, \u0111\u1ea3m b\u1ea3o \u0111\u1ed9 b\u1ec1n ngay c\u1ea3 khi s\u1eed d\u1ee5ng li\u00ean t\u1ee5c.<\/p>\n<p>Ch\u1ee9c n\u0103ng ch\u00ednh c\u1ee7a c\u00e1c th\u1ebb n\u00e0y l\u00e0 \u0111\u1ea3m b\u1ea3o theo d\u00f5i v\u00e0 qu\u1ea3n l\u00fd ch\u00ednh x\u00e1c h\u00e0ng may m\u1eb7c, ng\u0103n ng\u1eeba nh\u1ea7m l\u1eabn v\u00e0 \u0111\u1ea3m b\u1ea3o c\u00e1c m\u1eb7t h\u00e0ng \u0111\u01b0\u1ee3c v\u1ec7 sinh \u0111\u00fang c\u00e1ch tr\u01b0\u1edbc khi t\u00e1i s\u1eed d\u1ee5ng. \u0110i\u1ec1u n\u00e0y \u0111\u1eb7c bi\u1ec7t quan tr\u1ecdng trong c\u00e1c l\u0129nh v\u1ef1c m\u00e0 v\u1ec7 sinh v\u00e0 v\u1ec7 sinh l\u00e0 r\u1ea5t quan tr\u1ecdng, ch\u1eb3ng h\u1ea1n nh\u01b0 ch\u0103m s\u00f3c s\u1ee9c kh\u1ecfe v\u00e0 d\u1ecbch v\u1ee5 kh\u00e1ch s\u1ea1n.<\/p>\n<\/div>\n<h3 class=\"wp-block-heading\">C\u00e0i \u0111\u1eb7t<\/h3>\n<p><strong>G\u1eafn th\u1ebb kh\u00e2u<\/strong>: \u0110\u1ec3 kh\u00e2u v\u00e0o vi\u1ec1n v\u1ea3i. Kh\u00e2u nh\u00e3n gi\u1eb7t ra kh\u1ecfi \u0111\u01b0\u1eddng g\u1ea5p.<br \/>\n<strong>H\u00e0n nhi\u1ec7t<\/strong>: \u0110\u01b0\u1ee3c h\u00e0n nhi\u1ec7t tr\u1ef1c ti\u1ebfp l\u00ean v\u1ea3i \u1edf nhi\u1ec7t \u0111\u1ed9 +200\u00b0C (392\u00b0F), trong 12~14 gi\u00e2y.<br \/>\n<strong>Trong t\u00fai<\/strong>: \u0110\u1ec3 kh\u00e2u nh\u01b0 nh\u00e3n ch\u0103m s\u00f3c ti\u00eau chu\u1ea9n. Kh\u00e2u nh\u00e3n gi\u1eb7t ra kh\u1ecfi \u0111\u01b0\u1eddng g\u1ea5p.<\/p>\n<div class=\"auto-hide-last-sibling-br paragraph_1252f paragraph-element\">\n<div class=\"auto-hide-last-sibling-br paragraph_1252f paragraph-element\">Th\u1ebb RFID cho gi\u1eb7t l\u00e0 v\u1ea3i lanh l\u00e0 kh\u00f4ng th\u1ec3 thi\u1ebfu trong v\u00f4 s\u1ed1 ng\u00e0nh c\u00f4ng nghi\u1ec7p, th\u00fac \u0111\u1ea9y hi\u1ec7u qu\u1ea3 theo d\u00f5i t\u00e0i s\u1ea3n, qu\u1ea3n l\u00fd h\u00e0ng t\u1ed3n kho v\u00e0 t\u0103ng hi\u1ec7u qu\u1ea3 ho\u1ea1t \u0111\u1ed9ng chung. Sau \u0111\u00e2y l\u00e0 c\u00e1i nh\u00ecn tho\u00e1ng qua v\u1ec1 \u1ee9ng d\u1ee5ng c\u1ee7a ch\u00fang trong nhi\u1ec1u l\u0129nh v\u1ef1c kh\u00e1c nhau:<\/div>\n<p>&nbsp;<\/p>\n<ul class=\"auto-hide-last-sibling-br\">\n<li>\n<div class=\"auto-hide-last-sibling-br paragraph_1252f paragraph-element\">Ch\u0103m s\u00f3c s\u1ee9c kh\u1ecfe: B\u1ec7nh vi\u1ec7n v\u00e0 c\u00e1c c\u01a1 s\u1edf y t\u1ebf kh\u00e1c s\u1eed d\u1ee5ng th\u1ebb v\u1ea3i RFID \u0111\u1ec3 qu\u1ea3n l\u00fd h\u00e0ng t\u1ed3n kho l\u1edbn v\u1ec1 kh\u0103n tr\u1ea3i gi\u01b0\u1eddng, kh\u0103n t\u1eafm, qu\u1ea7n \u00e1o ph\u1eabu thu\u1eadt, \u0111\u1ed3ng ph\u1ee5c v\u00e0 kh\u0103n tr\u1ea3i ph\u1eabu thu\u1eadt. \u0110i\u1ec1u n\u00e0y gi\u00fap gi\u1ea3m thi\u1ec3u th\u1ea5t tho\u00e1t, qu\u1ea3n l\u00fd chu k\u1ef3 gi\u1eb7t v\u00e0 \u0111\u1ea3m b\u1ea3o kh\u0103n tr\u1ea3i s\u1ea1ch, t\u01b0\u01a1i lu\u00f4n c\u00f3 s\u1eb5n theo y\u00eau c\u1ea7u.<\/div>\n<\/li>\n<li>\n<div class=\"auto-hide-last-sibling-br paragraph_1252f paragraph-element\">Kh\u00e1ch s\u1ea1n: Trong ng\u00e0nh kh\u00e1ch s\u1ea1n, qu\u1ea3n l\u00fd \u0111\u1ed3 v\u1ea3i l\u00e0 m\u1ed9t nhi\u1ec7m v\u1ee5 kh\u1ed5ng l\u1ed3, v\u1edbi h\u00e0ng ng\u00e0n m\u1eb7t h\u00e0ng nh\u01b0 kh\u0103n tr\u1ea3i gi\u01b0\u1eddng, kh\u0103n t\u1eafm, r\u00e8m c\u1eeda v\u00e0 \u00e1o cho\u00e0ng \u0111ang l\u01b0u th\u00f4ng. Th\u1ebb v\u1ea3i RFID gi\u00fap h\u1ee3p l\u00fd h\u00f3a nhi\u1ec7m v\u1ee5 n\u00e0y, \u0111\u1ea3m b\u1ea3o v\u1ec7 sinh v\u00e0 thay th\u1ebf k\u1ecbp th\u1eddi, \u0111\u1ed3ng th\u1eddi h\u1ed7 tr\u1ee3 ph\u00e1t hi\u1ec7n v\u00e0 ng\u0103n ng\u1eeba tr\u1ed9m c\u1eafp.<\/div>\n<\/li>\n<li>\n<div class=\"auto-hide-last-sibling-br paragraph_1252f paragraph-element\">Nh\u00e0 h\u00e0ng: Trong ng\u00e0nh d\u1ecbch v\u1ee5 th\u1ef1c ph\u1ea9m, th\u1ebb RFID gi\u00fap theo d\u00f5i vi\u1ec7c s\u1eed d\u1ee5ng v\u00e0 v\u1ec7 sinh \u0111\u1ed3ng ph\u1ee5c, kh\u0103n tr\u1ea3i b\u00e0n, kh\u0103n \u0103n v\u00e0 t\u1ea1p d\u1ec1 c\u1ee7a \u0111\u1ea7u b\u1ebfp. \u0110i\u1ec1u n\u00e0y c\u00f3 th\u1ec3 n\u00e2ng cao ti\u00eau chu\u1ea9n v\u1ec7 sinh v\u00e0 gi\u00fap duy tr\u00ec v\u1ebb ngo\u00e0i g\u1ecdn g\u00e0ng, chuy\u00ean nghi\u1ec7p.<\/div>\n<\/li>\n<li>\n<div class=\"auto-hide-last-sibling-br paragraph_1252f paragraph-element\">Ng\u00e0nh c\u00f4ng nghi\u1ec7p may m\u1eb7c th\u1eddi trang: Trong th\u1eddi trang s\u00f4i \u0111\u1ed9ng, th\u1ebb RFID \u0111\u00f3ng vai tr\u00f2 quan tr\u1ecdng trong vi\u1ec7c theo d\u00f5i c\u00e1c m\u1eb7t h\u00e0ng tr\u00ean to\u00e0n b\u1ed9 chu\u1ed7i cung \u1ee9ng t\u1eeb kh\u00e2u s\u1ea3n xu\u1ea5t \u0111\u1ebfn tr\u01b0ng b\u00e0y b\u00e1n l\u1ebb. Ch\u00fang c\u00f3 th\u1ec3 cung c\u1ea5p th\u00f4ng tin c\u00f3 gi\u00e1 tr\u1ecb nh\u01b0 ngu\u1ed3n g\u1ed1c, l\u1ecbch s\u1eed di chuy\u1ec3n v\u00e0 th\u1eadm ch\u00ed l\u00e0 c\u00e1c chi ti\u1ebft ph\u1ee9c t\u1ea1p v\u1ec1 v\u1ea3i v\u00e0 h\u01b0\u1edbng d\u1eabn ch\u0103m s\u00f3c.<\/div>\n<\/li>\n<li>\n<div class=\"auto-hide-last-sibling-br paragraph_1252f paragraph-element\">Qu\u1ea7n \u00e1o b\u1ea3o h\u1ed9 lao \u0111\u1ed9ng\/Qu\u1ea7n \u00e1o ch\u1ed1ng ch\u00e1y: Th\u1ebb RFID \u0111\u01b0\u1ee3c c\u00e1c c\u00f4ng ty s\u1eed d\u1ee5ng \u0111\u1ec3 theo d\u00f5i v\u00e0 qu\u1ea3n l\u00fd c\u00e1c m\u1eb7t h\u00e0ng qu\u1ea7n \u00e1o \u0111\u1eb7c bi\u1ec7t. \u0110i\u1ec1u n\u00e0y bao g\u1ed3m \u0111\u1ea3m b\u1ea3o qu\u1ea7n \u00e1o ch\u1ed1ng ch\u00e1y ho\u1eb7c qu\u1ea7n \u00e1o b\u1ea3o h\u1ed9 kh\u00e1c \u0111\u01b0\u1ee3c ki\u1ec3m tra th\u01b0\u1eddng xuy\u00ean, v\u1ec7 sinh \u0111\u00fang c\u00e1ch v\u00e0 thay th\u1ebf khi c\u1ea7n thi\u1ebft.<\/div>\n<\/li>\n<li>\n<div class=\"auto-hide-last-sibling-br paragraph_1252f paragraph-element\">Gi\u00e0y d\u00e9p v\u00e0 kh\u1ea9u trang: C\u00f3 \u00fd ngh\u0129a quan tr\u1ecdng trong c\u00e1c ng\u00e0nh c\u00f4ng nghi\u1ec7p nh\u01b0 ch\u0103m s\u00f3c s\u1ee9c kh\u1ecfe v\u00e0 x\u00e2y d\u1ef1ng, n\u01a1i kh\u00f4ng th\u1ec3 th\u1ecfa hi\u1ec7p v\u1ec1 v\u1ea5n \u0111\u1ec1 an to\u00e0n, vi\u1ec7c theo d\u00f5i vi\u1ec7c s\u1eed d\u1ee5ng, v\u1ec7 sinh v\u00e0 b\u1ea3o d\u01b0\u1ee1ng c\u00e1c m\u1eb7t h\u00e0ng nh\u01b0 kh\u1ea9u trang v\u00e0 gi\u00e0y an to\u00e0n \u0111\u01b0\u1ee3c \u0111\u01a1n gi\u1ea3n h\u00f3a nh\u1edd s\u1eed d\u1ee5ng th\u1ebb RFID.<\/div>\n<\/li>\n<li>\n<div class=\"auto-hide-last-sibling-br paragraph_1252f paragraph-element\">Th\u1ea3m v\u00e0 c\u00e2y lau nh\u00e0: C\u00e1c doanh nghi\u1ec7p cung c\u1ea5p d\u1ecbch v\u1ee5 v\u1ec7 sinh ho\u1eb7c qu\u1ea3n l\u00fd c\u00e1c c\u01a1 s\u1edf l\u1edbn c\u00f3 th\u1ec3 h\u01b0\u1edfng l\u1ee3i t\u1eeb th\u1ebb RFID tr\u00ean th\u1ea3m v\u00e0 c\u00e2y lau nh\u00e0. H\u1ecd s\u1ebd c\u00f3 th\u1ec3 theo d\u00f5i vi\u1ec7c s\u1eed d\u1ee5ng v\u00e0 b\u1ea3o tr\u00ec, \u0111\u1ea3m b\u1ea3o c\u00e1c c\u00f4ng c\u1ee5 s\u1ea1ch s\u1ebd v\u00e0 hi\u1ec7u qu\u1ea3 m\u1ecdi l\u00fac.<\/div>\n<\/li>\n<\/ul>\n<p style=\"font-weight: 400;\"><span style=\"font-style: inherit; font-weight: inherit;\" data-spm-anchor-id=\"a2700.details.0.i52.7e74253fSAfL7T\">L\u00e0m sao <\/span><b><strong style=\"font-style: inherit;\">M\u1ea0NH<\/strong><\/b><span style=\"font-style: inherit; font-weight: inherit;\"> H\u1ecd l\u00e0 ?<\/span><\/p>\n<p><b><strong>\u2460<\/strong><\/b>.C\u00e1c chip RFID c\u00f3 b\u1ecb h\u1ecfng \u1edf nhi\u1ec7t \u0111\u1ed9 cao kh\u00f4ng?<span style=\"font-style: inherit; font-weight: inherit;\"> \u2013<\/span><b><strong>\u2714 Th\u1ebb gi\u1eb7t l\u00e0 RFID c\u1ee7a ch\u00fang t\u00f4i \u0111\u01b0\u1ee3c thi\u1ebft k\u1ebf \u0111\u1ec3 s\u1eed d\u1ee5ng \u1edf nhi\u1ec7t \u0111\u1ed9 200 \u00b0C<\/strong><\/b><span style=\"font-style: inherit; font-weight: inherit;\">.<\/span><\/p>\n<p style=\"font-weight: 400;\"><b><strong>\u2461<\/strong><\/b>Ch\u00fang ta c\u00f3 th\u1ec3 gi\u1eb7t nh\u00e3n m\u00e1c g\u1eafn tr\u00ean s\u1ea3n ph\u1ea9m d\u1ec7t may \u0111\u1ed3ng ph\u1ee5c bao nhi\u00eau l\u1ea7n? <b><strong>\u2013\u2714Th\u1ebb gi\u1eb7t b\u1eb1ng v\u1ea3i RFID c\u1ee7a ch\u00fang t\u00f4i c\u00f3 th\u1ec3 gi\u1eb7t \u0111\u01b0\u1ee3c h\u01a1n 200 l\u1ea7n v\u00e0 \u0111\u01b0\u1ee3c b\u1ea3o h\u00e0nh trong v\u00f2ng 2 n\u0103m sau khi giao h\u00e0ng.<\/strong><\/b><\/p>\n<p style=\"font-weight: 400;\"><b><strong>\u2462<\/strong><\/b>Ch\u00fang ta s\u1ebd chi ti\u1ec1n mua nh\u1eefng s\u1ea3n ph\u1ea9m may m\u1eb7c \u0111\u1ed3ng ph\u1ee5c uy t\u00edn, ti\u1ebfp t\u1ee5c l\u00e0m vi\u1ec7c trong tr\u01b0\u1eddng h\u1ee3p chip b\u1ecb h\u1ecfng? <b><strong>\u2013\u2714Ch\u00fang t\u00f4i thi\u1ebft k\u1ebf th\u1ebb gi\u1eb7t l\u00e0 v\u1ea3i \u0111\u1ec3 ch\u1ecbu \u0111\u01b0\u1ee3c \u00e1p su\u1ea5t 60 bar trong qu\u00e1 tr\u00ecnh l\u00e0 \u1ee7i s\u1ea3n ph\u1ea9m d\u1ec7t may c\u1ee7a b\u1ea1n.<\/strong><\/b><\/p>\n<p style=\"font-weight: 400;\"><b><strong>\u2463<\/strong><\/b>B\u1ea1n g\u1eafn th\u1ebb gi\u1eb7t l\u00e0 RFID tr\u00ean v\u1ea3i \u0111\u1ed3ng ph\u1ee5c \u1edf \u0111\u00e2u? <b><strong>\u2013 \u2714Th\u1ebb gi\u1eb7t l\u00e0 RFID \u0111\u01b0\u1ee3c l\u1eafp \u0111\u1eb7t t\u00f9y theo t\u00ecnh tr\u1ea1ng \u0111\u1ed3ng ph\u1ee5c c\u00f2n hay h\u1ebft.<\/strong><\/b><\/p>\n<\/div>","protected":false},"excerpt":{"rendered":"<p><strong>Th\u1ebb gi\u1eb7t UHF RFID<\/strong> \u0111\u01b0\u1ee3c thi\u1ebft k\u1ebf cho \u0111\u1ed3ng ph\u1ee5c \u0111\u01b0\u1ee3c ch\u1ebf t\u1ea1o \u0111\u1ec3 ho\u1ea1t \u0111\u1ed9ng \u0111\u00e1ng tin c\u1eady trong c\u00e1c quy tr\u00ecnh gi\u1eb7t gi\u0169 nghi\u00eam ng\u1eb7t nh\u01b0 kh\u1eed tr\u00f9ng, gi\u1eb7t \u1edf nhi\u1ec7t \u0111\u1ed9 cao, v\u1ec7 sinh, s\u1ea5y kh\u00f4 v\u00e0 \u1ee7i. C\u00e1c th\u1ebb th\u00e2n thi\u1ec7n v\u1edbi v\u1ea3i n\u00e0y c\u00f3 th\u1ec3 ch\u1ecbu \u0111\u01b0\u1ee3c h\u00e0ng tr\u0103m chu k\u1ef3 gi\u1eb7t trong khi v\u1eabn duy tr\u00ec m\u1ee9c hi\u1ec7u su\u1ea5t RFID nh\u1ea5t qu\u00e1n. Ngay c\u1ea3 sau nhi\u1ec1u l\u1ea7n gi\u1eb7t, ch\u00fang v\u1eabn \u0111\u1ea3m b\u1ea3o c\u00e1c thu\u1ed9c t\u00ednh theo d\u00f5i v\u00e0 ki\u1ec3m k\u00ea \u0111\u1eb7c bi\u1ec7t, do \u0111\u00f3 k\u00e9o d\u00e0i tu\u1ed5i th\u1ecd c\u1ee7a v\u1ea3i lanh, qu\u1ea7n \u00e1o v\u00e0 c\u00e1c m\u1eb7t h\u00e0ng d\u1ec7t may kh\u00e1c.<\/p>","protected":false},"featured_media":133,"template":"","meta":{"_kad_post_transparent":"default","_kad_post_title":"","_kad_post_layout":"default","_kad_post_sidebar_id":"","_kad_post_content_style":"default","_kad_post_vertical_padding":"default","_kad_post_feature":"","_kad_post_feature_position":"","_kad_post_header":false,"_kad_post_footer":false,"_kad_post_classname":""},"product_brand":[],"product_cat":[19,16],"product_tag":[31,65,30],"class_list":{"0":"post-129","1":"product","2":"type-product","3":"status-publish","4":"has-post-thumbnail","6":"product_cat-textile-rfid-laundry-tag","7":"product_cat-uhf-rfid-laundry-tags","8":"product_tag-rfid-tag-for-linen-laundry","9":"product_tag-textile-rfid-laundry-tags","10":"product_tag-uhf-rfid-laundry-tag","12":"first","13":"instock","14":"shipping-taxable","15":"product-type-simple","16":"entry","17":"content-bg","18":"loop-entry"},"_links":{"self":[{"href":"https:\/\/rfid-laundry-tag.com\/vi\/wp-json\/wp\/v2\/product\/129","targetHints":{"allow":["GET"]}}],"collection":[{"href":"https:\/\/rfid-laundry-tag.com\/vi\/wp-json\/wp\/v2\/product"}],"about":[{"href":"https:\/\/rfid-laundry-tag.com\/vi\/wp-json\/wp\/v2\/types\/product"}],"version-history":[{"count":1,"href":"https:\/\/rfid-laundry-tag.com\/vi\/wp-json\/wp\/v2\/product\/129\/revisions"}],"predecessor-version":[{"id":2871,"href":"https:\/\/rfid-laundry-tag.com\/vi\/wp-json\/wp\/v2\/product\/129\/revisions\/2871"}],"wp:featuredmedia":[{"embeddable":true,"href":"https:\/\/rfid-laundry-tag.com\/vi\/wp-json\/wp\/v2\/media\/133"}],"wp:attachment":[{"href":"https:\/\/rfid-laundry-tag.com\/vi\/wp-json\/wp\/v2\/media?parent=129"}],"wp:term":[{"taxonomy":"product_brand","embeddable":true,"href":"https:\/\/rfid-laundry-tag.com\/vi\/wp-json\/wp\/v2\/product_brand?post=129"},{"taxonomy":"product_cat","embeddable":true,"href":"https:\/\/rfid-laundry-tag.com\/vi\/wp-json\/wp\/v2\/product_cat?post=129"},{"taxonomy":"product_tag","embeddable":true,"href":"https:\/\/rfid-laundry-tag.com\/vi\/wp-json\/wp\/v2\/product_tag?post=129"}],"curies":[{"name":"wp","href":"https:\/\/api.w.org\/{rel}","templated":true}]}}