{"id":127,"date":"2024-06-12T06:15:43","date_gmt":"2024-06-12T06:15:43","guid":{"rendered":"https:\/\/rfid-laundry-tag.com\/?post_type=product&#038;p=127"},"modified":"2024-06-12T06:21:05","modified_gmt":"2024-06-12T06:21:05","slug":"silicone-rubber-uhf-rfid-laundry-tag","status":"publish","type":"product","link":"https:\/\/rfid-laundry-tag.com\/vi\/silicone-rubber-uhf-rfid-laundry-tag\/","title":{"rendered":"Th\u1ebb gi\u1eb7t UHF RFID b\u1eb1ng cao su silicon"},"content":{"rendered":"<table style=\"border-collapse: collapse; width: 711px; height: 751px;\" border=\"0\" width=\"537\" cellspacing=\"0\" cellpadding=\"0\">\n<tbody>\n<tr style=\"height: 14.40pt;\">\n<td class=\"et2\" style=\"height: 14.40pt; width: 136.80pt;\" width=\"228\" height=\"24\">V\u1eadt li\u1ec7u<\/td>\n<td class=\"et2\" style=\"width: 185.40pt;\" width=\"309\">Silicon<\/td>\n<\/tr>\n<tr style=\"height: 14.40pt;\">\n<td class=\"et3\" style=\"height: 14.40pt; width: 136.80pt;\" width=\"228\" height=\"24\">K\u00edch c\u1ee1<\/td>\n<td class=\"et3\" style=\"width: 185.40pt;\" width=\"309\">55x12mm, 56x20mm, 85x27mm<\/td>\n<\/tr>\n<tr style=\"height: 14.40pt;\">\n<td class=\"et3\" style=\"height: 14.40pt; width: 136.80pt;\" width=\"228\" height=\"24\">T\u00ednh th\u01b0\u1eddng xuy\u00ean<\/td>\n<td class=\"et3\" style=\"width: 185.40pt;\" width=\"309\">860-960mhz<\/td>\n<\/tr>\n<tr style=\"height: 27.60pt;\">\n<td class=\"et3\" style=\"height: 27.60pt; width: 136.80pt;\" width=\"228\" height=\"46\">Lo\u1ea1i IC (chip)<\/td>\n<td class=\"et3\" style=\"width: 185.40pt;\" width=\"309\">U7\/U8 (Alien H3 v\u00e0 Impinj Monza R6 hi\u1ec7n c\u00f3 s\u1eb5n)<\/td>\n<\/tr>\n<tr style=\"height: 27.60pt;\">\n<td class=\"et3\" style=\"height: 27.60pt; width: 136.80pt;\" width=\"228\" height=\"46\">Giao th\u1ee9c<\/td>\n<td class=\"et3\" style=\"width: 185.40pt;\" width=\"309\">EPC To\u00e0n c\u1ea7u L\u1edbp 1 Gen2 &amp; ISO18000-6C<\/td>\n<\/tr>\n<tr style=\"height: 14.40pt;\">\n<td class=\"et3\" style=\"height: 14.40pt; width: 136.80pt;\" width=\"228\" height=\"24\">K\u00fd \u1ee9c<\/td>\n<td class=\"et3\" style=\"width: 185.40pt;\" width=\"309\">128 bit<\/td>\n<\/tr>\n<tr style=\"height: 14.40pt;\">\n<td class=\"et3\" style=\"height: 14.40pt; width: 136.80pt;\" width=\"228\" height=\"24\">Y\u1ebfu t\u1ed1 h\u00ecnh th\u1ee9c th\u1ebb<\/td>\n<td class=\"et3\" style=\"width: 185.40pt;\" width=\"309\">Linh ho\u1ea1t<\/td>\n<\/tr>\n<tr style=\"height: 14.40pt;\">\n<td class=\"et3\" style=\"height: 14.40pt; width: 136.80pt;\" width=\"228\" height=\"24\">Ch\u1ed1ng va ch\u1ea1m<\/td>\n<td class=\"et3\" style=\"width: 185.40pt;\" width=\"309\">\u0110\u00fang<\/td>\n<\/tr>\n<tr style=\"height: 14.40pt;\">\n<td class=\"et3\" style=\"height: 14.40pt; width: 136.80pt;\" width=\"228\" height=\"24\">Nhi\u1ec7t \u0111\u1ed9 ho\u1ea1t \u0111\u1ed9ng<\/td>\n<td class=\"et3\" style=\"width: 185.40pt;\" width=\"309\">-25 \u00b0C \/ +200 \u00b0C<\/td>\n<\/tr>\n<tr style=\"height: 14.40pt;\">\n<td class=\"et3\" style=\"height: 14.40pt; width: 136.80pt;\" width=\"228\" height=\"24\">Kho\u1ea3ng c\u00e1ch \u0111\u1ecdc<\/td>\n<td class=\"et3\" style=\"width: 185.40pt;\" width=\"309\">1-7 ph\u00fat<\/td>\n<\/tr>\n<tr style=\"height: 14.40pt;\">\n<td class=\"et3\" style=\"height: 14.40pt; width: 136.80pt;\" width=\"228\" height=\"24\">Ph\u1ee5 l\u1ee5c cho<\/td>\n<td class=\"et3\" style=\"width: 185.40pt;\" width=\"309\">V\u1ea3i lanh v\u00e0 qu\u1ea7n \u00e1o<\/td>\n<\/tr>\n<tr style=\"height: 14.40pt;\">\n<td class=\"et3\" style=\"height: 14.40pt; width: 136.80pt;\" width=\"228\" height=\"24\">X\u1ebfp h\u1ea1ng IP<\/td>\n<td class=\"et3\" style=\"width: 185.40pt;\" width=\"309\">IP68<\/td>\n<\/tr>\n<tr style=\"height: 14.40pt;\">\n<td class=\"et3\" style=\"height: 14.40pt; width: 136.80pt;\" width=\"228\" height=\"24\">M\u00e0u s\u1eafc<\/td>\n<td class=\"et3\" style=\"width: 185.40pt;\" width=\"309\">Tr\u1eafng\/Xanh ho\u1eb7c t\u00f9y ch\u1ec9nh<\/td>\n<\/tr>\n<tr style=\"height: 17.40pt;\">\n<td class=\"et4\" style=\"height: 17.40pt; width: 322.20pt;\" colspan=\"2\" width=\"537\" height=\"29\">Gi\u1eb7t gi\u0169<\/td>\n<\/tr>\n<tr style=\"height: 27.60pt;\">\n<td class=\"et3\" style=\"height: 27.60pt; width: 136.80pt;\" width=\"228\" height=\"46\">Ch\u1ecbu \u0111\u01b0\u1ee3c s\u1ef1 ti\u1ebfp x\u00fac v\u1edbi<\/td>\n<td class=\"et3\" style=\"width: 185.40pt;\" width=\"309\">n\u01b0\u1edbc v\u00e0 t\u1ea5t c\u1ea3 c\u00e1c h\u00f3a ch\u1ea5t th\u00f4ng th\u01b0\u1eddng d\u00f9ng trong gi\u1eb7t l\u00e0 th\u01b0\u01a1ng m\u1ea1i v\u00e0 gi\u1eb7t kh\u00f4<\/td>\n<\/tr>\n<tr style=\"height: 14.40pt;\">\n<td class=\"et3\" style=\"height: 14.40pt; width: 136.80pt;\" width=\"228\" height=\"24\">Chu tr\u00ecnh gi\u1eb7t<\/td>\n<td class=\"et3\" style=\"width: 185.40pt;\" width=\"309\">L\u00ean \u0111\u1ebfn 200 chu tr\u00ecnh gi\u1eb7t th\u01b0\u01a1ng m\u1ea1i<\/td>\n<\/tr>\n<tr style=\"height: 27.60pt;\">\n<td class=\"et3\" style=\"height: 27.60pt; width: 136.80pt;\" width=\"228\" height=\"46\">Gi\u1eb7t gi\u0169<\/td>\n<td class=\"et3\" style=\"width: 185.40pt;\" width=\"309\">150 \u00baC trong 15-20 ph\u00fat \u2013 150 chu k\u1ef3<\/td>\n<\/tr>\n<tr style=\"height: 27.60pt;\">\n<td class=\"et3\" style=\"height: 27.60pt; width: 136.80pt;\" width=\"228\" height=\"46\">S\u1ea5y kh\u00f4<\/td>\n<td class=\"et3\" style=\"width: 185.40pt;\" width=\"309\">95\u00b0C (T\u1ed1i \u0111a 60 ph\u00fat), 130\u00b0C (T\u1ed1i \u0111a 30 ph\u00fat)<\/td>\n<\/tr>\n<tr style=\"height: 14.40pt;\">\n<td class=\"et3\" style=\"height: 14.40pt; width: 136.80pt;\" width=\"228\" height=\"24\">Ng\u01b0\u1eddi ho\u00e0n thi\u1ec7n \u0111\u01b0\u1eddng h\u1ea7m<\/td>\n<td class=\"et3\" style=\"width: 185.40pt;\" width=\"309\">200\u00b0C trong 30 ph\u00fat<\/td>\n<\/tr>\n<tr style=\"height: 14.40pt;\">\n<td class=\"et3\" style=\"height: 14.40pt; width: 136.80pt;\" width=\"228\" height=\"24\">\u1ee6i qu\u1ea7n \u00e1o<\/td>\n<td class=\"et3\" style=\"width: 185.40pt;\" width=\"309\">250\u00b0C (T\u1ed1i \u0111a 60 gi\u00e2y)<\/td>\n<\/tr>\n<\/tbody>\n<\/table>\n<p data-spm-anchor-id=\"a2700.details.0.i116.60201a70jOXdOd\">\n<p data-spm-anchor-id=\"a2700.details.0.i116.60201a70jOXdOd\"><strong>Th\u1ebb gi\u1eb7t UHF RFID b\u1eb1ng cao su silicon<\/strong>\u00a0\u0111\u1ea1i di\u1ec7n cho s\u1ef1 \u0111\u1ed5i m\u1edbi m\u1edbi nh\u1ea5t cho vi\u1ec7c theo d\u00f5i t\u1ef1 \u0111\u1ed9ng v\u00e0 qu\u1ea3n l\u00fd kho trong d\u1ecbch v\u1ee5 gi\u1eb7t l\u00e0. Nh\u1eefng th\u1ebb m\u1ecfng, m\u1ec1m d\u1ebbo, nh\u1eb9 nh\u00e0ng v\u00e0 b\u00f3ng b\u1ea9y n\u00e0y, ch\u1ed1ng l\u1ea1i ch\u1ea5t l\u1ecfng h\u00f3a h\u1ecdc v\u00e0 nhi\u1ec7t, \u0111\u01b0\u1ee3c trang b\u1ecb b\u1ed9 ph\u00e1t \u0111\u00e1p RFID m\u1ea1nh m\u1ebd c\u00f3 kh\u1ea3 n\u0103ng ch\u1ecbu \u0111\u01b0\u1ee3c t\u1edbi 200 chu k\u1ef3 gi\u1eb7t l\u1ed3ng v\u00e0 s\u1ea5y nhi\u1ec7t, c\u00f9ng v\u1edbi gi\u1eb7t v\u00e0 \u1ee7i. Th\u1ebb gi\u1eb7t RFID silicon 5512, th\u01b0\u1eddng \u0111\u01b0\u1ee3c s\u1eed d\u1ee5ng \u0111\u1ec3 theo d\u00f5i trong l\u0129nh v\u1ef1c gi\u1eb7t l\u00e0 c\u00f4ng nghi\u1ec7p, c\u00f3 th\u1ec3 d\u1ec5 d\u00e0ng k\u1ebft h\u1ee3p v\u1edbi nhi\u1ec1u lo\u1ea1i v\u1eadt li\u1ec7u d\u1ec7t kh\u00e1c nhau, bao g\u1ed3m kh\u0103n tr\u1ea3i gi\u01b0\u1eddng, \u00e1o c\u00e1nh, kh\u0103n t\u1eafm, \u0111\u1ed3ng ph\u1ee5c y t\u1ebf, v.v.<\/p>\n<p data-spm-anchor-id=\"a2700.details.0.i116.60201a70jOXdOd\"><strong>\u1ee8ng d\u1ee5ng :<\/strong><\/p>\n<ul>\n<li>Qu\u1ea3n l\u00fd theo d\u00f5i ch\u0103n ga g\u1ed1i \u0111\u1ec7m kh\u00e1ch s\u1ea1n<\/li>\n<li>Nh\u00e0 m\u00e1y\/nh\u00e0 kho\/kh\u00e1ch s\u1ea1n\/b\u1ec7nh vi\u1ec7n\/c\u00f4ng vi\u00ean gi\u1ea3i tr\u00ed<\/li>\n<li data-spm-anchor-id=\"a2700.details.0.i115.60201a70jOXdOd\"><span data-spm-anchor-id=\"a2700.details.0.i120.60201a70jOXdOd\">\u0110\u1ed3ng ph\u1ee5c b\u1ec7nh vi\u1ec7n<\/span><\/li>\n<li data-spm-anchor-id=\"a2700.details.0.i118.60201a70jOXdOd\">V\u1ea3i lanh\/ Pallet\/ T\u00fai v\u1ea3i<\/li>\n<li>Gi\u1eb7t kh\u00f4<\/li>\n<li>S\u1eed d\u1ee5ng trong kh\u0103n tr\u1ea3i gi\u01b0\u1eddng kh\u00e1ch s\u1ea1n\/ G\u1eafn v\u00e0o v\u1ea3i\/ Qu\u1ea7n \u00e1o b\u1ea3o h\u1ed9 lao \u0111\u1ed9ng.<\/li>\n<li>Nh\u00e0 m\u00e1y may, nh\u00e0 m\u00e1y v\u1ea3i.<\/li>\n<\/ul>\n<p>&nbsp;<\/p>","protected":false},"excerpt":{"rendered":"<p>Th\u1ebb gi\u1eb7t b\u1eb1ng cao su silicon UHF RFID v\u1eeba m\u1ec1m d\u1ebbo v\u1eeba b\u1ec1n ch\u1eafc, \u0111\u01b0\u1ee3c thi\u1ebft k\u1ebf \u0111\u1ec3 ch\u1ecbu \u0111\u01b0\u1ee3c c\u00e1c \u0111i\u1ec1u ki\u1ec7n gi\u1eb7t \u0111\u00f2i h\u1ecfi kh\u1eaft khe nh\u01b0 s\u1ea5y kh\u00f4 li\u00ean t\u1ee5c b\u1eb1ng \u00e1p su\u1ea5t cao v\u00e0 \u1ee7i trong th\u1eddi gian ng\u1eafn. S\u1eed d\u1ee5ng c\u00f4ng ngh\u1ec7 UHF, c\u00e1c th\u1ebb gi\u1eb7t b\u1eb1ng silicon n\u00e0y c\u1ea3i thi\u1ec7n \u0111\u00e1ng k\u1ec3 kh\u1ea3 n\u0103ng giao ti\u1ebfp. Kh\u1ea3 n\u0103ng \u0111\u1ecdc \u0111\u1ed3ng th\u1eddi h\u00e0ng tr\u0103m th\u1ebb kh\u00f4ng ch\u1ec9 gi\u00fap gi\u1ea3m chi ph\u00ed lao \u0111\u1ed9ng li\u00ean quan \u0111\u1ebfn qu\u1ea3n l\u00fd th\u1ebb RFID m\u00e3 v\u1ea1ch ho\u1eb7c HF (t\u1ea7n s\u1ed1 cao) m\u00e0 c\u00f2n cung c\u1ea5p gi\u1ea3i ph\u00e1p theo d\u00f5i ti\u1ebft ki\u1ec7m chi ph\u00ed.<\/p>","protected":false},"featured_media":128,"template":"","meta":{"_kad_post_transparent":"default","_kad_post_title":"","_kad_post_layout":"default","_kad_post_sidebar_id":"","_kad_post_content_style":"default","_kad_post_vertical_padding":"default","_kad_post_feature":"","_kad_post_feature_position":"","_kad_post_header":false,"_kad_post_footer":false,"_kad_post_classname":""},"product_brand":[],"product_cat":[20,16],"product_tag":[63,62,64,61],"class_list":{"0":"post-127","1":"product","2":"type-product","3":"status-publish","4":"has-post-thumbnail","6":"product_cat-silicone-rfid-laundry-tag","7":"product_cat-uhf-rfid-laundry-tags","8":"product_tag-rfid-washing-tag","9":"product_tag-silicone-rfid-laundry-tag","10":"product_tag-silicone-rubber-uhf-rfid-laundry-tag","11":"product_tag-silicone-washable-rfid-laundry-tag","13":"first","14":"instock","15":"shipping-taxable","16":"product-type-simple","17":"entry","18":"content-bg","19":"loop-entry"},"_links":{"self":[{"href":"https:\/\/rfid-laundry-tag.com\/vi\/wp-json\/wp\/v2\/product\/127","targetHints":{"allow":["GET"]}}],"collection":[{"href":"https:\/\/rfid-laundry-tag.com\/vi\/wp-json\/wp\/v2\/product"}],"about":[{"href":"https:\/\/rfid-laundry-tag.com\/vi\/wp-json\/wp\/v2\/types\/product"}],"version-history":[{"count":0,"href":"https:\/\/rfid-laundry-tag.com\/vi\/wp-json\/wp\/v2\/product\/127\/revisions"}],"wp:featuredmedia":[{"embeddable":true,"href":"https:\/\/rfid-laundry-tag.com\/vi\/wp-json\/wp\/v2\/media\/128"}],"wp:attachment":[{"href":"https:\/\/rfid-laundry-tag.com\/vi\/wp-json\/wp\/v2\/media?parent=127"}],"wp:term":[{"taxonomy":"product_brand","embeddable":true,"href":"https:\/\/rfid-laundry-tag.com\/vi\/wp-json\/wp\/v2\/product_brand?post=127"},{"taxonomy":"product_cat","embeddable":true,"href":"https:\/\/rfid-laundry-tag.com\/vi\/wp-json\/wp\/v2\/product_cat?post=127"},{"taxonomy":"product_tag","embeddable":true,"href":"https:\/\/rfid-laundry-tag.com\/vi\/wp-json\/wp\/v2\/product_tag?post=127"}],"curies":[{"name":"wp","href":"https:\/\/api.w.org\/{rel}","templated":true}]}}