{"id":122,"date":"2024-06-12T06:05:12","date_gmt":"2024-06-12T06:05:12","guid":{"rendered":"https:\/\/rfid-laundry-tag.com\/?post_type=product&#038;p=122"},"modified":"2024-06-12T06:05:12","modified_gmt":"2024-06-12T06:05:12","slug":"silicone-washable-rfid-laundry-tag","status":"publish","type":"product","link":"https:\/\/rfid-laundry-tag.com\/vi\/silicone-washable-rfid-laundry-tag\/","title":{"rendered":"Th\u1ebb gi\u1eb7t RFID b\u1eb1ng silicon c\u00f3 th\u1ec3 gi\u1eb7t \u0111\u01b0\u1ee3c"},"content":{"rendered":"<table style=\"font-family: var(--global-body-font-family);\" width=\"537\">\n<tbody>\n<tr>\n<td width=\"228\">T\u00ean<\/td>\n<td width=\"309\">Th\u1ebb gi\u1eb7t RFID b\u1eb1ng silicon c\u00f3 th\u1ec3 gi\u1eb7t \u0111\u01b0\u1ee3c<\/td>\n<\/tr>\n<tr>\n<td width=\"228\">C\u00e1ch th\u1ee9c<\/td>\n<td width=\"309\">SL-01<\/td>\n<\/tr>\n<tr>\n<td width=\"228\">V\u1eadt li\u1ec7u<\/td>\n<td width=\"309\">Silicon<\/td>\n<\/tr>\n<tr>\n<td width=\"228\">M\u00e0u s\u1eafc<\/td>\n<td width=\"309\">Tr\u1eafng (Ho\u1eb7c t\u00f9y ch\u1ec9nh)<\/td>\n<\/tr>\n<tr>\n<td width=\"228\">K\u00edch c\u1ee1<\/td>\n<td width=\"309\">55mm*12mm, \u0111\u1ed9 d\u00e0y 2,5mm<\/td>\n<\/tr>\n<tr>\n<td width=\"228\">Chip<\/td>\n<td width=\"309\">915Mhz NXP U m\u00e3 9, Alien H3, H9, v.v.<\/td>\n<\/tr>\n<tr>\n<td width=\"228\">Nhi\u1ec7t \u0111\u1ed9 l\u00e0m vi\u1ec7c<\/td>\n<td width=\"309\">\u2013 25\u00baC \u0111\u1ebfn +75\u00baC<\/td>\n<\/tr>\n<tr>\n<td width=\"228\">Chu tr\u00ecnh gi\u1eb7t<\/td>\n<td width=\"309\">200 l\u1ea7n<\/td>\n<\/tr>\n<tr>\n<td width=\"228\">Kh\u00f4ng th\u1ea5m n\u01b0\u1edbc<\/td>\n<td width=\"309\">\u0110\u00fang<\/td>\n<\/tr>\n<tr>\n<td width=\"228\">Kh\u00e1ng h\u00f3a ch\u1ea5t<\/td>\n<td width=\"309\">\u0110\u00fang<\/td>\n<\/tr>\n<\/tbody>\n<\/table>\n<p data-spm-anchor-id=\"a2700.details.0.i116.60201a70jOXdOd\">\n<p data-spm-anchor-id=\"a2700.details.0.i116.60201a70jOXdOd\"><strong>\u1ee8ng d\u1ee5ng :<\/strong><\/p>\n<ul>\n<li>Qu\u1ea3n l\u00fd theo d\u00f5i ch\u0103n ga g\u1ed1i \u0111\u1ec7m kh\u00e1ch s\u1ea1n<\/li>\n<li>Nh\u00e0 m\u00e1y\/nh\u00e0 kho\/kh\u00e1ch s\u1ea1n\/b\u1ec7nh vi\u1ec7n\/c\u00f4ng vi\u00ean gi\u1ea3i tr\u00ed<\/li>\n<li data-spm-anchor-id=\"a2700.details.0.i115.60201a70jOXdOd\"><span data-spm-anchor-id=\"a2700.details.0.i120.60201a70jOXdOd\">\u0110\u1ed3ng ph\u1ee5c b\u1ec7nh vi\u1ec7n<\/span><\/li>\n<li data-spm-anchor-id=\"a2700.details.0.i118.60201a70jOXdOd\">V\u1ea3i lanh\/ Pallet\/ T\u00fai v\u1ea3i<\/li>\n<li>Gi\u1eb7t kh\u00f4<\/li>\n<li>S\u1eed d\u1ee5ng trong kh\u0103n tr\u1ea3i gi\u01b0\u1eddng kh\u00e1ch s\u1ea1n\/ G\u1eafn v\u00e0o v\u1ea3i\/ Qu\u1ea7n \u00e1o b\u1ea3o h\u1ed9 lao \u0111\u1ed9ng.<\/li>\n<li>Nh\u00e0 m\u00e1y may, nh\u00e0 m\u00e1y v\u1ea3i.<\/li>\n<\/ul>\n<p>&nbsp;<\/p>","protected":false},"excerpt":{"rendered":"<p>Th\u1ebb gi\u1eb7t b\u1eb1ng silicon RFID \u0111\u1ea1i di\u1ec7n cho c\u00f4ng ngh\u1ec7 ti\u00ean ti\u1ebfn \u0111\u1ec3 t\u1ef1 \u0111\u1ed9ng gi\u00e1m s\u00e1t v\u00e0 qu\u1ea3n l\u00fd h\u00e0ng t\u1ed3n kho trong ho\u1ea1t \u0111\u1ed9ng gi\u1eb7t l\u00e0. Nh\u1eefng th\u1ebb RFID n\u00e0y, m\u1ecfng, linh ho\u1ea1t v\u00e0 m\u1ec1m m\u1ea1i, \u0111\u01b0\u1ee3c thi\u1ebft k\u1ebf \u0111\u1ec3 ch\u1ed1ng l\u1ea1i h\u00f3a ch\u1ea5t, nhi\u1ec7t v\u00e0 \u00e1p l\u1ef1c v\u1eadt l\u00fd. \u0110\u01b0\u1ee3c trang b\u1ecb b\u1ed9 \u0111\u00e1p RFID m\u1ea1nh m\u1ebd, ch\u00fang \u0111\u01b0\u1ee3c ch\u1ebf t\u1ea1o \u0111\u1ec3 ch\u1ecbu \u0111\u01b0\u1ee3c h\u01a1n 200 l\u1ea7n gi\u1eb7t l\u1ed3ng v\u00e0 chu k\u1ef3 s\u1ea5y n\u00f3ng, ch\u01b0a k\u1ec3 \u0111\u1ebfn vi\u1ec7c gi\u1eb7t v\u00e0 \u1ee7i. Th\u01b0\u1eddng \u0111\u01b0\u1ee3c s\u1eed d\u1ee5ng trong theo d\u00f5i gi\u1eb7t l\u00e0 quy m\u00f4 l\u1edbn, th\u1ebb gi\u1eb7t b\u1eb1ng silicon RFID c\u1ee7a ch\u00fang t\u00f4i c\u00f3 th\u1ec3 d\u1ec5 d\u00e0ng k\u1ebft h\u1ee3p v\u00e0o nhi\u1ec1u lo\u1ea1i v\u1eadt li\u1ec7u d\u1ec7t kh\u00e1c nhau, ch\u1eb3ng h\u1ea1n nh\u01b0 v\u1ea3i lanh, \u00e1o c\u00e1nh, kh\u0103n t\u1eafm v\u00e0 trang ph\u1ee5c y t\u1ebf.<\/p>","protected":false},"featured_media":123,"template":"","meta":{"_kad_post_transparent":"default","_kad_post_title":"","_kad_post_layout":"default","_kad_post_sidebar_id":"","_kad_post_content_style":"default","_kad_post_vertical_padding":"default","_kad_post_feature":"","_kad_post_feature_position":"","_kad_post_header":false,"_kad_post_footer":false,"_kad_post_classname":""},"product_brand":[],"product_cat":[20],"product_tag":[62,61],"class_list":{"0":"post-122","1":"product","2":"type-product","3":"status-publish","4":"has-post-thumbnail","6":"product_cat-silicone-rfid-laundry-tag","7":"product_tag-silicone-rfid-laundry-tag","8":"product_tag-silicone-washable-rfid-laundry-tag","10":"first","11":"instock","12":"shipping-taxable","13":"product-type-simple","14":"entry","15":"content-bg","16":"loop-entry"},"_links":{"self":[{"href":"https:\/\/rfid-laundry-tag.com\/vi\/wp-json\/wp\/v2\/product\/122","targetHints":{"allow":["GET"]}}],"collection":[{"href":"https:\/\/rfid-laundry-tag.com\/vi\/wp-json\/wp\/v2\/product"}],"about":[{"href":"https:\/\/rfid-laundry-tag.com\/vi\/wp-json\/wp\/v2\/types\/product"}],"version-history":[{"count":0,"href":"https:\/\/rfid-laundry-tag.com\/vi\/wp-json\/wp\/v2\/product\/122\/revisions"}],"wp:featuredmedia":[{"embeddable":true,"href":"https:\/\/rfid-laundry-tag.com\/vi\/wp-json\/wp\/v2\/media\/123"}],"wp:attachment":[{"href":"https:\/\/rfid-laundry-tag.com\/vi\/wp-json\/wp\/v2\/media?parent=122"}],"wp:term":[{"taxonomy":"product_brand","embeddable":true,"href":"https:\/\/rfid-laundry-tag.com\/vi\/wp-json\/wp\/v2\/product_brand?post=122"},{"taxonomy":"product_cat","embeddable":true,"href":"https:\/\/rfid-laundry-tag.com\/vi\/wp-json\/wp\/v2\/product_cat?post=122"},{"taxonomy":"product_tag","embeddable":true,"href":"https:\/\/rfid-laundry-tag.com\/vi\/wp-json\/wp\/v2\/product_tag?post=122"}],"curies":[{"name":"wp","href":"https:\/\/api.w.org\/{rel}","templated":true}]}}