{"id":120,"date":"2024-06-12T05:14:47","date_gmt":"2024-06-12T05:14:47","guid":{"rendered":"https:\/\/rfid-laundry-tag.com\/?post_type=product&#038;p=120"},"modified":"2024-06-12T06:14:46","modified_gmt":"2024-06-12T06:14:46","slug":"pps-13-56mhz-rfid-laundry-clothes-tag","status":"publish","type":"product","link":"https:\/\/rfid-laundry-tag.com\/vi\/pps-13-56mhz-rfid-laundry-clothes-tag\/","title":{"rendered":"Th\u1ebb qu\u1ea7n \u00e1o GI\u1eb6T RFID PPS 13,56MHZ"},"content":{"rendered":"<div class=\"J_module\">\n<div class=\"ife-detail-decorate-table\">\n<table class=\"has-title all magic-6\">\n<tbody>\n<tr>\n<td colspan=\"1\" rowspan=\"1\">\n<div class=\"magic-7\" data-spm-anchor-id=\"a2700.details.0.i45.77607d98vZbcDU\"><span class=\"magic-8\" style=\"color: #363535;\">T\u00ean m\u1eb7t h\u00e0ng<\/span><\/div>\n<\/td>\n<td colspan=\"1\" rowspan=\"1\">\n<div class=\"magic-9\">Th\u1ebb qu\u1ea7n \u00e1o GI\u1eb6T RFID PPS 13,56MHZ<\/div>\n<\/td>\n<\/tr>\n<tr>\n<td colspan=\"1\" rowspan=\"1\">\n<div class=\"magic-7\"><span class=\"magic-10\" data-spm-anchor-id=\"a2700.pc-decorate.0.i10.28d333330XLbTD\"><span class=\"magic-8\">V\u1eadt li\u1ec7u<\/span><\/span><\/div>\n<\/td>\n<td colspan=\"1\" rowspan=\"1\">\n<div class=\"magic-9\"><span class=\"magic-8\">PPS<\/span><\/div>\n<\/td>\n<\/tr>\n<tr>\n<td colspan=\"1\" rowspan=\"1\">\n<div class=\"magic-7\"><span class=\"magic-8\">M\u00e0u s\u1eafc<\/span><\/div>\n<\/td>\n<td colspan=\"1\" rowspan=\"1\">\n<div class=\"magic-9\"><span class=\"magic-8\">\u0110en v.v.<\/span><\/div>\n<\/td>\n<\/tr>\n<tr>\n<td colspan=\"1\" rowspan=\"1\">S\u1ed1 l\u01b0\u1ee3ng \u0111\u1eb7t h\u00e0ng t\u1ed1i thi\u1ec3u<\/td>\n<td colspan=\"1\" rowspan=\"1\">500 chi\u1ebfc<\/td>\n<\/tr>\n<tr>\n<td colspan=\"1\" rowspan=\"1\">\n<div class=\"magic-7\"><span class=\"magic-8\">Nh\u00e0 s\u1ea3n xu\u1ea5t\/Chip<\/span><\/div>\n<\/td>\n<td colspan=\"1\" rowspan=\"1\">\n<div class=\"magic-9\"><span class=\"magic-8\">ISO15693: NXP I Code Slix; ISO14443A: Ntag213, Ntag215, Ntag216, Mifare Ultralight ev1, v.v.<\/span><\/div>\n<\/td>\n<\/tr>\n<tr>\n<td colspan=\"1\" rowspan=\"1\">\n<div class=\"magic-7\"><span class=\"magic-8\">T\u00ednh th\u01b0\u1eddng xuy\u00ean<\/span><\/div>\n<\/td>\n<td colspan=\"1\" rowspan=\"1\">\n<div class=\"magic-9\"><span class=\"magic-8\">13,56MHz<\/span><\/div>\n<\/td>\n<\/tr>\n<tr>\n<td colspan=\"1\" rowspan=\"1\">\n<div class=\"magic-7\"><span class=\"magic-8\">K\u00fd \u1ee9c<\/span><\/div>\n<\/td>\n<td colspan=\"1\" rowspan=\"1\">\n<div class=\"magic-9\"><span class=\"magic-8\">M\u00e3 NXP I Slix l\u00e0 1k Byte; b\u1ed9 nh\u1edb Chip kh\u00e1c: 144 Byte, 504 Byte, 888 Byte, 64 Byte, v.v.<\/span><\/div>\n<\/td>\n<\/tr>\n<tr>\n<td colspan=\"1\" rowspan=\"1\">\n<div class=\"magic-7\"><span class=\"magic-8\">Kho\u1ea3ng c\u00e1ch \u0111\u1ecdc<\/span><\/div>\n<\/td>\n<td colspan=\"1\" rowspan=\"1\">\n<div class=\"magic-9\"><span class=\"magic-8\">1~5cm<\/span><\/div>\n<\/td>\n<\/tr>\n<tr>\n<td colspan=\"1\" rowspan=\"1\">\n<div class=\"magic-7\"><span class=\"magic-8\">Ch\u1ebf \u0111\u1ed9 l\u00e0m vi\u1ec7c<\/span><\/div>\n<\/td>\n<td colspan=\"1\" rowspan=\"1\">\n<div class=\"magic-9\"><span class=\"magic-8\">th\u1ee5 \u0111\u1ed9ng<\/span><\/div>\n<\/td>\n<\/tr>\n<tr>\n<td colspan=\"1\" rowspan=\"1\">\n<div class=\"magic-7\"><span class=\"magic-8\">Nhi\u1ec7t \u0111\u1ed9 l\u00e0m vi\u1ec7c<\/span><\/div>\n<\/td>\n<td colspan=\"1\" rowspan=\"1\">\n<div class=\"magic-9\"><span class=\"magic-8\">-25\u2103~+110\u2103<\/span><\/div>\n<\/td>\n<\/tr>\n<tr>\n<td colspan=\"1\" rowspan=\"1\">\n<div class=\"magic-7\"><span class=\"magic-8\">Nhi\u1ec7t \u0111\u1ed9 l\u01b0u tr\u1eef<\/span><\/div>\n<\/td>\n<td colspan=\"1\" rowspan=\"1\">\n<div class=\"magic-9\"><span class=\"magic-8\">-40\u2103~+85\u2103<\/span><\/div>\n<\/td>\n<\/tr>\n<tr>\n<td colspan=\"1\" rowspan=\"1\">\n<div class=\"magic-7\">\n<div><span class=\"magic-8\">\u00a0<\/span><\/div>\n<p><span class=\"magic-8\">Kh\u1ea3 n\u0103ng ch\u1ecbu nhi\u1ec7t \u0111\u1ed9 ng\u1eafn h\u1ea1n<\/span><\/p>\n<\/div>\n<\/td>\n<td colspan=\"1\" rowspan=\"1\">\n<div class=\"magic-9\"><span class=\"magic-8\">gi\u1eb7t: 90\u2103, 15 ph\u00fat; s\u1ea5y kh\u00f4 tr\u01b0\u1edbc b\u1eb1ng b\u1ed9 chuy\u1ec3n \u0111\u1ed5i: 180\u2103, 30 ph\u00fat, 200 l\u1ea7n; \u1ee7i: 180\u2103, 10 gi\u00e2y, 200 l\u1ea7n; cao<br \/>\nnhi\u1ec7t \u0111\u1ed9 kh\u1eed tr\u00f9ng: 135\u2103, 20 ph\u00fat<\/span><\/div>\n<\/td>\n<\/tr>\n<tr>\n<td colspan=\"1\" rowspan=\"1\">\n<div class=\"magic-7\"><span class=\"magic-8\">\u0110\u1eb7c tr\u01b0ng<\/span><\/div>\n<\/td>\n<td colspan=\"1\" rowspan=\"1\">\n<div class=\"magic-9\"><span class=\"magic-8\">kh\u00f4ng th\u1ea5m n\u01b0\u1edbc, c\u00f3 th\u1ec3 gi\u1eb7t \u0111\u01b0\u1ee3c, ch\u1ecbu \u0111\u01b0\u1ee3c nhi\u1ec7t \u0111\u1ed9 cao<\/span><\/div>\n<\/td>\n<\/tr>\n<tr>\n<td colspan=\"1\" rowspan=\"1\">\n<div class=\"magic-7\">Giao th\u1ee9c<\/div>\n<\/td>\n<td colspan=\"1\" rowspan=\"1\">\n<div class=\"magic-9\"><span class=\"magic-8\">Ti\u00eau chu\u1ea9n ISO14443A\/15693<\/span><\/div>\n<\/td>\n<\/tr>\n<tr>\n<td colspan=\"1\" rowspan=\"1\">\n<div class=\"magic-7\"><span class=\"magic-8\">\u1ee8ng d\u1ee5ng<\/span><\/div>\n<\/td>\n<td colspan=\"1\" rowspan=\"1\">\n<div class=\"magic-9\"><span class=\"magic-8\">qu\u1ea3n l\u00fd v\u00e0 theo d\u00f5i gi\u1eb7t l\u00e0<\/span><\/div>\n<\/td>\n<\/tr>\n<\/tbody>\n<\/table>\n<\/div>\n<\/div>\n<div class=\"J_module\">\n<div class=\"detail-decorate-json-renderer-container\">\n<div class=\"magic-1\">\n<div class=\"magic-2\">\n<div class=\"auto-hide-last-sibling-br paragraph_1252f paragraph-element\">\n<div class=\"auto-hide-last-sibling-br paragraph_1252f paragraph-element\"><\/div>\n<div class=\"auto-hide-last-sibling-br paragraph_1252f paragraph-element\">\n<p><b>\u1ee8ng d\u1ee5ng\u00a0<\/b><br \/>\n\u2013 Gi\u1eb7t c\u00f4ng nghi\u1ec7p.<br \/>\n\u2013 Qu\u1ea3n l\u00fd \u0111\u1ed3ng ph\u1ee5c.<br \/>\n\u2013 Qu\u1ea3n l\u00fd trang ph\u1ee5c y t\u1ebf.<br \/>\n\u2013 Qu\u1ea3n l\u00fd trang ph\u1ee5c b\u1ea3o h\u1ed9 c\u00e1 nh\u00e2n.<br \/>\n\u2013 Qu\u1ea3n l\u00fd tu\u1ea7n tra nh\u00e2n s\u1ef1.<br \/>\n\u2013 Qu\u1ea3n l\u00fd thi\u1ebft b\u1ecb ph\u00f2ng ch\u00e1y ch\u1eefa ch\u00e1y.<br \/>\n\u2013 Qu\u1ea3n l\u00fd thi\u1ebft b\u1ecb tr\u01b0\u1ee3t tuy\u1ebft.<\/p>\n<\/div>\n<div><\/div>\n<\/div>\n<\/div>\n<div>\n<p>C\u00e1c <strong>IC ICODE SLIX<\/strong> l\u00e0 m\u1ed9t con chip chuy\u00ean d\u1ee5ng cho c\u00e1c \u1ee9ng d\u1ee5ng nh\u00e3n th\u00f4ng minh nh\u01b0 th\u01b0 vi\u1ec7n, x\u00e1c th\u1ef1c s\u1ea3n ph\u1ea9m trong c\u00e1c ng\u00e0nh c\u00f4ng nghi\u1ec7p kh\u00e1c nhau nh\u01b0 d\u01b0\u1ee3c ph\u1ea9m, thi\u1ebft b\u1ecb y t\u1ebf v\u00e0 r\u01b0\u1ee3u, c\u0169ng nh\u01b0 qu\u1ea3n l\u00fd s\u1ea3n xu\u1ea5t trong c\u00e1c l\u0129nh v\u1ef1c kh\u00e1c nhau c\u1ee7a ng\u00e0nh c\u00f4ng nghi\u1ec7p. IC n\u00e0y l\u00e0 th\u1ebf h\u1ec7 th\u1ee9 ba c\u1ee7a m\u1ed9t h\u1ecd s\u1ea3n ph\u1ea9m IC nh\u00e3n th\u00f4ng minh d\u1ef1a tr\u00ean c\u00e1c ti\u00eau chu\u1ea9n ISO ISO\/IEC 15693 v\u00e0 ISO\/IEC 18000-3, k\u00e9o d\u00e0i c\u00e2u chuy\u1ec7n th\u00e0nh c\u00f4ng c\u1ee7a NXP<sup>\u00ae<\/sup>\u00a0trong l\u0129nh v\u1ef1c h\u1ec7 th\u1ed1ng nh\u1eadn d\u1ea1ng khu v\u1ef1c l\u00e2n c\u1eadn.<\/p>\n<h3>Truy\u1ec1n d\u1eef li\u1ec7u v\u00e0 n\u0103ng l\u01b0\u1ee3ng kh\u00f4ng ti\u1ebfp x\u00fac<\/h3>\n<p>B\u1ea5t c\u1ee9 khi n\u00e0o \u0111\u01b0\u1ee3c k\u1ebft n\u1ed1i v\u1edbi m\u1ed9t lo\u1ea1i \u0103ng-ten r\u1ea5t \u0111\u01a1n gi\u1ea3n v\u00e0 d\u1ec5 s\u1ea3n xu\u1ea5t (do t\u1ea7n s\u1ed1 s\u00f3ng mang 13,56 MHz) \u0111\u01b0\u1ee3c t\u1ea1o th\u00e0nh t\u1eeb m\u1ed9t v\u00e0i cu\u1ed9n d\u00e2y \u0111\u01b0\u1ee3c in, qu\u1ea5n, kh\u1eafc ho\u1eb7c \u0111\u1ee5c l\u1ed7, IC ICODE SLIX c\u00f3 th\u1ec3 ho\u1ea1t \u0111\u1ed9ng m\u00e0 kh\u00f4ng c\u1ea7n \u0111\u01b0\u1eddng ng\u1eafm \u1edf kho\u1ea3ng c\u00e1ch l\u00ean \u0111\u1ebfn 1,5 m (chi\u1ec1u r\u1ed9ng c\u1ed5ng). Kh\u00f4ng c\u1ea7n pin. Khi nh\u00e3n th\u00f4ng minh \u0111\u01b0\u1ee3c \u0111\u1eb7t trong tr\u01b0\u1eddng c\u1ee7a \u0103ng-ten th\u1ea9m v\u1ea5n, giao di\u1ec7n truy\u1ec1n th\u00f4ng RF t\u1ed1c \u0111\u1ed9 cao cho ph\u00e9p truy\u1ec1n d\u1eef li\u1ec7u l\u00ean \u0111\u1ebfn 53 kbit\/gi\u00e2y.<\/p>\n<h3>Ch\u1ed1ng va ch\u1ea1m<\/h3>\n<p>Ch\u1ee9c n\u0103ng ch\u1ed1ng va ch\u1ea1m th\u00f4ng minh cho ph\u00e9p nhi\u1ec1u th\u1ebb ho\u1ea1t \u0111\u1ed9ng c\u00f9ng l\u00fac tr\u00ean th\u1ef1c \u0111\u1ecba. Thu\u1eadt to\u00e1n ch\u1ed1ng va ch\u1ea1m ch\u1ecdn t\u1eebng th\u1ebb ri\u00eang l\u1ebb v\u00e0 \u0111\u1ea3m b\u1ea3o th\u1ef1c hi\u1ec7n giao d\u1ecbch v\u1edbi th\u1ebb \u0111\u00e3 ch\u1ecdn \u0111\u01b0\u1ee3c th\u1ef1c hi\u1ec7n ch\u00ednh x\u00e1c m\u00e0 kh\u00f4ng l\u00e0m h\u1ecfng d\u1eef li\u1ec7u do c\u00e1c th\u1ebb kh\u00e1c tr\u00ean th\u1ef1c \u0111\u1ecba g\u00e2y ra.<\/p>\n<h3>\u0110\u1eb7c tr\u01b0ng<\/h3>\n<div id=\"featuresXsp\" class=\"features-list\">\n<div class=\"features-xsp\">\n<div class=\"collapse-mobile ste-list\">\n<h3>Giao di\u1ec7n RF ICODE SLIX (ISO\/IEC 15693)<\/h3>\n<ul class=\"boxes\">\n<li>Truy\u1ec1n d\u1eef li\u1ec7u v\u00e0 cung c\u1ea5p n\u0103ng l\u01b0\u1ee3ng kh\u00f4ng ti\u1ebfp x\u00fac (kh\u00f4ng c\u1ea7n pin)<\/li>\n<li>Kho\u1ea3ng c\u00e1ch ho\u1ea1t \u0111\u1ed9ng: l\u00ean \u0111\u1ebfn 1,5 m (t\u00f9y thu\u1ed9c v\u00e0o h\u00ecnh d\u1ea1ng \u0103ng-ten)<\/li>\n<li>T\u1ea7n s\u1ed1 ho\u1ea1t \u0111\u1ed9ng: 13,56 MHz (ISM, gi\u1ea5y ph\u00e9p to\u00e0n c\u1ea7u mi\u1ec5n ph\u00ed)<\/li>\n<li>Truy\u1ec1n d\u1eef li\u1ec7u nhanh: l\u00ean \u0111\u1ebfn 53 kbit\/gi\u00e2y<\/li>\n<li>T\u00ednh to\u00e0n v\u1eb9n d\u1eef li\u1ec7u cao: CRC 16 bit, \u0111\u00f3ng khung<\/li>\n<li>Ch\u1ed1ng va ch\u1ea1m th\u1ef1c s\u1ef1<\/li>\n<li>Gi\u00e1m s\u00e1t b\u00e0i vi\u1ebft \u0111i\u1ec7n t\u1eed \u0111\u01b0\u1ee3c b\u1ea3o v\u1ec7 b\u1eb1ng m\u1eadt kh\u1ea9u (EAS)<\/li>\n<li>M\u00e3 \u0111\u1ecbnh danh h\u1ecd \u1ee9ng d\u1ee5ng (AFI) \u0111\u01b0\u1ee3c b\u1ea3o v\u1ec7 b\u1eb1ng m\u1eadt kh\u1ea9u<\/li>\n<li>\u0110\u1ecbnh d\u1ea1ng l\u01b0u tr\u1eef d\u1eef li\u1ec7u (DSFID)<\/li>\n<li>\u0110\u1ecdc ch\u1ed1ng va ch\u1ea1m nhanh b\u1ed5 sung<\/li>\n<li>Kho\u1ea3ng c\u00e1ch ghi b\u1eb1ng kho\u1ea3ng c\u00e1ch \u0111\u1ecdc<\/li>\n<\/ul>\n<\/div>\n<div class=\"collapse-mobile ste-list\">\n<h3>B\u1ed9 nh\u1edb EEPROM<\/h3>\n<ul class=\"boxes\">\n<li>1024 bit, \u0111\u01b0\u1ee3c t\u1ed5 ch\u1ee9c th\u00e0nh 32 kh\u1ed1i, m\u1ed7i kh\u1ed1i 4 byte<\/li>\n<li>L\u01b0u gi\u1eef d\u1eef li\u1ec7u 50 n\u0103m<\/li>\n<li>\u0110\u1ed9 b\u1ec1n ghi 100000 chu k\u1ef3<\/li>\n<\/ul>\n<\/div>\n<div class=\"collapse-mobile ste-list\">\n<h3>B\u1ea3o v\u1ec7<\/h3>\n<ul class=\"boxes\">\n<li>M\u00e3 \u0111\u1ecbnh danh duy nh\u1ea5t cho m\u1ed7i thi\u1ebft b\u1ecb<\/li>\n<li>C\u01a1 ch\u1ebf kh\u00f3a cho m\u1ed7i kh\u1ed1i b\u1ed9 nh\u1edb ng\u01b0\u1eddi d\u00f9ng (b\u1ea3o v\u1ec7 ghi)<\/li>\n<li>C\u01a1 ch\u1ebf kh\u00f3a cho DSFID, AFI, EAS<\/li>\n<li>Ch\u1ee9c n\u0103ng EAS v\u00e0 AFI \u0111\u01b0\u1ee3c b\u1ea3o v\u1ec7 b\u1eb1ng m\u1eadt kh\u1ea9u (32 bit)<\/li>\n<\/ul>\n<h1 id=\"hero-title\" class=\"sp-hero-title\">Th\u1ebb NTAG<sup>\u00ae<\/sup>\u00a0213\/215\/216: IC tu\u00e2n th\u1ee7 th\u1ebb lo\u1ea1i 2 c\u1ee7a Di\u1ec5n \u0111\u00e0n NFC v\u1edbi b\u1ed9 nh\u1edb ng\u01b0\u1eddi d\u00f9ng 144\/504\/888 Byte<\/h1>\n<\/div>\n<\/div>\n<\/div>\n<\/div>\n<div class=\"magic-2\">\n<div class=\"auto-hide-last-sibling-br paragraph_1252f paragraph-element\">\n<p>NTAG 213, NTAG 215 v\u00e0 NTAG 216 \u0111\u00e3 \u0111\u01b0\u1ee3c ph\u00e1t tri\u1ec3n b\u1edfi NXP<sup>\u00ae<\/sup>\u00a0Ch\u1ea5t b\u00e1n d\u1eabn l\u00e0 IC th\u1ebb NFC ti\u00eau chu\u1ea9n \u0111\u01b0\u1ee3c s\u1eed d\u1ee5ng trong c\u00e1c \u1ee9ng d\u1ee5ng th\u1ecb tr\u01b0\u1eddng \u0111\u1ea1i ch\u00fang nh\u01b0 b\u00e1n l\u1ebb, ch\u01a1i game v\u00e0 \u0111i\u1ec7n t\u1eed ti\u00eau d\u00f9ng, k\u1ebft h\u1ee3p v\u1edbi c\u00e1c thi\u1ebft b\u1ecb NFC ho\u1eb7c Thi\u1ebft b\u1ecb gh\u00e9p n\u1ed1i ti\u1ec7m c\u1eadn tu\u00e2n th\u1ee7 NFC. NTAG 213, NTAG 215 v\u00e0 NTAG 216 (t\u1eeb nay tr\u1edf \u0111i, th\u01b0\u1eddng \u0111\u01b0\u1ee3c g\u1ecdi l\u00e0 NTAG 21x) \u0111\u01b0\u1ee3c thi\u1ebft k\u1ebf \u0111\u1ec3 tu\u00e2n th\u1ee7 \u0111\u1ea7y \u0111\u1ee7 c\u00e1c th\u00f4ng s\u1ed1 k\u1ef9 thu\u1eadt c\u1ee7a NFC Forum Type 2 Tag v\u00e0 ISO\/IEC14443 Type A.<\/p>\n<p>C\u00e1c \u1ee9ng d\u1ee5ng m\u1ee5c ti\u00eau bao g\u1ed3m qu\u1ea3ng c\u00e1o th\u00f4ng minh tr\u00ean ph\u01b0\u01a1ng ti\u1ec7n in \u1ea5n v\u00e0 ngo\u00e0i tr\u1eddi, \u1ee9ng d\u1ee5ng SoLoMo, x\u00e1c th\u1ef1c s\u1ea3n ph\u1ea9m, nh\u00e3n k\u1ec7 NFC v\u00e0 th\u1ebb \u0111\u1ed3ng h\u00e0nh di \u0111\u1ed9ng.<\/p>\n<p>C\u00e1c tr\u01b0\u1eddng h\u1ee3p s\u1eed d\u1ee5ng m\u1ee5c ti\u00eau bao g\u1ed3m qu\u1ea3ng c\u00e1o th\u00f4ng minh ngo\u00e0i tr\u1eddi, x\u00e1c th\u1ef1c s\u1ea3n ph\u1ea9m, th\u1ebb \u0111\u1ed3ng h\u00e0nh tr\u00ean thi\u1ebft b\u1ecb di \u0111\u1ed9ng, Bluetooth<sup>\u00ae<\/sup>\u00a0ho\u1eb7c gh\u00e9p n\u1ed1i Wi-Fi, nh\u00e3n k\u1ec7 \u0111i\u1ec7n t\u1eed v\u00e0 danh thi\u1ebfp. B\u1ed9 nh\u1edb NTAG 21x c\u0169ng c\u00f3 th\u1ec3 \u0111\u01b0\u1ee3c ph\u00e2n \u0111o\u1ea1n \u0111\u1ec3 tri\u1ec3n khai nhi\u1ec1u \u1ee9ng d\u1ee5ng c\u00f9ng m\u1ed9t l\u00fac.<\/p>\n<p>Nh\u1edd \u0111i\u1ec7n dung \u0111\u1ea7u v\u00e0o cao, IC th\u1ebb NTAG 21x \u0111\u01b0\u1ee3c thi\u1ebft k\u1ebf ri\u00eang cho c\u00e1c \u1ee9ng d\u1ee5ng y\u00eau c\u1ea7u di\u1ec7n t\u00edch nh\u1ecf m\u00e0 kh\u00f4ng \u1ea3nh h\u01b0\u1edfng \u0111\u1ebfn hi\u1ec7u su\u1ea5t. Th\u1ebb NFC nh\u1ecf c\u00f3 th\u1ec3 d\u1ec5 d\u00e0ng nh\u00fang v\u00e0o, v\u00ed d\u1ee5, nh\u00e3n s\u1ea3n ph\u1ea9m ho\u1eb7c thi\u1ebft b\u1ecb \u0111i\u1ec7n t\u1eed.<\/p>\n<p>C\u00e1c th\u00f4ng s\u1ed1 k\u1ef9 thu\u1eadt c\u01a1 v\u00e0 \u0111i\u1ec7n c\u1ee7a NTAG 21x \u0111\u01b0\u1ee3c thi\u1ebft k\u1ebf ri\u00eang \u0111\u1ec3 \u0111\u00e1p \u1ee9ng c\u00e1c y\u00eau c\u1ea7u c\u1ee7a nh\u00e0 s\u1ea3n xu\u1ea5t mi\u1ebfng d\u00e1n v\u00e0 th\u1ebb.<\/p>\n<h3>Truy\u1ec1n d\u1eef li\u1ec7u v\u00e0 n\u0103ng l\u01b0\u1ee3ng kh\u00f4ng ti\u1ebfp x\u00fac<\/h3>\n<p>Ch\u1ec9 c\u00f3 th\u1ec3 thi\u1ebft l\u1eadp k\u1ebft n\u1ed1i v\u1edbi NTAG 21x khi IC \u0111\u01b0\u1ee3c k\u1ebft n\u1ed1i v\u1edbi \u0103ng-ten.<\/p>\n<p>Khi NTAG 21x \u0111\u01b0\u1ee3c \u0111\u1eb7t trong tr\u01b0\u1eddng RF, giao di\u1ec7n truy\u1ec1n th\u00f4ng RF t\u1ed1c \u0111\u1ed9 cao cho ph\u00e9p truy\u1ec1n d\u1eef li\u1ec7u v\u1edbi t\u1ed1c \u0111\u1ed9 truy\u1ec1n 106 kbit\/gi\u00e2y.<\/p>\n<h3>Tri\u1ec3n khai \u0111\u01a1n gi\u1ea3n v\u00e0 ti\u1ec7n l\u1ee3i cho ng\u01b0\u1eddi d\u00f9ng<\/h3>\n<p>NTAG 21x cung c\u1ea5p c\u00e1c t\u00ednh n\u0103ng c\u1ee5 th\u1ec3 \u0111\u01b0\u1ee3c thi\u1ebft k\u1ebf \u0111\u1ec3 c\u1ea3i thi\u1ec7n kh\u1ea3 n\u0103ng t\u00edch h\u1ee3p v\u00e0 s\u1ef1 ti\u1ec7n l\u1ee3i cho ng\u01b0\u1eddi d\u00f9ng:<\/p>\n<ul>\n<li>Kh\u1ea3 n\u0103ng \u0111\u1ecdc nhanh cho ph\u00e9p qu\u00e9t to\u00e0n b\u1ed9 tin nh\u1eafn NDEF ch\u1ec9 b\u1eb1ng m\u1ed9t l\u1ec7nh FAST_READ, do \u0111\u00f3 gi\u1ea3m chi ph\u00ed trong m\u00f4i tr\u01b0\u1eddng s\u1ea3n xu\u1ea5t th\u00f4ng l\u01b0\u1ee3ng cao<\/li>\n<li>Hi\u1ec7u su\u1ea5t RF \u0111\u01b0\u1ee3c c\u1ea3i thi\u1ec7n cho ph\u00e9p linh ho\u1ea1t h\u01a1n trong vi\u1ec7c l\u1ef1a ch\u1ecdn h\u00ecnh d\u1ea1ng, k\u00edch th\u01b0\u1edbc v\u00e0 v\u1eadt li\u1ec7u<\/li>\n<li>T\u00f9y ch\u1ecdn \u0111\u1ed9 d\u00e0y IC 75 \u03bcm cho ph\u00e9p s\u1ea3n xu\u1ea5t c\u00e1c th\u1ebb si\u00eau m\u1ecfng, \u0111\u1ec3 t\u00edch h\u1ee3p thu\u1eadn ti\u1ec7n h\u01a1n v\u00e0o, v\u00ed d\u1ee5, t\u1ea1p ch\u00ed ho\u1eb7c th\u1ebb ch\u01a1i game<\/li>\n<\/ul>\n<h3>B\u1ea3o v\u1ec7<\/h3>\n<ul>\n<li>Nh\u00e0 s\u1ea3n xu\u1ea5t l\u1eadp tr\u00ecnh UID 7 byte cho m\u1ed7i thi\u1ebft b\u1ecb<\/li>\n<li>Container Kh\u1ea3 n\u0103ng \u0111\u01b0\u1ee3c l\u1eadp tr\u00ecnh s\u1eb5n v\u1edbi c\u00e1c bit c\u00f3 th\u1ec3 l\u1eadp tr\u00ecnh m\u1ed9t l\u1ea7n<\/li>\n<li>Ch\u1ee9c n\u0103ng kh\u00f3a ch\u1ec9 \u0111\u1ecdc c\u00f3 th\u1ec3 l\u1eadp tr\u00ecnh t\u1ea1i hi\u1ec7n tr\u01b0\u1eddng<\/li>\n<li>Ch\u1eef k\u00fd g\u1ed1c d\u1ef1a tr\u00ean ECC<\/li>\n<li>B\u1ea3o v\u1ec7 b\u1eb1ng m\u1eadt kh\u1ea9u 32-bit \u0111\u1ec3 ng\u0103n ch\u1eb7n c\u00e1c ho\u1ea1t \u0111\u1ed9ng b\u1ed9 nh\u1edb tr\u00e1i ph\u00e9p<\/li>\n<\/ul>\n<h3>Tu\u00e2n th\u1ee7 lo\u1ea1i Th\u1ebb Di\u1ec5n \u0111\u00e0n NFC 2<\/h3>\n<p>IC NTAG 21x tu\u00e2n th\u1ee7 \u0111\u1ea7y \u0111\u1ee7 th\u00f4ng s\u1ed1 k\u1ef9 thu\u1eadt c\u1ee7a NFC Forum Tag 2 v\u00e0 cho ph\u00e9p c\u1ea5u h\u00ecnh c\u1ea5u tr\u00fac d\u1eef li\u1ec7u NDEF.<\/p>\n<h3>Ch\u1ed1ng va ch\u1ea1m<\/h3>\n<p>Ch\u1ee9c n\u0103ng ch\u1ed1ng va ch\u1ea1m th\u00f4ng minh cho ph\u00e9p v\u1eadn h\u00e0nh nhi\u1ec1u th\u1ebb c\u00f9ng l\u00fac tr\u00ean th\u1ef1c \u0111\u1ecba. Thu\u1eadt to\u00e1n ch\u1ed1ng va ch\u1ea1m ch\u1ecdn t\u1eebng th\u1ebb ri\u00eang l\u1ebb v\u00e0 \u0111\u1ea3m b\u1ea3o th\u1ef1c hi\u1ec7n giao d\u1ecbch v\u1edbi th\u1ebb \u0111\u00e3 ch\u1ecdn \u0111\u01b0\u1ee3c th\u1ef1c hi\u1ec7n ch\u00ednh x\u00e1c m\u00e0 kh\u00f4ng b\u1ecb \u1ea3nh h\u01b0\u1edfng b\u1edfi th\u1ebb kh\u00e1c tr\u00ean th\u1ef1c \u0111\u1ecba.<\/p>\n<div class=\"auto-hide-last-sibling-br paragraph_1252f paragraph-element\"><\/div>\n<div class=\"auto-hide-last-sibling-br paragraph_1252f paragraph-element\"><\/div>\n<\/div>\n<\/div>\n<\/div>\n<\/div>\n<\/div>","protected":false},"excerpt":{"rendered":"<p>Th\u1ebb qu\u1ea7n \u00e1o gi\u1eb7t RFID PPS 13,56 MHz \u0111\u01b0\u1ee3c ch\u1ebf t\u1ea1o kh\u00e9o l\u00e9o \u0111\u1ec3 t\u00edch h\u1ee3p ho\u1eb7c d\u00e1n tr\u00ean kh\u0103n tr\u1ea3i gi\u01b0\u1eddng, kh\u0103n t\u1eafm v\u00e0 trang ph\u1ee5c ho\u1eb7c \u0111\u1ed3ng ph\u1ee5c y t\u1ebf ch\u00ednh y\u00eau c\u1ea7u Th\u1ebb RFID ch\u1eafc ch\u1eafn nh\u01b0ng c\u00f3 \u0111\u01b0\u1eddng k\u00ednh nh\u1ecf. Th\u1ebb t\u1ef1 h\u00e0o c\u00f3 c\u1ea5u tr\u00fac PPS + epoxy \u0111\u1ea3m b\u1ea3o kh\u1ea3 n\u0103ng ph\u1ee5c h\u1ed3i trong \u0111i\u1ec1u ki\u1ec7n \u00e1p su\u1ea5t cao v\u00e0 nhi\u1ec7t \u0111\u1ed9 cao, khi\u1ebfn th\u1ebb \u0111\u1eb7c bi\u1ec7t b\u1ec1n \u0111\u1ed1i v\u1edbi c\u00e1c ng\u00e0nh c\u00f4ng nghi\u1ec7p kh\u1eaft khe. Ngo\u00e0i ra, ch\u00fang t\u00f4i c\u00f2n cung c\u1ea5p c\u00e1c th\u1ebb \u0111\u01b0\u1ee3c trang b\u1ecb c\u1ea3 chip nh\u1edb NFC ISO 15693 v\u00e0 14443, gi\u00fap ch\u00fang c\u00f3 th\u1ec3 th\u00edch \u1ee9ng v\u1edbi nhi\u1ec1u nhu c\u1ea7u kh\u00e1c nhau.<\/p>","protected":false},"featured_media":121,"template":"","meta":{"_kad_post_transparent":"default","_kad_post_title":"","_kad_post_layout":"default","_kad_post_sidebar_id":"","_kad_post_content_style":"default","_kad_post_vertical_padding":"default","_kad_post_feature":"","_kad_post_feature_position":"","_kad_post_header":false,"_kad_post_footer":false,"_kad_post_classname":""},"product_brand":[],"product_cat":[21,17,53],"product_tag":[39,60,57,45],"class_list":{"0":"post-120","1":"product","2":"type-product","3":"status-publish","4":"has-post-thumbnail","6":"product_cat-pps-rfid-laundry-tag","7":"product_cat-nfc-rfid-laundry-tag","8":"product_cat-rfid-clothes-tag","9":"product_tag-nfc-laundry-tag","10":"product_tag-pps-13-56mhz-rfid-laundry-clothes-tag","11":"product_tag-pps-rfid-laundry-tags","12":"product_tag-pps-washable-nfc-tags","14":"first","15":"instock","16":"shipping-taxable","17":"product-type-simple","18":"entry","19":"content-bg","20":"loop-entry"},"_links":{"self":[{"href":"https:\/\/rfid-laundry-tag.com\/vi\/wp-json\/wp\/v2\/product\/120","targetHints":{"allow":["GET"]}}],"collection":[{"href":"https:\/\/rfid-laundry-tag.com\/vi\/wp-json\/wp\/v2\/product"}],"about":[{"href":"https:\/\/rfid-laundry-tag.com\/vi\/wp-json\/wp\/v2\/types\/product"}],"version-history":[{"count":0,"href":"https:\/\/rfid-laundry-tag.com\/vi\/wp-json\/wp\/v2\/product\/120\/revisions"}],"wp:featuredmedia":[{"embeddable":true,"href":"https:\/\/rfid-laundry-tag.com\/vi\/wp-json\/wp\/v2\/media\/121"}],"wp:attachment":[{"href":"https:\/\/rfid-laundry-tag.com\/vi\/wp-json\/wp\/v2\/media?parent=120"}],"wp:term":[{"taxonomy":"product_brand","embeddable":true,"href":"https:\/\/rfid-laundry-tag.com\/vi\/wp-json\/wp\/v2\/product_brand?post=120"},{"taxonomy":"product_cat","embeddable":true,"href":"https:\/\/rfid-laundry-tag.com\/vi\/wp-json\/wp\/v2\/product_cat?post=120"},{"taxonomy":"product_tag","embeddable":true,"href":"https:\/\/rfid-laundry-tag.com\/vi\/wp-json\/wp\/v2\/product_tag?post=120"}],"curies":[{"name":"wp","href":"https:\/\/api.w.org\/{rel}","templated":true}]}}