{"id":117,"date":"2024-06-12T05:06:31","date_gmt":"2024-06-12T05:06:31","guid":{"rendered":"https:\/\/rfid-laundry-tag.com\/?post_type=product&#038;p=117"},"modified":"2024-08-14T16:49:35","modified_gmt":"2024-08-14T16:49:35","slug":"rfid-laundry-tag-pps-em4305","status":"publish","type":"product","link":"https:\/\/rfid-laundry-tag.com\/vi\/rfid-laundry-tag-pps-em4305\/","title":{"rendered":"Th\u1ebb gi\u1eb7t \u1ee7i RFID-PPS-EM4305"},"content":{"rendered":"<div class=\"J_module\">\n<div class=\"ife-detail-decorate-table\">\n<table style=\"border-collapse: collapse; width: 451.23pt;\" border=\"0\" width=\"752\" cellspacing=\"0\" cellpadding=\"0\">\n<tbody>\n<tr style=\"height: 28.00pt;\">\n<td class=\"et2\" style=\"height: 28.00pt; width: 138.60pt;\" width=\"231\" height=\"46\">T\u00ean m\u1eb7t h\u00e0ng<\/td>\n<td class=\"et3\" style=\"width: 312.60pt;\" width=\"521\">Th\u1ebb gi\u1eb7t \u1ee7i RFID-PPS-EM4305<\/td>\n<\/tr>\n<tr style=\"height: 14.40pt;\">\n<td class=\"et3\" style=\"height: 14.40pt; width: 138.60pt;\" width=\"231\" height=\"24\">V\u1eadt li\u1ec7u<\/td>\n<td class=\"et3\" style=\"width: 312.60pt;\" width=\"521\">PPS<\/td>\n<\/tr>\n<tr style=\"height: 14.40pt;\">\n<td class=\"et3\" style=\"height: 14.40pt; width: 138.60pt;\" width=\"231\" height=\"24\">M\u00e0u s\u1eafc<\/td>\n<td class=\"et3\" style=\"width: 312.60pt;\" width=\"521\">\u0110en<\/td>\n<\/tr>\n<tr style=\"height: 14.40pt;\">\n<td class=\"et3\" style=\"height: 14.40pt; width: 138.60pt;\" width=\"231\" height=\"24\">S\u1ed1 l\u01b0\u1ee3ng \u0111\u1eb7t h\u00e0ng t\u1ed1i thi\u1ec3u<\/td>\n<td class=\"et3\" style=\"width: 312.60pt;\" width=\"521\">500 chi\u1ebfc<\/td>\n<\/tr>\n<tr style=\"height: 42.00pt;\">\n<td class=\"et3\" style=\"height: 42.00pt; width: 138.60pt;\" width=\"231\" height=\"70\">Nh\u00e0 s\u1ea3n xu\u1ea5t\/Chip<\/td>\n<td class=\"et3\" style=\"width: 312.60pt;\" width=\"521\">EM4200,TK4100,EM4305,T5577 v.v.<\/td>\n<\/tr>\n<tr style=\"height: 14.40pt;\">\n<td class=\"et3\" style=\"height: 14.40pt; width: 138.60pt;\" width=\"231\" height=\"24\">T\u00ednh th\u01b0\u1eddng xuy\u00ean<\/td>\n<td class=\"et3\" style=\"width: 312.60pt;\" width=\"521\">125Khz<\/td>\n<\/tr>\n<tr style=\"height: 70.00pt;\">\n<td class=\"et3\" style=\"height: 70.00pt; width: 138.60pt;\" width=\"231\" height=\"116\">K\u00edch c\u1ee1<\/td>\n<td class=\"et3\" style=\"width: 312.60pt;\" width=\"521\">\u0110\u01b0\u1eddng k\u00ednh 14mm, \u0110\u01b0\u1eddng k\u00ednh 15mm, \u0110\u01b0\u1eddng k\u00ednh 18mm, \u0110\u01b0\u1eddng k\u00ednh 20mm,<\/p>\n<p>\u0110\u01b0\u1eddng k\u00ednh 22mm, \u0110\u01b0\u1eddng k\u00ednh 24mm, \u0110\u01b0\u1eddng k\u00ednh 30mm, v.v.<\/td>\n<\/tr>\n<tr style=\"height: 14.40pt;\">\n<td class=\"et3\" style=\"height: 14.40pt; width: 138.60pt;\" width=\"231\" height=\"24\">Kho\u1ea3ng c\u00e1ch \u0111\u1ecdc<\/td>\n<td class=\"et3\" style=\"width: 312.60pt;\" width=\"521\">1~5cm<\/td>\n<\/tr>\n<tr style=\"height: 14.40pt;\">\n<td class=\"et3\" style=\"height: 14.40pt; width: 138.60pt;\" width=\"231\" height=\"24\">Ch\u1ebf \u0111\u1ed9 l\u00e0m vi\u1ec7c<\/td>\n<td class=\"et3\" style=\"width: 312.60pt;\" width=\"521\">th\u1ee5 \u0111\u1ed9ng<\/td>\n<\/tr>\n<tr style=\"height: 14.40pt;\">\n<td class=\"et3\" style=\"height: 14.40pt; width: 138.60pt;\" width=\"231\" height=\"24\">Nhi\u1ec7t \u0111\u1ed9 l\u00e0m vi\u1ec7c<\/td>\n<td class=\"et3\" style=\"width: 312.60pt;\" width=\"521\">-25<span class=\"font0\">\u2103<\/span><span class=\"font2\">~+110<\/span><span class=\"font0\">\u2103<\/span><\/td>\n<\/tr>\n<tr style=\"height: 14.40pt;\">\n<td class=\"et3\" style=\"height: 14.40pt; width: 138.60pt;\" width=\"231\" height=\"24\">Nhi\u1ec7t \u0111\u1ed9 l\u01b0u tr\u1eef<\/td>\n<td class=\"et3\" style=\"width: 312.60pt;\" width=\"521\">-40<span class=\"font0\">\u2103<\/span><span class=\"font2\">~+85<\/span><span class=\"font0\">\u2103<\/span><\/td>\n<\/tr>\n<tr style=\"height: 73.00pt;\">\n<td class=\"et4\" style=\"height: 73.00pt;\" height=\"121\">Th\u00f4ng s\u1ed1 k\u1ef9 thu\u1eadt ho\u1ea1t \u0111\u1ed9ng<\/td>\n<td class=\"et3\" style=\"width: 312.60pt;\" width=\"521\">Kh\u00f4ng th\u1ea5m n\u01b0\u1edbc; ch\u1ecbu \u0111\u01b0\u1ee3c ng\u00e2m trong n\u01b0\u1edbc mu\u1ed1i, c\u1ed3n, d\u1ea7u, 10%HCL; Amoniac; va \u0111\u1eadp v\u00e0 rung \u0111\u1ed9ng<\/td>\n<\/tr>\n<tr style=\"height: 14.40pt;\">\n<td class=\"et3\" style=\"height: 14.40pt; width: 138.60pt;\" width=\"231\" height=\"24\">\u0110\u1eb7c tr\u01b0ng<\/td>\n<td class=\"et3\" style=\"width: 312.60pt;\" width=\"521\">kh\u00f4ng th\u1ea5m n\u01b0\u1edbc, c\u00f3 th\u1ec3 gi\u1eb7t \u0111\u01b0\u1ee3c, ch\u1ecbu \u0111\u01b0\u1ee3c nhi\u1ec7t \u0111\u1ed9 cao<\/td>\n<\/tr>\n<tr style=\"height: 14.40pt;\">\n<td class=\"et3\" style=\"height: 14.40pt; width: 138.60pt;\" width=\"231\" height=\"24\">\u1ee8ng d\u1ee5ng<\/td>\n<td class=\"et3\" style=\"width: 312.60pt;\" width=\"521\">qu\u1ea3n l\u00fd v\u00e0 theo d\u00f5i gi\u1eb7t l\u00e0<\/td>\n<\/tr>\n<\/tbody>\n<\/table>\n<\/div>\n<\/div>\n<div class=\"J_module\">\n<div class=\"detail-decorate-json-renderer-container\">\n<div class=\"magic-1\">\n<div>\n<div><\/div>\n<\/div>\n<div class=\"magic-2\">\n<div>\n<div class=\"auto-hide-last-sibling-br paragraph_1252f paragraph-element\">\n<div class=\"auto-hide-last-sibling-br paragraph_1252f paragraph-element\"><strong>Th\u1ebb gi\u1eb7t \u1ee7i RFID PPS 125kHz<\/strong> mang l\u1ea1i nhi\u1ec1u l\u1ee3i \u00edch khi t\u00edch h\u1ee3p v\u00e0o gi\u1ea3i ph\u00e1p th\u1ebb gi\u1eb7t l\u00e0 RFID.<\/div>\n<div class=\"auto-hide-last-sibling-br paragraph_1252f paragraph-element\">Trong s\u1ed1 nh\u1eefng l\u1ee3i \u00edch n\u00e0y c\u00f3:<\/div>\n<ol class=\"auto-hide-last-sibling-br\">\n<li>Gi\u00e1 tr\u1ef1c ti\u1ebfp t\u1eeb nh\u00e0 m\u00e1y \u0111\u1ea3m b\u1ea3o gi\u1ea3i ph\u00e1p ti\u1ebft ki\u1ec7m chi ph\u00ed.<\/li>\n<li>Ch\u1ea5t l\u01b0\u1ee3ng \u0111\u01b0\u1ee3c \u0111\u1ea3m b\u1ea3o, v\u1edbi th\u1eed nghi\u1ec7m 100% \u0111\u01b0\u1ee3c ti\u1ebfn h\u00e0nh tr\u01b0\u1edbc khi giao h\u00e0ng.<\/li>\n<li>\u0110\u1ed9 tin c\u1eady l\u00e2u d\u00e0i, \u0111\u01b0\u1ee3c ch\u1ee9ng nh\u1eadn v\u01b0\u1ee3t qu\u00e1 200 chu k\u1ef3 gi\u1eb7t ho\u1eb7c t\u1ef1 h\u00e0o c\u00f3 b\u1ea3o h\u00e0nh tu\u1ed5i th\u1ecd 2 n\u0103m sau khi v\u1eadn chuy\u1ec3n.<\/li>\n<li>\u0110\u1ed9 b\u1ec1n v\u01b0\u1ee3t tr\u1ed9i, c\u00f3 kh\u1ea3 n\u0103ng ch\u1ed1ng n\u01b0\u1edbc, nhi\u1ec7t, \u00e1p su\u1ea5t v\u00e0 h\u00f3a ch\u1ea5t.<\/li>\n<li>Ch\u00fang t\u00f4i c\u0169ng cung c\u1ea5p m\u1eabu mi\u1ec5n ph\u00ed \u0111\u1ec3 \u0111\u1ea3m b\u1ea3o ch\u1ea5t l\u01b0\u1ee3ng v\u00e0 th\u1eed nghi\u1ec7m.<\/li>\n<\/ol>\n<div class=\"auto-hide-last-sibling-br paragraph_1252f paragraph-element\"><strong>Th\u1ebb gi\u1eb7t \u1ee7i RFID-PPS -EM4305 \u1ee8ng d\u1ee5ng:<\/strong><\/div>\n<ol class=\"auto-hide-last-sibling-br\">\n<li>\n<div class=\"auto-hide-last-sibling-br paragraph_1252f paragraph-element\">Gi\u1eb7t l\u00e0 c\u00f4ng nghi\u1ec7p: Trong l\u0129nh v\u1ef1c c\u00f4ng nghi\u1ec7p, vi\u1ec7c s\u1eed d\u1ee5ng N\u00fat th\u1ebb gi\u1eb7t l\u00e0 RFID gi\u00fap theo d\u00f5i s\u1ed1 l\u01b0\u1ee3ng \u0111\u1ed3 v\u1ea3i l\u1edbn tr\u1edf n\u00ean d\u1ec5 d\u00e0ng.<\/div>\n<\/li>\n<li>\n<div class=\"auto-hide-last-sibling-br paragraph_1252f paragraph-element\">B\u1ec7nh vi\u1ec7n v\u00e0 kh\u00e1ch s\u1ea1n: Nh\u1eefng c\u01a1 s\u1edf n\u00e0y th\u01b0\u1eddng x\u1eed l\u00fd kh\u1ed1i l\u01b0\u1ee3ng gi\u1eb7t \u1ee7i l\u1edbn, trong \u0111\u00f3 c\u00e1c th\u1ebb n\u00e0y t\u1ecf ra r\u1ea5t c\u1ea7n thi\u1ebft \u0111\u1ec3 n\u00e2ng cao hi\u1ec7u qu\u1ea3 v\u00e0 h\u1ee3p l\u00fd h\u00f3a vi\u1ec7c qu\u1ea3n l\u00fd h\u00e0ng t\u1ed3n kho.<\/div>\n<\/li>\n<li>\n<div class=\"auto-hide-last-sibling-br paragraph_1252f paragraph-element\">Cho thu\u00ea v\u1ea3i lanh: C\u00e1c c\u00f4ng ty cung c\u1ea5p d\u1ecbch v\u1ee5 cho thu\u00ea v\u1ea3i lanh \u00e1p d\u1ee5ng c\u00e1c th\u1ebb n\u00e0y \u0111\u1ec3 h\u1ed7 tr\u1ee3 \u0111\u01a1n gi\u1ea3n h\u00f3a vi\u1ec7c qu\u1ea3n l\u00fd h\u00e0ng t\u1ed3n kho v\u00e0 \u0111\u1ea3m b\u1ea3o ki\u1ec3m so\u00e1t ch\u1ea5t l\u01b0\u1ee3ng.<\/div>\n<\/li>\n<\/ol>\n<\/div>\n<\/div>\n<\/div>\n<\/div>\n<\/div>\n<\/div>","protected":false},"excerpt":{"rendered":"<div class=\"auto-hide-last-sibling-br paragraph_1252f paragraph-element\">Th\u1ebb gi\u1eb7t \u1ee7i RFID-PPS -EM4305 \u0111\u01b0\u1ee3c thi\u1ebft k\u1ebf c\u00f3 ch\u1ee7 \u0111\u00edch \u0111\u1ec3 ch\u1ecbu \u0111\u01b0\u1ee3c ng\u00e2m trong n\u01b0\u1edbc, ti\u1ebfp x\u00fac v\u1edbi nhi\u1ec7t, \u1ee9ng su\u1ea5t v\u00e0 ti\u1ebfp x\u00fac v\u1edbi c\u00e1c ch\u1ea5t h\u00f3a h\u1ecdc, do \u0111\u00f3 ph\u00f9 h\u1ee3p v\u1edbi nh\u1eefng ho\u00e0n c\u1ea3nh kh\u1eafc nghi\u1ec7t. C\u00e1c th\u1ebb n\u00e0y \u0111\u01b0\u1ee3c \u1ee9ng d\u1ee5ng ch\u00ednh trong vi\u1ec7c theo d\u00f5i v\u00e0 x\u00e1c th\u1ef1c h\u00e0ng t\u1ed3n kho tr\u00ean nhi\u1ec1u c\u01a1 s\u1edf nh\u01b0 trung t\u00e2m ch\u0103m s\u00f3c s\u1ee9c kh\u1ecfe, t\u1ed5 ch\u1ee9c gi\u00e1o d\u1ee5c, kh\u00e1ch s\u1ea1n v\u00e0 c\u00e1c t\u1ed5 ch\u1ee9c t\u01b0\u01a1ng t\u1ef1.<\/div>\n<div class=\"auto-hide-last-sibling-br paragraph_1252f paragraph-element\"><\/div>","protected":false},"featured_media":147,"template":"","meta":{"_kad_post_transparent":"default","_kad_post_title":"","_kad_post_layout":"default","_kad_post_sidebar_id":"","_kad_post_content_style":"default","_kad_post_vertical_padding":"default","_kad_post_feature":"","_kad_post_feature_position":"","_kad_post_header":false,"_kad_post_footer":false,"_kad_post_classname":""},"product_brand":[],"product_cat":[21,18],"product_tag":[52,49,70,71],"class_list":{"0":"post-117","1":"product","2":"type-product","3":"status-publish","4":"has-post-thumbnail","6":"product_cat-pps-rfid-laundry-tag","7":"product_cat-125khz-rfid-laundry-tag","8":"product_tag-125khz-pps-rfid-laundry-tag","9":"product_tag-button-rfid-tag","10":"product_tag-rfid-laundry-tag-pps-em4305","11":"product_tag-rfid-tag-pps","13":"first","14":"instock","15":"featured","16":"shipping-taxable","17":"product-type-simple","18":"entry","19":"content-bg","20":"loop-entry"},"_links":{"self":[{"href":"https:\/\/rfid-laundry-tag.com\/vi\/wp-json\/wp\/v2\/product\/117","targetHints":{"allow":["GET"]}}],"collection":[{"href":"https:\/\/rfid-laundry-tag.com\/vi\/wp-json\/wp\/v2\/product"}],"about":[{"href":"https:\/\/rfid-laundry-tag.com\/vi\/wp-json\/wp\/v2\/types\/product"}],"version-history":[{"count":2,"href":"https:\/\/rfid-laundry-tag.com\/vi\/wp-json\/wp\/v2\/product\/117\/revisions"}],"predecessor-version":[{"id":1339,"href":"https:\/\/rfid-laundry-tag.com\/vi\/wp-json\/wp\/v2\/product\/117\/revisions\/1339"}],"wp:featuredmedia":[{"embeddable":true,"href":"https:\/\/rfid-laundry-tag.com\/vi\/wp-json\/wp\/v2\/media\/147"}],"wp:attachment":[{"href":"https:\/\/rfid-laundry-tag.com\/vi\/wp-json\/wp\/v2\/media?parent=117"}],"wp:term":[{"taxonomy":"product_brand","embeddable":true,"href":"https:\/\/rfid-laundry-tag.com\/vi\/wp-json\/wp\/v2\/product_brand?post=117"},{"taxonomy":"product_cat","embeddable":true,"href":"https:\/\/rfid-laundry-tag.com\/vi\/wp-json\/wp\/v2\/product_cat?post=117"},{"taxonomy":"product_tag","embeddable":true,"href":"https:\/\/rfid-laundry-tag.com\/vi\/wp-json\/wp\/v2\/product_tag?post=117"}],"curies":[{"name":"wp","href":"https:\/\/api.w.org\/{rel}","templated":true}]}}