{"id":115,"date":"2024-06-12T04:52:26","date_gmt":"2024-06-12T04:52:26","guid":{"rendered":"https:\/\/rfid-laundry-tag.com\/?post_type=product&#038;p=115"},"modified":"2024-08-14T16:51:27","modified_gmt":"2024-08-14T16:51:27","slug":"rfid-laundry-tag-pps-t5577","status":"publish","type":"product","link":"https:\/\/rfid-laundry-tag.com\/vi\/rfid-laundry-tag-pps-t5577\/","title":{"rendered":"Th\u1ebb gi\u1eb7t \u1ee7i RFID-PPS-T5577"},"content":{"rendered":"<div class=\"J_module\">\n<div class=\"ife-detail-decorate-table\">\n<table style=\"border-collapse: collapse; width: 451.23pt;\" border=\"0\" width=\"752\" cellspacing=\"0\" cellpadding=\"0\">\n<tbody>\n<tr style=\"height: 28.00pt;\">\n<td class=\"et2\" style=\"height: 28.00pt; width: 138.60pt;\" width=\"231\" height=\"46\">T\u00ean m\u1eb7t h\u00e0ng<\/td>\n<td class=\"et3\" style=\"width: 312.60pt;\" width=\"521\">Th\u1ebb gi\u1eb7t \u1ee7i RFID-PPS-T5577<\/td>\n<\/tr>\n<tr style=\"height: 14.40pt;\">\n<td class=\"et3\" style=\"height: 14.40pt; width: 138.60pt;\" width=\"231\" height=\"24\">V\u1eadt li\u1ec7u<\/td>\n<td class=\"et3\" style=\"width: 312.60pt;\" width=\"521\">PPS<\/td>\n<\/tr>\n<tr style=\"height: 14.40pt;\">\n<td class=\"et3\" style=\"height: 14.40pt; width: 138.60pt;\" width=\"231\" height=\"24\">M\u00e0u s\u1eafc<\/td>\n<td class=\"et3\" style=\"width: 312.60pt;\" width=\"521\">\u0110en<\/td>\n<\/tr>\n<tr style=\"height: 14.40pt;\">\n<td class=\"et3\" style=\"height: 14.40pt; width: 138.60pt;\" width=\"231\" height=\"24\">S\u1ed1 l\u01b0\u1ee3ng \u0111\u1eb7t h\u00e0ng t\u1ed1i thi\u1ec3u<\/td>\n<td class=\"et3\" style=\"width: 312.60pt;\" width=\"521\">500 chi\u1ebfc<\/td>\n<\/tr>\n<tr style=\"height: 42.00pt;\">\n<td class=\"et3\" style=\"height: 42.00pt; width: 138.60pt;\" width=\"231\" height=\"70\">Nh\u00e0 s\u1ea3n xu\u1ea5t\/Chip<\/td>\n<td class=\"et3\" style=\"width: 312.60pt;\" width=\"521\">EM4200,TK4100,EM4305,T5577 v.v.<\/td>\n<\/tr>\n<tr style=\"height: 14.40pt;\">\n<td class=\"et3\" style=\"height: 14.40pt; width: 138.60pt;\" width=\"231\" height=\"24\">T\u00ednh th\u01b0\u1eddng xuy\u00ean<\/td>\n<td class=\"et3\" style=\"width: 312.60pt;\" width=\"521\">125Khz<\/td>\n<\/tr>\n<tr style=\"height: 70.00pt;\">\n<td class=\"et3\" style=\"height: 70.00pt; width: 138.60pt;\" width=\"231\" height=\"116\">K\u00edch c\u1ee1<\/td>\n<td class=\"et3\" style=\"width: 312.60pt;\" width=\"521\">\u0110\u01b0\u1eddng k\u00ednh 14mm, \u0110\u01b0\u1eddng k\u00ednh 15mm, \u0110\u01b0\u1eddng k\u00ednh 18mm, \u0110\u01b0\u1eddng k\u00ednh 20mm,<\/p>\n<p>\u0110\u01b0\u1eddng k\u00ednh 22mm, \u0110\u01b0\u1eddng k\u00ednh 24mm, \u0110\u01b0\u1eddng k\u00ednh 30mm, v.v.<\/td>\n<\/tr>\n<tr style=\"height: 14.40pt;\">\n<td class=\"et3\" style=\"height: 14.40pt; width: 138.60pt;\" width=\"231\" height=\"24\">Kho\u1ea3ng c\u00e1ch \u0111\u1ecdc<\/td>\n<td class=\"et3\" style=\"width: 312.60pt;\" width=\"521\">1~5cm<\/td>\n<\/tr>\n<tr style=\"height: 14.40pt;\">\n<td class=\"et3\" style=\"height: 14.40pt; width: 138.60pt;\" width=\"231\" height=\"24\">Ch\u1ebf \u0111\u1ed9 l\u00e0m vi\u1ec7c<\/td>\n<td class=\"et3\" style=\"width: 312.60pt;\" width=\"521\">th\u1ee5 \u0111\u1ed9ng<\/td>\n<\/tr>\n<tr style=\"height: 14.40pt;\">\n<td class=\"et3\" style=\"height: 14.40pt; width: 138.60pt;\" width=\"231\" height=\"24\">Nhi\u1ec7t \u0111\u1ed9 l\u00e0m vi\u1ec7c<\/td>\n<td class=\"et3\" style=\"width: 312.60pt;\" width=\"521\">-25<span class=\"font0\">\u2103<\/span><span class=\"font2\">~+110<\/span><span class=\"font0\">\u2103<\/span><\/td>\n<\/tr>\n<tr style=\"height: 14.40pt;\">\n<td class=\"et3\" style=\"height: 14.40pt; width: 138.60pt;\" width=\"231\" height=\"24\">Nhi\u1ec7t \u0111\u1ed9 l\u01b0u tr\u1eef<\/td>\n<td class=\"et3\" style=\"width: 312.60pt;\" width=\"521\">-40<span class=\"font0\">\u2103<\/span><span class=\"font2\">~+85<\/span><span class=\"font0\">\u2103<\/span><\/td>\n<\/tr>\n<tr style=\"height: 73.00pt;\">\n<td class=\"et4\" style=\"height: 73.00pt;\" height=\"121\">Th\u00f4ng s\u1ed1 k\u1ef9 thu\u1eadt ho\u1ea1t \u0111\u1ed9ng<\/td>\n<td class=\"et3\" style=\"width: 312.60pt;\" width=\"521\">Kh\u00f4ng th\u1ea5m n\u01b0\u1edbc; ch\u1ecbu \u0111\u01b0\u1ee3c ng\u00e2m trong n\u01b0\u1edbc mu\u1ed1i, c\u1ed3n, d\u1ea7u, 10%HCL; Amoniac; va \u0111\u1eadp v\u00e0 rung \u0111\u1ed9ng<\/td>\n<\/tr>\n<tr style=\"height: 14.40pt;\">\n<td class=\"et3\" style=\"height: 14.40pt; width: 138.60pt;\" width=\"231\" height=\"24\">\u0110\u1eb7c tr\u01b0ng<\/td>\n<td class=\"et3\" style=\"width: 312.60pt;\" width=\"521\">kh\u00f4ng th\u1ea5m n\u01b0\u1edbc, c\u00f3 th\u1ec3 gi\u1eb7t \u0111\u01b0\u1ee3c, ch\u1ecbu \u0111\u01b0\u1ee3c nhi\u1ec7t \u0111\u1ed9 cao<\/td>\n<\/tr>\n<tr style=\"height: 14.40pt;\">\n<td class=\"et3\" style=\"height: 14.40pt; width: 138.60pt;\" width=\"231\" height=\"24\">\u1ee8ng d\u1ee5ng<\/td>\n<td class=\"et3\" style=\"width: 312.60pt;\" width=\"521\">qu\u1ea3n l\u00fd v\u00e0 theo d\u00f5i gi\u1eb7t l\u00e0<\/td>\n<\/tr>\n<\/tbody>\n<\/table>\n<\/div>\n<p>&nbsp;<\/p>\n<p><strong>IC ATA5577<\/strong> l\u00e0 Chip t\u00edch h\u1ee3p nh\u1eadn d\u1ea1ng \u0111\u1ecdc\/ghi kh\u00f4ng ti\u1ebfp x\u00fac (IDIC\u00ae)<br \/>\n) cho c\u00e1c \u1ee9ng d\u1ee5ng \u1edf t\u1ea7n s\u1ed1 125 kHz ho\u1eb7c 134<br \/>\nD\u1ea3i t\u1ea7n s\u1ed1 kHz. M\u1ed9t cu\u1ed9n d\u00e2y \u0111\u01a1n \u0111\u01b0\u1ee3c k\u1ebft n\u1ed1i v\u1edbi chip \u0111\u00f3ng vai tr\u00f2 l\u00e0 ngu\u1ed3n \u0111i\u1ec7n c\u1ee7a IC v\u00e0 hai chi\u1ec1u<br \/>\ngiao di\u1ec7n truy\u1ec1n th\u00f4ng. \u0102ng-ten v\u00e0 chip c\u00f9ng nhau t\u1ea1o th\u00e0nh m\u1ed9t b\u1ed9 chuy\u1ec3n m\u1ea1ch ho\u1eb7c th\u1ebb. EEPROM 363-bit tr\u00ean chip<br \/>\n(11 kh\u1ed1i v\u1edbi 33 bit m\u1ed7i kh\u1ed1i) \u0111\u01b0\u1ee3c \u0111\u1ecdc v\u00e0 ghi theo t\u1eebng kh\u1ed1i t\u1eeb m\u1ed9t tr\u1ea1m g\u1ed1c (\u0111\u1ea7u \u0111\u1ecdc). D\u1eef li\u1ec7u \u0111\u01b0\u1ee3c truy\u1ec1n t\u1eeb<br \/>\nIDIC (uplink) s\u1eed d\u1ee5ng \u0111i\u1ec1u ch\u1ebf t\u1ea3i. \u0110i\u1ec1u n\u00e0y \u0111\u1ea1t \u0111\u01b0\u1ee3c b\u1eb1ng c\u00e1ch l\u00e0m gi\u1ea3m tr\u01b0\u1eddng RF b\u1eb1ng t\u1ea3i \u0111i\u1ec7n tr\u1edf gi\u1eefa hai<br \/>\nthi\u1ebft b\u1ecb \u0111\u1ea7u cu\u1ed1i, \u201cCu\u1ed9n d\u00e2y 1 v\u00e0 Cu\u1ed9n d\u00e2y 2\u201d. IC nh\u1eadn v\u00e0 gi\u1ea3i m\u00e3 c\u00e1c l\u1ec7nh tr\u1ea1m g\u1ed1c n\u1ed1i ti\u1ebfp (li\u00ean k\u1ebft xu\u1ed1ng), \u0111\u00f3 l\u00e0<br \/>\n\u0111\u01b0\u1ee3c m\u00e3 h\u00f3a d\u01b0\u1edbi d\u1ea1ng lu\u1ed3ng bit M\u00e3 h\u00f3a kho\u1ea3ng th\u1eddi gian xung (PIE) \u0111i\u1ec1u ch\u1ebf bi\u00ean \u0111\u1ed9 100% (OOK).<\/p>\n<p><strong>C\u00e1c t\u00ednh n\u0103ng c\u1ee7a IC ATA5577<\/strong><br \/>\nSau \u0111\u00e2y l\u00e0 c\u00e1c t\u00ednh n\u0103ng c\u1ee7a LF RFID IDIC \u0111\u1ecdc\/ghi 100 kHz \u0111\u1ebfn 150 kHz:<br \/>\n\u2022 Ngu\u1ed3n \u0111i\u1ec7n kh\u00f4ng ti\u1ebfp x\u00fac<br \/>\n\u2022 Truy\u1ec1n d\u1eef li\u1ec7u \u0111\u1ecdc\/ghi kh\u00f4ng ti\u1ebfp x\u00fac<br \/>\n\u2022 T\u1ea7n s\u1ed1 v\u00f4 tuy\u1ebfn fRF t\u1eeb 100 kHz \u0111\u1ebfn 150 kHz<br \/>\n\u2022 Ch\u1ebf \u0111\u1ed9 c\u01a1 b\u1ea3n ho\u1eb7c ch\u1ebf \u0111\u1ed9 m\u1edf r\u1ed9ng<br \/>\n\u2022 T\u01b0\u01a1ng th\u00edch v\u1edbi T5557, ATA5567<br \/>\n\u2022 Thay th\u1ebf cho e5551\/T5551 trong c\u00e1c ch\u1ebf \u0111\u1ed9 ho\u1ea1t \u0111\u1ed9ng ph\u1ed5 bi\u1ebfn nh\u1ea5t<br \/>\n\u2022 C\u00f3 th\u1ec3 c\u1ea5u h\u00ecnh \u0111\u1ec3 t\u01b0\u01a1ng th\u00edch v\u1edbi ISO\/IEC 11784\/785<br \/>\n\u2022 T\u1ed5ng b\u1ed9 nh\u1edb EEPROM 363 bit: 11 kh\u1ed1i (32 bit + 1 bit kh\u00f3a):<br \/>\n\u2013 B\u1ed9 nh\u1edb ng\u01b0\u1eddi d\u00f9ng EEPROM 7 \u00d7 32 bit, bao g\u1ed3m b\u1ed9 nh\u1edb m\u1eadt kh\u1ea9u 32 bit<br \/>\n\u2013 2 \u00d7 32 bit cho ID duy nh\u1ea5t<br \/>\n\u2013 1 \u00d7 Thanh ghi t\u00f9y ch\u1ecdn 32 bit trong EEPROM \u0111\u1ec3 thi\u1ebft l\u1eadp \u0111\u1ea7u cu\u1ed1i t\u01b0\u01a1ng t\u1ef1:<br \/>\n\u2022 \u0110\u1ed3ng h\u1ed3 v\u00e0 m\u1ee9c ph\u00e1t hi\u1ec7n kho\u1ea3ng c\u00e1ch<br \/>\n\u2022 C\u1ea3i thi\u1ec7n th\u1eddi gian li\u00ean k\u1ebft xu\u1ed1ng<br \/>\n\u2022 K\u1eb9p v\u00e0 \u0111i\u1ec1u ch\u1ebf \u0111i\u1ec7n \u00e1p<br \/>\n\u2022 Chuy\u1ec3n m\u1ea1ch \u0111i\u1ec1u ch\u1ebf m\u1ec1m<br \/>\n\u2022 Gi\u1ea3m ch\u1ea5n ghi nh\u01b0 T5557\/ATA5567 ho\u1eb7c v\u1edbi \u0111i\u1ec7n tr\u1edf<br \/>\n\u2022 Giao th\u1ee9c li\u00ean k\u1ebft xu\u1ed1ng<br \/>\n\u2013 1 \u00d7 Thanh ghi c\u1ea5u h\u00ecnh 32 bit trong EEPROM \u0111\u1ec3 thi\u1ebft l\u1eadp:<br \/>\n\u2022 T\u1ed1c \u0111\u1ed9 d\u1eef li\u1ec7u<br \/>\n\u2013 RF\/2 \u0111\u1ebfn RF\/128, c\u00f3 th\u1ec3 l\u1ef1a ch\u1ecdn nh\u1ecb ph\u00e2n ho\u1eb7c<br \/>\n\u2013 T\u1ef7 l\u1ec7 ch\u1ebf \u0111\u1ed9 c\u01a1 b\u1ea3n c\u1ed1 \u0111\u1ecbnh<br \/>\n\u2022 \u0110i\u1ec1u ch\u1ebf\/m\u00e3 h\u00f3a<br \/>\n\u2013 Hai pha, Manchester, Ph\u00edm d\u1ecbch t\u1ea7n s\u1ed1 (FSK), Ph\u00edm d\u1ecbch pha (PSK), Kh\u00f4ng tr\u1edf v\u1ec1 s\u1ed1 kh\u00f4ng (NRZ)<br \/>\n\u2022 C\u00e1c l\u1ef1a ch\u1ecdn kh\u00e1c:<br \/>\n\u2013 Ch\u1ebf \u0111\u1ed9 m\u1eadt kh\u1ea9u<br \/>\n\u2013 T\u00ednh n\u0103ng ch\u1eb7n t\u1ed1i \u0111a<br \/>\n\u2013 Ch\u1ebf \u0111\u1ed9 truy c\u1eadp tr\u1ef1c ti\u1ebfp<br \/>\n\u2013 Tr\u00ecnh t\u1ef1 k\u1ebft th\u00fac<\/p>\n<\/div>\n<div class=\"J_module\">\n<div class=\"detail-decorate-json-renderer-container\">\n<div class=\"magic-1\">\n<div>\n<div><\/div>\n<\/div>\n<div class=\"magic-2\">\n<div>\n<div class=\"auto-hide-last-sibling-br paragraph_1252f paragraph-element\">\n<div class=\"auto-hide-last-sibling-br paragraph_1252f paragraph-element\"><strong>Th\u1ebb gi\u1eb7t \u1ee7i RFID PPS 125kHz<\/strong> mang l\u1ea1i nhi\u1ec1u l\u1ee3i \u00edch khi t\u00edch h\u1ee3p v\u00e0o gi\u1ea3i ph\u00e1p th\u1ebb gi\u1eb7t l\u00e0 RFID.<\/div>\n<div class=\"auto-hide-last-sibling-br paragraph_1252f paragraph-element\">Trong s\u1ed1 nh\u1eefng l\u1ee3i \u00edch n\u00e0y c\u00f3:<\/div>\n<ol class=\"auto-hide-last-sibling-br\">\n<li>Gi\u00e1 tr\u1ef1c ti\u1ebfp t\u1eeb nh\u00e0 m\u00e1y \u0111\u1ea3m b\u1ea3o gi\u1ea3i ph\u00e1p ti\u1ebft ki\u1ec7m chi ph\u00ed.<\/li>\n<li>Ch\u1ea5t l\u01b0\u1ee3ng \u0111\u01b0\u1ee3c \u0111\u1ea3m b\u1ea3o, v\u1edbi th\u1eed nghi\u1ec7m 100% \u0111\u01b0\u1ee3c ti\u1ebfn h\u00e0nh tr\u01b0\u1edbc khi giao h\u00e0ng.<\/li>\n<li>\u0110\u1ed9 tin c\u1eady l\u00e2u d\u00e0i, \u0111\u01b0\u1ee3c ch\u1ee9ng nh\u1eadn v\u01b0\u1ee3t qu\u00e1 200 chu k\u1ef3 gi\u1eb7t ho\u1eb7c t\u1ef1 h\u00e0o c\u00f3 b\u1ea3o h\u00e0nh tu\u1ed5i th\u1ecd 2 n\u0103m sau khi v\u1eadn chuy\u1ec3n.<\/li>\n<li>\u0110\u1ed9 b\u1ec1n v\u01b0\u1ee3t tr\u1ed9i, c\u00f3 kh\u1ea3 n\u0103ng ch\u1ed1ng n\u01b0\u1edbc, nhi\u1ec7t, \u00e1p su\u1ea5t v\u00e0 h\u00f3a ch\u1ea5t.<\/li>\n<li>Ch\u00fang t\u00f4i c\u0169ng cung c\u1ea5p m\u1eabu mi\u1ec5n ph\u00ed \u0111\u1ec3 \u0111\u1ea3m b\u1ea3o ch\u1ea5t l\u01b0\u1ee3ng v\u00e0 th\u1eed nghi\u1ec7m.<\/li>\n<\/ol>\n<div class=\"auto-hide-last-sibling-br paragraph_1252f paragraph-element\"><strong>Th\u1ebb gi\u1eb7t \u1ee7i RFID-PPS -T5577 \u1ee8ng d\u1ee5ng:<\/strong><\/div>\n<ol class=\"auto-hide-last-sibling-br\">\n<li>\n<div class=\"auto-hide-last-sibling-br paragraph_1252f paragraph-element\">Gi\u1eb7t l\u00e0 c\u00f4ng nghi\u1ec7p: Trong l\u0129nh v\u1ef1c c\u00f4ng nghi\u1ec7p, vi\u1ec7c s\u1eed d\u1ee5ng N\u00fat th\u1ebb gi\u1eb7t l\u00e0 RFID gi\u00fap theo d\u00f5i s\u1ed1 l\u01b0\u1ee3ng \u0111\u1ed3 v\u1ea3i l\u1edbn tr\u1edf n\u00ean d\u1ec5 d\u00e0ng.<\/div>\n<\/li>\n<li>\n<div class=\"auto-hide-last-sibling-br paragraph_1252f paragraph-element\">B\u1ec7nh vi\u1ec7n v\u00e0 kh\u00e1ch s\u1ea1n: Nh\u1eefng c\u01a1 s\u1edf n\u00e0y th\u01b0\u1eddng x\u1eed l\u00fd kh\u1ed1i l\u01b0\u1ee3ng gi\u1eb7t \u1ee7i l\u1edbn, trong \u0111\u00f3 c\u00e1c th\u1ebb n\u00e0y t\u1ecf ra r\u1ea5t c\u1ea7n thi\u1ebft \u0111\u1ec3 n\u00e2ng cao hi\u1ec7u qu\u1ea3 v\u00e0 h\u1ee3p l\u00fd h\u00f3a vi\u1ec7c qu\u1ea3n l\u00fd h\u00e0ng t\u1ed3n kho.<\/div>\n<\/li>\n<li>\n<div class=\"auto-hide-last-sibling-br paragraph_1252f paragraph-element\">Cho thu\u00ea v\u1ea3i lanh: C\u00e1c c\u00f4ng ty cung c\u1ea5p d\u1ecbch v\u1ee5 cho thu\u00ea v\u1ea3i lanh \u00e1p d\u1ee5ng c\u00e1c th\u1ebb n\u00e0y \u0111\u1ec3 h\u1ed7 tr\u1ee3 \u0111\u01a1n gi\u1ea3n h\u00f3a vi\u1ec7c qu\u1ea3n l\u00fd h\u00e0ng t\u1ed3n kho v\u00e0 \u0111\u1ea3m b\u1ea3o ki\u1ec3m so\u00e1t ch\u1ea5t l\u01b0\u1ee3ng.<\/div>\n<\/li>\n<\/ol>\n<\/div>\n<\/div>\n<\/div>\n<\/div>\n<\/div>\n<\/div>","protected":false},"excerpt":{"rendered":"<div class=\"auto-hide-last-sibling-br paragraph_1252f paragraph-element\">Th\u1ebb gi\u1eb7t l\u00e0 RFID PPS T5577, \u0111\u01b0\u1ee3c l\u00e0m t\u1eeb v\u1eadt li\u1ec7u PPS b\u1ec1n ch\u1eafc, \u0111\u01b0\u1ee3c thi\u1ebft k\u1ebf \u0111\u1ec3 ch\u1ecbu \u0111\u01b0\u1ee3c khi ng\u00e2m trong n\u01b0\u1edbc, ti\u1ebfp x\u00fac v\u1edbi nhi\u1ec7t \u0111\u1ed9, \u00e1p su\u1ea5t v\u00e0 h\u00f3a ch\u1ea5t, gi\u00fap ch\u00fang tr\u1edf n\u00ean ho\u00e0n h\u1ea3o trong nh\u1eefng m\u00f4i tr\u01b0\u1eddng \u0111\u1ea7y th\u00e1ch th\u1ee9c.<\/div>","protected":false},"featured_media":116,"template":"","meta":{"_kad_post_transparent":"default","_kad_post_title":"","_kad_post_layout":"default","_kad_post_sidebar_id":"","_kad_post_content_style":"default","_kad_post_vertical_padding":"default","_kad_post_feature":"","_kad_post_feature_position":"","_kad_post_header":false,"_kad_post_footer":false,"_kad_post_classname":""},"product_brand":[],"product_cat":[21,18],"product_tag":[52,49,58],"class_list":{"0":"post-115","1":"product","2":"type-product","3":"status-publish","4":"has-post-thumbnail","6":"product_cat-pps-rfid-laundry-tag","7":"product_cat-125khz-rfid-laundry-tag","8":"product_tag-125khz-pps-rfid-laundry-tag","9":"product_tag-button-rfid-tag","10":"product_tag-rfid-laundry-tag-pps-t5577","12":"first","13":"instock","14":"shipping-taxable","15":"product-type-simple","16":"entry","17":"content-bg","18":"loop-entry"},"_links":{"self":[{"href":"https:\/\/rfid-laundry-tag.com\/vi\/wp-json\/wp\/v2\/product\/115","targetHints":{"allow":["GET"]}}],"collection":[{"href":"https:\/\/rfid-laundry-tag.com\/vi\/wp-json\/wp\/v2\/product"}],"about":[{"href":"https:\/\/rfid-laundry-tag.com\/vi\/wp-json\/wp\/v2\/types\/product"}],"version-history":[{"count":1,"href":"https:\/\/rfid-laundry-tag.com\/vi\/wp-json\/wp\/v2\/product\/115\/revisions"}],"predecessor-version":[{"id":1340,"href":"https:\/\/rfid-laundry-tag.com\/vi\/wp-json\/wp\/v2\/product\/115\/revisions\/1340"}],"wp:featuredmedia":[{"embeddable":true,"href":"https:\/\/rfid-laundry-tag.com\/vi\/wp-json\/wp\/v2\/media\/116"}],"wp:attachment":[{"href":"https:\/\/rfid-laundry-tag.com\/vi\/wp-json\/wp\/v2\/media?parent=115"}],"wp:term":[{"taxonomy":"product_brand","embeddable":true,"href":"https:\/\/rfid-laundry-tag.com\/vi\/wp-json\/wp\/v2\/product_brand?post=115"},{"taxonomy":"product_cat","embeddable":true,"href":"https:\/\/rfid-laundry-tag.com\/vi\/wp-json\/wp\/v2\/product_cat?post=115"},{"taxonomy":"product_tag","embeddable":true,"href":"https:\/\/rfid-laundry-tag.com\/vi\/wp-json\/wp\/v2\/product_tag?post=115"}],"curies":[{"name":"wp","href":"https:\/\/api.w.org\/{rel}","templated":true}]}}