{"id":83,"date":"2024-06-11T17:35:21","date_gmt":"2024-06-11T17:35:21","guid":{"rendered":"https:\/\/rfid-laundry-tag.com\/?post_type=product&#038;p=83"},"modified":"2024-06-14T16:23:02","modified_gmt":"2024-06-14T16:23:02","slug":"rfid-laundry-button-nfc-tag","status":"publish","type":"product","link":"https:\/\/rfid-laundry-tag.com\/tr\/rfid-laundry-button-nfc-tag\/","title":{"rendered":"RFID \u00c7ama\u015f\u0131r D\u00fc\u011fmesi NFC Etiketi"},"content":{"rendered":"<div class=\"J_module\">\n<div class=\"ife-detail-decorate-table\">\n<table class=\"has-title all magic-6\">\n<tbody>\n<tr>\n<td colspan=\"1\" rowspan=\"1\">\n<div class=\"magic-7\" data-spm-anchor-id=\"a2700.details.0.i45.77607d98vZbcDU\"><span class=\"magic-8\" style=\"color: #363535;\">\u00d6\u011fe ad\u0131<\/span><\/div>\n<\/td>\n<td colspan=\"1\" rowspan=\"1\">\n<div class=\"magic-9\"><span class=\"magic-8\">RFID \u00c7ama\u015f\u0131r D\u00fc\u011fmesi NFC Etiketi<\/span><\/div>\n<\/td>\n<\/tr>\n<tr>\n<td colspan=\"1\" rowspan=\"1\">\n<div class=\"magic-7\"><span class=\"magic-10\" data-spm-anchor-id=\"a2700.pc-decorate.0.i10.28d333330XLbTD\"><span class=\"magic-8\">Malzeme<\/span><\/span><\/div>\n<\/td>\n<td colspan=\"1\" rowspan=\"1\">\n<div class=\"magic-9\"><span class=\"magic-8\">BES<\/span><\/div>\n<\/td>\n<\/tr>\n<tr>\n<td colspan=\"1\" rowspan=\"1\">\n<div class=\"magic-7\"><span class=\"magic-8\">Renk<\/span><\/div>\n<\/td>\n<td colspan=\"1\" rowspan=\"1\">\n<div class=\"magic-9\"><span class=\"magic-8\">Siyah<\/span><\/div>\n<\/td>\n<\/tr>\n<tr>\n<td colspan=\"1\" rowspan=\"1\">Adedi<\/td>\n<td colspan=\"1\" rowspan=\"1\">500 adet<\/td>\n<\/tr>\n<tr>\n<td colspan=\"1\" rowspan=\"1\">\n<div class=\"magic-7\"><span class=\"magic-8\">\u00dcretici\/\u00c7ip<\/span><\/div>\n<\/td>\n<td colspan=\"1\" rowspan=\"1\">\n<div class=\"magic-9\"><span class=\"magic-8\">NXP Ntag215,Ntag216,NTAG213,Mifare 1k,Mifare Ultralight ev1 vb.<\/span><\/div>\n<\/td>\n<\/tr>\n<tr>\n<td colspan=\"1\" rowspan=\"1\">\n<div class=\"magic-7\"><span class=\"magic-8\">S\u0131kl\u0131k<\/span><\/div>\n<\/td>\n<td colspan=\"1\" rowspan=\"1\">\n<div class=\"magic-9\"><span class=\"magic-8\">13.56MHz<\/span><\/div>\n<\/td>\n<\/tr>\n<tr>\n<td colspan=\"1\" rowspan=\"1\">\n<div class=\"magic-7\"><span class=\"magic-8\">Haf\u0131za<\/span><\/div>\n<\/td>\n<td colspan=\"1\" rowspan=\"1\">\n<div class=\"magic-9\"><span class=\"magic-8\">504 Bayt\/888 Bayt\/144 Bayt\/1K Bayt\/64 Bayt<\/span><\/div>\n<\/td>\n<\/tr>\n<tr>\n<td colspan=\"1\" rowspan=\"1\">\n<div class=\"magic-7\"><span class=\"magic-8\">Okuma Mesafesi<\/span><\/div>\n<\/td>\n<td colspan=\"1\" rowspan=\"1\">\n<div class=\"magic-9\"><span class=\"magic-8\">1~5cm<\/span><\/div>\n<\/td>\n<\/tr>\n<tr>\n<td colspan=\"1\" rowspan=\"1\">\n<div class=\"magic-7\"><span class=\"magic-8\">\u00c7al\u0131\u015fma modu<\/span><\/div>\n<\/td>\n<td colspan=\"1\" rowspan=\"1\">\n<div class=\"magic-9\"><span class=\"magic-8\">pasif<\/span><\/div>\n<\/td>\n<\/tr>\n<tr>\n<td colspan=\"1\" rowspan=\"1\">\n<div class=\"magic-7\"><span class=\"magic-8\">\u00c7al\u0131\u015fma s\u0131cakl\u0131\u011f\u0131<\/span><\/div>\n<\/td>\n<td colspan=\"1\" rowspan=\"1\">\n<div class=\"magic-9\"><span class=\"magic-8\">-25\u2103~+110\u2103<\/span><\/div>\n<\/td>\n<\/tr>\n<tr>\n<td colspan=\"1\" rowspan=\"1\">\n<div class=\"magic-7\"><span class=\"magic-8\">Depolama s\u0131cakl\u0131\u011f\u0131<\/span><\/div>\n<\/td>\n<td colspan=\"1\" rowspan=\"1\">\n<div class=\"magic-9\"><span class=\"magic-8\">-40\u2103~+85\u2103<\/span><\/div>\n<\/td>\n<\/tr>\n<tr>\n<td colspan=\"1\" rowspan=\"1\">\n<div class=\"magic-7\">\n<div><span class=\"magic-8\">\u00a0<\/span><\/div>\n<p><span class=\"magic-8\">K\u0131sa S\u00fcreli S\u0131cakl\u0131k Direnci<\/span><\/p>\n<\/div>\n<\/td>\n<td colspan=\"1\" rowspan=\"1\">\n<div class=\"magic-9\"><span class=\"magic-8\">y\u0131kama: 90\u2103, 15 dakika; d\u00f6n\u00fc\u015ft\u00fcr\u00fcc\u00fc \u00f6n kurutma: 180\u2103, 30 dakika, 200 kez; \u00fct\u00fcleme: 180\u2103, 10 saniye, 200 kez; y\u00fcksek<br \/>\ns\u0131cakl\u0131k sterilizasyonu: 135\u2103, 20 dakika<\/span><\/div>\n<\/td>\n<\/tr>\n<tr>\n<td colspan=\"1\" rowspan=\"1\">\n<div class=\"magic-7\"><span class=\"magic-8\">\u00d6zellikler<\/span><\/div>\n<\/td>\n<td colspan=\"1\" rowspan=\"1\">\n<div class=\"magic-9\"><span class=\"magic-8\">su ge\u00e7irmez, y\u0131kanabilir, y\u00fcksek s\u0131cakl\u0131k dayan\u0131m\u0131<\/span><\/div>\n<\/td>\n<\/tr>\n<tr>\n<td colspan=\"1\" rowspan=\"1\">\n<div class=\"magic-7\"><span class=\"magic-8\">Hayat<\/span><\/div>\n<\/td>\n<td colspan=\"1\" rowspan=\"1\">\n<div class=\"magic-9\"><span class=\"magic-8\">200 kez y\u0131kama veya 3 y\u0131l<\/span><\/div>\n<\/td>\n<\/tr>\n<tr>\n<td colspan=\"1\" rowspan=\"1\">\n<div class=\"magic-7\"><span class=\"magic-8\">Uygulamalar<\/span><\/div>\n<\/td>\n<td colspan=\"1\" rowspan=\"1\">\n<div class=\"magic-9\"><span class=\"magic-8\">\u00e7ama\u015f\u0131rhane y\u00f6netimi ve takibi<\/span><\/div>\n<\/td>\n<\/tr>\n<\/tbody>\n<\/table>\n<\/div>\n<\/div>\n<div class=\"J_module\">\n<div class=\"detail-decorate-json-renderer-container\">\n<div class=\"magic-1\">\n<div class=\"magic-2\">\n<div class=\"magic-3\">\n<div><\/div>\n<\/div>\n<\/div>\n<p><strong>\u00c7ip Se\u00e7enekleri:<\/strong><\/p>\n<ul>\n<li><strong>NXP UCODE 8\/9:<\/strong>\u00a0Temel izleme ve tan\u0131mlama i\u00e7in ideal, 10 metreye kadar okuma menzili sunan, uygun maliyetli \u00e7ipler.<\/li>\n<li><strong>NTAG213:<\/strong>\u00a0Ak\u0131ll\u0131 telefonlar ve di\u011fer NFC cihazlar\u0131yla ileti\u015fime olanak tan\u0131yan, temass\u0131z \u00f6deme veya \u00fcr\u00fcn bilgilerine eri\u015fim gibi uygulamalar i\u00e7in m\u00fckemmel olan NFC \u00f6zellikli \u00e7ip.<\/li>\n<li><strong>Mifare 1k:<\/strong>\u00a0Eri\u015fim kontrol\u00fc ve g\u00fcvenli veri depolama i\u00e7in uygun, g\u00fc\u00e7l\u00fc \u015fifreleme ve kimlik do\u011frulama \u00f6zelliklerine sahip g\u00fcvenli \u00e7ip.<\/li>\n<li><strong>EM4305:<\/strong>\u00a01 metreye kadar okuma menziline sahip, temel eri\u015fim kontrol uygulamalar\u0131 i\u00e7in d\u00fc\u015f\u00fck maliyetli \u00e7ip.<\/li>\n<li><strong>T5577:<\/strong>\u00a0Eri\u015fim kontrol ve bilet sistemleri i\u00e7in 1 metreye kadar okuma menzili sunan d\u00fc\u015f\u00fck maliyetli bir \u00e7ip daha.<\/li>\n<\/ul>\n<h3>\u00d6zellikler<\/h3>\n<div id=\"featuresXsp\" class=\"features-list toggle-opacity in\">\n<div class=\"features-xsp\">\n<div class=\"collapse-mobile ste-list-ul\">\n<ul class=\"boxes\">\n<li>Temass\u0131z veri iletimi ve enerji temini<\/li>\n<li>13.56 MHz \u00e7al\u0131\u015fma frekans\u0131<\/li>\n<li>106 kbit\/s veri transferi<\/li>\n<li>16 bitlik CRC, parite, bit kodlama, bit say\u0131m\u0131 veri b\u00fct\u00fcnl\u00fc\u011f\u00fc<\/li>\n<li>100 mm&#039;ye kadar \u00e7al\u0131\u015fma mesafesi (\u00f6rne\u011fin alan \u015fiddeti ve anten geometrisi gibi \u00e7e\u015fitli parametrelere ba\u011fl\u0131 olarak)<\/li>\n<li>7 bayt seri numaras\u0131 (ISO\/IEC 14443-3&#039;e g\u00f6re kademeli d\u00fczey 2)<\/li>\n<li>NDEF mesajlar\u0131n\u0131n otomatik serile\u015ftirilmesi i\u00e7in UID ASCII yans\u0131mas\u0131<\/li>\n<li>Okuma komutuyla tetiklenen otomatik NFC sayac\u0131<\/li>\n<li>NFC sayac\u0131 ASCII aynas\u0131, NFC sayac\u0131 de\u011ferinin NDEF mesaj\u0131na otomatik olarak eklenmesi i\u00e7in<\/li>\n<li>ECC tabanl\u0131 \u00f6zg\u00fcnl\u00fck imzas\u0131<\/li>\n<li>H\u0131zl\u0131 okuma komutu<\/li>\n<li>Ger\u00e7ek \u00e7arp\u0131\u015fma \u00f6nleme<\/li>\n<li>50 pF giri\u015f kapasitans\u0131<\/li>\n<\/ul>\n<\/div>\n<div class=\"collapse-mobile ste-list-ul\">\n<ul class=\"boxes\">\n<li>Sayfa ba\u015f\u0131na 4 bayt olacak \u015fekilde 45, 135 veya 231 sayfaya d\u00fczenlenmi\u015f 180, 540 veya 924 bayt<\/li>\n<li>144, 504 veya 888 bayt serbest\u00e7e kullan\u0131labilir kullan\u0131c\u0131 Okuma\/Yazma alan\u0131 (36, 126 veya 222 sayfa)<\/li>\n<li>Tek seferlik programlanabilir eri\u015fim bitlerine sahip 4 baytl\u0131k ba\u015flat\u0131lm\u0131\u015f yetenek kab\u0131<\/li>\n<li>\u0130lk 16 sayfa i\u00e7in sayfa ba\u015f\u0131na programlanabilir salt okunur kilitleme i\u015flevi<\/li>\n<li>NTAG 213 i\u00e7in \u00e7ift sayfa ba\u015f\u0131na ilk 16 sayfan\u0131n \u00fczerinde veya NTAG 215 ve NTAG 216 i\u00e7in 16 sayfan\u0131n \u00fczerinde alan programlanabilir salt okunur kilitleme i\u015flevi<\/li>\n<li>Ba\u015far\u0131s\u0131z giri\u015fimlerin iste\u011fe ba\u011fl\u0131 bir s\u0131n\u0131r\u0131yla yap\u0131land\u0131r\u0131labilir parola korumas\u0131<\/li>\n<li>Kapasite kab\u0131 (CC) ve kilit u\u00e7lar\u0131 i\u00e7in y\u0131rt\u0131lmaya kar\u015f\u0131 koruma deste\u011fi<\/li>\n<li>ECC destekli \u00f6zg\u00fcnl\u00fck kontrol\u00fc<\/li>\n<li>10 y\u0131ll\u0131k veri saklama s\u00fcresi<\/li>\n<li>Dayan\u0131kl\u0131l\u0131k 100.000 \u00e7evrimi yaz\u0131n<\/li>\n<\/ul>\n<\/div>\n<\/div>\n<\/div>\n<div class=\"magic-2\">\n<div class=\"auto-hide-last-sibling-br paragraph_1252f paragraph-element\">\n<div class=\"auto-hide-last-sibling-br paragraph_1252f paragraph-element\"><strong>RFID \u00c7ama\u015f\u0131r Etiketi Uygulamalar\u0131:<\/strong><\/div>\n<p>&nbsp;<\/p>\n<ol class=\"auto-hide-last-sibling-br\">\n<li>\n<div class=\"auto-hide-last-sibling-br paragraph_1252f paragraph-element\">End\u00fcstriyel \u00c7ama\u015f\u0131rhaneler: End\u00fcstriyel bir ortamda, b\u00fcy\u00fck miktarlardaki \u00e7ama\u015f\u0131rlar\u0131n takibi RFID \u00c7ama\u015f\u0131r Etiketi Butonlar\u0131m\u0131zla \u00e7ok kolay hale geliyor.<\/div>\n<\/li>\n<li>\n<div class=\"auto-hide-last-sibling-br paragraph_1252f paragraph-element\">Sa\u011fl\u0131k Tesisleri ve Oteller: Bu t\u00fcr kurumlar, etiketlerimizin s\u00fcrekli olarak verimlili\u011fi art\u0131rd\u0131\u011f\u0131 ve envanter y\u00f6netimini kolayla\u015ft\u0131rd\u0131\u011f\u0131 y\u00fcksek hacimli \u00e7ama\u015f\u0131rhane operasyonlar\u0131n\u0131 s\u0131kl\u0131kla ger\u00e7ekle\u015ftirir.<\/div>\n<\/li>\n<li>\n<div class=\"auto-hide-last-sibling-br paragraph_1252f paragraph-element\">Keten Kiralama: Keten kiralama hizmeti sekt\u00f6r\u00fcndeki i\u015fletmeler, envanter y\u00f6netimini basitle\u015ftirmek ve kalite kontrol\u00fcn\u00fc sa\u011flamak i\u00e7in bu etiketlerden yararlan\u0131r.<\/div>\n<\/li>\n<\/ol>\n<div class=\"auto-hide-last-sibling-br paragraph_1252f paragraph-element\">125 kHz LF, 13.56 MHz HF ve Gen 2 UHF frekanslar\u0131nda \u00e7e\u015fitli RFID \u00e7ama\u015f\u0131r etiketleri sunuyoruz, her biri farkl\u0131 benzersiz ihtiya\u00e7lar\u0131 kar\u015f\u0131lamak \u00fczere tasarlanm\u0131\u015ft\u0131r. Dayan\u0131kl\u0131l\u0131klar\u0131 ve boyut \u00e7e\u015fitlili\u011fiyle bilinen etiketlerimiz, y\u00fcksek s\u0131cakl\u0131ktaki kurumsal \u00e7ama\u015f\u0131r d\u00f6ng\u00fclerine sorunsuz bir \u015fekilde dayanabilir. Bu \u00e7ama\u015f\u0131r RFID etiketleri, otellerdeki ve kurumlardaki zorlu \u00e7ama\u015f\u0131r y\u0131kama s\u00fcre\u00e7lerine dayanacak \u015fekilde \u00fcretilmi\u015ftir ve y\u0131kama, kurutma, kuru temizleme ve \u00fct\u00fclemeye dayan\u0131kl\u0131 bir dayan\u0131kl\u0131l\u0131k vaat eder.<\/div>\n<p>&nbsp;<\/p>\n<div class=\"auto-hide-last-sibling-br paragraph_1252f paragraph-element\">Etiketlerimizi yaparken PPS malzemesinin kullan\u0131lmas\u0131, bunlar\u0131n suya dald\u0131r\u0131lmaya, \u0131s\u0131ya maruz kalmaya, fiziksel bas\u0131nca ve kimyasallara dayanmas\u0131n\u0131 sa\u011flar. Bu etiketler, sa\u011fl\u0131k, misafirperverlik, i\u015f k\u0131yafetleri, e\u011fitim ve daha fazlas\u0131 gibi \u00e7e\u015fitli sekt\u00f6rlerde envanter s\u00fcre\u00e7leri ve do\u011frulama i\u00e7in m\u00fckemmeldir. Yatak \u00e7ar\u015faflar\u0131, pe\u00e7eteler, havlular ve \u00e7ok say\u0131da giysi gibi \u00e7e\u015fitli tekstil \u00fcr\u00fcnlerine kolayca dikilebilir veya muhafazalar\u0131n i\u00e7ine yerle\u015ftirilebilirler.<\/div>\n<\/div>\n<div class=\"auto-hide-last-sibling-br paragraph_1252f paragraph-element\"><\/div>\n<\/div>\n<\/div>\n<\/div>\n<\/div>","protected":false},"excerpt":{"rendered":"<p>RFID \u00c7ama\u015f\u0131r D\u00fc\u011fmesi NFC Etiketi, \u00e7ama\u015f\u0131r y\u00f6netiminde tan\u0131mlama ve izleme amac\u0131yla tasarlanm\u0131\u015ft\u0131r. Bu etiketler her bir giysi par\u00e7as\u0131na veya \u00e7ama\u015f\u0131r torbas\u0131na kolayca tak\u0131labilir. Her NFC d\u00fc\u011fmesi, belirli \u00e7ama\u015f\u0131r par\u00e7alar\u0131yla ili\u015fkilendirilebilen ay\u0131rt edici bir tan\u0131mlama i\u015faretiyle donat\u0131lm\u0131\u015ft\u0131r. Bu, \u00e7ama\u015f\u0131r izleme s\u00fcrecini daha ak\u0131c\u0131 ve verimli hale getirir.<\/p>","protected":false},"featured_media":156,"template":"","meta":{"_kad_post_transparent":"default","_kad_post_title":"","_kad_post_layout":"default","_kad_post_sidebar_id":"","_kad_post_content_style":"default","_kad_post_vertical_padding":"default","_kad_post_feature":"","_kad_post_feature_position":"","_kad_post_header":false,"_kad_post_footer":false,"_kad_post_classname":""},"product_brand":[],"product_cat":[21,17],"product_tag":[43,35,72,44],"class_list":{"0":"post-83","1":"product","2":"type-product","3":"status-publish","4":"has-post-thumbnail","6":"product_cat-pps-rfid-laundry-tag","7":"product_cat-nfc-rfid-laundry-tag","8":"product_tag-pps-rfid-washable-laundry-tags","9":"product_tag-rfid-button","10":"product_tag-rfid-laundry-button-nfc-tag","11":"product_tag-rfid-washable-laundry-tags","13":"first","14":"instock","15":"shipping-taxable","16":"product-type-simple","17":"entry","18":"content-bg","19":"loop-entry"},"_links":{"self":[{"href":"https:\/\/rfid-laundry-tag.com\/tr\/wp-json\/wp\/v2\/product\/83","targetHints":{"allow":["GET"]}}],"collection":[{"href":"https:\/\/rfid-laundry-tag.com\/tr\/wp-json\/wp\/v2\/product"}],"about":[{"href":"https:\/\/rfid-laundry-tag.com\/tr\/wp-json\/wp\/v2\/types\/product"}],"version-history":[{"count":1,"href":"https:\/\/rfid-laundry-tag.com\/tr\/wp-json\/wp\/v2\/product\/83\/revisions"}],"predecessor-version":[{"id":155,"href":"https:\/\/rfid-laundry-tag.com\/tr\/wp-json\/wp\/v2\/product\/83\/revisions\/155"}],"wp:featuredmedia":[{"embeddable":true,"href":"https:\/\/rfid-laundry-tag.com\/tr\/wp-json\/wp\/v2\/media\/156"}],"wp:attachment":[{"href":"https:\/\/rfid-laundry-tag.com\/tr\/wp-json\/wp\/v2\/media?parent=83"}],"wp:term":[{"taxonomy":"product_brand","embeddable":true,"href":"https:\/\/rfid-laundry-tag.com\/tr\/wp-json\/wp\/v2\/product_brand?post=83"},{"taxonomy":"product_cat","embeddable":true,"href":"https:\/\/rfid-laundry-tag.com\/tr\/wp-json\/wp\/v2\/product_cat?post=83"},{"taxonomy":"product_tag","embeddable":true,"href":"https:\/\/rfid-laundry-tag.com\/tr\/wp-json\/wp\/v2\/product_tag?post=83"}],"curies":[{"name":"wp","href":"https:\/\/api.w.org\/{rel}","templated":true}]}}