{"id":80,"date":"2024-06-11T17:06:56","date_gmt":"2024-06-11T17:06:56","guid":{"rendered":"https:\/\/rfid-laundry-tag.com\/?post_type=product&#038;p=80"},"modified":"2024-06-11T17:24:16","modified_gmt":"2024-06-11T17:24:16","slug":"125khz-pps-button-rfid-tag","status":"publish","type":"product","link":"https:\/\/rfid-laundry-tag.com\/tr\/125khz-pps-button-rfid-tag\/","title":{"rendered":"125kHz PPS D\u00fc\u011fme RFID Etiketi"},"content":{"rendered":"<div class=\"J_module\">\n<div class=\"ife-detail-decorate-table\">\n<table style=\"border-collapse: collapse; width: 451.23pt;\" border=\"0\" width=\"752\" cellspacing=\"0\" cellpadding=\"0\">\n<tbody>\n<tr style=\"height: 28.00pt;\">\n<td class=\"et2\" style=\"height: 28.00pt; width: 138.60pt;\" width=\"231\" height=\"46\">\u00d6\u011fe ad\u0131<\/td>\n<td class=\"et3\" style=\"width: 312.60pt;\" width=\"521\">125kHz PPS D\u00fc\u011fme RFID Etiketi<\/td>\n<\/tr>\n<tr style=\"height: 14.40pt;\">\n<td class=\"et3\" style=\"height: 14.40pt; width: 138.60pt;\" width=\"231\" height=\"24\">Malzeme<\/td>\n<td class=\"et3\" style=\"width: 312.60pt;\" width=\"521\">BES<\/td>\n<\/tr>\n<tr style=\"height: 14.40pt;\">\n<td class=\"et3\" style=\"height: 14.40pt; width: 138.60pt;\" width=\"231\" height=\"24\">Renk<\/td>\n<td class=\"et3\" style=\"width: 312.60pt;\" width=\"521\">Siyah<\/td>\n<\/tr>\n<tr style=\"height: 14.40pt;\">\n<td class=\"et3\" style=\"height: 14.40pt; width: 138.60pt;\" width=\"231\" height=\"24\">Adedi<\/td>\n<td class=\"et3\" style=\"width: 312.60pt;\" width=\"521\">500 adet<\/td>\n<\/tr>\n<tr style=\"height: 42.00pt;\">\n<td class=\"et3\" style=\"height: 42.00pt; width: 138.60pt;\" width=\"231\" height=\"70\">\u00dcretici\/\u00c7ip<\/td>\n<td class=\"et3\" style=\"width: 312.60pt;\" width=\"521\">EM4200,TK4100,EM4305,T5577 vb.<\/td>\n<\/tr>\n<tr style=\"height: 14.40pt;\">\n<td class=\"et3\" style=\"height: 14.40pt; width: 138.60pt;\" width=\"231\" height=\"24\">S\u0131kl\u0131k<\/td>\n<td class=\"et3\" style=\"width: 312.60pt;\" width=\"521\">125KHz<\/td>\n<\/tr>\n<tr style=\"height: 70.00pt;\">\n<td class=\"et3\" style=\"height: 70.00pt; width: 138.60pt;\" width=\"231\" height=\"116\">Boyut<\/td>\n<td class=\"et3\" style=\"width: 312.60pt;\" width=\"521\">Dia14mm, Dia15mm, Dia18mm, Dia20mm, Dia22mm, Dia24mm, Dia30mm vb.<\/td>\n<\/tr>\n<tr style=\"height: 14.40pt;\">\n<td class=\"et3\" style=\"height: 14.40pt; width: 138.60pt;\" width=\"231\" height=\"24\">Okuma Mesafesi<\/td>\n<td class=\"et3\" style=\"width: 312.60pt;\" width=\"521\">1~5cm<\/td>\n<\/tr>\n<tr style=\"height: 14.40pt;\">\n<td class=\"et3\" style=\"height: 14.40pt; width: 138.60pt;\" width=\"231\" height=\"24\">\u00c7al\u0131\u015fma modu<\/td>\n<td class=\"et3\" style=\"width: 312.60pt;\" width=\"521\">pasif<\/td>\n<\/tr>\n<tr style=\"height: 14.40pt;\">\n<td class=\"et3\" style=\"height: 14.40pt; width: 138.60pt;\" width=\"231\" height=\"24\">\u00c7al\u0131\u015fma s\u0131cakl\u0131\u011f\u0131<\/td>\n<td class=\"et3\" style=\"width: 312.60pt;\" width=\"521\">-25<span class=\"font0\">\u00b0C<\/span><span class=\"font2\">~+110<\/span><span class=\"font0\">\u00b0C<\/span><\/td>\n<\/tr>\n<tr style=\"height: 14.40pt;\">\n<td class=\"et3\" style=\"height: 14.40pt; width: 138.60pt;\" width=\"231\" height=\"24\">Depolama s\u0131cakl\u0131\u011f\u0131<\/td>\n<td class=\"et3\" style=\"width: 312.60pt;\" width=\"521\">-40<span class=\"font0\">\u00b0C<\/span><span class=\"font2\">~+85<\/span><span class=\"font0\">\u00b0C<\/span><\/td>\n<\/tr>\n<tr style=\"height: 73.00pt;\">\n<td class=\"et4\" style=\"height: 73.00pt;\" height=\"121\">\u00c7al\u0131\u015ft\u0131rma \u00d6zellikleri<\/td>\n<td class=\"et3\" style=\"width: 312.60pt;\" width=\"521\">Su ge\u00e7irmez; tuzlu suya, alkole, ya\u011fa, 10%HCL&#039;ye bat\u0131r\u0131lmaya kar\u015f\u0131 dayan\u0131kl\u0131d\u0131r; Amonyak; \u015fok ve titre\u015fim<\/td>\n<\/tr>\n<tr style=\"height: 14.40pt;\">\n<td class=\"et3\" style=\"height: 14.40pt; width: 138.60pt;\" width=\"231\" height=\"24\">\u00d6zellikler<\/td>\n<td class=\"et3\" style=\"width: 312.60pt;\" width=\"521\">su ge\u00e7irmez, y\u0131kanabilir, y\u00fcksek s\u0131cakl\u0131k dayan\u0131m\u0131<\/td>\n<\/tr>\n<tr style=\"height: 14.40pt;\">\n<td class=\"et3\" style=\"height: 14.40pt; width: 138.60pt;\" width=\"231\" height=\"24\">Uygulamalar<\/td>\n<td class=\"et3\" style=\"width: 312.60pt;\" width=\"521\">\u00e7ama\u015f\u0131rhane y\u00f6netimi ve takibi<\/td>\n<\/tr>\n<\/tbody>\n<\/table>\n<\/div>\n<\/div>\n<div class=\"J_module\">\n<div class=\"detail-decorate-json-renderer-container\">\n<div class=\"magic-1\">\n<div>\n<div><\/div>\n<div class=\"auto-hide-last-sibling-br paragraph_1252f paragraph-element\">125kHz PPS D\u00fc\u011fme RFID Etiketleri, RFID \u00e7ama\u015f\u0131r Etiketi \u00e7\u00f6z\u00fcmlerinin bir par\u00e7as\u0131 olarak \u00e7ok say\u0131da avantaj sunar. Bunlar \u015funlar\u0131 i\u00e7erir:<\/div>\n<p><br class=\"container_e695a wrapper_ad07b undefined\" \/><\/p>\n<ol class=\"auto-hide-last-sibling-br\">\n<li>Do\u011frudan fabrikadan gelen fiyatland\u0131rma, rekabet\u00e7i maliyet etkinli\u011fi sa\u011flar.<\/li>\n<li>Sevkiyattan \u00f6nce 100% testiyle kalite g\u00fcvencesi.<\/li>\n<li>G\u00fcvenilir uzun \u00f6m\u00fcr, 200&#039;den fazla y\u0131kama d\u00f6ng\u00fcs\u00fc veya sevkiyattan sonra 2 y\u0131ll\u0131k \u00f6m\u00fcr boyu garanti sunar.<\/li>\n<li>Ola\u011fan\u00fcst\u00fc esneklik, suya bat\u0131r\u0131lmaya, \u0131s\u0131ya, bas\u0131nca ve kimyasallara maruz kalmaya dayanabilme.<\/li>\n<li>Kalite testi ve g\u00fcvencesi i\u00e7in \u00fccretsiz numune teklifi.<\/li>\n<\/ol>\n<\/div>\n<div class=\"magic-2\">\n<div>\n<div class=\"auto-hide-last-sibling-br paragraph_1252f paragraph-element\"><\/div>\n<div class=\"auto-hide-last-sibling-br paragraph_1252f paragraph-element\"><strong>RFID d\u00fc\u011fme etiketi uygulamalar\u0131<\/strong><\/div>\n<ol class=\"auto-hide-last-sibling-br\">\n<li>\n<div class=\"auto-hide-last-sibling-br paragraph_1252f paragraph-element\">End\u00fcstriyel \u00c7ama\u015f\u0131rhaneler: End\u00fcstriyel sekt\u00f6rde, RFID \u00c7ama\u015f\u0131rhane Etiket D\u00fc\u011fmelerinin kullan\u0131m\u0131yla b\u00fcy\u00fck miktarlarda \u00e7ama\u015f\u0131rlar\u0131n takibi zahmetsiz bir i\u015f haline gelir.<\/div>\n<\/li>\n<li>\n<div class=\"auto-hide-last-sibling-br paragraph_1252f paragraph-element\">Hastaneler ve Oteller: Bu kurulu\u015flar genellikle y\u00fcksek hacimli \u00e7ama\u015f\u0131rhane operasyonlar\u0131yla ilgilenir ve bu etiketlerin verimlili\u011fi ve envanter y\u00f6netimini iyile\u015ftirmede etkili oldu\u011fu kan\u0131tlanm\u0131\u015ft\u0131r.<\/div>\n<\/li>\n<li>\n<div class=\"auto-hide-last-sibling-br paragraph_1252f paragraph-element\">Keten Kiralama: \u00c7ar\u015faf kiralama hizmetleri sa\u011flayan i\u015fletmeler, envanter y\u00f6netimini basitle\u015ftirmek ve kalite kontrol\u00fcn\u00fc s\u00fcrd\u00fcrmek i\u00e7in bu etiketleri kullan\u0131r.<\/div>\n<\/li>\n<\/ol>\n<div class=\"auto-hide-last-sibling-br paragraph_1252f paragraph-element\"><\/div>\n<\/div>\n<\/div>\n<\/div>\n<\/div>\n<\/div>","protected":false},"excerpt":{"rendered":"<div class=\"auto-hide-last-sibling-br paragraph_1252f paragraph-element\">Yayg\u0131n olarak RFID d\u00fc\u011fme etiketi olarak bilinen 125kHz PPS D\u00fc\u011fme RFID Etiketi, zorlu ko\u015fullara dayan\u0131kl\u0131 etiketler gerektiren uygulamalara y\u00f6nelik yo\u011fun yap\u0131l\u0131 bir cihazd\u0131r. Gen 2 UHF frekanslar\u0131na ek olarak 125 kHz LF, 13,56 MHz HF&#039;yi kullanan \u00e7e\u015fitli \u00e7ama\u015f\u0131r y\u0131kama RFID etiketleri sunuyoruz.<\/div>\n<div class=\"auto-hide-last-sibling-br paragraph_1252f paragraph-element\">Bu \u00e7ama\u015f\u0131rhane RFID etiketleri, zorlu otel ve kurumsal \u00e7ama\u015f\u0131rhane i\u015f ak\u0131\u015flar\u0131na dayanacak \u015fekilde \u00fcretilmi\u015ftir; y\u0131kama, kurutma, kuru temizleme ve \u00fct\u00fcleme gibi \u00e7e\u015fitli y\u00f6ntemlere dayan\u0131kl\u0131l\u0131k ve uyarlanabilirlik sunar.<\/div>","protected":false},"featured_media":81,"template":"","meta":{"_kad_post_transparent":"default","_kad_post_title":"","_kad_post_layout":"default","_kad_post_sidebar_id":"","_kad_post_content_style":"default","_kad_post_vertical_padding":"default","_kad_post_feature":"","_kad_post_feature_position":"","_kad_post_header":false,"_kad_post_footer":false,"_kad_post_classname":""},"product_brand":[],"product_cat":[21,18],"product_tag":[47,49,48],"class_list":{"0":"post-80","1":"product","2":"type-product","3":"status-publish","4":"has-post-thumbnail","6":"product_cat-pps-rfid-laundry-tag","7":"product_cat-125khz-rfid-laundry-tag","8":"product_tag-125khz-pps-button-rfid-tag","9":"product_tag-button-rfid-tag","10":"product_tag-pps-button-rfid-tag","12":"first","13":"instock","14":"shipping-taxable","15":"product-type-simple","16":"entry","17":"content-bg","18":"loop-entry"},"_links":{"self":[{"href":"https:\/\/rfid-laundry-tag.com\/tr\/wp-json\/wp\/v2\/product\/80","targetHints":{"allow":["GET"]}}],"collection":[{"href":"https:\/\/rfid-laundry-tag.com\/tr\/wp-json\/wp\/v2\/product"}],"about":[{"href":"https:\/\/rfid-laundry-tag.com\/tr\/wp-json\/wp\/v2\/types\/product"}],"version-history":[{"count":0,"href":"https:\/\/rfid-laundry-tag.com\/tr\/wp-json\/wp\/v2\/product\/80\/revisions"}],"wp:featuredmedia":[{"embeddable":true,"href":"https:\/\/rfid-laundry-tag.com\/tr\/wp-json\/wp\/v2\/media\/81"}],"wp:attachment":[{"href":"https:\/\/rfid-laundry-tag.com\/tr\/wp-json\/wp\/v2\/media?parent=80"}],"wp:term":[{"taxonomy":"product_brand","embeddable":true,"href":"https:\/\/rfid-laundry-tag.com\/tr\/wp-json\/wp\/v2\/product_brand?post=80"},{"taxonomy":"product_cat","embeddable":true,"href":"https:\/\/rfid-laundry-tag.com\/tr\/wp-json\/wp\/v2\/product_cat?post=80"},{"taxonomy":"product_tag","embeddable":true,"href":"https:\/\/rfid-laundry-tag.com\/tr\/wp-json\/wp\/v2\/product_tag?post=80"}],"curies":[{"name":"wp","href":"https:\/\/api.w.org\/{rel}","templated":true}]}}