{"id":74,"date":"2024-06-11T15:58:40","date_gmt":"2024-06-11T15:58:40","guid":{"rendered":"https:\/\/rfid-laundry-tag.com\/?post_type=product&#038;p=74"},"modified":"2024-06-11T16:34:14","modified_gmt":"2024-06-11T16:34:14","slug":"pps-rfid-washable-laundry-tags","status":"publish","type":"product","link":"https:\/\/rfid-laundry-tag.com\/tr\/pps-rfid-washable-laundry-tags\/","title":{"rendered":"PPS RFID y\u0131kanabilir \u00e7ama\u015f\u0131r etiketleri"},"content":{"rendered":"<div class=\"J_module\">\n<div class=\"ife-detail-decorate-table\">\n<table class=\"has-title all magic-6\">\n<tbody>\n<tr>\n<td colspan=\"1\" rowspan=\"1\">\n<div class=\"magic-7\" data-spm-anchor-id=\"a2700.details.0.i45.77607d98vZbcDU\"><span class=\"magic-8\" style=\"color: #363535;\">\u00d6\u011fe ad\u0131<\/span><\/div>\n<\/td>\n<td colspan=\"1\" rowspan=\"1\">\n<div class=\"magic-9\"><span class=\"magic-8\">PPS RFID y\u0131kanabilir \u00e7ama\u015f\u0131r etiketleri<\/span><\/div>\n<\/td>\n<\/tr>\n<tr>\n<td colspan=\"1\" rowspan=\"1\">\n<div class=\"magic-7\"><span class=\"magic-10\" data-spm-anchor-id=\"a2700.pc-decorate.0.i10.28d333330XLbTD\"><span class=\"magic-8\">Malzeme<\/span><\/span><\/div>\n<\/td>\n<td colspan=\"1\" rowspan=\"1\">\n<div class=\"magic-9\"><span class=\"magic-8\">BES<\/span><\/div>\n<\/td>\n<\/tr>\n<tr>\n<td colspan=\"1\" rowspan=\"1\">\n<div class=\"magic-7\"><span class=\"magic-8\">Renk<\/span><\/div>\n<\/td>\n<td colspan=\"1\" rowspan=\"1\">\n<div class=\"magic-9\"><span class=\"magic-8\">Siyah<\/span><\/div>\n<\/td>\n<\/tr>\n<tr>\n<td colspan=\"1\" rowspan=\"1\">Adedi<\/td>\n<td colspan=\"1\" rowspan=\"1\">500 adet<\/td>\n<\/tr>\n<tr>\n<td colspan=\"1\" rowspan=\"1\">\n<div class=\"magic-7\"><span class=\"magic-8\">\u00dcretici\/\u00c7ip<\/span><\/div>\n<\/td>\n<td colspan=\"1\" rowspan=\"1\">\n<div class=\"magic-9\"><span class=\"magic-8\">NXP UCODE 8, UCODE 9\/NTAG213, Mifare 1k\/EM4305, T5577 vb.<\/span><\/div>\n<\/td>\n<\/tr>\n<tr>\n<td colspan=\"1\" rowspan=\"1\">\n<div class=\"magic-7\"><span class=\"magic-8\">S\u0131kl\u0131k<\/span><\/div>\n<\/td>\n<td colspan=\"1\" rowspan=\"1\">\n<div class=\"magic-9\"><span class=\"magic-8\">860-960MHz\/13.56MHz\/125Khz<\/span><\/div>\n<\/td>\n<\/tr>\n<tr>\n<td colspan=\"1\" rowspan=\"1\">\n<div class=\"magic-7\"><span class=\"magic-8\">Haf\u0131za<\/span><\/div>\n<\/td>\n<td colspan=\"1\" rowspan=\"1\">\n<div class=\"magic-9\"><span class=\"magic-8\">96 Bit\/128 Bit\/144 Bayt<\/span><\/div>\n<\/td>\n<\/tr>\n<tr>\n<td colspan=\"1\" rowspan=\"1\">\n<div class=\"magic-7\"><span class=\"magic-8\">Okuma Mesafesi<\/span><\/div>\n<\/td>\n<td colspan=\"1\" rowspan=\"1\">\n<div class=\"magic-9\"><span class=\"magic-8\">1-6m\/1~5cm\/1~2cm<\/span><\/div>\n<\/td>\n<\/tr>\n<tr>\n<td colspan=\"1\" rowspan=\"1\">\n<div class=\"magic-7\"><span class=\"magic-8\">\u00c7al\u0131\u015fma modu<\/span><\/div>\n<\/td>\n<td colspan=\"1\" rowspan=\"1\">\n<div class=\"magic-9\"><span class=\"magic-8\">pasif<\/span><\/div>\n<\/td>\n<\/tr>\n<tr>\n<td colspan=\"1\" rowspan=\"1\">\n<div class=\"magic-7\"><span class=\"magic-8\">\u00c7al\u0131\u015fma s\u0131cakl\u0131\u011f\u0131<\/span><\/div>\n<\/td>\n<td colspan=\"1\" rowspan=\"1\">\n<div class=\"magic-9\"><span class=\"magic-8\">-25\u2103~+110\u2103<\/span><\/div>\n<\/td>\n<\/tr>\n<tr>\n<td colspan=\"1\" rowspan=\"1\">\n<div class=\"magic-7\"><span class=\"magic-8\">Depolama s\u0131cakl\u0131\u011f\u0131<\/span><\/div>\n<\/td>\n<td colspan=\"1\" rowspan=\"1\">\n<div class=\"magic-9\"><span class=\"magic-8\">-40\u2103~+85\u2103<\/span><\/div>\n<\/td>\n<\/tr>\n<tr>\n<td colspan=\"1\" rowspan=\"1\">\n<div class=\"magic-7\">\n<div><span class=\"magic-8\">\u00a0<\/span><\/div>\n<p><span class=\"magic-8\">K\u0131sa S\u00fcreli S\u0131cakl\u0131k Direnci<\/span><\/p>\n<\/div>\n<\/td>\n<td colspan=\"1\" rowspan=\"1\">\n<div class=\"magic-9\"><span class=\"magic-8\">y\u0131kama: 90\u2103, 15 dakika; d\u00f6n\u00fc\u015ft\u00fcr\u00fcc\u00fc \u00f6n kurutma: 180\u2103, 30 dakika, 200 kez; \u00fct\u00fcleme: 180\u2103, 10 saniye, 200 kez; y\u00fcksek<br \/>\ns\u0131cakl\u0131k sterilizasyonu: 135\u2103, 20 dakika<\/span><\/div>\n<\/td>\n<\/tr>\n<tr>\n<td colspan=\"1\" rowspan=\"1\">\n<div class=\"magic-7\"><span class=\"magic-8\">\u00d6zellikler<\/span><\/div>\n<\/td>\n<td colspan=\"1\" rowspan=\"1\">\n<div class=\"magic-9\"><span class=\"magic-8\">su ge\u00e7irmez, y\u0131kanabilir, y\u00fcksek s\u0131cakl\u0131k dayan\u0131m\u0131<\/span><\/div>\n<\/td>\n<\/tr>\n<tr>\n<td colspan=\"1\" rowspan=\"1\">\n<div class=\"magic-7\"><span class=\"magic-8\">Hayat<\/span><\/div>\n<\/td>\n<td colspan=\"1\" rowspan=\"1\">\n<div class=\"magic-9\"><span class=\"magic-8\">200 kez y\u0131kama veya 3 y\u0131l<\/span><\/div>\n<\/td>\n<\/tr>\n<tr>\n<td colspan=\"1\" rowspan=\"1\">\n<div class=\"magic-7\"><span class=\"magic-8\">Uygulamalar<\/span><\/div>\n<\/td>\n<td colspan=\"1\" rowspan=\"1\">\n<div class=\"magic-9\"><span class=\"magic-8\">\u00e7ama\u015f\u0131rhane y\u00f6netimi ve takibi<\/span><\/div>\n<\/td>\n<\/tr>\n<\/tbody>\n<\/table>\n<\/div>\n<\/div>\n<div class=\"J_module\">\n<div class=\"detail-decorate-json-renderer-container\">\n<div class=\"magic-1\">\n<div class=\"magic-2\">\n<div class=\"magic-3\">\n<div><\/div>\n<\/div>\n<div>\n<div><\/div>\n<\/div>\n<\/div>\n<p><strong>\u00c7ip Se\u00e7enekleri:<\/strong><\/p>\n<ul>\n<li><strong>NXP UCODE 8\/9:<\/strong>\u00a0Temel izleme ve tan\u0131mlama i\u00e7in ideal, 10 metreye kadar okuma menzili sunan, uygun maliyetli \u00e7ipler.<\/li>\n<li><strong>NTAG213:<\/strong>\u00a0Ak\u0131ll\u0131 telefonlar ve di\u011fer NFC cihazlar\u0131yla ileti\u015fime olanak tan\u0131yan, temass\u0131z \u00f6deme veya \u00fcr\u00fcn bilgilerine eri\u015fim gibi uygulamalar i\u00e7in m\u00fckemmel olan NFC \u00f6zellikli \u00e7ip.<\/li>\n<li><strong>Mifare 1k:<\/strong>\u00a0Eri\u015fim kontrol\u00fc ve g\u00fcvenli veri depolama i\u00e7in uygun, g\u00fc\u00e7l\u00fc \u015fifreleme ve kimlik do\u011frulama \u00f6zelliklerine sahip g\u00fcvenli \u00e7ip.<\/li>\n<li><strong>EM4305:<\/strong>\u00a01 metreye kadar okuma menziline sahip, temel eri\u015fim kontrol uygulamalar\u0131 i\u00e7in d\u00fc\u015f\u00fck maliyetli \u00e7ip.<\/li>\n<li><strong>T5577:<\/strong>\u00a0Eri\u015fim kontrol ve bilet sistemleri i\u00e7in 1 metreye kadar okuma menzili sunan d\u00fc\u015f\u00fck maliyetli bir \u00e7ip daha.<\/li>\n<\/ul>\n<div class=\"magic-2\">\n<div>\n<div class=\"auto-hide-last-sibling-br paragraph_1252f paragraph-element\"><strong>Uygulamalar\u00a0<\/strong><\/div>\n<ol class=\"auto-hide-last-sibling-br\">\n<li>\n<div class=\"auto-hide-last-sibling-br paragraph_1252f paragraph-element\">End\u00fcstriyel \u00c7ama\u015f\u0131rhaneler: End\u00fcstriyel sekt\u00f6rde, RFID \u00c7ama\u015f\u0131rhane Etiket D\u00fc\u011fmelerinin kullan\u0131m\u0131yla b\u00fcy\u00fck miktarlarda \u00e7ama\u015f\u0131rlar\u0131n takibi zahmetsiz bir i\u015f haline gelir.<\/div>\n<\/li>\n<li>\n<div class=\"auto-hide-last-sibling-br paragraph_1252f paragraph-element\">Hastaneler ve Oteller: Bu kurulu\u015flar genellikle y\u00fcksek hacimli \u00e7ama\u015f\u0131rhane operasyonlar\u0131yla ilgilenir ve bu etiketlerin verimlili\u011fi ve envanter y\u00f6netimini iyile\u015ftirmede etkili oldu\u011fu kan\u0131tlanm\u0131\u015ft\u0131r.<\/div>\n<\/li>\n<li>\n<div class=\"auto-hide-last-sibling-br paragraph_1252f paragraph-element\">Keten Kiralama: \u00c7ar\u015faf kiralama hizmetleri sa\u011flayan i\u015fletmeler, envanter y\u00f6netimini basitle\u015ftirmek ve kalite kontrol\u00fcn\u00fc s\u00fcrd\u00fcrmek i\u00e7in bu etiketleri kullan\u0131r.<\/div>\n<\/li>\n<\/ol>\n<div class=\"auto-hide-last-sibling-br paragraph_1252f paragraph-element\">125 kHz LF, 13.56 MHz HF ve Gen 2 UHF frekanslar\u0131nda \u00e7e\u015fitli RFID \u00e7ama\u015f\u0131r etiketleri sunuyoruz ve her birinizin benzersiz ihtiya\u00e7lar\u0131n\u0131 kar\u015f\u0131l\u0131yoruz. Dayan\u0131kl\u0131l\u0131k ve boyut \u00e7e\u015fitlili\u011fi ile tasarlanan etiketlerimiz, s\u0131cak, kurumsal \u00e7ama\u015f\u0131r y\u0131kama s\u00fcre\u00e7lerine zahmetsizce dayanabilir. \u00c7ama\u015f\u0131r RFID etiketleri, otellerdeki ve kurumlardaki zorlu \u00e7ama\u015f\u0131r y\u0131kama prosed\u00fcrlerine dayanmada ustad\u0131r ve y\u0131kama, kurutma, kuru temizleme ve \u00fct\u00fcleme i\u015flemlerine dayan\u0131kl\u0131 dayan\u0131kl\u0131l\u0131k sunar.<\/div>\n<p>&nbsp;<\/p>\n<div class=\"auto-hide-last-sibling-br paragraph_1252f paragraph-element\">Kullan\u0131lan PPS malzemesi bu etiketlerin suya, \u0131s\u0131ya, bas\u0131nca ve kimyasal maruziyete dayan\u0131kl\u0131 olmas\u0131n\u0131 sa\u011flar. Bunlar sa\u011fl\u0131k kurulu\u015flar\u0131nda, i\u015f k\u0131yafetleri segmentlerinde, hastanelerde, okullarda ve otellerde envanter s\u00fcre\u00e7lerini do\u011frulamak ve ger\u00e7ekle\u015ftirmek i\u00e7in idealdir. Bu etiketler \u00e7ar\u015faf, pe\u00e7ete, havlu ve di\u011fer giysiler gibi \u00e7e\u015fitli tekstil \u00fcr\u00fcnlerine d\u00fczg\u00fcn bir \u015fekilde dikilebilir veya muhafazalara yerle\u015ftirilebilir.<\/div>\n<p>&nbsp;<\/p>\n<div class=\"auto-hide-last-sibling-br paragraph_1252f paragraph-element\">RFID \u00e7ama\u015f\u0131r etiketi \u00e7\u00f6z\u00fcmlerimizden faydalan\u0131n ve fabrikadan do\u011frudan fiyatland\u0131rma, g\u00f6nderimden \u00f6nce kapsaml\u0131 test, 200&#039;den fazla y\u0131kama d\u00f6ng\u00fcs\u00fc veya g\u00f6nderim sonras\u0131 2 y\u0131l \u00f6m\u00fcr boyu garanti ve suya, \u0131s\u0131ya, bas\u0131nca ve kimyasallara kar\u015f\u0131 dayan\u0131kl\u0131l\u0131k gibi avantajlardan yararlan\u0131n.<\/div>\n<div class=\"auto-hide-last-sibling-br paragraph_1252f paragraph-element\"><\/div>\n<\/div>\n<\/div>\n<\/div>\n<\/div>\n<\/div>","protected":false},"excerpt":{"rendered":"<p>PPS RFID y\u0131kanabilir \u00e7ama\u015f\u0131r etiketleri olarak da bilinen RFID d\u00fc\u011fme etiketi, \u00f6zellikle zorlu ortamlara dayanabilen etiketler gerektiren uygulamalar i\u00e7in tasarlanm\u0131\u015f sa\u011flam, \u00f6zel yap\u0131m bir cihazd\u0131r. UHF \u00e7ama\u015f\u0131r transponderlerinin pazardaki pop\u00fclaritesine ra\u011fmen, mobil uygulama uyumlu RFID d\u00fc\u011fme etiketlerinin gerekli oldu\u011fu durumlar vard\u0131r. D\u00fc\u011fme tarz\u0131 RFID \u00e7ama\u015f\u0131r transponderleri bu ihtiya\u00e7lar\u0131 etkili bir \u015fekilde kar\u015f\u0131l\u0131yor. \u00c7ok y\u00f6nl\u00fcl\u00fc\u011f\u00fc ve \u00fcst\u00fcn i\u015flevselli\u011fi, \u00e7e\u015fitli sekt\u00f6rlerde tekstil ve end\u00fcstriyel \u00e7ama\u015f\u0131rhanelerin takip edilmesi ve tan\u0131mlanmas\u0131nda \u00f6nemli faydalar sa\u011flar.<\/p>","protected":false},"featured_media":75,"template":"","meta":{"_kad_post_transparent":"default","_kad_post_title":"","_kad_post_layout":"default","_kad_post_sidebar_id":"","_kad_post_content_style":"default","_kad_post_vertical_padding":"default","_kad_post_feature":"","_kad_post_feature_position":"","_kad_post_header":false,"_kad_post_footer":false,"_kad_post_classname":""},"product_brand":[],"product_cat":[21],"product_tag":[43,35,44],"class_list":{"0":"post-74","1":"product","2":"type-product","3":"status-publish","4":"has-post-thumbnail","6":"product_cat-pps-rfid-laundry-tag","7":"product_tag-pps-rfid-washable-laundry-tags","8":"product_tag-rfid-button","9":"product_tag-rfid-washable-laundry-tags","11":"first","12":"instock","13":"shipping-taxable","14":"product-type-simple","15":"entry","16":"content-bg","17":"loop-entry"},"_links":{"self":[{"href":"https:\/\/rfid-laundry-tag.com\/tr\/wp-json\/wp\/v2\/product\/74","targetHints":{"allow":["GET"]}}],"collection":[{"href":"https:\/\/rfid-laundry-tag.com\/tr\/wp-json\/wp\/v2\/product"}],"about":[{"href":"https:\/\/rfid-laundry-tag.com\/tr\/wp-json\/wp\/v2\/types\/product"}],"version-history":[{"count":0,"href":"https:\/\/rfid-laundry-tag.com\/tr\/wp-json\/wp\/v2\/product\/74\/revisions"}],"wp:featuredmedia":[{"embeddable":true,"href":"https:\/\/rfid-laundry-tag.com\/tr\/wp-json\/wp\/v2\/media\/75"}],"wp:attachment":[{"href":"https:\/\/rfid-laundry-tag.com\/tr\/wp-json\/wp\/v2\/media?parent=74"}],"wp:term":[{"taxonomy":"product_brand","embeddable":true,"href":"https:\/\/rfid-laundry-tag.com\/tr\/wp-json\/wp\/v2\/product_brand?post=74"},{"taxonomy":"product_cat","embeddable":true,"href":"https:\/\/rfid-laundry-tag.com\/tr\/wp-json\/wp\/v2\/product_cat?post=74"},{"taxonomy":"product_tag","embeddable":true,"href":"https:\/\/rfid-laundry-tag.com\/tr\/wp-json\/wp\/v2\/product_tag?post=74"}],"curies":[{"name":"wp","href":"https:\/\/api.w.org\/{rel}","templated":true}]}}