{"id":734,"date":"2024-07-16T17:22:48","date_gmt":"2024-07-16T17:22:48","guid":{"rendered":"https:\/\/rfid-laundry-tag.com\/?post_type=product&#038;p=734"},"modified":"2024-08-14T16:36:57","modified_gmt":"2024-08-14T16:36:57","slug":"10x20mm-nfc-ntag213-wet-inlay","status":"publish","type":"product","link":"https:\/\/rfid-laundry-tag.com\/tr\/10x20mm-nfc-ntag213-wet-inlay\/","title":{"rendered":"10x20mm NFC NTAG213 Islak Yerle\u015ftirme"},"content":{"rendered":"<h2>10x20mm NFC NTAG213 Islak Yerle\u015ftirme<\/h2>\n<p><strong>Kompakt ve \u00e7ok y\u00f6nl\u00fc olan bu 10x20 mm NFC \u0131slak dolgu, \u00e7ok \u00e7e\u015fitli uygulamalar i\u00e7in idealdir.<\/strong><\/p>\n<p><strong>\u00d6zellikler:<\/strong><\/p>\n<ul>\n<li><strong>\u00c7ip:<\/strong>\u00a0NTAG213<\/li>\n<li><strong>Protokol:<\/strong>\u00a0ISO\/IEC 14443A<\/li>\n<li><strong>Okuma\/Yazma Dayan\u0131kl\u0131l\u0131\u011f\u0131:<\/strong>\u00a0100.000 d\u00f6ng\u00fc<\/li>\n<li><strong>\u00c7al\u0131\u015fma S\u0131cakl\u0131\u011f\u0131:<\/strong>\u00a0-25\u00b0C ile +70\u00b0C aras\u0131<\/li>\n<li><strong>Malzeme Se\u00e7enekleri:<\/strong>\u00a0Ka\u011f\u0131t, PVC veya PET<\/li>\n<li><strong>\u00d6zelle\u015ftirme:<\/strong>\u00a0\u00d6zel logo bask\u0131s\u0131 mevcuttur<\/li>\n<\/ul>\n<p><strong>Faydalar:<\/strong><\/p>\n<ul>\n<li><strong>Kolay Ba\u015fvuru:<\/strong>\u00a0Kolayca tak\u0131lmas\u0131 i\u00e7in yap\u0131\u015fkanl\u0131 arka y\u00fczeyli \u0131slak yap\u0131\u015ft\u0131rma tasar\u0131m\u0131.<\/li>\n<li><strong>G\u00fcvenilir Performans:<\/strong>\u00a0Y\u00fcksek kaliteli \u00e7ip ve yap\u0131, tutarl\u0131 bir \u00e7al\u0131\u015fma sa\u011flar.<\/li>\n<li><strong>G\u00fcvenli Veri Depolama:<\/strong>\u00a0NTAG213 \u00e7ipi hassas bilgiler i\u00e7in g\u00fcvenli veri depolama sa\u011flar.<\/li>\n<li><strong>\u00c7ok Y\u00f6nl\u00fc Kullan\u0131mlar:<\/strong>\u00a0\u00dcr\u00fcn tan\u0131mlama, varl\u0131k takibi, promosyon kampanyalar\u0131 ve daha fazlas\u0131 i\u00e7in m\u00fckemmeldir.<\/li>\n<\/ul>","protected":false},"excerpt":{"rendered":"<p>NFC NTAG213 Islak Yerle\u015ftirme, NTAG213 \u00e7ipli 13.5MHz NFC Islak Yerle\u015ftirme, kolay uygulama i\u00e7in 10x20mm boyut ve yap\u0131\u015fkan arka y\u00fczeye sahiptir<\/p>","protected":false},"featured_media":735,"template":"","meta":{"_kad_post_transparent":"default","_kad_post_title":"","_kad_post_layout":"default","_kad_post_sidebar_id":"","_kad_post_content_style":"default","_kad_post_vertical_padding":"default","_kad_post_feature":"","_kad_post_feature_position":"","_kad_post_header":false,"_kad_post_footer":false,"_kad_post_classname":""},"product_brand":[],"product_cat":[189,54],"product_tag":[193,194],"class_list":{"0":"post-734","1":"product","2":"type-product","3":"status-publish","4":"has-post-thumbnail","6":"product_cat-rfid-inlay","7":"product_cat-hot-selling-rfid-tags","8":"product_tag-nfc-ntag213-wet-inlay","9":"product_tag-nfc-rfid-inlay","11":"first","12":"instock","13":"shipping-taxable","14":"product-type-simple","15":"entry","16":"content-bg","17":"loop-entry"},"_links":{"self":[{"href":"https:\/\/rfid-laundry-tag.com\/tr\/wp-json\/wp\/v2\/product\/734","targetHints":{"allow":["GET"]}}],"collection":[{"href":"https:\/\/rfid-laundry-tag.com\/tr\/wp-json\/wp\/v2\/product"}],"about":[{"href":"https:\/\/rfid-laundry-tag.com\/tr\/wp-json\/wp\/v2\/types\/product"}],"version-history":[{"count":3,"href":"https:\/\/rfid-laundry-tag.com\/tr\/wp-json\/wp\/v2\/product\/734\/revisions"}],"predecessor-version":[{"id":1327,"href":"https:\/\/rfid-laundry-tag.com\/tr\/wp-json\/wp\/v2\/product\/734\/revisions\/1327"}],"wp:featuredmedia":[{"embeddable":true,"href":"https:\/\/rfid-laundry-tag.com\/tr\/wp-json\/wp\/v2\/media\/735"}],"wp:attachment":[{"href":"https:\/\/rfid-laundry-tag.com\/tr\/wp-json\/wp\/v2\/media?parent=734"}],"wp:term":[{"taxonomy":"product_brand","embeddable":true,"href":"https:\/\/rfid-laundry-tag.com\/tr\/wp-json\/wp\/v2\/product_brand?post=734"},{"taxonomy":"product_cat","embeddable":true,"href":"https:\/\/rfid-laundry-tag.com\/tr\/wp-json\/wp\/v2\/product_cat?post=734"},{"taxonomy":"product_tag","embeddable":true,"href":"https:\/\/rfid-laundry-tag.com\/tr\/wp-json\/wp\/v2\/product_tag?post=734"}],"curies":[{"name":"wp","href":"https:\/\/api.w.org\/{rel}","templated":true}]}}