{"id":731,"date":"2024-07-16T17:14:51","date_gmt":"2024-07-16T17:14:51","guid":{"rendered":"https:\/\/rfid-laundry-tag.com\/?post_type=product&#038;p=731"},"modified":"2024-08-14T16:37:34","modified_gmt":"2024-08-14T16:37:34","slug":"uhf-rfid-dry-inlays-with-nxp-ucode-9","status":"publish","type":"product","link":"https:\/\/rfid-laundry-tag.com\/tr\/uhf-rfid-dry-inlays-with-nxp-ucode-9\/","title":{"rendered":"NXP Ucode 9 ile UHF RFID Kuru G\u00f6mme Etiketler"},"content":{"rendered":"<h2>NXP-Ucode 9 ile UHF RFID Kuru G\u00f6mme Etiketler<\/h2>\n<ul>\n<li><strong>S\u0131kl\u0131k:<\/strong>\u00a0860-960 MHz<\/li>\n<li><strong>Protokol:<\/strong>\u00a0ISO18000-6C<\/li>\n<li><strong>Okuma Aral\u0131\u011f\u0131:<\/strong>\u00a0Uzun okuma menzili (10 metreye kadar)<\/li>\n<li><strong>\u00c7ip Se\u00e7enekleri:<\/strong>\n<ul>\n<li><strong>NXP-Ucode9:<\/strong>\u00a0Geli\u015fmi\u015f g\u00fcvenlik \u00f6zelliklerine sahip y\u00fcksek performansl\u0131 \u00e7ip.<\/li>\n<li><strong>Di\u011fer Se\u00e7enekler:<\/strong>\u00a0Uzayl\u0131 H3, Monza R6, NXP-Ucode8, NXP-Ucode7<\/li>\n<\/ul>\n<\/li>\n<\/ul>\n<p><strong>\u00d6zelle\u015ftirme Se\u00e7enekleri:<\/strong><\/p>\n<p>RFID etiketleri i\u00e7in \u00e7e\u015fitli \u00f6zelle\u015ftirme se\u00e7enekleri sunuyoruz, bunlar aras\u0131nda \u015funlar yer al\u0131r:<\/p>\n<ul>\n<li><strong>Malzemeler:<\/strong>\u00a0Ku\u015fe ka\u011f\u0131t, PVC, PET, K\u0131r\u0131lgan Ka\u011f\u0131t vb.<\/li>\n<li><strong>Boyut:<\/strong>\u00a0Belirli \u00fcr\u00fcn \u00f6l\u00e7\u00fclerine uyacak \u015fekilde \u00f6zelle\u015ftirilmi\u015f boyut.<\/li>\n<li><strong>Bask\u0131:<\/strong>\u00a0Logo bask\u0131, numara bask\u0131, barkod bask\u0131.<\/li>\n<li><strong>Kodlama ve \u015eifreleme:<\/strong>\u00a0G\u00fcvenli veri depolama ve ileti\u015fimi.<\/li>\n<\/ul>\n<p><strong>RFID kakmalar\u0131<\/strong>\u00a0bir RFID sisteminin kalbidir ve okuyucuyla ileti\u015fimi sa\u011flayan mikro\u00e7ip (IC) ve anten i\u00e7erir. Yap\u0131lar\u0131na g\u00f6re iki ana t\u00fcre ayr\u0131l\u0131rlar:<\/p>\n<p><strong>1. RFID Kuru G\u00f6mme Etiketler:<\/strong><\/p>\n<ul>\n<li><strong>Tan\u0131m:<\/strong>\u00a0Kuru dolgular, malzemelere veya alt tabakalara do\u011frudan entegre edilmek \u00fczere tasarlanm\u0131\u015ft\u0131r. Yap\u0131\u015fkan bir arka y\u00fczeye sahip olmad\u0131klar\u0131ndan, kal\u0131c\u0131 ba\u011flant\u0131 gerektiren uygulamalar i\u00e7in idealdirler. Genellikle lamine bir y\u00fczeyle gelirler.<\/li>\n<li><strong>Temel \u00d6zellikler:<\/strong>\n<ul>\n<li><strong>Yap\u0131\u015ft\u0131r\u0131c\u0131 Yok:<\/strong>\u00a0Ek yap\u0131\u015ft\u0131r\u0131c\u0131 ad\u0131mlar\u0131na olan ihtiyac\u0131 ortadan kald\u0131r\u0131r.<\/li>\n<li><strong>Do\u011frudan Entegrasyon:<\/strong>\u00a0\u00dcr\u00fcnlere, ambalajlara ve di\u011fer materyallere kolayl\u0131kla entegre edilebilir.<\/li>\n<li><strong>Dayan\u0131kl\u0131 Yap\u0131:<\/strong>\u00a0A\u015f\u0131nmaya ve y\u0131pranmaya kar\u015f\u0131 dayan\u0131kl\u0131d\u0131rlar, bu da onlar\u0131 zorlu ortamlara uygun hale getirir.<\/li>\n<\/ul>\n<\/li>\n<\/ul>\n<p><strong>2. RFID Islak Kaplamalar:<\/strong><\/p>\n<ul>\n<li><strong>Tan\u0131m:<\/strong>\u00a0Islak etiketler, do\u011frudan bir \u00fcr\u00fcne uygulanmalar\u0131na veya ak\u0131ll\u0131 etiketlere d\u00f6n\u00fc\u015ft\u00fcr\u00fclmelerine olanak tan\u0131yan yap\u0131\u015fkan bir arka y\u00fczeye sahiptir. Bu, onlar\u0131 y\u00fcksek hacimli etiketleme i\u00e7in uygun maliyetli bir \u00e7\u00f6z\u00fcm haline getirir.<\/li>\n<li><strong>Temel \u00d6zellikler:<\/strong>\n<ul>\n<li><strong>Yap\u0131\u015fkanl\u0131 Arka Y\u00fczey:<\/strong>\u00a0\u00c7e\u015fitli y\u00fczeylere kolay uygulama imk\u00e2n\u0131 sa\u011flar.<\/li>\n<li><strong>Maliyet Etkin:<\/strong>\u00a0Y\u00fcksek hacimli etiketleme projeleri i\u00e7in idealdir.<\/li>\n<li><strong>\u00c7ok Y\u00f6nl\u00fc Uygulamalar:<\/strong>\u00a0Ge\u00e7ici veya kal\u0131c\u0131 etiketleme gerektiren \u00fcr\u00fcnler i\u00e7in uygundur.<\/li>\n<\/ul>\n<\/li>\n<\/ul>","protected":false},"excerpt":{"rendered":"<p>Geli\u015fmi\u015f g\u00fcvenlik ve veri depolama i\u00e7in NXP Ucode 9 ile UHF RFID Kuru G\u00f6mme Etiketler. Do\u011frudan malzemelere entegre edin.<\/p>","protected":false},"featured_media":732,"template":"","meta":{"_kad_post_transparent":"default","_kad_post_title":"","_kad_post_layout":"default","_kad_post_sidebar_id":"","_kad_post_content_style":"default","_kad_post_vertical_padding":"default","_kad_post_feature":"","_kad_post_feature_position":"","_kad_post_header":false,"_kad_post_footer":false,"_kad_post_classname":""},"product_brand":[],"product_cat":[189,54],"product_tag":[192,191],"class_list":{"0":"post-731","1":"product","2":"type-product","3":"status-publish","4":"has-post-thumbnail","6":"product_cat-rfid-inlay","7":"product_cat-hot-selling-rfid-tags","8":"product_tag-uhf-rfid-dry-inlays","9":"product_tag-uhf-rfid-dry-inlays-with-nxp-ucode-9","11":"first","12":"instock","13":"shipping-taxable","14":"product-type-simple","15":"entry","16":"content-bg","17":"loop-entry"},"_links":{"self":[{"href":"https:\/\/rfid-laundry-tag.com\/tr\/wp-json\/wp\/v2\/product\/731","targetHints":{"allow":["GET"]}}],"collection":[{"href":"https:\/\/rfid-laundry-tag.com\/tr\/wp-json\/wp\/v2\/product"}],"about":[{"href":"https:\/\/rfid-laundry-tag.com\/tr\/wp-json\/wp\/v2\/types\/product"}],"version-history":[{"count":4,"href":"https:\/\/rfid-laundry-tag.com\/tr\/wp-json\/wp\/v2\/product\/731\/revisions"}],"predecessor-version":[{"id":1329,"href":"https:\/\/rfid-laundry-tag.com\/tr\/wp-json\/wp\/v2\/product\/731\/revisions\/1329"}],"wp:featuredmedia":[{"embeddable":true,"href":"https:\/\/rfid-laundry-tag.com\/tr\/wp-json\/wp\/v2\/media\/732"}],"wp:attachment":[{"href":"https:\/\/rfid-laundry-tag.com\/tr\/wp-json\/wp\/v2\/media?parent=731"}],"wp:term":[{"taxonomy":"product_brand","embeddable":true,"href":"https:\/\/rfid-laundry-tag.com\/tr\/wp-json\/wp\/v2\/product_brand?post=731"},{"taxonomy":"product_cat","embeddable":true,"href":"https:\/\/rfid-laundry-tag.com\/tr\/wp-json\/wp\/v2\/product_cat?post=731"},{"taxonomy":"product_tag","embeddable":true,"href":"https:\/\/rfid-laundry-tag.com\/tr\/wp-json\/wp\/v2\/product_tag?post=731"}],"curies":[{"name":"wp","href":"https:\/\/api.w.org\/{rel}","templated":true}]}}