{"id":727,"date":"2024-07-16T17:02:27","date_gmt":"2024-07-16T17:02:27","guid":{"rendered":"https:\/\/rfid-laundry-tag.com\/?post_type=product&#038;p=727"},"modified":"2024-09-16T05:10:50","modified_gmt":"2024-09-16T05:10:50","slug":"alien-h9-9662-rfid-inlay-sticker","status":"publish","type":"product","link":"https:\/\/rfid-laundry-tag.com\/tr\/alien-h9-9662-rfid-inlay-sticker\/","title":{"rendered":"Alien H9 9662 RFID G\u00f6mme Etiket"},"content":{"rendered":"<h2>Alien H9 9662 RFID G\u00f6mme Etiket<\/h2>\n<p><strong>S\u0131kl\u0131k:<\/strong>\u00a0UHF 860-960MHz<br \/>\n<strong>\u00c7ip:<\/strong> UZAYLI Higgs-3,Uzayl\u0131 H9<br \/>\n<strong>Protokol:<\/strong>\u00a0EPC S\u0131n\u0131f 1 Gen2, ISO18000-6C<br \/>\n<strong>Haf\u0131za:<\/strong><\/p>\n<ul>\n<li>EPC: 96 bit<\/li>\n<li>TID: 32 bit<\/li>\n<li>Kullan\u0131c\u0131: 512 bit<br \/>\n<strong>Okuma Mesafesi:<\/strong>\u00a01~8 metre (okuyucuya ba\u011fl\u0131)<\/li>\n<\/ul>\n<p><strong>Boyutlar:<\/strong> 82,50 x 25,40 mm<br \/>\n<strong>Bi\u00e7imler:<\/strong> Kuru G\u00f6mme, Islak G\u00f6mme<br \/>\nKarma\u015f\u0131k ortamlarda g\u00fcvenilir performans i\u00e7in y\u00fcksek kaliteli \u00fcretim.<\/p>\n<h4 class=\"alternative\">Alien H9 \u00c7ipleri \u00d6ne \u00c7\u0131kanlar<\/h4>\n<ul>\n<li>GS1 S\u0131n\u0131f 1 Gen 2 ve ISO\/IEC 18000-6C&#039;ye uygundur<\/li>\n<li>RFID UHF bantlar\u0131nda (840-960 MHz) d\u00fcnya \u00e7ap\u0131nda operasyon<\/li>\n<li>1024-Bit NVM\/RAM Bellek<\/li>\n<li>496-EPC Bit&#039;e kadar (nominal olarak 96 bit)<\/li>\n<li>688 Kullan\u0131c\u0131 Bitine Kadar<\/li>\n<li>48 Bit Benzersiz TID<\/li>\n<li>32 Bit Eri\u015fim ve 32 bit Kill Pass-<br \/>\nkelimeler<\/li>\n<li>Benzersiz, de\u011fi\u015ftirilemez bir \u015fekilde \u00f6nceden programlanm\u0131\u015ft\u0131r<br \/>\n48 bit seri numaras\u0131 m\u00fcmk\u00fcn<\/li>\n<li>Kullan\u0131c\u0131 Belle\u011fi Kal\u0131c\u0131 Olarak Engellenebilir<br \/>\nKilitli ve \u015fifreli pro-<br \/>\n256 bitlik bloklarda \u00fcretildi<\/li>\n<li>Hem okuma hem de yazma i\u00e7in d\u00fc\u015f\u00fck g\u00fc\u00e7 t\u00fcketimi<br \/>\nprogram<\/li>\n<li>QuickWrite\u2122 \/ BlastWrite\u2122 \u2013 Y\u00fcksek h\u0131zl\u0131<br \/>\n\u00e7ip ve kitle programlama<\/li>\n<li>Dynamic AuthenticationTM klonlama \u00f6nleme \/<br \/>\nSahtecili\u011fe kar\u015f\u0131 teknoloji<\/li>\n<li>Ola\u011fan\u00fcst\u00fc \u00e7al\u0131\u015fma aral\u0131\u011f\u0131, 13 m&#039;ye kadar<br \/>\nuygun anten ile.<\/li>\n<\/ul>\n<p><strong>Uygulamalar:<\/strong><\/p>\n<ul>\n<li>Tedarik zinciri y\u00f6netimi<\/li>\n<li>Da\u011f\u0131t\u0131m Lojisti\u011fi<\/li>\n<li>\u00dcr\u00fcn Kimlik Do\u011frulamas\u0131<\/li>\n<li>Varl\u0131k Envanteri ve Takibi<\/li>\n<li>Bagaj Ta\u015f\u0131ma ve Takibi<\/li>\n<\/ul>\n<p><strong>Temel \u00d6zellikler:<\/strong><\/p>\n<ul>\n<li>Y\u00fcksek performansl\u0131 UHF RFID etiket<\/li>\n<li>Uzun okuma aral\u0131\u011f\u0131 ve g\u00fcvenilir performans<\/li>\n<li>Sa\u011flam RFID takibi gerektiren \u00e7e\u015fitli uygulamalar i\u00e7in uygundur<\/li>\n<li>End\u00fcstri standard\u0131 EPC S\u0131n\u0131f 1 Gen2 protokol\u00fcn\u00fc kullan\u0131r<\/li>\n<\/ul>\n<p><strong>Not:<\/strong>\u00a0Ger\u00e7ek okuma mesafesi, okuyucu g\u00fcc\u00fc, anten tasar\u0131m\u0131, \u00e7evre ko\u015fullar\u0131 ve etiket y\u00f6n\u00fc gibi fakt\u00f6rlere ba\u011fl\u0131 olarak de\u011fi\u015febilir.<\/p>\n<h2>S\u0131k\u00e7a Sorulan Sorular: Alien H9 9662 RFID G\u00f6mme Etiket<\/h2>\n<p><strong>Genel<\/strong><\/p>\n<ol>\n<li><strong>Alien H9 9662 RFID Inlay Sticker&#039;\u0131n okuma aral\u0131\u011f\u0131 nedir?<\/strong><br \/>\nAlien H9 9662 RFID Etiketinin okuma aral\u0131\u011f\u0131, kullan\u0131lan okuyucu, anten yap\u0131land\u0131rmas\u0131 ve \u00e7evre ko\u015fullar\u0131 gibi fakt\u00f6rlere ba\u011fl\u0131 olarak de\u011fi\u015febilir.<\/li>\n<li><strong>Alien H9 9662 RFID Inlay Sticker&#039;\u0131n \u00e7al\u0131\u015fma frekans\u0131 nedir?<\/strong><br \/>\nAlien H9 9662 RFID G\u00f6mme Etiket, 865-868 MHz UHF frekans aral\u0131\u011f\u0131nda \u00e7al\u0131\u015f\u0131r.<\/li>\n<li><strong>\u0130nley EPC Class 1 Gen2 protokol\u00fcyle uyumlu mu?<\/strong><br \/>\nEvet, Alien H9 9662 RFID Inlay Sticker EPC Class 1 Gen2 protokol\u00fcyle uyumludur.<\/li>\n<li><strong>Alien H9 9662 RFID Inlay Sticker&#039;\u0131n boyutlar\u0131 nelerdir?<\/strong><br \/>\nHer t\u00fcrl\u00fc boyut \u00f6zelle\u015ftirilebilir.<\/li>\n<li><strong>G\u00f6mme dolgu kuru veya \u0131slak g\u00f6mme gibi farkl\u0131 formatlarda m\u0131 geliyor?<\/strong><br \/>\nEvet, inlay kuru veya \u0131slak inlay formatlar\u0131nda mevcuttur.<\/li>\n<li><strong>Alien H9 9662 RFID G\u00f6mme Etiket karma\u015f\u0131k ortamlarda nas\u0131l performans g\u00f6sterir?<\/strong><br \/>\nAlien H9 9662 RFID Inlay Sticker karma\u015f\u0131k ortamlarda iyi performans g\u00f6sterecek \u015fekilde tasarlanm\u0131\u015ft\u0131r. Ancak metal paraziti, nem ve s\u0131cakl\u0131k gibi fakt\u00f6rler okuma aral\u0131\u011f\u0131n\u0131 etkileyebilir.<\/li>\n<\/ol>\n<p><strong>Sipari\u015f ve Uygunluk<\/strong><\/p>\n<ol>\n<li><strong>Alien H9 9662 RFID Inlay Sticker&#039;\u0131 nereden sat\u0131n alabilirim?<\/strong><br \/>\nEvet, RFID ek par\u00e7alar\u0131n\u0131 satabiliriz, 12 y\u0131l\u0131 a\u015fk\u0131n \u00fcretim tecr\u00fcbemiz var.<\/li>\n<li><strong>Sipari\u015flerin haz\u0131rlanma s\u00fcresi nedir?<\/strong><br \/>\nSipari\u015flerin i\u015flenmesi i\u00e7in tipik teslim s\u00fcresinden bahsedin. Her zamanki gibi yakla\u015f\u0131k 10 g\u00fcnd\u00fcr<\/li>\n<li><strong>Minimum sipari\u015f miktar\u0131 var m\u0131?<\/strong><br \/>\n1000 adet<\/li>\n<li><strong>Alien H9 9662 RFID Inlay Sticker&#039;\u0131n numunesini almam m\u00fcmk\u00fcn m\u00fc?<\/strong><br \/>\nEvet, \u00fccretsiz numuneler<\/li>\n<\/ol>\n<p>&nbsp;<\/p>","protected":false},"excerpt":{"rendered":"<p>Alien H9 9662 RFID G\u00f6mme Etiket: Tedarik zinciri y\u00f6netimi, varl\u0131k takibi ve daha fazlas\u0131 i\u00e7in y\u00fcksek performansl\u0131 UHF RFID g\u00f6mme etiketi.<\/p>","protected":false},"featured_media":728,"template":"","meta":{"_kad_post_transparent":"default","_kad_post_title":"","_kad_post_layout":"default","_kad_post_sidebar_id":"","_kad_post_content_style":"default","_kad_post_vertical_padding":"default","_kad_post_feature":"","_kad_post_feature_position":"","_kad_post_header":false,"_kad_post_footer":false,"_kad_post_classname":""},"product_brand":[],"product_cat":[189,54],"product_tag":[266,267,108],"class_list":{"0":"post-727","1":"product","2":"type-product","3":"status-publish","4":"has-post-thumbnail","6":"product_cat-rfid-inlay","7":"product_cat-hot-selling-rfid-tags","8":"product_tag-9662-rfid-inlay-sticker","9":"product_tag-h9-rfid-inlay","10":"product_tag-rfid-inlay","12":"first","13":"instock","14":"shipping-taxable","15":"product-type-simple","16":"entry","17":"content-bg","18":"loop-entry"},"_links":{"self":[{"href":"https:\/\/rfid-laundry-tag.com\/tr\/wp-json\/wp\/v2\/product\/727","targetHints":{"allow":["GET"]}}],"collection":[{"href":"https:\/\/rfid-laundry-tag.com\/tr\/wp-json\/wp\/v2\/product"}],"about":[{"href":"https:\/\/rfid-laundry-tag.com\/tr\/wp-json\/wp\/v2\/types\/product"}],"version-history":[{"count":2,"href":"https:\/\/rfid-laundry-tag.com\/tr\/wp-json\/wp\/v2\/product\/727\/revisions"}],"predecessor-version":[{"id":730,"href":"https:\/\/rfid-laundry-tag.com\/tr\/wp-json\/wp\/v2\/product\/727\/revisions\/730"}],"wp:featuredmedia":[{"embeddable":true,"href":"https:\/\/rfid-laundry-tag.com\/tr\/wp-json\/wp\/v2\/media\/728"}],"wp:attachment":[{"href":"https:\/\/rfid-laundry-tag.com\/tr\/wp-json\/wp\/v2\/media?parent=727"}],"wp:term":[{"taxonomy":"product_brand","embeddable":true,"href":"https:\/\/rfid-laundry-tag.com\/tr\/wp-json\/wp\/v2\/product_brand?post=727"},{"taxonomy":"product_cat","embeddable":true,"href":"https:\/\/rfid-laundry-tag.com\/tr\/wp-json\/wp\/v2\/product_cat?post=727"},{"taxonomy":"product_tag","embeddable":true,"href":"https:\/\/rfid-laundry-tag.com\/tr\/wp-json\/wp\/v2\/product_tag?post=727"}],"curies":[{"name":"wp","href":"https:\/\/api.w.org\/{rel}","templated":true}]}}