{"id":723,"date":"2024-07-16T16:29:22","date_gmt":"2024-07-16T16:29:22","guid":{"rendered":"https:\/\/rfid-laundry-tag.com\/?post_type=product&#038;p=723"},"modified":"2024-08-14T16:40:29","modified_gmt":"2024-08-14T16:40:29","slug":"uhf-rfid-inlay-monza-m4-chips","status":"publish","type":"product","link":"https:\/\/rfid-laundry-tag.com\/tr\/uhf-rfid-inlay-monza-m4-chips\/","title":{"rendered":"UHF RFID Yerle\u015ftirme Monza M4 \u00c7ipleri"},"content":{"rendered":"<div>\n<ul>\n<li><strong>\u00dcr\u00fcn Ad\u0131:<\/strong>\u00a0UHF RFID Kakma Monza M4\/M5 Cipsleri<\/li>\n<li><strong>Malzeme:<\/strong>\u00a0Ku\u015fe Ka\u011f\u0131t, PET vb.<\/li>\n<li><strong>\u00c7ip:<\/strong>\u00a0Monza M4\/M5<\/li>\n<li><strong>Renk:<\/strong>\u00a0Beyaz<\/li>\n<li><strong>Protokol:<\/strong>\u00a0K\u00fcresel EPC S\u0131n\u0131f1 Gen2 ISO\/IEC 18000-6C<\/li>\n<li><strong>S\u0131kl\u0131k:<\/strong>\u00a0860-960mhz<\/li>\n<li><strong>Okuyucu Aral\u0131\u011f\u0131:<\/strong>\u00a06M~12M (ortama ve okuma-yazma mesafesine ba\u011fl\u0131)<\/li>\n<li><strong>\u00c7al\u0131\u015fma Y\u00f6ntemi:<\/strong>\u00a0Pasif<\/li>\n<li><strong>Geri D\u00f6n\u00fc\u015f\u00fcm \u00c7al\u0131\u015fmas\u0131:<\/strong>\u00a0&gt;100000 Kez<\/li>\n<li><strong>Ba\u015fvuru:<\/strong>\u00a0Sahtecili\u011fe kar\u015f\u0131 izlenebilirlik, veri iletimi.<\/li>\n<\/ul>\n<p><strong>UHF RFID Inlay Monza M4 \u00c7iplerinin A\u00e7\u0131klamas\u0131:<\/strong><\/p>\n<p>Monza M4\/M5 \u00e7iplerine sahip bu UHF RFID G\u00f6mme Etiketleri, g\u00fcvenilir veri iletimi ve sahtecili\u011fe kar\u015f\u0131 \u00f6nlemler gerektiren \u00e7e\u015fitli uygulamalar i\u00e7in tasarlanm\u0131\u015ft\u0131r.<\/p>\n<p><strong>Temel \u00d6zellikler:<\/strong><\/p>\n<ul>\n<li><strong>Dayan\u0131kl\u0131:<\/strong>\u00a0Uzun kullan\u0131m \u00f6mr\u00fc i\u00e7in y\u00fcksek kaliteli malzemelerle \u00fcretilmi\u015ftir.<\/li>\n<li><strong>G\u00fcvenilir:<\/strong>\u00a0Do\u011fru veri yakalama i\u00e7in g\u00fc\u00e7l\u00fc performans sunar.<\/li>\n<li><strong>\u00c7ok y\u00f6nl\u00fc:<\/strong>\u00a0Envanter takibi, varl\u0131k y\u00f6netimi ve tedarik zinciri izleme gibi \u00e7e\u015fitli uygulamalar i\u00e7in uygundur.<\/li>\n<li><strong>G\u00fcvenli:<\/strong>\u00a0Sahtecili\u011fe kar\u015f\u0131 m\u00fccadeleye katk\u0131da bulunur ve \u00fcr\u00fcn\u00fcn orijinalli\u011fini garanti alt\u0131na al\u0131r.<\/li>\n<\/ul>\n<h2>UHF RFID Inlay Monza M4\/M5 \u00c7ipleri: S\u0131k\u00e7a Sorulan Sorular<\/h2>\n<p><strong>1. Monza M4 ve Monza M5 \u00e7ipleri aras\u0131ndaki fark nedir?<\/strong><\/p>\n<p>Monza M4 ve M5 \u00e7ipleri her ikisi de y\u00fcksek performansl\u0131 UHF RFID \u00e7ipleridir. Birincil fark bellek kapasitelerinde yatmaktad\u0131r:<\/p>\n<ul>\n<li><strong>Monza M4:<\/strong>\u00a0128 bit kullan\u0131c\u0131 belle\u011fi sunar.<\/li>\n<li><strong>Monza M5:<\/strong>\u00a0512 bit kullan\u0131c\u0131 belle\u011fi sunar.<\/li>\n<\/ul>\n<p>Bu, Monza M5&#039;in \u00f6nemli \u00f6l\u00e7\u00fcde daha fazla veri depolayabilece\u011fi anlam\u0131na geliyor ve bu da onu kapsaml\u0131 veri depolama gerektiren uygulamalar i\u00e7in ideal hale getiriyor.<\/p>\n<p><strong>2. UHF RFID Inlay Monza M4 \u00c7iplerini kullanman\u0131n avantajlar\u0131 nelerdir?<\/strong><\/p>\n<p>Monza M4\/M5 \u00e7ipleri \u00e7ok say\u0131da avantaj sa\u011flar:<\/p>\n<ul>\n<li><strong>Y\u00fcksek Okuma Aral\u0131\u011f\u0131:<\/strong>\u00a0Optimum ko\u015fullarda 12 metreye kadar uzanan m\u00fckemmel okuma menzili sunarlar.<\/li>\n<li><strong>H\u0131zl\u0131 Okuma\/Yazma H\u0131zlar\u0131:<\/strong>\u00a0Bu \u00e7ipler, verilere h\u0131zl\u0131 eri\u015fim sa\u011flayarak operasyonlar\u0131 kolayla\u015ft\u0131r\u0131yor.<\/li>\n<li><strong>Geli\u015fmi\u015f Performans:<\/strong>\u00a0Zorlu ortamlarda g\u00fcvenilir ve istikrarl\u0131 performans sunarlar.<\/li>\n<li><strong>Veri G\u00fcvenli\u011fi:<\/strong>\u00a0\u00c7iplerde hassas verileri korumak i\u00e7in g\u00fcvenlik \u00f6zellikleri yer al\u0131yor.<\/li>\n<\/ul>\n<p><strong>3. Monza M4\/M5 RFID inlay&#039;lar\u0131 hangi tip uygulamalar i\u00e7in uygundur?<\/strong><\/p>\n<p>Bu kakmalar a\u015fa\u011f\u0131dakiler de dahil olmak \u00fczere \u00e7ok \u00e7e\u015fitli uygulamalar i\u00e7in olduk\u00e7a uygundur:<\/p>\n<ul>\n<li><strong>Stok Y\u00f6netimi:<\/strong>\u00a0Depolar ve perakende ma\u011fazalardaki envanter seviyelerini ve \u00fcr\u00fcn hareketlerini takip etmek.<\/li>\n<li><strong>Varl\u0131k Takibi:<\/strong>\u00a0\u00c7e\u015fitli ortamlardaki varl\u0131klar\u0131n, ekipmanlar\u0131n ve ara\u00e7lar\u0131n izlenmesi.<\/li>\n<li><strong>Tedarik zinciri y\u00f6netimi:<\/strong>\u00a0Tedarik zinciri g\u00f6r\u00fcn\u00fcrl\u00fc\u011f\u00fcn\u00fc ve \u015feffafl\u0131\u011f\u0131n\u0131 art\u0131rmak.<\/li>\n<li><strong>Sahtecili\u011fe Kar\u015f\u0131:<\/strong>\u00a0\u00dcr\u00fcn sahtecili\u011fini \u00f6nlemek ve orijinalli\u011fini garanti alt\u0131na almak.<\/li>\n<li><strong>Eri\u015fim Kontrol\u00fc:<\/strong>\u00a0G\u00fcvenli alanlara veya k\u0131s\u0131tl\u0131 alanlara eri\u015fimi y\u00f6netme.<\/li>\n<\/ul>\n<p><strong>4. Belirli uygulamam i\u00e7in do\u011fru RFID etiketini nas\u0131l se\u00e7ebilirim?<\/strong><\/p>\n<p>En uygun RFID ek par\u00e7as\u0131 se\u00e7imi, uygulaman\u0131z\u0131n \u00f6zel gereksinimlerine ba\u011fl\u0131d\u0131r:<\/p>\n<ul>\n<li><strong>Veri Depolama \u0130htiya\u00e7lar\u0131:<\/strong>\u00a0E\u011fer geni\u015f \u00e7apl\u0131 veri depolama ihtiyac\u0131n\u0131z varsa daha b\u00fcy\u00fck haf\u0131za kapasitesine sahip Monza M5 modelini de\u011ferlendirebilirsiniz.<\/li>\n<li><strong>Okuma Aral\u0131\u011f\u0131:<\/strong>\u00a0Uygun etiket tan\u0131mlamas\u0131n\u0131 sa\u011flamak i\u00e7in gerekli okuma aral\u0131\u011f\u0131n\u0131 belirleyin.<\/li>\n<li><strong>\u00c7evresel Ko\u015fullar:<\/strong>\u00a0Dayan\u0131kl\u0131 bir dolgu se\u00e7erken \u00e7al\u0131\u015fma ortam\u0131n\u0131 (s\u0131cakl\u0131k, nem, vb.) g\u00f6z \u00f6n\u00fcnde bulundurun.<\/li>\n<li><strong>Ba\u015fvuru T\u00fcr\u00fc:<\/strong>\u00a0Belirli uygulama (\u00f6rne\u011fin envanter takibi, varl\u0131k y\u00f6netimi) ek par\u00e7a se\u00e7imini etkileyecektir.<\/li>\n<\/ul>\n<p><strong>5. Monza M4\/M5 \u00e7ipleri kullanan RFID ek par\u00e7alar\u0131yla ili\u015fkili tipik maliyetler nelerdir?<\/strong><\/p>\n<p>RFID ek par\u00e7alar\u0131n\u0131n maliyeti, \u00e7ip t\u00fcr\u00fc, ek tasar\u0131m, sipari\u015f edilen miktar ve ek \u00f6zellikler gibi fakt\u00f6rlere ba\u011fl\u0131 olarak de\u011fi\u015fir. Do\u011fru fiyatland\u0131rma bilgileri i\u00e7in RFID \u00fcreticileri veya tedarik\u00e7ileriyle ileti\u015fime ge\u00e7in.<\/p>\n<p><strong>6. Monza M4\/M5 inlay&#039;leri standart RFID okuyucularla uyumlu mudur?<\/strong><\/p>\n<p>Evet, bu ekler UHF frekans aral\u0131\u011f\u0131nda \u00e7al\u0131\u015fan end\u00fcstri standard\u0131 RFID okuyucular\u0131yla \u00e7al\u0131\u015fmak \u00fczere tasarlanm\u0131\u015ft\u0131r.<\/p>\n<p><strong>7. Monza M4\/M5 RFID inlay&#039;lerini nereden sat\u0131n alabilirim?<\/strong><\/p>\n<p>Monza M4\/M5 \u00e7ipli RFID ek par\u00e7alar\u0131, RFID teknolojisinde uzmanla\u015fm\u0131\u015f \u00e7e\u015fitli \u00fcreticiler ve tedarik\u00e7iler taraf\u0131ndan yayg\u0131n olarak temin edilebilir.<\/p>\n<p><strong>8. RFID teknolojisi hakk\u0131nda daha fazla bilgi edinmeme yard\u0131mc\u0131 olabilecek kaynaklar var m\u0131?<\/strong><\/p>\n<p>Evet, \u00e7evrimi\u00e7i olarak ve RFID end\u00fcstri dernekleri arac\u0131l\u0131\u011f\u0131yla \u00e7ok say\u0131da kaynak bulabilirsiniz:<\/p>\n<ul>\n<li><strong>RFID Dergisi:<\/strong>\u00a0RFID haberleri ve bilgileri konusunda \u00f6nde gelen bir kaynak.<\/li>\n<li><strong>RFID End\u00fcstrisi Derne\u011fi (RFIDIA):<\/strong>\u00a0RFID teknolojisinin kullan\u0131m\u0131n\u0131 te\u015fvik eden k\u00fcresel bir organizasyon.<\/li>\n<li><strong>\u00dcretici Web Siteleri:<\/strong>\u00a0Teknik dok\u00fcmantasyon ve destek i\u00e7in b\u00fcy\u00fck RFID \u00e7ip \u00fcreticilerinin web sitelerini kontrol edin.<\/li>\n<\/ul>\n<\/div>\n<div class=\"auto-hide-last-sibling-br paragraph_9dc5f paragraph-element\"><\/div>\n<div class=\"auto-hide-last-sibling-br paragraph_9dc5f paragraph-element\"><\/div>","protected":false},"excerpt":{"rendered":"<p>Envanter, varl\u0131k takibi ve sahtecili\u011fe kar\u015f\u0131 koruma i\u00e7in UHF RFID Inlay Monza M4 \u00c7ipleri. Y\u00fcksek okuma aral\u0131klar\u0131, h\u0131zl\u0131 veri eri\u015fimi ve sa\u011flam performans.<\/p>","protected":false},"featured_media":724,"template":"","meta":{"_kad_post_transparent":"default","_kad_post_title":"","_kad_post_layout":"default","_kad_post_sidebar_id":"","_kad_post_content_style":"default","_kad_post_vertical_padding":"default","_kad_post_feature":"","_kad_post_feature_position":"","_kad_post_header":false,"_kad_post_footer":false,"_kad_post_classname":""},"product_brand":[],"product_cat":[54,189],"product_tag":[108,190],"class_list":{"0":"post-723","1":"product","2":"type-product","3":"status-publish","4":"has-post-thumbnail","6":"product_cat-hot-selling-rfid-tags","7":"product_cat-rfid-inlay","8":"product_tag-rfid-inlay","9":"product_tag-uhf-rfid-inlay-monza-m4-m5-chips","11":"first","12":"instock","13":"shipping-taxable","14":"product-type-simple","15":"entry","16":"content-bg","17":"loop-entry"},"_links":{"self":[{"href":"https:\/\/rfid-laundry-tag.com\/tr\/wp-json\/wp\/v2\/product\/723","targetHints":{"allow":["GET"]}}],"collection":[{"href":"https:\/\/rfid-laundry-tag.com\/tr\/wp-json\/wp\/v2\/product"}],"about":[{"href":"https:\/\/rfid-laundry-tag.com\/tr\/wp-json\/wp\/v2\/types\/product"}],"version-history":[{"count":4,"href":"https:\/\/rfid-laundry-tag.com\/tr\/wp-json\/wp\/v2\/product\/723\/revisions"}],"predecessor-version":[{"id":1331,"href":"https:\/\/rfid-laundry-tag.com\/tr\/wp-json\/wp\/v2\/product\/723\/revisions\/1331"}],"wp:featuredmedia":[{"embeddable":true,"href":"https:\/\/rfid-laundry-tag.com\/tr\/wp-json\/wp\/v2\/media\/724"}],"wp:attachment":[{"href":"https:\/\/rfid-laundry-tag.com\/tr\/wp-json\/wp\/v2\/media?parent=723"}],"wp:term":[{"taxonomy":"product_brand","embeddable":true,"href":"https:\/\/rfid-laundry-tag.com\/tr\/wp-json\/wp\/v2\/product_brand?post=723"},{"taxonomy":"product_cat","embeddable":true,"href":"https:\/\/rfid-laundry-tag.com\/tr\/wp-json\/wp\/v2\/product_cat?post=723"},{"taxonomy":"product_tag","embeddable":true,"href":"https:\/\/rfid-laundry-tag.com\/tr\/wp-json\/wp\/v2\/product_tag?post=723"}],"curies":[{"name":"wp","href":"https:\/\/api.w.org\/{rel}","templated":true}]}}