{"id":70,"date":"2024-06-11T14:43:51","date_gmt":"2024-06-11T14:43:51","guid":{"rendered":"https:\/\/rfid-laundry-tag.com\/?post_type=product&#038;p=70"},"modified":"2024-06-14T13:38:47","modified_gmt":"2024-06-14T13:38:47","slug":"uhf-rfid-laundry-tag-pps-material","status":"publish","type":"product","link":"https:\/\/rfid-laundry-tag.com\/tr\/uhf-rfid-laundry-tag-pps-material\/","title":{"rendered":"UHF RFID \u00e7ama\u015f\u0131r etiketi | PPS malzemesi"},"content":{"rendered":"<div class=\"J_module\">\n<div class=\"ife-detail-decorate-table\">\n<table class=\"has-title all magic-6\">\n<tbody>\n<tr>\n<td colspan=\"1\" rowspan=\"1\">\n<div class=\"magic-7\" data-spm-anchor-id=\"a2700.details.0.i45.77607d98vZbcDU\"><span class=\"magic-8\" style=\"color: #363535;\">\u00d6\u011fe ad\u0131<\/span><\/div>\n<\/td>\n<td colspan=\"1\" rowspan=\"1\">\n<div class=\"magic-9\"><span class=\"magic-8\">UHF RFID \u00e7ama\u015f\u0131r etiketi PPS<\/span><\/div>\n<\/td>\n<\/tr>\n<tr>\n<td colspan=\"1\" rowspan=\"1\">\n<div class=\"magic-7\"><span class=\"magic-10\" data-spm-anchor-id=\"a2700.pc-decorate.0.i10.28d333330XLbTD\"><span class=\"magic-8\">Malzeme<\/span><\/span><\/div>\n<\/td>\n<td colspan=\"1\" rowspan=\"1\">\n<div class=\"magic-9\"><span class=\"magic-8\">BES<\/span><\/div>\n<\/td>\n<\/tr>\n<tr>\n<td colspan=\"1\" rowspan=\"1\">\n<div class=\"magic-7\"><span class=\"magic-8\">Renk<\/span><\/div>\n<\/td>\n<td colspan=\"1\" rowspan=\"1\">\n<div class=\"magic-9\"><span class=\"magic-8\">Siyah<\/span><\/div>\n<\/td>\n<\/tr>\n<tr>\n<td colspan=\"1\" rowspan=\"1\">Adedi<\/td>\n<td colspan=\"1\" rowspan=\"1\">500 adet<\/td>\n<\/tr>\n<tr>\n<td colspan=\"1\" rowspan=\"1\">\n<div class=\"magic-7\"><span class=\"magic-8\">\u00dcretici\/\u00c7ip<\/span><\/div>\n<\/td>\n<td colspan=\"1\" rowspan=\"1\">\n<div class=\"magic-9\"><span class=\"magic-8\">NXP UKODU 8,UKODU 9<\/span><\/div>\n<\/td>\n<\/tr>\n<tr>\n<td colspan=\"1\" rowspan=\"1\">\n<div class=\"magic-7\"><span class=\"magic-8\">S\u0131kl\u0131k<\/span><\/div>\n<\/td>\n<td colspan=\"1\" rowspan=\"1\">\n<div class=\"magic-9\"><span class=\"magic-8\">860-960MHz\/<\/span><\/div>\n<\/td>\n<\/tr>\n<tr>\n<td colspan=\"1\" rowspan=\"1\">\n<div class=\"magic-7\"><span class=\"magic-8\">Haf\u0131za<\/span><\/div>\n<\/td>\n<td colspan=\"1\" rowspan=\"1\">\n<div class=\"magic-9\"><span class=\"magic-8\">96 Bit\/128 Bit<\/span><\/div>\n<\/td>\n<\/tr>\n<tr>\n<td colspan=\"1\" rowspan=\"1\">\n<div class=\"magic-7\"><span class=\"magic-8\">Okuma Mesafesi<\/span><\/div>\n<\/td>\n<td colspan=\"1\" rowspan=\"1\">\n<div class=\"magic-9\"><span class=\"magic-8\">1-6m<\/span><\/div>\n<\/td>\n<\/tr>\n<tr>\n<td colspan=\"1\" rowspan=\"1\">\n<div class=\"magic-7\"><span class=\"magic-8\">\u00c7al\u0131\u015fma modu<\/span><\/div>\n<\/td>\n<td colspan=\"1\" rowspan=\"1\">\n<div class=\"magic-9\"><span class=\"magic-8\">pasif<\/span><\/div>\n<\/td>\n<\/tr>\n<tr>\n<td colspan=\"1\" rowspan=\"1\">\n<div class=\"magic-7\"><span class=\"magic-8\">\u00c7al\u0131\u015fma s\u0131cakl\u0131\u011f\u0131<\/span><\/div>\n<\/td>\n<td colspan=\"1\" rowspan=\"1\">\n<div class=\"magic-9\"><span class=\"magic-8\">-25\u2103~+110\u2103<\/span><\/div>\n<\/td>\n<\/tr>\n<tr>\n<td colspan=\"1\" rowspan=\"1\">\n<div class=\"magic-7\"><span class=\"magic-8\">Depolama s\u0131cakl\u0131\u011f\u0131<\/span><\/div>\n<\/td>\n<td colspan=\"1\" rowspan=\"1\">\n<div class=\"magic-9\"><span class=\"magic-8\">-40\u2103~+85\u2103<\/span><\/div>\n<\/td>\n<\/tr>\n<tr>\n<td colspan=\"1\" rowspan=\"1\">\n<div class=\"magic-7\">\n<div><span class=\"magic-8\">\u00a0<\/span><\/div>\n<p><span class=\"magic-8\">K\u0131sa S\u00fcreli S\u0131cakl\u0131k Direnci<\/span><\/p>\n<\/div>\n<\/td>\n<td colspan=\"1\" rowspan=\"1\">\n<div class=\"magic-9\"><span class=\"magic-8\">y\u0131kama: 90\u2103, 15 dakika; d\u00f6n\u00fc\u015ft\u00fcr\u00fcc\u00fc \u00f6n kurutma: 180\u2103, 30 dakika, 200 kez; \u00fct\u00fcleme: 180\u2103, 10 saniye, 200 kez; y\u00fcksek<br \/>\ns\u0131cakl\u0131k sterilizasyonu: 135\u2103, 20 dakika<\/span><\/div>\n<\/td>\n<\/tr>\n<tr>\n<td colspan=\"1\" rowspan=\"1\">\n<div class=\"magic-7\"><span class=\"magic-8\">\u00d6zellikler<\/span><\/div>\n<\/td>\n<td colspan=\"1\" rowspan=\"1\">\n<div class=\"magic-9\"><span class=\"magic-8\">su ge\u00e7irmez, y\u0131kanabilir, y\u00fcksek s\u0131cakl\u0131k dayan\u0131m\u0131<\/span><\/div>\n<\/td>\n<\/tr>\n<tr>\n<td colspan=\"1\" rowspan=\"1\">\n<div class=\"magic-7\"><span class=\"magic-8\">Hayat<\/span><\/div>\n<\/td>\n<td colspan=\"1\" rowspan=\"1\">\n<div class=\"magic-9\"><span class=\"magic-8\">200 kez y\u0131kama veya 3 y\u0131l<\/span><\/div>\n<\/td>\n<\/tr>\n<tr>\n<td colspan=\"1\" rowspan=\"1\">\n<div class=\"magic-7\"><span class=\"magic-8\">Uygulamalar<\/span><\/div>\n<\/td>\n<td colspan=\"1\" rowspan=\"1\">\n<div class=\"magic-9\"><span class=\"magic-8\">\u00e7ama\u015f\u0131rhane y\u00f6netimi ve takibi<\/span><\/div>\n<\/td>\n<\/tr>\n<\/tbody>\n<\/table>\n<\/div>\n<\/div>\n<div class=\"J_module\">\n<div class=\"detail-decorate-json-renderer-container\">\n<div class=\"magic-1\">\n<div class=\"magic-2\">\n<div class=\"magic-3\">\n<div><\/div>\n<div class=\"magic-4\">\n<div><strong>RFID d\u00fc\u011fme etiketi<\/strong><\/div>\n<div><\/div>\n<\/div>\n<\/div>\n<div>\n<div class=\"auto-hide-last-sibling-br paragraph_1252f paragraph-element\">PPS Y\u00fcksek S\u0131cakl\u0131\u011fa Dayan\u0131kl\u0131 \u00c7ama\u015f\u0131r Etiketleri, s\u00fcrekli olarak b\u00fcy\u00fck miktarda sofra tak\u0131m\u0131n\u0131n elle\u00e7lendi\u011fi kantinler ve restoranlar gibi ticari ortamlar i\u00e7in m\u00fckemmel bir takip \u00e7\u00f6z\u00fcm\u00fc g\u00f6revi g\u00f6r\u00fcr.<\/div>\n<\/div>\n<div>\n<div><\/div>\n<\/div>\n<\/div>\n<p><strong>\u00c7ip Se\u00e7enekleri:<\/strong><\/p>\n<p><strong>NXP&#039;nin UCODE 8&#039;i<\/strong> ve UCODE 8m IC&#039;leri UCODE ailesinin \u00fcr\u00fcnleridir. UCODE 8\/8m, en zorlu RFID etiketleme uygulamalar\u0131nda kullan\u0131m i\u00e7in y\u00fcksek performans ve \u00f6zellikler sunar.<\/p>\n<p>\u00d6zellikle Perakende ve Moda gibi envanter y\u00f6netimi uygulamalar\u0131 i\u00e7in \u00e7ok uygun olan UCODE 8\/8m, herhangi bir form fakt\u00f6r\u00fc i\u00e7in kan\u0131tlanm\u0131\u015f RF performans\u0131yla, uzun okuma mesafesi ve yo\u011fun RFID etiket pop\u00fclasyonunun h\u0131zl\u0131 envanterini sa\u011flar. Geni\u015f bant tasar\u0131m\u0131yla, d\u00fcnya \u00e7ap\u0131ndaki d\u00fczenlemeler \u00fczerinde y\u00fcksek performansla ger\u00e7ek k\u00fcresel RFID etiketi \u00fcretme olana\u011f\u0131 sunar.<\/p>\n<p>Cihaz ayr\u0131ca, Kendini Ayarlama \u00d6zelli\u011fi, Elektronik \u00dcr\u00fcn G\u00f6zetimi (EAS) uygulamas\u0131 i\u00e7in \u00dcr\u00fcn Durum Bayra\u011f\u0131, \u00f6nceden serile\u015ftirilmi\u015f 96 bit EPC, Marka Tan\u0131mlay\u0131c\u0131 ve EPC Gen2v2 uyumlulu\u011fu i\u00e7in \u0130zlenemez komutunu da sa\u011flar.<\/p>\n<div id=\"featuresXsp\" class=\"features-list toggle-opacity in\">\n<div class=\"features-xsp\">\n<div class=\"collapse-mobile ste-list\">\n<h3>Temel \u00d6zellikler<\/h3>\n<ul class=\"boxes\">\n<li>Okuma hassasiyeti -23dBm<\/li>\n<li>Yazma hassasiyeti -18dBm<\/li>\n<li>Yenilik\u00e7i i\u015flevsellik\n<ul>\n<li>Kendini Ayarlama<\/li>\n<li>Haf\u0131za Korumas\u0131<\/li>\n<li>\u0130zlenemez<\/li>\n<li>96-bit EPC i\u00e7in \u00f6n serile\u015ftirme<\/li>\n<li>Entegre \u00dcr\u00fcn Durum Bayra\u011f\u0131 (PSF)<\/li>\n<\/ul>\n<\/li>\n<li>Tek yar\u0131kl\u0131 antenle uyumludur<\/li>\n<li>128 bit EPC&#039;ye kadar<\/li>\n<li>48 bitlik benzersiz seri numaras\u0131 dahil olmak \u00fczere 96 bitlik Benzersiz Etiket Tan\u0131mlama (TID) fabrikada kilitlendi<\/li>\n<li>EPC Gen2v2<\/li>\n<\/ul>\n<\/div>\n<div class=\"collapse-mobile ste-list\">\n<h3>Haf\u0131za<\/h3>\n<ul class=\"boxes\">\n<li>128-bit\/96-bit (UCODE 8\/UCODE 8m) EPC belle\u011fi<\/li>\n<li>96 bit EPC i\u00e7in \u00f6n serile\u015ftirmeyi destekler<\/li>\n<li>96-bit Etiket Tan\u0131mlay\u0131c\u0131 (TID) fabrikada kilitlendi<\/li>\n<li>48 bitlik benzersiz seri numaras\u0131 fabrikada TID&#039;ye kodlanm\u0131\u015ft\u0131r<\/li>\n<li>0-bit\/32-bit (UCODE 8\/UCODE 8m) Kullan\u0131c\u0131 Belle\u011fi<\/li>\n<li>Etiketi kal\u0131c\u0131 olarak devre d\u0131\u015f\u0131 b\u0131rakmak i\u00e7in 32 bitlik kill parolas\u0131<\/li>\n<li>32-bit eri\u015fim \u015fifresi<\/li>\n<li>Geni\u015f \u00e7al\u0131\u015fma s\u0131cakl\u0131\u011f\u0131 aral\u0131\u011f\u0131: -40\u00a0<sup>\u00b0<\/sup>C +85&#039;e kadar\u00a0<sup>\u00b0<\/sup>C<\/li>\n<li>EPC Gen2v2<\/li>\n<\/ul>\n<p><strong>NXP&#039;nin UCODE 9&#039;u<\/strong><\/p>\n<p>UCODE 9 ile zorlu RAIN RFID etiketleme uygulamalar\u0131 destekleniyor, b\u00f6ylece perakendeciler ve ak\u0131ll\u0131 lojistik \u015firketleri IoT benimsemelerini h\u0131zland\u0131rabiliyor.<\/p>\n<p>UCODE 9, art\u0131r\u0131lm\u0131\u015f performans\u0131yla daha verimli envanter say\u0131mlar\u0131na olanak tan\u0131r. Ayr\u0131ca, UCODE 9 mevcut UCODE 8 yerle\u015ftirme anten tasar\u0131mlar\u0131n\u0131n yeniden kullan\u0131lmas\u0131na olanak tan\u0131r ve bu da UCODE 8&#039;den UCODE 9&#039;a kolay bir ge\u00e7i\u015f yolu sunar.<\/p>\n<p>Daha y\u00fcksek \u00e7ip performans\u0131, daha k\u00fc\u00e7\u00fck i\u00e7 tasar\u0131mlara olanak vererek plastik ve al\u00fcminyum kullan\u0131m\u0131n\u0131n azalt\u0131lmas\u0131na yard\u0131mc\u0131 olur ve b\u00f6ylece \u00e7evresel s\u00fcrd\u00fcr\u00fclebilirli\u011fi destekler.<\/p>\n<div class=\"collapse-mobile ste-list\">\n<h3>Temel \u00d6zellikler<\/h3>\n<ul class=\"boxes\">\n<li>Okuma hassasiyeti: -24 dBm<\/li>\n<li>Yazma hassasiyeti: -22 dBm<\/li>\n<li>Kodlama h\u0131z\u0131: 0,96 ms&#039;de 32 bit<\/li>\n<li>UCODE 8 i\u00e7in drop-in anten de\u011fi\u015fimi<\/li>\n<li>Kendini ayarla<\/li>\n<li>Bellek korumas\u0131<\/li>\n<li>96-bit EPC&#039;nin \u00f6n serile\u015ftirilmesi<\/li>\n<\/ul>\n<\/div>\n<div class=\"collapse-mobile ste-list\">\n<h3>Haf\u0131za<\/h3>\n<ul class=\"boxes\">\n<li>96 bitlik EPC belle\u011fi<\/li>\n<li>96-bit EPC&#039;nin \u00f6n serile\u015ftirilmesini destekler<\/li>\n<li>96-bit Etiket Tan\u0131mlay\u0131c\u0131 (TID) fabrikada kilitlendi<\/li>\n<li>48 bitlik benzersiz seri numaras\u0131 fabrikada TID&#039;ye kodlanm\u0131\u015ft\u0131r<\/li>\n<li>Etiketi kal\u0131c\u0131 olarak devre d\u0131\u015f\u0131 b\u0131rakmak i\u00e7in 32 bitlik kill parolas\u0131<\/li>\n<li>Geni\u015f \u00e7al\u0131\u015fma s\u0131cakl\u0131\u011f\u0131 aral\u0131\u011f\u0131: -40 \u00b0C ila +85 \u00b0C<\/li>\n<li>100k yazma d\u00f6ng\u00fcs\u00fc dayan\u0131kl\u0131l\u0131\u011f\u0131<\/li>\n<li>20 y\u0131l veri saklama<\/li>\n<\/ul>\n<\/div>\n<div class=\"collapse-mobile ste-list\">\n<h3>Desteklenen \u00d6zellikler<\/h3>\n<ul class=\"boxes\">\n<li>EPC global Gen2 v2.1 spesifikasyonunun t\u00fcm zorunlu komutlar\u0131 uygulanm\u0131\u015ft\u0131r; bunlara \u015funlar dahildir:\n<ul>\n<li>\u00d6ld\u00fcrme emri<\/li>\n<\/ul>\n<\/li>\n<li>A\u015fa\u011f\u0131daki iste\u011fe ba\u011fl\u0131 komutlar EPC spesifikasyonuna uygun olarak uygulan\u0131r\n<ul>\n<li>Blok Yazma (2 kelime, 32 bit)<\/li>\n<\/ul>\n<\/li>\n<li>Otomatik etiket performans optimizasyonu i\u00e7in kendi kendini ayarlama<\/li>\n<li>Kal\u0131c\u0131 kilit<\/li>\n<\/ul>\n<\/div>\n<\/div>\n<div class=\"collapse-mobile ste-list\"><\/div>\n<\/div>\n<\/div>\n<div class=\"magic-2\">\n<div>\n<div class=\"auto-hide-last-sibling-br paragraph_1252f paragraph-element\"><\/div>\n<div class=\"auto-hide-last-sibling-br paragraph_1252f paragraph-element\"><strong>RFID d\u00fc\u011fme etiketi uygulamalar\u0131<\/strong><\/div>\n<ol class=\"auto-hide-last-sibling-br\">\n<li>\n<div class=\"auto-hide-last-sibling-br paragraph_1252f paragraph-element\">End\u00fcstriyel \u00c7ama\u015f\u0131rhaneler: End\u00fcstriyel sekt\u00f6rde, RFID \u00c7ama\u015f\u0131rhane Etiket D\u00fc\u011fmelerinin kullan\u0131m\u0131yla b\u00fcy\u00fck miktarlarda \u00e7ama\u015f\u0131rlar\u0131n takibi zahmetsiz bir i\u015f haline gelir.<\/div>\n<\/li>\n<li>\n<div class=\"auto-hide-last-sibling-br paragraph_1252f paragraph-element\">Hastaneler ve Oteller: Bu kurulu\u015flar genellikle y\u00fcksek hacimli \u00e7ama\u015f\u0131rhane operasyonlar\u0131yla ilgilenir ve bu etiketlerin verimlili\u011fi ve envanter y\u00f6netimini iyile\u015ftirmede etkili oldu\u011fu kan\u0131tlanm\u0131\u015ft\u0131r.<\/div>\n<\/li>\n<li>\n<div class=\"auto-hide-last-sibling-br paragraph_1252f paragraph-element\">Keten Kiralama: \u00c7ar\u015faf kiralama hizmetleri sa\u011flayan i\u015fletmeler, envanter y\u00f6netimini basitle\u015ftirmek ve kalite kontrol\u00fcn\u00fc s\u00fcrd\u00fcrmek i\u00e7in bu etiketleri kullan\u0131r.<\/div>\n<\/li>\n<\/ol>\n<div class=\"auto-hide-last-sibling-br paragraph_1252f paragraph-element\"><\/div>\n<\/div>\n<\/div>\n<\/div>\n<\/div>\n<\/div>","protected":false},"excerpt":{"rendered":"<div class=\"auto-hide-last-sibling-br paragraph_1252f paragraph-element\">Genellikle RFID d\u00fc\u011fme etiketi olarak bilinen UHF RFID \u00c7ama\u015f\u0131r etiketi, zorlu ko\u015fullar alt\u0131nda dayan\u0131kl\u0131 etiketler gerektiren i\u015flevler i\u00e7in tasarlanm\u0131\u015f dayan\u0131kl\u0131, \u00f6zel yap\u0131m bir cihazd\u0131r. UHF \u00e7ama\u015f\u0131r transponderleri \u015fu anda pazara \u00f6nc\u00fcl\u00fck ediyor, ancak mobil uygulamalarla senkronize olan RFID d\u00fc\u011fme etiketlerinin gerekli oldu\u011fu durumlar da var. Bu d\u00fc\u011fme \u015feklindeki RFID \u00e7ama\u015f\u0131r transponderleri bu faturaya en uygun \u015fekilde uyuyor. Uyarlanabilirlikleri ve ola\u011fan\u00fcst\u00fc performanslar\u0131yla, \u00e7e\u015fitli sekt\u00f6rlerde end\u00fcstriyel tekstil ve \u00e7ama\u015f\u0131rlar\u0131n izlenmesi ve tan\u0131mlanmas\u0131nda muazzam avantajlar sunuyorlar.<\/div>","protected":false},"featured_media":71,"template":"","meta":{"_kad_post_transparent":"default","_kad_post_title":"","_kad_post_layout":"default","_kad_post_sidebar_id":"","_kad_post_content_style":"default","_kad_post_vertical_padding":"default","_kad_post_feature":"","_kad_post_feature_position":"","_kad_post_header":false,"_kad_post_footer":false,"_kad_post_classname":""},"product_brand":[],"product_cat":[21,16],"product_tag":[41,35,33,30],"class_list":{"0":"post-70","1":"product","2":"type-product","3":"status-publish","4":"has-post-thumbnail","6":"product_cat-pps-rfid-laundry-tag","7":"product_cat-uhf-rfid-laundry-tags","8":"product_tag-pps-uhf-rfid-laundry-tag","9":"product_tag-rfid-button","10":"product_tag-rfid-laundry-tag-button","11":"product_tag-uhf-rfid-laundry-tag","13":"first","14":"instock","15":"shipping-taxable","16":"product-type-simple","17":"entry","18":"content-bg","19":"loop-entry"},"_links":{"self":[{"href":"https:\/\/rfid-laundry-tag.com\/tr\/wp-json\/wp\/v2\/product\/70","targetHints":{"allow":["GET"]}}],"collection":[{"href":"https:\/\/rfid-laundry-tag.com\/tr\/wp-json\/wp\/v2\/product"}],"about":[{"href":"https:\/\/rfid-laundry-tag.com\/tr\/wp-json\/wp\/v2\/types\/product"}],"version-history":[{"count":1,"href":"https:\/\/rfid-laundry-tag.com\/tr\/wp-json\/wp\/v2\/product\/70\/revisions"}],"predecessor-version":[{"id":150,"href":"https:\/\/rfid-laundry-tag.com\/tr\/wp-json\/wp\/v2\/product\/70\/revisions\/150"}],"wp:featuredmedia":[{"embeddable":true,"href":"https:\/\/rfid-laundry-tag.com\/tr\/wp-json\/wp\/v2\/media\/71"}],"wp:attachment":[{"href":"https:\/\/rfid-laundry-tag.com\/tr\/wp-json\/wp\/v2\/media?parent=70"}],"wp:term":[{"taxonomy":"product_brand","embeddable":true,"href":"https:\/\/rfid-laundry-tag.com\/tr\/wp-json\/wp\/v2\/product_brand?post=70"},{"taxonomy":"product_cat","embeddable":true,"href":"https:\/\/rfid-laundry-tag.com\/tr\/wp-json\/wp\/v2\/product_cat?post=70"},{"taxonomy":"product_tag","embeddable":true,"href":"https:\/\/rfid-laundry-tag.com\/tr\/wp-json\/wp\/v2\/product_tag?post=70"}],"curies":[{"name":"wp","href":"https:\/\/api.w.org\/{rel}","templated":true}]}}