{"id":68,"date":"2024-06-11T14:07:03","date_gmt":"2024-06-11T14:07:03","guid":{"rendered":"https:\/\/rfid-laundry-tag.com\/?post_type=product&#038;p=68"},"modified":"2024-06-11T14:39:41","modified_gmt":"2024-06-11T14:39:41","slug":"rfid-button-tag","status":"publish","type":"product","link":"https:\/\/rfid-laundry-tag.com\/tr\/rfid-button-tag\/","title":{"rendered":"RFID d\u00fc\u011fme etiketi"},"content":{"rendered":"<div class=\"J_module\">\n<div class=\"ife-detail-decorate-table\">\n<table class=\"has-title all magic-6\">\n<tbody>\n<tr>\n<td colspan=\"1\" rowspan=\"1\">\n<div class=\"magic-7\" data-spm-anchor-id=\"a2700.details.0.i45.77607d98vZbcDU\"><span class=\"magic-8\" style=\"color: #363535;\">\u00d6\u011fe ad\u0131<\/span><\/div>\n<\/td>\n<td colspan=\"1\" rowspan=\"1\">\n<div class=\"magic-9\"><span class=\"magic-8\">RFID d\u00fc\u011fme etiketi<\/span><\/div>\n<\/td>\n<\/tr>\n<tr>\n<td colspan=\"1\" rowspan=\"1\">\n<div class=\"magic-7\"><span class=\"magic-10\" data-spm-anchor-id=\"a2700.pc-decorate.0.i10.28d333330XLbTD\"><span class=\"magic-8\">Malzeme<\/span><\/span><\/div>\n<\/td>\n<td colspan=\"1\" rowspan=\"1\">\n<div class=\"magic-9\"><span class=\"magic-8\">BES<\/span><\/div>\n<\/td>\n<\/tr>\n<tr>\n<td colspan=\"1\" rowspan=\"1\">\n<div class=\"magic-7\"><span class=\"magic-8\">Renk<\/span><\/div>\n<\/td>\n<td colspan=\"1\" rowspan=\"1\">\n<div class=\"magic-9\"><span class=\"magic-8\">Siyah<\/span><\/div>\n<\/td>\n<\/tr>\n<tr>\n<td colspan=\"1\" rowspan=\"1\">Adedi<\/td>\n<td colspan=\"1\" rowspan=\"1\">500 adet<\/td>\n<\/tr>\n<tr>\n<td colspan=\"1\" rowspan=\"1\">\n<div class=\"magic-7\"><span class=\"magic-8\">\u00dcretici\/\u00c7ip<\/span><\/div>\n<\/td>\n<td colspan=\"1\" rowspan=\"1\">\n<div class=\"magic-9\"><span class=\"magic-8\">NXP UCODE 8, UCODE 9\/NTAG213, Mifare 1k\/EM4305, T5577 vb.<\/span><\/div>\n<\/td>\n<\/tr>\n<tr>\n<td colspan=\"1\" rowspan=\"1\">\n<div class=\"magic-7\"><span class=\"magic-8\">S\u0131kl\u0131k<\/span><\/div>\n<\/td>\n<td colspan=\"1\" rowspan=\"1\">\n<div class=\"magic-9\"><span class=\"magic-8\">860-960MHz\/13.56MHz\/125Khz<\/span><\/div>\n<\/td>\n<\/tr>\n<tr>\n<td colspan=\"1\" rowspan=\"1\">\n<div class=\"magic-7\"><span class=\"magic-8\">Haf\u0131za<\/span><\/div>\n<\/td>\n<td colspan=\"1\" rowspan=\"1\">\n<div class=\"magic-9\"><span class=\"magic-8\">96 Bit\/128 Bit\/144 Bayt<\/span><\/div>\n<\/td>\n<\/tr>\n<tr>\n<td colspan=\"1\" rowspan=\"1\">\n<div class=\"magic-7\"><span class=\"magic-8\">Okuma Mesafesi<\/span><\/div>\n<\/td>\n<td colspan=\"1\" rowspan=\"1\">\n<div class=\"magic-9\"><span class=\"magic-8\">1-6m\/1~5cm\/1~2cm<\/span><\/div>\n<\/td>\n<\/tr>\n<tr>\n<td colspan=\"1\" rowspan=\"1\">\n<div class=\"magic-7\"><span class=\"magic-8\">\u00c7al\u0131\u015fma modu<\/span><\/div>\n<\/td>\n<td colspan=\"1\" rowspan=\"1\">\n<div class=\"magic-9\"><span class=\"magic-8\">pasif<\/span><\/div>\n<\/td>\n<\/tr>\n<tr>\n<td colspan=\"1\" rowspan=\"1\">\n<div class=\"magic-7\"><span class=\"magic-8\">\u00c7al\u0131\u015fma s\u0131cakl\u0131\u011f\u0131<\/span><\/div>\n<\/td>\n<td colspan=\"1\" rowspan=\"1\">\n<div class=\"magic-9\"><span class=\"magic-8\">-25\u2103~+110\u2103<\/span><\/div>\n<\/td>\n<\/tr>\n<tr>\n<td colspan=\"1\" rowspan=\"1\">\n<div class=\"magic-7\"><span class=\"magic-8\">Depolama s\u0131cakl\u0131\u011f\u0131<\/span><\/div>\n<\/td>\n<td colspan=\"1\" rowspan=\"1\">\n<div class=\"magic-9\"><span class=\"magic-8\">-40\u2103~+85\u2103<\/span><\/div>\n<\/td>\n<\/tr>\n<tr>\n<td colspan=\"1\" rowspan=\"1\">\n<div class=\"magic-7\">\n<div><span class=\"magic-8\">\u00a0<\/span><\/div>\n<p><span class=\"magic-8\">K\u0131sa S\u00fcreli S\u0131cakl\u0131k Direnci<\/span><\/p>\n<\/div>\n<\/td>\n<td colspan=\"1\" rowspan=\"1\">\n<div class=\"magic-9\"><span class=\"magic-8\">y\u0131kama: 90\u2103, 15 dakika; d\u00f6n\u00fc\u015ft\u00fcr\u00fcc\u00fc \u00f6n kurutma: 180\u2103, 30 dakika, 200 kez; \u00fct\u00fcleme: 180\u2103, 10 saniye, 200 kez; y\u00fcksek<br \/>\ns\u0131cakl\u0131k sterilizasyonu: 135\u2103, 20 dakika<\/span><\/div>\n<\/td>\n<\/tr>\n<tr>\n<td colspan=\"1\" rowspan=\"1\">\n<div class=\"magic-7\"><span class=\"magic-8\">\u00d6zellikler<\/span><\/div>\n<\/td>\n<td colspan=\"1\" rowspan=\"1\">\n<div class=\"magic-9\"><span class=\"magic-8\">su ge\u00e7irmez, y\u0131kanabilir, y\u00fcksek s\u0131cakl\u0131k dayan\u0131m\u0131<\/span><\/div>\n<\/td>\n<\/tr>\n<tr>\n<td colspan=\"1\" rowspan=\"1\">\n<div class=\"magic-7\"><span class=\"magic-8\">Hayat<\/span><\/div>\n<\/td>\n<td colspan=\"1\" rowspan=\"1\">\n<div class=\"magic-9\"><span class=\"magic-8\">200 kez y\u0131kama veya 3 y\u0131l<\/span><\/div>\n<\/td>\n<\/tr>\n<tr>\n<td colspan=\"1\" rowspan=\"1\">\n<div class=\"magic-7\"><span class=\"magic-8\">Uygulamalar<\/span><\/div>\n<\/td>\n<td colspan=\"1\" rowspan=\"1\">\n<div class=\"magic-9\"><span class=\"magic-8\">\u00e7ama\u015f\u0131rhane y\u00f6netimi ve takibi<\/span><\/div>\n<\/td>\n<\/tr>\n<\/tbody>\n<\/table>\n<\/div>\n<\/div>\n<div class=\"J_module\">\n<div class=\"detail-decorate-json-renderer-container\">\n<div class=\"magic-1\">\n<div class=\"magic-2\">\n<div class=\"magic-3\">\n<div><\/div>\n<div class=\"magic-4\">\n<div><strong>RFID d\u00fc\u011fme etiketi<\/strong><\/div>\n<div><\/div>\n<\/div>\n<\/div>\n<div>\n<div class=\"auto-hide-last-sibling-br paragraph_1252f paragraph-element\">PPS Y\u00fcksek S\u0131cakl\u0131\u011fa Dayan\u0131kl\u0131 \u00c7ama\u015f\u0131r Etiketleri, s\u00fcrekli olarak b\u00fcy\u00fck miktarda sofra tak\u0131m\u0131n\u0131n elle\u00e7lendi\u011fi kantinler ve restoranlar gibi ticari ortamlar i\u00e7in m\u00fckemmel bir takip \u00e7\u00f6z\u00fcm\u00fc g\u00f6revi g\u00f6r\u00fcr.<\/div>\n<\/div>\n<div>\n<div><\/div>\n<\/div>\n<\/div>\n<p><strong>\u00c7ip Se\u00e7enekleri:<\/strong><\/p>\n<ul>\n<li><strong>NXP UCODE 8\/9:<\/strong>\u00a0Temel izleme ve tan\u0131mlama i\u00e7in ideal, 10 metreye kadar okuma menzili sunan, uygun maliyetli \u00e7ipler.<\/li>\n<li><strong>NTAG213:<\/strong>\u00a0Ak\u0131ll\u0131 telefonlar ve di\u011fer NFC cihazlar\u0131yla ileti\u015fime olanak tan\u0131yan, temass\u0131z \u00f6deme veya \u00fcr\u00fcn bilgilerine eri\u015fim gibi uygulamalar i\u00e7in m\u00fckemmel olan NFC \u00f6zellikli \u00e7ip.<\/li>\n<li><strong>Mifare 1k:<\/strong>\u00a0Eri\u015fim kontrol\u00fc ve g\u00fcvenli veri depolama i\u00e7in uygun, g\u00fc\u00e7l\u00fc \u015fifreleme ve kimlik do\u011frulama \u00f6zelliklerine sahip g\u00fcvenli \u00e7ip.<\/li>\n<li><strong>EM4305:<\/strong>\u00a01 metreye kadar okuma menziline sahip, temel eri\u015fim kontrol uygulamalar\u0131 i\u00e7in d\u00fc\u015f\u00fck maliyetli \u00e7ip.<\/li>\n<li><strong>T5577:<\/strong>\u00a0Eri\u015fim kontrol ve bilet sistemleri i\u00e7in 1 metreye kadar okuma menzili sunan d\u00fc\u015f\u00fck maliyetli bir \u00e7ip daha.<\/li>\n<\/ul>\n<p><strong>\u00dcretim Yetenekleri:<\/strong><\/p>\n<ul>\n<li><strong>\u00d6zelle\u015ftirme Se\u00e7enekleri:<\/strong>\u00a0\u00d6zel ihtiya\u00e7lar\u0131n\u0131za uyacak \u015fekilde farkl\u0131 d\u00fc\u011fme boyutlar\u0131, renkler ve bask\u0131 yetenekleri de dahil olmak \u00fczere bir dizi \u00f6zelle\u015ftirme se\u00e7ene\u011fi sunuyoruz.<\/li>\n<li><strong>Y\u00fcksek Hacimli \u00dcretim:<\/strong>\u00a0\u0130ster k\u00fc\u00e7\u00fck partiler, ister b\u00fcy\u00fck \u00f6l\u00e7ekli sipari\u015fler olsun, \u00fcretim ihtiya\u00e7lar\u0131n\u0131z\u0131 kar\u015f\u0131layacak kapasiteye sahibiz.<\/li>\n<li><strong>S\u0131k\u0131 Kalite Kontrol\u00fc:<\/strong>\u00a0Tutarl\u0131 etiket performans\u0131 ve g\u00fcvenilirli\u011fini sa\u011flamak i\u00e7in \u00fcretim s\u00fcrecimiz boyunca s\u0131k\u0131 kalite kontrol prosed\u00fcrleri uyguluyoruz.<\/li>\n<\/ul>\n<div class=\"magic-2\">\n<div>\n<div class=\"auto-hide-last-sibling-br paragraph_1252f paragraph-element\"><\/div>\n<div class=\"auto-hide-last-sibling-br paragraph_1252f paragraph-element\"><strong>RFID d\u00fc\u011fme etiketi uygulamalar\u0131<\/strong><\/div>\n<ol class=\"auto-hide-last-sibling-br\">\n<li>\n<div class=\"auto-hide-last-sibling-br paragraph_1252f paragraph-element\">End\u00fcstriyel \u00c7ama\u015f\u0131rhaneler: End\u00fcstriyel sekt\u00f6rde, RFID \u00c7ama\u015f\u0131rhane Etiket D\u00fc\u011fmelerinin kullan\u0131m\u0131yla b\u00fcy\u00fck miktarlarda \u00e7ama\u015f\u0131rlar\u0131n takibi zahmetsiz bir i\u015f haline gelir.<\/div>\n<\/li>\n<li>\n<div class=\"auto-hide-last-sibling-br paragraph_1252f paragraph-element\">Hastaneler ve Oteller: Bu kurulu\u015flar genellikle y\u00fcksek hacimli \u00e7ama\u015f\u0131rhane operasyonlar\u0131yla ilgilenir ve bu etiketlerin verimlili\u011fi ve envanter y\u00f6netimini iyile\u015ftirmede etkili oldu\u011fu kan\u0131tlanm\u0131\u015ft\u0131r.<\/div>\n<\/li>\n<li>\n<div class=\"auto-hide-last-sibling-br paragraph_1252f paragraph-element\">Keten Kiralama: \u00c7ar\u015faf kiralama hizmetleri sa\u011flayan i\u015fletmeler, envanter y\u00f6netimini basitle\u015ftirmek ve kalite kontrol\u00fcn\u00fc s\u00fcrd\u00fcrmek i\u00e7in bu etiketleri kullan\u0131r.<\/div>\n<\/li>\n<\/ol>\n<div class=\"auto-hide-last-sibling-br paragraph_1252f paragraph-element\"><\/div>\n<\/div>\n<\/div>\n<\/div>\n<\/div>\n<\/div>","protected":false},"excerpt":{"rendered":"<div class=\"auto-hide-last-sibling-br paragraph_1252f paragraph-element\">RFID d\u00fc\u011fme etiketi olarak da bilinen PPS RFID \u00c7ama\u015f\u0131r Etiketi, zorlu ko\u015fullara dayan\u0131kl\u0131 etiketler gerektiren uygulamalar\u0131 hedefleyen sa\u011flam, \u00f6zel yap\u0131m bir cihazd\u0131r. UHF \u00e7ama\u015f\u0131r transponderleri piyasada pop\u00fcler bir se\u00e7im olsa da, baz\u0131 durumlarda mobil uygulamalarla uyumlu RFID d\u00fc\u011fme etiketleri gerektirmektedir. Bu d\u00fc\u011fme tipi RFID \u00e7ama\u015f\u0131r transponderleri bu ihtiya\u00e7lar\u0131 yeterince kar\u015f\u0131l\u0131yor. Esneklikleri ve \u00fcst\u00fcn performanslar\u0131, farkl\u0131 sekt\u00f6rlerdeki end\u00fcstriyel \u00e7ama\u015f\u0131rhane ve tekstil \u00fcr\u00fcnlerinin tan\u0131mlanmas\u0131 ve takibinde \u00f6nemli avantajlar sunmaktad\u0131r.<\/div>","protected":false},"featured_media":69,"template":"","meta":{"_kad_post_transparent":"default","_kad_post_title":"","_kad_post_layout":"default","_kad_post_sidebar_id":"","_kad_post_content_style":"default","_kad_post_vertical_padding":"default","_kad_post_feature":"","_kad_post_feature_position":"","_kad_post_header":false,"_kad_post_footer":false,"_kad_post_classname":""},"product_brand":[],"product_cat":[21,18,17],"product_tag":[35,40,33],"class_list":{"0":"post-68","1":"product","2":"type-product","3":"status-publish","4":"has-post-thumbnail","6":"product_cat-pps-rfid-laundry-tag","7":"product_cat-125khz-rfid-laundry-tag","8":"product_cat-nfc-rfid-laundry-tag","9":"product_tag-rfid-button","10":"product_tag-rfid-button-tag","11":"product_tag-rfid-laundry-tag-button","13":"first","14":"instock","15":"shipping-taxable","16":"product-type-simple","17":"entry","18":"content-bg","19":"loop-entry"},"_links":{"self":[{"href":"https:\/\/rfid-laundry-tag.com\/tr\/wp-json\/wp\/v2\/product\/68","targetHints":{"allow":["GET"]}}],"collection":[{"href":"https:\/\/rfid-laundry-tag.com\/tr\/wp-json\/wp\/v2\/product"}],"about":[{"href":"https:\/\/rfid-laundry-tag.com\/tr\/wp-json\/wp\/v2\/types\/product"}],"version-history":[{"count":0,"href":"https:\/\/rfid-laundry-tag.com\/tr\/wp-json\/wp\/v2\/product\/68\/revisions"}],"wp:featuredmedia":[{"embeddable":true,"href":"https:\/\/rfid-laundry-tag.com\/tr\/wp-json\/wp\/v2\/media\/69"}],"wp:attachment":[{"href":"https:\/\/rfid-laundry-tag.com\/tr\/wp-json\/wp\/v2\/media?parent=68"}],"wp:term":[{"taxonomy":"product_brand","embeddable":true,"href":"https:\/\/rfid-laundry-tag.com\/tr\/wp-json\/wp\/v2\/product_brand?post=68"},{"taxonomy":"product_cat","embeddable":true,"href":"https:\/\/rfid-laundry-tag.com\/tr\/wp-json\/wp\/v2\/product_cat?post=68"},{"taxonomy":"product_tag","embeddable":true,"href":"https:\/\/rfid-laundry-tag.com\/tr\/wp-json\/wp\/v2\/product_tag?post=68"}],"curies":[{"name":"wp","href":"https:\/\/api.w.org\/{rel}","templated":true}]}}