{"id":62,"date":"2024-06-10T16:32:32","date_gmt":"2024-06-10T16:32:32","guid":{"rendered":"https:\/\/rfid-laundry-tag.com\/?post_type=product&#038;p=62"},"modified":"2024-06-10T16:32:32","modified_gmt":"2024-06-10T16:32:32","slug":"rfid-laundry-tag-button","status":"publish","type":"product","link":"https:\/\/rfid-laundry-tag.com\/tr\/rfid-laundry-tag-button\/","title":{"rendered":"RFID \u00e7ama\u015f\u0131r etiketi d\u00fc\u011fmesi"},"content":{"rendered":"<div class=\"J_module\">\n<div class=\"ife-detail-decorate-table\">\n<table class=\"has-title all magic-6\">\n<tbody>\n<tr>\n<td colspan=\"1\" rowspan=\"1\">\n<div class=\"magic-7\" data-spm-anchor-id=\"a2700.details.0.i45.77607d98vZbcDU\"><span class=\"magic-8\" style=\"color: #363535;\">\u00d6\u011fe ad\u0131<\/span><\/div>\n<\/td>\n<td colspan=\"1\" rowspan=\"1\">\n<div class=\"magic-9\"><span class=\"magic-8\">RFID \u00e7ama\u015f\u0131r etiketi d\u00fc\u011fmesi<\/span><\/div>\n<\/td>\n<\/tr>\n<tr>\n<td colspan=\"1\" rowspan=\"1\">\n<div class=\"magic-7\"><span class=\"magic-10\" data-spm-anchor-id=\"a2700.pc-decorate.0.i10.28d333330XLbTD\"><span class=\"magic-8\">Malzeme<\/span><\/span><\/div>\n<\/td>\n<td colspan=\"1\" rowspan=\"1\">\n<div class=\"magic-9\"><span class=\"magic-8\">BES<\/span><\/div>\n<\/td>\n<\/tr>\n<tr>\n<td colspan=\"1\" rowspan=\"1\">\n<div class=\"magic-7\"><span class=\"magic-8\">Renk<\/span><\/div>\n<\/td>\n<td colspan=\"1\" rowspan=\"1\">\n<div class=\"magic-9\"><span class=\"magic-8\">Siyah, Sar\u0131 vb.<\/span><\/div>\n<\/td>\n<\/tr>\n<tr>\n<td colspan=\"1\" rowspan=\"1\">Adedi<\/td>\n<td colspan=\"1\" rowspan=\"1\">500 adet<\/td>\n<\/tr>\n<tr>\n<td colspan=\"1\" rowspan=\"1\">\n<div class=\"magic-7\"><span class=\"magic-8\">\u00dcretici\/\u00c7ip<\/span><\/div>\n<\/td>\n<td colspan=\"1\" rowspan=\"1\">\n<div class=\"magic-9\"><span class=\"magic-8\">NXP UCODE 8, UCODE 9\/NTAG213\/EM4305,T5577 vb.<\/span><\/div>\n<\/td>\n<\/tr>\n<tr>\n<td colspan=\"1\" rowspan=\"1\">\n<div class=\"magic-7\"><span class=\"magic-8\">S\u0131kl\u0131k<\/span><\/div>\n<\/td>\n<td colspan=\"1\" rowspan=\"1\">\n<div class=\"magic-9\"><span class=\"magic-8\">860-960MHz\/13.56MHz\/125Khz<\/span><\/div>\n<\/td>\n<\/tr>\n<tr>\n<td colspan=\"1\" rowspan=\"1\">\n<div class=\"magic-7\"><span class=\"magic-8\">Haf\u0131za<\/span><\/div>\n<\/td>\n<td colspan=\"1\" rowspan=\"1\">\n<div class=\"magic-9\"><span class=\"magic-8\">96 Bit\/128 Bit\/144 Bayt<\/span><\/div>\n<\/td>\n<\/tr>\n<tr>\n<td colspan=\"1\" rowspan=\"1\">\n<div class=\"magic-7\"><span class=\"magic-8\">Okuma Mesafesi<\/span><\/div>\n<\/td>\n<td colspan=\"1\" rowspan=\"1\">\n<div class=\"magic-9\"><span class=\"magic-8\">1-6m\/1~5cm\/1~2cm<\/span><\/div>\n<\/td>\n<\/tr>\n<tr>\n<td colspan=\"1\" rowspan=\"1\">\n<div class=\"magic-7\"><span class=\"magic-8\">\u00c7al\u0131\u015fma modu<\/span><\/div>\n<\/td>\n<td colspan=\"1\" rowspan=\"1\">\n<div class=\"magic-9\"><span class=\"magic-8\">pasif<\/span><\/div>\n<\/td>\n<\/tr>\n<tr>\n<td colspan=\"1\" rowspan=\"1\">\n<div class=\"magic-7\"><span class=\"magic-8\">\u00c7al\u0131\u015fma s\u0131cakl\u0131\u011f\u0131<\/span><\/div>\n<\/td>\n<td colspan=\"1\" rowspan=\"1\">\n<div class=\"magic-9\"><span class=\"magic-8\">-25\u2103~+110\u2103<\/span><\/div>\n<\/td>\n<\/tr>\n<tr>\n<td colspan=\"1\" rowspan=\"1\">\n<div class=\"magic-7\"><span class=\"magic-8\">Depolama s\u0131cakl\u0131\u011f\u0131<\/span><\/div>\n<\/td>\n<td colspan=\"1\" rowspan=\"1\">\n<div class=\"magic-9\"><span class=\"magic-8\">-40\u2103~+85\u2103<\/span><\/div>\n<\/td>\n<\/tr>\n<tr>\n<td colspan=\"1\" rowspan=\"1\">\n<div class=\"magic-7\">\n<div><span class=\"magic-8\">\u00a0<\/span><\/div>\n<p><span class=\"magic-8\">K\u0131sa S\u00fcreli S\u0131cakl\u0131k Direnci<\/span><\/div>\n<\/td>\n<td colspan=\"1\" rowspan=\"1\">\n<div class=\"magic-9\"><span class=\"magic-8\">y\u0131kama: 90\u2103, 15 dakika; d\u00f6n\u00fc\u015ft\u00fcr\u00fcc\u00fc \u00f6n kurutma: 180\u2103, 30 dakika, 200 kez; \u00fct\u00fcleme: 180\u2103, 10 saniye, 200 kez; y\u00fcksek<br \/>\ns\u0131cakl\u0131k sterilizasyonu: 135\u2103, 20 dakika<\/span><\/div>\n<\/td>\n<\/tr>\n<tr>\n<td colspan=\"1\" rowspan=\"1\">\n<div class=\"magic-7\"><span class=\"magic-8\">\u00d6zellikler<\/span><\/div>\n<\/td>\n<td colspan=\"1\" rowspan=\"1\">\n<div class=\"magic-9\"><span class=\"magic-8\">su ge\u00e7irmez, y\u0131kanabilir, y\u00fcksek s\u0131cakl\u0131k dayan\u0131m\u0131<\/span><\/div>\n<\/td>\n<\/tr>\n<tr>\n<td colspan=\"1\" rowspan=\"1\">\n<div class=\"magic-7\"><span class=\"magic-8\">Hayat<\/span><\/div>\n<\/td>\n<td colspan=\"1\" rowspan=\"1\">\n<div class=\"magic-9\"><span class=\"magic-8\">200 kez y\u0131kama veya 3 y\u0131l<\/span><\/div>\n<\/td>\n<\/tr>\n<tr>\n<td colspan=\"1\" rowspan=\"1\">\n<div class=\"magic-7\"><span class=\"magic-8\">Uygulamalar<\/span><\/div>\n<\/td>\n<td colspan=\"1\" rowspan=\"1\">\n<div class=\"magic-9\"><span class=\"magic-8\">\u00e7ama\u015f\u0131rhane y\u00f6netimi ve takibi<\/span><\/div>\n<\/td>\n<\/tr>\n<\/tbody>\n<\/table>\n<\/div>\n<\/div>\n<div class=\"J_module\">\n<div class=\"detail-decorate-json-renderer-container\">\n<div class=\"magic-1\">\n<div class=\"magic-2\">\n<div class=\"magic-3\">\n<div><\/div>\n<div class=\"magic-4\"><span class=\"magic-5\" style=\"color: #2196ed;\"><b class=\"magic-10\">RFID \u00e7ama\u015f\u0131r etiketi d\u00fc\u011fmesi<\/b><\/span><\/p>\n<div><\/div>\n<\/div>\n<\/div>\n<div>\n<div class=\"auto-hide-last-sibling-br paragraph_1252f paragraph-element\">PPS Y\u00fcksek S\u0131cakl\u0131\u011fa Dayan\u0131kl\u0131 \u00c7ama\u015f\u0131r Etiketleri, b\u00fcy\u00fck miktarda sofra tak\u0131m\u0131n\u0131n s\u00fcrekli olarak i\u015flendi\u011fi kantinler ve restoranlar gibi ticari ortamlar i\u00e7in m\u00fckemmel bir izleme \u00e7\u00f6z\u00fcm\u00fc g\u00f6revi g\u00f6r\u00fcr:<\/div>\n<p><br class=\"container_e695a wrapper_ad07b undefined\" \/><\/p>\n<ol class=\"auto-hide-last-sibling-br\">\n<li>\n<div class=\"auto-hide-last-sibling-br paragraph_1252f paragraph-element\">Kusursuz Takip: Her bir sofra tak\u0131m\u0131na, benzersiz tan\u0131mlay\u0131c\u0131 bilgiler (\u00f6rne\u011fin \u00fcr\u00fcn t\u00fcr\u00fc, \u00fcretici ve sat\u0131n alma tarihi) i\u00e7eren bir RFID etiketi tak\u0131lmas\u0131, her bir \u00fcr\u00fcn\u00fcn bula\u015f\u0131k y\u0131kama s\u00fcrecindeki ilerlemesinin RFID okuyucular arac\u0131l\u0131\u011f\u0131yla izlenmesine olanak tan\u0131r.<\/div>\n<\/li>\n<li>\n<div class=\"auto-hide-last-sibling-br paragraph_1252f paragraph-element\">Y\u00fcksek Dayan\u0131kl\u0131l\u0131k: Y\u00fcksek s\u0131cakl\u0131klara ve sert kimyasallara maruz kalmak, PPS y\u00fcksek s\u0131cakl\u0131\u011fa dayan\u0131kl\u0131 RFID etiketleri i\u00e7in bir zorluk de\u011fildir. Bu t\u00fcr ko\u015fullara dayanacak \u015fekilde titizlikle tasarlanm\u0131\u015flard\u0131r ve bu da onlar\u0131 ticari bula\u015f\u0131k y\u0131kama tesislerinde sofra tak\u0131mlar\u0131n\u0131 izlemek i\u00e7in ideal bir se\u00e7im haline getirir.<\/div>\n<\/li>\n<li>\n<div class=\"auto-hide-last-sibling-br paragraph_1252f paragraph-element\">Verimli Envanter Y\u00f6netimi: Temizlendikten, dezenfekte edildikten ve yeniden kullan\u0131m i\u00e7in sakland\u0131ktan sonra, RFID etiketleri her bir \u00f6\u011fenin bulunabilirli\u011fini ve yerini kolayca takip edebilir. Bu, yeterli d\u00fczeyde s\u00fcrekli temiz sofra tak\u0131m\u0131 tedarikini garanti ederek k\u0131tl\u0131k veya yanl\u0131\u015f kullan\u0131m olas\u0131l\u0131\u011f\u0131n\u0131 ortadan kald\u0131r\u0131r.<\/div>\n<\/li>\n<li>\n<div class=\"auto-hide-last-sibling-br paragraph_1252f paragraph-element\">Geli\u015fmi\u015f Lojistik: PPS \u00c7ama\u015f\u0131rhane RFID etiketlerinin uygulanmas\u0131, ticari bula\u015f\u0131k y\u0131kama tesisleri gibi y\u00fcksek s\u0131cakl\u0131k ortamlar\u0131nda envanter ve lojistik prosed\u00fcrlerinin y\u00f6netimini kolayla\u015ft\u0131r\u0131r.<\/div>\n<\/li>\n<\/ol>\n<div class=\"auto-hide-last-sibling-br paragraph_1252f paragraph-element\"><strong>RFID \u00c7ama\u015f\u0131r D\u00fc\u011fmesinin Faydalar\u0131<\/strong><\/div>\n<ol class=\"auto-hide-last-sibling-br\">\n<li>\n<div class=\"auto-hide-last-sibling-br paragraph_1252f paragraph-element\">Verimli Takip: RFID \u00c7ama\u015f\u0131r Etiketi D\u00fc\u011fmeleri, \u00e7ama\u015f\u0131r y\u0131kama s\u00fcreci boyunca giysi \u00fcr\u00fcnlerinin takibini basitle\u015ftirerek operasyonel verimlili\u011fi ve \u00fcretkenli\u011fi art\u0131r\u0131r.<\/div>\n<\/li>\n<li>\n<div class=\"auto-hide-last-sibling-br paragraph_1252f paragraph-element\">Otomasyonu Te\u015fvik Eder: Bu butonlar manuel eme\u011fe olan ihtiyac\u0131 ve bununla ili\u015fkili potansiyel hatalar\u0131 azaltmaya yard\u0131mc\u0131 olarak verimli ve otomatik bir sistemi destekler.<\/div>\n<\/li>\n<li>\n<div class=\"auto-hide-last-sibling-br paragraph_1252f paragraph-element\">Dayan\u0131kl\u0131: Zorlu \u00e7ama\u015f\u0131r ko\u015fullar\u0131na dayanacak \u015fekilde \u00f6zel olarak tasarlanan bu d\u00fc\u011fmeler, y\u00fcksek s\u0131cakl\u0131klara, bas\u0131nca ve kimyasallara kar\u015f\u0131 dayan\u0131kl\u0131d\u0131r ve uzun \u00f6m\u00fcrl\u00fc olmalar\u0131n\u0131 sa\u011flar.<\/div>\n<\/li>\n<\/ol>\n<div class=\"auto-hide-last-sibling-br paragraph_1252f paragraph-element\"><strong>RFID \u00c7ama\u015f\u0131r Etiketi \u00d6zellikleri<\/strong><\/div>\n<ol class=\"auto-hide-last-sibling-br\">\n<li>\n<div class=\"auto-hide-last-sibling-br paragraph_1252f paragraph-element\">Benzersiz Tan\u0131mlama: Her etiket benzersiz tan\u0131mlama bilgisi i\u00e7erir ve bu sayede tek tek par\u00e7alar\u0131n sorunsuz bir \u015fekilde izlenmesi kolayla\u015f\u0131r.<\/div>\n<\/li>\n<li>\n<div class=\"auto-hide-last-sibling-br paragraph_1252f paragraph-element\">Y\u00fcksek S\u0131cakl\u0131k Direnci: RFID \u00c7ama\u015f\u0131r Etiketi D\u00fc\u011fmeleri y\u00fcksek s\u0131cakl\u0131klara dayanacak \u015fekilde tasarlanm\u0131\u015ft\u0131r ve bu da onlar\u0131 \u00e7ama\u015f\u0131r kullan\u0131m\u0131 i\u00e7in ideal hale getirir.<\/div>\n<\/li>\n<li>\n<div class=\"auto-hide-last-sibling-br paragraph_1252f paragraph-element\">NFC Yetenekleri: Baz\u0131 etiketler, mobil uygulamalar kullan\u0131larak taranmalar\u0131na olanak tan\u0131yan NFC i\u015fleviyle donat\u0131lm\u0131\u015ft\u0131r; bu da uzaktan izleme ve y\u00f6netime olanak tan\u0131r.<\/div>\n<\/li>\n<\/ol>\n<div class=\"auto-hide-last-sibling-br paragraph_1252f paragraph-element\"><strong>RFID \u00c7ama\u015f\u0131r D\u00fc\u011fmesinin Uygulamalar\u0131<\/strong><\/div>\n<ol class=\"auto-hide-last-sibling-br\">\n<li>\n<div class=\"auto-hide-last-sibling-br paragraph_1252f paragraph-element\">End\u00fcstriyel \u00c7ama\u015f\u0131rhaneler: End\u00fcstriyel sekt\u00f6rde, RFID \u00c7ama\u015f\u0131rhane Etiket D\u00fc\u011fmelerinin kullan\u0131m\u0131yla b\u00fcy\u00fck miktarlarda \u00e7ama\u015f\u0131rlar\u0131n takibi zahmetsiz bir i\u015f haline gelir.<\/div>\n<\/li>\n<li>\n<div class=\"auto-hide-last-sibling-br paragraph_1252f paragraph-element\">Hastaneler ve Oteller: Bu kurulu\u015flar genellikle y\u00fcksek hacimli \u00e7ama\u015f\u0131rhane operasyonlar\u0131yla ilgilenir ve bu etiketlerin verimlili\u011fi ve envanter y\u00f6netimini iyile\u015ftirmede etkili oldu\u011fu kan\u0131tlanm\u0131\u015ft\u0131r.<\/div>\n<\/li>\n<li>\n<div class=\"auto-hide-last-sibling-br paragraph_1252f paragraph-element\">Keten Kiralama: \u00c7ar\u015faf kiralama hizmetleri sa\u011flayan i\u015fletmeler, envanter y\u00f6netimini basitle\u015ftirmek ve kalite kontrol\u00fcn\u00fc s\u00fcrd\u00fcrmek i\u00e7in bu etiketleri kullan\u0131r.<\/div>\n<\/li>\n<\/ol>\n<div class=\"auto-hide-last-sibling-br paragraph_1252f paragraph-element\"><strong>RFID \u00c7ama\u015f\u0131r Etiketi D\u00fc\u011fmesi \u00dcretimi<\/strong><\/div>\n<div class=\"auto-hide-last-sibling-br paragraph_1252f paragraph-element\">RFID \u00c7ama\u015f\u0131r Etiketi D\u00fc\u011fmelerinin \u00fcretim s\u00fcreci, su ge\u00e7irmez oldu\u011fundan ve \u00e7ama\u015f\u0131r ortam\u0131n\u0131n zorlu ko\u015fullar\u0131na dayanabilece\u011finden emin olmak i\u00e7in bir RFID \u00e7ipinin plastik veya re\u00e7ine bir kasaya yerle\u015ftirilmesini i\u00e7erir. Etiketlerin y\u00fcksek s\u0131cakl\u0131klara, bas\u0131nca ve kimyasallara maruz kalmaya dayanabilmesini sa\u011flamak i\u00e7in \u00fcretim s\u0131ras\u0131nda geli\u015fmi\u015f teknolojiler kullan\u0131l\u0131r. Her etiket, kullan\u0131m \u00f6mr\u00fc boyunca izleme ama\u00e7lar\u0131 i\u00e7in benzersiz bir tan\u0131mlama numaras\u0131yla programlan\u0131r.<\/div>\n<\/div>\n<\/div>\n<\/div>\n<\/div>\n<\/div>","protected":false},"excerpt":{"rendered":"<div class=\"auto-hide-last-sibling-br paragraph_1252f paragraph-element\">RFID \u00c7ama\u015f\u0131r D\u00fc\u011fmesi veya daha yayg\u0131n olarak bilinen ad\u0131yla PPS RFID \u00c7ama\u015f\u0131r Etiketi, zorlu \u00e7al\u0131\u015fma ko\u015fullar\u0131na dayanabilen dayan\u0131kl\u0131 bir etiket gerektiren uygulamalara hitap etmek \u00fczere \u00f6zel olarak tasarlanm\u0131\u015ft\u0131r.<\/div>\n<div class=\"auto-hide-last-sibling-br paragraph_1252f paragraph-element\">\u015eu anda pazar\u0131n b\u00fcy\u00fck bir k\u0131sm\u0131 UHF \u00e7ama\u015f\u0131r transponderlerinin kullan\u0131m\u0131na y\u00f6neliyor. Ancak baz\u0131 senaryolar, mobil uygulamalar\u0131 destekleyen NFC \u00e7ama\u015f\u0131r etiketlerinin kullan\u0131m\u0131n\u0131 da zorunlu k\u0131lmaktad\u0131r. D\u00fc\u011fme RFID \u00e7ama\u015f\u0131r transponderleri bu ihtiya\u00e7lar\u0131 etkili bir \u015fekilde kar\u015f\u0131lar.<\/div>\n<div class=\"auto-hide-last-sibling-br paragraph_1252f paragraph-element\">\u00c7ok y\u00f6nl\u00fcl\u00fckleri ve sa\u011flam performanslar\u0131, onlar\u0131 \u00e7e\u015fitli sekt\u00f6rlerde end\u00fcstriyel \u00e7ama\u015f\u0131rhane ve tekstilleri tan\u0131mlama ve izlemede \u00f6nemli \u00f6l\u00e7\u00fcde yararl\u0131 hale getirir. \u00d6zellikle otellerde, hastanelerde ve keten kiralama hizmeti veren i\u015fletmelerde yayg\u0131n olan bu son derece dayan\u0131kl\u0131 etiketler, operasyonel verimlili\u011fi ve genel \u00fcretkenli\u011fi art\u0131rmada etkilidir.<\/div>","protected":false},"featured_media":63,"template":"","meta":{"_kad_post_transparent":"default","_kad_post_title":"","_kad_post_layout":"default","_kad_post_sidebar_id":"","_kad_post_content_style":"default","_kad_post_vertical_padding":"default","_kad_post_feature":"","_kad_post_feature_position":"","_kad_post_header":false,"_kad_post_footer":false,"_kad_post_classname":""},"product_brand":[],"product_cat":[21],"product_tag":[35,34,33],"class_list":{"0":"post-62","1":"product","2":"type-product","3":"status-publish","4":"has-post-thumbnail","6":"product_cat-pps-rfid-laundry-tag","7":"product_tag-rfid-button","8":"product_tag-rfid-laundry-button","9":"product_tag-rfid-laundry-tag-button","11":"first","12":"instock","13":"shipping-taxable","14":"product-type-simple","15":"entry","16":"content-bg","17":"loop-entry"},"_links":{"self":[{"href":"https:\/\/rfid-laundry-tag.com\/tr\/wp-json\/wp\/v2\/product\/62","targetHints":{"allow":["GET"]}}],"collection":[{"href":"https:\/\/rfid-laundry-tag.com\/tr\/wp-json\/wp\/v2\/product"}],"about":[{"href":"https:\/\/rfid-laundry-tag.com\/tr\/wp-json\/wp\/v2\/types\/product"}],"version-history":[{"count":0,"href":"https:\/\/rfid-laundry-tag.com\/tr\/wp-json\/wp\/v2\/product\/62\/revisions"}],"wp:featuredmedia":[{"embeddable":true,"href":"https:\/\/rfid-laundry-tag.com\/tr\/wp-json\/wp\/v2\/media\/63"}],"wp:attachment":[{"href":"https:\/\/rfid-laundry-tag.com\/tr\/wp-json\/wp\/v2\/media?parent=62"}],"wp:term":[{"taxonomy":"product_brand","embeddable":true,"href":"https:\/\/rfid-laundry-tag.com\/tr\/wp-json\/wp\/v2\/product_brand?post=62"},{"taxonomy":"product_cat","embeddable":true,"href":"https:\/\/rfid-laundry-tag.com\/tr\/wp-json\/wp\/v2\/product_cat?post=62"},{"taxonomy":"product_tag","embeddable":true,"href":"https:\/\/rfid-laundry-tag.com\/tr\/wp-json\/wp\/v2\/product_tag?post=62"}],"curies":[{"name":"wp","href":"https:\/\/api.w.org\/{rel}","templated":true}]}}