{"id":54,"date":"2024-06-10T14:55:28","date_gmt":"2024-06-10T14:55:28","guid":{"rendered":"https:\/\/rfid-laundry-tag.com\/?post_type=product&#038;p=54"},"modified":"2024-09-26T04:26:47","modified_gmt":"2024-09-26T04:26:47","slug":"rfid-tag-for-linen-laundry","status":"publish","type":"product","link":"https:\/\/rfid-laundry-tag.com\/tr\/rfid-tag-for-linen-laundry\/","title":{"rendered":"\u00c7ama\u015f\u0131rhane \u0130\u00e7in RFID Etiketi"},"content":{"rendered":"<div>\n<div class=\"auto-hide-last-sibling-br paragraph_1252f paragraph-element\">\n<h1><strong>\u00c7ama\u015f\u0131rhane \u0130\u00e7in RFID Etiketi<\/strong><\/h1>\n<p><strong>Fiziksel:<\/strong><\/p>\n<p>Malzeme: 100% polyester<\/p>\n<p>Boyut: 70 mm\u00d715 mm x1,5 mm<\/p>\n<p>\u00c7ip:NXP U KODU U8,U9 vb.<\/p>\n<p>Etiket kurulum y\u00f6ntemi: Diki\u015f t\u00fcr\u00fc, \u00dct\u00fcleme<\/p>\n<p>Protokol:ISO18ooo-6C<\/p>\n<p>\u00dct\u00fcleme: 15 saniye, 210\u2103&#039;de<\/p>\n<p>Pozlama: 2,5 bar<\/p>\n<p>Kurutma: 180\u00b0C&#039;de 15 dakika<\/p>\n<p>Y\u0131kama: 90\u2103&#039;de 15 dakika<\/p>\n<p>Y\u0131kama \u00e7evrimleri: 200+ \u00e7evrim veya 3 y\u0131l<\/p>\n<p>Depolama ko\u015fulu:-20-80\u2103,5-95%RH<\/p>\n<p>&nbsp;<\/p>\n<\/div>\n<div class=\"auto-hide-last-sibling-br paragraph_1252f paragraph-element\">UHF RFID \u00e7ama\u015f\u0131r etiketlerimizi piyasadaki di\u011fer keten etiketlerinden ay\u0131ran en belirgin \u00f6zellik, \u015f\u0131k ve berrak g\u00f6r\u00fcn\u00fcmleridir. Etkileyici derecede incedirler, fark edilmeyen 0,55 mm kal\u0131nl\u0131\u011f\u0131ndad\u0131rlar ve bu da onlar\u0131 piyasadaki en ince etiketler yapar. \u00d6zetle, etiketlerimiz giysiler i\u00e7in ilerici bir UHF RFID \u00e7\u00f6z\u00fcm\u00fc sunar ve uygun fiyatl\u0131l\u0131k, sa\u011flaml\u0131k ve inceli\u011fin ideal bir kombinasyonunu sunar.<\/div>\n<\/div>\n<div><\/div>\n<div class=\"auto-hide-last-sibling-br paragraph_1252f paragraph-element\">\n<div data-spm-anchor-id=\"a2700.details.0.i57.23b419c7xXORP0\"><span data-spm-anchor-id=\"a2700.details.0.i75.23b419c7xXORP0\"><b>\u00d6zellik:<\/b><br \/>\n1) Ayn\u0131 anda y\u00fczlerce etiketi okuyabilen UHF teknolojisi.<br \/>\n2) 8 feet&#039;ten fazla okuma mesafesi.<br \/>\n3) D\u00fcz \u00e7ama\u015f\u0131rlarda performans\u0131n art\u0131r\u0131lmas\u0131 i\u00e7in yeni mekanik tasar\u0131m.<br \/>\n4) 60 bara kadar y\u00fcksek bas\u0131n\u00e7l\u0131 aspirat\u00f6rlere uygundur.<br \/>\n5) Otoklav sterilizasyonuna uygundur.<br \/>\n6) Tekstil, \u00e7ar\u015faf, giysi ve aksesuarlar i\u00e7in ideal, k\u00fc\u00e7\u00fck, yumu\u015fak, esnek malzeme.<\/span><\/div>\n<\/div>\n<div data-spm-anchor-id=\"a2700.details.0.i57.23b419c7xXORP0\"><\/div>\n<div data-spm-anchor-id=\"a2700.details.0.i57.23b419c7xXORP0\">\n<p><img fetchpriority=\"high\" decoding=\"async\" class=\"wp-image-55\" src=\"https:\/\/rfid-laundry-tag.com\/wp-content\/uploads\/2024\/06\/4-300x275.png\" alt=\"RFID Tag for linen laundry\" width=\"605\" height=\"555\" srcset=\"https:\/\/rfid-laundry-tag.com\/wp-content\/uploads\/2024\/06\/4-300x275.png 300w, https:\/\/rfid-laundry-tag.com\/wp-content\/uploads\/2024\/06\/4-600x550.png 600w, https:\/\/rfid-laundry-tag.com\/wp-content\/uploads\/2024\/06\/4-13x12.png 13w, https:\/\/rfid-laundry-tag.com\/wp-content\/uploads\/2024\/06\/4.png 750w\" sizes=\"(max-width: 605px) 100vw, 605px\" \/><\/p>\n<\/div>\n<h3 class=\"wp-block-heading\">Kurulum<\/h3>\n<p><strong>Diki\u015f Etiketleme<\/strong>: Bir tekstilin ete\u011fine dikilecek. \u00c7ama\u015f\u0131r etiketini katlama \u00e7izgilerinden uza\u011fa dikin.<br \/>\n<strong>Is\u0131 S\u0131zd\u0131rmazl\u0131\u011f\u0131<\/strong>: +200\u00b0C (392\u00b0F) s\u0131cakl\u0131kta, 12~14 saniye boyunca do\u011frudan tekstil \u00fczerine \u0131s\u0131yla yap\u0131\u015ft\u0131r\u0131lmal\u0131d\u0131r.<br \/>\n<strong>Kese i\u00e7inde<\/strong>: Standart bak\u0131m etiketi gibi dikilmelidir. \u00c7ama\u015f\u0131r etiketini katlama \u00e7izgilerinden uza\u011fa dikin.<\/p>\n<h3>\u00c7ama\u015f\u0131rhane Y\u00f6netiminde RFID Etiketlerinin Kullan\u0131lmas\u0131n\u0131n Faydalar\u0131<\/h3>\n<p>\u00c7ama\u015f\u0131rhane operasyonlar\u0131n\u0131za RFID etiketleri eklemek daha fazla verimlili\u011fe yol a\u00e7ar. Otomatik izleme, ger\u00e7ek zamanl\u0131 envanter y\u00f6netimine olanak tan\u0131r, kayb\u0131 en aza indirir ve \u00e7al\u0131\u015fanlar\u0131n zaman\u0131n\u0131 bo\u015falt\u0131r. Bunlar\u00a0<strong>tekstil RFID etiketleri<\/strong>\u00a0\u0130\u015fletmelere ve hanelere \u00e7ar\u015faf, giysi ve di\u011fer \u00e7ama\u015f\u0131r \u00fcr\u00fcnlerini benzeri g\u00f6r\u00fclmemi\u015f bir do\u011frulukla y\u00f6netme ve takip etme olana\u011f\u0131 sunarak hem hizmet kalitesini hem de m\u00fc\u015fteri memnuniyetini art\u0131r\u0131r.<\/p>\n<div class=\"auto-hide-last-sibling-br paragraph_1252f paragraph-element\">\n<div class=\"auto-hide-last-sibling-br paragraph_1252f paragraph-element\">\u00c7ama\u015f\u0131r y\u0131kama i\u00e7in RFID etiketleri, \u00e7ok say\u0131da end\u00fcstride vazge\u00e7ilmezdir ve verimli varl\u0131k takibi, envanter y\u00f6netimi ve genel operasyonel verimlili\u011fin art\u0131r\u0131lmas\u0131n\u0131 \u00f6nemli \u00f6l\u00e7\u00fcde sa\u011flar. \u0130\u015fte \u00e7e\u015fitli sekt\u00f6rlerdeki uygulamalar\u0131na bir bak\u0131\u015f:<\/div>\n<ul class=\"auto-hide-last-sibling-br\">\n<li>\n<div class=\"auto-hide-last-sibling-br paragraph_1252f paragraph-element\">Sa\u011fl\u0131k: Hastaneler ve di\u011fer t\u0131bbi tesisler, yatak \u00e7ar\u015faflar\u0131, havlular, ameliyat \u00f6nl\u00fckleri, \u00fcniformalar ve cerrahi \u00e7ar\u015faflar\u0131n geni\u015f envanterlerini y\u00f6netmek i\u00e7in RFID \u00e7ar\u015faf etiketlerini kullan\u0131r. Bu, kayb\u0131 en aza indirmeye, \u00e7ama\u015f\u0131r d\u00f6ng\u00fclerini y\u00f6netmeye ve temiz, taze \u00e7ar\u015faflar\u0131n gereksinime g\u00f6re s\u00fcrekli olarak mevcut olmas\u0131n\u0131 sa\u011flamaya yard\u0131mc\u0131 olur.<\/div>\n<\/li>\n<li>\n<div class=\"auto-hide-last-sibling-br paragraph_1252f paragraph-element\">Oteller: Otel sekt\u00f6r\u00fcnde, yatak tak\u0131mlar\u0131, havlular, perdeler ve bornozlar gibi binlerce \u00fcr\u00fcn\u00fcn dola\u015f\u0131mda oldu\u011fu \u00e7ar\u015faflar\u0131 y\u00f6netmek muazzam bir i\u015ftir. RFID \u00e7ar\u015faf etiketleri bu g\u00f6revi kolayla\u015ft\u0131rmaya yard\u0131mc\u0131 olur, zaman\u0131nda temizlik ve de\u011fi\u015ftirmeyi garanti eder ve h\u0131rs\u0131zl\u0131k tespiti ve \u00f6nlenmesine yard\u0131mc\u0131 olur.<\/div>\n<\/li>\n<li>\n<div class=\"auto-hide-last-sibling-br paragraph_1252f paragraph-element\">Restoranlar: Yiyecek hizmeti sekt\u00f6r\u00fcnde, RFID etiketleri \u00fcniformalar\u0131n, masa \u00f6rt\u00fclerinin, pe\u00e7etelerin ve \u015fef \u00f6nl\u00fcklerinin kullan\u0131m\u0131n\u0131 ve temizli\u011fini izlemeye yard\u0131mc\u0131 olur. Bu, temizlik standartlar\u0131n\u0131 y\u00fckseltebilir ve d\u00fczenli, profesyonel bir g\u00f6r\u00fcn\u00fcm\u00fcn korunmas\u0131na yard\u0131mc\u0131 olabilir.<\/div>\n<\/li>\n<li>\n<div class=\"auto-hide-last-sibling-br paragraph_1252f paragraph-element\">Moda Giyim End\u00fcstrileri: Modan\u0131n hareketlili\u011finde, RFID etiketleri tedarik zinciri boyunca \u00fcretimden perakende te\u015fhirine kadar \u00fcr\u00fcnleri takip etmede \u00f6nemli bir rol oynar. Men\u015fei, seyahat ge\u00e7mi\u015fi ve hatta kuma\u015f ve bak\u0131m talimatlar\u0131 hakk\u0131nda karma\u015f\u0131k ayr\u0131nt\u0131lar gibi de\u011ferli bilgiler sunabilirler.<\/div>\n<\/li>\n<li>\n<div class=\"auto-hide-last-sibling-br paragraph_1252f paragraph-element\">\u0130\u015f Giysileri\/Yang\u0131na Dayan\u0131kl\u0131 Giysiler: RFID etiketleri, \u015firketler taraf\u0131ndan \u00f6zel giyim \u00fcr\u00fcnlerini takip etmek ve y\u00f6netmek i\u00e7in kullan\u0131l\u0131r. Bu, yang\u0131na dayan\u0131kl\u0131 veya di\u011fer koruyucu giysilerin d\u00fczenli olarak kontrol edilmesini, uygun \u015fekilde temizlenmesini ve gerekti\u011finde de\u011fi\u015ftirilmesini sa\u011flamay\u0131 i\u00e7erir.<\/div>\n<\/li>\n<li>\n<div class=\"auto-hide-last-sibling-br paragraph_1252f paragraph-element\">Ayakkab\u0131 ve Maskeler: Sa\u011fl\u0131k ve in\u015faat gibi g\u00fcvenli\u011fin tehlikeye at\u0131lamayaca\u011f\u0131 sekt\u00f6rlerde b\u00fcy\u00fck \u00f6neme sahip olan maske ve g\u00fcvenlik ayakkab\u0131lar\u0131 gibi \u00fcr\u00fcnlerin kullan\u0131m\u0131n\u0131n, temizli\u011finin ve bak\u0131m\u0131n\u0131n takibi RFID etiketlerinin kullan\u0131m\u0131yla basitle\u015ftiriliyor.<\/div>\n<\/li>\n<li>\n<div class=\"auto-hide-last-sibling-br paragraph_1252f paragraph-element\">Paspaslar ve Paspaslar: Temizlik hizmeti veren veya b\u00fcy\u00fck tesisleri y\u00f6neten i\u015fletmeler, paspaslar ve paspaslar \u00fczerindeki RFID etiketlerinden faydalanabilir. Kullan\u0131m ve bak\u0131m\u0131 takip edebilir, her zaman temiz ve verimli ara\u00e7lar sa\u011flayabilirler.<\/div>\n<\/li>\n<\/ul>\n<h3>\u00c7evre Dostu Al\u0131\u015fveri\u015f<\/h3>\n<p>RFID etiketlerimiz \u00e7evre dostu d\u00fc\u015f\u00fcn\u00fclerek tasarlanm\u0131\u015ft\u0131r. Manuel elle\u00e7lemeyi en aza indirerek ve yanl\u0131\u015f yere konulan e\u015fyalar\u0131 azaltarak, \u00e7ama\u015f\u0131rhane operasyonlar\u0131yla ili\u015fkili karbon ayak izini d\u00fc\u015f\u00fcrmeye yard\u0131mc\u0131 olabilirsiniz.\u00a0<strong>RFID \u00e7ama\u015f\u0131r etiketleri<\/strong>\u00a0Ya\u015fam d\u00f6ng\u00fclerinin sonunda geri d\u00f6n\u00fc\u015ft\u00fcr\u00fclebilir ve s\u00fcrd\u00fcr\u00fclebilir uygulamalara katk\u0131da bulunabilir.<\/p>\n<h3>UHF RFID Teknolojisi Nedir?<\/h3>\n<p>RFID (Radyo Frekans\u0131 Tan\u0131mlama), nesnelere tak\u0131l\u0131 etiketleri otomatik olarak tan\u0131mlamak ve izlemek i\u00e7in elektromanyetik alanlar kullanan bir teknolojidir. UHF RFID, Ultra Y\u00fcksek Frekans aral\u0131\u011f\u0131nda \u00e7al\u0131\u015f\u0131r ve daha uzun okuma mesafeleri ve daha h\u0131zl\u0131 tan\u0131mlama sa\u011flar, bu da onu \u00e7ama\u015f\u0131r y\u0131kama uygulamalar\u0131 i\u00e7in ideal hale getirir. UHF RFID etiketleri giysilere ve \u00e7ar\u015faflara dikilebilir veya tak\u0131labilir, bu da y\u0131kama s\u00fcreci boyunca verimli izleme sa\u011flar.<\/p>\n<h3>S\u0131k\u00e7a Sorulan Sorular (SSS)<\/h3>\n<p><strong>S1: RFID \u00e7ama\u015f\u0131r etiketleri t\u00fcm \u00e7ama\u015f\u0131r sistemleriyle uyumlu mudur?<\/strong><br \/>\n<strong>A1:<\/strong>\u00a0Evet, RFID etiketlerimiz \u00e7ama\u015f\u0131rhanelerde kullan\u0131lan standart RFID okuyucularla sorunsuz \u00e7al\u0131\u015facak \u015fekilde tasarlanm\u0131\u015ft\u0131r.<\/p>\n<p><strong>S2: Kullan\u0131lm\u0131\u015f RFID etiketlerini nas\u0131l geri d\u00f6n\u00fc\u015ft\u00fcrebilirim?<\/strong><br \/>\n<strong>A2:<\/strong>\u00a0Kullan\u0131m \u00f6m\u00fcrleri sona erdi\u011finde etiketleri geri d\u00f6n\u00fc\u015f\u00fcm i\u00e7in bize iade edebilir veya elektronik at\u0131k y\u00f6netimi yapan yerel tesisleri kontrol edebilirsiniz.<\/p>\n<p><strong>S3: Ki\u015fisel kullan\u0131m i\u00e7in \u00e7ama\u015f\u0131r \u00fcr\u00fcnlerini etiketleyebilir miyim?<\/strong><br \/>\n<strong>A3:<\/strong>\u00a0Kesinlikle! Bu etiketler ayn\u0131 zamanda evlerde aile \u00e7ama\u015f\u0131rlar\u0131n\u0131n verimli bir \u015fekilde takip edilmesi i\u00e7in de kullan\u0131labilir.<\/p>\n<h3>RFID \u00c7\u00f6z\u00fcmleriniz \u0130\u00e7in Neden Bizi Se\u00e7melisiniz?<\/h3>\n<p>RFID teknolojisinde y\u0131llar\u0131n uzmanl\u0131\u011f\u0131yla, \u00e7ama\u015f\u0131rhane sekt\u00f6r\u00fcne \u00f6zel y\u00fcksek kaliteli, dayan\u0131kl\u0131 ve yenilik\u00e7i \u00e7\u00f6z\u00fcmler sunuyoruz. \u00dcr\u00fcnlerimiz, uygun fiyatl\u0131l\u0131k ve \u00e7evresel sorumlulu\u011fu korurken \u00e7e\u015fitli operasyonel ihtiya\u00e7lar\u0131 kar\u015f\u0131lamak \u00fczere tasarlanm\u0131\u015ft\u0131r.<\/p>\n<p>Bug\u00fcn \u00e7ama\u015f\u0131r y\u0131kama operasyonlar\u0131n\u0131z\u0131, \u00e7ar\u015faflar i\u00e7in UHF RFID \u00e7ama\u015f\u0131r etiketlerimize yat\u0131r\u0131m yaparak d\u00f6n\u00fc\u015ft\u00fcrmeye davet ediyoruz. Verimlili\u011fi art\u0131rma, tekstilleri y\u00f6netme ve hesap verebilirli\u011fi sa\u011flama konusunda kan\u0131tlanm\u0131\u015f sonu\u00e7larla, bu etiketler yaln\u0131zca teknolojiye bir yat\u0131r\u0131m de\u011fil, ayn\u0131 zamanda g\u00f6n\u00fcl rahatl\u0131\u011f\u0131na bir yat\u0131r\u0131md\u0131r.<\/p>\n<h3>\u00c7\u00f6z\u00fcm<\/h3>\n<p>\u00c7ama\u015f\u0131rhane y\u00f6netiminin gelece\u011fini kucaklayarak, UHF RFID teknolojisini operasyonlar\u0131n\u0131za entegre etmek verimlili\u011finizi ve g\u00fcvenilirli\u011finizi \u00f6nemli \u00f6l\u00e7\u00fcde art\u0131racakt\u0131r. \u00c7ama\u015f\u0131rhane i\u015fleme yeteneklerinizi y\u00fckseltme \u015fans\u0131n\u0131 ka\u00e7\u0131rmay\u0131n.<\/p>\n<\/div>","protected":false},"excerpt":{"rendered":"<div class=\"auto-hide-last-sibling-br paragraph_1252f paragraph-element\">\u00c7ama\u015f\u0131r ve giysi i\u00e7in tasarlanm\u0131\u015f dayan\u0131kl\u0131 UHF RFID etiketlerimizle \u00e7ama\u015f\u0131r y\u0131kama verimlili\u011fini art\u0131r\u0131n. Y\u0131kanabilir, s\u0131cakl\u0131\u011fa dayan\u0131kl\u0131 ve takip i\u00e7in ideal!<\/div>\n<div><\/div>\n<div class=\"auto-hide-last-sibling-br paragraph_1252f paragraph-element\"><\/div>","protected":false},"featured_media":58,"template":"","meta":{"_kad_post_transparent":"default","_kad_post_title":"","_kad_post_layout":"default","_kad_post_sidebar_id":"","_kad_post_content_style":"default","_kad_post_vertical_padding":"default","_kad_post_feature":"","_kad_post_feature_position":"","_kad_post_header":false,"_kad_post_footer":false,"_kad_post_classname":""},"product_brand":[],"product_cat":[19],"product_tag":[25,285,30,28],"class_list":{"0":"post-54","1":"product","2":"type-product","3":"status-publish","4":"has-post-thumbnail","6":"product_cat-textile-rfid-laundry-tag","7":"product_tag-rfid-laundrytags","8":"product_tag-rfid-tag","9":"product_tag-uhf-rfid-laundry-tag","10":"product_tag-washable-rfid-tags","12":"first","13":"instock","14":"shipping-taxable","15":"product-type-simple","16":"entry","17":"content-bg","18":"loop-entry"},"_links":{"self":[{"href":"https:\/\/rfid-laundry-tag.com\/tr\/wp-json\/wp\/v2\/product\/54","targetHints":{"allow":["GET"]}}],"collection":[{"href":"https:\/\/rfid-laundry-tag.com\/tr\/wp-json\/wp\/v2\/product"}],"about":[{"href":"https:\/\/rfid-laundry-tag.com\/tr\/wp-json\/wp\/v2\/types\/product"}],"version-history":[{"count":3,"href":"https:\/\/rfid-laundry-tag.com\/tr\/wp-json\/wp\/v2\/product\/54\/revisions"}],"predecessor-version":[{"id":2684,"href":"https:\/\/rfid-laundry-tag.com\/tr\/wp-json\/wp\/v2\/product\/54\/revisions\/2684"}],"wp:featuredmedia":[{"embeddable":true,"href":"https:\/\/rfid-laundry-tag.com\/tr\/wp-json\/wp\/v2\/media\/58"}],"wp:attachment":[{"href":"https:\/\/rfid-laundry-tag.com\/tr\/wp-json\/wp\/v2\/media?parent=54"}],"wp:term":[{"taxonomy":"product_brand","embeddable":true,"href":"https:\/\/rfid-laundry-tag.com\/tr\/wp-json\/wp\/v2\/product_brand?post=54"},{"taxonomy":"product_cat","embeddable":true,"href":"https:\/\/rfid-laundry-tag.com\/tr\/wp-json\/wp\/v2\/product_cat?post=54"},{"taxonomy":"product_tag","embeddable":true,"href":"https:\/\/rfid-laundry-tag.com\/tr\/wp-json\/wp\/v2\/product_tag?post=54"}],"curies":[{"name":"wp","href":"https:\/\/api.w.org\/{rel}","templated":true}]}}