{"id":49,"date":"2024-06-09T15:22:23","date_gmt":"2024-06-09T15:22:23","guid":{"rendered":"https:\/\/rfid-laundry-tag.com\/?post_type=product&#038;p=49"},"modified":"2024-09-08T05:30:18","modified_gmt":"2024-09-08T05:30:18","slug":"washable-rfid-laundry-tags","status":"publish","type":"product","link":"https:\/\/rfid-laundry-tag.com\/tr\/washable-rfid-laundry-tags\/","title":{"rendered":"Y\u0131kanabilir RFID \u00c7ama\u015f\u0131r Etiketleri"},"content":{"rendered":"<div class=\"auto-hide-last-sibling-br paragraph_1252f paragraph-element\">\n<div>\n<div class=\"auto-hide-last-sibling-br paragraph_1252f paragraph-element\">Y\u0131kanabilir RFID \u00c7ama\u015f\u0131r Etiketlerimiz, ayn\u0131 zamanda Giyim Y\u0131kanabilir RFID \u00c7ama\u015f\u0131r Etiketleri olarak da bilinir, geleneksel RFID \u00e7ama\u015f\u0131r etiketlerine k\u0131yasla \u00e7ok y\u00f6nl\u00fc bir se\u00e7enek sunar. Bu \u00f6zel olarak tasarlanm\u0131\u015f etiketler, 10%&#039;den 15%&#039;ye kadar de\u011fi\u015fen RFID performans\u0131nda yaln\u0131zca k\u00fc\u00e7\u00fck bir azalma ile 50&#039;den fazla ev tipi y\u0131kama d\u00f6ng\u00fcs\u00fcne dayanabilir. Uygun maliyetli bir \u00e7\u00f6z\u00fcm olarak, bu su ge\u00e7irmez RFID etiketleri giysiler, ayakkab\u0131lar ve \u00e7ar\u015faflar dahil olmak \u00fczere kiralama ve perakende ama\u00e7lar\u0131 i\u00e7in uygundur.<\/div>\n<p>&nbsp;<\/p>\n<div class=\"auto-hide-last-sibling-br paragraph_1252f paragraph-element\">Benzersiz bir yap\u0131ya ve RFID \u00e7ipi i\u00e7in korumaya sahip olan bu etiketler, 50&#039;den fazla ev tipi y\u0131kama d\u00f6ng\u00fcs\u00fcne dayanacak kadar dayan\u0131kl\u0131l\u0131k g\u00f6sterir. Bir diki\u015fe gizlice gizlenebilir veya bir bak\u0131m etiketine eklenebilir, b\u00f6ylece neredeyse fark edilmezler.<\/div>\n<p>&nbsp;<\/p>\n<div class=\"auto-hide-last-sibling-br paragraph_1252f paragraph-element\">Y\u0131kanabilir RFID \u00c7ama\u015f\u0131r Etiketlerimizin di\u011fer y\u0131kanabilir keten etiketlerden ay\u0131ran ay\u0131rt edici \u00f6zelliklerinden biri, yaln\u0131zca 0,55 mm kal\u0131nl\u0131\u011f\u0131ndaki ince, \u015feffaf tasar\u0131mlar\u0131d\u0131r. Piyasadaki en ince etiket oldu\u011fu sonucuna var\u0131lm\u0131\u015ft\u0131r. Genel olarak, giyim i\u00e7in yenilik\u00e7i bir UHF RFID \u00e7\u00f6z\u00fcm\u00fc sunarak maliyet etkinli\u011fi, dayan\u0131kl\u0131l\u0131k ve gizlili\u011fin bir kar\u0131\u015f\u0131m\u0131n\u0131 sunar.<\/div>\n<div><\/div>\n<\/div>\n<div data-spm-anchor-id=\"a2700.details.0.i57.23b419c7xXORP0\"><span data-spm-anchor-id=\"a2700.details.0.i75.23b419c7xXORP0\"><b>\u00d6zellik:<\/b><br \/>\n1) Ayn\u0131 anda y\u00fczlerce etiketi okuyabilen UHF teknolojisi.<br \/>\n2) 8 feet&#039;ten fazla okuma mesafesi.<br \/>\n3) D\u00fcz \u00e7ama\u015f\u0131rlarda performans\u0131n art\u0131r\u0131lmas\u0131 i\u00e7in yeni mekanik tasar\u0131m.<br \/>\n4) 60 bara kadar y\u00fcksek bas\u0131n\u00e7l\u0131 aspirat\u00f6rlere uygundur.<br \/>\n5) Otoklav sterilizasyonuna uygundur.<br \/>\n6) Tekstil, \u00e7ar\u015faf, giysi ve aksesuarlar i\u00e7in ideal, k\u00fc\u00e7\u00fck, yumu\u015fak, esnek malzeme.<\/span><\/div>\n<\/div>\n<div data-spm-anchor-id=\"a2700.details.0.i57.23b419c7xXORP0\"><\/div>\n<div data-spm-anchor-id=\"a2700.details.0.i57.23b419c7xXORP0\">\n<div class=\"text-title\"><span data-spm-anchor-id=\"a2700.details.0.i77.23b419c7xXORP0\">Fiziksel:<\/span><\/div>\n<div class=\"text-content\" data-spm-anchor-id=\"a2700.details.0.i54.23b419c7xXORP0\">\n<div>Boyut: 70 mm\u00d715 mm x1,5 mm<\/div>\n<div>\u00c7ip:UHF<\/div>\n<div>Etiket kurulum y\u00f6ntemi: Diki\u015f, \u00dct\u00fcleme<\/div>\n<div>Protokol:ISO18ooo-6C EPC C1G2<\/div>\n<div>\u00dct\u00fcleme: 15 saniye, 210\u2103&#039;de<\/div>\n<div>Pozlama: 2,5 bar<\/div>\n<div>Kurutma: 180\u00b0C&#039;de 15 dakika<\/div>\n<div><span data-spm-anchor-id=\"a2700.details.0.i78.23b419c7xXORP0\">Y\u0131kama: 90\u2103&#039;de 15 dakika<\/span><\/div>\n<div>Y\u0131kama \u00e7evrimleri: 200+ \u00e7evrim veya 3 y\u0131l<br \/>\nDepolama ko\u015fulu:-20-80\u2103,5-95%RH<\/div>\n<\/div>\n<\/div>\n<h3 class=\"wp-block-heading\">Kurulum<\/h3>\n<p><strong>Diki\u015f Etiketleme<\/strong>: Bir tekstilin ete\u011fine dikilecek. \u00c7ama\u015f\u0131r etiketini katlama \u00e7izgilerinden uza\u011fa dikin.<br \/>\n<strong>Is\u0131 S\u0131zd\u0131rmazl\u0131\u011f\u0131<\/strong>: +200\u00b0C (392\u00b0F) s\u0131cakl\u0131kta, 12~14 saniye boyunca do\u011frudan tekstil \u00fczerine \u0131s\u0131yla yap\u0131\u015ft\u0131r\u0131lmal\u0131d\u0131r.<br \/>\n<strong>Kese i\u00e7inde<\/strong>: Standart bak\u0131m etiketi gibi dikilmelidir. \u00c7ama\u015f\u0131r etiketini katlama \u00e7izgilerinden uza\u011fa dikin.<\/p>\n<div class=\"auto-hide-last-sibling-br paragraph_1252f paragraph-element\">Y\u0131kanabilir RFID \u00c7ama\u015f\u0131r Etiketleri, bir\u00e7ok end\u00fcstrinin ayr\u0131lmaz bir par\u00e7as\u0131d\u0131r ve verimli varl\u0131k takibi, envanter y\u00f6netimi ve genel operasyonel \u00fcretkenli\u011fi art\u0131rma sa\u011flar. \u0130\u015fte farkl\u0131 sekt\u00f6rlerdeki uygulamalar\u0131ndan baz\u0131lar\u0131:<\/div>\n<ol class=\"auto-hide-last-sibling-br\">\n<li>\n<div class=\"auto-hide-last-sibling-br paragraph_1252f paragraph-element\"><strong>Sa\u011fl\u0131k hizmeti<\/strong>: Hastaneler ve di\u011fer t\u0131bbi tesisler, b\u00fcy\u00fck yatak \u00e7ar\u015faf\u0131, havlu, \u00f6nl\u00fck, \u00fcniforma ve cerrahi \u00e7ar\u015faf envanterlerini y\u00f6netmek i\u00e7in RFID \u00e7ar\u015faf etiketleri kullan\u0131r. Bu, kayb\u0131 azaltmaya, \u00e7ama\u015f\u0131r d\u00f6ng\u00fclerini y\u00f6netmeye ve her zaman ihtiya\u00e7 duyuldu\u011funda temiz, taze \u00e7ar\u015faflar\u0131n mevcut olmas\u0131n\u0131 sa\u011flamaya yard\u0131mc\u0131 olur.<\/div>\n<\/li>\n<li>\n<div class=\"auto-hide-last-sibling-br paragraph_1252f paragraph-element\"><strong>Oteller<\/strong>: Yatak tak\u0131mlar\u0131ndan havlulara, perdelere ve bornozlara kadar binlerce \u00fcr\u00fcn\u00fcn dola\u015f\u0131mda oldu\u011fu otel sekt\u00f6r\u00fcnde \u00e7ar\u015faflar\u0131 y\u00f6netmek b\u00fcy\u00fck bir i\u015ftir. RFID \u00e7ar\u015faf etiketleri, zaman\u0131nda temizlik ve de\u011fi\u015ftirmeyi garanti alt\u0131na alarak takibi kolayla\u015ft\u0131r\u0131r ve h\u0131rs\u0131zl\u0131\u011f\u0131 tespit etmeye ve \u00f6nlemeye yard\u0131mc\u0131 olur.<\/div>\n<\/li>\n<li>\n<div class=\"auto-hide-last-sibling-br paragraph_1252f paragraph-element\"><strong>Restoranlar<\/strong>: Yiyecek hizmeti sekt\u00f6r\u00fcnde, RFID etiketleri \u00fcniformalar\u0131n, masa \u00f6rt\u00fclerinin, pe\u00e7etelerin ve \u015fef \u00f6nl\u00fcklerinin kullan\u0131m\u0131n\u0131 ve temizli\u011fini izleyebilir. Bu, temizlik standartlar\u0131n\u0131 iyile\u015ftirebilir ve cilal\u0131, profesyonel bir g\u00f6r\u00fcn\u00fcm\u00fcn korunmas\u0131na yard\u0131mc\u0131 olabilir.<\/div>\n<\/li>\n<li>\n<div class=\"auto-hide-last-sibling-br paragraph_1252f paragraph-element\"><strong>Moda Giyim End\u00fcstrileri<\/strong>: RFID etiketleri, \u00fcretimden perakendeye kadar tedarik zinciri boyunca \u00f6\u011felerin izlenmesinde b\u00fcy\u00fck rol oynar. Men\u015fei, seyahat ge\u00e7mi\u015fi ve hatta kuma\u015f ve bak\u0131m talimatlar\u0131 hakk\u0131nda ayr\u0131nt\u0131lar gibi de\u011ferli bilgiler sa\u011flayabilirler.<\/div>\n<\/li>\n<li>\n<div class=\"auto-hide-last-sibling-br paragraph_1252f paragraph-element\"><strong>\u0130\u015f Giysileri\/Yanmaz Giysiler<\/strong>: \u015eirketler, \u00f6zel giyim \u00fcr\u00fcnlerini izlemek ve y\u00f6netmek i\u00e7in RFID etiketlerini kullanabilirler. Bu, yang\u0131n geciktirici veya di\u011fer koruyucu giysilerin d\u00fczenli olarak denetlenmesini, d\u00fczg\u00fcn bir \u015fekilde temizlenmesini ve gerekti\u011finde de\u011fi\u015ftirilmesini sa\u011flamay\u0131 i\u00e7erebilir.<\/div>\n<\/li>\n<li>\n<div class=\"auto-hide-last-sibling-br paragraph_1252f paragraph-element\"><strong>Ayakkab\u0131 ve Maskeler<\/strong>:\u00d6zellikle sa\u011fl\u0131k ve in\u015faat gibi g\u00fcvenli\u011fin kritik \u00f6neme sahip oldu\u011fu sekt\u00f6rlerde, maske ve g\u00fcvenlik ayakkab\u0131lar\u0131 gibi \u00fcr\u00fcnlerin kullan\u0131m\u0131n\u0131n, temizli\u011finin ve bak\u0131m\u0131n\u0131n takibi RFID etiketlerinin kullan\u0131m\u0131yla basitle\u015ftirilebilir.<\/div>\n<\/li>\n<li>\n<div class=\"auto-hide-last-sibling-br paragraph_1252f paragraph-element\"><strong>Paspaslar ve Paspaslar<\/strong>:Temizlik hizmeti veren veya b\u00fcy\u00fck tesisleri y\u00f6neten i\u015fletmeler i\u00e7in, paspas ve paspaslardaki RFID etiketleri kullan\u0131m ve bak\u0131m\u0131 izlemeye yard\u0131mc\u0131 olarak her zaman temiz ve etkili ara\u00e7lar sa\u011flanmas\u0131n\u0131 garanti alt\u0131na alabilir.<\/div>\n<\/li>\n<\/ol>","protected":false},"excerpt":{"rendered":"<div class=\"auto-hide-last-sibling-br paragraph_1252f paragraph-element\">Y\u0131kanabilir RFID \u00c7ama\u015f\u0131r Etiketlerimiz, ayn\u0131 zamanda RFID keten etiketleri olarak da bilinir, yumu\u015fakl\u0131k ve dayan\u0131kl\u0131l\u0131\u011f\u0131n bir kar\u0131\u015f\u0131m\u0131n\u0131 sergiler ve esnek bir kau\u00e7uk d\u0131\u015f y\u00fczeyle \u00fcretilir. Hem esnek hem de sa\u011flam olacak \u015fekilde tasarlanm\u0131\u015f giysi etiketleridir \u2014 200&#039;e kadar y\u0131kama d\u00f6ng\u00fcs\u00fcne dayanabilir ve 60 bara kadar bas\u0131nca dayanabilir.<\/div>\n<div class=\"auto-hide-last-sibling-br paragraph_1252f paragraph-element\">UHF RFID \u00e7ama\u015f\u0131r etiketlerimiz, birka\u00e7 metre \u00f6teden etkili bir \u015fekilde tespit edilebilen \u00fcst\u00fcn k\u00fctle okuma yetenekleriyle dikkat \u00e7ekmektedir. Boyutlar\u0131, uzunluk olarak 1,5 ila 3 in\u00e7 ve geni\u015flik olarak yar\u0131m ila 1 in\u00e7 aras\u0131nda de\u011fi\u015fmekte olup farkl\u0131 gereksinimlere cevap vermektedir.<\/div>\n<div class=\"auto-hide-last-sibling-br paragraph_1252f paragraph-element\">Bu y\u0131kanabilir RFID etiketleri t\u0131bbi alanda s\u0131kl\u0131kla kullan\u0131l\u0131r, genellikle doktorlar ve hem\u015fireler taraf\u0131ndan giyilen \u00f6nl\u00fcklere yap\u0131\u015ft\u0131r\u0131l\u0131r. Ayr\u0131ca, di\u011fer profesyonel k\u0131yafetler, kost\u00fcmler ve paspaslar gibi kiralanabilir \u00fcr\u00fcnlerle de uygulamalar\u0131 bulunur. Bu \u00e7ok y\u00f6nl\u00fcl\u00fck ve dayan\u0131kl\u0131l\u0131k, onlar\u0131 \u00e7e\u015fitli ortamlar i\u00e7in ideal bir se\u00e7im haline getirir.<\/div>","protected":false},"featured_media":51,"template":"","meta":{"_kad_post_transparent":"default","_kad_post_title":"","_kad_post_layout":"default","_kad_post_sidebar_id":"","_kad_post_content_style":"default","_kad_post_vertical_padding":"default","_kad_post_feature":"","_kad_post_feature_position":"","_kad_post_header":false,"_kad_post_footer":false,"_kad_post_classname":""},"product_brand":[],"product_cat":[19,16],"product_tag":[25,27,29,28],"class_list":{"0":"post-49","1":"product","2":"type-product","3":"status-publish","4":"has-post-thumbnail","6":"product_cat-textile-rfid-laundry-tag","7":"product_cat-uhf-rfid-laundry-tags","8":"product_tag-rfid-laundrytags","9":"product_tag-uhf-rfid-textile-laundry-tag","10":"product_tag-washable-rfid-laundry-tags","11":"product_tag-washable-rfid-tags","13":"first","14":"instock","15":"shipping-taxable","16":"product-type-simple","17":"entry","18":"content-bg","19":"loop-entry"},"_links":{"self":[{"href":"https:\/\/rfid-laundry-tag.com\/tr\/wp-json\/wp\/v2\/product\/49","targetHints":{"allow":["GET"]}}],"collection":[{"href":"https:\/\/rfid-laundry-tag.com\/tr\/wp-json\/wp\/v2\/product"}],"about":[{"href":"https:\/\/rfid-laundry-tag.com\/tr\/wp-json\/wp\/v2\/types\/product"}],"version-history":[{"count":1,"href":"https:\/\/rfid-laundry-tag.com\/tr\/wp-json\/wp\/v2\/product\/49\/revisions"}],"predecessor-version":[{"id":1954,"href":"https:\/\/rfid-laundry-tag.com\/tr\/wp-json\/wp\/v2\/product\/49\/revisions\/1954"}],"wp:featuredmedia":[{"embeddable":true,"href":"https:\/\/rfid-laundry-tag.com\/tr\/wp-json\/wp\/v2\/media\/51"}],"wp:attachment":[{"href":"https:\/\/rfid-laundry-tag.com\/tr\/wp-json\/wp\/v2\/media?parent=49"}],"wp:term":[{"taxonomy":"product_brand","embeddable":true,"href":"https:\/\/rfid-laundry-tag.com\/tr\/wp-json\/wp\/v2\/product_brand?post=49"},{"taxonomy":"product_cat","embeddable":true,"href":"https:\/\/rfid-laundry-tag.com\/tr\/wp-json\/wp\/v2\/product_cat?post=49"},{"taxonomy":"product_tag","embeddable":true,"href":"https:\/\/rfid-laundry-tag.com\/tr\/wp-json\/wp\/v2\/product_tag?post=49"}],"curies":[{"name":"wp","href":"https:\/\/api.w.org\/{rel}","templated":true}]}}