{"id":43,"date":"2024-06-03T16:12:18","date_gmt":"2024-06-03T16:12:18","guid":{"rendered":"https:\/\/rfid-laundry-tag.com\/?post_type=product&#038;p=43"},"modified":"2024-09-08T05:39:52","modified_gmt":"2024-09-08T05:39:52","slug":"uhf-rfid-textile-laundry-tag","status":"publish","type":"product","link":"https:\/\/rfid-laundry-tag.com\/tr\/uhf-rfid-textile-laundry-tag\/","title":{"rendered":"UHF RFID Tekstil \u00c7ama\u015f\u0131r Etiketi"},"content":{"rendered":"<h2>UHF RFID Tekstil \u00c7ama\u015f\u0131r Etiketi<\/h2>\n<div class=\"auto-hide-last-sibling-br paragraph_1252f paragraph-element\">\n<p><b><span class=\"magic-14\" data-spm-anchor-id=\"a2700.details.0.i55.23b419c7xXORP0\">RFID Kuma\u015f \u00c7ama\u015f\u0131r Etiketleri.<\/span><\/b><\/p>\n<p>RFID kuma\u015f \u00e7ama\u015f\u0131r etiketleri genellikle end\u00fcstriyel \u00e7ama\u015f\u0131r y\u0131kama i\u015flemlerinde, otel \u00e7ar\u015faflar\u0131nda ve t\u0131bbi \u00fcniformalarda kullan\u0131l\u0131r. Bu etiketler son derece dayan\u0131kl\u0131d\u0131r ve y\u00fcksek s\u0131cakl\u0131klara dayanabilir, bu da onlar\u0131 200&#039;den fazla y\u0131kama d\u00f6ng\u00fcs\u00fcne dayanabilir hale getirir.<\/p>\n<div data-spm-anchor-id=\"a2700.details.0.i57.23b419c7xXORP0\"><span data-spm-anchor-id=\"a2700.details.0.i75.23b419c7xXORP0\"><b>\u00d6zellik:<\/b><br \/>\n1) Ayn\u0131 anda y\u00fczlerce etiketi okuyabilen UHF teknolojisi.<br \/>\n2) 8 feet&#039;ten fazla okuma mesafesi.<br \/>\n3) D\u00fcz \u00e7ama\u015f\u0131rlarda performans\u0131n art\u0131r\u0131lmas\u0131 i\u00e7in yeni mekanik tasar\u0131m.<br \/>\n4) 60 bara kadar y\u00fcksek bas\u0131n\u00e7l\u0131 aspirat\u00f6rlere uygundur.<br \/>\n5) Otoklav sterilizasyonuna uygundur.<br \/>\n6) Tekstil, \u00e7ar\u015faf, giysi ve aksesuarlar i\u00e7in ideal, k\u00fc\u00e7\u00fck, yumu\u015fak, esnek malzeme.<\/span><\/div>\n<\/div>\n<div data-spm-anchor-id=\"a2700.details.0.i57.23b419c7xXORP0\"><\/div>\n<div data-spm-anchor-id=\"a2700.details.0.i57.23b419c7xXORP0\">\n<div class=\"text-title\"><span data-spm-anchor-id=\"a2700.details.0.i77.23b419c7xXORP0\">Fiziksel:<\/span><\/div>\n<div class=\"text-content\" data-spm-anchor-id=\"a2700.details.0.i54.23b419c7xXORP0\">\n<div>Boyut: 70 mm\u00d715 mm x1,5 mm<\/div>\n<div>\u00c7ip:UHF<\/div>\n<div>Etiket kurulum y\u00f6ntemi: Diki\u015f, \u00dct\u00fcleme<\/div>\n<div>Protokol:ISO18ooo-6C EPC C1G2<\/div>\n<div>\u00dct\u00fcleme: 15 saniye, 210\u2103&#039;de<\/div>\n<div>Pozlama: 2,5 bar<\/div>\n<div>Kurutma: 180\u00b0C&#039;de 15 dakika<\/div>\n<div><span data-spm-anchor-id=\"a2700.details.0.i78.23b419c7xXORP0\">Y\u0131kama: 90\u2103&#039;de 15 dakika<\/span><\/div>\n<div>Y\u0131kama \u00e7evrimleri: 200+ \u00e7evrim veya 3 y\u0131l<br \/>\nDepolama ko\u015fulu:-20-80\u2103,5-95%RH<\/div>\n<\/div>\n<\/div>\n<h3 class=\"wp-block-heading\">Kurulum<\/h3>\n<p><strong>Diki\u015f Etiketleme<\/strong>: Bir tekstilin ete\u011fine dikilecek. \u00c7ama\u015f\u0131r etiketini katlama \u00e7izgilerinden uza\u011fa dikin.<br \/>\n<strong>Is\u0131 S\u0131zd\u0131rmazl\u0131\u011f\u0131<\/strong>: +200\u00b0C (392\u00b0F) s\u0131cakl\u0131kta, 12~14 saniye boyunca do\u011frudan tekstil \u00fczerine \u0131s\u0131yla yap\u0131\u015ft\u0131r\u0131lmal\u0131d\u0131r.<br \/>\n<strong>Kese i\u00e7inde<\/strong>: Standart bak\u0131m etiketi gibi dikilmelidir. \u00c7ama\u015f\u0131r etiketini katlama \u00e7izgilerinden uza\u011fa dikin.<\/p>\n<div class=\"auto-hide-last-sibling-br paragraph_1252f paragraph-element\">\u00a0UHF RFID Tekstil \u00c7ama\u015f\u0131r Etiketi, bir\u00e7ok end\u00fcstrinin ayr\u0131lmaz bir par\u00e7as\u0131d\u0131r ve verimli varl\u0131k takibi, envanter y\u00f6netimi ve genel operasyonel \u00fcretkenli\u011fi art\u0131rma sa\u011flar. \u0130\u015fte farkl\u0131 sekt\u00f6rlerdeki uygulamalar\u0131ndan baz\u0131lar\u0131:<\/div>\n<ol class=\"auto-hide-last-sibling-br\">\n<li>\n<div class=\"auto-hide-last-sibling-br paragraph_1252f paragraph-element\"><strong>Sa\u011fl\u0131k hizmeti<\/strong>: Hastaneler ve di\u011fer t\u0131bbi tesisler, b\u00fcy\u00fck yatak \u00e7ar\u015faf\u0131, havlu, \u00f6nl\u00fck, \u00fcniforma ve cerrahi \u00e7ar\u015faf envanterlerini y\u00f6netmek i\u00e7in RFID \u00e7ar\u015faf etiketleri kullan\u0131r. Bu, kayb\u0131 azaltmaya, \u00e7ama\u015f\u0131r d\u00f6ng\u00fclerini y\u00f6netmeye ve her zaman ihtiya\u00e7 duyuldu\u011funda temiz, taze \u00e7ar\u015faflar\u0131n mevcut olmas\u0131n\u0131 sa\u011flamaya yard\u0131mc\u0131 olur.<\/div>\n<\/li>\n<li>\n<div class=\"auto-hide-last-sibling-br paragraph_1252f paragraph-element\"><strong>Oteller<\/strong>: Yatak tak\u0131mlar\u0131ndan havlulara, perdelere ve bornozlara kadar binlerce \u00fcr\u00fcn\u00fcn dola\u015f\u0131mda oldu\u011fu otel sekt\u00f6r\u00fcnde \u00e7ar\u015faflar\u0131 y\u00f6netmek b\u00fcy\u00fck bir i\u015ftir. RFID \u00e7ar\u015faf etiketleri, zaman\u0131nda temizlik ve de\u011fi\u015ftirmeyi garanti alt\u0131na alarak takibi kolayla\u015ft\u0131r\u0131r ve h\u0131rs\u0131zl\u0131\u011f\u0131 tespit etmeye ve \u00f6nlemeye yard\u0131mc\u0131 olur.<\/div>\n<\/li>\n<li>\n<div class=\"auto-hide-last-sibling-br paragraph_1252f paragraph-element\"><strong>Restoranlar<\/strong>: Yiyecek hizmeti sekt\u00f6r\u00fcnde, RFID etiketleri \u00fcniformalar\u0131n, masa \u00f6rt\u00fclerinin, pe\u00e7etelerin ve \u015fef \u00f6nl\u00fcklerinin kullan\u0131m\u0131n\u0131 ve temizli\u011fini izleyebilir. Bu, temizlik standartlar\u0131n\u0131 iyile\u015ftirebilir ve cilal\u0131, profesyonel bir g\u00f6r\u00fcn\u00fcm\u00fcn korunmas\u0131na yard\u0131mc\u0131 olabilir.<\/div>\n<\/li>\n<li>\n<div class=\"auto-hide-last-sibling-br paragraph_1252f paragraph-element\"><strong>Moda Giyim End\u00fcstrileri<\/strong>: RFID etiketleri, \u00fcretimden perakendeye kadar tedarik zinciri boyunca \u00f6\u011felerin izlenmesinde b\u00fcy\u00fck rol oynar. Men\u015fei, seyahat ge\u00e7mi\u015fi ve hatta kuma\u015f ve bak\u0131m talimatlar\u0131 hakk\u0131nda ayr\u0131nt\u0131lar gibi de\u011ferli bilgiler sa\u011flayabilirler.<\/div>\n<\/li>\n<li>\n<div class=\"auto-hide-last-sibling-br paragraph_1252f paragraph-element\"><strong>\u0130\u015f Giysileri\/Yanmaz Giysiler<\/strong>: \u015eirketler, \u00f6zel giyim \u00fcr\u00fcnlerini izlemek ve y\u00f6netmek i\u00e7in RFID etiketlerini kullanabilirler. Bu, yang\u0131n geciktirici veya di\u011fer koruyucu giysilerin d\u00fczenli olarak denetlenmesini, d\u00fczg\u00fcn bir \u015fekilde temizlenmesini ve gerekti\u011finde de\u011fi\u015ftirilmesini sa\u011flamay\u0131 i\u00e7erebilir.<\/div>\n<\/li>\n<li>\n<div class=\"auto-hide-last-sibling-br paragraph_1252f paragraph-element\"><strong>Ayakkab\u0131 ve Maskeler<\/strong>:\u00d6zellikle sa\u011fl\u0131k ve in\u015faat gibi g\u00fcvenli\u011fin kritik \u00f6neme sahip oldu\u011fu sekt\u00f6rlerde, maske ve g\u00fcvenlik ayakkab\u0131lar\u0131 gibi \u00fcr\u00fcnlerin kullan\u0131m\u0131n\u0131n, temizli\u011finin ve bak\u0131m\u0131n\u0131n takibi RFID etiketlerinin kullan\u0131m\u0131yla basitle\u015ftirilebilir.<\/div>\n<\/li>\n<li>\n<div class=\"auto-hide-last-sibling-br paragraph_1252f paragraph-element\"><strong>Paspaslar ve Paspaslar<\/strong>:Temizlik hizmeti veren veya b\u00fcy\u00fck tesisleri y\u00f6neten i\u015fletmeler i\u00e7in, paspas ve paspaslardaki RFID etiketleri kullan\u0131m ve bak\u0131m\u0131 izlemeye yard\u0131mc\u0131 olarak her zaman temiz ve etkili ara\u00e7lar sa\u011flanmas\u0131n\u0131 garanti alt\u0131na alabilir.<\/div>\n<\/li>\n<\/ol>","protected":false},"excerpt":{"rendered":"<p><b>RFID \u00e7ama\u015f\u0131r etiketleri <\/b>oteller, hastaneler, kuru temizlemeciler ve havayolu battaniye y\u00f6netimi i\u00e7in \u00f6zel olarak tasarlanm\u0131\u015ft\u0131r. Bu etiketler \u00fc\u00e7 ana malzemede mevcuttur: PPS, silikon ve kuma\u015f.<\/p>","protected":false},"featured_media":44,"template":"","meta":{"_kad_post_transparent":"default","_kad_post_title":"","_kad_post_layout":"default","_kad_post_sidebar_id":"","_kad_post_content_style":"default","_kad_post_vertical_padding":"default","_kad_post_feature":"","_kad_post_feature_position":"","_kad_post_header":false,"_kad_post_footer":false,"_kad_post_classname":""},"product_brand":[],"product_cat":[19,16],"product_tag":[25,23,27,26],"class_list":{"0":"post-43","1":"product","2":"type-product","3":"status-publish","4":"has-post-thumbnail","6":"product_cat-textile-rfid-laundry-tag","7":"product_cat-uhf-rfid-laundry-tags","8":"product_tag-rfid-laundrytags","9":"product_tag-rfid-linen-tags","10":"product_tag-uhf-rfid-textile-laundry-tag","11":"product_tag-washable-uhf-rfid-laundry-tag","13":"first","14":"instock","15":"shipping-taxable","16":"product-type-simple","17":"entry","18":"content-bg","19":"loop-entry"},"_links":{"self":[{"href":"https:\/\/rfid-laundry-tag.com\/tr\/wp-json\/wp\/v2\/product\/43","targetHints":{"allow":["GET"]}}],"collection":[{"href":"https:\/\/rfid-laundry-tag.com\/tr\/wp-json\/wp\/v2\/product"}],"about":[{"href":"https:\/\/rfid-laundry-tag.com\/tr\/wp-json\/wp\/v2\/types\/product"}],"version-history":[{"count":2,"href":"https:\/\/rfid-laundry-tag.com\/tr\/wp-json\/wp\/v2\/product\/43\/revisions"}],"predecessor-version":[{"id":1305,"href":"https:\/\/rfid-laundry-tag.com\/tr\/wp-json\/wp\/v2\/product\/43\/revisions\/1305"}],"wp:featuredmedia":[{"embeddable":true,"href":"https:\/\/rfid-laundry-tag.com\/tr\/wp-json\/wp\/v2\/media\/44"}],"wp:attachment":[{"href":"https:\/\/rfid-laundry-tag.com\/tr\/wp-json\/wp\/v2\/media?parent=43"}],"wp:term":[{"taxonomy":"product_brand","embeddable":true,"href":"https:\/\/rfid-laundry-tag.com\/tr\/wp-json\/wp\/v2\/product_brand?post=43"},{"taxonomy":"product_cat","embeddable":true,"href":"https:\/\/rfid-laundry-tag.com\/tr\/wp-json\/wp\/v2\/product_cat?post=43"},{"taxonomy":"product_tag","embeddable":true,"href":"https:\/\/rfid-laundry-tag.com\/tr\/wp-json\/wp\/v2\/product_tag?post=43"}],"curies":[{"name":"wp","href":"https:\/\/api.w.org\/{rel}","templated":true}]}}