{"id":40,"date":"2024-06-03T15:49:08","date_gmt":"2024-06-03T15:49:08","guid":{"rendered":"https:\/\/rfid-laundry-tag.com\/?post_type=product&#038;p=40"},"modified":"2024-09-08T05:31:52","modified_gmt":"2024-09-08T05:31:52","slug":"washable-uhf-rfid-laundry-tag","status":"publish","type":"product","link":"https:\/\/rfid-laundry-tag.com\/tr\/washable-uhf-rfid-laundry-tag\/","title":{"rendered":"Y\u0131kanabilir UHF RFID \u00c7ama\u015f\u0131r Etiketi"},"content":{"rendered":"<h2>Y\u0131kanabilir <strong>\u00c7ok y\u00fcksek frekansl\u0131<\/strong> RFID \u00c7ama\u015f\u0131r Etiketi<\/h2>\n<p>70*15mm boyutlar\u0131ndaki tekstil malzemesinden \u00fcretilen ve NXP U CODE 9 \u00e7ipiyle donat\u0131lan RFID \u00e7ama\u015f\u0131r etiketi, \u00e7ar\u015faflar, \u00fcniformalar, havlular vb. gibi tekstil \u00fcr\u00fcnlerinin etkili bir \u015fekilde takibi ve y\u00f6netimi i\u00e7in tasarlanm\u0131\u015f, modern bir ara\u00e7t\u0131r.<\/p>\n<div class=\"auto-hide-last-sibling-br paragraph_1252f paragraph-element\">Temel \u00d6zellikler:<\/div>\n<ol class=\"auto-hide-last-sibling-br\">\n<li>\n<div class=\"auto-hide-last-sibling-br paragraph_1252f paragraph-element\"><strong>Malzeme ve Boyut<\/strong>:Bu RFID etiketi tekstil dostu bir malzemeden \u00fcretilmi\u015ftir ve 70 mm x 15 mm \u00f6l\u00e7\u00fclerindedir; bu boyut, estetik veya dokunsal \u00f6zelliklerini etkilemeden \u00e7e\u015fitli kuma\u015f t\u00fcrlerini gizlice etiketlemek i\u00e7in idealdir.<\/div>\n<\/li>\n<li>\n<div class=\"auto-hide-last-sibling-br paragraph_1252f paragraph-element\"><strong>RFID \u00c7ipi<\/strong>: G\u00f6m\u00fcl\u00fc NXP U CODE 9 \u00e7ipi y\u00fcksek performans ve g\u00fcvenilir i\u015flevsellik sa\u011flar. Bu mikro\u00e7ip uzun mesafeli veri iletimini kolayla\u015ft\u0131r\u0131r ve \u00fcr\u00fcn bilgilerini depolamak i\u00e7in geni\u015f bir bellek kapasitesine sahiptir.<\/div>\n<\/li>\n<li>\n<div class=\"auto-hide-last-sibling-br paragraph_1252f paragraph-element\"><strong>Dayan\u0131kl\u0131l\u0131k<\/strong>: Yumu\u015fak ve esnek tekstil yap\u0131s\u0131na ra\u011fmen, bu RFID \u00e7ama\u015f\u0131r etiketi zorlu y\u0131kama, \u00fct\u00fcleme ve presleme i\u015flemlerine dayanacak \u015fekilde tasarlanm\u0131\u015ft\u0131r. Tekrarlayan end\u00fcstriyel \u00e7ama\u015f\u0131r d\u00f6ng\u00fclerine ra\u011fmen b\u00fct\u00fcnl\u00fc\u011f\u00fcn\u00fc ve i\u015flevini koruyarak suya, \u0131s\u0131ya ve bas\u0131nca dayanabilir.<\/div>\n<\/li>\n<li>\n<div class=\"auto-hide-last-sibling-br paragraph_1252f paragraph-element\"><strong>Yeterlik<\/strong>: NXP U CODE 9 \u00e7ip teknolojisi, toplu okuma senaryolar\u0131nda bile etiketin h\u0131zl\u0131 ve do\u011fru bir \u015fekilde taranmas\u0131n\u0131 sa\u011flar. Bu, h\u0131zl\u0131 i\u015fleme, operasyon s\u00fcresinin azalt\u0131lmas\u0131 ve tekstil y\u00f6netiminde \u00fcretkenli\u011fin art\u0131r\u0131lmas\u0131yla sonu\u00e7lan\u0131r.<\/div>\n<\/li>\n<li>\n<div class=\"auto-hide-last-sibling-br paragraph_1252f paragraph-element\"><strong>Ba\u015fvuru<\/strong>: \u00d6ncelikle, bu RFID etiketleri hizmete girmeden \u00f6nce tekstillere dikilir veya \u0131s\u0131yla kapat\u0131l\u0131r. Bir kez tak\u0131ld\u0131\u011f\u0131nda, bu etiketlerin sa\u011flad\u0131\u011f\u0131 kablosuz izleme yetene\u011fi sayesinde otomatik envanter y\u00f6netimi, s\u00fcre\u00e7 kontrol\u00fc ve kay\u0131p \u00f6nleme kolayl\u0131kla sa\u011flanabilir.<\/div>\n<\/li>\n<\/ol>\n<h3 class=\"wp-block-heading\">Kurulum<\/h3>\n<p><strong>Diki\u015f Etiketleme<\/strong>: Bir tekstilin ete\u011fine dikilecek. \u00c7ama\u015f\u0131r etiketini katlama \u00e7izgilerinden uza\u011fa dikin.<br \/>\n<strong>Is\u0131 S\u0131zd\u0131rmazl\u0131\u011f\u0131<\/strong>: +200\u00b0C (392\u00b0F) s\u0131cakl\u0131kta, 12~14 saniye boyunca do\u011frudan tekstil \u00fczerine \u0131s\u0131yla yap\u0131\u015ft\u0131r\u0131lmal\u0131d\u0131r.<br \/>\n<strong>Kese i\u00e7inde<\/strong>: Standart bak\u0131m etiketi gibi dikilmelidir. \u00c7ama\u015f\u0131r etiketini katlama \u00e7izgilerinden uza\u011fa dikin.<\/p>\n<figure id=\"attachment_42\" aria-describedby=\"caption-attachment-42\" style=\"width: 718px\" class=\"wp-caption alignnone\"><img fetchpriority=\"high\" decoding=\"async\" class=\"wp-image-42\" src=\"https:\/\/rfid-laundry-tag.com\/wp-content\/uploads\/2024\/06\/srchttp___cbu01.alicdn.com_img_ibank_2019_649_165_12443561946_2073715636.jpgreferhttp___cbu01.alicdn-300x160.webp\" alt=\"Washable UHF RFID Laundry Tag\" width=\"718\" height=\"383\" srcset=\"https:\/\/rfid-laundry-tag.com\/wp-content\/uploads\/2024\/06\/srchttp___cbu01.alicdn.com_img_ibank_2019_649_165_12443561946_2073715636.jpgreferhttp___cbu01.alicdn-300x160.webp 300w, https:\/\/rfid-laundry-tag.com\/wp-content\/uploads\/2024\/06\/srchttp___cbu01.alicdn.com_img_ibank_2019_649_165_12443561946_2073715636.jpgreferhttp___cbu01.alicdn-600x320.webp 600w, https:\/\/rfid-laundry-tag.com\/wp-content\/uploads\/2024\/06\/srchttp___cbu01.alicdn.com_img_ibank_2019_649_165_12443561946_2073715636.jpgreferhttp___cbu01.alicdn-18x10.webp 18w, https:\/\/rfid-laundry-tag.com\/wp-content\/uploads\/2024\/06\/srchttp___cbu01.alicdn.com_img_ibank_2019_649_165_12443561946_2073715636.jpgreferhttp___cbu01.alicdn.webp 750w\" sizes=\"(max-width: 718px) 100vw, 718px\" \/><figcaption id=\"caption-attachment-42\" class=\"wp-caption-text\">Y\u0131kanabilir UHF RFID \u00c7ama\u015f\u0131r Etiketi<\/figcaption><\/figure>\n<div class=\"auto-hide-last-sibling-br paragraph_1252f paragraph-element\"><strong>RFID keten etiketleri<\/strong> bir\u00e7ok end\u00fcstrinin ayr\u0131lmaz bir par\u00e7as\u0131d\u0131r, verimli varl\u0131k takibi, envanter y\u00f6netimi sa\u011flar ve genel operasyonel \u00fcretkenli\u011fi art\u0131r\u0131r. \u0130\u015fte farkl\u0131 sekt\u00f6rlerdeki uygulamalar\u0131ndan baz\u0131lar\u0131:<\/div>\n<ol class=\"auto-hide-last-sibling-br\">\n<li>\n<div class=\"auto-hide-last-sibling-br paragraph_1252f paragraph-element\"><strong>Sa\u011fl\u0131k hizmeti<\/strong>: Hastaneler ve di\u011fer t\u0131bbi tesisler, b\u00fcy\u00fck yatak \u00e7ar\u015faf\u0131, havlu, \u00f6nl\u00fck, \u00fcniforma ve cerrahi \u00e7ar\u015faf envanterlerini y\u00f6netmek i\u00e7in RFID \u00e7ar\u015faf etiketleri kullan\u0131r. Bu, kayb\u0131 azaltmaya, \u00e7ama\u015f\u0131r d\u00f6ng\u00fclerini y\u00f6netmeye ve her zaman ihtiya\u00e7 duyuldu\u011funda temiz, taze \u00e7ar\u015faflar\u0131n mevcut olmas\u0131n\u0131 sa\u011flamaya yard\u0131mc\u0131 olur.<\/div>\n<\/li>\n<li>\n<div class=\"auto-hide-last-sibling-br paragraph_1252f paragraph-element\"><strong>Oteller<\/strong>: Yatak tak\u0131mlar\u0131ndan havlulara, perdelere ve bornozlara kadar binlerce \u00fcr\u00fcn\u00fcn dola\u015f\u0131mda oldu\u011fu otel sekt\u00f6r\u00fcnde \u00e7ar\u015faflar\u0131 y\u00f6netmek b\u00fcy\u00fck bir i\u015ftir. RFID \u00e7ar\u015faf etiketleri, zaman\u0131nda temizlik ve de\u011fi\u015ftirmeyi garanti alt\u0131na alarak takibi kolayla\u015ft\u0131r\u0131r ve h\u0131rs\u0131zl\u0131\u011f\u0131 tespit etmeye ve \u00f6nlemeye yard\u0131mc\u0131 olur.<\/div>\n<\/li>\n<li>\n<div class=\"auto-hide-last-sibling-br paragraph_1252f paragraph-element\"><strong>Restoranlar<\/strong>: Yiyecek hizmeti sekt\u00f6r\u00fcnde, RFID etiketleri \u00fcniformalar\u0131n, masa \u00f6rt\u00fclerinin, pe\u00e7etelerin ve \u015fef \u00f6nl\u00fcklerinin kullan\u0131m\u0131n\u0131 ve temizli\u011fini izleyebilir. Bu, temizlik standartlar\u0131n\u0131 iyile\u015ftirebilir ve cilal\u0131, profesyonel bir g\u00f6r\u00fcn\u00fcm\u00fcn korunmas\u0131na yard\u0131mc\u0131 olabilir.<\/div>\n<\/li>\n<li>\n<div class=\"auto-hide-last-sibling-br paragraph_1252f paragraph-element\"><strong>Moda Giyim End\u00fcstrileri<\/strong>: RFID etiketleri, \u00fcretimden perakendeye kadar tedarik zinciri boyunca \u00f6\u011felerin izlenmesinde b\u00fcy\u00fck rol oynar. Men\u015fei, seyahat ge\u00e7mi\u015fi ve hatta kuma\u015f ve bak\u0131m talimatlar\u0131 hakk\u0131nda ayr\u0131nt\u0131lar gibi de\u011ferli bilgiler sa\u011flayabilirler.<\/div>\n<\/li>\n<li>\n<div class=\"auto-hide-last-sibling-br paragraph_1252f paragraph-element\"><strong>\u0130\u015f Giysileri\/Yanmaz Giysiler<\/strong>: \u015eirketler, \u00f6zel giyim \u00fcr\u00fcnlerini izlemek ve y\u00f6netmek i\u00e7in RFID etiketlerini kullanabilirler. Bu, yang\u0131n geciktirici veya di\u011fer koruyucu giysilerin d\u00fczenli olarak denetlenmesini, d\u00fczg\u00fcn bir \u015fekilde temizlenmesini ve gerekti\u011finde de\u011fi\u015ftirilmesini sa\u011flamay\u0131 i\u00e7erebilir.<\/div>\n<\/li>\n<li>\n<div class=\"auto-hide-last-sibling-br paragraph_1252f paragraph-element\"><strong>Ayakkab\u0131 ve Maskeler<\/strong>:\u00d6zellikle sa\u011fl\u0131k ve in\u015faat gibi g\u00fcvenli\u011fin kritik \u00f6neme sahip oldu\u011fu sekt\u00f6rlerde, maske ve g\u00fcvenlik ayakkab\u0131lar\u0131 gibi \u00fcr\u00fcnlerin kullan\u0131m\u0131n\u0131n, temizli\u011finin ve bak\u0131m\u0131n\u0131n takibi RFID etiketlerinin kullan\u0131m\u0131yla basitle\u015ftirilebilir.<\/div>\n<\/li>\n<li>\n<div class=\"auto-hide-last-sibling-br paragraph_1252f paragraph-element\"><strong>Paspaslar ve Paspaslar<\/strong>:Temizlik hizmeti veren veya b\u00fcy\u00fck tesisleri y\u00f6neten i\u015fletmeler i\u00e7in, paspas ve paspaslardaki RFID etiketleri kullan\u0131m ve bak\u0131m\u0131 izlemeye yard\u0131mc\u0131 olarak her zaman temiz ve etkili ara\u00e7lar sa\u011flanmas\u0131n\u0131 garanti alt\u0131na alabilir.<\/div>\n<\/li>\n<\/ol>","protected":false},"excerpt":{"rendered":"<h3 class=\"wp-block-heading\">Y\u0131kanabilir UHF RFID \u00c7ama\u015f\u0131r Etiketi<\/h3>\n<p>1, Esnek, ince, p\u00fcr\u00fczs\u00fcz ve Sa\u011flam.<br \/>\n2, Uzun okuma aral\u0131\u011f\u0131 ve toplu okuma performans\u0131.<br \/>\n3, Sterilizasyon, susuzla\u015ft\u0131rma, 60 bar bas\u0131n\u00e7 alt\u0131nda \u00fct\u00fc i\u015flemcisi, 200\u00b0C \u0131s\u0131tma yoluyla \u00e7al\u0131\u015fan 200 y\u0131kama d\u00f6ng\u00fcs\u00fc garantilidir.<br \/>\n4, Diki\u015f, \u0131s\u0131yla yap\u0131\u015ft\u0131rma, torbalama veya asma i\u00e7in uygundur.<br \/>\n5, Talep \u00dczerine hizmet: RFID \u00e7ipinde EPC kodlamal\u0131 lazer logosu.<\/p>","protected":false},"featured_media":41,"template":"","meta":{"_kad_post_transparent":"default","_kad_post_title":"","_kad_post_layout":"default","_kad_post_sidebar_id":"","_kad_post_content_style":"default","_kad_post_vertical_padding":"default","_kad_post_feature":"","_kad_post_feature_position":"","_kad_post_header":false,"_kad_post_footer":false,"_kad_post_classname":""},"product_brand":[],"product_cat":[19,16],"product_tag":[25,23,26],"class_list":{"0":"post-40","1":"product","2":"type-product","3":"status-publish","4":"has-post-thumbnail","6":"product_cat-textile-rfid-laundry-tag","7":"product_cat-uhf-rfid-laundry-tags","8":"product_tag-rfid-laundrytags","9":"product_tag-rfid-linen-tags","10":"product_tag-washable-uhf-rfid-laundry-tag","12":"first","13":"instock","14":"shipping-taxable","15":"product-type-simple","16":"entry","17":"content-bg","18":"loop-entry"},"_links":{"self":[{"href":"https:\/\/rfid-laundry-tag.com\/tr\/wp-json\/wp\/v2\/product\/40","targetHints":{"allow":["GET"]}}],"collection":[{"href":"https:\/\/rfid-laundry-tag.com\/tr\/wp-json\/wp\/v2\/product"}],"about":[{"href":"https:\/\/rfid-laundry-tag.com\/tr\/wp-json\/wp\/v2\/types\/product"}],"version-history":[{"count":1,"href":"https:\/\/rfid-laundry-tag.com\/tr\/wp-json\/wp\/v2\/product\/40\/revisions"}],"predecessor-version":[{"id":1957,"href":"https:\/\/rfid-laundry-tag.com\/tr\/wp-json\/wp\/v2\/product\/40\/revisions\/1957"}],"wp:featuredmedia":[{"embeddable":true,"href":"https:\/\/rfid-laundry-tag.com\/tr\/wp-json\/wp\/v2\/media\/41"}],"wp:attachment":[{"href":"https:\/\/rfid-laundry-tag.com\/tr\/wp-json\/wp\/v2\/media?parent=40"}],"wp:term":[{"taxonomy":"product_brand","embeddable":true,"href":"https:\/\/rfid-laundry-tag.com\/tr\/wp-json\/wp\/v2\/product_brand?post=40"},{"taxonomy":"product_cat","embeddable":true,"href":"https:\/\/rfid-laundry-tag.com\/tr\/wp-json\/wp\/v2\/product_cat?post=40"},{"taxonomy":"product_tag","embeddable":true,"href":"https:\/\/rfid-laundry-tag.com\/tr\/wp-json\/wp\/v2\/product_tag?post=40"}],"curies":[{"name":"wp","href":"https:\/\/api.w.org\/{rel}","templated":true}]}}