{"id":37,"date":"2024-06-03T15:44:26","date_gmt":"2024-06-03T15:44:26","guid":{"rendered":"https:\/\/rfid-laundry-tag.com\/?post_type=product&#038;p=37"},"modified":"2024-09-27T17:21:11","modified_gmt":"2024-09-27T17:21:11","slug":"laundry-rfid-linen-tags","status":"publish","type":"product","link":"https:\/\/rfid-laundry-tag.com\/tr\/laundry-rfid-linen-tags\/","title":{"rendered":"\u00c7ama\u015f\u0131r RFID Keten Etiketleri"},"content":{"rendered":"<h2>\u00c7ama\u015f\u0131r RFID Keten Etiketleri<\/h2>\n<p>70*15mm boyutlar\u0131ndaki tekstil malzemesinden \u00fcretilen ve NXP U CODE 9 \u00e7ipiyle donat\u0131lan RFID \u00e7ama\u015f\u0131r etiketi, \u00e7ar\u015faflar, \u00fcniformalar, havlular vb. gibi tekstil \u00fcr\u00fcnlerinin etkili bir \u015fekilde takibi ve y\u00f6netimi i\u00e7in tasarlanm\u0131\u015f, modern bir ara\u00e7t\u0131r.<\/p>\n<div class=\"auto-hide-last-sibling-br paragraph_1252f paragraph-element\">Temel \u00d6zellikler:<\/div>\n<ol class=\"auto-hide-last-sibling-br\">\n<li>\n<div class=\"auto-hide-last-sibling-br paragraph_1252f paragraph-element\"><strong>Malzeme ve Boyut<\/strong>:Bu RFID etiketi tekstil dostu bir malzemeden \u00fcretilmi\u015ftir ve 70 mm x 15 mm \u00f6l\u00e7\u00fclerindedir; bu boyut, estetik veya dokunsal \u00f6zelliklerini etkilemeden \u00e7e\u015fitli kuma\u015f t\u00fcrlerini gizlice etiketlemek i\u00e7in idealdir.<\/div>\n<\/li>\n<li>\n<div class=\"auto-hide-last-sibling-br paragraph_1252f paragraph-element\"><strong>RFID \u00c7ipi<\/strong>: G\u00f6m\u00fcl\u00fc NXP U CODE 9 \u00e7ipi y\u00fcksek performans ve g\u00fcvenilir i\u015flevsellik sa\u011flar. Bu mikro\u00e7ip uzun mesafeli veri iletimini kolayla\u015ft\u0131r\u0131r ve \u00fcr\u00fcn bilgilerini depolamak i\u00e7in geni\u015f bir bellek kapasitesine sahiptir.<\/div>\n<\/li>\n<li>\n<div class=\"auto-hide-last-sibling-br paragraph_1252f paragraph-element\"><strong>Dayan\u0131kl\u0131l\u0131k<\/strong>: Yumu\u015fak ve esnek tekstil yap\u0131s\u0131na ra\u011fmen, bu RFID \u00e7ama\u015f\u0131r etiketi zorlu y\u0131kama, \u00fct\u00fcleme ve presleme i\u015flemlerine dayanacak \u015fekilde tasarlanm\u0131\u015ft\u0131r. Tekrarlayan end\u00fcstriyel \u00e7ama\u015f\u0131r d\u00f6ng\u00fclerine ra\u011fmen b\u00fct\u00fcnl\u00fc\u011f\u00fcn\u00fc ve i\u015flevini koruyarak suya, \u0131s\u0131ya ve bas\u0131nca dayanabilir.<\/div>\n<\/li>\n<li>\n<div class=\"auto-hide-last-sibling-br paragraph_1252f paragraph-element\"><strong>Yeterlik<\/strong>: NXP U CODE 9 \u00e7ip teknolojisi, toplu okuma senaryolar\u0131nda bile etiketin h\u0131zl\u0131 ve do\u011fru bir \u015fekilde taranmas\u0131n\u0131 sa\u011flar. Bu, h\u0131zl\u0131 i\u015fleme, operasyon s\u00fcresinin azalt\u0131lmas\u0131 ve tekstil y\u00f6netiminde \u00fcretkenli\u011fin art\u0131r\u0131lmas\u0131yla sonu\u00e7lan\u0131r.<\/div>\n<\/li>\n<li>\n<div class=\"auto-hide-last-sibling-br paragraph_1252f paragraph-element\"><strong>Ba\u015fvuru<\/strong>: \u00d6ncelikle, bu RFID etiketleri hizmete girmeden \u00f6nce tekstillere dikilir veya \u0131s\u0131yla kapat\u0131l\u0131r. Bir kez tak\u0131ld\u0131\u011f\u0131nda, bu etiketlerin sa\u011flad\u0131\u011f\u0131 kablosuz izleme yetene\u011fi sayesinde otomatik envanter y\u00f6netimi, s\u00fcre\u00e7 kontrol\u00fc ve kay\u0131p \u00f6nleme kolayl\u0131kla sa\u011flanabilir.<\/div>\n<\/li>\n<\/ol>\n<div class=\"auto-hide-last-sibling-br paragraph_1252f paragraph-element\">\u0130zlenebilirli\u011fin tekstil end\u00fcstrisinde neden \u00f6nemli bir rol oynad\u0131\u011f\u0131. \u0130\u015fte vurgulanmas\u0131 gereken temel noktalar\u0131n bir \u00f6zeti:<\/div>\n<div><\/div>\n<ol class=\"auto-hide-last-sibling-br\">\n<li>\n<div class=\"auto-hide-last-sibling-br paragraph_1252f paragraph-element\">Kalite Kontrol\u00fc: \u00dcreticilerin tekstil \u00fcr\u00fcnlerinin kalitesini \u00fcretim s\u00fcrecinin her a\u015famas\u0131nda denetlemelerine olanak tan\u0131yan izlenebilirlik, kalite sorunlar\u0131n\u0131n erken tespit edilmesini ve d\u00fczeltilmesini sa\u011flar.<\/div>\n<\/li>\n<li>\n<div class=\"auto-hide-last-sibling-br paragraph_1252f paragraph-element\">\u00dcr\u00fcn G\u00fcvenli\u011fi: \u0130zlenebilirlik, \u00fcreticilerin zararl\u0131 kimyasallar veya kusurlar olmas\u0131 durumunda \u00fcr\u00fcnleri h\u0131zla tespit edip raflardan \u00e7ekmelerine olanak tan\u0131yarak tekstil \u00fcr\u00fcnlerinin g\u00fcvenli\u011fini garanti alt\u0131na al\u0131r.<\/div>\n<\/li>\n<li>\n<div class=\"auto-hide-last-sibling-br paragraph_1252f paragraph-element\">Mevzuata Uygunluk: Tekstille ilgili kat\u0131 d\u00fczenlemelere uyum, izlenebilirlik sayesinde sa\u011flanabilir; bu, \u00fcreticilerin yasal sorunlarla kar\u015f\u0131la\u015fmas\u0131n\u0131 ve itibarlar\u0131n\u0131n zedelenmesini \u00f6nler.<\/div>\n<\/li>\n<li>\n<div class=\"auto-hide-last-sibling-br paragraph_1252f paragraph-element\">Tedarik Zinciri \u015eeffafl\u0131\u011f\u0131: G\u00fcn\u00fcm\u00fczde t\u00fcketiciler, \u00fcr\u00fcnlerinin k\u00f6keni, \u00fcretim s\u00fcreci ve etik ve s\u00fcrd\u00fcr\u00fclebilir uygulamalar\u0131n korunup korunmad\u0131\u011f\u0131 konusunda \u015feffafl\u0131k talep ediyor. \u0130zlenebilirlik tam da bu talebi kar\u015f\u0131l\u0131yor.<\/div>\n<\/li>\n<li>\n<div class=\"auto-hide-last-sibling-br paragraph_1252f paragraph-element\">S\u00fcrd\u00fcr\u00fclebilirlik ve \u00c7evre Dostu: Tekstil end\u00fcstrisi daha s\u00fcrd\u00fcr\u00fclebilir hale gelmek ve \u00e7evresel hasar\u0131 s\u0131n\u0131rlamak i\u00e7in \u00f6nemli bir bask\u0131yla kar\u015f\u0131 kar\u015f\u0131yad\u0131r. \u0130zlenebilirlik, \u00fcreticilerin malzemelerin k\u00f6kenini takip etmelerine ve \u00fcretim s\u00fcre\u00e7lerinin \u00e7evresel etkisini de\u011ferlendirmelerine yard\u0131mc\u0131 olur. Bu, at\u0131\u011f\u0131 en aza indirmeye ve daha ye\u015fil uygulamalar\u0131 dahil etmeye yard\u0131mc\u0131 olabilir.<\/div>\n<\/li>\n<li>\n<div class=\"auto-hide-last-sibling-br paragraph_1252f paragraph-element\">Sahtecili\u011fin \u00d6nlenmesi: \u0130zlenebilirlik, \u00fcr\u00fcn\u00fcn orijinalli\u011fini do\u011frulamada, dolay\u0131s\u0131yla sahtecili\u011fi \u00f6nlemede ve markan\u0131n itibar\u0131n\u0131 korumada \u00f6nemli bir rol oynar.<\/div>\n<\/li>\n<li>\n<div class=\"auto-hide-last-sibling-br paragraph_1252f paragraph-element\">Verimli Geri \u00c7a\u011f\u0131rma Y\u00f6netimi: \u0130zlenebilirlik, \u00fcreticilerin g\u00fcvenlik veya kalite endi\u015feleri nedeniyle \u00fcr\u00fcn geri \u00e7a\u011f\u0131rmalar\u0131 durumunda etkilenen \u00fcr\u00fcnleri ve t\u00fcketicileri h\u0131zla belirlemesini sa\u011flar. Bu, \u00fcr\u00fcn geri \u00e7a\u011f\u0131rmalar\u0131n\u0131n kapsam\u0131n\u0131 ve etkisini s\u0131n\u0131rlar.<\/div>\n<\/li>\n<li>\n<div class=\"auto-hide-last-sibling-br paragraph_1252f paragraph-element\">Maliyet Azaltma: \u0130zlenebilirlik sistemleri, \u00fcretim s\u00fcrecindeki verimsizlikleri belirleyerek maliyet azalt\u0131m\u0131na yard\u0131mc\u0131 olur. \u00dcreticilerin malzemeleri ve s\u00fcre\u00e7leri izlemesine, operasyonlar\u0131 optimize etmesine ve at\u0131klar\u0131 azaltmas\u0131na olanak tan\u0131r.<\/div>\n<\/li>\n<li>\n<div class=\"auto-hide-last-sibling-br paragraph_1252f paragraph-element\">Marka \u0130tibar\u0131: \u0130zlenebilirlik ve \u015feffafl\u0131k, t\u00fcketici g\u00fcvenini te\u015fvik ederek bir markan\u0131n imaj\u0131n\u0131 \u00f6nemli \u00f6l\u00e7\u00fcde art\u0131rabilir.<\/div>\n<\/li>\n<li>\n<div class=\"auto-hide-last-sibling-br paragraph_1252f paragraph-element\">Risk Y\u00f6netimi: \u0130zlenebilirlik, tedarik zinciri kesintileri, kalite sorunlar\u0131 veya \u00fcr\u00fcn geri \u00e7a\u011f\u0131rmalar\u0131yla ilgili risklerin \u00f6nceden y\u00f6netilmesini kolayla\u015ft\u0131r\u0131r ve kriz durumunda olas\u0131 mali ve itibar zarar\u0131n\u0131 azalt\u0131r.<\/div>\n<\/li>\n<\/ol>\n<div class=\"auto-hide-last-sibling-br paragraph_1252f paragraph-element\">A\u00e7\u0131k\u00e7a g\u00f6r\u00fcl\u00fcyor ki, tekstil end\u00fcstrisinde izlenebilirli\u011fin muazzam faydalar\u0131 var. Sadece operasyonel verimlili\u011fi art\u0131rmakla kalm\u0131yor, ayn\u0131 zamanda t\u00fcketicilerin g\u00fcvenlik, kalite ve etik kaynak sa\u011flama beklentilerini de kar\u015f\u0131l\u0131yor.<\/div>","protected":false},"excerpt":{"rendered":"<p>Dayan\u0131kl\u0131 RFID keten etiketleri: esnek, sa\u011flam, uzun okuma aral\u0131\u011f\u0131na sahip. 200 y\u0131kama garantili, dikmeye, \u0131s\u0131yla kapatmaya veya asmaya uygundur. \u00c7ama\u015f\u0131rhane kullan\u0131m\u0131 i\u00e7in idealdir.<\/p>","protected":false},"featured_media":39,"template":"","meta":{"_kad_post_transparent":"default","_kad_post_title":"","_kad_post_layout":"default","_kad_post_sidebar_id":"","_kad_post_content_style":"default","_kad_post_vertical_padding":"default","_kad_post_feature":"","_kad_post_feature_position":"","_kad_post_header":false,"_kad_post_footer":false,"_kad_post_classname":""},"product_brand":[],"product_cat":[19,16],"product_tag":[22,24,25,23],"class_list":{"0":"post-37","1":"product","2":"type-product","3":"status-publish","4":"has-post-thumbnail","6":"product_cat-textile-rfid-laundry-tag","7":"product_cat-uhf-rfid-laundry-tags","8":"product_tag-laundry-rfid-linen-tags","9":"product_tag-laundry-rfid-tags","10":"product_tag-rfid-laundrytags","11":"product_tag-rfid-linen-tags","13":"first","14":"instock","15":"shipping-taxable","16":"product-type-simple","17":"entry","18":"content-bg","19":"loop-entry"},"_links":{"self":[{"href":"https:\/\/rfid-laundry-tag.com\/tr\/wp-json\/wp\/v2\/product\/37","targetHints":{"allow":["GET"]}}],"collection":[{"href":"https:\/\/rfid-laundry-tag.com\/tr\/wp-json\/wp\/v2\/product"}],"about":[{"href":"https:\/\/rfid-laundry-tag.com\/tr\/wp-json\/wp\/v2\/types\/product"}],"version-history":[{"count":3,"href":"https:\/\/rfid-laundry-tag.com\/tr\/wp-json\/wp\/v2\/product\/37\/revisions"}],"predecessor-version":[{"id":2713,"href":"https:\/\/rfid-laundry-tag.com\/tr\/wp-json\/wp\/v2\/product\/37\/revisions\/2713"}],"wp:featuredmedia":[{"embeddable":true,"href":"https:\/\/rfid-laundry-tag.com\/tr\/wp-json\/wp\/v2\/media\/39"}],"wp:attachment":[{"href":"https:\/\/rfid-laundry-tag.com\/tr\/wp-json\/wp\/v2\/media?parent=37"}],"wp:term":[{"taxonomy":"product_brand","embeddable":true,"href":"https:\/\/rfid-laundry-tag.com\/tr\/wp-json\/wp\/v2\/product_brand?post=37"},{"taxonomy":"product_cat","embeddable":true,"href":"https:\/\/rfid-laundry-tag.com\/tr\/wp-json\/wp\/v2\/product_cat?post=37"},{"taxonomy":"product_tag","embeddable":true,"href":"https:\/\/rfid-laundry-tag.com\/tr\/wp-json\/wp\/v2\/product_tag?post=37"}],"curies":[{"name":"wp","href":"https:\/\/api.w.org\/{rel}","templated":true}]}}