{"id":356,"date":"2024-06-28T11:08:54","date_gmt":"2024-06-28T11:08:54","guid":{"rendered":"https:\/\/rfid-laundry-tag.com\/?post_type=product&#038;p=356"},"modified":"2024-08-14T15:55:26","modified_gmt":"2024-08-14T15:55:26","slug":"rfid-windshield-sticker-for-vehicle-tracking","status":"publish","type":"product","link":"https:\/\/rfid-laundry-tag.com\/tr\/rfid-windshield-sticker-for-vehicle-tracking\/","title":{"rendered":"Ara\u00e7 takibi i\u00e7in RFID \u00d6n Cam Etiketi"},"content":{"rendered":"<h2>Ara\u00e7 takibi i\u00e7in RFID \u00d6n Cam Etiketi<\/h2>\n<div class=\"J_module\">\n<div class=\"ife-detail-decorate-table\">\n<table class=\"all magic-10\">\n<tbody>\n<tr>\n<td colspan=\"1\" rowspan=\"1\">\n<div class=\"magic-11\">\u00c7ip<\/div>\n<\/td>\n<td colspan=\"1\" rowspan=\"1\">\n<div class=\"magic-12\">Uzayl\u0131 H9,H10,U9 vb.<\/div>\n<\/td>\n<\/tr>\n<tr>\n<td colspan=\"1\" rowspan=\"1\">\n<div class=\"magic-11\">S\u0131kl\u0131k<\/div>\n<\/td>\n<td colspan=\"1\" rowspan=\"1\">\n<div class=\"magic-12\">860\uff5e960MHz<\/div>\n<\/td>\n<\/tr>\n<tr>\n<td colspan=\"1\" rowspan=\"1\">\n<div class=\"magic-11\">Malzeme<\/div>\n<\/td>\n<td colspan=\"1\" rowspan=\"1\">\n<div class=\"magic-12\">Kaplamal\u0131 Ka\u011f\u0131t\/PET\/Sentetik ka\u011f\u0131t\/Termal ka\u011f\u0131t\/\u00f6zelle\u015ftirme<\/div>\n<\/td>\n<\/tr>\n<tr>\n<td colspan=\"1\" rowspan=\"1\">\n<div class=\"magic-11\">\u00c7al\u0131\u015fma Modu<\/div>\n<\/td>\n<td colspan=\"1\" rowspan=\"1\">\n<div class=\"magic-12\">Pasif<\/div>\n<\/td>\n<\/tr>\n<tr>\n<td colspan=\"1\" rowspan=\"1\">\n<div class=\"magic-11\">IC Ya\u015fam<\/div>\n<\/td>\n<td colspan=\"1\" rowspan=\"1\">\n<div class=\"magic-12\">100.000 Programlama d\u00f6ng\u00fcs\u00fc, 10 y\u0131l veri saklama<\/div>\n<\/td>\n<\/tr>\n<tr>\n<td colspan=\"1\" rowspan=\"1\">\n<div class=\"magic-11\">\u00c7al\u0131\u015fma s\u0131cakl\u0131\u011f\u0131\/nem<\/div>\n<\/td>\n<td colspan=\"1\" rowspan=\"1\">\n<div class=\"magic-12\">-25~50\u2103\/20%~80% Ba\u011f\u0131l Nem<\/div>\n<\/td>\n<\/tr>\n<tr>\n<td colspan=\"1\" rowspan=\"1\">\n<div class=\"magic-11\">Depolama s\u0131cakl\u0131\u011f\u0131\/nem oran\u0131<\/div>\n<\/td>\n<td colspan=\"1\" rowspan=\"1\">\n<div class=\"magic-12\">+23\u00b0C\u00b15\u00b0C\/ 50%\u00b110% RH(Yo\u011fu\u015fmas\u0131z).<\/div>\n<\/td>\n<\/tr>\n<tr>\n<td colspan=\"1\" rowspan=\"1\">\n<div class=\"magic-11\">Anten<\/div>\n<\/td>\n<td colspan=\"1\" rowspan=\"1\">\n<div class=\"magic-12\">Al\u00fcminyum A\u015f\u0131nd\u0131rma, 94.8*8.1mm<\/div>\n<\/td>\n<\/tr>\n<tr>\n<td colspan=\"1\" rowspan=\"1\">\n<div class=\"magic-11\">Islak kakma\/Etiket Boyutu<\/div>\n<\/td>\n<td colspan=\"1\" rowspan=\"1\">\n<div class=\"magic-12\">98*15mm veya \u00f6zelle\u015ftirme<\/div>\n<\/td>\n<\/tr>\n<tr>\n<td colspan=\"1\" rowspan=\"1\">\n<div class=\"magic-11\">Bask\u0131<\/div>\n<\/td>\n<td colspan=\"1\" rowspan=\"1\">\n<div class=\"magic-12\">Tam Renkli Bask\u0131, Logo, Barkod, QR kodu vb.<\/div>\n<\/td>\n<\/tr>\n<tr>\n<td colspan=\"1\" rowspan=\"1\">\n<div class=\"magic-11\">\u00d6rnek<\/div>\n<\/td>\n<td colspan=\"1\" rowspan=\"1\">\n<div class=\"magic-12\">Kalite testiniz i\u00e7in numune \u00fccretsizdir<\/div>\n<\/td>\n<\/tr>\n<tr>\n<td colspan=\"1\" rowspan=\"1\">\n<div class=\"magic-11\">Protokol<\/div>\n<\/td>\n<td colspan=\"1\" rowspan=\"1\">\n<div class=\"magic-12\">ISO\/IEC 18000-6C EPC S\u0131n\u0131f 1 Gen2<\/div>\n<\/td>\n<\/tr>\n<tr>\n<td colspan=\"1\" rowspan=\"1\">\n<div class=\"magic-11\">Ambalajlama<\/div>\n<\/td>\n<td colspan=\"1\" rowspan=\"1\">\n<div class=\"magic-12\">1000-5000 adet\/rulo, 4 rulo\/karton<\/div>\n<\/td>\n<\/tr>\n<tr>\n<td colspan=\"1\" rowspan=\"1\">\n<div class=\"magic-11\">Men\u015fe yeri<\/div>\n<\/td>\n<td colspan=\"1\" rowspan=\"1\">\n<div class=\"magic-12\">Chengdu, \u00c7in<\/div>\n<\/td>\n<\/tr>\n<tr>\n<td colspan=\"1\" rowspan=\"4\">\n<div class=\"magic-11\">Uygulama\/\u00c7\u00f6z\u00fcm<\/div>\n<\/td>\n<td colspan=\"1\" rowspan=\"1\">\n<div class=\"magic-12\">G\u00fcvenli Giri\u015f Kontrol\u00fc\/Nakitsiz \u00d6deme \u00dcyelik ve sadakat programlar\u0131<\/div>\n<\/td>\n<\/tr>\n<tr>\n<td colspan=\"1\" rowspan=\"1\">\n<div class=\"magic-12\" data-spm-anchor-id=\"a2700.details.0.i80.59c943e8HVzkHD\">Etkinlik Eri\u015fimi ve Markalama\/Sosyal Medya\/Perakende<\/div>\n<\/td>\n<\/tr>\n<tr>\n<td colspan=\"1\" rowspan=\"1\">\n<div class=\"magic-12\">\u00c7evre\/Oyunlar ve Oyuncaklar Konum\/Elektronik\/Ticari Fuarlar<\/div>\n<\/td>\n<\/tr>\n<tr>\n<td colspan=\"1\" rowspan=\"1\">\n<div class=\"magic-12\">Etkinlikler\/\u00c7a\u011fr\u0131 talebi\/Kartvizitler<\/div>\n<\/td>\n<\/tr>\n<\/tbody>\n<\/table>\n<p>&nbsp;<\/p>\n<\/div>\n<\/div>\n<div class=\"J_module\">\n<div class=\"auto-hide-last-sibling-br paragraph_9dc5f paragraph-element\">\n<p><strong>RFID \u00f6n cam etiketlerinin uygulamalar\u0131 \u015funlar\u0131 i\u00e7erir:<\/strong><\/p>\n<ol>\n<li><strong>Ara\u00e7 Eri\u015fim Kontrol\u00fc<\/strong>:RFID \u00f6n cam etiketleri, otoparklarda, kapal\u0131 sitelerde, gi\u015felerde ve di\u011fer kontroll\u00fc eri\u015fim alanlar\u0131nda otomatik giri\u015f ve \u00e7\u0131k\u0131\u015f i\u00e7in kullan\u0131labilir.<\/li>\n<li><strong>Ara\u00e7 Takibi<\/strong>:RFID \u00f6n cam etiketleri, ara\u00e7 kiralama acenteleri veya otoparklar gibi tesislerdeki ara\u00e7lar\u0131n takibi ve y\u00f6netimi i\u00e7in kullan\u0131labilir.<\/li>\n<li><strong>Elektronik \u00dccret Toplama<\/strong>: RFID \u00f6n cam etiketleri, elektronik gi\u015fe toplama sistemlerinde kullan\u0131labilir ve ara\u00e7lar\u0131n nakit \u00f6deme yapmaya gerek kalmadan gi\u015felerden h\u0131zl\u0131 ve etkili bir \u015fekilde ge\u00e7mesini sa\u011flar.<\/li>\n<li><strong>Filo Y\u00f6netimi<\/strong>:RFID \u00f6n cam etiketleri, ara\u00e7 filolar\u0131n\u0131 izlemek ve y\u00f6netmek i\u00e7in kullan\u0131labilir; bu sayede \u015firketler operasyonlar\u0131n\u0131 izleyebilir ve optimize edebilir.<\/li>\n<li><strong>Otopark Y\u00f6netimi<\/strong>:RFID \u00f6n cam etiketleri, otoparklarda veya yap\u0131larda park yerlerini izlemek ve y\u00f6netmek i\u00e7in kullan\u0131labilir ve mevcut park yerleri hakk\u0131nda ger\u00e7ek zamanl\u0131 bilgi sa\u011flar.<\/li>\n<li><strong>Ara\u00e7 Tan\u0131mlama<\/strong>:RFID \u00f6n cam etiketleri, h\u0131zl\u0131 ve do\u011fru tan\u0131mlaman\u0131n gerekli oldu\u011fu etkinliklerde, yar\u0131\u015flarda veya di\u011fer durumlarda ara\u00e7 tan\u0131mlama amac\u0131yla kullan\u0131labilir.<\/li>\n<\/ol>\n<p>Genel olarak, RFID \u00f6n cam etiketleri, \u00e7e\u015fitli uygulamalarda ara\u00e7lar\u0131 izlemek ve y\u00f6netmek i\u00e7in kullan\u0131\u015fl\u0131 ve etkili bir yol sunarak, ara\u00e7la ilgili s\u00fcre\u00e7lerde geli\u015fmi\u015f g\u00fcvenlik, kolayl\u0131k ve otomasyon sa\u011flar.<\/p>\n<\/div>\n<div><\/div>\n<div class=\"auto-hide-last-sibling-br paragraph_9dc5f paragraph-element\"><\/div>\n<div><\/div>\n<\/div>\n<div><\/div>\n<div><strong>Neden Bizi Se\u00e7melisiniz?<\/strong><\/div>\n<div><\/div>\n<div>11 y\u0131l\u0131 a\u015fk\u0131n deneyime sahip \u00f6nde gelen RFID teknolojisi sa\u011flay\u0131c\u0131s\u0131y\u0131z, sekt\u00f6r lideri \u00fcr\u00fcnler, \u00e7\u00f6z\u00fcmler ve teknolojilerle m\u00fc\u015fterilerin k\u00fcresel tedarik zincirlerine geli\u015fmi\u015f verimlilik, g\u00fcvenilirlik ve do\u011fruluk getiriyoruz. K\u00fcresel D\u00fczeyde bir \u00fcretici olarak, m\u00fc\u015fterilere eri\u015fim kontrol\u00fc, hayvan etiketleme, yak\u0131n alan ileti\u015fimi (NFC), \u00e7e\u015fitli RFID okuyucular\u0131 ve \u00e7\u00f6z\u00fcmleri dahil olmak \u00fczere temel teknolojilerden olu\u015fan bir platform sunuyoruz. \u00c7\u00f6z\u00fcmlerimiz, geli\u015fmi\u015f analitiklerle son derece yap\u0131land\u0131r\u0131labilir uygulama \u00e7er\u00e7eveleri ve zarif kullan\u0131c\u0131 aray\u00fczleri sunarak birden fazla sekt\u00f6rde u\u00e7tan uca i\u015f zekas\u0131 ve veri g\u00f6r\u00fcn\u00fcrl\u00fc\u011f\u00fc sa\u011fl\u0131yor.<\/div>","protected":false},"excerpt":{"rendered":"<p>RFID \u00f6n cam etiketleri, \u00e7e\u015fitli izleme ve tan\u0131mlama ama\u00e7lar\u0131 i\u00e7in bir arac\u0131n \u00f6n cam\u0131na yap\u0131\u015ft\u0131r\u0131lmak \u00fczere tasarlanm\u0131\u015f RFID etiketleridir.<\/p>","protected":false},"featured_media":357,"template":"","meta":{"_kad_post_transparent":"default","_kad_post_title":"","_kad_post_layout":"default","_kad_post_sidebar_id":"","_kad_post_content_style":"default","_kad_post_vertical_padding":"default","_kad_post_feature":"","_kad_post_feature_position":"","_kad_post_header":false,"_kad_post_footer":false,"_kad_post_classname":""},"product_brand":[],"product_cat":[54],"product_tag":[157,98],"class_list":{"0":"post-356","1":"product","2":"type-product","3":"status-publish","4":"has-post-thumbnail","6":"product_cat-hot-selling-rfid-tags","7":"product_tag-rfid-windshield-sticker-for-vehicle-tracking","8":"product_tag-uhf-rfid-label","10":"first","11":"instock","12":"shipping-taxable","13":"product-type-simple","14":"entry","15":"content-bg","16":"loop-entry"},"_links":{"self":[{"href":"https:\/\/rfid-laundry-tag.com\/tr\/wp-json\/wp\/v2\/product\/356","targetHints":{"allow":["GET"]}}],"collection":[{"href":"https:\/\/rfid-laundry-tag.com\/tr\/wp-json\/wp\/v2\/product"}],"about":[{"href":"https:\/\/rfid-laundry-tag.com\/tr\/wp-json\/wp\/v2\/types\/product"}],"version-history":[{"count":1,"href":"https:\/\/rfid-laundry-tag.com\/tr\/wp-json\/wp\/v2\/product\/356\/revisions"}],"predecessor-version":[{"id":1306,"href":"https:\/\/rfid-laundry-tag.com\/tr\/wp-json\/wp\/v2\/product\/356\/revisions\/1306"}],"wp:featuredmedia":[{"embeddable":true,"href":"https:\/\/rfid-laundry-tag.com\/tr\/wp-json\/wp\/v2\/media\/357"}],"wp:attachment":[{"href":"https:\/\/rfid-laundry-tag.com\/tr\/wp-json\/wp\/v2\/media?parent=356"}],"wp:term":[{"taxonomy":"product_brand","embeddable":true,"href":"https:\/\/rfid-laundry-tag.com\/tr\/wp-json\/wp\/v2\/product_brand?post=356"},{"taxonomy":"product_cat","embeddable":true,"href":"https:\/\/rfid-laundry-tag.com\/tr\/wp-json\/wp\/v2\/product_cat?post=356"},{"taxonomy":"product_tag","embeddable":true,"href":"https:\/\/rfid-laundry-tag.com\/tr\/wp-json\/wp\/v2\/product_tag?post=356"}],"curies":[{"name":"wp","href":"https:\/\/api.w.org\/{rel}","templated":true}]}}