{"id":352,"date":"2024-06-28T10:26:38","date_gmt":"2024-06-28T10:26:38","guid":{"rendered":"https:\/\/rfid-laundry-tag.com\/?post_type=product&#038;p=352"},"modified":"2024-06-28T10:52:24","modified_gmt":"2024-06-28T10:52:24","slug":"custom-paper-nfc-sticker-ntag213","status":"publish","type":"product","link":"https:\/\/rfid-laundry-tag.com\/tr\/custom-paper-nfc-sticker-ntag213\/","title":{"rendered":"\u00d6zel Ka\u011f\u0131t NFC \u00e7\u0131kartmas\u0131 Ntag213"},"content":{"rendered":"<div>\n<div><strong>NXP NTAG213 ile NFC \u00e7\u0131kartmalar\u0131<\/strong> yongalar pazarlama, eri\u015fim kontrol\u00fc ve \u00fcr\u00fcn do\u011frulamas\u0131 gibi \u00e7e\u015fitli uygulamalar i\u00e7in pop\u00fclerdir. Kaplama, \u015fekil, boyut ve bask\u0131 i\u00e7in \u00f6zelle\u015ftirilebilir se\u00e7enekler, bunlar\u0131 farkl\u0131 ihtiya\u00e7lar i\u00e7in \u00e7ok y\u00f6nl\u00fc hale getirir.<\/div>\n<\/div>\n<div>\u00c7ip ve anten, ekstra dayan\u0131kl\u0131l\u0131k ve suya k\u0131sa s\u00fcreli maruz kalmaya kar\u015f\u0131 diren\u00e7 i\u00e7in beyaz ka\u011f\u0131t veya su ge\u00e7irmez plastikten olu\u015fan bir y\u00fczey tabakas\u0131n\u0131n alt\u0131nda y\u00fczleri yukar\u0131 bakacak \u015fekildedir. NFC etiketinin arkas\u0131nda d\u00fcz metal olmayan y\u00fczeylere montaj i\u00e7in bir yap\u0131\u015fkan katman se\u00e7ene\u011fi vard\u0131r.<\/div>\n<div>\n<div><\/div>\n<div><\/div>\n<div class=\"auto-hide-last-sibling-br paragraph_9dc5f paragraph-element\">NTAG213 \u00e7ipi a\u015fa\u011f\u0131daki gibi \u00e7e\u015fitli avantajlar sunmaktad\u0131r:<\/div>\n<ul class=\"auto-hide-last-sibling-br\">\n<li>Temass\u0131z enerji ve veri transferi<\/li>\n<li>H\u0131zl\u0131 okuma yetene\u011fi<\/li>\n<li>Geli\u015fmi\u015f RF performans\u0131<\/li>\n<li>Parola korumas\u0131 ve \u00e7arp\u0131\u015fma \u00f6nleme i\u015flevleri de dahil olmak \u00fczere g\u00fcvenlik \u00f6zellikleri<\/li>\n<li>NFC Forum Etiket Tip 2&#039;nin \u00f6zelliklerine tam uyum<\/li>\n<\/ul>\n<\/div>\n<div>\n<table class=\"all magic-9\">\n<tbody>\n<tr>\n<td colspan=\"1\" rowspan=\"1\">\n<div class=\"magic-10\">Malzeme<\/div>\n<\/td>\n<td colspan=\"1\" rowspan=\"1\">\n<div class=\"magic-11\" data-spm-anchor-id=\"a2700.details.0.i85.504d267eS1Hb6u\">PET, PVC, ku\u015fe ka\u011f\u0131t vb.<\/div>\n<\/td>\n<\/tr>\n<tr>\n<td colspan=\"1\" rowspan=\"1\">\n<div class=\"magic-10\">\u00c7ip<\/div>\n<\/td>\n<td colspan=\"1\" rowspan=\"1\">\n<div class=\"magic-11\">Ntag213\/Ntag215\/Ntag216 vb.<\/div>\n<\/td>\n<\/tr>\n<tr>\n<td colspan=\"1\" rowspan=\"1\">\n<div class=\"magic-10\">S\u0131kl\u0131k<\/div>\n<\/td>\n<td colspan=\"1\" rowspan=\"1\">\n<div class=\"magic-11\">13.56MHz<\/div>\n<\/td>\n<\/tr>\n<tr>\n<td colspan=\"1\" rowspan=\"1\">\n<div class=\"magic-10\">Protokol<\/div>\n<\/td>\n<td colspan=\"1\" rowspan=\"1\">\n<div class=\"magic-11\">ISO 14443A<\/div>\n<\/td>\n<\/tr>\n<tr>\n<td colspan=\"1\" rowspan=\"1\">\n<div class=\"magic-10\">Boyut<\/div>\n<\/td>\n<td colspan=\"1\" rowspan=\"1\">\n<div class=\"magic-11\">\u00c7ap 25, 30, 35mm veya \u00f6zelle\u015ftirilmi\u015f boyut<\/div>\n<\/td>\n<\/tr>\n<tr>\n<td colspan=\"1\" rowspan=\"1\">\n<div class=\"magic-10\">\u00d6zellik<\/div>\n<\/td>\n<td colspan=\"1\" rowspan=\"1\">\n<div class=\"magic-11\">Su ge\u00e7irmez, dayan\u0131kl\u0131, \u00f6zelle\u015ftirilmi\u015f bask\u0131<\/div>\n<\/td>\n<\/tr>\n<tr>\n<td colspan=\"1\" rowspan=\"1\">\n<div class=\"magic-10\">\u00d6rnek<\/div>\n<\/td>\n<td colspan=\"1\" rowspan=\"1\">\n<div class=\"magic-11\">\u00fccretsiz mevcut<\/div>\n<\/td>\n<\/tr>\n<tr>\n<td colspan=\"1\" rowspan=\"1\">\n<div class=\"magic-10\">Okuma mesafesi<\/div>\n<\/td>\n<td colspan=\"1\" rowspan=\"1\">\n<div class=\"magic-11\" data-spm-anchor-id=\"a2700.details.0.i84.504d267eS1Hb6u\">0-10cm<\/div>\n<\/td>\n<\/tr>\n<\/tbody>\n<\/table>\n<\/div>\n<div><\/div>\n<div>\n<p>Ntag213 teknolojisini kullanan \u00f6zel ka\u011f\u0131t NFC etiketleri hakk\u0131nda s\u0131k sorulan baz\u0131 sorular:<\/p>\n<ol>\n<li>NFC etiketi nedir?\n<ul>\n<li>NFC etiketi, i\u00e7ine g\u00f6m\u00fcl\u00fc NXP NTAG213 gibi bir NFC (Yak\u0131n Alan \u0130leti\u015fimi) \u00e7ipi i\u00e7eren k\u00fc\u00e7\u00fck bir yap\u0131\u015fkan etikettir. Bu etiketler, \u00e7e\u015fitli eylemleri tetiklemek veya bilgi iletmek i\u00e7in NFC \u00f6zellikli cihazlar taraf\u0131ndan taranabilir.<\/li>\n<\/ul>\n<\/li>\n<li>\u00d6zel ka\u011f\u0131t NFC etiketleri nas\u0131l kullan\u0131labilir?\n<ul>\n<li>\u00d6zel ka\u011f\u0131t NFC etiketleri, takip y\u00f6netimi, fabrikalar, depolar, oteller, hastaneler ve e\u011flence parklar\u0131 gibi tesislerde eri\u015fim kontrol\u00fc, perakende uygulamalar\u0131, reklamc\u0131l\u0131k, \u00fcr\u00fcn kimlik do\u011frulamas\u0131 ve e-biletleme dahil olmak \u00fczere \u00e7e\u015fitli ama\u00e7lar i\u00e7in kullan\u0131labilir.<\/li>\n<\/ul>\n<\/li>\n<li>Ka\u011f\u0131t NFC etiketleri i\u00e7in hangi \u00f6zelle\u015ftirme se\u00e7enekleri mevcuttur?\n<ul>\n<li>\u00d6zel ka\u011f\u0131t NFC etiketleri, \u00e7e\u015fitli \u015fekil ve boyutlarda parlak veya mat y\u00fczey se\u00e7ene\u011fiyle bas\u0131labilir. Bunlara CMYK ve siyah renklerde logolar, harfler, say\u0131lar ve barkodlar eklenebilir. Ayr\u0131ca, arkadaki yap\u0131\u015fkan katman d\u00fcz metal olmayan y\u00fczeylere kolayca monte edilmesini sa\u011flar.<\/li>\n<\/ul>\n<\/li>\n<li>Ka\u011f\u0131t NFC etiketleri dayan\u0131kl\u0131 m\u0131d\u0131r?\n<ul>\n<li>Ntag213 \u00e7ipli ka\u011f\u0131t NFC etiketleri, NFC \u00e7ipini ve antenini kaplayan koruyucu bir katmanla tasarlanm\u0131\u015ft\u0131r ve suya k\u0131sa s\u00fcreli maruz kalmaya kar\u015f\u0131 ekstra dayan\u0131kl\u0131l\u0131k ve diren\u00e7 sa\u011flar. Daha fazla dayan\u0131kl\u0131l\u0131k i\u00e7in su ge\u00e7irmez plastik se\u00e7enekleri de mevcuttur.<\/li>\n<\/ul>\n<\/li>\n<li>NFC teknolojisinin \u00e7\u0131kartmalarda kullan\u0131lmas\u0131n\u0131n avantaj\u0131 nedir?\n<ul>\n<li>Etiketlerde NFC teknolojisinin kullan\u0131lmas\u0131, NFC \u00f6zellikli cihazlarla rahat ve temass\u0131z etkile\u015fime olanak tan\u0131r. Bu, cihazlar aras\u0131nda fiziksel temasa gerek kalmadan h\u0131zl\u0131 ve kolay bilgi payla\u015f\u0131m\u0131, kimlik do\u011frulama veya eylemlerin tetiklenmesini sa\u011flar.<\/li>\n<\/ul>\n<\/li>\n<\/ol>\n<\/div>\n<div class=\"text-content\">\n<div data-spm-anchor-id=\"a2700.details.0.i46.6f4d7d7dnursE7\"><\/div>\n<\/div>\n<div>\n<div class=\"text-content\">\n<div><\/div>\n<div data-spm-anchor-id=\"a2700.details.0.i48.6f4d7d7dnursE7\"><\/div>\n<\/div>\n<\/div>","protected":false},"excerpt":{"rendered":"<p><strong>\u00d6zel Ka\u011f\u0131t NFC \u00e7\u0131kartmas\u0131 Ntag213<\/strong> NFC Forum Type 2 Etiketi ile uyumlu, 144 bayt kullan\u0131c\u0131 belle\u011fine sahip belirli bir IC t\u00fcr\u00fcd\u00fcr. Perakende, oyun ve t\u00fcketici elektroni\u011fi gibi end\u00fcstrilerdeki \u00e7e\u015fitli uygulamalar i\u00e7in uygun, \u00e7ok y\u00f6nl\u00fcl\u00fck d\u00fc\u015f\u00fcn\u00fclerek tasarlanm\u0131\u015ft\u0131r.<\/p>","protected":false},"featured_media":353,"template":"","meta":{"_kad_post_transparent":"default","_kad_post_title":"","_kad_post_layout":"default","_kad_post_sidebar_id":"","_kad_post_content_style":"default","_kad_post_vertical_padding":"default","_kad_post_feature":"","_kad_post_feature_position":"","_kad_post_header":false,"_kad_post_footer":false,"_kad_post_classname":""},"product_brand":[],"product_cat":[54],"product_tag":[153,154],"class_list":{"0":"post-352","1":"product","2":"type-product","3":"status-publish","4":"has-post-thumbnail","6":"product_cat-hot-selling-rfid-tags","7":"product_tag-custom-paper-nfc-sticker-ntag213","8":"product_tag-nfc-sticker-ntag213","10":"first","11":"instock","12":"shipping-taxable","13":"product-type-simple","14":"entry","15":"content-bg","16":"loop-entry"},"_links":{"self":[{"href":"https:\/\/rfid-laundry-tag.com\/tr\/wp-json\/wp\/v2\/product\/352","targetHints":{"allow":["GET"]}}],"collection":[{"href":"https:\/\/rfid-laundry-tag.com\/tr\/wp-json\/wp\/v2\/product"}],"about":[{"href":"https:\/\/rfid-laundry-tag.com\/tr\/wp-json\/wp\/v2\/types\/product"}],"version-history":[{"count":0,"href":"https:\/\/rfid-laundry-tag.com\/tr\/wp-json\/wp\/v2\/product\/352\/revisions"}],"wp:featuredmedia":[{"embeddable":true,"href":"https:\/\/rfid-laundry-tag.com\/tr\/wp-json\/wp\/v2\/media\/353"}],"wp:attachment":[{"href":"https:\/\/rfid-laundry-tag.com\/tr\/wp-json\/wp\/v2\/media?parent=352"}],"wp:term":[{"taxonomy":"product_brand","embeddable":true,"href":"https:\/\/rfid-laundry-tag.com\/tr\/wp-json\/wp\/v2\/product_brand?post=352"},{"taxonomy":"product_cat","embeddable":true,"href":"https:\/\/rfid-laundry-tag.com\/tr\/wp-json\/wp\/v2\/product_cat?post=352"},{"taxonomy":"product_tag","embeddable":true,"href":"https:\/\/rfid-laundry-tag.com\/tr\/wp-json\/wp\/v2\/product_tag?post=352"}],"curies":[{"name":"wp","href":"https:\/\/api.w.org\/{rel}","templated":true}]}}