{"id":344,"date":"2024-06-28T09:45:28","date_gmt":"2024-06-28T09:45:28","guid":{"rendered":"https:\/\/rfid-laundry-tag.com\/?post_type=product&#038;p=344"},"modified":"2024-06-28T09:50:44","modified_gmt":"2024-06-28T09:50:44","slug":"13-56mhz-rfid-1k-token-coin-tag","status":"publish","type":"product","link":"https:\/\/rfid-laundry-tag.com\/tr\/13-56mhz-rfid-1k-token-coin-tag\/","title":{"rendered":"13.56Mhz RFID 1K jeton para etiketi"},"content":{"rendered":"<p><strong>13.56Mhz RFID 1K jeton para etiketi<\/strong><\/p>\n<p style=\"text-align: left;\">\u00d6nemli Bilgi: Suya dayan\u0131kl\u0131 ve dayan\u0131kl\u0131d\u0131r.<\/p>\n<p style=\"text-align: left;\">Boyut ve logo \u00f6zelle\u015ftirmeleri kabul edilebilir.<\/p>\n<p style=\"text-align: left;\">Bask\u0131: beyaz renk veya \u00f6zel logo<\/p>\n<p style=\"text-align: left;\">Boyut: \u00c7ap 25 mm, 30mm<\/p>\n<p style=\"text-align: left;\">Mini Miktar: 1000 adet<\/p>\n<p style=\"text-align: left;\">\u00c7ipler:RFID 1K vb.<\/p>\n<p style=\"text-align: left;\">Ek \u00d6zellikler: logo, seri numaras\u0131 bask\u0131s\u0131, QR kodu, barkodlar, de\u011fi\u015fken veriler ve serile\u015ftirme vb.<\/p>\n<table border=\"1\" cellspacing=\"0\" cellpadding=\"0\">\n<tbody>\n<tr>\n<td colspan=\"2\">\n<p align=\"left\">\u00d6zellikler<\/p>\n<\/td>\n<\/tr>\n<tr>\n<td>\n<p align=\"left\">Etiket\/\u00e7ip t\u00fcr\u00fc<\/p>\n<\/td>\n<td>\n<p align=\"left\">RFID 1K<\/p>\n<\/td>\n<\/tr>\n<tr>\n<td>\n<p align=\"left\">\u00c7al\u0131\u015fma Frekans\u0131<\/p>\n<\/td>\n<td>\n<p align=\"left\">13,56 MHz<\/p>\n<\/td>\n<\/tr>\n<tr>\n<td>\n<p align=\"left\">Test Edilen Okuma Aral\u0131\u011f\u0131<\/p>\n<\/td>\n<td>\n<p align=\"left\">Okuyucunun sa\u011flad\u0131\u011f\u0131 g\u00fcce ba\u011fl\u0131 olarak 0 \u2013 100 mm<\/p>\n<\/td>\n<\/tr>\n<tr>\n<td>\n<p align=\"left\">\u00c7oklu Alg\u0131lama<\/p>\n<\/td>\n<td>\n<p align=\"left\">Evet<\/p>\n<\/td>\n<\/tr>\n<tr>\n<td>\n<p align=\"left\">Boyut<\/p>\n<\/td>\n<td>\u00c7ap 25mm, \u00c7ap 30mm vb.<\/td>\n<\/tr>\n<tr>\n<td>\n<p align=\"left\">Malzeme<\/p>\n<\/td>\n<td>\n<p align=\"left\">PVC \/ PET \/ Anten vb.<\/p>\n<\/td>\n<\/tr>\n<tr>\n<td>\n<p align=\"left\">Protokol:<\/p>\n<\/td>\n<td>\n<p align=\"left\">ISO14443A<\/p>\n<\/td>\n<\/tr>\n<tr>\n<td>\n<p align=\"left\">\u00c7evresel \u015eartname<\/p>\n<\/td>\n<td>\n<p align=\"left\">Raf \u00d6mr\u00fc 5 Y\u0131l<\/p>\n<p align=\"left\">\u00d6nerilen: -25C ila +50C<\/p>\n<p align=\"left\">Depolama Ko\u015fulu: 20% ila 90%RH<\/p>\n<p align=\"left\">\u00c7al\u0131\u015fma S\u0131cakl\u0131\u011f\u0131: -40C ila +65C<\/p>\n<\/td>\n<\/tr>\n<tr>\n<td>\n<p align=\"left\">Okuma\/Yazma S\u00fcreleri:<\/p>\n<\/td>\n<td>\n<p align=\"left\">100000 kez<\/p>\n<\/td>\n<\/tr>\n<tr>\n<td>\n<p align=\"left\">Ba\u015fvuru:<\/p>\n<\/td>\n<td>\n<p align=\"left\" data-spm-anchor-id=\"a2700.wholesale.0.i54.a0d8206fLph15n\">Toplu Ta\u015f\u0131ma, Eri\u015fim y\u00f6netimi, E-biletler, Lojistik ve tedarik y\u00f6netimi, \u00dcretim imalat\u0131 ve montaj\u0131, \u00d6n cam etiketi, Belge takibi, \u00c7ama\u015f\u0131rhane y\u00f6netimi, K\u00fct\u00fcphane y\u00f6netimi, Hayvan kimli\u011fi vb.<\/p>\n<\/td>\n<\/tr>\n<\/tbody>\n<\/table>\n<p>&nbsp;<\/p>\n<p>Yap\u0131\u015fkanl\u0131 bu RFID NFC jeton etiketi, \u00f6zellikle bahsetti\u011finiz \u00f6zelliklerle sa\u011flam ve g\u00fcvenilir bir \u00fcr\u00fcn gibi g\u00f6r\u00fcn\u00fcyor. Anti-metal malzemelerin, 3M yap\u0131\u015ft\u0131r\u0131c\u0131n\u0131n ve ultrasonik kaynaklaman\u0131n dahil edilmesi, metal y\u00fczeylerdeki performans\u0131n\u0131 art\u0131r\u0131yor ve su ge\u00e7irmezlik ve f\u0131rlatma \u00f6nleme yeteneklerini garantiliyor. Frekans kararl\u0131l\u0131\u011f\u0131 i\u00e7in saf bak\u0131r tel bobin kullan\u0131m\u0131, zorlu ortamlarda bile tutarl\u0131 kart okuma mesafeleri sa\u011flad\u0131\u011f\u0131 i\u00e7in harika bir se\u00e7imdir. Genel olarak, bu teknoloji g\u00fcvenilir ve tutarl\u0131 bir performans sa\u011flamal\u0131 ve zorlu ko\u015fullar i\u00e7in uygun hale getirmelidir.<\/p>\n<p>&nbsp;<\/p>","protected":false},"excerpt":{"rendered":"<p>13.56Mhz RFID 1K jeton para etiketi, k\u00fc\u00e7\u00fck boyutu, kolay kurulumu ve dayan\u0131kl\u0131l\u0131\u011f\u0131 nedeniyle varl\u0131k takibi i\u00e7in sa\u011flam bir se\u00e7imdir. PVC malzeme veya PET malzeme ile, \u00c7ip belle\u011fi 1K Baytt\u0131r.<\/p>","protected":false},"featured_media":345,"template":"","meta":{"_kad_post_transparent":"default","_kad_post_title":"","_kad_post_layout":"default","_kad_post_sidebar_id":"","_kad_post_content_style":"default","_kad_post_vertical_padding":"default","_kad_post_feature":"","_kad_post_feature_position":"","_kad_post_header":false,"_kad_post_footer":false,"_kad_post_classname":""},"product_brand":[],"product_cat":[54],"product_tag":[149,145],"class_list":{"0":"post-344","1":"product","2":"type-product","3":"status-publish","4":"has-post-thumbnail","6":"product_cat-hot-selling-rfid-tags","7":"product_tag-13-56mhz-rfid-1k-token-coin-tag","8":"product_tag-anti-metal-nfc-tag","10":"first","11":"instock","12":"shipping-taxable","13":"product-type-simple","14":"entry","15":"content-bg","16":"loop-entry"},"_links":{"self":[{"href":"https:\/\/rfid-laundry-tag.com\/tr\/wp-json\/wp\/v2\/product\/344","targetHints":{"allow":["GET"]}}],"collection":[{"href":"https:\/\/rfid-laundry-tag.com\/tr\/wp-json\/wp\/v2\/product"}],"about":[{"href":"https:\/\/rfid-laundry-tag.com\/tr\/wp-json\/wp\/v2\/types\/product"}],"version-history":[{"count":0,"href":"https:\/\/rfid-laundry-tag.com\/tr\/wp-json\/wp\/v2\/product\/344\/revisions"}],"wp:featuredmedia":[{"embeddable":true,"href":"https:\/\/rfid-laundry-tag.com\/tr\/wp-json\/wp\/v2\/media\/345"}],"wp:attachment":[{"href":"https:\/\/rfid-laundry-tag.com\/tr\/wp-json\/wp\/v2\/media?parent=344"}],"wp:term":[{"taxonomy":"product_brand","embeddable":true,"href":"https:\/\/rfid-laundry-tag.com\/tr\/wp-json\/wp\/v2\/product_brand?post=344"},{"taxonomy":"product_cat","embeddable":true,"href":"https:\/\/rfid-laundry-tag.com\/tr\/wp-json\/wp\/v2\/product_cat?post=344"},{"taxonomy":"product_tag","embeddable":true,"href":"https:\/\/rfid-laundry-tag.com\/tr\/wp-json\/wp\/v2\/product_tag?post=344"}],"curies":[{"name":"wp","href":"https:\/\/api.w.org\/{rel}","templated":true}]}}