{"id":340,"date":"2024-06-28T08:50:40","date_gmt":"2024-06-28T08:50:40","guid":{"rendered":"https:\/\/rfid-laundry-tag.com\/?post_type=product&#038;p=340"},"modified":"2024-06-28T09:38:53","modified_gmt":"2024-06-28T09:38:53","slug":"iso15693-rfid-disc-nfc-tag","status":"publish","type":"product","link":"https:\/\/rfid-laundry-tag.com\/tr\/iso15693-rfid-disc-nfc-tag\/","title":{"rendered":"ISO15693 RFID Disk NFC Etiketi"},"content":{"rendered":"<p>ISO15693 RFID Disk NFC Etiketi, d\u0131\u015f mekan ko\u015fullar\u0131na dayanacak ve sabit cihazlar taraf\u0131ndan okumada esneklik ve g\u00fcvenilirlik sa\u011flayacak \u015fekilde tasarlanm\u0131\u015ft\u0131r. \u00d6zellikleri aras\u0131nda 3 cm&#039;den fazla okuma mesafesi, d\u0131\u015f mekan kullan\u0131m\u0131 i\u00e7in yeni bir mekanik tasar\u0131m ve y\u00fcksek h\u0131zl\u0131 okuma-yazma yetenekleri bulunur.<\/p>\n<p>ISO15693 RFID Disk NFC Etiketi, ABS malzemeden yap\u0131lm\u0131\u015ft\u0131r ve bu da onu devriye sistemi y\u00f6netimi ve varl\u0131k takibi i\u00e7in uygun hale getirir. Bu teknoloji, depo ve lojistik s\u00fcre\u00e7lerini b\u00fcy\u00fck \u00f6l\u00e7\u00fcde iyile\u015ftirebilir.<\/p>\n<table class=\"all magic-8\">\n<tbody>\n<tr>\n<td colspan=\"1\" rowspan=\"1\">\n<div class=\"magic-9\" data-spm-anchor-id=\"a2700.details.0.i71.50be21afmO5Aid\">\u00c7ip<\/div>\n<\/td>\n<td colspan=\"1\" rowspan=\"1\">\n<div class=\"magic-10\">ICODE SLI X (\u00d6zelle\u015ftirilmi\u015f)<\/div>\n<\/td>\n<\/tr>\n<tr>\n<td colspan=\"1\" rowspan=\"1\">\n<div class=\"magic-9\">Boyutlar<\/div>\n<\/td>\n<td colspan=\"1\" rowspan=\"1\">\n<div class=\"magic-10\" data-spm-anchor-id=\"a2700.details.0.i73.50be21afmO5Aid\">25mm, 30mm, 52mm \u00e7ap (\u00d6zelle\u015ftirilmi\u015f)<\/div>\n<\/td>\n<\/tr>\n<tr>\n<td colspan=\"1\" rowspan=\"1\">\n<div class=\"magic-9\">Kal\u0131nl\u0131k<\/div>\n<\/td>\n<td colspan=\"1\" rowspan=\"1\">\n<div class=\"magic-10\">3mm, Delik boyutu: 5mm \u00e7ap<\/div>\n<\/td>\n<\/tr>\n<tr>\n<td colspan=\"1\" rowspan=\"1\">\n<div class=\"magic-9\">Malzeme<\/div>\n<\/td>\n<td colspan=\"1\" rowspan=\"1\">\n<div class=\"magic-10\">ABS<\/div>\n<\/td>\n<\/tr>\n<tr>\n<td colspan=\"1\" rowspan=\"1\">\n<div class=\"magic-9\">IP derecelendirmesi<\/div>\n<\/td>\n<td colspan=\"1\" rowspan=\"1\">\n<div class=\"magic-10\">IP65<\/div>\n<\/td>\n<\/tr>\n<tr>\n<td colspan=\"1\" rowspan=\"1\">\n<div class=\"magic-9\">Uygulama S\u0131cakl\u0131\u011f\u0131<\/div>\n<\/td>\n<td colspan=\"1\" rowspan=\"1\">\n<div class=\"magic-10\">-40~80\u00b0<\/div>\n<\/td>\n<\/tr>\n<tr>\n<td colspan=\"1\" rowspan=\"1\">\n<div class=\"magic-9\">\u00c7al\u0131\u015fma S\u0131cakl\u0131\u011f\u0131<\/div>\n<\/td>\n<td colspan=\"1\" rowspan=\"1\">\n<div class=\"magic-10\" data-spm-anchor-id=\"a2700.details.0.i72.50be21afmO5Aid\">-40~70\u00b0C<\/div>\n<\/td>\n<\/tr>\n<tr>\n<td colspan=\"1\" rowspan=\"1\">\n<div class=\"magic-9\">Haf\u0131za<\/div>\n<\/td>\n<td colspan=\"1\" rowspan=\"1\">\n<div class=\"magic-10\">1K bit (\u00c7ipe ba\u011fl\u0131)<\/div>\n<\/td>\n<\/tr>\n<tr>\n<td colspan=\"1\" rowspan=\"1\">\n<div class=\"magic-9\">En iyi performansa sahip frekans aral\u0131\u011f\u0131<\/div>\n<\/td>\n<td colspan=\"1\" rowspan=\"1\">\n<div class=\"magic-10\">13.56MHz<\/div>\n<\/td>\n<\/tr>\n<tr>\n<td colspan=\"1\" rowspan=\"1\">\n<div class=\"magic-9\">IC Ya\u015fam<\/div>\n<\/td>\n<td colspan=\"1\" rowspan=\"1\">\n<div class=\"magic-10\">100.000 d\u00f6ng\u00fc yazma dayan\u0131kl\u0131l\u0131\u011f\u0131Tarih tutma<\/div>\n<\/td>\n<\/tr>\n<\/tbody>\n<\/table>","protected":false},"excerpt":{"rendered":"<p>Varl\u0131k y\u00f6netimi i\u00e7in tasarlanm\u0131\u015f ISO15693 RFID Disk NFC Etiketi, devriye sistemi y\u00f6netimi, \u00fcretim, motorlu ta\u015f\u0131t \u00fcretimi, lojistik ve geri d\u00f6n\u00fc\u015ft\u00fcr\u00fclebilir par\u00e7alar gibi \u00e7e\u015fitli uygulamalara uygundur.<\/p>","protected":false},"featured_media":342,"template":"","meta":{"_kad_post_transparent":"default","_kad_post_title":"","_kad_post_layout":"default","_kad_post_sidebar_id":"","_kad_post_content_style":"default","_kad_post_vertical_padding":"default","_kad_post_feature":"","_kad_post_feature_position":"","_kad_post_header":false,"_kad_post_footer":false,"_kad_post_classname":""},"product_brand":[],"product_cat":[54],"product_tag":[148,126],"class_list":{"0":"post-340","1":"product","2":"type-product","3":"status-publish","4":"has-post-thumbnail","6":"product_cat-hot-selling-rfid-tags","7":"product_tag-iso15693-rfid-disc-nfc-tag","8":"product_tag-rfid-patrol-disc-tag","10":"first","11":"instock","12":"shipping-taxable","13":"product-type-simple","14":"entry","15":"content-bg","16":"loop-entry"},"_links":{"self":[{"href":"https:\/\/rfid-laundry-tag.com\/tr\/wp-json\/wp\/v2\/product\/340","targetHints":{"allow":["GET"]}}],"collection":[{"href":"https:\/\/rfid-laundry-tag.com\/tr\/wp-json\/wp\/v2\/product"}],"about":[{"href":"https:\/\/rfid-laundry-tag.com\/tr\/wp-json\/wp\/v2\/types\/product"}],"version-history":[{"count":1,"href":"https:\/\/rfid-laundry-tag.com\/tr\/wp-json\/wp\/v2\/product\/340\/revisions"}],"predecessor-version":[{"id":343,"href":"https:\/\/rfid-laundry-tag.com\/tr\/wp-json\/wp\/v2\/product\/340\/revisions\/343"}],"wp:featuredmedia":[{"embeddable":true,"href":"https:\/\/rfid-laundry-tag.com\/tr\/wp-json\/wp\/v2\/media\/342"}],"wp:attachment":[{"href":"https:\/\/rfid-laundry-tag.com\/tr\/wp-json\/wp\/v2\/media?parent=340"}],"wp:term":[{"taxonomy":"product_brand","embeddable":true,"href":"https:\/\/rfid-laundry-tag.com\/tr\/wp-json\/wp\/v2\/product_brand?post=340"},{"taxonomy":"product_cat","embeddable":true,"href":"https:\/\/rfid-laundry-tag.com\/tr\/wp-json\/wp\/v2\/product_cat?post=340"},{"taxonomy":"product_tag","embeddable":true,"href":"https:\/\/rfid-laundry-tag.com\/tr\/wp-json\/wp\/v2\/product_tag?post=340"}],"curies":[{"name":"wp","href":"https:\/\/api.w.org\/{rel}","templated":true}]}}