{"id":338,"date":"2024-06-28T08:41:45","date_gmt":"2024-06-28T08:41:45","guid":{"rendered":"https:\/\/rfid-laundry-tag.com\/?post_type=product&#038;p=338"},"modified":"2024-07-16T16:20:17","modified_gmt":"2024-07-16T16:20:17","slug":"nxp-mifare-1k-rfid-nfc-inlay-sticker","status":"publish","type":"product","link":"https:\/\/rfid-laundry-tag.com\/tr\/nxp-mifare-1k-rfid-nfc-inlay-sticker\/","title":{"rendered":"NXP Mifare 1k RFID NFC G\u00f6mme Etiket"},"content":{"rendered":"<table class=\"has-title all magic-13\">\n<tbody>\n<tr>\n<td colspan=\"1\" rowspan=\"1\">\n<div class=\"magic-14\" data-spm-anchor-id=\"a2700.details.0.i37.2ec61361oDo4aX\">\u00dcr\u00fcn ad\u0131<\/div>\n<\/td>\n<td colspan=\"1\" rowspan=\"1\">\n<div class=\"magic-15\">NXP Mifare 1k RFID NFC G\u00f6mme Etiket<\/div>\n<\/td>\n<\/tr>\n<tr>\n<td colspan=\"1\" rowspan=\"1\">\n<div class=\"magic-14\">\u00c7ip<\/div>\n<\/td>\n<td colspan=\"1\" rowspan=\"1\">\n<div class=\"magic-15\">MIFARE Klasik\u00ae 1K<\/div>\n<\/td>\n<\/tr>\n<tr>\n<td colspan=\"1\" rowspan=\"1\">\n<div class=\"magic-14\">S\u0131kl\u0131k<\/div>\n<\/td>\n<td colspan=\"1\" rowspan=\"1\">\n<div class=\"magic-15\">13.56MHZ<\/div>\n<\/td>\n<\/tr>\n<tr>\n<td colspan=\"1\" rowspan=\"1\">\n<div class=\"magic-14\">Okuma Mesafesi<\/div>\n<\/td>\n<td colspan=\"1\" rowspan=\"1\">\n<div class=\"magic-15\">1-5 CM<\/div>\n<\/td>\n<\/tr>\n<tr>\n<td colspan=\"1\" rowspan=\"1\">\n<div class=\"magic-14\">Malzeme<\/div>\n<\/td>\n<td colspan=\"1\" rowspan=\"1\">\n<div class=\"magic-15\">Kaplamal\u0131 Ka\u011f\u0131t<\/div>\n<\/td>\n<\/tr>\n<tr>\n<td colspan=\"1\" rowspan=\"1\">\n<div class=\"magic-14\">Alt tabaka<\/div>\n<\/td>\n<td colspan=\"1\" rowspan=\"1\">\n<div class=\"magic-15\">EVDE BESLENEN HAYVAN<\/div>\n<\/td>\n<\/tr>\n<tr>\n<td colspan=\"1\" rowspan=\"1\">\n<div class=\"magic-14\">\u00c7ap 50 mmBoyut<\/div>\n<\/td>\n<td colspan=\"1\" rowspan=\"1\">\n<div class=\"magic-15\">\u00c7ap 25mm veya \u00f6zelle\u015ftirme<\/div>\n<\/td>\n<\/tr>\n<tr>\n<td colspan=\"1\" rowspan=\"1\">\n<div class=\"magic-14\">\u00c7al\u0131\u015fma Modu<\/div>\n<\/td>\n<td colspan=\"1\" rowspan=\"1\">\n<div class=\"magic-15\">Pasif<\/div>\n<\/td>\n<\/tr>\n<tr>\n<td colspan=\"1\" rowspan=\"1\">\n<div class=\"magic-14\">Yazma D\u00f6ng\u00fcleri<\/div>\n<\/td>\n<td colspan=\"1\" rowspan=\"1\">\n<div class=\"magic-15\">100000<\/div>\n<\/td>\n<\/tr>\n<tr>\n<td colspan=\"1\" rowspan=\"1\">\n<div class=\"magic-14\">\u00c7al\u0131\u015fma s\u0131cakl\u0131\u011f\u0131 \/ nem<\/div>\n<\/td>\n<td colspan=\"1\" rowspan=\"1\">\n<div class=\"magic-15\">-40~70\u2103\/20%~90% Ba\u011f\u0131l Nem<\/div>\n<\/td>\n<\/tr>\n<tr>\n<td colspan=\"1\" rowspan=\"1\">\n<div class=\"magic-14\">Depolama s\u0131cakl\u0131\u011f\u0131 \/ nem<\/div>\n<\/td>\n<td colspan=\"1\" rowspan=\"1\">\n<div class=\"magic-15\">-20~50\u2103 \/ 20%~90% RH(Yo\u011fu\u015fmas\u0131z).<\/div>\n<\/td>\n<\/tr>\n<tr>\n<td colspan=\"1\" rowspan=\"1\">\n<div class=\"magic-14\">\u00d6rnek Mevcutlu\u011fu<\/div>\n<\/td>\n<td colspan=\"1\" rowspan=\"1\">\n<div class=\"magic-15\">Talep \u00fczerine \u00fccretsiz numuneler mevcuttur<\/div>\n<\/td>\n<\/tr>\n<tr>\n<td colspan=\"1\" rowspan=\"1\">\n<div class=\"magic-14\">Ambalajlama<\/div>\n<\/td>\n<td colspan=\"1\" rowspan=\"1\">\n<div class=\"magic-15\">1000-5000 adet\/rulo, 4 rulo\/karton<\/div>\n<\/td>\n<\/tr>\n<tr>\n<td colspan=\"1\" rowspan=\"1\">\n<div class=\"magic-14\">\n<p>Ba\u015fvuru<\/p>\n<div><\/div>\n<\/div>\n<\/td>\n<td colspan=\"1\" rowspan=\"1\">\n<div class=\"magic-15\" data-spm-anchor-id=\"a2700.details.0.i47.2ec61361oDo4aX\">G\u00fcvenli Giri\u015f Kontrol\u00fc\/Nakitsiz \u00d6deme \u00dcyelik ve sadakat programlar\u0131 Etkinlik Eri\u015fimi ve Markala\u015fma\/Sosyal Medya\/Perakende<br \/>\n\u00c7evre\/Oyunlar ve Oyuncaklar Konum\/Elektronik\/Ticari Fuarlar\/Etkinlikler\/\u00c7a\u011fr\u0131 talebi\/Kartvizitler<\/div>\n<\/td>\n<\/tr>\n<\/tbody>\n<\/table>\n<p>&nbsp;<\/p>\n<p><strong>NXP<sup>\u00ae<\/sup>\u00a0MIFARE&#039;yi geli\u015ftirdi<sup>\u00ae<\/sup>\u00a0ISO\/IEC 14443 Tip-A&#039;ya g\u00f6re temass\u0131z ak\u0131ll\u0131 kartta kullan\u0131lacak MF1ICS50.<\/strong><\/p>\n<p>MIFARE MF1ICS50 IC, b\u00fcy\u00fck \u015fehirlerin MIFARE&#039;yi e-bilet \u00e7\u00f6z\u00fcm\u00fc olarak benimsedi\u011fi toplu ta\u015f\u0131ma biletlemesi gibi uygulamalarda kullan\u0131l\u0131r.<\/p>\n<p>Ak\u0131ll\u0131 bir \u00e7arp\u0131\u015fma \u00f6nleme i\u015flevi, sahada ayn\u0131 anda birden fazla kart\u0131n \u00e7al\u0131\u015ft\u0131r\u0131lmas\u0131na olanak tan\u0131r. \u00c7arp\u0131\u015fma \u00f6nleme algoritmas\u0131 her kart\u0131 ayr\u0131 ayr\u0131 se\u00e7er ve se\u00e7ilen bir kartla yap\u0131lan i\u015flemin sahadaki di\u011fer kartlardan kaynaklanan veri bozulmas\u0131 olmadan do\u011fru \u015fekilde ger\u00e7ekle\u015ftirilmesini sa\u011flar.<\/p>\n<p>MF1ICS50, basit entegrasyon ve kullan\u0131c\u0131 kolayl\u0131\u011f\u0131 i\u00e7in tasarlanm\u0131\u015ft\u0131r. Bu, t\u00fcm bilet i\u015flemlerinin 100 ms&#039;den daha k\u0131sa s\u00fcrede ger\u00e7ekle\u015ftirilmesine olanak tan\u0131yabilir. B\u00f6ylece, MF1ICS50 kart kullan\u0131c\u0131s\u0131 okuyucuda durmak zorunda kalmaz ve bu da kap\u0131larda y\u00fcksek verim ve otob\u00fcslere bini\u015f s\u00fcrelerinin azalmas\u0131na neden olur. MIFARE \u00fcr\u00fcn tabanl\u0131 kart, i\u00e7inde bozuk para olsa bile i\u015flem s\u0131ras\u0131nda c\u00fczdanda kalabilir.<\/p>\n<p>NXP Mifare 1k RFID NFC etiketli \u00fcr\u00fcnlerle ilgili baz\u0131 genel SSS&#039;ler:<\/p>\n<ol>\n<li>NXP Mifare 1k RFID NFC etiket nedir?<\/li>\n<\/ol>\n<ul>\n<li>Bir i\u00e7 etiket genellikle ince, yap\u0131\u015fkan bir tabakaya yerle\u015ftirilmi\u015f k\u00fc\u00e7\u00fck bir RFID\/NFC \u00e7ipi ve antenden olu\u015fur. NXP Mifare 1k, i\u00e7 etikette kullan\u0131lan belirli \u00e7ip t\u00fcr\u00fcn\u00fc ifade eder.<\/li>\n<\/ul>\n<ol start=\"2\">\n<li>NXP Mifare 1k RFID NFC inlay \u00e7\u0131kartmalar\u0131n\u0131n \u00f6zellikleri nelerdir?<\/li>\n<\/ol>\n<ul>\n<li>NXP Mifare 1k \u00e7ipi, eri\u015fim kontrol\u00fc, ula\u015f\u0131m ve sadakat programlar\u0131 gibi uygulamalarda yayg\u0131n olarak kullan\u0131l\u0131r. 1 kilobayt bellek sunar ve g\u00fcvenli veri depolama i\u00e7in birden fazla kimlik do\u011frulama y\u00f6ntemini destekler.<\/li>\n<\/ul>\n<ol start=\"3\">\n<li>NXP Mifare 1k RFID NFC etiketli etiketler nas\u0131l programlanabilir?<\/li>\n<\/ol>\n<ul>\n<li>Bu g\u00f6m\u00fcl\u00fc etiketler, ak\u0131ll\u0131 telefonlar veya \u00f6zel RFID\/NFC okuyucular gibi NFC \u00f6zellikli cihazlar kullan\u0131larak programlanabilir. Bu, benzersiz tan\u0131mlay\u0131c\u0131lar veya g\u00fcvenlik anahtarlar\u0131 gibi \u00e7ipte depolanan verilerin \u00f6zelle\u015ftirilmesine olanak tan\u0131r.<\/li>\n<\/ul>\n<ol start=\"4\">\n<li>NXP Mifare 1k RFID NFC i\u00e7 etiketlerinin tipik kullan\u0131m durumlar\u0131 nelerdir?<\/li>\n<\/ol>\n<ul>\n<li>Bu i\u00e7 etiketler genellikle temass\u0131z \u00f6deme sistemleri, eri\u015fim kontrol kartlar\u0131, bilet \u00e7\u00f6z\u00fcmleri ve envanter takibi i\u00e7in kullan\u0131l\u0131r. \u00c7ok y\u00f6nl\u00fcd\u00fcrler ve RFID\/NFC teknolojisi gerektiren \u00e7e\u015fitli uygulamalara entegre edilebilirler.<\/li>\n<\/ul>\n<ol start=\"5\">\n<li>NXP Mifare 1k RFID NFC etiketli \u00fcr\u00fcnler g\u00fcvenli mi?<\/li>\n<\/ol>\n<ul>\n<li>NXP Mifare 1k \u00e7ipi, \u00e7ipte depolanan verilere yetkisiz eri\u015fimi \u00f6nlemek i\u00e7in \u015fifreleme ve kimlik do\u011frulama protokolleri gibi yerle\u015fik g\u00fcvenlik \u00f6zellikleri sunar. Ancak, sistemin genel g\u00fcvenli\u011fini sa\u011flamak i\u00e7in g\u00fcvenlik \u00f6nlemlerinin uygun \u015fekilde uygulanmas\u0131 \u00f6nemlidir.<\/li>\n<\/ul>","protected":false},"excerpt":{"rendered":"<p>MIFARE Classic EV1 1K (MF1S503yX) NFC \u00e7ipli NFC ek par\u00e7as\u0131. Bu ek par\u00e7alar, \u00e7ip ve antenin yap\u0131\u015ft\u0131r\u0131c\u0131ya y\u00fcz\u00fc a\u015fa\u011f\u0131 bakacak \u015fekilde yerle\u015ftirildi\u011fi ince ve d\u00fc\u015f\u00fck maliyetli olacak \u015fekilde tasarlanm\u0131\u015ft\u0131r. Ek par\u00e7an\u0131n 4 baytl\u0131k bir NUID&#039;si vard\u0131r ve anten genellikle y\u00fczey \u00fczerinde bir parmak gezdirildi\u011finde alg\u0131lanabilir.<\/p>","protected":false},"featured_media":339,"template":"","meta":{"_kad_post_transparent":"default","_kad_post_title":"","_kad_post_layout":"default","_kad_post_sidebar_id":"","_kad_post_content_style":"default","_kad_post_vertical_padding":"default","_kad_post_feature":"","_kad_post_feature_position":"","_kad_post_header":false,"_kad_post_footer":false,"_kad_post_classname":""},"product_brand":[],"product_cat":[54,189],"product_tag":[112,147],"class_list":{"0":"post-338","1":"product","2":"type-product","3":"status-publish","4":"has-post-thumbnail","6":"product_cat-hot-selling-rfid-tags","7":"product_cat-rfid-inlay","8":"product_tag-13-56mhz-rfid-inlay","9":"product_tag-nxp-mifare-1k-rfid-nfc-inlay-sticker","11":"first","12":"instock","13":"shipping-taxable","14":"product-type-simple","15":"entry","16":"content-bg","17":"loop-entry"},"_links":{"self":[{"href":"https:\/\/rfid-laundry-tag.com\/tr\/wp-json\/wp\/v2\/product\/338","targetHints":{"allow":["GET"]}}],"collection":[{"href":"https:\/\/rfid-laundry-tag.com\/tr\/wp-json\/wp\/v2\/product"}],"about":[{"href":"https:\/\/rfid-laundry-tag.com\/tr\/wp-json\/wp\/v2\/types\/product"}],"version-history":[{"count":1,"href":"https:\/\/rfid-laundry-tag.com\/tr\/wp-json\/wp\/v2\/product\/338\/revisions"}],"predecessor-version":[{"id":717,"href":"https:\/\/rfid-laundry-tag.com\/tr\/wp-json\/wp\/v2\/product\/338\/revisions\/717"}],"wp:featuredmedia":[{"embeddable":true,"href":"https:\/\/rfid-laundry-tag.com\/tr\/wp-json\/wp\/v2\/media\/339"}],"wp:attachment":[{"href":"https:\/\/rfid-laundry-tag.com\/tr\/wp-json\/wp\/v2\/media?parent=338"}],"wp:term":[{"taxonomy":"product_brand","embeddable":true,"href":"https:\/\/rfid-laundry-tag.com\/tr\/wp-json\/wp\/v2\/product_brand?post=338"},{"taxonomy":"product_cat","embeddable":true,"href":"https:\/\/rfid-laundry-tag.com\/tr\/wp-json\/wp\/v2\/product_cat?post=338"},{"taxonomy":"product_tag","embeddable":true,"href":"https:\/\/rfid-laundry-tag.com\/tr\/wp-json\/wp\/v2\/product_tag?post=338"}],"curies":[{"name":"wp","href":"https:\/\/api.w.org\/{rel}","templated":true}]}}