{"id":336,"date":"2024-06-28T08:18:30","date_gmt":"2024-06-28T08:18:30","guid":{"rendered":"https:\/\/rfid-laundry-tag.com\/?post_type=product&#038;p=336"},"modified":"2024-10-24T15:35:13","modified_gmt":"2024-10-24T15:35:13","slug":"mifare-ultralight-c-rfid-nfc-inlay","status":"publish","type":"product","link":"https:\/\/rfid-laundry-tag.com\/tr\/mifare-ultralight-c-rfid-nfc-inlay\/","title":{"rendered":"NXP Mifare\u00aeUltralight C RFID NFC G\u00f6mme"},"content":{"rendered":"<div>\n<h1 class=\"auto-hide-last-sibling-br paragraph_9dc5f paragraph-element\"><strong>NXP Mifare Ultralight C RFID NFC G\u00f6mme<\/strong><\/h1>\n<div><\/div>\n<\/div>\n<div class=\"text-title\"><strong><span class=\"magic-26\" style=\"font-family: Arial;\" data-spm-anchor-id=\"a2700.details.0.i47.6f4d7d7dnursE7\">Kuru kakma<\/span><\/strong><\/div>\n<div class=\"text-content\">\n<p><span class=\"magic-6\" style=\"font-family: Arial;\">Basit\u00e7e s\u00f6ylemek gerekirse, RFID kuru yerle\u015ftirme, RFID \u00e7ipi ve antenin birle\u015fimidir. NFC etiketi, RFID etiketi, RFID bileti ve \u00e7e\u015fitli RFID etiketleri yapmak i\u00e7in kullan\u0131labilir. <\/span><\/p>\n<div data-spm-anchor-id=\"a2700.details.0.i46.6f4d7d7dnursE7\">\n<p><span class=\"magic-6\" style=\"font-family: Arial;\"> Kuru kakma anteni, bak\u0131r bobine k\u0131yasla daha ince olan al\u00fcminyum a\u015f\u0131nd\u0131rmad\u0131r. Antenin \u015fekli \u00f6zelle\u015ftirilebilir ve talep \u00fczerine yeniden tasarlanabilir.<\/span><\/p>\n<p>&nbsp;<\/p>\n<\/div>\n<\/div>\n<div>\n<div class=\"text-title\"><strong><span class=\"magic-26\" style=\"font-family: Arial;\">Islak kakma<\/span><\/strong><\/div>\n<div class=\"text-content\">\n<p><span class=\"magic-6\" style=\"font-family: Arial;\" data-spm-anchor-id=\"a2700.details.0.i49.6f4d7d7dnursE7\">Yap\u0131\u015ft\u0131r\u0131c\u0131 ile eklenen RFID kuru yerle\u015ftirmeye \u0131slak yerle\u015ftirme denir. Y\u00fczeyde herhangi bir bask\u0131ya ihtiyac\u0131n\u0131z yoksa, do\u011frudan bir RFID etiketi veya NFC \u00e7\u0131kartmas\u0131 olarak kullan\u0131labilir. Nesnelere yap\u0131\u015ft\u0131r\u0131lmas\u0131 maliyetten tasarruf sa\u011flayabilir ve ayn\u0131 amaca ula\u015fabilir. Ayr\u0131ca RFID etiketleri yap\u0131m\u0131nda da yayg\u0131n olarak kullan\u0131l\u0131r. Islak yerle\u015ftirmenin anteni, bak\u0131r bobine k\u0131yasla daha ince olan al\u00fcminyum a\u015f\u0131nd\u0131rmad\u0131r. Antenin \u015fekli talep \u00fczerine \u00f6zelle\u015ftirilebilir ve yeniden tasarlanabilir.<\/span><\/p>\n<h2>NXP Mifare\u00aeUltralight C RFID NFC G\u00f6mme<\/h2>\n<div><\/div>\n<div data-spm-anchor-id=\"a2700.details.0.i48.6f4d7d7dnursE7\">\n<table class=\"hight-light-first-column all magic-14\">\n<tbody>\n<tr>\n<td colspan=\"1\" rowspan=\"1\">\n<div class=\"magic-15\"><b>Malzeme<\/b><\/div>\n<\/td>\n<td colspan=\"1\" rowspan=\"1\">\n<div class=\"magic-16\" data-spm-anchor-id=\"a2700.details.0.i34.21f6414cWQ4Zrf\">Ka\u011f\u0131t \/Termal ka\u011f\u0131t \/Kuma\u015f \/PVC\/PET<\/div>\n<\/td>\n<\/tr>\n<tr>\n<td colspan=\"1\" rowspan=\"1\">\n<div class=\"magic-15\"><b>Boyut<\/b><\/div>\n<\/td>\n<td colspan=\"1\" rowspan=\"1\">\n<div class=\"magic-16\">18*56mm,25*25mm, 30*30mm, 40*40mm, \u00c7ap18mm,\u00c7ap20mm,\u00c7ap22mm,\u00c7ap25mm veya \u00d6zelle\u015ftirilmi\u015f boyut.<\/div>\n<\/td>\n<\/tr>\n<tr>\n<td colspan=\"1\" rowspan=\"1\">\n<div class=\"magic-15\"><b>Bask\u0131<\/b><\/div>\n<\/td>\n<td colspan=\"1\" rowspan=\"1\">\n<div class=\"magic-16\">Yazd\u0131rmaya gerek yok<\/div>\n<\/td>\n<\/tr>\n<tr>\n<td colspan=\"1\" rowspan=\"1\">\n<div class=\"magic-15\"><b>Mevcut \u00c7ip<\/b><\/div>\n<\/td>\n<td colspan=\"1\" rowspan=\"1\">\n<div class=\"magic-16\">\n<p><strong>Mifare Ultra Hafif C <\/strong><\/p>\n<\/div>\n<\/td>\n<\/tr>\n<tr>\n<td colspan=\"1\" rowspan=\"1\">\n<div class=\"magic-21\"><b>Protokol\uff1a<\/b><\/div>\n<\/td>\n<td colspan=\"4\" rowspan=\"1\">\n<div class=\"magic-22\">ISO\/IEC 14443 Tip A<\/div>\n<\/td>\n<\/tr>\n<tr>\n<td colspan=\"1\" rowspan=\"1\">\n<div class=\"magic-26\"><b>El sanatlar\u0131:<\/b><\/div>\n<\/td>\n<td colspan=\"4\" rowspan=\"1\">\n<div class=\"magic-22\" data-spm-anchor-id=\"a2700.details.0.i33.21f6414cWQ4Zrf\">Bask\u0131, barkod, QR kod vb.<\/div>\n<\/td>\n<\/tr>\n<\/tbody>\n<\/table>\n<p>&nbsp;<\/p>\n<\/div>\n<p>NXP<sup>\u00ae<\/sup>\u00a0Semiconductors, temass\u0131z ak\u0131ll\u0131 bilet veya ak\u0131ll\u0131 kartta Yak\u0131nl\u0131k Ba\u011flant\u0131 Ayg\u0131tlar\u0131 (PCD) ile birlikte kullan\u0131lmak \u00fczere MIFARE Ultralight C \u2013 Temass\u0131z bilet IC MF0ICU2&#039;yi geli\u015ftirdi. \u0130leti\u015fim katman\u0131 (MIFARE<sup>\u00ae<\/sup>\u00a0RF Aray\u00fcz\u00fc) ISO\/IEC 14443 Tip-A standard\u0131n\u0131n 2 ve 3. b\u00f6l\u00fcmlerine uygundur. MF0ICU2, \u00f6ncelikle toplu ta\u015f\u0131ma, etkinlik bileti ve sadakat uygulamalar\u0131 gibi s\u0131n\u0131rl\u0131 kullan\u0131m uygulamalar\u0131 i\u00e7in tasarlanm\u0131\u015ft\u0131r.<\/p>\n<h3>Temass\u0131z enerji ve veri transferi<\/h3>\n<p>MIFARE sisteminde, MF0ICU2 birka\u00e7 turla bir bobine ba\u011flan\u0131r. MF0ICU2, EN 753-2&#039;de tan\u0131mlanan TFC.0 (Edmonson) ve TFC.1 bilet formatlar\u0131na uygundur.<\/p>\n<p>TFC.1 bilet formatlar\u0131, 16 pF&#039;lik yonga \u00fcst\u00fc rezonans kapasit\u00f6r\u00fcne sahip MF0xxU20 yongas\u0131 taraf\u0131ndan desteklenmektedir.<\/p>\n<p>Daha k\u00fc\u00e7\u00fck TFC.0 biletleri, 50 pF&#039;lik yonga \u00fcst\u00fc rezonans kapasit\u00f6r\u00fcne sahip MFxxU21 yongas\u0131 taraf\u0131ndan desteklenmektedir.<\/p>\n<p>Bilet, ba\u011flant\u0131 ayg\u0131t\u0131 (PCD) anteninin yak\u0131n\u0131na yerle\u015ftirildi\u011finde, y\u00fcksek h\u0131zl\u0131 RF haberle\u015fme aray\u00fcz\u00fc, verilerin 106 kbit\/s baud h\u0131z\u0131yla iletilmesine olanak tan\u0131r.<\/p>\n<h3>\u00c7arp\u0131\u015fma \u00f6nleyici<\/h3>\n<p>Ak\u0131ll\u0131 bir \u00e7arp\u0131\u015fma \u00f6nleme fonksiyonu, sahada ayn\u0131 anda birden fazla kart\u0131n \u00e7al\u0131\u015ft\u0131r\u0131lmas\u0131na olanak tan\u0131r. \u00c7arp\u0131\u015fma \u00f6nleme algoritmas\u0131 her kart\u0131 ayr\u0131 ayr\u0131 se\u00e7er ve se\u00e7ilen bir kartla yap\u0131lan i\u015flemin sahadaki ba\u015fka bir karttan m\u00fcdahale olmadan do\u011fru \u015fekilde ger\u00e7ekle\u015ftirilmesini sa\u011flar.<\/p>\n<p>\u00c7arp\u0131\u015fma \u00f6nleme i\u015flevi, Benzersiz Kimlik ad\u0131 verilen bir IC bireysel seri numaras\u0131na dayan\u0131r. MF0ICU2&#039;nin UID&#039;si 7 bayt uzunlu\u011fundad\u0131r ve ISO\/IEC 14443-3&#039;e g\u00f6re basamakl\u0131 seviye 2&#039;yi destekler.<\/p>\n<h3>G\u00fcvenlik<\/h3>\n<ul>\n<li>3DES Kimlik Do\u011frulamas\u0131<\/li>\n<li>Her cihaz i\u00e7in benzersiz 7 baytl\u0131k seri numaras\u0131yla klonlama \u00f6nleme deste\u011fi<\/li>\n<li>32-bit kullan\u0131c\u0131 taraf\u0131ndan programlanabilir OTP alan\u0131<\/li>\n<li>\u0130lk 512 bit i\u00e7in sayfa ba\u015f\u0131na alan programlanabilir salt okunur kilitleme i\u015flevi<\/li>\n<li>512 bit \u00fcst\u00fc bellek i\u00e7in blok ba\u015f\u0131na salt okunur kilitleme<\/li>\n<\/ul>\n<h3>\u00d6zellikler<\/h3>\n<div id=\"featuresXsp\" class=\"features-list\">\n<div class=\"features-xsp\">\n<div class=\"collapse-mobile ste-list\">\n<h3>MIFARE RF Aray\u00fcz\u00fc (ISO\/IEC 14443 A)<\/h3>\n<ul class=\"boxes\">\n<li>Temass\u0131z veri iletimi ve enerji temini<\/li>\n<li>13.56 MHz \u00e7al\u0131\u015fma frekans\u0131<\/li>\n<li>16 bitlik CRC, parite, bit kodlama, bit say\u0131m\u0131 veri b\u00fct\u00fcnl\u00fc\u011f\u00fc<\/li>\n<li>7 bayt seri numaras\u0131 (ISO\/IEC 14443-3&#039;e g\u00f6re kademeli d\u00fczey 2)<\/li>\n<li>H\u0131zl\u0131 kar\u015f\u0131 i\u015flem: &lt; 10 ms<\/li>\n<li>Anten geometrisi ve okuyucu yap\u0131land\u0131rmas\u0131na ba\u011fl\u0131 olarak 100 mm&#039;ye kadar \u00e7al\u0131\u015fma mesafesi<\/li>\n<li>106 kbit\/s veri transferi<\/li>\n<li>Ger\u00e7ek \u00e7arp\u0131\u015fma \u00f6nleme<\/li>\n<li>Tipik bilet i\u015flemi: &lt; 35 ms<\/li>\n<\/ul>\n<\/div>\n<div class=\"collapse-mobile ste-list\">\n<h3>EEPROM<\/h3>\n<ul class=\"boxes\">\n<li>1536 bit toplam bellek<\/li>\n<li>36 sayfa, 1152 bit kullan\u0131c\u0131 okuma\/yazma alan\u0131<\/li>\n<li>\u0130lk 512 bit i\u00e7in sayfa ba\u015f\u0131na alan programlanabilir salt okunur kilitleme i\u015flevi<\/li>\n<li>32 bit kullan\u0131c\u0131 tan\u0131ml\u0131 Tek Seferlik Programlanabilir (OTP) alan<\/li>\n<li>10 y\u0131ll\u0131k veri saklama s\u00fcresi<\/li>\n<li>MF0ICU1 ile 512 bit uyumlu<\/li>\n<li>Blok ba\u015f\u0131na alan programlanabilir salt okunur kilitleme i\u015flevi<\/li>\n<li>16 bit tek y\u00f6nl\u00fc saya\u00e7<\/li>\n<li>Dayan\u0131kl\u0131l\u0131k 100000 \u00e7evrimi yaz\u0131n<\/li>\n<\/ul>\n<\/div>\n<\/div>\n<\/div>\n<p><span class=\"AnswerParser_TextContainer__z_Iiv\" data-testid=\"youchat-text\">The <strong>NXP MIFARE\u00ae Ultra Hafif C<\/strong>\u00a0RFID NFC inlay, ak\u0131ll\u0131 bilet, etkinlik y\u00f6netimi ve \u00fcr\u00fcn kimlik do\u011frulamas\u0131 gibi \u00e7e\u015fitli temass\u0131z uygulamalar i\u00e7in tasarlanm\u0131\u015f son teknoloji bir \u00e7\u00f6z\u00fcmd\u00fcr. Kompakt tasar\u0131m\u0131 ve sa\u011flam \u00f6zellikleriyle bu inlay, g\u00fcvenlik ve verimlili\u011fi garanti alt\u0131na al\u0131rken m\u00fc\u015fteri deneyimlerini geli\u015ftirmek isteyen i\u015fletmeler i\u00e7in m\u00fckemmeldir.<\/span><\/p>\n<h2 class=\"AnswerParser_AnswerParserH2__SIHnF\">NXP MIFARE\u00ae Ultralight C&#039;ye Genel Bak\u0131\u015f<\/h2>\n<p><span class=\"AnswerParser_TextContainer__z_Iiv\" data-testid=\"youchat-text\">MIFARE Ultralight C, NFC tabanl\u0131 bir cihazda \u00e7al\u0131\u015fan son derece \u00e7ok y\u00f6nl\u00fc bir NFC ek par\u00e7as\u0131d\u0131r.\u00a0<strong>ISO 14443 Tip A<\/strong>\u00a0standart. Bir ile donat\u0131lm\u0131\u015ft\u0131r\u00a0<strong>192 bayt bellek<\/strong>\u00a0ve destekler\u00a0<strong>3DES \u015fifrelemesi<\/strong>, g\u00fcvenli i\u015flemler ve veri depolama i\u00e7in uygun hale getirir. Bu ek par\u00e7a, h\u0131zl\u0131 ve g\u00fcvenilir eri\u015fimin \u00f6nemli oldu\u011fu bilet sekt\u00f6r\u00fcnde \u00f6zellikle pop\u00fclerdir.<\/span><\/p>\n<h3 class=\"AnswerParser_AnswerParserH3__Mpe4s\">NXP MIFARE\u00ae Ultralight C&#039;nin Temel Avantajlar\u0131<\/h3>\n<ul class=\"AnswerParser_AnswerParserUnorderedList__P_1FW\">\n<li class=\"AnswerParser_ListItem__XqLOV\" translate=\"yes\"><strong>Geli\u015fmi\u015f G\u00fcvenlik<\/strong>: Dahili 3DES \u015fifrelemesi ile MIFARE Ultralight C, verilerin yetkisiz eri\u015fime kar\u015f\u0131 korunmas\u0131n\u0131 sa\u011flayarak y\u00fcksek g\u00fcvenlik gerektiren uygulamalar i\u00e7in idealdir.<\/li>\n<li class=\"AnswerParser_ListItem__XqLOV\" translate=\"yes\"><strong>Kompakt ve Hafif<\/strong>:G\u00f6vdenin k\u00fc\u00e7\u00fck boyutu, performanstan \u00f6d\u00fcn vermeden bileklikler, kartlar ve etiketler dahil olmak \u00fczere \u00e7e\u015fitli \u00fcr\u00fcnlere kolayca entegre edilmesini sa\u011flar.<\/li>\n<li class=\"AnswerParser_ListItem__XqLOV\" translate=\"yes\"><strong>Maliyet Etkin \u00c7\u00f6z\u00fcm<\/strong>:MIFARE Ultralight C, kalite veya i\u015flevsellikten \u00f6d\u00fcn vermeden NFC teknolojisini uygulamak isteyen i\u015fletmeler i\u00e7in b\u00fct\u00e7e dostu bir se\u00e7enek sunuyor.<\/li>\n<\/ul>\n<h2 class=\"AnswerParser_AnswerParserH2__SIHnF\">NXP MIFARE\u00ae Ultralight C&#039;nin \u00d6zellikleri<\/h2>\n<h3 class=\"AnswerParser_AnswerParserH3__Mpe4s\">1. Bellek ve Veri Depolama<\/h3>\n<p><span class=\"AnswerParser_TextContainer__z_Iiv\" data-testid=\"youchat-text\">MIFARE Ultralight C&#039;nin \u00f6zellikleri \u015funlard\u0131r:\u00a0<strong>192 bayt bellek<\/strong>, benzersiz tan\u0131mlay\u0131c\u0131lar, URL&#039;ler veya k\u00fc\u00e7\u00fck miktarda kullan\u0131c\u0131 bilgisi gibi temel verileri depolamak i\u00e7in yeterlidir. Bu bellek kapasitesi, basit \u00fcr\u00fcn etiketlerinden karma\u015f\u0131k bilet sistemlerine kadar \u00e7ok y\u00f6nl\u00fc uygulamalara olanak tan\u0131r.<\/span><\/p>\n<h3 class=\"AnswerParser_AnswerParserH3__Mpe4s\">2. G\u00fcvenlik Protokolleri<\/h3>\n<p><span class=\"AnswerParser_TextContainer__z_Iiv\" data-testid=\"youchat-text\">MIFARE Ultralight C&#039;nin \u00f6ne \u00e7\u0131kan \u00f6zelliklerinden biri de \u015fu deste\u011fi sunmas\u0131d\u0131r:\u00a0<strong>3DES \u015fifrelemesi<\/strong>Bu geli\u015fmi\u015f g\u00fcvenlik protokol\u00fc, hassas verilerin iletim s\u0131ras\u0131nda korunmas\u0131n\u0131 sa\u011flayarak toplu ta\u015f\u0131ma ve etkinlik biletleri gibi g\u00fcvenli ortamlardaki uygulamalar i\u00e7in uygun hale getirir.<\/span><\/p>\n<h3 class=\"AnswerParser_AnswerParserH3__Mpe4s\">3. Uyumluluk<\/h3>\n<p><span class=\"AnswerParser_TextContainer__z_Iiv\" data-testid=\"youchat-text\">MIFARE Ultralight C, ak\u0131ll\u0131 telefonlar ve temass\u0131z okuyucular dahil olmak \u00fczere \u00e7ok \u00e7e\u015fitli NFC \u00f6zellikli cihazlarla uyumludur. Bu uyumluluk, mevcut sistemlere sorunsuz entegrasyonu garanti ederek i\u015fletmelerin altyap\u0131lar\u0131nda \u00f6nemli de\u011fi\u015fiklikler yapmadan teknolojilerini y\u00fckseltmelerine olanak tan\u0131r.<\/span><\/p>\n<h2 class=\"AnswerParser_AnswerParserH2__SIHnF\">NXP MIFARE\u00ae Ultralight C&#039;nin uygulamalar\u0131<\/h2>\n<h3 class=\"AnswerParser_AnswerParserH3__Mpe4s\">1. Ak\u0131ll\u0131 Biletleme<\/h3>\n<p><span class=\"AnswerParser_TextContainer__z_Iiv\" data-testid=\"youchat-text\">MIFARE Ultralight C, toplu ta\u015f\u0131ma sistemlerine, etkinliklere ve cazibe merkezlerine h\u0131zl\u0131 ve etkili eri\u015fimi kolayla\u015ft\u0131rd\u0131\u011f\u0131 ak\u0131ll\u0131 bilet sekt\u00f6r\u00fcnde yayg\u0131n olarak kullan\u0131l\u0131r. H\u0131zl\u0131 okuma s\u00fcreleri ve g\u00fcvenilir performans\u0131, onu yo\u011fun trafikli ortamlar i\u00e7in ideal bir se\u00e7im haline getirir.<\/span><\/p>\n<h3 class=\"AnswerParser_AnswerParserH3__Mpe4s\">2. \u00dcr\u00fcn Do\u011frulamas\u0131<\/h3>\n<p><span class=\"AnswerParser_TextContainer__z_Iiv\" data-testid=\"youchat-text\">Sahtecili\u011fin \u00f6nemli bir endi\u015fe kayna\u011f\u0131 oldu\u011fu bir \u00e7a\u011fda, MIFARE Ultralight C \u00fcr\u00fcn kimlik do\u011frulamas\u0131 i\u00e7in g\u00fcvenilir bir \u00e7\u00f6z\u00fcm sunar. Bu ekleri \u00fcr\u00fcnlere yerle\u015ftirerek, i\u015fletmeler m\u00fc\u015fterilerin orijinal \u00fcr\u00fcnler ald\u0131\u011f\u0131ndan emin olabilir, marka g\u00fcvenini ve sadakatini art\u0131rabilir.<\/span><\/p>\n<h3 class=\"AnswerParser_AnswerParserH3__Mpe4s\">3. Sadakat Programlar\u0131<\/h3>\n<p><span class=\"AnswerParser_TextContainer__z_Iiv\" data-testid=\"youchat-text\">\u0130\u015fletmeler, m\u00fc\u015fterilerin NFC \u00f6zellikli cihazlar\u0131na basit bir dokunu\u015fla kolayca puan veya \u00f6d\u00fcl toplamas\u0131na olanak tan\u0131yan sadakat programlar\u0131nda MIFARE Ultralight C&#039;yi kullanabilir. Bu kolayl\u0131k, m\u00fc\u015fteri kat\u0131l\u0131m\u0131n\u0131 ve tekrarlanan i\u015fi te\u015fvik eder.<\/span><\/p>\n<\/div>\n<\/div>","protected":false},"excerpt":{"rendered":"<p>NXP Mifare\u00aeUltralight C RFID NFC G\u00f6mme Par\u00e7as\u0131 veya Transponder, bir t\u00fcr bitmemi\u015f bile\u015fen olup, biletler, rozetler, etiketler veya kartlar gibi \u00e7e\u015fitli \u00f6\u011felere d\u00f6n\u00fc\u015ft\u00fcr\u00fclebilir. Ayn\u0131 zamanda, bu HF NFC RFID g\u00f6mme par\u00e7alar\u0131, \u00f6zel ihtiya\u00e7lar\u0131n\u0131z\u0131 kar\u015f\u0131lamak \u00fczere \u00f6zelle\u015ftirilmi\u015f bir dizi boyutta \u00fcretilebilir.<\/p>","protected":false},"featured_media":337,"template":"","meta":{"_kad_post_transparent":"default","_kad_post_title":"","_kad_post_layout":"default","_kad_post_sidebar_id":"","_kad_post_content_style":"default","_kad_post_vertical_padding":"default","_kad_post_feature":"","_kad_post_feature_position":"","_kad_post_header":false,"_kad_post_footer":false,"_kad_post_classname":""},"product_brand":[],"product_cat":[54,189],"product_tag":[112,215,146],"class_list":{"0":"post-336","1":"product","2":"type-product","3":"status-publish","4":"has-post-thumbnail","6":"product_cat-hot-selling-rfid-tags","7":"product_cat-rfid-inlay","8":"product_tag-13-56mhz-rfid-inlay","9":"product_tag-mifareultralight-c-rfid-nfc-inlay","10":"product_tag-nxp-mifareultralight-c-rfid-nfc-inlay","12":"first","13":"instock","14":"shipping-taxable","15":"product-type-simple","16":"entry","17":"content-bg","18":"loop-entry"},"_links":{"self":[{"href":"https:\/\/rfid-laundry-tag.com\/tr\/wp-json\/wp\/v2\/product\/336","targetHints":{"allow":["GET"]}}],"collection":[{"href":"https:\/\/rfid-laundry-tag.com\/tr\/wp-json\/wp\/v2\/product"}],"about":[{"href":"https:\/\/rfid-laundry-tag.com\/tr\/wp-json\/wp\/v2\/types\/product"}],"version-history":[{"count":4,"href":"https:\/\/rfid-laundry-tag.com\/tr\/wp-json\/wp\/v2\/product\/336\/revisions"}],"predecessor-version":[{"id":2772,"href":"https:\/\/rfid-laundry-tag.com\/tr\/wp-json\/wp\/v2\/product\/336\/revisions\/2772"}],"wp:featuredmedia":[{"embeddable":true,"href":"https:\/\/rfid-laundry-tag.com\/tr\/wp-json\/wp\/v2\/media\/337"}],"wp:attachment":[{"href":"https:\/\/rfid-laundry-tag.com\/tr\/wp-json\/wp\/v2\/media?parent=336"}],"wp:term":[{"taxonomy":"product_brand","embeddable":true,"href":"https:\/\/rfid-laundry-tag.com\/tr\/wp-json\/wp\/v2\/product_brand?post=336"},{"taxonomy":"product_cat","embeddable":true,"href":"https:\/\/rfid-laundry-tag.com\/tr\/wp-json\/wp\/v2\/product_cat?post=336"},{"taxonomy":"product_tag","embeddable":true,"href":"https:\/\/rfid-laundry-tag.com\/tr\/wp-json\/wp\/v2\/product_tag?post=336"}],"curies":[{"name":"wp","href":"https:\/\/api.w.org\/{rel}","templated":true}]}}