{"id":332,"date":"2024-06-28T07:49:21","date_gmt":"2024-06-28T07:49:21","guid":{"rendered":"https:\/\/rfid-laundry-tag.com\/?post_type=product&#038;p=332"},"modified":"2024-06-28T08:02:32","modified_gmt":"2024-06-28T08:02:32","slug":"waterproof-pvc-ntag215-coin-nfc-tag","status":"publish","type":"product","link":"https:\/\/rfid-laundry-tag.com\/tr\/waterproof-pvc-ntag215-coin-nfc-tag\/","title":{"rendered":"Su ge\u00e7irmez PVC Ntag215 madeni para NFC etiketi"},"content":{"rendered":"<p><strong>Su ge\u00e7irmez PVC Ntag215 madeni para NFC etiketi<\/strong><\/p>\n<p>The <strong>Ntag215 jeton NFC etiketi<\/strong>PVC&#039;den (veya \u015feffaf PVC&#039;den) \u00fcretilen , \u015fu \u00f6zellikleri nedeniyle varl\u0131k takibi i\u00e7in m\u00fckemmel bir se\u00e7enektir:<\/p>\n<ul>\n<li><strong>K\u00fc\u00e7\u00fck boy:<\/strong>\u00a0\u00c7e\u015fitli varl\u0131klara hacim eklemeden kolayca monte edilebilir.<\/li>\n<li><strong>Su ge\u00e7irmez tasar\u0131m:<\/strong>\u00a0Hem i\u00e7 hem de d\u0131\u015f mekanlarda, zorlu ortamlarda bile kullan\u0131ma uygundur.<\/li>\n<li><strong>G\u00f6m\u00fcl\u00fc 13.56 MHz NFC \u00e7ipi:<\/strong>\u00a0RFID okuyucularla g\u00fcvenilir veri aktar\u0131m\u0131 ve ileti\u015fimi sa\u011flar.<\/li>\n<\/ul>\n<p><strong>Temel \u00d6zellikler:<\/strong><\/p>\n<ul>\n<li><strong>Malzeme:<\/strong>\u00a0PVC (veya \u015feffaf PVC)<\/li>\n<li><strong>\u00c7ip:<\/strong>\u00a0Ntag215<\/li>\n<li><strong>S\u0131kl\u0131k:<\/strong>\u00a013,56 MHz<\/li>\n<li><strong>Su ge\u00e7irmez:<\/strong>\u00a0Evet<\/li>\n<li><strong>Uygulamalar:<\/strong>\u00a0Varl\u0131k takibi, envanter y\u00f6netimi, eri\u015fim kontrol\u00fc ve daha fazlas\u0131.<\/li>\n<\/ul>\n<table border=\"1\" cellspacing=\"0\" cellpadding=\"0\">\n<tbody>\n<tr>\n<td colspan=\"2\">\n<p align=\"left\">\u00d6zellikler<\/p>\n<\/td>\n<\/tr>\n<tr>\n<td>\n<p align=\"left\">Etiket\/\u00e7ip t\u00fcr\u00fc<\/p>\n<\/td>\n<td>\n<p align=\"left\">NXP Ntag215<\/p>\n<\/td>\n<\/tr>\n<tr>\n<td>\n<p align=\"left\">\u00c7al\u0131\u015fma Frekans\u0131<\/p>\n<\/td>\n<td>\n<p align=\"left\">13,56 MHz<\/p>\n<\/td>\n<\/tr>\n<tr>\n<td>\n<p align=\"left\">Test Edilen Okuma Aral\u0131\u011f\u0131<\/p>\n<\/td>\n<td>\n<p align=\"left\">Okuyucunun sa\u011flad\u0131\u011f\u0131 g\u00fcce ba\u011fl\u0131 olarak 0 \u2013 100 mm<\/p>\n<\/td>\n<\/tr>\n<tr>\n<td>\n<p align=\"left\">\u00c7oklu Alg\u0131lama<\/p>\n<\/td>\n<td>\n<p align=\"left\">Evet<\/p>\n<\/td>\n<\/tr>\n<tr>\n<td>\n<p align=\"left\">Boyut<\/p>\n<\/td>\n<td>\u00c7ap 25mm<\/td>\n<\/tr>\n<tr>\n<td>\n<p align=\"left\">Malzeme<\/p>\n<\/td>\n<td>\n<p align=\"left\">PVC \/ PET \/ Anten vb.<\/p>\n<\/td>\n<\/tr>\n<tr>\n<td>\n<p align=\"left\">Protokol:<\/p>\n<\/td>\n<td>\n<p align=\"left\">ISO14443A<\/p>\n<\/td>\n<\/tr>\n<tr>\n<td>\n<p align=\"left\">\u00c7evresel \u015eartname<\/p>\n<\/td>\n<td>\n<p align=\"left\">Raf \u00d6mr\u00fc 5 Y\u0131l<\/p>\n<p align=\"left\">\u00d6nerilen: -25C ila +50C<\/p>\n<p align=\"left\">Depolama Ko\u015fulu: 20% ila 90%RH<\/p>\n<p align=\"left\">\u00c7al\u0131\u015fma S\u0131cakl\u0131\u011f\u0131: -40C ila +65C<\/p>\n<\/td>\n<\/tr>\n<tr>\n<td>\n<p align=\"left\">Okuma\/Yazma S\u00fcreleri:<\/p>\n<\/td>\n<td>\n<p align=\"left\">100000 kez<\/p>\n<\/td>\n<\/tr>\n<tr>\n<td>\n<p align=\"left\">Ba\u015fvuru:<\/p>\n<\/td>\n<td>\n<p align=\"left\" data-spm-anchor-id=\"a2700.wholesale.0.i54.a0d8206fLph15n\">Toplu Ta\u015f\u0131ma, Eri\u015fim y\u00f6netimi, E-biletler, Lojistik ve tedarik y\u00f6netimi, \u00dcretim imalat\u0131 ve montaj\u0131, \u00d6n cam etiketi, Belge takibi, \u00c7ama\u015f\u0131rhane y\u00f6netimi, K\u00fct\u00fcphane y\u00f6netimi, Hayvan kimli\u011fi vb.<\/p>\n<\/td>\n<\/tr>\n<\/tbody>\n<\/table>\n<p>&nbsp;<\/p>\n<p><strong>Faydalar:<\/strong><\/p>\n<ul>\n<li><strong>Geli\u015fmi\u015f g\u00fcvenlik:<\/strong>\u00a0RFID teknolojisi h\u0131rs\u0131zl\u0131\u011fa ve yetkisiz eri\u015fime kar\u015f\u0131 koruma sa\u011flar.<\/li>\n<li><strong>Verimlili\u011fin artmas\u0131:<\/strong>\u00a0Ger\u00e7ek zamanl\u0131 izleme, verimli varl\u0131k y\u00f6netimi ve envanter kontrol\u00fcne olanak tan\u0131r.<\/li>\n<li><strong>Maliyet etkinli\u011fi:<\/strong>\u00a0Dayan\u0131kl\u0131 yap\u0131s\u0131 ve su ge\u00e7irmez tasar\u0131m\u0131 sayesinde de\u011fi\u015ftirme maliyetleri en aza indirilir.<\/li>\n<li><strong>\u00c7ok y\u00f6nl\u00fc uygulamalar:<\/strong>\u00a0\u00c7ok \u00e7e\u015fitli end\u00fcstriler ve kullan\u0131m durumlar\u0131 i\u00e7in uygundur.<\/li>\n<\/ul>","protected":false},"excerpt":{"rendered":"<p>Su ge\u00e7irmez PVC Ntag215 jeton NFC etiketi, varl\u0131k izleme ihtiya\u00e7lar\u0131 i\u00e7in g\u00fcvenilir ve \u00e7ok y\u00f6nl\u00fc bir \u00e7\u00f6z\u00fcm sunar. Kompakt boyutu, su ge\u00e7irmez tasar\u0131m\u0131 ve g\u00f6m\u00fcl\u00fc NFC \u00e7ipi, varl\u0131k y\u00f6netimi s\u00fcre\u00e7lerini optimize etmek isteyen kurulu\u015flar i\u00e7in de\u011ferli bir ara\u00e7 haline getirir.<\/p>","protected":false},"featured_media":333,"template":"","meta":{"_kad_post_transparent":"default","_kad_post_title":"","_kad_post_layout":"default","_kad_post_sidebar_id":"","_kad_post_content_style":"default","_kad_post_vertical_padding":"default","_kad_post_feature":"","_kad_post_feature_position":"","_kad_post_header":false,"_kad_post_footer":false,"_kad_post_classname":""},"product_brand":[],"product_cat":[54],"product_tag":[145,144],"class_list":{"0":"post-332","1":"product","2":"type-product","3":"status-publish","4":"has-post-thumbnail","6":"product_cat-hot-selling-rfid-tags","7":"product_tag-anti-metal-nfc-tag","8":"product_tag-anti-metal-rfid-nfc-sticker","10":"first","11":"instock","12":"shipping-taxable","13":"product-type-simple","14":"entry","15":"content-bg","16":"loop-entry"},"_links":{"self":[{"href":"https:\/\/rfid-laundry-tag.com\/tr\/wp-json\/wp\/v2\/product\/332","targetHints":{"allow":["GET"]}}],"collection":[{"href":"https:\/\/rfid-laundry-tag.com\/tr\/wp-json\/wp\/v2\/product"}],"about":[{"href":"https:\/\/rfid-laundry-tag.com\/tr\/wp-json\/wp\/v2\/types\/product"}],"version-history":[{"count":0,"href":"https:\/\/rfid-laundry-tag.com\/tr\/wp-json\/wp\/v2\/product\/332\/revisions"}],"wp:featuredmedia":[{"embeddable":true,"href":"https:\/\/rfid-laundry-tag.com\/tr\/wp-json\/wp\/v2\/media\/333"}],"wp:attachment":[{"href":"https:\/\/rfid-laundry-tag.com\/tr\/wp-json\/wp\/v2\/media?parent=332"}],"wp:term":[{"taxonomy":"product_brand","embeddable":true,"href":"https:\/\/rfid-laundry-tag.com\/tr\/wp-json\/wp\/v2\/product_brand?post=332"},{"taxonomy":"product_cat","embeddable":true,"href":"https:\/\/rfid-laundry-tag.com\/tr\/wp-json\/wp\/v2\/product_cat?post=332"},{"taxonomy":"product_tag","embeddable":true,"href":"https:\/\/rfid-laundry-tag.com\/tr\/wp-json\/wp\/v2\/product_tag?post=332"}],"curies":[{"name":"wp","href":"https:\/\/api.w.org\/{rel}","templated":true}]}}