{"id":330,"date":"2024-06-28T07:38:56","date_gmt":"2024-06-28T07:38:56","guid":{"rendered":"https:\/\/rfid-laundry-tag.com\/?post_type=product&#038;p=330"},"modified":"2024-09-05T08:39:15","modified_gmt":"2024-09-05T08:39:15","slug":"anti-metal-rfid-nfc-sticker","status":"publish","type":"product","link":"https:\/\/rfid-laundry-tag.com\/tr\/anti-metal-rfid-nfc-sticker\/","title":{"rendered":"Anti Metal RFID NFC etiketi"},"content":{"rendered":"<p><strong>Anti Metal RFID NFC etiketi<\/strong><\/p>\n<p>NTAG213, NTAG215 ve NTAG216, NXP Semiconductors taraf\u0131ndan perakende, oyun ve t\u00fcketici elektroni\u011fi gibi kitle pazar\u0131 uygulamalar\u0131nda NFC cihazlar\u0131 veya NFC uyumlu Yak\u0131nl\u0131k Ba\u011flant\u0131 Cihazlar\u0131 ile birlikte kullan\u0131lmak \u00fczere standart NFC etiket IC&#039;leri olarak geli\u015ftirilmi\u015ftir. NTAG213, NTAG215 ve NTAG216 (bundan sonra genel olarak NTAG21x olarak adland\u0131r\u0131lacakt\u0131r) NFC Forum Tip 2 Etiketi ve ISO\/IEC14443 Tip A spesifikasyonlar\u0131na tam olarak uyacak \u015fekilde tasarlanm\u0131\u015ft\u0131r.<\/p>\n<table class=\"hight-light-first-column all magic-11\">\n<tbody>\n<tr>\n<td colspan=\"1\" rowspan=\"1\">\n<div class=\"magic-12\" data-spm-anchor-id=\"a2700.details.0.i57.12287cd6Tl6d8d\">Boyut<\/div>\n<\/td>\n<td colspan=\"4\" rowspan=\"1\">\n<div class=\"magic-13\">\u00c7ap 25mm<\/div>\n<\/td>\n<\/tr>\n<tr>\n<td colspan=\"1\" rowspan=\"1\">\n<div class=\"magic-12\">Renk<\/div>\n<\/td>\n<td colspan=\"4\" rowspan=\"1\">\n<div class=\"magic-16\">Siyah, Beyaz, Sar\u0131, K\u0131rm\u0131z\u0131 veya \u00f6zel<\/div>\n<\/td>\n<\/tr>\n<tr>\n<td colspan=\"1\" rowspan=\"1\">\n<div class=\"magic-12\">\u00c7ip<\/div>\n<\/td>\n<td colspan=\"4\" rowspan=\"1\">\n<div class=\"magic-13\">NTAG213, NTAG215, NTAG216<\/div>\n<\/td>\n<\/tr>\n<tr>\n<td colspan=\"1\" rowspan=\"1\">\n<div class=\"magic-12\">S\u0131kl\u0131k<\/div>\n<\/td>\n<td colspan=\"4\" rowspan=\"1\">\n<div class=\"magic-13\">13.56mhz<\/div>\n<\/td>\n<\/tr>\n<tr>\n<td colspan=\"1\" rowspan=\"1\">\n<div class=\"magic-12\">Protokol<\/div>\n<\/td>\n<td colspan=\"4\" rowspan=\"1\">\n<div class=\"magic-13\">ISO14443A, NFC Forum Tip 2<\/div>\n<\/td>\n<\/tr>\n<tr>\n<td colspan=\"1\" rowspan=\"1\">\n<div class=\"magic-12\">Malzeme<\/div>\n<\/td>\n<td colspan=\"4\" rowspan=\"1\">\n<div class=\"magic-13\">ABS<\/div>\n<\/td>\n<\/tr>\n<tr>\n<td colspan=\"1\" rowspan=\"1\">\n<div class=\"magic-12\">\u00c7al\u0131\u015fma s\u0131cakl\u0131\u011f\u0131<\/div>\n<\/td>\n<td colspan=\"4\" rowspan=\"1\">\n<div class=\"magic-13\">-20 ila 85 derece C<\/div>\n<\/td>\n<\/tr>\n<tr>\n<td colspan=\"1\" rowspan=\"1\">\n<div class=\"magic-12\">Ba\u015fvuru<\/div>\n<\/td>\n<td colspan=\"4\" rowspan=\"1\">\n<div class=\"magic-16\">\u00c7ama\u015f\u0131r zinciri, Sert kimyasal, \u00f6deme cihaz\u0131, d\u0131\u015f mekan kullan\u0131m\u0131, Kimyasal, End\u00fcstriyel, Lojistik, Devriye g\u00f6revlisi, \u00fcyelik, Nakliye konteyneri, paletler, vb.<\/div>\n<\/td>\n<\/tr>\n<tr>\n<td colspan=\"1\" rowspan=\"1\">\n<div class=\"magic-12\">Su Ge\u00e7irmezlik Derecesi<\/div>\n<\/td>\n<td colspan=\"4\" rowspan=\"1\">\n<div class=\"magic-16\">IP67<\/div>\n<\/td>\n<\/tr>\n<tr>\n<td colspan=\"1\" rowspan=\"1\">\n<div class=\"magic-12\">Okuma Aral\u0131\u011f\u0131<\/div>\n<\/td>\n<td colspan=\"4\" rowspan=\"1\">\n<div class=\"magic-16\">5-10 cm, okuyucuya ba\u011fl\u0131<\/div>\n<\/td>\n<\/tr>\n<tr>\n<td colspan=\"1\" rowspan=\"1\">\n<div class=\"magic-12\">El sanatlar\u0131<\/div>\n<\/td>\n<td colspan=\"4\" rowspan=\"1\">\n<div class=\"magic-16\">Lazerle Kaz\u0131nm\u0131\u015f Seri Numaras\u0131, barkod vb.<\/div>\n<\/td>\n<\/tr>\n<tr>\n<td colspan=\"1\" rowspan=\"1\">\n<div class=\"magic-12\">Montaj<\/div>\n<\/td>\n<td colspan=\"4\" rowspan=\"1\">\n<div class=\"magic-16\">Yap\u0131\u015ft\u0131r\u0131c\u0131 veya vida veya per\u00e7in ile<\/div>\n<\/td>\n<\/tr>\n<\/tbody>\n<\/table>\n<p>&nbsp;<\/p>\n<div class=\"auto-hide-last-sibling-br paragraph_9dc5f paragraph-element\">Anti-Metal RFID NFC Etiketleri, esneklikleri ve metal y\u00fczeylerde \u00e7al\u0131\u015fabilme yetenekleri nedeniyle \u00e7e\u015fitli alanlarda geni\u015f bir uygulama yelpazesine sahiptir. \u0130\u015fte farkl\u0131 sekt\u00f6rlerde nas\u0131l kullan\u0131ld\u0131klar\u0131:<\/div>\n<ul class=\"auto-hide-last-sibling-br\">\n<li>\n<div class=\"auto-hide-last-sibling-br paragraph_9dc5f paragraph-element\"><strong>Lojistik Y\u00f6netimi<\/strong>: Bu etiketler, nakliye s\u0131ras\u0131nda mallar\u0131n verimli bir \u015fekilde izlenmesi ve ger\u00e7ek zamanl\u0131 olarak konumland\u0131r\u0131lmas\u0131 i\u00e7in kullan\u0131labilir. Sevkiyatlar\u0131n s\u00fcrekli g\u00f6r\u00fcn\u00fcrl\u00fc\u011f\u00fcn\u00fc sunarak tedarik zincirinin verimlili\u011fini art\u0131r\u0131r ve lojistik y\u00f6netimini basitle\u015ftirir.<\/div>\n<\/li>\n<li>\n<div class=\"auto-hide-last-sibling-br paragraph_9dc5f paragraph-element\"><strong>Varl\u0131k Y\u00f6netimi<\/strong>: Makine, ara\u00e7 ve ofis ekipmanlar\u0131 gibi \u015firket varl\u0131klar\u0131n\u0131n izlenmesi ve y\u00f6netilmesinde \u00f6nemli bir rol oynarlar. Varl\u0131klar\u0131n h\u0131zl\u0131 ve do\u011fru bir \u015fekilde tan\u0131mlanmas\u0131n\u0131 ve do\u011frulanmas\u0131n\u0131 sa\u011flayarak kay\u0131p, h\u0131rs\u0131zl\u0131k veya yanl\u0131\u015f yerle\u015ftirme riskini azalt\u0131rlar.<\/div>\n<\/li>\n<li>\n<div class=\"auto-hide-last-sibling-br paragraph_9dc5f paragraph-element\"><strong>Tedarik zinciri y\u00f6netimi<\/strong>: NFC etiketleri, tedarik zincirinin her a\u015famas\u0131nda \u00fcr\u00fcnleri takip etmek, \u015feffafl\u0131\u011f\u0131 sa\u011flamak ve sahte \u00fcr\u00fcnlerin pazara girmesini etkin bir \u015fekilde \u00f6nlemek i\u00e7in kullan\u0131l\u0131r.<\/div>\n<\/li>\n<li>\n<div class=\"auto-hide-last-sibling-br paragraph_9dc5f paragraph-element\"><strong>Ara\u00e7 Y\u00f6netimi<\/strong>:Filo ara\u00e7lar\u0131n\u0131n y\u00f6netiminde kullan\u0131lan etiketler, ara\u00e7lar\u0131n hareketlerini takip etmeyi ve izlemeyi kolayla\u015ft\u0131rarak, verimli rota optimizasyonu sa\u011flar.<\/div>\n<\/li>\n<li>\n<div class=\"auto-hide-last-sibling-br paragraph_9dc5f paragraph-element\"><strong>Depo Y\u00f6netimi<\/strong>: Stoklar\u0131n ger\u00e7ek zamanl\u0131 takibini sa\u011flayarak operasyonlar\u0131 h\u0131zland\u0131r\u0131r, depo y\u00f6netim s\u00fcrecini olduk\u00e7a verimli hale getirir.<\/div>\n<\/li>\n<li>\n<div class=\"auto-hide-last-sibling-br paragraph_9dc5f paragraph-element\"><strong>\u00dcr\u00fcn Do\u011frulamas\u0131<\/strong>: NFC etiketleri, \u00fcr\u00fcnlerin ger\u00e7ek olup olmad\u0131\u011f\u0131n\u0131 do\u011frulamak i\u00e7in kullan\u0131labilir ve bir \u00fcr\u00fcn\u00fcn orijinal mi yoksa sahte mi oldu\u011funu belirlemenin kolay bir yolunu sa\u011flar.<\/div>\n<\/li>\n<li>\n<div class=\"auto-hide-last-sibling-br paragraph_9dc5f paragraph-element\"><strong>Varl\u0131k Takibi<\/strong>: \u00d6zellikle y\u00fcksek de\u011ferli e\u015fyalar veya s\u0131kl\u0131kla ta\u015f\u0131nan \u00f6nemli ekipmanlar i\u00e7in varl\u0131klar\u0131n ger\u00e7ek zamanl\u0131 takip s\u00fcrecini basitle\u015ftirirler.<\/div>\n<\/li>\n<li>\n<div class=\"auto-hide-last-sibling-br paragraph_9dc5f paragraph-element\"><strong>Stok Y\u00f6netimi<\/strong>: Etiketler, manuel kontrolleri azaltarak ve do\u011fru say\u0131m\u0131 sa\u011flayarak depolarda veya perakende ma\u011fazalarda envanter y\u00f6netimine yard\u0131mc\u0131 olur.<\/div>\n<\/li>\n<li>\n<div class=\"auto-hide-last-sibling-br paragraph_9dc5f paragraph-element\"><strong>\u00d6deme<\/strong>: NFC etiketleri, bileklik \u00f6deme sistemleri gibi nakitsiz i\u015flemlerde, tek dokunu\u015fla h\u0131zl\u0131 ve g\u00fcvenli \u00f6deme yap\u0131lmas\u0131n\u0131 sa\u011flayan etiketlerdir.<\/div>\n<\/li>\n<li>\n<div class=\"auto-hide-last-sibling-br paragraph_9dc5f paragraph-element\"><strong>Sosyal Medya<\/strong>: NFC \u00e7\u0131kartmalar\u0131 sosyal medya hesaplar\u0131n\u0131 veya hashtag&#039;leri ba\u015flatacak \u015fekilde programlanabilir ve b\u00f6ylece tek dokunu\u015fla kusursuz bir sosyal medya deneyimi sa\u011flan\u0131r.<\/div>\n<\/li>\n<li>\n<div class=\"auto-hide-last-sibling-br paragraph_9dc5f paragraph-element\"><strong>Bileklikler<\/strong>: M\u00fczik festivalleri, fuarlar, spor m\u00fcsabakalar\u0131 gibi kolay eri\u015fim ve g\u00fcvenli \u00f6demenin gerekli oldu\u011fu etkinliklerde kullan\u0131l\u0131r.<\/div>\n<\/li>\n<\/ul>\n<div class=\"auto-hide-last-sibling-br paragraph_9dc5f paragraph-element\">Yukar\u0131da belirtilenler, Anti-Metal RFID NFC Etiketlerin \u00e7ok y\u00f6nl\u00fcl\u00fc\u011f\u00fcn\u00fcn sadece bir anl\u0131k g\u00f6r\u00fcnt\u00fcs\u00fcd\u00fcr. Her uygulama ek verimlilik, g\u00fcvenlik ve kolayl\u0131k sa\u011flamak \u00fczere tasarland\u0131\u011f\u0131ndan olas\u0131l\u0131klar sonsuzdur.<\/div>","protected":false},"excerpt":{"rendered":"<p>NTAG21x \u00e7iplere sahip Anti-Metal RFID NFC Etiketleri dayan\u0131kl\u0131, su ge\u00e7irmez ve lojistik, varl\u0131k y\u00f6netimi, \u00f6demeler ve daha fazlas\u0131 i\u00e7in m\u00fckemmeldir.<\/p>","protected":false},"featured_media":331,"template":"","meta":{"_kad_post_transparent":"default","_kad_post_title":"","_kad_post_layout":"default","_kad_post_sidebar_id":"","_kad_post_content_style":"default","_kad_post_vertical_padding":"default","_kad_post_feature":"","_kad_post_feature_position":"","_kad_post_header":false,"_kad_post_footer":false,"_kad_post_classname":""},"product_brand":[],"product_cat":[54],"product_tag":[145,144],"class_list":{"0":"post-330","1":"product","2":"type-product","3":"status-publish","4":"has-post-thumbnail","6":"product_cat-hot-selling-rfid-tags","7":"product_tag-anti-metal-nfc-tag","8":"product_tag-anti-metal-rfid-nfc-sticker","10":"first","11":"instock","12":"shipping-taxable","13":"product-type-simple","14":"entry","15":"content-bg","16":"loop-entry"},"_links":{"self":[{"href":"https:\/\/rfid-laundry-tag.com\/tr\/wp-json\/wp\/v2\/product\/330","targetHints":{"allow":["GET"]}}],"collection":[{"href":"https:\/\/rfid-laundry-tag.com\/tr\/wp-json\/wp\/v2\/product"}],"about":[{"href":"https:\/\/rfid-laundry-tag.com\/tr\/wp-json\/wp\/v2\/types\/product"}],"version-history":[{"count":1,"href":"https:\/\/rfid-laundry-tag.com\/tr\/wp-json\/wp\/v2\/product\/330\/revisions"}],"predecessor-version":[{"id":1854,"href":"https:\/\/rfid-laundry-tag.com\/tr\/wp-json\/wp\/v2\/product\/330\/revisions\/1854"}],"wp:featuredmedia":[{"embeddable":true,"href":"https:\/\/rfid-laundry-tag.com\/tr\/wp-json\/wp\/v2\/media\/331"}],"wp:attachment":[{"href":"https:\/\/rfid-laundry-tag.com\/tr\/wp-json\/wp\/v2\/media?parent=330"}],"wp:term":[{"taxonomy":"product_brand","embeddable":true,"href":"https:\/\/rfid-laundry-tag.com\/tr\/wp-json\/wp\/v2\/product_brand?post=330"},{"taxonomy":"product_cat","embeddable":true,"href":"https:\/\/rfid-laundry-tag.com\/tr\/wp-json\/wp\/v2\/product_cat?post=330"},{"taxonomy":"product_tag","embeddable":true,"href":"https:\/\/rfid-laundry-tag.com\/tr\/wp-json\/wp\/v2\/product_tag?post=330"}],"curies":[{"name":"wp","href":"https:\/\/api.w.org\/{rel}","templated":true}]}}