{"id":327,"date":"2024-06-28T07:06:49","date_gmt":"2024-06-28T07:06:49","guid":{"rendered":"https:\/\/rfid-laundry-tag.com\/?post_type=product&#038;p=327"},"modified":"2024-07-16T16:21:25","modified_gmt":"2024-07-16T16:21:25","slug":"rfid-1k-f08-inlay-sticker","status":"publish","type":"product","link":"https:\/\/rfid-laundry-tag.com\/tr\/rfid-1k-f08-inlay-sticker\/","title":{"rendered":"RFID 1K F08 G\u00f6mme etiket"},"content":{"rendered":"<div><strong>RFID NFC G\u00f6mme Par\u00e7alar\u0131<\/strong> iki t\u00fcrde gelir, \u0131slak ve kuru. Islak bir RFID NFC ek par\u00e7as\u0131 yap\u0131\u015fkan bir arka y\u00fczeyle gelirken, kuru olan\u0131n yoktur. Orijinal ekipman \u00fcreticileri (OEM&#039;ler) i\u00e7in \u00f6zel olarak tasarlanm\u0131\u015f 13,56 MHz&#039;de \u00e7al\u0131\u015fan bir etiket se\u00e7ene\u011fi sunarlar. Bu ek par\u00e7alar i\u00e7in hem ISO 15693 hem de 14443 NFC bellek yongalar\u0131 mevcuttur.<\/div>\n<div><\/div>\n<div class=\"text-title\"><strong><span class=\"magic-26\" style=\"font-family: Arial;\" data-spm-anchor-id=\"a2700.details.0.i47.6f4d7d7dnursE7\">Kuru kakma<\/span><\/strong><\/div>\n<div class=\"text-content\">\n<p><span class=\"magic-6\" style=\"font-family: Arial;\">Basit\u00e7e s\u00f6ylemek gerekirse, RFID kuru yerle\u015ftirme, RFID \u00e7ipi ve antenin birle\u015fimidir. NFC etiketi, RFID etiketi, RFID bileti ve \u00e7e\u015fitli RFID etiketleri yapmak i\u00e7in kullan\u0131labilir. <\/span><\/p>\n<div data-spm-anchor-id=\"a2700.details.0.i46.6f4d7d7dnursE7\">\n<p><span class=\"magic-6\" style=\"font-family: Arial;\"> Kuru kakma anteni, bak\u0131r bobine k\u0131yasla daha ince olan al\u00fcminyum a\u015f\u0131nd\u0131rmad\u0131r. Antenin \u015fekli \u00f6zelle\u015ftirilebilir ve talep \u00fczerine yeniden tasarlanabilir.<\/span><\/p>\n<p>&nbsp;<\/p>\n<\/div>\n<\/div>\n<div>\n<div class=\"text-title\"><strong><span class=\"magic-26\" style=\"font-family: Arial;\">Islak kakma<\/span><\/strong><\/div>\n<div class=\"text-content\">\n<p><span class=\"magic-6\" style=\"font-family: Arial;\" data-spm-anchor-id=\"a2700.details.0.i49.6f4d7d7dnursE7\">Yap\u0131\u015ft\u0131r\u0131c\u0131 ile eklenen RFID kuru yerle\u015ftirmeye \u0131slak yerle\u015ftirme denir. Y\u00fczeyde herhangi bir bask\u0131ya ihtiyac\u0131n\u0131z yoksa, do\u011frudan bir RFID etiketi veya NFC \u00e7\u0131kartmas\u0131 olarak kullan\u0131labilir. Nesnelere yap\u0131\u015ft\u0131r\u0131lmas\u0131 maliyetten tasarruf sa\u011flayabilir ve ayn\u0131 amaca ula\u015fabilir. Ayr\u0131ca RFID etiketleri yap\u0131m\u0131nda da yayg\u0131n olarak kullan\u0131l\u0131r. Islak yerle\u015ftirmenin anteni, bak\u0131r bobine k\u0131yasla daha ince olan al\u00fcminyum a\u015f\u0131nd\u0131rmad\u0131r. Antenin \u015fekli talep \u00fczerine \u00f6zelle\u015ftirilebilir ve yeniden tasarlanabilir.<\/span><\/p>\n<div><\/div>\n<div data-spm-anchor-id=\"a2700.details.0.i48.6f4d7d7dnursE7\">\n<table class=\"hight-light-first-column all magic-14\">\n<tbody>\n<tr>\n<td colspan=\"1\" rowspan=\"1\">\n<div class=\"magic-15\"><b>Malzeme<\/b><\/div>\n<\/td>\n<td colspan=\"1\" rowspan=\"1\">\n<div class=\"magic-16\" data-spm-anchor-id=\"a2700.details.0.i34.21f6414cWQ4Zrf\">Ka\u011f\u0131t \/Termal ka\u011f\u0131t \/Kuma\u015f \/PVC\/PET<\/div>\n<\/td>\n<\/tr>\n<tr>\n<td colspan=\"1\" rowspan=\"1\">\n<div class=\"magic-15\"><b>Boyut<\/b><\/div>\n<\/td>\n<td colspan=\"1\" rowspan=\"1\">\n<div class=\"magic-16\">Dia18mm,Dia20mm,Dia22mm,Dia25mm,18*56mm,25*25mm, 30*30mm, 40*40mm veya \u00d6zelle\u015ftirilmi\u015f boyut.<\/div>\n<\/td>\n<\/tr>\n<tr>\n<td colspan=\"1\" rowspan=\"1\">\n<div class=\"magic-15\"><b>Bask\u0131<\/b><\/div>\n<\/td>\n<td colspan=\"1\" rowspan=\"1\">\n<div class=\"magic-16\">Yazd\u0131rmaya gerek yok<\/div>\n<\/td>\n<\/tr>\n<tr>\n<td colspan=\"1\" rowspan=\"1\">\n<div class=\"magic-15\"><b>Mevcut \u00c7ip<\/b><\/div>\n<\/td>\n<td colspan=\"1\" rowspan=\"1\">\n<div class=\"magic-16\">\n<p>RFID 1K F08<\/p>\n<\/div>\n<\/td>\n<\/tr>\n<tr>\n<td colspan=\"1\" rowspan=\"1\">\n<div class=\"magic-21\"><b>Protokol\uff1a<\/b><\/div>\n<\/td>\n<td colspan=\"4\" rowspan=\"1\">\n<div class=\"magic-22\">ISO\/IEC 14443 Tip A<\/div>\n<\/td>\n<\/tr>\n<tr>\n<td colspan=\"1\" rowspan=\"1\">\n<div class=\"magic-26\"><b>El sanatlar\u0131:<\/b><\/div>\n<\/td>\n<td colspan=\"4\" rowspan=\"1\">\n<div class=\"magic-22\" data-spm-anchor-id=\"a2700.details.0.i33.21f6414cWQ4Zrf\">Bask\u0131, barkod, QR kod vb.<\/div>\n<\/td>\n<\/tr>\n<\/tbody>\n<\/table>\n<\/div>\n<\/div>\n<\/div>","protected":false},"excerpt":{"rendered":"<p>RFID 1K F08 G\u00f6mme etiket veya Transponder, bir t\u00fcr bitmemi\u015f bile\u015fen, biletler, rozetler, etiketler veya kartlar gibi \u00e7e\u015fitli \u00f6\u011felere d\u00f6n\u00fc\u015ft\u00fcr\u00fclebilir. Ayn\u0131 zamanda, bu HF NFC RFID g\u00f6mlekleri, \u00f6zel ihtiya\u00e7lar\u0131n\u0131z\u0131 kar\u015f\u0131lamak \u00fczere \u00f6zelle\u015ftirilmi\u015f bir dizi boyutta \u00fcretilebilir.<\/p>","protected":false},"featured_media":328,"template":"","meta":{"_kad_post_transparent":"default","_kad_post_title":"","_kad_post_layout":"default","_kad_post_sidebar_id":"","_kad_post_content_style":"default","_kad_post_vertical_padding":"default","_kad_post_feature":"","_kad_post_feature_position":"","_kad_post_header":false,"_kad_post_footer":false,"_kad_post_classname":""},"product_brand":[],"product_cat":[54,189],"product_tag":[112,141],"class_list":{"0":"post-327","1":"product","2":"type-product","3":"status-publish","4":"has-post-thumbnail","6":"product_cat-hot-selling-rfid-tags","7":"product_cat-rfid-inlay","8":"product_tag-13-56mhz-rfid-inlay","9":"product_tag-rfid-1k-f08-inlay-sticker","11":"first","12":"instock","13":"shipping-taxable","14":"product-type-simple","15":"entry","16":"content-bg","17":"loop-entry"},"_links":{"self":[{"href":"https:\/\/rfid-laundry-tag.com\/tr\/wp-json\/wp\/v2\/product\/327","targetHints":{"allow":["GET"]}}],"collection":[{"href":"https:\/\/rfid-laundry-tag.com\/tr\/wp-json\/wp\/v2\/product"}],"about":[{"href":"https:\/\/rfid-laundry-tag.com\/tr\/wp-json\/wp\/v2\/types\/product"}],"version-history":[{"count":1,"href":"https:\/\/rfid-laundry-tag.com\/tr\/wp-json\/wp\/v2\/product\/327\/revisions"}],"predecessor-version":[{"id":718,"href":"https:\/\/rfid-laundry-tag.com\/tr\/wp-json\/wp\/v2\/product\/327\/revisions\/718"}],"wp:featuredmedia":[{"embeddable":true,"href":"https:\/\/rfid-laundry-tag.com\/tr\/wp-json\/wp\/v2\/media\/328"}],"wp:attachment":[{"href":"https:\/\/rfid-laundry-tag.com\/tr\/wp-json\/wp\/v2\/media?parent=327"}],"wp:term":[{"taxonomy":"product_brand","embeddable":true,"href":"https:\/\/rfid-laundry-tag.com\/tr\/wp-json\/wp\/v2\/product_brand?post=327"},{"taxonomy":"product_cat","embeddable":true,"href":"https:\/\/rfid-laundry-tag.com\/tr\/wp-json\/wp\/v2\/product_cat?post=327"},{"taxonomy":"product_tag","embeddable":true,"href":"https:\/\/rfid-laundry-tag.com\/tr\/wp-json\/wp\/v2\/product_tag?post=327"}],"curies":[{"name":"wp","href":"https:\/\/api.w.org\/{rel}","templated":true}]}}