{"id":3242,"date":"2026-01-13T13:41:34","date_gmt":"2026-01-13T13:41:34","guid":{"rendered":"https:\/\/rfid-laundry-tag.com\/?post_type=product&#038;p=3242"},"modified":"2026-03-12T10:03:35","modified_gmt":"2026-03-12T10:03:35","slug":"mifare-s50-rfid-inlay","status":"publish","type":"product","link":"https:\/\/rfid-laundry-tag.com\/tr\/mifare-s50-rfid-inlay\/","title":{"rendered":"MIFARE S50 RFID Dahili"},"content":{"rendered":"<h2>MIFARE S50 RFID Dahili<\/h2>\n<p><span class=\"ng-star-inserted\">The <a href=\"https:\/\/rfid-laundry-tag.com\/tr\/rfid-inlay\/\">MIFARE S50\u00a0<\/a><\/span><strong class=\"ng-star-inserted\"><span class=\"ng-star-inserted\">RFID G\u00f6mme<\/span><\/strong><span class=\"ng-star-inserted\">\u00a0Bu, operasyonlar\u0131n\u0131z\u0131 kolayla\u015ft\u0131rmak, g\u00fcvenli\u011fi art\u0131rmak ve \u00e7ok \u00e7e\u015fitli uygulamalarda kullan\u0131c\u0131 deneyimlerini y\u00fckseltmek i\u00e7in tasarlanm\u0131\u015f son teknoloji bir \u00e7\u00f6z\u00fcmd\u00fcr. Bu g\u00fc\u00e7l\u00fc ancak gizli teknoloji, eri\u015fimi zahmetsizce y\u00f6netmenizi, \u00f6demeleri i\u015flemenizi, varl\u0131klar\u0131 izlemenizi ve m\u00fc\u015fterilerle yenilik\u00e7i yollarla etkile\u015fim kurman\u0131z\u0131 sa\u011flar. Bu \u00fcr\u00fcn, benzersiz g\u00fcvenilirlik, uyumluluk ve entegrasyon kolayl\u0131\u011f\u0131 sundu\u011fu i\u00e7in sat\u0131n almaya de\u011ferdir ve RFID&#039;nin g\u00fcc\u00fcnden yararlanmak isteyen i\u015fletmeler i\u00e7in ideal bir se\u00e7imdir. \u0130ster g\u00fcvenli eri\u015fim kontrol\u00fc uygulamak, ister sorunsuz bir nakitsiz \u00f6deme sistemi olu\u015fturmak veya envanter y\u00f6netiminizi devrimle\u015ftirmek istiyor olun, <a href=\"https:\/\/rfid-laundry-tag.com\/tr\/rfid-inlay\/\">MIFARE S50\u00a0<\/a><\/span><strong class=\"ng-star-inserted\"><span class=\"ng-star-inserted\">RFID G\u00f6mme<\/span><\/strong><span class=\"ng-star-inserted\">\u00a0Ba\u015far\u0131l\u0131 olman\u0131z i\u00e7in gereken performans\u0131 ve \u00e7ok y\u00f6nl\u00fcl\u00fc\u011f\u00fc sunar. Basit\u00e7e s\u00f6ylemek gerekirse, bu \u00fcr\u00fcn olmazsa olmazd\u0131r.<\/span><\/p>\n<table class=\"has-title all magic-13\">\n<tbody>\n<tr>\n<td colspan=\"1\" rowspan=\"1\">\n<div class=\"magic-14\" data-spm-anchor-id=\"a2700.details.0.i37.2ec61361oDo4aX\">\u00dcr\u00fcn ad\u0131<\/div>\n<\/td>\n<td colspan=\"1\" rowspan=\"1\">\n<div class=\"magic-15\">MIFARE S50 RFID Dahili<\/div>\n<\/td>\n<\/tr>\n<tr>\n<td colspan=\"1\" rowspan=\"1\">\n<div class=\"magic-14\">\u00c7ip<\/div>\n<\/td>\n<td colspan=\"1\" rowspan=\"1\">\n<div class=\"magic-15\">MIFARE Klasik\u00ae 1K<\/div>\n<\/td>\n<\/tr>\n<tr>\n<td colspan=\"1\" rowspan=\"1\">\n<div class=\"magic-14\">S\u0131kl\u0131k<\/div>\n<\/td>\n<td colspan=\"1\" rowspan=\"1\">\n<div class=\"magic-15\">13.56MHZ<\/div>\n<\/td>\n<\/tr>\n<tr>\n<td colspan=\"1\" rowspan=\"1\">\n<div class=\"magic-14\">Okuma Mesafesi<\/div>\n<\/td>\n<td colspan=\"1\" rowspan=\"1\">\n<div class=\"magic-15\">1-5 CM<\/div>\n<\/td>\n<\/tr>\n<tr>\n<td colspan=\"1\" rowspan=\"1\">\n<div class=\"magic-14\">Malzeme<\/div>\n<\/td>\n<td colspan=\"1\" rowspan=\"1\">\n<div class=\"magic-15\">Kaplamal\u0131 Ka\u011f\u0131t<\/div>\n<\/td>\n<\/tr>\n<tr>\n<td colspan=\"1\" rowspan=\"1\">\n<div class=\"magic-14\">Alt tabaka<\/div>\n<\/td>\n<td colspan=\"1\" rowspan=\"1\">\n<div class=\"magic-15\">EVDE BESLENEN HAYVAN<\/div>\n<\/td>\n<\/tr>\n<tr>\n<td colspan=\"1\" rowspan=\"1\">\n<div class=\"magic-14\">\u00c7ap 50 mmBoyut<\/div>\n<\/td>\n<td colspan=\"1\" rowspan=\"1\">\n<div class=\"magic-15\">\u00c7ap 25mm veya \u00f6zelle\u015ftirme<\/div>\n<\/td>\n<\/tr>\n<tr>\n<td colspan=\"1\" rowspan=\"1\">\n<div class=\"magic-14\">\u00c7al\u0131\u015fma Modu<\/div>\n<\/td>\n<td colspan=\"1\" rowspan=\"1\">\n<div class=\"magic-15\">Pasif<\/div>\n<\/td>\n<\/tr>\n<tr>\n<td colspan=\"1\" rowspan=\"1\">\n<div class=\"magic-14\">Yazma D\u00f6ng\u00fcleri<\/div>\n<\/td>\n<td colspan=\"1\" rowspan=\"1\">\n<div class=\"magic-15\">100000<\/div>\n<\/td>\n<\/tr>\n<tr>\n<td colspan=\"1\" rowspan=\"1\">\n<div class=\"magic-14\">\u00c7al\u0131\u015fma s\u0131cakl\u0131\u011f\u0131 \/ nem<\/div>\n<\/td>\n<td colspan=\"1\" rowspan=\"1\">\n<div class=\"magic-15\">-40~70\u2103\/20%~90% Ba\u011f\u0131l Nem<\/div>\n<\/td>\n<\/tr>\n<tr>\n<td colspan=\"1\" rowspan=\"1\">\n<div class=\"magic-14\">Depolama s\u0131cakl\u0131\u011f\u0131 \/ nem<\/div>\n<\/td>\n<td colspan=\"1\" rowspan=\"1\">\n<div class=\"magic-15\">-20~50\u2103 \/ 20%~90% RH(Yo\u011fu\u015fmas\u0131z).<\/div>\n<\/td>\n<\/tr>\n<tr>\n<td colspan=\"1\" rowspan=\"1\">\n<div class=\"magic-14\">\u00d6rnek Mevcutlu\u011fu<\/div>\n<\/td>\n<td colspan=\"1\" rowspan=\"1\">\n<div class=\"magic-15\">Talep \u00fczerine \u00fccretsiz numuneler mevcuttur<\/div>\n<\/td>\n<\/tr>\n<tr>\n<td colspan=\"1\" rowspan=\"1\">\n<div class=\"magic-14\">Ambalajlama<\/div>\n<\/td>\n<td colspan=\"1\" rowspan=\"1\">\n<div class=\"magic-15\">1000-5000 adet\/rulo, 4 rulo\/karton<\/div>\n<\/td>\n<\/tr>\n<tr>\n<td colspan=\"1\" rowspan=\"1\">\n<div class=\"magic-14\">\n<p>Ba\u015fvuru<\/p>\n<div><\/div>\n<\/div>\n<\/td>\n<td colspan=\"1\" rowspan=\"1\">\n<div class=\"magic-15\" data-spm-anchor-id=\"a2700.details.0.i47.2ec61361oDo4aX\">G\u00fcvenli Giri\u015f Kontrol\u00fc\/Nakitsiz \u00d6deme \u00dcyelik ve sadakat programlar\u0131 Etkinlik Eri\u015fimi ve Markala\u015fma\/Sosyal Medya\/Perakende<br \/>\n\u00c7evre\/Oyunlar ve Oyuncaklar Konum\/Elektronik\/Ticari Fuarlar\/Etkinlikler\/\u00c7a\u011fr\u0131 talebi\/Kartvizitler<\/div>\n<\/td>\n<\/tr>\n<\/tbody>\n<\/table>\n<p>&nbsp;<\/p>\n<p>MIFARE S50<a href=\"https:\/\/rfid-laundry-tag.com\/tr\/rfid-inlay\/\"> RFID G\u00f6mme\u00a0<\/a>Modern uygulamalar\u0131n artan taleplerini kar\u015f\u0131lamak i\u00e7in tasarlanm\u0131\u015f \u00e7ok y\u00f6nl\u00fc bir \u00e7\u00f6z\u00fcmd\u00fcr. 13,56 MHz frekans\u0131nda \u00e7al\u0131\u015fan bu NFC \u00f6zellikli ek par\u00e7a, kullan\u0131c\u0131 dostu i\u015flevsellik sa\u011flarken MIFARE Classic teknolojisinin t\u00fcm temel \u00f6zelliklerini korur. 25 mm \u00e7ap\u0131nda ve 0,5 mm kal\u0131nl\u0131\u011f\u0131ndaki kompakt boyutuyla, \u00e7e\u015fitli uygulamalarda tak\u0131lmas\u0131 ve kullan\u0131lmas\u0131 kolay olan kullan\u0131\u015fl\u0131 bir bo\u015f madeni para etiketi \u00e7\u0131kartmas\u0131 bi\u00e7iminde mevcuttur. \u00d6deme sistemleri, eri\u015fim kontrol\u00fc veya kimliklendirme i\u00e7in RFID \u00e7\u00f6z\u00fcmleri ar\u0131yor olun, MIFARE Classic 1K Ek Par\u00e7a e\u015fsiz g\u00fcvenilirlik ve performans sunar.<\/p>\n<h3>Neden MIFARE S50 RFID Inlay&#039;i Se\u00e7melisiniz?<\/h3>\n<ul>\n<li><strong>Kolay Entegrasyon<\/strong>\u00d6deme sistemlerinden etkinlik biletlerine kadar \u00e7e\u015fitli uygulamalar i\u00e7in ideal olan bu eklenti, mevcut platformlara sorunsuz bir \u015fekilde entegre olur.<\/li>\n<li><strong>Maliyet Etkin \u00c7\u00f6z\u00fcm<\/strong>:D\u00fc\u015f\u00fck fiyat\u0131, y\u00fcksek kalitesi ve dayan\u0131kl\u0131 tasar\u0131m\u0131yla performanstan \u00f6d\u00fcn vermeden ekonomik bir se\u00e7enek sunuyor.<\/li>\n<li><strong>Kullan\u0131c\u0131 dostu<\/strong>:Bo\u015f etiket format\u0131 kolay etiketleme ve \u00f6zel uygulamalara olanak vererek kullan\u0131c\u0131 deneyimini geli\u015ftirir.<\/li>\n<\/ul>\n<h3>NFC Teknolojisi A\u00e7\u0131kland\u0131<\/h3>\n<p>NFC (Yak\u0131n Alan \u0130leti\u015fimi) teknolojisi, altyap\u0131s\u0131n\u0131 olu\u015fturmaktad\u0131r. <strong>MIFARE Klasik 1K G\u00f6mme<\/strong>. Bu teknoloji sayesinde, entegre plaka cihazlar aras\u0131nda temass\u0131z veri al\u0131\u015fveri\u015fini m\u00fcmk\u00fcn k\u0131l\u0131yor. Bu \u00f6zellik sadece kart ve okuyucu etkile\u015fimleriyle s\u0131n\u0131rl\u0131 kalmay\u0131p, mobil \u00f6demeleri ve g\u00fcvenli eri\u015fim kontrol\u00fcn\u00fc de kolayla\u015ft\u0131r\u0131yor.<\/p>\n<h3>MIFARE Classic 1K&#039;n\u0131n Temel Avantajlar\u0131<\/h3>\n<ul>\n<li><strong>Geli\u015fmi\u015f G\u00fcvenlik<\/strong>:Benzersiz 4 baytl\u0131k UID ile MIFARE Classic 1K Inlay, veri \u00e7o\u011falt\u0131lmas\u0131n\u0131 \u00f6nlemeye yard\u0131mc\u0131 olur ve uygulamalar\u0131n\u0131za ekstra bir g\u00fcvenlik katman\u0131 ekler.<\/li>\n<li><strong>\u00c7ok y\u00f6nl\u00fcl\u00fck<\/strong>: Perakendeden ula\u015f\u0131ma kadar \u00e7e\u015fitli temass\u0131z uygulamalar i\u00e7in uygundur ve kullan\u0131c\u0131 etkile\u015fimini art\u0131r\u0131r.<\/li>\n<li><strong>Uyumluluk<\/strong>: ACR122U okuyucu\/yaz\u0131c\u0131 ve di\u011fer MIFARE Classic cihazlar\u0131yla tam uyumludur ve bu sayede NFC cephaneli\u011finizde evrensel bir ara\u00e7 haline gelir.<\/li>\n<\/ul>\n<h3>Kullan\u0131m Talimatlar\u0131<\/h3>\n<p>MIFARE S50 RFID Inlay&#039;i kullanmak i\u00e7in, birlikte verilen yap\u0131\u015fkanl\u0131 arka y\u00fczeyi kullanarak istedi\u011finiz y\u00fczeye yap\u0131\u015ft\u0131rman\u0131z yeterlidir. En iyi yap\u0131\u015fma i\u00e7in y\u00fczeyin temiz ve kuru oldu\u011fundan emin olun. Yap\u0131\u015ft\u0131r\u0131ld\u0131ktan sonra, inlay, NFC \u00f6zellikli bir cihaz veya ACR122U gibi uyumlu bir okuyucu kullan\u0131larak okunabilir ve \u00fczerine veri yaz\u0131labilir.<\/p>\n<h3>\u00c7evresel Etki<\/h3>\n<p>MIFARE S50 RFID Inlay, \u00e7evreye duyarl\u0131 bir \u015fekilde \u00fcretilmi\u015ftir. Dayan\u0131kl\u0131 ve geri d\u00f6n\u00fc\u015ft\u00fcr\u00fclebilir malzemelerin kullan\u0131m\u0131, ki\u015fisel veya i\u015f ihtiya\u00e7lar\u0131n\u0131za katk\u0131da bulunurken ayn\u0131 zamanda \u00e7evre dostu uygulamalara da kat\u0131lman\u0131z\u0131 sa\u011flar.<\/p>\n<h2 class=\"ng-star-inserted\"><strong class=\"ng-star-inserted\"><span class=\"ng-star-inserted\">RFID Etiketi ve Yerle\u015ftirme: S\u0131n\u0131rs\u0131z Uygulama Olanaklar\u0131<\/span><\/strong><\/h2>\n<p class=\"ng-star-inserted\"><span class=\"ng-star-inserted\">MIFARE S50 RFID Dahili Plaka<\/span><span class=\"ng-star-inserted\">\u00a0Bu, a\u015fa\u011f\u0131dakiler de dahil olmak \u00fczere \u00e7ok \u00e7e\u015fitli uygulamalarda kullan\u0131labilen \u00e7ok y\u00f6nl\u00fc bir \u00e7\u00f6z\u00fcmd\u00fcr:<\/span><\/p>\n<ul class=\"ng-star-inserted\">\n<li class=\"ng-star-inserted\">\n<p class=\"ng-star-inserted\"><strong class=\"ng-star-inserted\"><span class=\"ng-star-inserted\">G\u00fcvenli Giri\u015f Kontrol\u00fc:<\/span><\/strong><span class=\"ng-star-inserted\">\u00a0Yetkili personele eri\u015fim izni verin ve yetkisiz giri\u015fleri engelleyin. Ofisler, etkinlikler ve k\u0131s\u0131tl\u0131 alanlar i\u00e7in idealdir.<\/span><\/p>\n<\/li>\n<li class=\"ng-star-inserted\">\n<p class=\"ng-star-inserted\"><strong class=\"ng-star-inserted\"><span class=\"ng-star-inserted\">Nakitsiz \u00d6deme:<\/span><\/strong><span class=\"ng-star-inserted\">\u00a0Tema parklar\u0131, tatil k\u00f6yleri ve \u015firket kamp\u00fcsleri gibi kapal\u0131 devre ortamlarda sorunsuz ve g\u00fcvenli \u00f6demeleri m\u00fcmk\u00fcn k\u0131l\u0131n.<\/span><\/p>\n<\/li>\n<li class=\"ng-star-inserted\">\n<p class=\"ng-star-inserted\"><strong class=\"ng-star-inserted\"><span class=\"ng-star-inserted\">\u00dcyelik ve Sadakat Programlar\u0131:<\/span><\/strong><span class=\"ng-star-inserted\">\u00a0\u00dcyelerin faaliyetlerini takip edin, sad\u0131k m\u00fc\u015fterileri \u00f6d\u00fcllendirin ve deneyimleri ki\u015fiselle\u015ftirin.<\/span><\/p>\n<\/li>\n<li class=\"ng-star-inserted\">\n<p class=\"ng-star-inserted\"><strong class=\"ng-star-inserted\"><span class=\"ng-star-inserted\">Etkinli\u011fe Eri\u015fim ve Markalama:<\/span><\/strong><span class=\"ng-star-inserted\">\u00a0Kay\u0131t i\u015flemlerini kolayla\u015ft\u0131r\u0131n, de\u011ferli veriler toplay\u0131n ve kat\u0131l\u0131mc\u0131 etkile\u015fimini art\u0131r\u0131n.<\/span><\/p>\n<\/li>\n<li class=\"ng-star-inserted\">\n<p class=\"ng-star-inserted\"><strong class=\"ng-star-inserted\"><span class=\"ng-star-inserted\">Sosyal Medya:<\/span><\/strong><span class=\"ng-star-inserted\">\u00a0Tan\u0131t\u0131m materyallerine etkile\u015fimli i\u00e7erikler ekleyerek, kullan\u0131c\u0131lar\u0131n markan\u0131zla \u00e7evrimi\u00e7i olarak ba\u011flant\u0131 kurmas\u0131n\u0131 sa\u011flayan etkile\u015fimli deneyimler olu\u015fturun.<\/span><\/p>\n<\/li>\n<li class=\"ng-star-inserted\">\n<p class=\"ng-star-inserted\"><strong class=\"ng-star-inserted\"><span class=\"ng-star-inserted\">Perakende Ortam\u0131:<\/span><\/strong><span class=\"ng-star-inserted\">\u00a0Stoklar\u0131 y\u00f6netin, h\u0131rs\u0131zl\u0131\u011f\u0131 \u00f6nleyin ve m\u00fc\u015fteri davran\u0131\u015flar\u0131 hakk\u0131nda de\u011ferli bilgiler edinin.<\/span><\/p>\n<\/li>\n<li class=\"ng-star-inserted\">\n<p class=\"ng-star-inserted\"><strong class=\"ng-star-inserted\"><span class=\"ng-star-inserted\">Oyunlar ve Oyuncaklar:<\/span><\/strong><span class=\"ng-star-inserted\">\u00a0Oyuncaklara ve oyunlara yeni bir etkile\u015fim ve kat\u0131l\u0131m boyutu ekleyin.<\/span><\/p>\n<\/li>\n<li class=\"ng-star-inserted\">\n<p class=\"ng-star-inserted\"><strong class=\"ng-star-inserted\"><span class=\"ng-star-inserted\">Konum:<\/span><\/strong><span class=\"ng-star-inserted\">\u00a0Varl\u0131klar\u0131n takibini yap\u0131n, hareketlerini izleyin ve lojistik verimlili\u011fini art\u0131r\u0131n.<\/span><\/p>\n<\/li>\n<li class=\"ng-star-inserted\">\n<p class=\"ng-star-inserted\"><strong class=\"ng-star-inserted\"><span class=\"ng-star-inserted\">Elektronik:<\/span><\/strong><span class=\"ng-star-inserted\">\u00a0Elektronik cihazlara kimlik do\u011frulama, izleme ve sahtecili\u011fe kar\u015f\u0131 koruma ama\u00e7l\u0131 yerle\u015fik kodlar yerle\u015ftirin.<\/span><\/p>\n<\/li>\n<li class=\"ng-star-inserted\">\n<p class=\"ng-star-inserted\"><strong class=\"ng-star-inserted\"><span class=\"ng-star-inserted\">Ticaret Fuarlar\u0131\/Etkinlikler:<\/span><\/strong><span class=\"ng-star-inserted\">\u00a0Potansiyel m\u00fc\u015fteri bulmay\u0131 kolayla\u015ft\u0131r\u0131n, kat\u0131l\u0131mc\u0131lar\u0131n ilgi alanlar\u0131n\u0131 takip edin ve etkile\u015fimli deneyimler sunun.<\/span><\/p>\n<\/li>\n<li class=\"ng-star-inserted\">\n<p class=\"ng-star-inserted\"><strong class=\"ng-star-inserted\"><span class=\"ng-star-inserted\">\u00c7a\u011fr\u0131 Talebi:<\/span><\/strong><span class=\"ng-star-inserted\">\u00a0Kullan\u0131c\u0131lar\u0131n tek bir dokunu\u015fla bilgi veya yard\u0131m talebinde bulunmalar\u0131n\u0131 sa\u011flay\u0131n.<\/span><\/p>\n<\/li>\n<li class=\"ng-star-inserted\">\n<p class=\"ng-star-inserted\"><strong class=\"ng-star-inserted\"><span class=\"ng-star-inserted\">Kartvizitler:<\/span><\/strong><span class=\"ng-star-inserted\">\u00a0Geleneksel kartvizitleri, a\u011f olu\u015fturma ve bilgi payla\u015f\u0131m\u0131 i\u00e7in etkile\u015fimli ara\u00e7lara d\u00f6n\u00fc\u015ft\u00fcr\u00fcn.<\/span><\/p>\n<\/li>\n<\/ul>\n<h2>SSS<\/h2>\n<ul>\n<li><strong>MIFARE S50 RFID Inlay&#039;in menzili nedir?<\/strong><br \/>\nTipik NFC okuyucu cihazlar\u0131 kullan\u0131ld\u0131\u011f\u0131nda etkili menzil genellikle yakla\u015f\u0131k 10 cm&#039;dir.<\/li>\n<li><strong>MIFARE S50 RFID Inlay&#039;i \u00f6zelle\u015ftirebilir miyim?<\/strong><br \/>\nEvet, kakmalar \u00f6zel verilerle bas\u0131labilir veya kodlanabilir, bu da onlar\u0131 \u00e7e\u015fitli uygulamalar i\u00e7in uygun hale getirir.<\/li>\n<li><strong>MIFARE S50 RFID Inlay su ge\u00e7irmez mi?<\/strong><br \/>\nG\u00f6mme par\u00e7alar orta d\u00fczeydeki \u00e7evre ko\u015fullar\u0131na dayanacak \u015fekilde tasarlanm\u0131\u015f olsa da, optimum i\u015flevselli\u011fin korunmas\u0131 i\u00e7in uzun s\u00fcre suya maruz b\u0131rak\u0131lmamas\u0131 \u00f6nerilir.<\/li>\n<\/ul>","protected":false},"excerpt":{"rendered":"<p>MIFARE S50 RFID Inlay, \u00e7e\u015fitli ortamlarda g\u00fcvenli, temass\u0131z uygulamalar i\u00e7in 1K belle\u011fe sahip \u00e7ok y\u00f6nl\u00fc bir NFC \u00e7\u00f6z\u00fcm\u00fcd\u00fcr.<\/p>","protected":false},"featured_media":3243,"template":"","meta":{"_kad_post_transparent":"default","_kad_post_title":"","_kad_post_layout":"default","_kad_post_sidebar_id":"","_kad_post_content_style":"default","_kad_post_vertical_padding":"default","_kad_post_feature":"","_kad_post_feature_position":"","_kad_post_header":false,"_kad_post_footer":false,"_kad_post_classname":""},"product_brand":[],"product_cat":[189],"product_tag":[398,111,194,393,108,399],"class_list":{"0":"post-3242","1":"product","2":"type-product","3":"status-publish","4":"has-post-thumbnail","6":"product_cat-rfid-inlay","7":"product_tag-mifare-s50-rfid-inlay","8":"product_tag-nfc-inlay","9":"product_tag-nfc-rfid-inlay","10":"product_tag-nfc-wet-inlay-sticker-tag-clear","11":"product_tag-rfid-inlay","12":"product_tag-rfid-inlay-factory","14":"first","15":"instock","16":"shipping-taxable","17":"product-type-simple","18":"entry","19":"content-bg","20":"loop-entry"},"_links":{"self":[{"href":"https:\/\/rfid-laundry-tag.com\/tr\/wp-json\/wp\/v2\/product\/3242","targetHints":{"allow":["GET"]}}],"collection":[{"href":"https:\/\/rfid-laundry-tag.com\/tr\/wp-json\/wp\/v2\/product"}],"about":[{"href":"https:\/\/rfid-laundry-tag.com\/tr\/wp-json\/wp\/v2\/types\/product"}],"version-history":[{"count":1,"href":"https:\/\/rfid-laundry-tag.com\/tr\/wp-json\/wp\/v2\/product\/3242\/revisions"}],"predecessor-version":[{"id":3247,"href":"https:\/\/rfid-laundry-tag.com\/tr\/wp-json\/wp\/v2\/product\/3242\/revisions\/3247"}],"wp:featuredmedia":[{"embeddable":true,"href":"https:\/\/rfid-laundry-tag.com\/tr\/wp-json\/wp\/v2\/media\/3243"}],"wp:attachment":[{"href":"https:\/\/rfid-laundry-tag.com\/tr\/wp-json\/wp\/v2\/media?parent=3242"}],"wp:term":[{"taxonomy":"product_brand","embeddable":true,"href":"https:\/\/rfid-laundry-tag.com\/tr\/wp-json\/wp\/v2\/product_brand?post=3242"},{"taxonomy":"product_cat","embeddable":true,"href":"https:\/\/rfid-laundry-tag.com\/tr\/wp-json\/wp\/v2\/product_cat?post=3242"},{"taxonomy":"product_tag","embeddable":true,"href":"https:\/\/rfid-laundry-tag.com\/tr\/wp-json\/wp\/v2\/product_tag?post=3242"}],"curies":[{"name":"wp","href":"https:\/\/api.w.org\/{rel}","templated":true}]}}