{"id":324,"date":"2024-06-28T06:46:40","date_gmt":"2024-06-28T06:46:40","guid":{"rendered":"https:\/\/rfid-laundry-tag.com\/?post_type=product&#038;p=324"},"modified":"2024-08-14T16:46:59","modified_gmt":"2024-08-14T16:46:59","slug":"nxp-ntag213-nfc-inlay-144byte","status":"publish","type":"product","link":"https:\/\/rfid-laundry-tag.com\/tr\/nxp-ntag213-nfc-inlay-144byte\/","title":{"rendered":"NXP Ntag213 NFC G\u00f6mme 144Byte"},"content":{"rendered":"<div>\n<div>NXP Ntag213 NFC G\u00f6mme 144Byte<\/div>\n<div><\/div>\n<div>RFID NFC \u0130nleyler, radyo frekans\u0131 tabanl\u0131 sistemlerin optimize edilmi\u015f \u015fekilde \u00e7al\u0131\u015fmas\u0131nda \u00f6nemli bir rol oynar.<\/div>\n<div>\u00d6zellikle 144byte kapasiteli NXP Ntag213 NFC Inlay&#039;i g\u00f6z \u00f6n\u00fcnde bulundurdu\u011funuzda bu durum daha da ge\u00e7erli olabilir.<\/div>\n<div>Bu kakmalar \u0131slak ve kuru olmak \u00fczere iki formda gelir ve her biri farkl\u0131 bir amaca hizmet eder.<\/div>\n<div><\/div>\n<div><\/div>\n<div class=\"auto-hide-last-sibling-br paragraph_9dc5f paragraph-element\">NTAG213 \u00e7ipi a\u015fa\u011f\u0131daki gibi \u00e7e\u015fitli avantajlar sunmaktad\u0131r:<\/div>\n<p>&nbsp;<\/p>\n<ul class=\"auto-hide-last-sibling-br\">\n<li>Temass\u0131z enerji ve veri transferi<\/li>\n<li>H\u0131zl\u0131 okuma yetene\u011fi<\/li>\n<li>Geli\u015fmi\u015f RF performans\u0131<\/li>\n<li>Parola korumas\u0131 ve \u00e7arp\u0131\u015fma \u00f6nleme i\u015flevleri de dahil olmak \u00fczere g\u00fcvenlik \u00f6zellikleri<\/li>\n<li>NFC Forum Etiket Tip 2&#039;nin \u00f6zelliklerine tam uyum<\/li>\n<\/ul>\n<\/div>\n<div>\n<table class=\"all magic-9\">\n<tbody>\n<tr>\n<td colspan=\"1\" rowspan=\"1\">\n<div class=\"magic-10\">Malzeme<\/div>\n<\/td>\n<td colspan=\"1\" rowspan=\"1\">\n<div class=\"magic-11\" data-spm-anchor-id=\"a2700.details.0.i85.504d267eS1Hb6u\">PET, PVC, ku\u015fe ka\u011f\u0131t vb.<\/div>\n<\/td>\n<\/tr>\n<tr>\n<td colspan=\"1\" rowspan=\"1\">\n<div class=\"magic-10\">\u00c7ip<\/div>\n<\/td>\n<td colspan=\"1\" rowspan=\"1\">\n<div class=\"magic-11\">Ntag213\/Ntag215\/Ntag216 vb.<\/div>\n<\/td>\n<\/tr>\n<tr>\n<td colspan=\"1\" rowspan=\"1\">\n<div class=\"magic-10\">S\u0131kl\u0131k<\/div>\n<\/td>\n<td colspan=\"1\" rowspan=\"1\">\n<div class=\"magic-11\">13.56MHz<\/div>\n<\/td>\n<\/tr>\n<tr>\n<td colspan=\"1\" rowspan=\"1\">\n<div class=\"magic-10\">Protokol<\/div>\n<\/td>\n<td colspan=\"1\" rowspan=\"1\">\n<div class=\"magic-11\">ISO 14443A<\/div>\n<\/td>\n<\/tr>\n<tr>\n<td colspan=\"1\" rowspan=\"1\">\n<div class=\"magic-10\">Boyut<\/div>\n<\/td>\n<td colspan=\"1\" rowspan=\"1\">\n<div class=\"magic-11\">\u00c7ap 25, 30, 35mm veya \u00f6zelle\u015ftirilmi\u015f boyut<\/div>\n<\/td>\n<\/tr>\n<tr>\n<td colspan=\"1\" rowspan=\"1\">\n<div class=\"magic-10\">\u00d6zellik<\/div>\n<\/td>\n<td colspan=\"1\" rowspan=\"1\">\n<div class=\"magic-11\">Su ge\u00e7irmez, dayan\u0131kl\u0131, \u00f6zelle\u015ftirilmi\u015f bask\u0131<\/div>\n<\/td>\n<\/tr>\n<tr>\n<td colspan=\"1\" rowspan=\"1\">\n<div class=\"magic-10\">\u00d6rnek<\/div>\n<\/td>\n<td colspan=\"1\" rowspan=\"1\">\n<div class=\"magic-11\">\u00fccretsiz mevcut<\/div>\n<\/td>\n<\/tr>\n<tr>\n<td colspan=\"1\" rowspan=\"1\">\n<div class=\"magic-10\">Okuma mesafesi<\/div>\n<\/td>\n<td colspan=\"1\" rowspan=\"1\">\n<div class=\"magic-11\" data-spm-anchor-id=\"a2700.details.0.i84.504d267eS1Hb6u\">0-10cm<\/div>\n<\/td>\n<\/tr>\n<\/tbody>\n<\/table>\n<\/div>\n<div><\/div>\n<div><\/div>\n<div><strong>RFID NFC G\u00f6mme Par\u00e7alar\u0131<\/strong> iki t\u00fcrde gelir, \u0131slak ve kuru. Islak bir RFID NFC ek par\u00e7as\u0131 yap\u0131\u015fkan bir arka y\u00fczeyle gelirken, kuru olan\u0131n yoktur. Orijinal ekipman \u00fcreticileri (OEM&#039;ler) i\u00e7in \u00f6zel olarak tasarlanm\u0131\u015f 13,56 MHz&#039;de \u00e7al\u0131\u015fan bir etiket se\u00e7ene\u011fi sunarlar. Bu ek par\u00e7alar i\u00e7in hem ISO 15693 hem de 14443 NFC bellek yongalar\u0131 mevcuttur.<\/div>\n<div><\/div>\n<div class=\"text-title\"><strong><span class=\"magic-26\" style=\"font-family: Arial;\" data-spm-anchor-id=\"a2700.details.0.i47.6f4d7d7dnursE7\">Kuru kakma<\/span><\/strong><\/div>\n<div class=\"text-content\">\n<p><span class=\"magic-6\" style=\"font-family: Arial;\">Basit\u00e7e s\u00f6ylemek gerekirse, RFID kuru yerle\u015ftirme, RFID \u00e7ipi ve antenin birle\u015fimidir. NFC etiketi, RFID etiketi, RFID bileti ve \u00e7e\u015fitli RFID etiketleri yapmak i\u00e7in kullan\u0131labilir. <\/span><\/p>\n<div data-spm-anchor-id=\"a2700.details.0.i46.6f4d7d7dnursE7\">\n<p><span class=\"magic-6\" style=\"font-family: Arial;\"> Kuru kakma anteni, bak\u0131r bobine k\u0131yasla daha ince olan al\u00fcminyum a\u015f\u0131nd\u0131rmad\u0131r. Antenin \u015fekli \u00f6zelle\u015ftirilebilir ve talep \u00fczerine yeniden tasarlanabilir.<\/span><\/p>\n<p>&nbsp;<\/p>\n<\/div>\n<\/div>\n<div>\n<div class=\"text-title\"><strong><span class=\"magic-26\" style=\"font-family: Arial;\">Islak kakma<\/span><\/strong><\/div>\n<div class=\"text-content\">\n<p><span class=\"magic-6\" style=\"font-family: Arial;\" data-spm-anchor-id=\"a2700.details.0.i49.6f4d7d7dnursE7\">Yap\u0131\u015ft\u0131r\u0131c\u0131 ile eklenen RFID kuru yerle\u015ftirmeye \u0131slak yerle\u015ftirme denir. Y\u00fczeyde herhangi bir bask\u0131ya ihtiyac\u0131n\u0131z yoksa, do\u011frudan bir RFID etiketi veya NFC \u00e7\u0131kartmas\u0131 olarak kullan\u0131labilir. Nesnelere yap\u0131\u015ft\u0131r\u0131lmas\u0131 maliyetten tasarruf sa\u011flayabilir ve ayn\u0131 amaca ula\u015fabilir. Ayr\u0131ca RFID etiketleri yap\u0131m\u0131nda da yayg\u0131n olarak kullan\u0131l\u0131r. Islak yerle\u015ftirmenin anteni, bak\u0131r bobine k\u0131yasla daha ince olan al\u00fcminyum a\u015f\u0131nd\u0131rmad\u0131r. Antenin \u015fekli talep \u00fczerine \u00f6zelle\u015ftirilebilir ve yeniden tasarlanabilir.<\/span><\/p>\n<div><span class=\"magic-6\" style=\"font-family: Arial;\">\u00a0<\/span><\/div>\n<div data-spm-anchor-id=\"a2700.details.0.i48.6f4d7d7dnursE7\"><\/div>\n<\/div>\n<\/div>","protected":false},"excerpt":{"rendered":"<p>NXP Ntag213 NFC Inlay 144Byte, 144 bayt kullan\u0131c\u0131 belle\u011fine sahip NFC Forum Type 2 Etiketi ile uyumlu belirli bir IC t\u00fcr\u00fcd\u00fcr. Perakende, oyun ve t\u00fcketici elektroni\u011fi gibi sekt\u00f6rlerdeki \u00e7e\u015fitli uygulamalar i\u00e7in uygun, \u00e7ok y\u00f6nl\u00fcl\u00fck d\u00fc\u015f\u00fcn\u00fclerek tasarlanm\u0131\u015ft\u0131r.<\/p>","protected":false},"featured_media":326,"template":"","meta":{"_kad_post_transparent":"default","_kad_post_title":"","_kad_post_layout":"default","_kad_post_sidebar_id":"","_kad_post_content_style":"default","_kad_post_vertical_padding":"default","_kad_post_feature":"","_kad_post_feature_position":"","_kad_post_header":false,"_kad_post_footer":false,"_kad_post_classname":""},"product_brand":[],"product_cat":[54,189],"product_tag":[111,140,110],"class_list":{"0":"post-324","1":"product","2":"type-product","3":"status-publish","4":"has-post-thumbnail","6":"product_cat-hot-selling-rfid-tags","7":"product_cat-rfid-inlay","8":"product_tag-nfc-inlay","9":"product_tag-nxp-ntag213-nfc-inlay-144byte","10":"product_tag-rfid-nfc-inlay","12":"first","13":"instock","14":"shipping-taxable","15":"product-type-simple","16":"entry","17":"content-bg","18":"loop-entry"},"_links":{"self":[{"href":"https:\/\/rfid-laundry-tag.com\/tr\/wp-json\/wp\/v2\/product\/324","targetHints":{"allow":["GET"]}}],"collection":[{"href":"https:\/\/rfid-laundry-tag.com\/tr\/wp-json\/wp\/v2\/product"}],"about":[{"href":"https:\/\/rfid-laundry-tag.com\/tr\/wp-json\/wp\/v2\/types\/product"}],"version-history":[{"count":3,"href":"https:\/\/rfid-laundry-tag.com\/tr\/wp-json\/wp\/v2\/product\/324\/revisions"}],"predecessor-version":[{"id":1336,"href":"https:\/\/rfid-laundry-tag.com\/tr\/wp-json\/wp\/v2\/product\/324\/revisions\/1336"}],"wp:featuredmedia":[{"embeddable":true,"href":"https:\/\/rfid-laundry-tag.com\/tr\/wp-json\/wp\/v2\/media\/326"}],"wp:attachment":[{"href":"https:\/\/rfid-laundry-tag.com\/tr\/wp-json\/wp\/v2\/media?parent=324"}],"wp:term":[{"taxonomy":"product_brand","embeddable":true,"href":"https:\/\/rfid-laundry-tag.com\/tr\/wp-json\/wp\/v2\/product_brand?post=324"},{"taxonomy":"product_cat","embeddable":true,"href":"https:\/\/rfid-laundry-tag.com\/tr\/wp-json\/wp\/v2\/product_cat?post=324"},{"taxonomy":"product_tag","embeddable":true,"href":"https:\/\/rfid-laundry-tag.com\/tr\/wp-json\/wp\/v2\/product_tag?post=324"}],"curies":[{"name":"wp","href":"https:\/\/api.w.org\/{rel}","templated":true}]}}