{"id":321,"date":"2024-06-28T06:45:35","date_gmt":"2024-06-28T06:45:35","guid":{"rendered":"https:\/\/rfid-laundry-tag.com\/?post_type=product&#038;p=321"},"modified":"2024-06-28T06:45:35","modified_gmt":"2024-06-28T06:45:35","slug":"i-code-slix-rfid-library-book-sticker-5050mm","status":"publish","type":"product","link":"https:\/\/rfid-laundry-tag.com\/tr\/i-code-slix-rfid-library-book-sticker-5050mm\/","title":{"rendered":"I CODE SLIX RFID K\u00fct\u00fcphane Kitap Etiketi 50*50mm"},"content":{"rendered":"<table style=\"font-family: var(--global-body-font-family);\" width=\"772\">\n<tbody>\n<tr>\n<td width=\"153\"><strong>\u00dcr\u00fcn ad\u0131<\/strong><\/td>\n<td width=\"619\"><strong>\u00a0I CODE SLIX RFID K\u00fct\u00fcphane Kitap Etiketi\u00a0<\/strong><\/td>\n<\/tr>\n<tr>\n<td width=\"153\">Malzeme<\/td>\n<td width=\"619\">PET+Al+Ka\u011f\u0131t\/PVC\/PET<\/td>\n<\/tr>\n<tr>\n<td width=\"153\">Renk<\/td>\n<td width=\"619\">cmyk,d\u00f6rt renkli bask\u0131<\/td>\n<\/tr>\n<tr>\n<td width=\"153\">Etiket Boyutu<\/td>\n<td width=\"619\">45*45mm,50*50mm,vb.<\/td>\n<\/tr>\n<tr>\n<td width=\"153\">\u00c7ip<\/td>\n<td width=\"619\">\u00a0I CODE SLIX,ICODE\u00ae SLIX-S vb.<\/td>\n<\/tr>\n<tr>\n<td width=\"153\">Protokol<\/td>\n<td width=\"619\">ISO15693<\/td>\n<\/tr>\n<tr>\n<td width=\"153\">S\u0131kl\u0131k<\/td>\n<td width=\"619\">13.56MHZ<\/td>\n<\/tr>\n<tr>\n<td width=\"153\">Okuma mesafesi<\/td>\n<td width=\"619\">HF :1-30cm okuyucuya ve ortama ba\u011fl\u0131d\u0131r<\/td>\n<\/tr>\n<tr>\n<td width=\"153\">Bask\u0131<\/td>\n<td width=\"619\">CMYK, \u00f6zel bask\u0131, bo\u015f<\/td>\n<\/tr>\n<tr>\n<td width=\"153\">Paket<\/td>\n<td width=\"619\">2000 adet\/rulo, 16000 adet\/karton, \u00f6zel<\/td>\n<\/tr>\n<tr>\n<td width=\"153\">\u00dccretsiz \u00f6rnek<\/td>\n<td width=\"619\">Evet<\/td>\n<\/tr>\n<\/tbody>\n<\/table>\n<p>&nbsp;<\/p>\n<p>\u00d6ncelikle kitap ve dosya y\u00f6netimi prosed\u00fcrlerinin verimlili\u011fini art\u0131rmak i\u00e7in tasarlanan sistem, envanter kontrollerinde, lokasyon takibinde, kitap iadeleri i\u00e7in self servis sistemlerinin etkinle\u015ftirilmesinde ve h\u0131rs\u0131zl\u0131\u011f\u0131n \u00f6nlenmesinde yard\u0131mc\u0131 olur, birka\u00e7 i\u015flevi saymak gerekirse. Kullan\u0131m\u0131 k\u00fct\u00fcphane operasyonlar\u0131n\u0131 \u00f6nemli \u00f6l\u00e7\u00fcde optimize eder ve bu da onu modern k\u00fct\u00fcphaneler i\u00e7in ak\u0131ll\u0131 bir se\u00e7im haline getirir.<\/p>\n<div class=\"auto-hide-last-sibling-br paragraph_9dc5f paragraph-element\">I CODE SLIX RFID K\u00fct\u00fcphane Kitap Etiketi, k\u00fct\u00fcphane kaynaklar\u0131n\u0131n ak\u0131ll\u0131 y\u00f6netimi i\u00e7in etkili bir \u00e7\u00f6z\u00fcmd\u00fcr. \u0130\u015fte \u00f6zellikleri ve s\u0131k sorulan baz\u0131 sorular\u0131n yan\u0131tlar\u0131:<\/div>\n<p>&nbsp;<\/p>\n<div class=\"auto-hide-last-sibling-br paragraph_9dc5f paragraph-element\"><strong>I CODE SLIX RFID K\u00fct\u00fcphane Kitap Etiketinin \u00d6zellikleri:<\/strong><\/div>\n<ol class=\"auto-hide-last-sibling-br\">\n<li>Bu ISO15693 RFID etiketi \u00f6zellikle k\u00fct\u00fcphane y\u00f6netim sistemleri i\u00e7in tasarlanm\u0131\u015ft\u0131r.<\/li>\n<li>Y\u00fcksek Frekans (HF) aral\u0131\u011f\u0131nda 13.56MHz&#039;de \u00e7al\u0131\u015f\u0131r.<\/li>\n<li>Bu \u00e7\u0131kartmalar \u00e7e\u015fitli boyutlarda gelir, \u00f6zellikle 85*<em>50mm ve 50*<\/em>50mm.<\/li>\n<li>Suya dayan\u0131kl\u0131 \u00f6zelli\u011fe sahip olup, ayn\u0131 zamanda kendinden yap\u0131\u015fkanl\u0131d\u0131r.<\/li>\n<li>1-15cm aral\u0131\u011f\u0131nda okuma mesafesi ve 896 bit kullan\u0131c\u0131 haf\u0131zas\u0131 sunabiliyorlar.<\/li>\n<li>Bunlar, \u00f6zellikle belge y\u00f6netim sistemlerinde, s\u0131n\u0131rl\u0131 alan gerektiren uygulamalar i\u00e7in idealdir.<\/li>\n<\/ol>\n<p>&nbsp;<\/p>\n<div class=\"auto-hide-last-sibling-br paragraph_9dc5f paragraph-element\"><strong>S\u0131k\u00e7a Sorulan Sorular (SSS):<\/strong><\/div>\n<ul class=\"auto-hide-last-sibling-br\">\n<li>\n<div class=\"auto-hide-last-sibling-br paragraph_9dc5f paragraph-element\"><strong>S1:<\/strong>\u00a0Sipari\u015fimi nas\u0131l verebilirim?<\/div>\n<ul class=\"auto-hide-last-sibling-br\">\n<li>A: \u0130htiya\u00e7lar\u0131n\u0131z\u0131 m\u00fc\u015fteri hizmetlerine iletebilir, \u00fcr\u00fcn \u00f6zelliklerini netle\u015ftirebilir, \u00f6demenizi yapabilir ve ard\u0131ndan \u00fcr\u00fcn teslimat\u0131n\u0131 ayarlayabilirsiniz.<\/li>\n<\/ul>\n<\/li>\n<li>\n<div class=\"auto-hide-last-sibling-br paragraph_9dc5f paragraph-element\"><strong>S2:<\/strong>\u00a0\u00dcretim\/teslimat s\u00fcresi ne kadard\u0131r?<\/div>\n<ul class=\"auto-hide-last-sibling-br\">\n<li>A: \u00dcretim ve teslimat i\u00e7in beklenen zaman dilimi genellikle 20 g\u00fcnd\u00fcr. Ancak bu, belirli sipari\u015f yap\u0131land\u0131rmalar\u0131na g\u00f6re de\u011fi\u015febilir.<\/li>\n<\/ul>\n<\/li>\n<li>\n<div class=\"auto-hide-last-sibling-br paragraph_9dc5f paragraph-element\"><strong>S3:<\/strong>\u00a0T\u00fcm \u00fcr\u00fcnler g\u00f6nderilmeden \u00f6nce testten ge\u00e7iyor mu?<\/div>\n<ul class=\"auto-hide-last-sibling-br\">\n<li>C: Evet, t\u00fcm \u00fcr\u00fcnler g\u00f6nderilmeden \u00f6nce temel ekipman kontrolleri de dahil olmak \u00fczere kapsaml\u0131 testlerden ge\u00e7iriliyor.<\/li>\n<\/ul>\n<\/li>\n<li>\n<div class=\"auto-hide-last-sibling-br paragraph_9dc5f paragraph-element\"><strong>S4:<\/strong>\u00a0Numune g\u00f6nderimi almam m\u00fcmk\u00fcn m\u00fc?<\/div>\n<ul class=\"auto-hide-last-sibling-br\">\n<li>C: Evet, m\u00fc\u015fterilerimize numune olarak ger\u00e7ek \u00fcr\u00fcnleri sa\u011fl\u0131yoruz.<\/li>\n<\/ul>\n<\/li>\n<\/ul>","protected":false},"excerpt":{"rendered":"<p>50*50mm boyutlar\u0131ndaki I CODE SLIX RFID K\u00fct\u00fcphane Kitap Etiketi, k\u00fct\u00fcphane kitaplar\u0131n\u0131 ve dosyalar\u0131n\u0131 y\u00f6netmede \u00f6nemli bir rol oynar. Bir RFID anteni ve okuyucuyla birlikte \u00e7al\u0131\u015farak, k\u00fct\u00fcphane kaynaklar\u0131n\u0131n ak\u0131ll\u0131 y\u00f6netimine katk\u0131da bulunur.<\/p>","protected":false},"featured_media":323,"template":"","meta":{"_kad_post_transparent":"default","_kad_post_title":"","_kad_post_layout":"default","_kad_post_sidebar_id":"","_kad_post_content_style":"default","_kad_post_vertical_padding":"default","_kad_post_feature":"","_kad_post_feature_position":"","_kad_post_header":false,"_kad_post_footer":false,"_kad_post_classname":""},"product_brand":[],"product_cat":[54],"product_tag":[138,139],"class_list":{"0":"post-321","1":"product","2":"type-product","3":"status-publish","4":"has-post-thumbnail","6":"product_cat-hot-selling-rfid-tags","7":"product_tag-i-code-slix-rfid-library-book-sticker","8":"product_tag-i-code-slix-rfid-sticker","10":"first","11":"instock","12":"shipping-taxable","13":"product-type-simple","14":"entry","15":"content-bg","16":"loop-entry"},"_links":{"self":[{"href":"https:\/\/rfid-laundry-tag.com\/tr\/wp-json\/wp\/v2\/product\/321","targetHints":{"allow":["GET"]}}],"collection":[{"href":"https:\/\/rfid-laundry-tag.com\/tr\/wp-json\/wp\/v2\/product"}],"about":[{"href":"https:\/\/rfid-laundry-tag.com\/tr\/wp-json\/wp\/v2\/types\/product"}],"version-history":[{"count":0,"href":"https:\/\/rfid-laundry-tag.com\/tr\/wp-json\/wp\/v2\/product\/321\/revisions"}],"wp:featuredmedia":[{"embeddable":true,"href":"https:\/\/rfid-laundry-tag.com\/tr\/wp-json\/wp\/v2\/media\/323"}],"wp:attachment":[{"href":"https:\/\/rfid-laundry-tag.com\/tr\/wp-json\/wp\/v2\/media?parent=321"}],"wp:term":[{"taxonomy":"product_brand","embeddable":true,"href":"https:\/\/rfid-laundry-tag.com\/tr\/wp-json\/wp\/v2\/product_brand?post=321"},{"taxonomy":"product_cat","embeddable":true,"href":"https:\/\/rfid-laundry-tag.com\/tr\/wp-json\/wp\/v2\/product_cat?post=321"},{"taxonomy":"product_tag","embeddable":true,"href":"https:\/\/rfid-laundry-tag.com\/tr\/wp-json\/wp\/v2\/product_tag?post=321"}],"curies":[{"name":"wp","href":"https:\/\/api.w.org\/{rel}","templated":true}]}}