{"id":3191,"date":"2026-01-09T13:46:57","date_gmt":"2026-01-09T13:46:57","guid":{"rendered":"https:\/\/rfid-laundry-tag.com\/?post_type=product&#038;p=3191"},"modified":"2026-01-09T13:46:57","modified_gmt":"2026-01-09T13:46:57","slug":"uhf-wash-care-label-rfid-chips-in-garment","status":"publish","type":"product","link":"https:\/\/rfid-laundry-tag.com\/tr\/uhf-wash-care-label-rfid-chips-in-garment\/","title":{"rendered":"Giysi \u0130\u00e7indeki UHF Y\u0131kama Talimat\u0131 Etiketi RFID \u00c7ipleri"},"content":{"rendered":"<div class=\"J_module\">\n<div class=\"ife-detail-decorate-table\">\n<table class=\"hight-light-first-column all magic-14\">\n<tbody>\n<tr>\n<td colspan=\"1\" rowspan=\"1\">\n<div class=\"magic-15\" data-spm-anchor-id=\"a2700.details.0.i95.236a58c1ycsfva\">\u00dcretim ad\u0131:<\/div>\n<\/td>\n<td colspan=\"1\" rowspan=\"1\">\n<div class=\"magic-16\"><strong>Giysi \u0130\u00e7indeki UHF Y\u0131kama Talimat\u0131 Etiketi RFID \u00c7ipleri<\/strong><\/div>\n<\/td>\n<\/tr>\n<tr>\n<td colspan=\"1\" rowspan=\"1\">\n<div class=\"magic-15\"><span class=\"magic-17\">Malzeme:<\/span><\/div>\n<\/td>\n<td colspan=\"1\" rowspan=\"1\">\n<div class=\"magic-16\">Polyester\/Kompozisyon\/Saten\/Pamuk\/Dokumas\u0131z\/PET vb.<\/div>\n<\/td>\n<\/tr>\n<tr>\n<td colspan=\"1\" rowspan=\"1\">\n<div class=\"magic-15\"><span class=\"magic-17\">Boyut:<\/span><\/div>\n<\/td>\n<td colspan=\"1\" rowspan=\"1\">\n<div class=\"magic-16\"><span class=\"magic-17\">80*38mm\/60*30mm\/61*26mm\/60*22mm\/ vb. veya \u00f6zel \u00f6l\u00e7\u00fclerde<\/span><\/div>\n<\/td>\n<\/tr>\n<tr>\n<td colspan=\"1\" rowspan=\"1\">\n<div class=\"magic-15\"><span class=\"magic-17\">Tip:<\/span><\/div>\n<\/td>\n<td colspan=\"1\" rowspan=\"1\">\n<div class=\"magic-16\"><span class=\"magic-17\">Pasif, RFID<\/span><\/div>\n<\/td>\n<\/tr>\n<tr>\n<td colspan=\"1\" rowspan=\"1\">\n<div class=\"magic-15\">RF Protokol\u00fc:<\/div>\n<\/td>\n<td colspan=\"1\" rowspan=\"1\">\n<div class=\"magic-16\">ISO 18000-6C; EPC S\u0131n\u0131f 1 Gen 2<\/div>\n<\/td>\n<\/tr>\n<tr>\n<td colspan=\"1\" rowspan=\"1\">\n<div class=\"magic-15\"><span class=\"magic-17\">S\u0131kl\u0131k:<\/span><\/div>\n<\/td>\n<td colspan=\"1\" rowspan=\"1\">\n<div class=\"magic-16\"><span class=\"magic-17\">860~960MHz<\/span><\/div>\n<\/td>\n<\/tr>\n<tr>\n<td colspan=\"1\" rowspan=\"1\">\n<div class=\"magic-15\">\u00c7ip<\/div>\n<\/td>\n<td colspan=\"1\" rowspan=\"1\">\n<div class=\"magic-16\">U8,U9,Alien Higgs, Monza 4D, Monza 4QT, Monza R6, Monza R6-P, Impinj M730, Impinj M750 vb.<\/div>\n<\/td>\n<\/tr>\n<tr>\n<td colspan=\"1\" rowspan=\"1\">\n<div class=\"magic-15\"><span class=\"magic-17\">Okuma Mesafesi:<\/span><\/div>\n<\/td>\n<td colspan=\"1\" rowspan=\"1\">\n<div class=\"magic-16\"><span class=\"magic-17\">UHF: 1~10m (okuyucuya ve antene ba\u011fl\u0131)<\/span><\/div>\n<\/td>\n<\/tr>\n<tr>\n<td colspan=\"1\" rowspan=\"1\">\n<div class=\"magic-15\"><span class=\"magic-17\">Sabit yol:<\/span><\/div>\n<\/td>\n<td colspan=\"1\" rowspan=\"1\">\n<div class=\"magic-16\"><span class=\"magic-17\">Dikmek \/ \u00fct\u00fclemek<\/span><\/div>\n<\/td>\n<\/tr>\n<tr>\n<td colspan=\"1\" rowspan=\"1\">\n<div class=\"magic-15\"><span class=\"magic-17\">Bask\u0131:<\/span><\/div>\n<\/td>\n<td colspan=\"1\" rowspan=\"1\">\n<div class=\"magic-16\"><span class=\"magic-17\">Bask\u0131, Kodlama, Seri Numaras\u0131, Tasar\u0131m vb.<\/span><\/div>\n<\/td>\n<\/tr>\n<tr>\n<td colspan=\"1\" rowspan=\"1\">\n<div class=\"magic-15\"><span class=\"magic-17\">IC \u00f6mr\u00fc:<\/span><\/div>\n<\/td>\n<td colspan=\"1\" rowspan=\"1\">\n<div class=\"magic-16\" data-spm-anchor-id=\"a2700.details.0.i94.236a58c1ycsfva\"><span class=\"magic-17\">100.000 Programlama d\u00f6ng\u00fcs\u00fc<br \/>\n10 y\u0131l veri saklama<\/span><\/div>\n<\/td>\n<\/tr>\n<tr>\n<td colspan=\"1\" rowspan=\"1\">\n<div class=\"magic-15\"><span class=\"magic-17\">\u00d6rnek Durumu:<\/span><\/div>\n<\/td>\n<td colspan=\"1\" rowspan=\"1\">\n<div class=\"magic-16\"><span class=\"magic-17\">Talep \u00fczerine \u00fccretsiz numuneler mevcuttur<\/span><\/div>\n<\/td>\n<\/tr>\n<tr>\n<td colspan=\"1\" rowspan=\"1\">\n<div class=\"magic-15\"><span class=\"magic-17\">Uygulamalar:\u00a0<\/span><\/div>\n<\/td>\n<td colspan=\"1\" rowspan=\"1\">\n<div class=\"magic-16\"><span class=\"magic-17\">\u00b7 Stok Y\u00f6netimi<br \/>\n\u00b7 Tedarik Zinciri<br \/>\n\u00b7 Perakende<\/span><\/div>\n<\/td>\n<\/tr>\n<tr>\n<td colspan=\"1\" rowspan=\"1\">\n<div class=\"magic-15\"><span class=\"magic-17\">Kullanmak<\/span><\/div>\n<\/td>\n<td colspan=\"1\" rowspan=\"1\">\n<div class=\"magic-16\"><span class=\"magic-17\">Giyim, Giyim E\u015fyalar\u0131, \u00c7anta, Ayakkab\u0131 vb.<\/span><\/div>\n<\/td>\n<\/tr>\n<\/tbody>\n<\/table>\n<\/div>\n<\/div>\n<div class=\"J_module\">\n<div class=\"detail-decorate-json-renderer-container\">\n<div class=\"magic-1\">\n<div class=\"magic-5\">\n<div class=\"magic-6\">\n<div><\/div>\n<\/div>\n<div>\n<div class=\"auto-hide-last-sibling-br paragraph_1252f paragraph-element\">\n<div class=\"auto-hide-last-sibling-br paragraph_1252f paragraph-element\">\n<div class=\"auto-hide-last-sibling-br paragraph_1252f paragraph-element\">\n<p>&nbsp;<\/p>\n<div class=\"auto-hide-last-sibling-br paragraph_1252f paragraph-element\">\n<p><a href=\"https:\/\/rfid-laundry-tag.com\/tr\/\"><strong>UHF Y\u0131kama Bak\u0131m Etiketi RFID \u00c7ipleri<\/strong>\u00a0<\/a>Geleneksel giyim etiketlerine g\u00f6re daha rahat ve cilt dostu bir alternatif sunar. Giysilere kolayca entegre edilebilecek \u015fekilde tasarlanan bu etiketler, giyim y\u00f6netimini kolayla\u015ft\u0131r\u0131r.<\/p>\n<\/div>\n<\/div>\n<\/div>\n<div><\/div>\n<div class=\"auto-hide-last-sibling-br paragraph_1252f paragraph-element\">\n<div class=\"auto-hide-last-sibling-br paragraph_1252f paragraph-element\">\n<h2 class=\"AnswerParser_AnswerParserH2__SIHnF\">Tedarik Zinciri G\u00f6r\u00fcn\u00fcrl\u00fc\u011f\u00fcn\u00fcz\u00fc Art\u0131r\u0131n<\/h2>\n<p><span class=\"AnswerParser_TextContainer__z_Iiv\" data-testid=\"youchat-text\">Giysilerinize UHF Y\u0131kama Bak\u0131m Etiketi RFID \u00c7iplerimizi entegre ederek, tedarik zincirinize benzersiz bir g\u00f6r\u00fcn\u00fcrl\u00fck kazand\u0131r\u0131rs\u0131n\u0131z. Giysilerinizi \u00fcretimden sat\u0131\u015fa ve hatta end\u00fcstriyel \u00e7ama\u015f\u0131rhanelerdeki birden fazla y\u0131kama d\u00f6ng\u00fcs\u00fcnden ge\u00e7irerek takip edin.<\/span><span class=\"AnswerParser_TextContainer__z_Iiv\" data-testid=\"youchat-text\">Bu geli\u015fmi\u015f g\u00f6r\u00fcn\u00fcrl\u00fck size \u015funlar\u0131 sa\u011flar:<\/span><\/p>\n<ul class=\"AnswerParser_AnswerParserUnorderedList__P_1FW\">\n<li class=\"AnswerParser_ListItem__XqLOV\" translate=\"yes\">B\u00fcz\u00fclmeyi ve kayb\u0131 azalt\u0131n<\/li>\n<li class=\"AnswerParser_ListItem__XqLOV\" translate=\"yes\">\u00dcr\u00fcn de\u011fi\u015ftirme verimlili\u011fini art\u0131r\u0131n<\/li>\n<li class=\"AnswerParser_ListItem__XqLOV\" translate=\"yes\">Stok seviyelerini optimize edin<\/li>\n<li class=\"AnswerParser_ListItem__XqLOV\" translate=\"yes\">Daha iyi \u00fcr\u00fcn bulunabilirli\u011fi ile m\u00fc\u015fteri memnuniyetini art\u0131r\u0131n<\/li>\n<\/ul>\n<h2 class=\"AnswerParser_AnswerParserH2__SIHnF\">Kolay Kurulum ve Kullan\u0131m<\/h2>\n<p><span class=\"AnswerParser_TextContainer__z_Iiv\" data-testid=\"youchat-text\">RFID y\u0131kama bak\u0131m etiketlerimiz giysilerinize kusursuz bir \u015fekilde entegre olacak \u015fekilde tasarlanm\u0131\u015ft\u0131r:<\/span><\/p>\n<ol class=\"AnswerParser_AnswerParserOrderedList__kl_2Y\">\n<li class=\"AnswerParser_ListItem__XqLOV\" translate=\"yes\"><strong>Diki\u015f Se\u00e7ene\u011fi<\/strong>: Dayan\u0131kl\u0131l\u0131k i\u00e7in geleneksel ba\u011flama y\u00f6ntemi.<\/li>\n<li class=\"AnswerParser_ListItem__XqLOV\" translate=\"yes\"><strong>\u00dct\u00fcyle Yap\u0131\u015ft\u0131rma Uygulamas\u0131<\/strong>: Is\u0131 transfer teknolojisi kullan\u0131larak h\u0131zl\u0131 ve kolay montaj.<\/li>\n<\/ol>\n<p><span class=\"AnswerParser_TextContainer__z_Iiv\" data-testid=\"youchat-text\">Her iki y\u00f6ntem de etiketin giysinin kullan\u0131m \u00f6mr\u00fc boyunca g\u00fcvenli bir \u015fekilde yap\u0131\u015f\u0131k kalmas\u0131n\u0131 sa\u011flar.<\/span><\/p>\n<h3 class=\"auto-hide-last-sibling-br paragraph_1252f paragraph-element\"><strong>\u0130\u015fte birinci s\u0131n\u0131f giyim markalar\u0131n\u0131n RFID UHF etiketlerini nas\u0131l ba\u015far\u0131yla uygulad\u0131\u011f\u0131na dair birka\u00e7 \u00f6rnek:<\/strong><\/h3>\n<ol class=\"auto-hide-last-sibling-br\">\n<li>\n<div class=\"auto-hide-last-sibling-br paragraph_1252f paragraph-element\"><strong>Prada<\/strong>: Bu \u00fcnl\u00fc \u0130talyan l\u00fcks markas\u0131, 2001 y\u0131l\u0131nda RFID etiketlerini benimsedi ve stil, beden, renk ve fiyat gibi bilgilerin ayr\u0131nt\u0131l\u0131 olarak kaydedilmesini sa\u011flad\u0131. \u0130lgin\u00e7 bir \u015fekilde, Prada k\u0131yafetleri giyen t\u00fcketiciler ma\u011fazalar\u0131ndan ge\u00e7erken, ma\u011fazadaki modellerde buna kar\u015f\u0131l\u0131k gelen k\u0131yafetler sergileniyor ve bu da Milano&#039;daki y\u00fcksek moda podyumunu taklit ediyor. RFID teknolojisinin bu yenilik\u00e7i kullan\u0131m\u0131, Prada t\u00fcketicilerinin sat\u0131n alma sonras\u0131 memnuniyetini art\u0131r\u0131yor.<\/div>\n<\/li>\n<li>\n<div class=\"auto-hide-last-sibling-br paragraph_1252f paragraph-element\"><strong>H&amp;M<\/strong>: Bu uluslararas\u0131 marka, 2014 y\u0131l\u0131nda RFID teknolojisini kullanmaya ba\u015flad\u0131. Planlanan 1.800 ma\u011fazada, RFID teknolojisi \u00fcr\u00fcn kategorilerinin, miktarlar\u0131n\u0131n ve t\u00fcketiminin otomatik olarak izlenmesine olanak sa\u011fl\u0131yor.<\/div>\n<\/li>\n<li>\n<div class=\"auto-hide-last-sibling-br paragraph_1252f paragraph-element\"><strong>ZARA<\/strong>ZARA&#039;n\u0131n ana \u015firketi Inditex, 2016 y\u0131l\u0131n\u0131n ilk yar\u0131s\u0131nda RFID teknolojisinin uygulanmas\u0131n\u0131n, yakla\u015f\u0131k 701 milyon markas\u0131n\u0131n envanter ve tedarik y\u00f6netimini iyile\u015ftirdi\u011fini a\u00e7\u0131klad\u0131. Bu uygulama, ,11&#039;lik bir sat\u0131\u015f art\u0131\u015f\u0131na ve %7,51&#039;lik bir kar art\u0131\u015f\u0131na yol a\u00e7arak 1,26 milyar euro&#039;luk bir k\u00e2r art\u0131\u015f\u0131 sa\u011flad\u0131.<\/div>\n<\/li>\n<li>\n<div class=\"auto-hide-last-sibling-br paragraph_1252f paragraph-element\"><strong>E\u015fsiz<\/strong>: Uniqlo, 2017 y\u0131l\u0131nda d\u00fcnya \u00e7ap\u0131nda 3.000 ma\u011fazada RFID UHF etiketleri da\u011f\u0131tma plan\u0131n\u0131 duyurarak, d\u00fcnya \u00e7ap\u0131nda elektronik etiket kullanan ilk Japon perakendecisi oldu.<\/div>\n<\/li>\n<\/ol>\n<div class=\"auto-hide-last-sibling-br paragraph_1252f paragraph-element\">Bunlar, \u00f6nde gelen giyim markalar\u0131n\u0131n RFID etiketlerinden nas\u0131l yararland\u0131\u011f\u0131na dair baz\u0131 bilgilerdir. 2019 itibariyle, neredeyse t\u00fcm d\u00fcnya \u00e7ap\u0131ndaki markalar giysilerine RFID etiketleri uygulam\u0131\u015f olup, bu da 20 milyardan fazla etiketli giysiye yol a\u00e7m\u0131\u015ft\u0131r ve bu say\u0131 \u00f6nemli \u00f6l\u00e7\u00fcde artmaya devam etmektedir. Bu teknolojiyi benimseyen di\u011fer \u00f6nemli markalar aras\u0131nda NIKE ve Walmart da bulunmaktad\u0131r.<\/div>\n<\/div>\n<\/div>\n<\/div>\n<h2 class=\"AnswerParser_AnswerParserH2__SIHnF\">\u00d6zelle\u015ftirilmi\u015f Bir \u00c7\u00f6z\u00fcm \u0130\u00e7in Bizimle \u0130leti\u015fime Ge\u00e7in<\/h2>\n<p><span class=\"AnswerParser_TextContainer__z_Iiv\" data-testid=\"youchat-text\">UHF RFID y\u0131kama talimat\u0131 etiketlerimizle giysi y\u00f6netiminizi devrim niteli\u011finde de\u011fi\u015ftirmeye haz\u0131r m\u0131s\u0131n\u0131z? \u0130htiya\u00e7lar\u0131n\u0131za en uygun \u00e7\u00f6z\u00fcm\u00fc bulman\u0131za yard\u0131mc\u0131 olmak i\u00e7in buraday\u0131z.<\/span><\/p>\n<ul class=\"AnswerParser_AnswerParserUnorderedList__P_1FW\">\n<li class=\"AnswerParser_ListItem__XqLOV\" translate=\"yes\"><strong>\u00dccretsiz \u00d6rnekler<\/strong>: Ortam\u0131n\u0131zda test etmek i\u00e7in \u00fccretsiz numune talep edin.<\/li>\n<li class=\"AnswerParser_ListItem__XqLOV\" translate=\"yes\"><strong>\u00d6zelle\u015ftirme<\/strong>: Size \u00f6zel bir \u00e7\u00f6z\u00fcm i\u00e7in \u00f6zel gereksinimlerinizi bize bildirin.<\/li>\n<li class=\"AnswerParser_ListItem__XqLOV\" translate=\"yes\"><strong>Uzman Dan\u0131\u015fmanl\u0131\u011f\u0131<\/strong>:RFID uzmanlar\u0131m\u0131zdan olu\u015fan ekibimiz sorular\u0131n\u0131z\u0131 cevaplamaya haz\u0131r.<\/li>\n<\/ul>\n<p>\u00d6zetle, UHF saten y\u0131kama talimat\u0131 etiketleri, konforu, kolayl\u0131\u011f\u0131 ve geli\u015fmi\u015f teknolojiyi bir araya getirerek, daha iyi bir etiketleme \u00e7\u00f6z\u00fcm\u00fc arayan hem \u00fcreticiler hem de t\u00fcketiciler i\u00e7in m\u00fckemmel bir se\u00e7imdir.<\/p>\n<p>&nbsp;<\/p>\n<\/div>\n<\/div>\n<\/div>\n<\/div>\n<\/div>","protected":false},"excerpt":{"rendered":"<p><strong>Giysi \u0130\u00e7indeki UHF Y\u0131kama Talimat\u0131 Etiketi RFID \u00c7ipleri<\/strong>\u00a015 y\u0131l\u0131 a\u015fk\u0131n uzmanl\u0131\u011f\u0131m\u0131zla, geleneksel giyim markalar\u0131na g\u00f6re daha konforlu ve cilt dostu bir alternatif sunuyoruz!<\/p>","protected":false},"featured_media":3192,"template":"","meta":{"_kad_post_transparent":"default","_kad_post_title":"","_kad_post_layout":"default","_kad_post_sidebar_id":"","_kad_post_content_style":"default","_kad_post_vertical_padding":"default","_kad_post_feature":"","_kad_post_feature_position":"","_kad_post_header":false,"_kad_post_footer":false,"_kad_post_classname":""},"product_brand":[],"product_cat":[81],"product_tag":[389,390,388,391],"class_list":{"0":"post-3191","1":"product","2":"type-product","3":"status-publish","4":"has-post-thumbnail","6":"product_cat-rfid-wash-care-clothing-label","7":"product_tag-rfid-chips-in-garment","8":"product_tag-uhf-wash-care-labe","9":"product_tag-uhf-wash-care-label-rfid-chips-in-garment","10":"product_tag-wash-care-label-rfid","12":"first","13":"instock","14":"shipping-taxable","15":"product-type-simple","16":"entry","17":"content-bg","18":"loop-entry"},"_links":{"self":[{"href":"https:\/\/rfid-laundry-tag.com\/tr\/wp-json\/wp\/v2\/product\/3191","targetHints":{"allow":["GET"]}}],"collection":[{"href":"https:\/\/rfid-laundry-tag.com\/tr\/wp-json\/wp\/v2\/product"}],"about":[{"href":"https:\/\/rfid-laundry-tag.com\/tr\/wp-json\/wp\/v2\/types\/product"}],"version-history":[{"count":1,"href":"https:\/\/rfid-laundry-tag.com\/tr\/wp-json\/wp\/v2\/product\/3191\/revisions"}],"predecessor-version":[{"id":3194,"href":"https:\/\/rfid-laundry-tag.com\/tr\/wp-json\/wp\/v2\/product\/3191\/revisions\/3194"}],"wp:featuredmedia":[{"embeddable":true,"href":"https:\/\/rfid-laundry-tag.com\/tr\/wp-json\/wp\/v2\/media\/3192"}],"wp:attachment":[{"href":"https:\/\/rfid-laundry-tag.com\/tr\/wp-json\/wp\/v2\/media?parent=3191"}],"wp:term":[{"taxonomy":"product_brand","embeddable":true,"href":"https:\/\/rfid-laundry-tag.com\/tr\/wp-json\/wp\/v2\/product_brand?post=3191"},{"taxonomy":"product_cat","embeddable":true,"href":"https:\/\/rfid-laundry-tag.com\/tr\/wp-json\/wp\/v2\/product_cat?post=3191"},{"taxonomy":"product_tag","embeddable":true,"href":"https:\/\/rfid-laundry-tag.com\/tr\/wp-json\/wp\/v2\/product_tag?post=3191"}],"curies":[{"name":"wp","href":"https:\/\/api.w.org\/{rel}","templated":true}]}}