{"id":319,"date":"2024-06-28T06:17:02","date_gmt":"2024-06-28T06:17:02","guid":{"rendered":"https:\/\/rfid-laundry-tag.com\/?post_type=product&#038;p=319"},"modified":"2024-09-23T10:21:27","modified_gmt":"2024-09-23T10:21:27","slug":"iso15693-i-code-slix-rfid-inlay","status":"publish","type":"product","link":"https:\/\/rfid-laundry-tag.com\/tr\/iso15693-i-code-slix-rfid-inlay\/","title":{"rendered":"ISO15693 ICODE SLIX RFID G\u00f6mme"},"content":{"rendered":"<table class=\"hight-light-first-column all magic-1\">\n<tbody>\n<tr>\n<td colspan=\"1\" rowspan=\"1\">\n<div class=\"magic-2\">\n<div class=\"magic-3\" data-spm-anchor-id=\"a2700.pc-decorate.0.i24.7f543333WPG8F0\"><span class=\"magic-4\" data-spm-anchor-id=\"a2700.pc-decorate.0.i23.7f543333WPG8F0\"><span class=\"magic-5\" style=\"color: #000000; font-family: Roboto;\"><b class=\"magic-4\" data-spm-anchor-id=\"a2700.pc-decorate.0.i114.7f543333WPG8F0\">\u00d6\u011fe<\/b><\/span><\/span><\/div>\n<\/div>\n<\/td>\n<td colspan=\"4\" rowspan=\"1\">\n<div class=\"magic-6\"><strong>ISO15693 ICODE SLIX RFID G\u00f6mme<\/strong><\/div>\n<\/td>\n<\/tr>\n<tr>\n<td colspan=\"1\" rowspan=\"1\">\n<div class=\"magic-2\">\n<div class=\"magic-3\" data-spm-anchor-id=\"a2700.pc-decorate.0.i22.7f543333WPG8F0\"><span class=\"magic-4\" data-spm-anchor-id=\"a2700.pc-decorate.0.i10.7f543333WPG8F0\"><b class=\"magic-4\"><span class=\"magic-5\" style=\"color: #000000; font-family: Roboto;\">Malzeme<\/span><\/b><\/span><\/div>\n<\/div>\n<\/td>\n<td colspan=\"4\" rowspan=\"1\">\n<div class=\"magic-9\"><span class=\"magic-5\" style=\"color: #000000;\">Ka\u011f\u0131t \/ PP film \/ PET \/ Katk\u0131<\/span><\/div>\n<\/td>\n<\/tr>\n<tr>\n<td colspan=\"1\" rowspan=\"1\">\n<div class=\"magic-2\">\n<div class=\"magic-3\" data-spm-anchor-id=\"a2700.pc-decorate.0.i34.7f543333WPG8F0\"><b class=\"magic-13\" data-spm-anchor-id=\"a2700.pc-decorate.0.i111.7f543333WPG8F0\"><span class=\"magic-5\" style=\"color: #000000; font-family: Roboto;\">S\u0131kl\u0131k<\/span><\/b><\/div>\n<\/div>\n<\/td>\n<td colspan=\"4\" rowspan=\"1\">\n<div class=\"magic-6\"><span class=\"magic-5\" style=\"color: #000000; font-family: Roboto;\" data-spm-anchor-id=\"a2700.details.0.i25.244e512bmtbZH7\">13.56MHz<\/span><\/div>\n<\/td>\n<\/tr>\n<tr>\n<td colspan=\"1\" rowspan=\"1\">\n<div class=\"magic-2\">\n<div class=\"magic-3\" data-spm-anchor-id=\"a2700.pc-decorate.0.i33.7f543333WPG8F0\"><b class=\"magic-4\"><span class=\"magic-5\" style=\"color: #000000; font-family: Roboto;\">Boyut<\/span><\/b><\/div>\n<\/div>\n<\/td>\n<td colspan=\"4\" rowspan=\"1\">\n<div class=\"magic-9\"><span class=\"magic-5\" style=\"color: #000000;\">50*50\/45*45\/30*15\/40*25\/ \u00c7ap 25\/30 veya \u00f6zelle\u015ftirilmi\u015f boyut<\/span><\/div>\n<\/td>\n<\/tr>\n<tr>\n<td colspan=\"1\" rowspan=\"1\">\n<div class=\"magic-2\">\n<div class=\"magic-3\"><b class=\"magic-14\">Uygulamalar<\/b><\/div>\n<\/div>\n<\/td>\n<td colspan=\"4\" rowspan=\"1\">\n<div class=\"magic-6\" data-spm-anchor-id=\"a2700.details.0.i24.244e512bmtbZH7\"><span class=\"magic-5\" style=\"color: #000000; font-family: Roboto;\">Varl\u0131k y\u00f6netimi, giyim y\u00f6netimi, envanter, k\u00fct\u00fcphane, m\u00fccevher, lojistik vb. alanlarda yayg\u0131n olarak kullan\u0131l\u0131r.<\/span><\/div>\n<\/td>\n<\/tr>\n<\/tbody>\n<\/table>\n<p>&nbsp;<\/p>\n<p>ICODE SLIX IC, k\u00fct\u00fcphaneler, ila\u00e7, t\u0131bbi cihazlar ve alkol gibi farkl\u0131 end\u00fcstrilerde \u00fcr\u00fcn do\u011frulamas\u0131 ve end\u00fcstrinin farkl\u0131 alanlar\u0131nda \u00fcretim y\u00f6netimi gibi ak\u0131ll\u0131 etiket uygulamalar\u0131 i\u00e7in \u00f6zel bir \u00e7iptir. Bu IC, ISO\/IEC 15693 ve ISO\/IEC 18000-3 ISO standartlar\u0131na dayal\u0131 ak\u0131ll\u0131 etiket IC&#039;lerinin bir \u00fcr\u00fcn ailesinin \u00fc\u00e7\u00fcnc\u00fc neslidir ve NXP&#039;nin ba\u015far\u0131l\u0131 hikayesini devam ettirmektedir<sup>\u00ae<\/sup>\u00a0Yak\u0131nl\u0131k tan\u0131mlama sistemleri alan\u0131nda.<\/p>\n<h3>Temass\u0131z enerji ve veri transferi<\/h3>\n<p>Birka\u00e7 sar\u0131m, bask\u0131, sar\u0131m, kaz\u0131ma veya delinmi\u015f bobinden yap\u0131lm\u0131\u015f, \u00e7ok basit ve \u00fcretimi kolay bir anten t\u00fcr\u00fcne (13.56 MHz ta\u015f\u0131y\u0131c\u0131 frekans\u0131n\u0131n bir sonucu olarak) ba\u011fland\u0131\u011f\u0131nda, ICODE SLIX IC 1,5 m&#039;ye kadar (kap\u0131 geni\u015fli\u011fi) g\u00f6r\u00fc\u015f hatt\u0131 olmadan \u00e7al\u0131\u015ft\u0131r\u0131labilir. Pil gerekmez. Ak\u0131ll\u0131 etiket bir sorgulay\u0131c\u0131 antenin alan\u0131na yerle\u015ftirildi\u011finde, y\u00fcksek h\u0131zl\u0131 RF ileti\u015fim aray\u00fcz\u00fc verilerin 53 kbit\/s&#039;ye kadar iletilmesini sa\u011flar.<\/p>\n<h3>\u00c7arp\u0131\u015fma \u00f6nleyici<\/h3>\n<p>Ak\u0131ll\u0131 bir \u00e7arp\u0131\u015fma \u00f6nleme i\u015flevi, sahada ayn\u0131 anda birden fazla etiketin \u00e7al\u0131\u015fmas\u0131n\u0131 sa\u011flar. \u00c7arp\u0131\u015fma \u00f6nleme algoritmas\u0131 her etiketi ayr\u0131 ayr\u0131 se\u00e7er ve se\u00e7ili etiketle yap\u0131lan bir i\u015flemin y\u00fcr\u00fct\u00fclmesinin, sahadaki di\u011fer etiketlerden kaynaklanan veri bozulmas\u0131 olmadan do\u011fru \u015fekilde ger\u00e7ekle\u015ftirilmesini sa\u011flar.<\/p>\n<h3>ISO15693 ICODE SLIX RFID G\u00f6mme \u00c7ipinin \u00d6zellikleri<\/h3>\n<div id=\"featuresXsp\" class=\"features-list\">\n<div class=\"features-xsp\">\n<div class=\"collapse-mobile ste-list\">\n<h3>ICODE SLIX RF aray\u00fcz\u00fc (ISO\/IEC 15693)<\/h3>\n<ul class=\"boxes\">\n<li>Temass\u0131z veri iletimi ve enerji temini (pil gerektirmez)<\/li>\n<li>\u00c7al\u0131\u015fma mesafesi: 1,5 m&#039;ye kadar (anten geometrisine ba\u011fl\u0131 olarak)<\/li>\n<li>\u00c7al\u0131\u015fma frekans\u0131: 13.56 MHz (ISM, d\u00fcnya \u00e7ap\u0131nda lisans serbest\u00e7e mevcuttur)<\/li>\n<li>H\u0131zl\u0131 veri aktar\u0131m\u0131: 53 kbit\/s&#039;ye kadar<\/li>\n<li>Y\u00fcksek veri b\u00fct\u00fcnl\u00fc\u011f\u00fc: 16 bit CRC, \u00e7er\u00e7eveleme<\/li>\n<li>Ger\u00e7ek \u00e7arp\u0131\u015fma \u00f6nleme<\/li>\n<li>\u015eifre korumal\u0131 Elektronik Makale G\u00f6zetimi (EAS)<\/li>\n<li>Parola korumal\u0131 Uygulama Ailesi Tan\u0131mlay\u0131c\u0131s\u0131 (AFI)<\/li>\n<li>Veri Depolama Bi\u00e7imi Tan\u0131mlay\u0131c\u0131s\u0131 (DSFID)<\/li>\n<li>Ek h\u0131zl\u0131 \u00e7arp\u0131\u015fma \u00f6nleme okumas\u0131<\/li>\n<li>Yazma mesafesi okuma mesafesine e\u015fittir<\/li>\n<\/ul>\n<\/div>\n<div class=\"collapse-mobile ste-list\">\n<h3>EEPROM<\/h3>\n<ul class=\"boxes\">\n<li>1024 bit, her biri 4 baytl\u0131k 32 blok halinde d\u00fczenlenmi\u015ftir<\/li>\n<li>50 y\u0131l veri saklama<\/li>\n<li>100000 \u00e7evrim yazma dayan\u0131kl\u0131l\u0131\u011f\u0131<\/li>\n<\/ul>\n<\/div>\n<div class=\"collapse-mobile ste-list\">\n<h3>G\u00fcvenlik<\/h3>\n<ul class=\"boxes\">\n<li>Her cihaz i\u00e7in benzersiz tan\u0131mlay\u0131c\u0131<\/li>\n<li>Her kullan\u0131c\u0131 bellek blo\u011fu i\u00e7in kilitleme mekanizmas\u0131 (yazma korumas\u0131)<\/li>\n<li>DSFID, AFI, EAS i\u00e7in kilit mekanizmas\u0131<\/li>\n<li>Parola (32-bit) korumal\u0131 EAS ve AFI i\u015flevselli\u011fi<\/li>\n<\/ul>\n<\/div>\n<\/div>\n<\/div>\n<div class=\"auto-hide-last-sibling-br paragraph_9dc5f paragraph-element\"><strong>ISO15693 ICODE SLIX RFID G\u00f6mme:<\/strong>\u00a0RFID i\u00e7 yap\u0131s\u0131 bir anten ve bir mikro\u00e7ipten olu\u015fur. Mikro\u00e7ip verileri depolar ve anten bu verileri RFID okuyucusuna iletmekten sorumludur.<\/div>\n<p>&nbsp;<\/p>\n<div class=\"auto-hide-last-sibling-br paragraph_9dc5f paragraph-element\"><strong>Islak Dolgular:<\/strong>\u00a0Bunlar, yap\u0131\u015fkan bir tabaka ve \u015feffaf bir PET (Polietilen Tereftalat) tabakas\u0131n\u0131n \u00fcst\u00fcne yerle\u015ftirilen RFID ekleridir. PET tabakas\u0131 fiziksel hasara kar\u015f\u0131 koruma i\u00e7in kullan\u0131l\u0131r. Yap\u0131\u015fkan taraf\u0131 etiketten veya malzemeden uza\u011fa bakt\u0131\u011f\u0131ndan, bunlar RFID etiketleri olu\u015fturmak i\u00e7in rahatl\u0131kla kullan\u0131labilir, dolay\u0131s\u0131yla \u00e7e\u015fitli sekt\u00f6rler i\u00e7in etiket olu\u015fturmada geni\u015f uygulama alan\u0131na sahiptir.<\/div>\n<div><\/div>\n<div>\n<div class=\"auto-hide-last-sibling-br paragraph_9dc5f paragraph-element\">\u00a0Ka\u011f\u0131t, PP film, PET veya i\u00e7 k\u0131s\u0131m gibi \u00e7e\u015fitli malzemelerden ve farkl\u0131 boyutlarda \u00fcretilen ISO15693 ICODE SLIX NFC Etiketi yayg\u0131n olarak kullan\u0131l\u0131r. Bunlar\u0131 genellikle \u015fu gibi end\u00fcstrilerde bulabilirsiniz:<\/div>\n<p>&nbsp;<\/p>\n<ul class=\"auto-hide-last-sibling-br\">\n<li><strong>Varl\u0131k Y\u00f6netimi:<\/strong>\u00a0Etiketler, sa\u011fl\u0131k hizmetlerindeki veya BT&#039;deki ekipmanlar\u0131n izlenmesi gibi \u00e7e\u015fitli ortamlarda fiziksel varl\u0131klar\u0131n izlenmesi i\u00e7in kullan\u0131l\u0131r.<\/li>\n<li><strong>Giyim Y\u00f6netimi:<\/strong>\u00a0Moda perakendesinde bu etiketler, envanter takibini, h\u0131rs\u0131zl\u0131\u011fa kar\u015f\u0131 \u00f6nlemleri kolayla\u015ft\u0131r\u0131r ve ma\u011faza i\u00e7i m\u00fc\u015fteri deneyimini iyile\u015ftirir.<\/li>\n<li><strong>Stok Y\u00f6netimi:<\/strong>\u00a0Depolarda ve perakendede RFID etiketleri, envanteri etkin bir \u015fekilde y\u00f6netmek, manuel eme\u011fi azaltmak ve hatalar\u0131 en aza indirmek i\u00e7in kullan\u0131l\u0131r.<\/li>\n<li><strong>K\u00fct\u00fcphane Y\u00f6netimi:<\/strong>\u00a0\u00d6d\u00fcn\u00e7 alma ve iade s\u00fcre\u00e7lerini otomatikle\u015ftirmek, envanter y\u00f6netimini iyile\u015ftirmek ve h\u0131rs\u0131zl\u0131\u011fa kar\u015f\u0131 g\u00fcvenlik sa\u011flamak i\u00e7in kullan\u0131l\u0131rlar.<\/li>\n<li><strong>M\u00fccevher Y\u00f6netimi:<\/strong>\u00a0Hafif ve hassas olan bu etiketler, m\u00fccevher sekt\u00f6r\u00fcnde g\u00fcvenli ve etkili envanter kontrol\u00fc sa\u011flar.<\/li>\n<li><strong>Lojistik:<\/strong> RFID etiketleri, transit halindeki mallar\u0131n takibinde, nakliye do\u011frulu\u011funun iyile\u015ftirilmesinde ve tedarik zincirinde g\u00f6r\u00fcn\u00fcrl\u00fc\u011f\u00fcn art\u0131r\u0131lmas\u0131nda kullan\u0131lmaktad\u0131r.<\/li>\n<\/ul>\n<div class=\"auto-hide-last-sibling-br paragraph_9dc5f paragraph-element\">Etiketlerin boyutu ve \u015fekli, belirli uygulamaya g\u00f6re \u00f6zelle\u015ftirilebilir, bu da \u00e7e\u015fitli kullan\u0131m durumlar\u0131nda esnekliklerini ve uyarlanabilirliklerini art\u0131r\u0131r.<\/div>\n<\/div>\n<div><\/div>\n<div>\n<h2 class=\"AnswerParser_AnswerParserH2__SIHnF\">Bug\u00fcn NXP ICODE SLIX RFID&#039;ye Ba\u015flay\u0131n<\/h2>\n<p><span class=\"AnswerParser_TextContainer__z_Iiv\" data-testid=\"youchat-text\">Varl\u0131k y\u00f6netimi ve kimlik do\u011frulama s\u00fcre\u00e7lerinizde devrim yaratmaya haz\u0131r m\u0131s\u0131n\u0131z? Daha verimli bir gelece\u011fe do\u011fru ilk ad\u0131m\u0131 at\u0131n:<\/span><\/p>\n<ol class=\"AnswerParser_AnswerParserOrderedList__kl_2Y\">\n<li class=\"AnswerParser_ListItem__XqLOV\" translate=\"yes\"><strong>\u00dccretsiz Numune \u0130steyin<\/strong>: Kaliteyi ve performans\u0131 ilk elden deneyimleyin<\/li>\n<li class=\"AnswerParser_ListItem__XqLOV\" translate=\"yes\"><strong>Uzmanlar\u0131m\u0131za Dan\u0131\u015f\u0131n<\/strong>: \u0130\u015fletmenizde RFID uygulamas\u0131na ili\u015fkin ki\u015fiselle\u015ftirilmi\u015f tavsiyeler al\u0131n<\/li>\n<li class=\"AnswerParser_ListItem__XqLOV\" translate=\"yes\"><strong>\u00d6zel Teklif<\/strong>: \u00d6zel ihtiya\u00e7lar\u0131n\u0131za ve hacim gereksinimlerinize g\u00f6re uyarlanm\u0131\u015f bir fiyatland\u0131rma plan\u0131 al\u0131n<\/li>\n<\/ol>\n<p><span class=\"AnswerParser_TextContainer__z_Iiv\" data-testid=\"youchat-text\">G\u00fcncel olmayan izleme y\u00f6ntemlerinin i\u015finizi engellemesine izin vermeyin. NXP ICODE SLIX RFID teknolojisinin g\u00fcc\u00fcn\u00fc benimseyin ve rekabette \u00f6nde olun. Daha ak\u0131ll\u0131, daha verimli operasyonlara do\u011fru yolculu\u011funuza ba\u015flamak i\u00e7in bug\u00fcn sorgulama formumuzu doldurun.<\/span><\/div>","protected":false},"excerpt":{"rendered":"<p>NXP ICODE SLIX 13.56MHz RFID ek par\u00e7as\u0131yla varl\u0131k y\u00f6netiminde devrim yarat\u0131n, envanter verimlili\u011fini ve sekt\u00f6rler genelinde \u00fcr\u00fcn kimlik do\u011frulamas\u0131n\u0131 art\u0131r\u0131n.<\/p>","protected":false},"featured_media":320,"template":"","meta":{"_kad_post_transparent":"default","_kad_post_title":"","_kad_post_layout":"default","_kad_post_sidebar_id":"","_kad_post_content_style":"default","_kad_post_vertical_padding":"default","_kad_post_feature":"","_kad_post_feature_position":"","_kad_post_header":false,"_kad_post_footer":false,"_kad_post_classname":""},"product_brand":[],"product_cat":[54,189],"product_tag":[306,111,108],"class_list":{"0":"post-319","1":"product","2":"type-product","3":"status-publish","4":"has-post-thumbnail","6":"product_cat-hot-selling-rfid-tags","7":"product_cat-rfid-inlay","8":"product_tag-icode-slix-rfid-inlay","9":"product_tag-nfc-inlay","10":"product_tag-rfid-inlay","12":"first","13":"instock","14":"shipping-taxable","15":"product-type-simple","16":"entry","17":"content-bg","18":"loop-entry"},"_links":{"self":[{"href":"https:\/\/rfid-laundry-tag.com\/tr\/wp-json\/wp\/v2\/product\/319","targetHints":{"allow":["GET"]}}],"collection":[{"href":"https:\/\/rfid-laundry-tag.com\/tr\/wp-json\/wp\/v2\/product"}],"about":[{"href":"https:\/\/rfid-laundry-tag.com\/tr\/wp-json\/wp\/v2\/types\/product"}],"version-history":[{"count":3,"href":"https:\/\/rfid-laundry-tag.com\/tr\/wp-json\/wp\/v2\/product\/319\/revisions"}],"predecessor-version":[{"id":2656,"href":"https:\/\/rfid-laundry-tag.com\/tr\/wp-json\/wp\/v2\/product\/319\/revisions\/2656"}],"wp:featuredmedia":[{"embeddable":true,"href":"https:\/\/rfid-laundry-tag.com\/tr\/wp-json\/wp\/v2\/media\/320"}],"wp:attachment":[{"href":"https:\/\/rfid-laundry-tag.com\/tr\/wp-json\/wp\/v2\/media?parent=319"}],"wp:term":[{"taxonomy":"product_brand","embeddable":true,"href":"https:\/\/rfid-laundry-tag.com\/tr\/wp-json\/wp\/v2\/product_brand?post=319"},{"taxonomy":"product_cat","embeddable":true,"href":"https:\/\/rfid-laundry-tag.com\/tr\/wp-json\/wp\/v2\/product_cat?post=319"},{"taxonomy":"product_tag","embeddable":true,"href":"https:\/\/rfid-laundry-tag.com\/tr\/wp-json\/wp\/v2\/product_tag?post=319"}],"curies":[{"name":"wp","href":"https:\/\/api.w.org\/{rel}","templated":true}]}}