{"id":3186,"date":"2026-01-09T13:37:43","date_gmt":"2026-01-09T13:37:43","guid":{"rendered":"https:\/\/rfid-laundry-tag.com\/?post_type=product&#038;p=3186"},"modified":"2026-01-09T13:37:44","modified_gmt":"2026-01-09T13:37:44","slug":"fabric-woven-rfid-wash-care-tag","status":"publish","type":"product","link":"https:\/\/rfid-laundry-tag.com\/tr\/fabric-woven-rfid-wash-care-tag\/","title":{"rendered":"Dokuma Kuma\u015f RFID Y\u0131kama Talimat\u0131 Etiketi"},"content":{"rendered":"<div>\n<div>\n<table>\n<tbody>\n<tr>\n<td colspan=\"1\" rowspan=\"1\">\n<div data-spm-anchor-id=\"a2700.details.0.i95.236a58c1ycsfva\">\u00dcretim ad\u0131:<\/div>\n<\/td>\n<td colspan=\"1\" rowspan=\"1\">\n<div><strong>Dokuma Kuma\u015f RFID Y\u0131kama Talimat\u0131 Etiketi<\/strong><\/div>\n<\/td>\n<\/tr>\n<tr>\n<td colspan=\"1\" rowspan=\"1\">\n<div>Malzeme:<\/div>\n<\/td>\n<td colspan=\"1\" rowspan=\"1\">\n<div>Polyester\/Dokuma\/Kompozit\/Saten\/Pamuk\/Dokumas\u0131z\/PET vb.<\/div>\n<\/td>\n<\/tr>\n<tr>\n<td colspan=\"1\" rowspan=\"1\">\n<div>Boyut:<\/div>\n<\/td>\n<td colspan=\"1\" rowspan=\"1\">\n<div>80*38mm\/60*30mm\/61*26mm\/60*22mm\/ vb. veya \u00f6zel \u00f6l\u00e7\u00fclerde<\/div>\n<\/td>\n<\/tr>\n<tr>\n<td colspan=\"1\" rowspan=\"1\">\n<div>Tip:<\/div>\n<\/td>\n<td colspan=\"1\" rowspan=\"1\">\n<div>Pasif, RFID<\/div>\n<\/td>\n<\/tr>\n<tr>\n<td colspan=\"1\" rowspan=\"1\">\n<div>RF Protokol\u00fc:<\/div>\n<\/td>\n<td colspan=\"1\" rowspan=\"1\">\n<div>ISO 18000-6C; EPC S\u0131n\u0131f 1 Gen 2<\/div>\n<\/td>\n<\/tr>\n<tr>\n<td colspan=\"1\" rowspan=\"1\">\n<div>S\u0131kl\u0131k:<\/div>\n<\/td>\n<td colspan=\"1\" rowspan=\"1\">\n<div>860~960MHz<\/div>\n<\/td>\n<\/tr>\n<tr>\n<td colspan=\"1\" rowspan=\"1\">\n<div>\u00c7ip<\/div>\n<\/td>\n<td colspan=\"1\" rowspan=\"1\">\n<div>U8,U9,Alien Higgs, Monza 4D, Monza 4QT, Monza R6, Monza R6-P, Impinj M730, Impinj M750 vb.<\/div>\n<\/td>\n<\/tr>\n<tr>\n<td colspan=\"1\" rowspan=\"1\">\n<div>Okuma Mesafesi:<\/div>\n<\/td>\n<td colspan=\"1\" rowspan=\"1\">\n<div>UHF: 1~10m (okuyucuya ve antene ba\u011fl\u0131)<\/div>\n<\/td>\n<\/tr>\n<tr>\n<td colspan=\"1\" rowspan=\"1\">\n<div>Sabit yol:<\/div>\n<\/td>\n<td colspan=\"1\" rowspan=\"1\">\n<div>Dikmek \/ \u00fct\u00fclemek<\/div>\n<\/td>\n<\/tr>\n<tr>\n<td colspan=\"1\" rowspan=\"1\">\n<div>Bask\u0131:<\/div>\n<\/td>\n<td colspan=\"1\" rowspan=\"1\">\n<div>Bask\u0131, Kodlama, Seri Numaras\u0131, Tasar\u0131m vb.<\/div>\n<\/td>\n<\/tr>\n<tr>\n<td colspan=\"1\" rowspan=\"1\">\n<div>IC \u00f6mr\u00fc:<\/div>\n<\/td>\n<td colspan=\"1\" rowspan=\"1\">\n<div data-spm-anchor-id=\"a2700.details.0.i94.236a58c1ycsfva\">100.000 Programlama d\u00f6ng\u00fcs\u00fc<br \/>\n10 y\u0131l veri saklama<\/div>\n<\/td>\n<\/tr>\n<tr>\n<td colspan=\"1\" rowspan=\"1\">\n<div>\u00d6rnek Durumu:<\/div>\n<\/td>\n<td colspan=\"1\" rowspan=\"1\">\n<div>Talep \u00fczerine \u00fccretsiz numuneler mevcuttur<\/div>\n<\/td>\n<\/tr>\n<tr>\n<td colspan=\"1\" rowspan=\"1\">\n<div>Uygulamalar:<\/div>\n<\/td>\n<td colspan=\"1\" rowspan=\"1\">\n<div>\u00b7 Stok Y\u00f6netimi<br \/>\n\u00b7 Tedarik Zinciri<br \/>\n\u00b7 Perakende<\/div>\n<\/td>\n<\/tr>\n<tr>\n<td colspan=\"1\" rowspan=\"1\">\n<div>Kullanmak<\/div>\n<\/td>\n<td colspan=\"1\" rowspan=\"1\">\n<div>Giyim, Giyim E\u015fyalar\u0131, \u00c7anta, Ayakkab\u0131 vb.<\/div>\n<\/td>\n<\/tr>\n<\/tbody>\n<\/table>\n<\/div>\n<\/div>\n<div>\n<div>\n<div>\n<div>\n<div>\n<div><\/div>\n<\/div>\n<div>\n<div>\n<h2>Naylon kuma\u015f malzeme yumu\u015fak ve a\u015f\u0131nmaya dayan\u0131kl\u0131d\u0131r.<\/h2>\n<div><a href=\"https:\/\/rfid-laundry-tag.com\/tr\/\">Dokuma Kuma\u015f RFID Y\u0131kama Talimat\u0131 Etiketi<\/a>\u00a0Naylon kuma\u015f malzemesi iyi bir dayan\u0131kl\u0131l\u0131\u011fa, p\u00fcr\u00fczs\u00fcz bir dokuya ve m\u00fckemmel bask\u0131 efektlerine sahiptir, kolayca y\u0131pranmadan y\u0131kanabilir.<\/div>\n<div>\u015eu anda giyim, ayakkab\u0131, \u00e7anta, ev tekstili ve otel tekstil y\u00f6netimi alanlar\u0131nda yayg\u0131n olarak kullan\u0131lmaktad\u0131r.<\/div>\n<\/div>\n<\/div>\n<\/div>\n<div><\/div>\n<div>Dokuma kuma\u015ftan \u00fcretilmi\u015f RFID y\u0131kama bak\u0131m etiketi, dahili UHF \u00e7ipi ve uzun mesafeli okuma \u00f6zelli\u011fine sahiptir.<br \/>\nUHF \u00e7ipiyle donat\u0131lm\u0131\u015f olup yeniden yaz\u0131labilir.<br \/>\n100.000 defaya kadar kay\u0131t yap\u0131labilen bu \u00fcr\u00fcn, verileri 10 y\u0131l boyunca saklayabilir ve istikrarl\u0131 ve g\u00fcvenilir bir performans sunar.<\/div>\n<\/div>\n<div><\/div>\n<div>Dokuma Kuma\u015f RFID Y\u0131kama Bak\u0131m Etiketi, \u00d6zelle\u015ftirme Deste\u011fi, \u00dccretsiz Tasar\u0131m D\u00fczeni<br \/>\n\u0130ste\u011fe ba\u011fl\u0131 olarak kodlama, logo, 1D\/2D barkodlar ile \u00f6zelle\u015ftirilebilir.,<\/div>\n<div>Ayr\u0131ca \u00f6zel boyutlarda, \u00e7ip modellerinde, renklerde vb. de mevcuttur.<\/div>\n<div>\n<div><\/div>\n<div>\n<div>\n<div>\n<div>\n<div>\n<h2>Kolay Kurulum ve Kullan\u0131m<\/h2>\n<p>Dokuma kuma\u015ftan \u00fcretilen RFID y\u0131kama etiketimiz, giysilerinize kusursuz bir \u015fekilde entegre olacak \u015fekilde tasarlanm\u0131\u015ft\u0131r:<\/p>\n<ol>\n<li translate=\"yes\">Dikme Se\u00e7ene\u011fi: Dayan\u0131kl\u0131l\u0131k i\u00e7in geleneksel ba\u011flant\u0131 y\u00f6ntemi.<\/li>\n<li translate=\"yes\">\u00dct\u00fcyle Yap\u0131\u015ft\u0131r\u0131labilir: Is\u0131 transfer teknolojisi kullan\u0131larak h\u0131zl\u0131 ve kolay uygulama.<\/li>\n<\/ol>\n<p>Her iki y\u00f6ntem de RFID etiketinin giysinin kullan\u0131m \u00f6mr\u00fc boyunca g\u00fcvenli bir \u015fekilde tak\u0131l\u0131 kalmas\u0131n\u0131 sa\u011flar.<\/p>\n<h3>\u0130\u015fte \u00fcst d\u00fczey giyim markalar\u0131n\u0131n dokuma kuma\u015f RFID y\u0131kama bak\u0131m etiketini ba\u015far\u0131yla nas\u0131l uygulad\u0131klar\u0131na dair birka\u00e7 \u00f6rnek:<\/h3>\n<ol>\n<li>\n<div>Prada: Bu \u00fcnl\u00fc \u0130talyan l\u00fcks markas\u0131, 2001 y\u0131l\u0131nda RFID y\u0131kama etiketlerini benimseyerek stil, beden, renk ve fiyat gibi bilgilerin ayr\u0131nt\u0131l\u0131 olarak kaydedilmesini sa\u011flad\u0131. \u0130lgin\u00e7 bir \u015fekilde, Prada k\u0131yafetleri giyen t\u00fcketiciler ma\u011fazalar\u0131ndan ge\u00e7erken, Milano&#039;daki y\u00fcksek moda defilesini taklit eden \u015fekilde, ma\u011fazadaki mankenler \u00fczerinde ilgili k\u0131yafetler sergileniyor. RFID teknolojisinin bu yenilik\u00e7i kullan\u0131m\u0131, Prada t\u00fcketicilerinin sat\u0131n alma sonras\u0131 memnuniyetini art\u0131r\u0131yor.<\/div>\n<\/li>\n<li>\n<div>H&amp;M: Bu uluslararas\u0131 marka, RFID teknolojisini 2014 y\u0131l\u0131nda kullanmaya ba\u015flad\u0131. Planlanan 1.800 ma\u011fazada RFID teknolojisi, \u00fcr\u00fcn kategorilerinin, miktarlar\u0131n\u0131n ve t\u00fcketiminin otomatik olarak izlenmesine olanak tan\u0131yor.<\/div>\n<\/li>\n<li>\n<div>ZARA: ZARA&#039;n\u0131n ana \u015firketi Inditex, 2016 y\u0131l\u0131n\u0131n ilk yar\u0131s\u0131nda RFID teknolojisinin uygulanmas\u0131n\u0131n, yakla\u015f\u0131k 701.000 markas\u0131n\u0131n envanter ve tedarik y\u00f6netimini iyile\u015ftirdi\u011fini a\u00e7\u0131klad\u0131. Bu uygulama, sat\u0131\u015flarda ,11&#039;lik bir art\u0131\u015fa ve 1,26 milyar euro&#039;luk bir kar art\u0131\u015f\u0131na (%7,51&#039;lik bir art\u0131\u015f) yol a\u00e7t\u0131.<\/div>\n<\/li>\n<li>\n<div>Uniqlo: 2017&#039;de Uniqlo, d\u00fcnya \u00e7ap\u0131nda 3.000 ma\u011fazas\u0131nda RFID UHF etiketleri kullanma plan\u0131n\u0131 duyurarak, elektronik etiketleri d\u00fcnya genelinde kullanan ilk Japon perakendeci oldu.<\/div>\n<\/li>\n<\/ol>\n<div>Bunlar, \u00f6nde gelen giyim markalar\u0131n\u0131n RFID etiketlerinden nas\u0131l yararland\u0131\u011f\u0131na dair baz\u0131 bilgilerdir. 2019 itibariyle, neredeyse t\u00fcm d\u00fcnya \u00e7ap\u0131ndaki markalar giysilerine RFID etiketleri uygulam\u0131\u015f olup, bu da 20 milyardan fazla etiketli giysiye yol a\u00e7m\u0131\u015ft\u0131r ve bu say\u0131 \u00f6nemli \u00f6l\u00e7\u00fcde artmaya devam etmektedir. Bu teknolojiyi benimseyen di\u011fer \u00f6nemli markalar aras\u0131nda NIKE ve Walmart da bulunmaktad\u0131r.<\/div>\n<\/div>\n<\/div>\n<\/div>\n<\/div>\n<\/div>\n<\/div>\n<\/div>\n<\/div>","protected":false},"excerpt":{"rendered":"<div class=\"elementor-element elementor-element-4f79c63 e-flex e-con-boxed e-con e-parent e-lazyloaded\" data-id=\"4f79c63\" data-element_type=\"container\" data-settings=\"{&quot;_ha_eqh_enable&quot;:false}\">\n<div class=\"e-con-inner\">\n<div class=\"elementor-element elementor-element-be3873c elementor-widget elementor-widget-woocommerce-product-short-description\" data-id=\"be3873c\" data-element_type=\"widget\" data-widget_type=\"woocommerce-product-short-description.default\">\n<div class=\"elementor-widget-container\">\n<div class=\"woocommerce-product-details__short-description\">\n<p>Dayan\u0131kl\u0131 <strong>naylon dokuma RFID y\u0131kama talimat\u0131 etiketi<\/strong> UHF \u00e7ipli, 100.000 kez yeniden yaz\u0131labilir, uzun \u00f6m\u00fcrl\u00fc, \u00f6zelle\u015ftirilebilir tasar\u0131m, tekstil ve giyim i\u00e7in ideal.<\/p>\n<\/div>\n<\/div>\n<\/div>\n<\/div>\n<\/div>\n<div class=\"elementor-element elementor-element-3ad806e e-flex e-con-boxed e-con e-parent e-lazyloaded\" data-id=\"3ad806e\" data-element_type=\"container\" data-settings=\"{&quot;_ha_eqh_enable&quot;:false}\">\n<div class=\"e-con-inner\">\n<div class=\"elementor-element elementor-element-362020f elementor-widget elementor-widget-woocommerce-product-data-tabs\" data-id=\"362020f\" data-element_type=\"widget\" data-widget_type=\"woocommerce-product-data-tabs.default\">\n<div class=\"elementor-widget-container\">\n<div class=\"woocommerce-tabs wc-tabs-wrapper\"><\/div>\n<\/div>\n<\/div>\n<\/div>\n<\/div>","protected":false},"featured_media":3187,"template":"","meta":{"_kad_post_transparent":"default","_kad_post_title":"","_kad_post_layout":"default","_kad_post_sidebar_id":"","_kad_post_content_style":"default","_kad_post_vertical_padding":"default","_kad_post_feature":"","_kad_post_feature_position":"","_kad_post_header":false,"_kad_post_footer":false,"_kad_post_classname":""},"product_brand":[],"product_cat":[81],"product_tag":[386,285,387],"class_list":{"0":"post-3186","1":"product","2":"type-product","3":"status-publish","4":"has-post-thumbnail","6":"product_cat-rfid-wash-care-clothing-label","7":"product_tag-fabric-woven-rfid-wash-care-tag","8":"product_tag-rfid-tag","9":"product_tag-rfid-wash-care-tag","11":"first","12":"instock","13":"shipping-taxable","14":"product-type-simple","15":"entry","16":"content-bg","17":"loop-entry"},"_links":{"self":[{"href":"https:\/\/rfid-laundry-tag.com\/tr\/wp-json\/wp\/v2\/product\/3186","targetHints":{"allow":["GET"]}}],"collection":[{"href":"https:\/\/rfid-laundry-tag.com\/tr\/wp-json\/wp\/v2\/product"}],"about":[{"href":"https:\/\/rfid-laundry-tag.com\/tr\/wp-json\/wp\/v2\/types\/product"}],"version-history":[{"count":1,"href":"https:\/\/rfid-laundry-tag.com\/tr\/wp-json\/wp\/v2\/product\/3186\/revisions"}],"predecessor-version":[{"id":3190,"href":"https:\/\/rfid-laundry-tag.com\/tr\/wp-json\/wp\/v2\/product\/3186\/revisions\/3190"}],"wp:featuredmedia":[{"embeddable":true,"href":"https:\/\/rfid-laundry-tag.com\/tr\/wp-json\/wp\/v2\/media\/3187"}],"wp:attachment":[{"href":"https:\/\/rfid-laundry-tag.com\/tr\/wp-json\/wp\/v2\/media?parent=3186"}],"wp:term":[{"taxonomy":"product_brand","embeddable":true,"href":"https:\/\/rfid-laundry-tag.com\/tr\/wp-json\/wp\/v2\/product_brand?post=3186"},{"taxonomy":"product_cat","embeddable":true,"href":"https:\/\/rfid-laundry-tag.com\/tr\/wp-json\/wp\/v2\/product_cat?post=3186"},{"taxonomy":"product_tag","embeddable":true,"href":"https:\/\/rfid-laundry-tag.com\/tr\/wp-json\/wp\/v2\/product_tag?post=3186"}],"curies":[{"name":"wp","href":"https:\/\/api.w.org\/{rel}","templated":true}]}}