{"id":3180,"date":"2026-01-09T13:29:20","date_gmt":"2026-01-09T13:29:20","guid":{"rendered":"https:\/\/rfid-laundry-tag.com\/?post_type=product&#038;p=3180"},"modified":"2026-01-09T13:29:20","modified_gmt":"2026-01-09T13:29:20","slug":"rfid-garment-tag-for-apparel-and-fashion","status":"publish","type":"product","link":"https:\/\/rfid-laundry-tag.com\/tr\/rfid-garment-tag-for-apparel-and-fashion\/","title":{"rendered":"Giyim ve Moda \u0130\u00e7in RFID Giysi Etiketi"},"content":{"rendered":"<h2 class=\"ng-star-inserted\"><strong class=\"ng-star-inserted\"><span class=\"ng-star-inserted\">Giyim ve Moda \u0130\u00e7in RFID Giysi Etiketi<\/span><\/strong><\/h2>\n<h2 class=\"ng-star-inserted\"><strong class=\"ng-star-inserted\"><span class=\"ng-star-inserted\">Giyim ve Moda Sekt\u00f6r\u00fcnde RFID Teknolojisinin Y\u00fckseli\u015fi<\/span><\/strong><\/h2>\n<p class=\"ng-star-inserted\"><span class=\"ng-star-inserted\">The\u00a0<\/span><strong class=\"ng-star-inserted\"><span class=\"ng-star-inserted\">giyim<\/span><\/strong><span class=\"ng-star-inserted\">\u00a0ve moda end\u00fcstrisi h\u0131zla bunu benimsiyor.\u00a0<\/span><strong class=\"ng-star-inserted\"><span class=\"ng-star-inserted\">RFID<\/span><\/strong><span class=\"ng-star-inserted\">\u00a0(<\/span><strong class=\"ng-star-inserted\"><span class=\"ng-star-inserted\">radyo frekans\u0131<\/span><\/strong><span class=\"ng-star-inserted\">\u00a0Tan\u0131lama)\u00a0<\/span><strong class=\"ng-star-inserted\"><span class=\"ng-star-inserted\">teknoloji<\/span><\/strong><span class=\"ng-star-inserted\">\u00a0Operasyonlar\u0131 optimize etmek ve m\u00fc\u015fteri deneyimini geli\u015ftirmek i\u00e7in.\u00a0<\/span><strong class=\"ng-star-inserted\"><span class=\"ng-star-inserted\">RFID<\/span><\/strong><span class=\"ng-star-inserted\">\u00a0<\/span><strong class=\"ng-star-inserted\"><span class=\"ng-star-inserted\">giysi<\/span><\/strong><span class=\"ng-star-inserted\">\u00a0<\/span><strong class=\"ng-star-inserted\"><span class=\"ng-star-inserted\">etiketler<\/span><\/strong><span class=\"ng-star-inserted\">\u00a0\u00dcretimden sat\u0131\u015f noktas\u0131na ve sonras\u0131na kadar \u00fcr\u00fcnlerin t\u00fcm ya\u015fam d\u00f6ng\u00fcs\u00fc boyunca izlenmesi i\u00e7in g\u00fc\u00e7l\u00fc bir y\u00f6ntem sunar.\u00a0<\/span><strong class=\"ng-star-inserted\"><span class=\"ng-star-inserted\">RFID<\/span><\/strong><span class=\"ng-star-inserted\">\u00a0bir\u00a0<\/span><strong class=\"ng-star-inserted\"><span class=\"ng-star-inserted\">yeni<\/span><\/strong><span class=\"ng-star-inserted\">\u00a0Verimlilik, \u015feffafl\u0131k ve veriye dayal\u0131 karar alma \u00e7a\u011f\u0131.<\/span><\/p>\n<p class=\"ng-star-inserted\"><span class=\"ng-star-inserted\">Gelenekselin aksine\u00a0<\/span><strong class=\"ng-star-inserted\"><span class=\"ng-star-inserted\">barkod<\/span><\/strong><span class=\"ng-star-inserted\">S,\u00a0<\/span><strong class=\"ng-star-inserted\"><span class=\"ng-star-inserted\">RFID<\/span><\/strong><span class=\"ng-star-inserted\">\u00a0<\/span><strong class=\"ng-star-inserted\"><span class=\"ng-star-inserted\">etiket<\/span><\/strong><span class=\"ng-star-inserted\">Bu cihazlar do\u011frudan g\u00f6r\u00fc\u015f hatt\u0131 taramas\u0131 gerektirmez. Bu, kalabal\u0131k depolar veya yo\u011fun perakende ma\u011fazalar\u0131 gibi zorlu ortamlarda bile daha h\u0131zl\u0131 ve verimli veri yakalama olana\u011f\u0131 sa\u011flar. Birden fazla veriyi okuyabilme \u00f6zelli\u011fi de mevcuttur.\u00a0<\/span><strong class=\"ng-star-inserted\"><span class=\"ng-star-inserted\">etiketler<\/span><\/strong><span class=\"ng-star-inserted\">\u00a0ayn\u0131 anda olmas\u0131, \u00f6nemli bir avantaj\u0131d\u0131r.\u00a0<\/span><strong class=\"ng-star-inserted\"><span class=\"ng-star-inserted\">RFID<\/span><\/strong><span class=\"ng-star-inserted\">, Bu durum, envanter say\u0131m\u0131 gibi s\u00fcre\u00e7leri \u00f6nemli \u00f6l\u00e7\u00fcde h\u0131zland\u0131rmaktad\u0131r.\u00a0<\/span><strong class=\"ng-star-inserted\"><span class=\"ng-star-inserted\">\u00c7\u0131k\u0131\u015f yapmak<\/span><\/strong><span class=\"ng-star-inserted\">. Y\u00fcksek h\u0131zda hareket eden nesneleri birden fazla elektronik sinyalle tan\u0131mlayabilir.\u00a0<\/span><strong class=\"ng-star-inserted\"><span class=\"ng-star-inserted\">etiketler<\/span><\/strong><span class=\"ng-star-inserted\">\u00a0ayn\u0131 anda\u00a0<\/span><strong class=\"ng-star-inserted\"><span class=\"ng-star-inserted\">zaman<\/span><\/strong><span class=\"ng-star-inserted\">\u00a0arac\u0131l\u0131\u011f\u0131yla\u00a0<\/span><strong class=\"ng-star-inserted\"><span class=\"ng-star-inserted\">RFID<\/span><\/strong><span class=\"ng-star-inserted\">\u00a0<\/span><strong class=\"ng-star-inserted\"><span class=\"ng-star-inserted\">teknoloji<\/span><\/strong><span class=\"ng-star-inserted\">.<\/span><\/p>\n<h2 class=\"ng-star-inserted\"><strong class=\"ng-star-inserted\"><span class=\"ng-star-inserted\">RFID Etiketleri: Perakende Sekt\u00f6r\u00fcnde Devrim Yarat\u0131yor<\/span><\/strong><\/h2>\n<p class=\"ng-star-inserted\"><strong class=\"ng-star-inserted\"><span class=\"ng-star-inserted\">RFID ask\u0131l\u0131 etiketler<\/span><\/strong><span class=\"ng-star-inserted\">\u00a0Envanter konusunda benzersiz bir g\u00f6r\u00fcn\u00fcrl\u00fck sa\u011flayarak ve g\u00fcvenli\u011fi art\u0131rarak perakende sekt\u00f6r\u00fcn\u00fcn \u00e7ehresini de\u011fi\u015ftiriyorlar.\u00a0<\/span><strong class=\"ng-star-inserted\"><span class=\"ng-star-inserted\">etiketler<\/span><\/strong><span class=\"ng-star-inserted\">, Genellikle giysilere, \u015fapkalara, \u00e7antalara ve ayakkab\u0131lara tak\u0131lan bu etiketler, \u00fcr\u00fcn bilgilerini ve benzersiz bir tan\u0131mlay\u0131c\u0131y\u0131 depolayan bir mikro\u00e7ip i\u00e7erir. Bu mikro\u00e7iplerin yerle\u015ftirilmesiyle\u00a0<\/span><strong class=\"ng-star-inserted\"><span class=\"ng-star-inserted\">RFID<\/span><\/strong><span class=\"ng-star-inserted\">\u00a0<\/span><strong class=\"ng-star-inserted\"><span class=\"ng-star-inserted\">teknoloji<\/span><\/strong><span class=\"ng-star-inserted\">\u00a0i\u00e7inde\u00a0<\/span><strong class=\"ng-star-inserted\"><span class=\"ng-star-inserted\">asmak<\/span><\/strong><span class=\"ng-star-inserted\">\u00a0<\/span><strong class=\"ng-star-inserted\"><span class=\"ng-star-inserted\">etiket<\/span><\/strong><span class=\"ng-star-inserted\">Bu sayede bu sorun etkili bir \u015fekilde \u00e7\u00f6z\u00fclebilir.<\/span><\/p>\n<p class=\"ng-star-inserted\"><strong class=\"ng-star-inserted\"><span class=\"ng-star-inserted\">RFID ask\u0131l\u0131 etiketler<\/span><\/strong><span class=\"ng-star-inserted\">\u00a0A\u015fa\u011f\u0131dakiler de dahil olmak \u00fczere \u00e7ok say\u0131da fayda sunmaktad\u0131r:<\/span><\/p>\n<ul class=\"ng-star-inserted\">\n<li class=\"ng-star-inserted\">\n<p class=\"ng-star-inserted\"><strong class=\"ng-star-inserted\"><span class=\"ng-star-inserted\">Envanter Do\u011frulu\u011funda \u0130yile\u015fme:<\/span><\/strong><span class=\"ng-star-inserted\">\u00a0<\/span><strong class=\"ng-star-inserted\"><span class=\"ng-star-inserted\">Ger\u00e7ek zamanl\u0131<\/span><\/strong><span class=\"ng-star-inserted\">\u00a0Stok seviyelerinin takibi, stok t\u00fckenmesinin ve fazla stokun azalt\u0131lmas\u0131.<\/span><\/p>\n<\/li>\n<li class=\"ng-star-inserted\">\n<p class=\"ng-star-inserted\"><strong class=\"ng-star-inserted\"><span class=\"ng-star-inserted\">Kay\u0131p \u00d6nleme:<\/span><\/strong><span class=\"ng-star-inserted\">\u00a0<\/span><strong class=\"ng-star-inserted\"><span class=\"ng-star-inserted\">RFID<\/span><\/strong><span class=\"ng-star-inserted\">\u00a0<\/span><strong class=\"ng-star-inserted\"><span class=\"ng-star-inserted\">etiket<\/span><\/strong><span class=\"ng-star-inserted\">Bu sistemler, h\u0131rs\u0131zl\u0131\u011f\u0131 \u00f6nlemek amac\u0131yla elektronik \u00fcr\u00fcn g\u00f6zetim (EAS) sisteminin bir par\u00e7as\u0131 olarak kullan\u0131labilir. Ayr\u0131ca sahtecili\u011fi \u00f6nlemeye de yard\u0131mc\u0131 olabilirler.\u00a0<\/span><strong class=\"ng-star-inserted\"><span class=\"ng-star-inserted\">giysi<\/span><\/strong><span class=\"ng-star-inserted\">S.<\/span><\/p>\n<\/li>\n<li class=\"ng-star-inserted\">\n<p class=\"ng-star-inserted\"><strong class=\"ng-star-inserted\"><span class=\"ng-star-inserted\">Marka Kimlik Do\u011frulama:<\/span><\/strong><span class=\"ng-star-inserted\">\u00a0<\/span><strong class=\"ng-star-inserted\"><span class=\"ng-star-inserted\">RFID<\/span><\/strong><span class=\"ng-star-inserted\">\u00a0\u00dcr\u00fcnlerin orijinalli\u011fini do\u011frulamaya yard\u0131mc\u0131 olarak markan\u0131z\u0131 ve m\u00fc\u015fterilerinizi korur.<\/span><\/p>\n<\/li>\n<li class=\"ng-star-inserted\">\n<p class=\"ng-star-inserted\"><strong class=\"ng-star-inserted\"><span class=\"ng-star-inserted\">Geli\u015ftirilmi\u015f M\u00fc\u015fteri Deneyimi:<\/span><\/strong><span class=\"ng-star-inserted\">\u00a0Daha h\u0131zl\u0131\u00a0<\/span><strong class=\"ng-star-inserted\"><span class=\"ng-star-inserted\">\u00c7\u0131k\u0131\u015f yapmak<\/span><\/strong><span class=\"ng-star-inserted\">\u00a0Ak\u0131ll\u0131 raflar ve deneme kabinleri arac\u0131l\u0131\u011f\u0131yla s\u00fcre\u00e7ler ve ki\u015fiselle\u015ftirilmi\u015f \u00f6neriler.<\/span><\/p>\n<\/li>\n<\/ul>\n<p class=\"ng-star-inserted\">\n<h2 class=\"ng-star-inserted\"><strong class=\"ng-star-inserted\"><span class=\"ng-star-inserted\">Teknik\u00a0<\/span><\/strong><\/h2>\n<div class=\"table-container ng-star-inserted\">\n<table>\n<tbody>\n<tr class=\"table-header ng-star-inserted\">\n<td class=\"ng-star-inserted\"><span class=\"ng-star-inserted\">\u00d6zellik<\/span><\/td>\n<td class=\"ng-star-inserted\"><span class=\"ng-star-inserted\">\u015eartname<\/span><\/td>\n<\/tr>\n<tr class=\"ng-star-inserted\">\n<td class=\"ng-star-inserted\"><strong class=\"ng-star-inserted\"><span class=\"ng-star-inserted\">S\u0131kl\u0131k<\/span><\/strong><\/td>\n<td class=\"ng-star-inserted\"><strong class=\"ng-star-inserted\"><span class=\"ng-star-inserted\">UHF RFID<\/span><\/strong><span class=\"ng-star-inserted\">\u00a0(860-960 MHz),\u00a0<\/span><strong class=\"ng-star-inserted\"><span class=\"ng-star-inserted\">RAIN RFID<\/span><\/strong><\/td>\n<\/tr>\n<tr class=\"ng-star-inserted\">\n<td class=\"ng-star-inserted\"><strong class=\"ng-star-inserted\"><span class=\"ng-star-inserted\">Protokol<\/span><\/strong><\/td>\n<td class=\"ng-star-inserted\"><strong class=\"ng-star-inserted\"><span class=\"ng-star-inserted\">ISO 18000-6C<\/span><\/strong><span class=\"ng-star-inserted\">\u00a0(<\/span><strong class=\"ng-star-inserted\"><span class=\"ng-star-inserted\">EPC S\u0131n\u0131f 1 Gen2<\/span><\/strong><span class=\"ng-star-inserted\">)<\/span><\/td>\n<\/tr>\n<tr class=\"ng-star-inserted\">\n<td class=\"ng-star-inserted\"><strong class=\"ng-star-inserted\"><span class=\"ng-star-inserted\">\u00c7ip T\u00fcr\u00fc<\/span><\/strong><\/td>\n<td class=\"ng-star-inserted\"><span class=\"ng-star-inserted\">Impinj Monza, NXP UCODE, Uzayl\u0131 Higgs<\/span><\/td>\n<\/tr>\n<tr class=\"ng-star-inserted\">\n<td class=\"ng-star-inserted\"><strong class=\"ng-star-inserted\"><span class=\"ng-star-inserted\">Haf\u0131za<\/span><\/strong><\/td>\n<td class=\"ng-star-inserted\"><strong class=\"ng-star-inserted\"><span class=\"ng-star-inserted\">EPC<\/span><\/strong><span class=\"ng-star-inserted\">\u00a096 bit,\u00a0<\/span><strong class=\"ng-star-inserted\"><span class=\"ng-star-inserted\">veri depolama<\/span><\/strong><span class=\"ng-star-inserted\">\u00a0Kullan\u0131c\u0131 Belle\u011fi 512 bit (\u00e7ipe g\u00f6re de\u011fi\u015fir)<\/span><\/td>\n<\/tr>\n<tr class=\"ng-star-inserted\">\n<td class=\"ng-star-inserted\"><strong class=\"ng-star-inserted\"><span class=\"ng-star-inserted\">Okuma Aral\u0131\u011f\u0131<\/span><\/strong><\/td>\n<td class=\"ng-star-inserted\"><span class=\"ng-star-inserted\">10 metreye kadar (okuyucuya ve ortama g\u00f6re de\u011fi\u015fir)<\/span><\/td>\n<\/tr>\n<tr class=\"ng-star-inserted\">\n<td class=\"ng-star-inserted\"><strong class=\"ng-star-inserted\"><span class=\"ng-star-inserted\">Veri Saklama<\/span><\/strong><\/td>\n<td class=\"ng-star-inserted\"><span class=\"ng-star-inserted\">10 y\u0131l<\/span><\/td>\n<\/tr>\n<tr class=\"ng-star-inserted\">\n<td class=\"ng-star-inserted\"><strong class=\"ng-star-inserted\"><span class=\"ng-star-inserted\">Dayan\u0131kl\u0131l\u0131k Yaz<\/span><\/strong><\/td>\n<td class=\"ng-star-inserted\"><span class=\"ng-star-inserted\">100.000 d\u00f6ng\u00fc<\/span><\/td>\n<\/tr>\n<tr class=\"ng-star-inserted\">\n<td class=\"ng-star-inserted\"><strong class=\"ng-star-inserted\"><span class=\"ng-star-inserted\">\u00c7al\u0131\u015fma S\u0131cakl\u0131\u011f\u0131<\/span><\/strong><\/td>\n<td class=\"ng-star-inserted\"><span class=\"ng-star-inserted\">-40\u00b0C ila +85\u00b0C (de\u011fi\u015fkenlik g\u00f6sterir)\u00a0<\/span><strong class=\"ng-star-inserted\"><span class=\"ng-star-inserted\">etiket<\/span><\/strong><span class=\"ng-star-inserted\">\u00a0tip)<\/span><\/td>\n<\/tr>\n<tr class=\"ng-star-inserted\">\n<td class=\"ng-star-inserted\"><strong class=\"ng-star-inserted\"><span class=\"ng-star-inserted\">Malzeme<\/span><\/strong><\/td>\n<td class=\"ng-star-inserted\"><span class=\"ng-star-inserted\">Ka\u011f\u0131t, Saten, Naylon vb.<\/span><\/td>\n<\/tr>\n<tr class=\"ng-star-inserted\">\n<td class=\"ng-star-inserted\"><strong class=\"ng-star-inserted\"><span class=\"ng-star-inserted\">EK<\/span><\/strong><\/td>\n<td class=\"ng-star-inserted\"><strong class=\"ng-star-inserted\"><span class=\"ng-star-inserted\">Yap\u0131\u015ft\u0131r\u0131c\u0131<\/span><\/strong><span class=\"ng-star-inserted\">, Is\u0131 Yal\u0131t\u0131m\u0131, Dikim,\u00a0<\/span><strong class=\"ng-star-inserted\"><span class=\"ng-star-inserted\">Ask\u0131 Etiketi<\/span><\/strong><\/td>\n<\/tr>\n<tr class=\"ng-star-inserted\">\n<td class=\"ng-star-inserted\"><strong class=\"ng-star-inserted\"><span class=\"ng-star-inserted\">\u00d6zelle\u015ftirme<\/span><\/strong><\/td>\n<td class=\"ng-star-inserted\"><span class=\"ng-star-inserted\">Yazd\u0131rma, Kodlama,\u00a0<\/span><strong class=\"ng-star-inserted\"><span class=\"ng-star-inserted\">Barkod<\/span><\/strong><span class=\"ng-star-inserted\">, Logo<\/span><\/td>\n<\/tr>\n<tr class=\"ng-star-inserted\">\n<td class=\"ng-star-inserted\"><strong class=\"ng-star-inserted\"><span class=\"ng-star-inserted\">\u015eekil Fakt\u00f6r\u00fc<\/span><\/strong><\/td>\n<td class=\"ng-star-inserted\"><strong class=\"ng-star-inserted\"><span class=\"ng-star-inserted\">Ask\u0131 Etiketi<\/span><\/strong><span class=\"ng-star-inserted\">,\u00a0<\/span><strong class=\"ng-star-inserted\"><span class=\"ng-star-inserted\">Etiket<\/span><\/strong><span class=\"ng-star-inserted\">,\u00a0<\/span><strong class=\"ng-star-inserted\"><span class=\"ng-star-inserted\">Dokuma Etiket<\/span><\/strong><span class=\"ng-star-inserted\">,\u00a0<\/span><strong class=\"ng-star-inserted\"><span class=\"ng-star-inserted\">G\u00f6mme<\/span><\/strong><\/td>\n<\/tr>\n<tr class=\"ng-star-inserted\">\n<td class=\"ng-star-inserted\"><strong class=\"ng-star-inserted\"><span class=\"ng-star-inserted\">\u00c7evresel<\/span><\/strong><\/td>\n<td class=\"ng-star-inserted\"><span class=\"ng-star-inserted\">100% \u00e7evre dostu ka\u011f\u0131t tabanl\u0131 anten\u00a0<\/span><strong class=\"ng-star-inserted\"><span class=\"ng-star-inserted\">se\u00e7enek<\/span><\/strong><span class=\"ng-star-inserted\">\u00a0mevcut<\/span><\/td>\n<\/tr>\n<\/tbody>\n<\/table>\n<p>&nbsp;<\/p>\n<\/div>\n<p class=\"ng-star-inserted\"><strong class=\"ng-star-inserted\"><span class=\"ng-star-inserted\">RFID giysi etiketi<\/span><\/strong><span class=\"ng-star-inserted\">\u00a0en \u00f6ne \u00e7\u0131kan uygulamad\u0131r.\u00a0<\/span><strong class=\"ng-star-inserted\"><span class=\"ng-star-inserted\">RFID<\/span><\/strong><span class=\"ng-star-inserted\">\u00a0<\/span><strong class=\"ng-star-inserted\"><span class=\"ng-star-inserted\">teknoloji<\/span><\/strong><span class=\"ng-star-inserted\">\u00a0Giyim sekt\u00f6r\u00fcn\u00fc etkiliyor. Arac\u0131l\u0131\u011f\u0131yla\u00a0<\/span><strong class=\"ng-star-inserted\"><span class=\"ng-star-inserted\">radyo frekans\u0131<\/span><\/strong><span class=\"ng-star-inserted\">\u00a0sinyaller,\u00a0<\/span><strong class=\"ng-star-inserted\"><span class=\"ng-star-inserted\">RFID<\/span><\/strong><span class=\"ng-star-inserted\">\u00a0<\/span><strong class=\"ng-star-inserted\"><span class=\"ng-star-inserted\">giysi<\/span><\/strong><span class=\"ng-star-inserted\">\u00a0<\/span><strong class=\"ng-star-inserted\"><span class=\"ng-star-inserted\">etiket<\/span><\/strong><span class=\"ng-star-inserted\">\u00a0Hedef nesneleri otomatik olarak tan\u0131mlayabilir, ilgili verileri alabilir ve manuel m\u00fcdahale olmadan i\u015fi belirleyebilir. Her t\u00fcrl\u00fc zorlu ortamda \u00e7al\u0131\u015fabilir.\u00a0<\/span><strong class=\"ng-star-inserted\"><span class=\"ng-star-inserted\">Etiketler tasarlanm\u0131\u015ft\u0131r.<\/span><\/strong><span class=\"ng-star-inserted\">\u00a0Farkl\u0131 ihtiya\u00e7lar\u0131 kar\u015f\u0131lamak i\u00e7in.<\/span><\/p>\n<h2 class=\"ng-star-inserted\"><strong class=\"ng-star-inserted\"><span class=\"ng-star-inserted\">\u00d6zelle\u015ftirme ve Entegrasyon<\/span><\/strong><\/h2>\n<p class=\"ng-star-inserted\"><strong class=\"ng-star-inserted\"><span class=\"ng-star-inserted\">RFID<\/span><\/strong><span class=\"ng-star-inserted\">\u00a0<\/span><strong class=\"ng-star-inserted\"><span class=\"ng-star-inserted\">giysi<\/span><\/strong><span class=\"ng-star-inserted\">\u00a0<\/span><strong class=\"ng-star-inserted\"><span class=\"ng-star-inserted\">etiketler<\/span><\/strong><span class=\"ng-star-inserted\">\u00a0Markan\u0131z\u0131n ve faaliyetlerinizin \u00f6zel ihtiya\u00e7lar\u0131n\u0131 kar\u015f\u0131layacak \u015fekilde uyarlanabilir.\u00a0<\/span><strong class=\"ng-star-inserted\"><span class=\"ng-star-inserted\">Ask\u0131 etiketi<\/span><\/strong><span class=\"ng-star-inserted\">Etiketler, logonuz, marka renkleriniz ve \u00fcr\u00fcn bilgilerinizle \u00f6zelle\u015ftirilebilir. Bak\u0131m etiketleri\u00a0<\/span><strong class=\"ng-star-inserted\"><span class=\"ng-star-inserted\">RFID<\/span><\/strong><span class=\"ng-star-inserted\">\u00a0<\/span><strong class=\"ng-star-inserted\"><span class=\"ng-star-inserted\">kakma<\/span><\/strong><span class=\"ng-star-inserted\">Bu sistemler, mevcut sistemlerinize sorunsuz bir \u015fekilde entegre olacak \u015fekilde tasarlanabilir.\u00a0<\/span><strong class=\"ng-star-inserted\"><span class=\"ng-star-inserted\">giysi<\/span><\/strong><span class=\"ng-star-inserted\">\u00a0\u00fcretim s\u00fcre\u00e7leri.<\/span><\/p>\n<h2 class=\"ng-star-inserted\"><strong class=\"ng-star-inserted\"><span class=\"ng-star-inserted\">RFID stratejinizi hayata ge\u00e7irmek i\u00e7in bizimle ileti\u015fime ge\u00e7in.<\/span><\/strong><\/h2>\n<p class=\"ng-star-inserted\"><span class=\"ng-star-inserted\">G\u00fcc\u00fcnden yararlanmaya haz\u0131r m\u0131s\u0131n\u0131z?\u00a0<\/span><strong class=\"ng-star-inserted\"><span class=\"ng-star-inserted\">RFID<\/span><\/strong><span class=\"ng-star-inserted\">\u00a0<\/span><strong class=\"ng-star-inserted\"><span class=\"ng-star-inserted\">teknoloji<\/span><\/strong><span class=\"ng-star-inserted\">\u00a0d\u00f6n\u00fc\u015ft\u00fcrmek i\u00e7in\u00a0<\/span><strong class=\"ng-star-inserted\"><span class=\"ng-star-inserted\">giyim<\/span><\/strong><span class=\"ng-star-inserted\">\u00a0i\u015fletme?\u00a0<\/span><strong class=\"ng-star-inserted\"><span class=\"ng-star-inserted\">Bize Ula\u015f\u0131n<\/span><\/strong><span class=\"ng-star-inserted\">\u00a0Bug\u00fcn \u00f6zel ihtiya\u00e7lar\u0131n\u0131z\u0131 g\u00f6r\u00fc\u015fmek ve kapsaml\u0131 hizmetlerimiz hakk\u0131nda daha fazla bilgi edinmek i\u00e7in bizimle ileti\u015fime ge\u00e7in.\u00a0<\/span><strong class=\"ng-star-inserted\"><span class=\"ng-star-inserted\">RFID<\/span><\/strong><span class=\"ng-star-inserted\">\u00a0\u00e7\u00f6z\u00fcmler, dahil olmak \u00fczere\u00a0<\/span><strong class=\"ng-star-inserted\"><span class=\"ng-star-inserted\">RFID<\/span><\/strong><span class=\"ng-star-inserted\">\u00a0<\/span><strong class=\"ng-star-inserted\"><span class=\"ng-star-inserted\">giysi<\/span><\/strong><span class=\"ng-star-inserted\">\u00a0<\/span><strong class=\"ng-star-inserted\"><span class=\"ng-star-inserted\">etiketler<\/span><\/strong><span class=\"ng-star-inserted\">,\u00a0<\/span><strong class=\"ng-star-inserted\"><span class=\"ng-star-inserted\">RFID<\/span><\/strong><span class=\"ng-star-inserted\">\u00a0okuyucular ve yaz\u0131l\u0131m.<\/span><\/p>","protected":false},"excerpt":{"rendered":"<p><span class=\"ng-star-inserted\">Sunuyoruz\u00a0<\/span><strong class=\"ng-star-inserted\"><span class=\"ng-star-inserted\">\u00fccretsiz \u00f6rnekler<\/span><\/strong><span class=\"ng-star-inserted\"> ile ilgili\u00a0 <\/span><strong class=\"ng-star-inserted\"><span class=\"ng-star-inserted\">RFID Giysi<\/span><\/strong><span class=\"ng-star-inserted\">\u00a0<\/span><strong class=\"ng-star-inserted\"><span class=\"ng-star-inserted\">etiketler<\/span><\/strong><span class=\"ng-star-inserted\">\u00a0B\u00f6ylece performanslar\u0131n\u0131 kendi ortam\u0131n\u0131zda de\u011ferlendirebilirsiniz. \u00dcretim fabrikam\u0131z a\u015fa\u011f\u0131daki ekipmanlarla donat\u0131lm\u0131\u015ft\u0131r:\u00a0<\/span><strong class=\"ng-star-inserted\"><span class=\"ng-star-inserted\">en sonuncu<\/span><\/strong><span class=\"ng-star-inserted\">\u00a0<\/span><strong class=\"ng-star-inserted\"><span class=\"ng-star-inserted\">teknoloji<\/span><\/strong><span class=\"ng-star-inserted\">\u00a0sa\u011flamak i\u00e7in\u00a0<\/span><strong class=\"ng-star-inserted\"><span class=\"ng-star-inserted\">y\u00fcksek kaliteli<\/span><\/strong><span class=\"ng-star-inserted\">\u00a0<\/span><strong class=\"ng-star-inserted\"><span class=\"ng-star-inserted\">etiket<\/span><\/strong><span class=\"ng-star-inserted\">rekabet\u00e7i fiyatlarla.<\/span><\/p>","protected":false},"featured_media":3181,"template":"","meta":{"_kad_post_transparent":"default","_kad_post_title":"","_kad_post_layout":"default","_kad_post_sidebar_id":"","_kad_post_content_style":"default","_kad_post_vertical_padding":"default","_kad_post_feature":"","_kad_post_feature_position":"","_kad_post_header":false,"_kad_post_footer":false,"_kad_post_classname":""},"product_brand":[],"product_cat":[53],"product_tag":[385,383,384],"class_list":{"0":"post-3180","1":"product","2":"type-product","3":"status-publish","4":"has-post-thumbnail","6":"product_cat-rfid-clothes-tag","7":"product_tag-rfid-garment-paper-tag","8":"product_tag-rfid-garment-tag","9":"product_tag-rfid-hang-tag","11":"first","12":"instock","13":"shipping-taxable","14":"product-type-simple","15":"entry","16":"content-bg","17":"loop-entry"},"_links":{"self":[{"href":"https:\/\/rfid-laundry-tag.com\/tr\/wp-json\/wp\/v2\/product\/3180","targetHints":{"allow":["GET"]}}],"collection":[{"href":"https:\/\/rfid-laundry-tag.com\/tr\/wp-json\/wp\/v2\/product"}],"about":[{"href":"https:\/\/rfid-laundry-tag.com\/tr\/wp-json\/wp\/v2\/types\/product"}],"version-history":[{"count":1,"href":"https:\/\/rfid-laundry-tag.com\/tr\/wp-json\/wp\/v2\/product\/3180\/revisions"}],"predecessor-version":[{"id":3185,"href":"https:\/\/rfid-laundry-tag.com\/tr\/wp-json\/wp\/v2\/product\/3180\/revisions\/3185"}],"wp:featuredmedia":[{"embeddable":true,"href":"https:\/\/rfid-laundry-tag.com\/tr\/wp-json\/wp\/v2\/media\/3181"}],"wp:attachment":[{"href":"https:\/\/rfid-laundry-tag.com\/tr\/wp-json\/wp\/v2\/media?parent=3180"}],"wp:term":[{"taxonomy":"product_brand","embeddable":true,"href":"https:\/\/rfid-laundry-tag.com\/tr\/wp-json\/wp\/v2\/product_brand?post=3180"},{"taxonomy":"product_cat","embeddable":true,"href":"https:\/\/rfid-laundry-tag.com\/tr\/wp-json\/wp\/v2\/product_cat?post=3180"},{"taxonomy":"product_tag","embeddable":true,"href":"https:\/\/rfid-laundry-tag.com\/tr\/wp-json\/wp\/v2\/product_tag?post=3180"}],"curies":[{"name":"wp","href":"https:\/\/api.w.org\/{rel}","templated":true}]}}