{"id":3174,"date":"2026-01-09T13:11:22","date_gmt":"2026-01-09T13:11:22","guid":{"rendered":"https:\/\/rfid-laundry-tag.com\/?post_type=product&#038;p=3174"},"modified":"2026-01-09T13:11:23","modified_gmt":"2026-01-09T13:11:23","slug":"rfid-mifare-desfire-ev3-2k-4k-8k-inlay","status":"publish","type":"product","link":"https:\/\/rfid-laundry-tag.com\/tr\/rfid-mifare-desfire-ev3-2k-4k-8k-inlay\/","title":{"rendered":"RFID Mifare Desfire EV3 2K 4K 8K Kakma"},"content":{"rendered":"<h2>RFID Mifare Desfire EV3 2K 4K 8K Kakma<\/h2>\n<p>The\u00a0<strong>MIFARE\u00ae DESFire\u00ae EV3<\/strong>\u00a0NXP Semiconductors&#039;\u0131n bu serisi, y\u00fcksek g\u00fcvenlik ve esneklik gerektiren \u00e7e\u015fitli uygulamalar i\u00e7in ideal, g\u00fcvenli, temass\u0131z RFID teknolojisinde son teknoloji bir \u00e7\u00f6z\u00fcm sunmaktad\u0131r. \u0130\u015fte \u00f6zelliklerine, bellek se\u00e7eneklerine, g\u00fcvenlik geli\u015ftirmelerine, uygulamalar\u0131na ve \u00f6zelle\u015ftirme yeteneklerine dair k\u0131sa bir genel bak\u0131\u015f:<\/p>\n<h3>Bellek Se\u00e7enekleri<\/h3>\n<p>MIFARE\u00ae DESFire\u00ae EV3 \u00fc\u00e7 farkl\u0131 bellek yap\u0131land\u0131rmas\u0131yla sunulmaktad\u0131r:<\/p>\n<ul>\n<li><strong>2K<\/strong>Eri\u015fim kontrol\u00fc veya tek kullan\u0131ml\u0131k biletler gibi basit uygulamalar i\u00e7in en uygunudur.<\/li>\n<li><strong>4K<\/strong>Orta \u00f6l\u00e7ekli uygulamalar i\u00e7in uygundur; \u00f6rne\u011fin sadakat programlar\u0131 ve k\u00fc\u00e7\u00fck toplu ta\u015f\u0131ma sistemleri.<\/li>\n<li><strong>8K<\/strong>Ak\u0131ll\u0131 \u015fehirler ve b\u00fcy\u00fck i\u015fletmeler gibi karma\u015f\u0131k, \u00e7ok uygulamal\u0131 ortamlar i\u00e7in tasarlanm\u0131\u015ft\u0131r.<\/li>\n<\/ul>\n<p>Her yap\u0131land\u0131rma, birden fazla uygulamay\u0131 destekler ve en fazla say\u0131da uygulamay\u0131 saklama kapasitesine sahiptir.\u00a0<strong>Ba\u015fvuru ba\u015f\u0131na 32 dosya<\/strong>, Bu sayede i\u015fletmeler, \u00e7\u00f6z\u00fcmleri kendi ihtiya\u00e7lar\u0131na g\u00f6re uyarlayabiliyorlar.<\/p>\n<h3>Geli\u015fmi\u015f G\u00fcvenlik \u00d6zellikleri<\/h3>\n<p>EV3&#039;\u00fcn en \u00f6nemli \u00f6zelliklerinden biri g\u00fcvenliktir ve \u015fu \u00f6zelliklere sahiptir:<\/p>\n<ul>\n<li><strong>AES \u015eifreleme<\/strong>Veri iletimi s\u0131ras\u0131nda verileri korur.<\/li>\n<li><strong>EAL5+ Sertifikas\u0131<\/strong>Hassas veriler i\u00e7in \u00fcst d\u00fczey g\u00fcvenlik sa\u011flar.<\/li>\n<li><strong>G\u00fcvenli Benzersiz NFC Kimlik Do\u011frulamas\u0131<\/strong>Her kart\u0131n, kopyalanmay\u0131 \u00f6nlemek i\u00e7in benzersiz bir tan\u0131mlay\u0131c\u0131s\u0131 vard\u0131r.<\/li>\n<li><strong>\u00c7ok Katmanl\u0131 G\u00fcvenlik<\/strong>: AES ve DES\/Triple-DES dahil olmak \u00fczere \u00e7e\u015fitli \u015fifreleme protokollerini destekler.<\/li>\n<\/ul>\n<p>Bu \u00f6zellikler, EV3&#039;\u00fc eri\u015fim kontrol\u00fc, nakitsiz \u00f6demeler ve ak\u0131ll\u0131 kilitler gibi y\u00fcksek g\u00fcvenlik gerektiren uygulamalar i\u00e7in uygun hale getiriyor.<\/p>\n<h3>Uygulamalar<\/h3>\n<p>\u00c7ok y\u00f6nl\u00fcl\u00fc\u011f\u00fc <a href=\"https:\/\/rfid-laundry-tag.com\/tr\/rfid-inlay\/\">RFID Mifare Desfire EV3 2K 4K 8K Kakma<\/a>\u00a0Bu sayede \u00e7e\u015fitli sekt\u00f6rlerde kullan\u0131labilir:<\/p>\n<ul>\n<li><strong>Eri\u015fim Kontrol\u00fc<\/strong>Binalar ve k\u0131s\u0131tl\u0131 alanlar i\u00e7in g\u00fcvenli giri\u015f y\u00f6netimi.<\/li>\n<li><strong>Toplu Ta\u015f\u0131ma<\/strong>Bilet sat\u0131\u015f\u0131n\u0131 ve \u00fccret tahsilat\u0131n\u0131 kolayla\u015ft\u0131r\u0131r.<\/li>\n<li><strong>Sadakat Programlar\u0131<\/strong>M\u00fc\u015fteri verilerini ve \u00f6d\u00fcllerini g\u00fcvenli bir \u015fekilde saklar.<\/li>\n<li><strong>Ak\u0131ll\u0131 \u015eehirler<\/strong>NFC ve RFID teknolojileriyle g\u00fc\u00e7l\u00fc performans ve uyumluluk sa\u011flayan altyap\u0131y\u0131 destekler.<\/li>\n<\/ul>\n<h3>\u00d6zelle\u015ftirme ve Destek<\/h3>\n<p>NXP, i\u015fletmelerin \u00f6zel ihtiya\u00e7lar\u0131n\u0131 kar\u015f\u0131lamak i\u00e7in kapsaml\u0131 \u00f6zelle\u015ftirme se\u00e7enekleri sunmaktad\u0131r:<\/p>\n<ul>\n<li><strong>\u00d6zel Bask\u0131<\/strong>Kartlar\u0131n\u0131z\u0131 logolar ve marka kimli\u011fiyle ki\u015fiselle\u015ftirin.<\/li>\n<li><strong>\u00d6zel Bellek Tahsisi<\/strong>Bellek yap\u0131land\u0131rmalar\u0131n\u0131 belirli uygulamalara g\u00f6re \u00f6zelle\u015ftirin.<\/li>\n<li><strong>\u00d6zelle\u015ftirilebilir G\u00fcvenlik Ayarlar\u0131<\/strong>\u015eifreleme ve kimlik do\u011frulama y\u00f6ntemlerini ayarlay\u0131n.<\/li>\n<\/ul>\n<p>\u0130\u015fletmeler, yaln\u0131zca belirli bir s\u00fcre i\u00e7inde numune alabilirler.\u00a0<strong>1-2 g\u00fcn<\/strong>, Bu sayede h\u0131zl\u0131 de\u011ferlendirme ve uygulama m\u00fcmk\u00fcn olmaktad\u0131r.<\/p>\n<h2><strong><b>Teknik \u00d6zellikler<\/b><\/strong><\/h2>\n<div class=\"collapse-mobile ste-list\">\n<h3>RF aray\u00fcz\u00fc: ISO\/IEC 14443 Tip A<\/h3>\n<ul class=\"boxes\">\n<li>ISO\/IEC 14443-2\/3 A ile uyumlu temass\u0131z aray\u00fcz<\/li>\n<li>D\u00fc\u015f\u00fck Hmin, PCD taraf\u0131ndan sa\u011flanan g\u00fcce ve anten geometrisine ba\u011fl\u0131 olarak 100 mm&#039;ye kadar \u00e7al\u0131\u015fma mesafesine olanak tan\u0131r<\/li>\n<li>H\u0131zl\u0131 veri aktar\u0131m\u0131: 106 kbit\/s, 212 kbit\/s, 424 kbit\/s, 848 kbit\/s<\/li>\n<li>7 bayt benzersiz tan\u0131mlay\u0131c\u0131 (Rastgele Kimlik se\u00e7ene\u011fi)<\/li>\n<li>ISO\/IEC 14443-4 iletim protokol\u00fcn\u00fc kullan\u0131r<\/li>\n<li>256 bayta kadar \u00e7er\u00e7eve boyutunu desteklemek \u00fczere yap\u0131land\u0131r\u0131labilir FSCI.<\/li>\n<\/ul>\n<\/div>\n<div class=\"collapse-mobile ste-list\">\n<h3>Kal\u0131c\u0131 bellek<\/h3>\n<ul class=\"boxes\">\n<li>2kB, 4kB, 8kB ve 16 kb<\/li>\n<li>25 y\u0131ll\u0131k veri saklama s\u00fcresi<\/li>\n<li>Tipik dayan\u0131kl\u0131l\u0131k s\u00fcresi 1.000.000 d\u00f6ng\u00fcd\u00fcr.<\/li>\n<li>H\u0131zl\u0131 programlama d\u00f6ng\u00fcleri<\/li>\n<\/ul>\n<\/div>\n<div class=\"collapse-mobile ste-list\">\n<h3>NV bellek organizasyonu ve \u00e7oklu uygulama deste\u011fi<\/h3>\n<ul class=\"boxes\">\n<li>Esnek dosya sistemi: Kullan\u0131c\u0131 PICC \u00fczerinde uygulama yap\u0131lar\u0131n\u0131 \u00f6zg\u00fcrce tan\u0131mlayabilir<\/li>\n<li>Bellek boyutunun destekledi\u011fi kadar \u00e7ok uygulama.<\/li>\n<li>Her uygulamada en fazla 32 dosya (6 dosya t\u00fcr\u00fc mevcuttur: Standart Veri dosyas\u0131, Yedek Veri dosyas\u0131, De\u011fer dosyas\u0131, Do\u011frusal Kay\u0131t dosyas\u0131, D\u00f6ng\u00fcsel Kay\u0131t dosyas\u0131 ve \u0130\u015flem MAC dosyas\u0131)<\/li>\n<li>Dosya boyutu olu\u015fturma s\u0131ras\u0131nda belirlenir (Transaction MAC dosyas\u0131 i\u00e7in de\u011fil)<\/li>\n<li>MlsmartApp (Yetkilendirilmi\u015f Uygulama Y\u00f6netimi)<\/li>\n<li>DAM uygulamalar\u0131nda bellek yeniden kullan\u0131m\u0131 (Uygulamay\u0131 Bi\u00e7imlendirme)<\/li>\n<li>AppXplorer servis deste\u011fi i\u00e7in fabrika \u00e7\u0131k\u0131\u015f\u0131 NXP&#039;nin DAM anahtarlar\u0131.<\/li>\n<li>Tek bir i\u015flem s\u0131ras\u0131nda herhangi iki uygulamadan dosyalara eri\u015fim.<\/li>\n<\/ul>\n<\/div>\n<div class=\"collapse-mobile ste-list\">\n<h3>G\u00fcvenlik ve Gizlilik<\/h3>\n<ul class=\"boxes\">\n<li>Ortak Kriterler sertifikas\u0131: EAL5+ (Donan\u0131m ve Yaz\u0131l\u0131m)<\/li>\n<li>Her cihaz i\u00e7in benzersiz 7 baytl\u0131k seri numaras\u0131.<\/li>\n<li>Geli\u015fmi\u015f g\u00fcvenlik ve gizlilik i\u00e7in iste\u011fe ba\u011fl\u0131 &quot;RASTGELE&quot; kimlik.<\/li>\n<li>Kar\u015f\u0131l\u0131kl\u0131 \u00fc\u00e7 ge\u00e7i\u015fli kimlik do\u011frulama<\/li>\n<li>ISO\/IEC 7816-4 standard\u0131na g\u00f6re kar\u015f\u0131l\u0131kl\u0131 kimlik do\u011frulama<\/li>\n<li>Esnek anahtar y\u00f6netimi: 1 kart\u00a0<span class=\"Footnote\" data-id=\"Inclusive Language\">lider<\/span>\u00a0Uygulama ba\u015f\u0131na en fazla 14 anahtar.<\/li>\n<li>Her dosya eri\u015fim hakk\u0131 i\u00e7in birden fazla tu\u015f atamas\u0131 (en fazla 8)<\/li>\n<li>H\u0131zl\u0131 tu\u015f de\u011fi\u015ftirme mekanizmas\u0131 ile uygulama ba\u015f\u0131na birden fazla tu\u015f tak\u0131m\u0131 (16 tak\u0131ma kadar)<\/li>\n<li>56\/112\/168 bit anahtarlar kullanan donan\u0131m DES&#039;i, anahtar s\u00fcr\u00fcm\u00fcyle birlikte sunulmaktad\u0131r.<\/li>\n<li>128 bit anahtarlar kullanan donan\u0131m AES \u015fifrelemesi, anahtar s\u00fcr\u00fcm\u00fc \u00f6zelli\u011fine sahiptir.<\/li>\n<li>8 baytl\u0131k CMAC ile veri orijinalli\u011fi do\u011frulamas\u0131<\/li>\n<li>MF3ICD40 uyumlu mod: 4 bayt MAC, CRC 16<\/li>\n<li>RF kanal\u0131nda veri \u015fifreleme<\/li>\n<li>Uygulama d\u00fczeyinde kimlik do\u011frulama<\/li>\n<li>Donan\u0131m istisna sens\u00f6rleri<\/li>\n<li>Kendinden g\u00fcvenli dosya sistemi<\/li>\n<li>MAC i\u015flemi, uygulama ba\u015f\u0131na gizli anahtarla imzalanm\u0131\u015ft\u0131r.<\/li>\n<li>\u00c7oklu sanal kartl\u0131 cihazlarda gizlilik korumas\u0131yla geli\u015fmi\u015f kart\/uygulama se\u00e7imi i\u00e7in Sanal Kart Mimarisi<\/li>\n<li>R\u00f6le sald\u0131r\u0131lar\u0131na kar\u015f\u0131 koruma i\u00e7in yak\u0131nl\u0131k kontrol\u00fc.<\/li>\n<li>Orijinallik Kontrol\u00fc: \u00dcr\u00fcn\u00fcn ger\u00e7ek NXP \u00fcr\u00fcn\u00fc oldu\u011funa dair kan\u0131t.<\/li>\n<\/ul>\n<\/div>","protected":false},"excerpt":{"rendered":"<p><strong>RFID Mifare Desfire EV3 2K 4K 8K Kakma<\/strong> Y\u00fcksek g\u00fcvenlik, h\u0131zl\u0131 veri aktar\u0131m\u0131, esnek bellek se\u00e7enekleri ve birden fazla uygulama i\u00e7in sorunsuz entegrasyon sunan geli\u015fmi\u015f bir RFID \u00e7\u00f6z\u00fcm\u00fcd\u00fcr.<\/p>","protected":false},"featured_media":3175,"template":"","meta":{"_kad_post_transparent":"default","_kad_post_title":"","_kad_post_layout":"default","_kad_post_sidebar_id":"","_kad_post_content_style":"default","_kad_post_vertical_padding":"default","_kad_post_feature":"","_kad_post_feature_position":"","_kad_post_header":false,"_kad_post_footer":false,"_kad_post_classname":""},"product_brand":[],"product_cat":[189],"product_tag":[111,108,382],"class_list":{"0":"post-3174","1":"product","2":"type-product","3":"status-publish","4":"has-post-thumbnail","6":"product_cat-rfid-inlay","7":"product_tag-nfc-inlay","8":"product_tag-rfid-inlay","9":"product_tag-rfid-mifare-desfire-ev3-2k-4k-8k-inlay","11":"first","12":"instock","13":"shipping-taxable","14":"product-type-simple","15":"entry","16":"content-bg","17":"loop-entry"},"_links":{"self":[{"href":"https:\/\/rfid-laundry-tag.com\/tr\/wp-json\/wp\/v2\/product\/3174","targetHints":{"allow":["GET"]}}],"collection":[{"href":"https:\/\/rfid-laundry-tag.com\/tr\/wp-json\/wp\/v2\/product"}],"about":[{"href":"https:\/\/rfid-laundry-tag.com\/tr\/wp-json\/wp\/v2\/types\/product"}],"version-history":[{"count":1,"href":"https:\/\/rfid-laundry-tag.com\/tr\/wp-json\/wp\/v2\/product\/3174\/revisions"}],"predecessor-version":[{"id":3179,"href":"https:\/\/rfid-laundry-tag.com\/tr\/wp-json\/wp\/v2\/product\/3174\/revisions\/3179"}],"wp:featuredmedia":[{"embeddable":true,"href":"https:\/\/rfid-laundry-tag.com\/tr\/wp-json\/wp\/v2\/media\/3175"}],"wp:attachment":[{"href":"https:\/\/rfid-laundry-tag.com\/tr\/wp-json\/wp\/v2\/media?parent=3174"}],"wp:term":[{"taxonomy":"product_brand","embeddable":true,"href":"https:\/\/rfid-laundry-tag.com\/tr\/wp-json\/wp\/v2\/product_brand?post=3174"},{"taxonomy":"product_cat","embeddable":true,"href":"https:\/\/rfid-laundry-tag.com\/tr\/wp-json\/wp\/v2\/product_cat?post=3174"},{"taxonomy":"product_tag","embeddable":true,"href":"https:\/\/rfid-laundry-tag.com\/tr\/wp-json\/wp\/v2\/product_tag?post=3174"}],"curies":[{"name":"wp","href":"https:\/\/api.w.org\/{rel}","templated":true}]}}