{"id":317,"date":"2024-06-28T04:00:12","date_gmt":"2024-06-28T04:00:12","guid":{"rendered":"https:\/\/rfid-laundry-tag.com\/?post_type=product&#038;p=317"},"modified":"2024-06-28T04:00:12","modified_gmt":"2024-06-28T04:00:12","slug":"iso15693-i-code-slix-nfc-tag","status":"publish","type":"product","link":"https:\/\/rfid-laundry-tag.com\/tr\/iso15693-i-code-slix-nfc-tag\/","title":{"rendered":"ISO15693 I KOD SLIX NFC Etiketi"},"content":{"rendered":"<table class=\"hight-light-first-column all magic-1\">\n<tbody>\n<tr>\n<td colspan=\"1\" rowspan=\"1\">\n<div class=\"magic-2\">\n<div class=\"magic-3\" data-spm-anchor-id=\"a2700.pc-decorate.0.i24.7f543333WPG8F0\"><span class=\"magic-4\" data-spm-anchor-id=\"a2700.pc-decorate.0.i23.7f543333WPG8F0\"><span class=\"magic-5\" style=\"color: #000000; font-family: Roboto;\"><b class=\"magic-4\" data-spm-anchor-id=\"a2700.pc-decorate.0.i114.7f543333WPG8F0\">\u00d6\u011fe<\/b><\/span><\/span><\/div>\n<\/div>\n<\/td>\n<td colspan=\"4\" rowspan=\"1\">\n<div class=\"magic-6\">\u00a0ISO15693 I KOD SLIX NFC Etiketi<\/div>\n<\/td>\n<\/tr>\n<tr>\n<td colspan=\"1\" rowspan=\"1\">\n<div class=\"magic-2\">\n<div class=\"magic-3\" data-spm-anchor-id=\"a2700.pc-decorate.0.i22.7f543333WPG8F0\"><span class=\"magic-4\" data-spm-anchor-id=\"a2700.pc-decorate.0.i10.7f543333WPG8F0\"><b class=\"magic-4\"><span class=\"magic-5\" style=\"color: #000000; font-family: Roboto;\">Malzeme<\/span><\/b><\/span><\/div>\n<\/div>\n<\/td>\n<td colspan=\"4\" rowspan=\"1\">\n<div class=\"magic-9\"><span class=\"magic-5\" style=\"color: #000000;\">Ka\u011f\u0131t \/ PP film \/ PET \/ Katk\u0131<\/span><\/div>\n<\/td>\n<\/tr>\n<tr>\n<td colspan=\"1\" rowspan=\"1\">\n<div class=\"magic-2\">\n<div class=\"magic-3\" data-spm-anchor-id=\"a2700.pc-decorate.0.i34.7f543333WPG8F0\"><b class=\"magic-13\" data-spm-anchor-id=\"a2700.pc-decorate.0.i111.7f543333WPG8F0\"><span class=\"magic-5\" style=\"color: #000000; font-family: Roboto;\">S\u0131kl\u0131k<\/span><\/b><\/div>\n<\/div>\n<\/td>\n<td colspan=\"4\" rowspan=\"1\">\n<div class=\"magic-6\"><span class=\"magic-5\" style=\"color: #000000; font-family: Roboto;\" data-spm-anchor-id=\"a2700.details.0.i25.244e512bmtbZH7\">13.56MHz<\/span><\/div>\n<\/td>\n<\/tr>\n<tr>\n<td colspan=\"1\" rowspan=\"1\">\n<div class=\"magic-2\">\n<div class=\"magic-3\" data-spm-anchor-id=\"a2700.pc-decorate.0.i33.7f543333WPG8F0\"><b class=\"magic-4\"><span class=\"magic-5\" style=\"color: #000000; font-family: Roboto;\">Boyut<\/span><\/b><\/div>\n<\/div>\n<\/td>\n<td colspan=\"4\" rowspan=\"1\">\n<div class=\"magic-9\"><span class=\"magic-5\" style=\"color: #000000;\">50*50\/45*45\/30*15\/40*25\/ \u00c7ap 25\/30 veya \u00f6zelle\u015ftirilmi\u015f boyut<\/span><\/div>\n<\/td>\n<\/tr>\n<tr>\n<td colspan=\"1\" rowspan=\"1\">\n<div class=\"magic-2\">\n<div class=\"magic-3\"><b class=\"magic-14\">Uygulamalar<\/b><\/div>\n<\/div>\n<\/td>\n<td colspan=\"4\" rowspan=\"1\">\n<div class=\"magic-6\" data-spm-anchor-id=\"a2700.details.0.i24.244e512bmtbZH7\"><span class=\"magic-5\" style=\"color: #000000; font-family: Roboto;\">Varl\u0131k y\u00f6netimi, giyim y\u00f6netimi, envanter, k\u00fct\u00fcphane, m\u00fccevher, lojistik vb. alanlarda yayg\u0131n olarak kullan\u0131l\u0131r.<\/span><\/div>\n<\/td>\n<\/tr>\n<\/tbody>\n<\/table>\n<p>&nbsp;<\/p>\n<div class=\"auto-hide-last-sibling-br paragraph_9dc5f paragraph-element\"><strong>RFID G\u00f6mme Etiketleri:<\/strong>\u00a0RFID i\u00e7 yap\u0131s\u0131 bir anten ve bir mikro\u00e7ipten olu\u015fur. Mikro\u00e7ip verileri depolar ve anten bu verileri RFID okuyucusuna iletmekten sorumludur.<\/div>\n<p>&nbsp;<\/p>\n<div class=\"auto-hide-last-sibling-br paragraph_9dc5f paragraph-element\"><strong>Islak Dolgular:<\/strong>\u00a0Bunlar, yap\u0131\u015fkan bir tabaka ve \u015feffaf bir PET (Polietilen Tereftalat) tabakas\u0131n\u0131n \u00fcst\u00fcne yerle\u015ftirilen RFID ekleridir. PET tabakas\u0131 fiziksel hasara kar\u015f\u0131 koruma i\u00e7in kullan\u0131l\u0131r. Yap\u0131\u015fkan taraf\u0131 etiketten veya malzemeden uza\u011fa bakt\u0131\u011f\u0131ndan, bunlar RFID etiketleri olu\u015fturmak i\u00e7in rahatl\u0131kla kullan\u0131labilir, dolay\u0131s\u0131yla \u00e7e\u015fitli sekt\u00f6rler i\u00e7in etiket olu\u015fturmada geni\u015f uygulama alan\u0131na sahiptir.<\/div>\n<div><\/div>\n<div>\n<div class=\"auto-hide-last-sibling-br paragraph_9dc5f paragraph-element\">\u00a0Ka\u011f\u0131t, PP film, PET veya i\u00e7 k\u0131s\u0131m gibi \u00e7e\u015fitli malzemelerden ve farkl\u0131 boyutlarda \u00fcretilen ISO15693 I CODE SLIX NFC Etiketi yayg\u0131n olarak kullan\u0131l\u0131r. Bunlar\u0131 genellikle \u015fu gibi end\u00fcstrilerde bulabilirsiniz:<\/div>\n<p><br class=\"container_21264 wrapper_661ac undefined\" \/><\/p>\n<ul class=\"auto-hide-last-sibling-br\">\n<li><strong>Varl\u0131k Y\u00f6netimi:<\/strong>\u00a0Etiketler, sa\u011fl\u0131k hizmetlerindeki veya BT&#039;deki ekipmanlar\u0131n izlenmesi gibi \u00e7e\u015fitli ortamlarda fiziksel varl\u0131klar\u0131n izlenmesi i\u00e7in kullan\u0131l\u0131r.<\/li>\n<li><strong>Giyim Y\u00f6netimi:<\/strong>\u00a0Moda perakendesinde bu etiketler, envanter takibini, h\u0131rs\u0131zl\u0131\u011fa kar\u015f\u0131 \u00f6nlemleri kolayla\u015ft\u0131r\u0131r ve ma\u011faza i\u00e7i m\u00fc\u015fteri deneyimini iyile\u015ftirir.<\/li>\n<li><strong>Stok Y\u00f6netimi:<\/strong>\u00a0Depolarda ve perakendede RFID etiketleri, envanteri etkin bir \u015fekilde y\u00f6netmek, manuel eme\u011fi azaltmak ve hatalar\u0131 en aza indirmek i\u00e7in kullan\u0131l\u0131r.<\/li>\n<li><strong>K\u00fct\u00fcphane Y\u00f6netimi:<\/strong>\u00a0\u00d6d\u00fcn\u00e7 alma ve iade s\u00fcre\u00e7lerini otomatikle\u015ftirmek, envanter y\u00f6netimini iyile\u015ftirmek ve h\u0131rs\u0131zl\u0131\u011fa kar\u015f\u0131 g\u00fcvenlik sa\u011flamak i\u00e7in kullan\u0131l\u0131rlar.<\/li>\n<li><strong>M\u00fccevher Y\u00f6netimi:<\/strong>\u00a0Hafif ve hassas olan bu etiketler, m\u00fccevher sekt\u00f6r\u00fcnde g\u00fcvenli ve etkili envanter kontrol\u00fc sa\u011flar.<\/li>\n<li><strong>Lojistik:<\/strong> RFID etiketleri, transit halindeki mallar\u0131n takibinde, nakliye do\u011frulu\u011funun iyile\u015ftirilmesinde ve tedarik zincirinde g\u00f6r\u00fcn\u00fcrl\u00fc\u011f\u00fcn art\u0131r\u0131lmas\u0131nda kullan\u0131lmaktad\u0131r.<\/li>\n<\/ul>\n<div class=\"auto-hide-last-sibling-br paragraph_9dc5f paragraph-element\">Etiketlerin boyutu ve \u015fekli, belirli uygulamaya g\u00f6re \u00f6zelle\u015ftirilebilir, bu da \u00e7e\u015fitli kullan\u0131m durumlar\u0131nda esnekliklerini ve uyarlanabilirliklerini art\u0131r\u0131r.<\/div>\n<\/div>","protected":false},"excerpt":{"rendered":"<p><strong>ISO15693 I KOD SLIX NFC Etiketi:<\/strong>\u00a0Bu etiketler, ISO15693 standard\u0131na uygun y\u00fcksek frekansl\u0131 (13,56 MHz) RFID etiketleridir. I CODE SLIX \u00e7ipi, varl\u0131k y\u00f6netimi uygulamalar\u0131 i\u00e7in ideal olan ola\u011fan\u00fcst\u00fc okuma\/yazma aral\u0131\u011f\u0131yla bilinir.<\/p>","protected":false},"featured_media":318,"template":"","meta":{"_kad_post_transparent":"default","_kad_post_title":"","_kad_post_layout":"default","_kad_post_sidebar_id":"","_kad_post_content_style":"default","_kad_post_vertical_padding":"default","_kad_post_feature":"","_kad_post_feature_position":"","_kad_post_header":false,"_kad_post_footer":false,"_kad_post_classname":""},"product_brand":[],"product_cat":[54],"product_tag":[133,132],"class_list":{"0":"post-317","1":"product","2":"type-product","3":"status-publish","4":"has-post-thumbnail","6":"product_cat-hot-selling-rfid-tags","7":"product_tag-i-code-slix-nfc-tag","8":"product_tag-iso15693-i-code-slix-nfc-tag","10":"first","11":"instock","12":"shipping-taxable","13":"product-type-simple","14":"entry","15":"content-bg","16":"loop-entry"},"_links":{"self":[{"href":"https:\/\/rfid-laundry-tag.com\/tr\/wp-json\/wp\/v2\/product\/317","targetHints":{"allow":["GET"]}}],"collection":[{"href":"https:\/\/rfid-laundry-tag.com\/tr\/wp-json\/wp\/v2\/product"}],"about":[{"href":"https:\/\/rfid-laundry-tag.com\/tr\/wp-json\/wp\/v2\/types\/product"}],"version-history":[{"count":0,"href":"https:\/\/rfid-laundry-tag.com\/tr\/wp-json\/wp\/v2\/product\/317\/revisions"}],"wp:featuredmedia":[{"embeddable":true,"href":"https:\/\/rfid-laundry-tag.com\/tr\/wp-json\/wp\/v2\/media\/318"}],"wp:attachment":[{"href":"https:\/\/rfid-laundry-tag.com\/tr\/wp-json\/wp\/v2\/media?parent=317"}],"wp:term":[{"taxonomy":"product_brand","embeddable":true,"href":"https:\/\/rfid-laundry-tag.com\/tr\/wp-json\/wp\/v2\/product_brand?post=317"},{"taxonomy":"product_cat","embeddable":true,"href":"https:\/\/rfid-laundry-tag.com\/tr\/wp-json\/wp\/v2\/product_cat?post=317"},{"taxonomy":"product_tag","embeddable":true,"href":"https:\/\/rfid-laundry-tag.com\/tr\/wp-json\/wp\/v2\/product_tag?post=317"}],"curies":[{"name":"wp","href":"https:\/\/api.w.org\/{rel}","templated":true}]}}