{"id":315,"date":"2024-06-28T01:50:42","date_gmt":"2024-06-28T01:50:42","guid":{"rendered":"https:\/\/rfid-laundry-tag.com\/?post_type=product&#038;p=315"},"modified":"2024-08-19T15:48:20","modified_gmt":"2024-08-19T15:48:20","slug":"tamper-proof-nfc-sticker-ntag424-dna-tt","status":"publish","type":"product","link":"https:\/\/rfid-laundry-tag.com\/tr\/tamper-proof-nfc-sticker-ntag424-dna-tt\/","title":{"rendered":"Kurcalamaya dayan\u0131kl\u0131 NFC Etiketi NTAG424 DNA TT"},"content":{"rendered":"<h2>Kurcalamaya dayan\u0131kl\u0131 NFC Etiketi NTAG424 DNA TT<\/h2>\n<table class=\"all magic-15\">\n<tbody>\n<tr>\n<td colspan=\"1\" rowspan=\"1\">\n<div class=\"magic-16\" data-spm-anchor-id=\"a2700.details.0.i75.2d9c3353FQLlpS\">Malzeme<\/div>\n<\/td>\n<td colspan=\"4\" rowspan=\"1\">\n<div class=\"magic-17\">K\u0131r\u0131lgan ka\u011f\u0131t+K\u0131r\u0131lgan anten<\/div>\n<\/td>\n<\/tr>\n<tr>\n<td colspan=\"1\" rowspan=\"1\">\n<div class=\"magic-16\">Boyut<\/div>\n<\/td>\n<td colspan=\"4\" rowspan=\"1\">\n<div class=\"magic-17\">24*60mm, 20*70mm, 27*77mm, 35*66mm, 35mm*80mm vb.<\/div>\n<\/td>\n<\/tr>\n<tr>\n<td colspan=\"1\" rowspan=\"1\">\n<div class=\"magic-16\">Bask\u0131<\/div>\n<\/td>\n<td colspan=\"4\" rowspan=\"1\">\n<div class=\"magic-17\">Tam renkli bask\u0131<\/div>\n<\/td>\n<\/tr>\n<tr>\n<td colspan=\"1\" rowspan=\"1\">\n<div class=\"magic-16\">S\u0131kl\u0131k<\/div>\n<\/td>\n<td colspan=\"4\" rowspan=\"1\">\n<div class=\"magic-17\" data-spm-anchor-id=\"a2700.details.0.i74.2d9c3353FQLlpS\">13.56MHz<\/div>\n<\/td>\n<\/tr>\n<tr>\n<td colspan=\"1\" rowspan=\"1\">\n<div class=\"magic-16\">Protokol<\/div>\n<\/td>\n<td colspan=\"4\" rowspan=\"1\">\n<div class=\"magic-17\">ISO14443A<\/div>\n<\/td>\n<\/tr>\n<tr>\n<td colspan=\"1\" rowspan=\"2\">\n<div class=\"magic-16\">\u00c7ip<\/div>\n<\/td>\n<td colspan=\"4\" rowspan=\"1\">\n<div class=\"magic-17\">\n<p>NTAG213 TT<\/p>\n<p>* 184 bayt, sayfa ba\u015f\u0131na 4 bayt olacak \u015fekilde 46 sayfada d\u00fczenlenmi\u015ftir<br \/>\n* 144 bayt serbest\u00e7e kullan\u0131labilen kullan\u0131c\u0131 Okuma\/Yazma alan\u0131 (36 sayfa)<\/p>\n<\/div>\n<\/td>\n<\/tr>\n<tr>\n<td colspan=\"4\" rowspan=\"1\">\n<div class=\"magic-17\">\n<p>NTAG424 DNA TT Tamper (416 bayt)<\/p>\n<p>ISO\/IEC 7816-4 dosya sisteminde d\u00fczenlenmi\u015f 416 bayt bellek:<br \/>\n* 32 baytl\u0131k kapasite kab\u0131<br \/>\n* 256 bayt NDEF dosyas\u0131<br \/>\n* 128 bayt korumal\u0131 veri dosyas\u0131<\/p>\n<\/div>\n<\/td>\n<\/tr>\n<tr>\n<td colspan=\"1\" rowspan=\"1\">\n<div class=\"magic-16\">Okuma mesafesi<\/div>\n<\/td>\n<td colspan=\"4\" rowspan=\"1\">\n<div class=\"magic-17\" data-spm-anchor-id=\"a2700.details.0.i76.2d9c3353FQLlpS\">1-10CM (Okuyucu performans\u0131na ve \u00e7al\u0131\u015fma ortam\u0131na ba\u011fl\u0131)<\/div>\n<\/td>\n<\/tr>\n<tr>\n<td colspan=\"1\" rowspan=\"1\">\n<div class=\"magic-16\">\u00d6zellik<\/div>\n<\/td>\n<td colspan=\"4\" rowspan=\"1\">\n<div class=\"magic-17\">Sahtecili\u011fe Kar\u015f\u0131 Dayan\u0131kl\u0131, Kurcalamaya Dayan\u0131kl\u0131, tek kullan\u0131ml\u0131k<\/div>\n<\/td>\n<\/tr>\n<tr>\n<td colspan=\"1\" rowspan=\"1\">\n<div class=\"magic-16\">\u00d6zelle\u015ftirilmi\u015f destek<\/div>\n<\/td>\n<td colspan=\"4\" rowspan=\"1\">\n<div class=\"magic-17\">Malzeme, Boyut, \u00c7ip, Bask\u0131, Kodlama, Seri numaras\u0131, \u015eekil, Paket vb.<\/div>\n<\/td>\n<\/tr>\n<tr>\n<td colspan=\"1\" rowspan=\"1\">\n<div class=\"magic-16\">Sertifika<\/div>\n<\/td>\n<td colspan=\"4\" rowspan=\"1\">\n<div class=\"magic-17\">CE RoHS ISO<\/div>\n<\/td>\n<\/tr>\n<\/tbody>\n<\/table>\n<h3>TAG (NTAG213 TagTamper \/ 424 DNA TagTamper) Nas\u0131l \u00c7al\u0131\u015f\u0131r?<\/h3>\n<p><strong>Genel Prensip:<\/strong><\/p>\n<p>TAG sistemi \u015funlar\u0131 kullan\u0131r:\u00a0<strong>RFID teknolojisi<\/strong>\u00a0uzmanla\u015fm\u0131\u015f bir\u00a0<strong>Etiket Kurcalama<\/strong>\u00a0Yetkisiz paket a\u00e7\u0131l\u0131\u015f\u0131n\u0131 tespit etme i\u015flevi. \u0130ki temel bile\u015fenden olu\u015fur:<\/p>\n<ol>\n<li><strong>RFID Etiketi:<\/strong>\n<ul>\n<li><strong>Ana Anten D\u00f6ng\u00fcs\u00fc:<\/strong>\u00a0RFID okuyucu ile IC \u00e7ipi aras\u0131nda radyo dalgalar\u0131 iletir.<\/li>\n<li><strong>Alg\u0131lama D\u00f6ng\u00fcs\u00fc\/Teli:<\/strong>\u00a0Kurcalama s\u0131ras\u0131nda k\u0131r\u0131lmas\u0131 i\u00e7in tasarlanm\u0131\u015f ayr\u0131 bir tel. Bu k\u0131r\u0131lma IC \u00e7ipi taraf\u0131ndan kal\u0131c\u0131 olarak kaydedilir.<\/li>\n<\/ul>\n<\/li>\n<li><strong>RFID Okuyucu:<\/strong>\n<ul>\n<li><strong>RFID etiketinden veri okur<\/strong>, alg\u0131lama telinin durumu dahil.<\/li>\n<li><strong>Verileri bir sunucuya iletir<\/strong>, \u00e7e\u015fitli uygulamalarda analiz edilip kullan\u0131labilmektedir.<\/li>\n<\/ul>\n<\/li>\n<\/ol>\n<p><strong>Etiket Kurcalama \u0130\u015flevi:<\/strong><\/p>\n<ul>\n<li>Alg\u0131lama teli IC \u00e7ipine ba\u011flan\u0131r.<\/li>\n<li>Tel koptu\u011funda, \u00e7ip\u00a0<strong>kurcalama olay\u0131n\u0131n kal\u0131c\u0131 bir kayd\u0131n\u0131 depolar<\/strong>.<\/li>\n<li>Bu bilgi olabilir\u00a0<strong>ASCII kodunda kullan\u0131c\u0131 belle\u011fine yans\u0131t\u0131l\u0131r<\/strong>\u00a0Ve\u00a0<strong>buluta bildirildi<\/strong>\u00a0Daha detayl\u0131 analiz i\u00e7in.<\/li>\n<\/ul>\n<p><strong>AES-128 Kriptografisi ile 424 DNA TagTamper:<\/strong><\/p>\n<ul>\n<li><strong>Benzersiz NFC Kimlik Do\u011frulama Mesaj\u0131 (SUN):<\/strong>\u00a0424 DNA TagTamper her seferinde bir NFC mobil cihaz\u0131 veya okuyucusu ile dinlendi\u011finde benzersiz bir SUN \u00fcretir.<\/li>\n<li><strong>G\u00fcvenli Kimlik Do\u011frulama:<\/strong>\n<ul>\n<li>SUN, benzersiz bir URL ile birlikte bir ana sunucuya g\u00f6nderilir.<\/li>\n<li>Ana bilgisayar, AES-128 \u015fifrelemesini kullanarak kimlik do\u011frulamas\u0131 ger\u00e7ekle\u015ftirir.<\/li>\n<li><strong>Do\u011frulama<\/strong>\u00a0okuyucuya\/mobil cihaza geri g\u00f6nderilir.<\/li>\n<\/ul>\n<\/li>\n<\/ul>\n<p><strong>Uygulamalar:<\/strong><\/p>\n<ul>\n<li><strong>Geli\u015fmi\u015f Sahtecili\u011fe Kar\u015f\u0131 Koruma (\u00dcr\u00fcn Kimlik Do\u011frulamas\u0131):<\/strong>\n<ul>\n<li>Fiziksel mallar\u0131n ger\u00e7ekli\u011fini do\u011frular.<\/li>\n<li>Yetkili pazarlar d\u0131\u015f\u0131ndaki sat\u0131\u015flar\u0131 belirler.<\/li>\n<\/ul>\n<\/li>\n<li><strong>Kurcalama Alg\u0131lama ve Koruma (Ak\u0131ll\u0131 Paketleme):<\/strong>\n<ul>\n<li>Yetkisiz \u00fcr\u00fcn a\u00e7\u0131l\u0131\u015flar\u0131n\u0131 tespit eder.<\/li>\n<li>\u00dcr\u00fcn b\u00fct\u00fcnl\u00fc\u011f\u00fcn\u00fc g\u00fcvence alt\u0131na al\u0131r.<\/li>\n<\/ul>\n<\/li>\n<li><strong>\u00dcr\u00fcn Durumuna G\u00f6re G\u00fcvenli \u00d6zel Kullan\u0131c\u0131 Deneyimleri:<\/strong>\n<ul>\n<li>Geli\u015fmi\u015f kullan\u0131c\u0131 etkile\u015fimlerine (sat\u0131\u015f \u00f6ncesi ve sonras\u0131) olanak tan\u0131r.<\/li>\n<li>M\u00fc\u015fterileri ki\u015fiselle\u015ftirilmi\u015f i\u00e7erikler, teklifler ve ayr\u0131cal\u0131klarla \u00f6d\u00fcllendirir.<\/li>\n<\/ul>\n<\/li>\n<li><strong>G\u00fcvenli Hassas Veri Uygulamalar\u0131:<\/strong>\n<ul>\n<li>Hassas \u00fcr\u00fcn ve kullan\u0131c\u0131 verilerini korur.<\/li>\n<li>Do\u011frulanm\u0131\u015f bir olay (\u00f6rne\u011fin \u00f6deme) \u00fczerine bir eylemi tetikler.<\/li>\n<\/ul>\n<\/li>\n<li><strong>Kapal\u0131 Devre Cihazlar\u0131n G\u00fcvenli Kimlik Do\u011frulamas\u0131 ve Yap\u0131land\u0131rmas\u0131:<\/strong>\n<ul>\n<li>Sarf malzemelerini ve par\u00e7alar\u0131 do\u011frular.<\/li>\n<li>B\u00fct\u00fcnl\u00fck denetimini etkinle\u015ftirir.<\/li>\n<li>Cihaz ayarlar\u0131n\u0131 otomatik olarak aktar\u0131r.<\/li>\n<\/ul>\n<\/li>\n<\/ul>\n<p><strong>Temel Avantajlar:<\/strong><\/p>\n<ul>\n<li><strong>Y\u00fcksek G\u00fcvenlik:<\/strong>\u00a0Kurcalama alg\u0131lama \u00f6zelli\u011fi ve AES-128 kriptografisi, veri b\u00fct\u00fcnl\u00fc\u011f\u00fcn\u00fc garanti alt\u0131na al\u0131r ve yetkisiz eri\u015fimi engeller.<\/li>\n<li><strong>\u00c7ok Y\u00f6nl\u00fc Uygulamalar:<\/strong>\u00a0Sistem, \u00fcr\u00fcn do\u011frulamadan veri g\u00fcvenli\u011fine kadar \u00e7e\u015fitli ama\u00e7larla kullan\u0131labiliyor.<\/li>\n<li><strong>Ger\u00e7ek Zamanl\u0131 Takip:<\/strong>\u00a0Bilgiler ger\u00e7ek zamanl\u0131 olarak buluta g\u00f6nderiliyor, b\u00f6ylece an\u0131nda aksiyon ve takip sa\u011flanabiliyor.<\/li>\n<\/ul>","protected":false},"excerpt":{"rendered":"<p>NTAG 424 DNA, NXP yar\u0131 iletkenleri taraf\u0131ndan sa\u011flanan y\u00fcksek g\u00fcvenlikli, g\u00fc\u00e7l\u00fc, tamper proof NFC Etiketi NTAG424 DNA TT&#039;dir. Etiket, AES \u015fifrelemesi ve SUN mesaj kimlik do\u011frulamas\u0131 gibi geli\u015fmi\u015f i\u015flevlere sahip oldu\u011fu ve hassas verilerin depolanmas\u0131n\u0131 korudu\u011fu i\u00e7in varl\u0131klar\u0131 ve bilgileri korumak i\u00e7in idealdir.<\/p>","protected":false},"featured_media":316,"template":"","meta":{"_kad_post_transparent":"default","_kad_post_title":"","_kad_post_layout":"default","_kad_post_sidebar_id":"","_kad_post_content_style":"default","_kad_post_vertical_padding":"default","_kad_post_feature":"","_kad_post_feature_position":"","_kad_post_header":false,"_kad_post_footer":false,"_kad_post_classname":""},"product_brand":[],"product_cat":[54],"product_tag":[135,134],"class_list":{"0":"post-315","1":"product","2":"type-product","3":"status-publish","4":"has-post-thumbnail","6":"product_cat-hot-selling-rfid-tags","7":"product_tag-tamper-proof-nfc-sticker","8":"product_tag-tamper-proof-nfc-sticker-ntag424-dna-tt","10":"first","11":"instock","12":"shipping-taxable","13":"product-type-simple","14":"entry","15":"content-bg","16":"loop-entry"},"_links":{"self":[{"href":"https:\/\/rfid-laundry-tag.com\/tr\/wp-json\/wp\/v2\/product\/315","targetHints":{"allow":["GET"]}}],"collection":[{"href":"https:\/\/rfid-laundry-tag.com\/tr\/wp-json\/wp\/v2\/product"}],"about":[{"href":"https:\/\/rfid-laundry-tag.com\/tr\/wp-json\/wp\/v2\/types\/product"}],"version-history":[{"count":1,"href":"https:\/\/rfid-laundry-tag.com\/tr\/wp-json\/wp\/v2\/product\/315\/revisions"}],"predecessor-version":[{"id":1566,"href":"https:\/\/rfid-laundry-tag.com\/tr\/wp-json\/wp\/v2\/product\/315\/revisions\/1566"}],"wp:featuredmedia":[{"embeddable":true,"href":"https:\/\/rfid-laundry-tag.com\/tr\/wp-json\/wp\/v2\/media\/316"}],"wp:attachment":[{"href":"https:\/\/rfid-laundry-tag.com\/tr\/wp-json\/wp\/v2\/media?parent=315"}],"wp:term":[{"taxonomy":"product_brand","embeddable":true,"href":"https:\/\/rfid-laundry-tag.com\/tr\/wp-json\/wp\/v2\/product_brand?post=315"},{"taxonomy":"product_cat","embeddable":true,"href":"https:\/\/rfid-laundry-tag.com\/tr\/wp-json\/wp\/v2\/product_cat?post=315"},{"taxonomy":"product_tag","embeddable":true,"href":"https:\/\/rfid-laundry-tag.com\/tr\/wp-json\/wp\/v2\/product_tag?post=315"}],"curies":[{"name":"wp","href":"https:\/\/api.w.org\/{rel}","templated":true}]}}