{"id":313,"date":"2024-06-28T01:43:55","date_gmt":"2024-06-28T01:43:55","guid":{"rendered":"https:\/\/rfid-laundry-tag.com\/?post_type=product&#038;p=313"},"modified":"2024-08-19T15:55:01","modified_gmt":"2024-08-19T15:55:01","slug":"tamper-proof-ntag424-dna-tt-nfc-label","status":"publish","type":"product","link":"https:\/\/rfid-laundry-tag.com\/tr\/tamper-proof-ntag424-dna-tt-nfc-label\/","title":{"rendered":"Tamper Proof Ntag424 DNA TT NFC Etiketi"},"content":{"rendered":"<table class=\"hight-light-first-column all magic-8\">\n<tbody>\n<tr>\n<td colspan=\"1\" rowspan=\"1\">\n<div class=\"magic-11\"><span class=\"magic-7\" data-spm-anchor-id=\"a2700.details.0.i73.5472537dnd6ZwT\">\u00d6\u011fe ad\u0131<\/span><\/div>\n<\/td>\n<td colspan=\"1\" rowspan=\"1\">\n<div class=\"magic-12\"><span class=\"magic-7\">Sahtecili\u011fe kar\u015f\u0131 NFC etiketi<\/span><\/div>\n<\/td>\n<\/tr>\n<tr>\n<td colspan=\"1\" rowspan=\"1\">\n<div class=\"magic-11\"><span class=\"magic-7\">Anahtar kelime<\/span><\/div>\n<\/td>\n<td colspan=\"1\" rowspan=\"1\">\n<div class=\"magic-12\"><span class=\"magic-7\">Tamper Proof Ntag424 DNA TT NFC Etiketi<\/span><\/div>\n<\/td>\n<\/tr>\n<tr>\n<td colspan=\"1\" rowspan=\"1\">\n<div class=\"magic-11\"><span class=\"magic-7\">Malzeme<\/span><\/div>\n<\/td>\n<td colspan=\"1\" rowspan=\"1\">\n<div class=\"magic-12\"><span class=\"magic-7\">AL+PET+Ka\u011f\u0131t<\/span><\/div>\n<\/td>\n<\/tr>\n<tr>\n<td colspan=\"1\" rowspan=\"1\">\n<div class=\"magic-11\"><span class=\"magic-7\">Boyut<\/span><\/div>\n<\/td>\n<td colspan=\"1\" rowspan=\"1\">\n<div class=\"magic-12\"><span class=\"magic-7\">24*49*0,2 mm<\/span><\/div>\n<\/td>\n<\/tr>\n<tr>\n<td colspan=\"1\" rowspan=\"1\">\n<div class=\"magic-11\"><span class=\"magic-7\">\u00c7ip<\/span><\/div>\n<\/td>\n<td colspan=\"1\" rowspan=\"1\">\n<div class=\"magic-12\"><span class=\"magic-7\">NTag 424 DNA TT<\/span><\/div>\n<\/td>\n<\/tr>\n<tr>\n<td colspan=\"1\" rowspan=\"1\">\n<div class=\"magic-11\"><span class=\"magic-7\">Haf\u0131za<\/span><\/div>\n<\/td>\n<td colspan=\"1\" rowspan=\"1\">\n<div class=\"magic-12\" data-spm-anchor-id=\"a2700.details.0.i72.5472537dnd6ZwT\"><span class=\"magic-7\">416 bayt<\/span><\/div>\n<\/td>\n<\/tr>\n<tr>\n<td colspan=\"1\" rowspan=\"1\">\n<div class=\"magic-11\"><span class=\"magic-7\">S\u0131kl\u0131k<\/span><\/div>\n<\/td>\n<td colspan=\"1\" rowspan=\"1\">\n<div class=\"magic-12\"><span class=\"magic-7\">13,56 MHz<\/span><\/div>\n<\/td>\n<\/tr>\n<tr>\n<td colspan=\"1\" rowspan=\"1\">\n<div class=\"magic-11\"><span class=\"magic-7\">Protokol<\/span><\/div>\n<\/td>\n<td colspan=\"1\" rowspan=\"1\">\n<div class=\"magic-12\"><span class=\"magic-7\">ISO 14443A<\/span><\/div>\n<\/td>\n<\/tr>\n<tr>\n<td colspan=\"1\" rowspan=\"1\">\n<div class=\"magic-11\"><span class=\"magic-7\">Ba\u015fvuru<\/span><\/div>\n<\/td>\n<td colspan=\"1\" rowspan=\"1\">\n<div class=\"magic-12\"><span class=\"magic-7\">Alkol g\u00fcvenli\u011fi, L\u00fcks kozmetikler, M\u00fccevher, Varl\u0131k y\u00f6netimi, vb.<\/span><\/div>\n<\/td>\n<\/tr>\n<tr>\n<td colspan=\"1\" rowspan=\"1\">\n<div class=\"magic-11\"><span class=\"magic-7\">\u00d6zellik<\/span><\/div>\n<\/td>\n<td colspan=\"1\" rowspan=\"1\">\n<div class=\"magic-12\"><span class=\"magic-7\">SAHTEKARLIK KAR\u015eITI<\/span><\/div>\n<\/td>\n<\/tr>\n<\/tbody>\n<\/table>\n<p>&nbsp;<\/p>\n<p>NTAG 424 DNA, NXP yar\u0131 iletkenleri taraf\u0131ndan sa\u011flanan y\u00fcksek g\u00fcvenlikli, g\u00fc\u00e7l\u00fc bir NFC etiketidir. Etiket, AES \u015fifrelemesi ve SUN mesaj kimlik do\u011frulamas\u0131 gibi geli\u015fmi\u015f i\u015flevlere sahip oldu\u011fu ve hassas verilerin depolanmas\u0131n\u0131 korudu\u011fu i\u00e7in varl\u0131klar\u0131 ve bilgileri korumak i\u00e7in idealdir.<\/p>\n<div class=\"auto-hide-last-sibling-br paragraph_9dc5f paragraph-element\">NTAG 424 DNA TT (NT4H2421Tx), NFC ve IoT uygulamalar\u0131 alan\u0131nda inan\u0131lmaz bir ilerlemeyi temsil ediyor. Daha y\u00fcksek g\u00fcvenli\u011fe ve \u00fcr\u00fcn b\u00fct\u00fcnl\u00fc\u011f\u00fc korumas\u0131na y\u00f6nelik duru\u015fu, son teknoloji tasar\u0131m\u0131n\u0131n bir kan\u0131t\u0131d\u0131r.<\/div>\n<p>&nbsp;<\/p>\n<div class=\"auto-hide-last-sibling-br paragraph_9dc5f paragraph-element\"><strong>NTAG 424 DNA TT (NT4H2421Tx)&#039;in \u00d6zellikleri:<\/strong><\/div>\n<div><\/div>\n<ol class=\"auto-hide-last-sibling-br\">\n<li>\n<div class=\"auto-hide-last-sibling-br paragraph_9dc5f paragraph-element\"><strong>Y\u00fcksek G\u00fcvenlik:<\/strong>\u00a0Son teknoloji g\u00fcvenlik \u00f6nlemleriyle donat\u0131lan bu \u00e7ip, yetkisiz eri\u015fime ve kurcalamaya kar\u015f\u0131 geli\u015fmi\u015f koruma sa\u011fl\u0131yor.<\/div>\n<\/li>\n<li>\n<div class=\"auto-hide-last-sibling-br paragraph_9dc5f paragraph-element\"><strong>Durum Alg\u0131lama:<\/strong>\u00a0\u00c7ip, herhangi bir anormalli\u011fi h\u0131zla tespit etmek i\u00e7in keskin durum tespit algoritmalar\u0131n\u0131 kullan\u0131r. Bu \u00f6zellik, \u00fcr\u00fcnlerdeki kurcalama giri\u015fimlerini tespit etmede \u00f6zellikle yararl\u0131d\u0131r.<\/div>\n<\/li>\n<li>\n<div class=\"auto-hide-last-sibling-br paragraph_9dc5f paragraph-element\"><strong>Gizlilik Korumas\u0131:<\/strong>\u00a0Gizlili\u011fin \u00e7ok \u00f6nemsendi\u011fi bir \u00e7a\u011fda, NTAG 424 DNA TT (NT4H2421Tx) ayn\u0131 zamanda olas\u0131 veri ihlallerine kar\u015f\u0131 g\u00fcvenilir gizlilik koruma mekanizmalar\u0131 da sunmaktad\u0131r.<\/div>\n<\/li>\n<li>\n<div class=\"auto-hide-last-sibling-br paragraph_9dc5f paragraph-element\"><strong>Kurcalamaya Dayan\u0131kl\u0131 Tasar\u0131m:<\/strong>\u00a0\u00dcr\u00fcn, anten yap\u0131m\u0131nda k\u0131r\u0131lgan malzemelerin kullan\u0131lmas\u0131, ka\u011f\u0131tlar\u0131n par\u00e7alanmas\u0131 ve etiketin transfer edilemez olmas\u0131n\u0131 sa\u011flamak i\u00e7in soyulmaya kar\u015f\u0131 \u00f6nlemler al\u0131nmas\u0131 gibi kurcalamaya dayan\u0131kl\u0131 \u00f6zelliklerle zekice tasarlanm\u0131\u015ft\u0131r.<\/div>\n<\/li>\n<li>\n<div class=\"auto-hide-last-sibling-br paragraph_9dc5f paragraph-element\"><strong>Verimli Tespit:<\/strong>\u00a0Eksiksiz ve bozulmam\u0131\u015f etiketler, NFC \u00f6zellikli bir kart okuyucu veya cep telefonu taraf\u0131ndan h\u0131zla tan\u0131mlanabilir. Etiket kurcalan\u0131rsa, alg\u0131lama durumu de\u011fi\u015fir veya okunamaz hale gelir, bu da \u00fcr\u00fcn b\u00fct\u00fcnl\u00fc\u011f\u00fcyle ilgili bir sorun oldu\u011funu g\u00f6sterir.<\/div>\n<\/li>\n<\/ol>\n<div class=\"auto-hide-last-sibling-br paragraph_9dc5f paragraph-element\"><strong>NTAG 424 DNA TT (NT4H2421Tx) hakk\u0131nda SSS:<\/strong><\/div>\n<div><\/div>\n<div class=\"auto-hide-last-sibling-br paragraph_9dc5f paragraph-element\">Q:\u00a0<strong>NTAG 424 DNA TT (NT4H2421Tx) hangi uygulamalarda en fazla fayday\u0131 sa\u011flayacakt\u0131r?<\/strong><br class=\"container_21264 wrapper_661ac undefined\" \/>A: NTAG 424 DNA TT (NT4H2421Tx) \u00e7o\u011funlukla l\u00fcks mallar, ila\u00e7lar, \u00f6nemli belgeler ve s\u0131k\u0131 sahtecili\u011fe kar\u015f\u0131 \u00f6nlemler gerektiren di\u011fer \u00f6\u011feler gibi y\u00fcksek d\u00fczeyde g\u00fcvenlik gerektiren end\u00fcstrilerde kullan\u0131l\u0131r.<\/div>\n<div><\/div>\n<div class=\"auto-hide-last-sibling-br paragraph_9dc5f paragraph-element\">Q:\u00a0<strong>Tamper alg\u0131lama \u00f6zelli\u011fi ne kadar g\u00fcvenilir?<\/strong><br class=\"container_21264 wrapper_661ac undefined\" \/>A: Etiket, onu herhangi bir kurcalama giri\u015fimine kar\u015f\u0131 olduk\u00e7a hassas hale getiren dikkatlice tasarlanm\u0131\u015f k\u0131r\u0131lgan malzemeler kullan\u0131r. Kurcaland\u0131\u011f\u0131nda, alg\u0131lama durumunu de\u011fi\u015ftirir veya okunamaz hale gelir ve yetkisiz herhangi bir kurcalama giri\u015fimini etkili bir \u015fekilde i\u015faretler.<\/div>\n<div class=\"auto-hide-last-sibling-br paragraph_9dc5f paragraph-element\">NTAG 424 DNA TT (NT4H2421Tx)&#039;in bu geli\u015fmi\u015f \u00f6zellikleri, ili\u015fkili oldu\u011fu herhangi bir \u00fcr\u00fcn\u00fcn g\u00fcvenli\u011fini, korumas\u0131n\u0131 ve orijinalli\u011fini g\u00fc\u00e7lendirmeye yarar.<\/div>","protected":false},"excerpt":{"rendered":"<p>NTAG 424 DNA TT, g\u00fcvenlik, durum tespiti ve gizlilik korumas\u0131 i\u00e7in en son teknoloji \u00f6zelliklere sahip yeni bir NTAG DNA \u00e7ip neslini tan\u0131tarak g\u00fcvenli NFC ve IoT uygulamalar\u0131nda yeni bir standart belirliyor.<\/p>","protected":false},"featured_media":314,"template":"","meta":{"_kad_post_transparent":"default","_kad_post_title":"","_kad_post_layout":"default","_kad_post_sidebar_id":"","_kad_post_content_style":"default","_kad_post_vertical_padding":"default","_kad_post_feature":"","_kad_post_feature_position":"","_kad_post_header":false,"_kad_post_footer":false,"_kad_post_classname":""},"product_brand":[],"product_cat":[54],"product_tag":[130,131],"class_list":{"0":"post-313","1":"product","2":"type-product","3":"status-publish","4":"has-post-thumbnail","6":"product_cat-hot-selling-rfid-tags","7":"product_tag-tamper-proof-ntag424-dna-tt-nfc-sticker","8":"product_tag-tamper-proof-ntag424-tt-nfc-sticker","10":"first","11":"instock","12":"shipping-taxable","13":"product-type-simple","14":"entry","15":"content-bg","16":"loop-entry"},"_links":{"self":[{"href":"https:\/\/rfid-laundry-tag.com\/tr\/wp-json\/wp\/v2\/product\/313","targetHints":{"allow":["GET"]}}],"collection":[{"href":"https:\/\/rfid-laundry-tag.com\/tr\/wp-json\/wp\/v2\/product"}],"about":[{"href":"https:\/\/rfid-laundry-tag.com\/tr\/wp-json\/wp\/v2\/types\/product"}],"version-history":[{"count":3,"href":"https:\/\/rfid-laundry-tag.com\/tr\/wp-json\/wp\/v2\/product\/313\/revisions"}],"predecessor-version":[{"id":1569,"href":"https:\/\/rfid-laundry-tag.com\/tr\/wp-json\/wp\/v2\/product\/313\/revisions\/1569"}],"wp:featuredmedia":[{"embeddable":true,"href":"https:\/\/rfid-laundry-tag.com\/tr\/wp-json\/wp\/v2\/media\/314"}],"wp:attachment":[{"href":"https:\/\/rfid-laundry-tag.com\/tr\/wp-json\/wp\/v2\/media?parent=313"}],"wp:term":[{"taxonomy":"product_brand","embeddable":true,"href":"https:\/\/rfid-laundry-tag.com\/tr\/wp-json\/wp\/v2\/product_brand?post=313"},{"taxonomy":"product_cat","embeddable":true,"href":"https:\/\/rfid-laundry-tag.com\/tr\/wp-json\/wp\/v2\/product_cat?post=313"},{"taxonomy":"product_tag","embeddable":true,"href":"https:\/\/rfid-laundry-tag.com\/tr\/wp-json\/wp\/v2\/product_tag?post=313"}],"curies":[{"name":"wp","href":"https:\/\/api.w.org\/{rel}","templated":true}]}}