{"id":312,"date":"2024-06-26T17:16:17","date_gmt":"2024-06-26T17:16:17","guid":{"rendered":"https:\/\/rfid-laundry-tag.com\/?post_type=product&#038;p=312"},"modified":"2024-06-26T17:19:23","modified_gmt":"2024-06-26T17:19:23","slug":"ntag213-nfc-inlay-dia25mm","status":"publish","type":"product","link":"https:\/\/rfid-laundry-tag.com\/tr\/ntag213-nfc-inlay-dia25mm\/","title":{"rendered":"Ntag213 NFC G\u00f6mme \u00c7ap\u0131 25mm"},"content":{"rendered":"<div class=\"text-title\"><strong><span class=\"magic-26\" style=\"font-family: Arial;\" data-spm-anchor-id=\"a2700.details.0.i47.6f4d7d7dnursE7\">NFC Kuru ek par\u00e7a<\/span><\/strong><\/div>\n<div class=\"text-content\">\n<p><span class=\"magic-6\" style=\"font-family: Arial;\">Basit\u00e7e s\u00f6ylemek gerekirse, RFID kuru yerle\u015ftirme, RFID \u00e7ipi ve antenin birle\u015fimidir. NFC etiketi, RFID etiketi, RFID bileti ve \u00e7e\u015fitli RFID etiketleri yapmak i\u00e7in kullan\u0131labilir. <\/span><\/p>\n<div data-spm-anchor-id=\"a2700.details.0.i46.6f4d7d7dnursE7\">\n<p><span class=\"magic-6\" style=\"font-family: Arial;\"> Kuru kakma anteni, bak\u0131r bobine k\u0131yasla daha ince olan al\u00fcminyum a\u015f\u0131nd\u0131rmad\u0131r. Antenin \u015fekli \u00f6zelle\u015ftirilebilir ve talep \u00fczerine yeniden tasarlanabilir.<\/span><\/p>\n<div><\/div>\n<\/div>\n<\/div>\n<div>\n<div class=\"text-title\"><strong><span class=\"magic-26\" style=\"font-family: Arial;\">NFC Islak dolgu<\/span><\/strong><\/div>\n<div class=\"text-content\">\n<p><span class=\"magic-6\" style=\"font-family: Arial;\" data-spm-anchor-id=\"a2700.details.0.i49.6f4d7d7dnursE7\">Yap\u0131\u015ft\u0131r\u0131c\u0131 ile eklenen RFID kuru yerle\u015ftirmeye \u0131slak yerle\u015ftirme denir. Y\u00fczeyde herhangi bir bask\u0131ya ihtiyac\u0131n\u0131z yoksa, do\u011frudan bir RFID etiketi veya NFC \u00e7\u0131kartmas\u0131 olarak kullan\u0131labilir. Nesnelere yap\u0131\u015ft\u0131r\u0131lmas\u0131 maliyetten tasarruf sa\u011flayabilir ve ayn\u0131 amaca ula\u015fabilir. Ayr\u0131ca RFID etiketleri yap\u0131m\u0131nda da yayg\u0131n olarak kullan\u0131l\u0131r. Islak yerle\u015ftirmenin anteni, bak\u0131r bobine k\u0131yasla daha ince olan al\u00fcminyum a\u015f\u0131nd\u0131rmad\u0131r. Antenin \u015fekli talep \u00fczerine \u00f6zelle\u015ftirilebilir ve yeniden tasarlanabilir.<\/span><\/p>\n<div>\n<h2>Ntag213 NFC G\u00f6mme \u00c7ap\u0131 25mm<\/h2>\n<p>Bu spesifikasyon, 25 mm \u00e7ap\u0131nda bir Ntag213 NFC G\u00f6mme Par\u00e7as\u0131n\u0131 a\u00e7\u0131klar. Kuru bir g\u00f6mme par\u00e7ad\u0131r, yani yap\u0131\u015fkan bir arka y\u00fczeyi yoktur ve bir nesneye tutturulmas\u0131 i\u00e7in ek ad\u0131mlar gerektirir.<\/p>\n<p><strong>Temel \u00d6zellikler:<\/strong><\/p>\n<ul>\n<li><strong>\u00c7ip:<\/strong>\u00a0Ntag213<\/li>\n<li><strong>\u00c7ap:<\/strong>\u00a025mm<\/li>\n<li><strong>Tip:<\/strong>\u00a0Kuru Yerle\u015ftirme<\/li>\n<li><strong>Protokol:<\/strong>\u00a0ISO\/IEC 14443 Tip A<\/li>\n<li><strong>S\u0131kl\u0131k:<\/strong>\u00a013,56 MHz<\/li>\n<li><strong>Haf\u0131za:<\/strong>\u00a0144 bayt<\/li>\n<\/ul>\n<p><strong>Avantajlar\u0131:<\/strong><\/p>\n<ul>\n<li><strong>Maliyet etkin:<\/strong>\u00a0Ntag213 yayg\u0131n olarak kullan\u0131lan ve uygun fiyatl\u0131 bir NFC \u00e7ipidir.<\/li>\n<li><strong>\u00c7ok y\u00f6nl\u00fc:<\/strong>\u00a0Bellek boyutu ve i\u015flevselli\u011fi nedeniyle geni\u015f uygulama yelpazesine uygundur.<\/li>\n<li><strong>Dayan\u0131kl\u0131:<\/strong>\u00a0Kuru kaplamalar, \u0131slak kaplamalara k\u0131yasla daha iyi dayan\u0131kl\u0131l\u0131k sunar.<\/li>\n<li><strong>\u00d6zelle\u015ftirilebilir:<\/strong>\u00a0Anten belirli uygulamalar i\u00e7in \u00f6zelle\u015ftirilebilir.<\/li>\n<\/ul>\n<p><strong>Uygulamalar:<\/strong><\/p>\n<ul>\n<li><strong>Eri\u015fim kontrol\u00fc:<\/strong>\u00a0Anahtar kartlar\u0131, RFID rozetleri ve di\u011fer g\u00fcvenli eri\u015fim sistemleri.<\/li>\n<li><strong>Varl\u0131k takibi:<\/strong>\u00a0Envanter, ekipman ve di\u011fer de\u011ferli varl\u0131klar\u0131n takibi.<\/li>\n<li><strong>Pazarlama ve reklamc\u0131l\u0131k:<\/strong>\u00a0Etkile\u015fimli posterler, promosyon materyalleri ve sadakat programlar\u0131.<\/li>\n<li><strong>\u00d6deme sistemleri:<\/strong>\u00a0Temass\u0131z \u00f6deme kartlar\u0131 ve mobil c\u00fczdanlar.<\/li>\n<li><strong>Veri depolama:<\/strong>\u00a0\u00dcr\u00fcn bilgisi veya seri numaras\u0131 gibi k\u00fc\u00e7\u00fck miktardaki verilerin depolanmas\u0131.<\/li>\n<\/ul>\n<\/div>\n<div data-spm-anchor-id=\"a2700.details.0.i48.6f4d7d7dnursE7\"><\/div>\n<\/div>\n<\/div>","protected":false},"excerpt":{"rendered":"<p><strong>RFID NFC G\u00f6mme Par\u00e7alar\u0131<\/strong> iki t\u00fcrde gelir, \u0131slak ve kuru. Islak bir RFID NFC ek par\u00e7as\u0131 yap\u0131\u015fkan bir arka y\u00fczeyle gelirken, kuru olan\u0131n yoktur. Orijinal ekipman \u00fcreticileri (OEM&#039;ler) i\u00e7in \u00f6zel olarak tasarlanm\u0131\u015f 13,56 MHz&#039;de \u00e7al\u0131\u015fan bir etiket se\u00e7ene\u011fi sunarlar. Bu ek par\u00e7alar i\u00e7in hem ISO 15693 hem de 14443 NFC bellek yongalar\u0131 mevcuttur.<\/p>","protected":false},"featured_media":287,"template":"","meta":{"_kad_post_transparent":"default","_kad_post_title":"","_kad_post_layout":"default","_kad_post_sidebar_id":"","_kad_post_content_style":"default","_kad_post_vertical_padding":"default","_kad_post_feature":"","_kad_post_feature_position":"","_kad_post_header":false,"_kad_post_footer":false,"_kad_post_classname":""},"product_brand":[],"product_cat":[54],"product_tag":[111,129],"class_list":{"0":"post-312","1":"product","2":"type-product","3":"status-publish","4":"has-post-thumbnail","6":"product_cat-hot-selling-rfid-tags","7":"product_tag-nfc-inlay","8":"product_tag-ntag213-nfc-inlay-dia25mm","10":"first","11":"instock","12":"shipping-taxable","13":"product-type-simple","14":"entry","15":"content-bg","16":"loop-entry"},"_links":{"self":[{"href":"https:\/\/rfid-laundry-tag.com\/tr\/wp-json\/wp\/v2\/product\/312","targetHints":{"allow":["GET"]}}],"collection":[{"href":"https:\/\/rfid-laundry-tag.com\/tr\/wp-json\/wp\/v2\/product"}],"about":[{"href":"https:\/\/rfid-laundry-tag.com\/tr\/wp-json\/wp\/v2\/types\/product"}],"version-history":[{"count":0,"href":"https:\/\/rfid-laundry-tag.com\/tr\/wp-json\/wp\/v2\/product\/312\/revisions"}],"wp:featuredmedia":[{"embeddable":true,"href":"https:\/\/rfid-laundry-tag.com\/tr\/wp-json\/wp\/v2\/media\/287"}],"wp:attachment":[{"href":"https:\/\/rfid-laundry-tag.com\/tr\/wp-json\/wp\/v2\/media?parent=312"}],"wp:term":[{"taxonomy":"product_brand","embeddable":true,"href":"https:\/\/rfid-laundry-tag.com\/tr\/wp-json\/wp\/v2\/product_brand?post=312"},{"taxonomy":"product_cat","embeddable":true,"href":"https:\/\/rfid-laundry-tag.com\/tr\/wp-json\/wp\/v2\/product_cat?post=312"},{"taxonomy":"product_tag","embeddable":true,"href":"https:\/\/rfid-laundry-tag.com\/tr\/wp-json\/wp\/v2\/product_tag?post=312"}],"curies":[{"name":"wp","href":"https:\/\/api.w.org\/{rel}","templated":true}]}}