{"id":3117,"date":"2025-12-18T12:06:28","date_gmt":"2025-12-18T12:06:28","guid":{"rendered":"https:\/\/rfid-laundry-tag.com\/?post_type=product&#038;p=3117"},"modified":"2026-01-04T12:40:55","modified_gmt":"2026-01-04T12:40:55","slug":"textile-iron-durable-heat-sealed-rfid-laundry-tag","status":"publish","type":"product","link":"https:\/\/rfid-laundry-tag.com\/tr\/textile-iron-durable-heat-sealed-rfid-laundry-tag\/","title":{"rendered":"Tekstil \u00dct\u00fcs\u00fc Dayan\u0131kl\u0131 Is\u0131 Yal\u0131t\u0131ml\u0131 RFID \u00c7ama\u015f\u0131r Etiketi"},"content":{"rendered":"<div>\n<div>\n<h2>Tekstil \u00dct\u00fcs\u00fc Dayan\u0131kl\u0131 Is\u0131 Yal\u0131t\u0131ml\u0131 RFID \u00c7ama\u015f\u0131r Etiketi<\/h2>\n<p>&nbsp;<\/p>\n<p><strong><a href=\"https:\/\/rfid-laundry-tag.com\/tr\/textile-rfid-laundry-tag\/\">Is\u0131 Yal\u0131t\u0131ml\u0131 RFID \u00c7ama\u015f\u0131r Etiketi<\/a>\u00a0\u2013 Dayan\u0131kl\u0131, Y\u00fcksek S\u0131cakl\u0131\u011fa Diren\u00e7li Tekstil \u0130zleme \u00c7\u00f6z\u00fcm\u00fc<\/strong><\/p>\n<p>Is\u0131 transfer bask\u0131l\u0131 RFID \u00e7ama\u015f\u0131r etiketimiz, Avrupa, ABD ve Kanada&#039;daki sa\u011fl\u0131k, end\u00fcstriyel \u00e7ama\u015f\u0131rhane ve \u00fcniforma y\u00f6netimi sekt\u00f6rlerinde tekstil tan\u0131mlama ve izleme i\u00e7in sa\u011flam ve g\u00fcvenilir bir \u00e7\u00f6z\u00fcm sunmaktad\u0131r. Ayr\u0131ca \u0131s\u0131 transfer etiketi olarak da bilinir.\u00a0<a href=\"https:\/\/rfid-laundry-tag.com\/tr\/textile-rfid-laundry-tag\/\">RFID \u00e7ama\u015f\u0131r etiketi<\/a>, Is\u0131 yal\u0131t\u0131ml\u0131 RFID \u00e7ama\u015f\u0131r etiketi olarak da bilinen bu \u00fcr\u00fcn, zorlu \u00e7ama\u015f\u0131r y\u0131kama ko\u015fullar\u0131nda ola\u011fan\u00fcst\u00fc performans sunar.<\/p>\n<h2>Avantajlar\u0131:<\/h2>\n<p align=\"left\" data-spm-anchor-id=\"a2700.details-description.0.i1.404eTMiRTMiR6E\">1). Su ge\u00e7irmez ve \u0131s\u0131ya dayan\u0131kl\u0131<br \/>\n2). 200 y\u0131kama d\u00f6ng\u00fcs\u00fc veya 300 kez<br \/>\n3). 8~12 metre okuma mesafesi<br \/>\n4). Teslim s\u00fcresi 3 g\u00fcnd\u00fcr.<\/p>\n<\/div>\n<h3>Temel \u00d6zellikler<\/h3>\n<ul>\n<li>Su ge\u00e7irmez ve kimyasallara dayan\u0131kl\u0131: Deterjanlara, yumu\u015fat\u0131c\u0131lara, a\u011fart\u0131c\u0131lara (oksijen\/klor) ve alkali i\u015flemlerine dayanacak \u015fekilde tasarlanm\u0131\u015ft\u0131r.<\/li>\n<li>Is\u0131yla aktive olan RFID etiketi: H\u0131zl\u0131 ve sa\u011flam yap\u0131\u015ft\u0131rma i\u00e7in \u0131s\u0131 yal\u0131t\u0131m makineleriyle sorunsuz bir \u015fekilde entegre olur.<\/li>\n<li>\u00dct\u00fcyle yap\u0131\u015ft\u0131r\u0131labilen RFID \u00e7ama\u015f\u0131r etiketi: Standart \u0131s\u0131 presi veya diki\u015f teknikleriyle kolayca uygulan\u0131r, tekstil kenarlar\u0131na veya bak\u0131m etiketlerine yerle\u015ftirmek i\u00e7in idealdir.<\/li>\n<li>Is\u0131 presiyle uygulanan giyilebilir RFID etiketi: Kal\u0131c\u0131 yap\u0131\u015fma sa\u011flayarak, kullan\u0131m \u00f6mr\u00fc boyunca etiket kayb\u0131n\u0131 azalt\u0131r.<\/li>\n<li>Y\u00fcksek s\u0131cakl\u0131\u011fa dayan\u0131kl\u0131 RFID \u00e7ama\u015f\u0131r etiketi: End\u00fcstriyel \u00e7ama\u015f\u0131r y\u0131kama i\u015flemlerinin yo\u011fun \u0131s\u0131s\u0131na ve mekanik stresine dayanacak \u015fekilde \u00fcretilmi\u015ftir.<\/li>\n<\/ul>\n<div>\n<table width=\"637\">\n<tbody>\n<tr>\n<td width=\"328\">\u00dcr\u00fcn Ad\u0131:<\/td>\n<td width=\"309\">Tekstil \u00dct\u00fcs\u00fc Dayan\u0131kl\u0131 Is\u0131 Yal\u0131t\u0131ml\u0131 RFID \u00c7ama\u015f\u0131r Etiketi<\/td>\n<\/tr>\n<tr>\n<td width=\"328\">RFID Standard\u0131:<\/td>\n<td width=\"309\">ISO\/IEC 18000-6 TipC (EPC Gen2)<\/td>\n<\/tr>\n<tr>\n<td width=\"328\">Boyut ve A\u011f\u0131rl\u0131k:<\/td>\n<td width=\"309\">\u00a035mm x 15mm; 58mm x 15mm; 70mm x 10mm 70 x 15 mm 75 x 12mm 75 x 15 mm veya \u00f6zelle\u015ftirilmi\u015f<\/td>\n<\/tr>\n<tr>\n<td width=\"328\">\u00c7ip T\u00fcr\u00fc:<\/td>\n<td width=\"309\">Monza 4QT,NXP U CODE 9,Alien H9 vb.<\/td>\n<\/tr>\n<tr>\n<td width=\"328\">EPC Belle\u011fi:<\/td>\n<td width=\"309\">128 bit<\/td>\n<\/tr>\n<tr>\n<td width=\"328\">Kullan\u0131c\u0131 Belle\u011fi:<\/td>\n<td width=\"309\">512 bit<\/td>\n<\/tr>\n<tr>\n<td width=\"328\">Okuma Aral\u0131\u011f\u0131(2W ERP FCC):<\/td>\n<td width=\"309\">8A~10A<\/td>\n<\/tr>\n<tr>\n<td width=\"328\">Okuma Aral\u0131\u011f\u0131(2W ERP ETSI):<\/td>\n<td width=\"309\">8A~10A<\/td>\n<\/tr>\n<tr>\n<td width=\"328\">Etiketleme:<\/td>\n<td width=\"309\">S\u0131cak damgalama yap\u0131\u015ft\u0131r\u0131c\u0131s\u0131, Is\u0131tma contas\u0131, delik vb.<\/td>\n<\/tr>\n<tr>\n<td width=\"328\">Tahmini \u00d6m\u00fcr:<\/td>\n<td width=\"309\">200 y\u0131kama d\u00f6ng\u00fcs\u00fc veya 300 kez<\/td>\n<\/tr>\n<tr>\n<td width=\"328\">Y\u0131kama Y\u00f6ntemi:<\/td>\n<td width=\"309\">\u00c7ama\u015f\u0131rhane, Kuru temizleme<\/td>\n<\/tr>\n<tr>\n<td width=\"328\">Su \u00c7\u0131karma Bas\u0131nc\u0131:<\/td>\n<td width=\"309\">60 bar<\/td>\n<\/tr>\n<tr>\n<td width=\"328\">Suya Dayan\u0131kl\u0131l\u0131k:<\/td>\n<td width=\"309\">Su ge\u00e7irmez<\/td>\n<\/tr>\n<tr>\n<td width=\"328\">Kimyasal Diren\u00e7:<\/td>\n<td width=\"309\">Deterjan, Yumu\u015fat\u0131c\u0131, \u00c7ama\u015f\u0131r Suyu (Oksijen\/ Klor), Alkali<\/td>\n<\/tr>\n<tr>\n<td width=\"328\">Tumbler&#039;da \u00d6n Kurutma:<\/td>\n<td width=\"309\">125 \u00baC&#039;de 15-20 dakika<\/td>\n<\/tr>\n<tr>\n<td width=\"328\">Sterilizasyon S\u0131cakl\u0131\u011f\u0131:<\/td>\n<td width=\"309\">135\u00b0C&#039;de 15-20 dakika<\/td>\n<\/tr>\n<tr>\n<td width=\"328\">Y\u0131kama S\u0131cakl\u0131\u011f\u0131:<\/td>\n<td width=\"309\">90\u00b0C ,15dk&#039;ya kadar.<\/td>\n<\/tr>\n<tr>\n<td width=\"328\">Nem\/S\u0131cakl\u0131k-\u00c7al\u0131\u015fma:<\/td>\n<td width=\"309\">-20 ila 110\u00b0C, 8 ila 95%RH<\/td>\n<\/tr>\n<tr>\n<td width=\"328\">Nem\/S\u0131cakl\u0131k-Depolama:<\/td>\n<td width=\"309\">-40 ila 110\u00b0C, 8 ila 95%RH<\/td>\n<\/tr>\n<\/tbody>\n<\/table>\n<\/div>\n<\/div>\n<figure id=\"attachment_3280\" class=\"wp-caption alignnone\" aria-describedby=\"caption-attachment-3280\"><figcaption id=\"caption-attachment-3280\" class=\"wp-caption-text\">\n<figure id=\"attachment_3085\" aria-describedby=\"caption-attachment-3085\" style=\"width: 750px\" class=\"wp-caption alignnone\"><a href=\"https:\/\/rfid-laundry-tag.com\/tr\/textile-rfid-laundry-tag\/\"><img fetchpriority=\"high\" decoding=\"async\" class=\"size-full wp-image-3085\" src=\"https:\/\/rfid-laundry-tag.com\/wp-content\/uploads\/2025\/12\/UHF-RFID-washable-laundry-tag-11.jpg\" alt=\"Washable RFID Tags for Laundry Uniform\" width=\"750\" height=\"750\" srcset=\"https:\/\/rfid-laundry-tag.com\/wp-content\/uploads\/2025\/12\/UHF-RFID-washable-laundry-tag-11.jpg 750w, https:\/\/rfid-laundry-tag.com\/wp-content\/uploads\/2025\/12\/UHF-RFID-washable-laundry-tag-11-300x300.jpg 300w, https:\/\/rfid-laundry-tag.com\/wp-content\/uploads\/2025\/12\/UHF-RFID-washable-laundry-tag-11-150x150.jpg 150w, https:\/\/rfid-laundry-tag.com\/wp-content\/uploads\/2025\/12\/UHF-RFID-washable-laundry-tag-11-12x12.jpg 12w, https:\/\/rfid-laundry-tag.com\/wp-content\/uploads\/2025\/12\/UHF-RFID-washable-laundry-tag-11-600x600.jpg 600w, https:\/\/rfid-laundry-tag.com\/wp-content\/uploads\/2025\/12\/UHF-RFID-washable-laundry-tag-11-100x100.jpg 100w\" sizes=\"(max-width: 750px) 100vw, 750px\" \/><\/a><figcaption id=\"caption-attachment-3085\" class=\"wp-caption-text\">\u00c7ama\u015f\u0131rhane \u00dcniformalar\u0131 \u0130\u00e7in Y\u0131kanabilir RFID Etiketleri<\/figcaption><\/figure>\n<\/figcaption><\/figure>\n<p>Dokuma polyester ve y\u00fcksek kaliteli \u0131s\u0131 ile aktive olan yap\u0131\u015ft\u0131r\u0131c\u0131larla \u00fcretilen bu RFID \u0131s\u0131 ile yap\u0131\u015fan \u00e7ama\u015f\u0131r etiketi, pamuk, polyester ve kar\u0131\u015f\u0131k tekstil \u00fcr\u00fcnlerine g\u00fcvenli bir \u015fekilde yap\u0131\u015f\u0131r. Etiket, y\u00fcksek s\u0131cakl\u0131kta sterilizasyon da dahil olmak \u00fczere zorlu y\u0131kama d\u00f6ng\u00fclerine dayan\u0131kl\u0131d\u0131r ve bu da onu hastanelerde ve end\u00fcstriyel \u00e7ama\u015f\u0131rhanelerde yayg\u0131n olarak kullan\u0131lan RFID \u00e7ama\u015f\u0131r y\u00f6netim sistemlerinde kullan\u0131m i\u00e7in ideal hale getirir.<\/p>\n<div class=\"entry-content-asset videofit\"><iframe title=\"Tekstil \u00c7ama\u015f\u0131rhanesinde RFID Neden Kullan\u0131l\u0131r?\" src=\"https:\/\/www.youtube.com\/embed\/X_P3EuhS_hE?feature=oembed\" width=\"720\" height=\"405\" frameborder=\"0\" allowfullscreen=\"allowfullscreen\" data-mce-fragment=\"1\"><\/iframe><\/div>\n<div>\n<h3><strong><b>K\u00fcresel Pazarlardaki Uygulamalar<\/b><\/strong><\/h3>\n<p>Bizim\u00a0<strong>Sa\u011fl\u0131k sekt\u00f6r\u00fc i\u00e7in RFID keten etiketi<\/strong>\u00a0Bu sistem, Kuzey Amerika ve Avrupa&#039;daki hastanelerde enfeksiyon kontrol\u00fcn\u00fc ve envanter do\u011frulu\u011funu destekleyerek \u00e7ar\u015faflar\u0131n, havlular\u0131n ve \u00fcniformalar\u0131n hassas bir \u015fekilde izlenmesini sa\u011flar. Hastaneler i\u00e7in tekstil RFID etiketleri, nevresimlerin ya\u015fam d\u00f6ng\u00fcs\u00fc y\u00f6netimini iyile\u015ftirir, kay\u0131plar\u0131 azalt\u0131r ve uyumluluk odakl\u0131 ortamlarda operasyonel verimlili\u011fi art\u0131r\u0131r.<\/p>\n<p>End\u00fcstriyel \u00e7ama\u015f\u0131rhane ortamlar\u0131nda,\u00a0<strong>End\u00fcstriyel \u00e7ama\u015f\u0131rhane i\u00e7in RFID y\u0131kanabilir etiket<\/strong>\u00a0B\u00fcy\u00fck \u00f6l\u00e7ekli keten i\u015fleme s\u00fcre\u00e7lerinin y\u00f6netimi i\u00e7in hayati \u00f6nem ta\u015f\u0131yan bu sistem, sorunsuz entegrasyon imkan\u0131 sunmaktad\u0131r.\u00a0<strong>RFID \u00e7ama\u015f\u0131rhane y\u00f6netim sistemleri<\/strong>\u00a0Zorlu y\u0131kama ko\u015fullar\u0131 i\u00e7in tasarlanm\u0131\u015ft\u0131r.\u00a0<strong>tek tip RFID takip \u00e7ipi<\/strong>\u00a0\u00dcniformalara entegre edilen dayan\u0131kl\u0131 RFID etiketleri, \u00e7ok uluslu \u015firketlerin ve sa\u011fl\u0131k kurulu\u015flar\u0131n\u0131n hesap verebilirli\u011fi sa\u011flamas\u0131na ve \u00fcniforma dola\u015f\u0131m\u0131n\u0131 optimize etmesine yard\u0131mc\u0131 olur.<\/p>\n<h3><strong><b>Kurulum ve Kullan\u0131m<\/b><\/strong><\/h3>\n<ul>\n<li><strong>Diki\u015f etiketleme:<\/strong>Hasar g\u00f6rmesini \u00f6nlemek i\u00e7in diki\u015fi giysinin katlama \u00e7izgilerinden uzakta, etek u\u00e7lar\u0131na do\u011fru yap\u0131n.<\/li>\n<li><strong>Is\u0131 yal\u0131t\u0131m\u0131:<\/strong>End\u00fcstri standard\u0131 \u0131s\u0131 yal\u0131t\u0131m makineleri kullan\u0131larak 200\u00b0C (392\u00b0F) s\u0131cakl\u0131kta 12-14 saniye s\u00fcreyle uygulay\u0131n.<\/li>\n<li><strong>Po\u015fetin i\u00e7inde:<\/strong>Giysinin esteti\u011fini korumak i\u00e7in standart bak\u0131m etiketlerini i\u00e7 k\u0131sma dikin.<\/li>\n<\/ul>\n<figure id=\"attachment_3407\" class=\"wp-caption alignnone\" aria-describedby=\"caption-attachment-3407\"><figcaption id=\"caption-attachment-3407\" class=\"wp-caption-text\">\n<figure id=\"attachment_2970\" aria-describedby=\"caption-attachment-2970\" style=\"width: 1000px\" class=\"wp-caption alignnone\"><a href=\"https:\/\/rfid-laundry-tag.com\/tr\/textile-rfid-laundry-tag\/\"><img decoding=\"async\" class=\"size-full wp-image-2970\" src=\"https:\/\/rfid-laundry-tag.com\/wp-content\/uploads\/2025\/11\/UHF-RFID-washable-laundry-tag-08.jpg\" alt=\"Textile UHF RFID Tags Labels\" width=\"1000\" height=\"1000\" srcset=\"https:\/\/rfid-laundry-tag.com\/wp-content\/uploads\/2025\/11\/UHF-RFID-washable-laundry-tag-08.jpg 1000w, https:\/\/rfid-laundry-tag.com\/wp-content\/uploads\/2025\/11\/UHF-RFID-washable-laundry-tag-08-300x300.jpg 300w, https:\/\/rfid-laundry-tag.com\/wp-content\/uploads\/2025\/11\/UHF-RFID-washable-laundry-tag-08-150x150.jpg 150w, https:\/\/rfid-laundry-tag.com\/wp-content\/uploads\/2025\/11\/UHF-RFID-washable-laundry-tag-08-768x768.jpg 768w, https:\/\/rfid-laundry-tag.com\/wp-content\/uploads\/2025\/11\/UHF-RFID-washable-laundry-tag-08-12x12.jpg 12w, https:\/\/rfid-laundry-tag.com\/wp-content\/uploads\/2025\/11\/UHF-RFID-washable-laundry-tag-08-600x600.jpg 600w, https:\/\/rfid-laundry-tag.com\/wp-content\/uploads\/2025\/11\/UHF-RFID-washable-laundry-tag-08-100x100.jpg 100w\" sizes=\"(max-width: 1000px) 100vw, 1000px\" \/><\/a><figcaption id=\"caption-attachment-2970\" class=\"wp-caption-text\">Tekstil UHF RFID Etiketleri<\/figcaption><\/figure>\n<\/figcaption><\/figure>\n<p>Geli\u015fmi\u015f \u0131s\u0131 yal\u0131t\u0131m teknolojisiyle entegre edilen bu etiketler, kusursuz uygulama sa\u011flamak i\u00e7in tutarl\u0131 yama bas\u0131nc\u0131 ve otomatik geri bildirim sunar.<\/p>\n<p>&nbsp;<\/p>\n<\/div>","protected":false},"excerpt":{"rendered":"<p>UHF RFID \u00e7ama\u015f\u0131r etiketlerinin en iyi 5 \u00fcreticisinden biriyiz.<strong>.Tekstil \u00dct\u00fcs\u00fc \u0130\u00e7in Dayan\u0131kl\u0131 Is\u0131 Yal\u0131t\u0131ml\u0131 RFID \u00c7ama\u015f\u0131r Etiketi <\/strong>Avrupa, ABD ve Kanada genelinde sa\u011fl\u0131k, \u00e7ama\u015f\u0131rhane ve \u00fcniformalarda dayan\u0131kl\u0131 tekstil takibi sa\u011flar; zorlu y\u0131kama d\u00f6ng\u00fclerine dayan\u0131kl\u0131d\u0131r.<\/p>","protected":false},"featured_media":3118,"template":"","meta":{"_kad_post_transparent":"default","_kad_post_title":"","_kad_post_layout":"default","_kad_post_sidebar_id":"","_kad_post_content_style":"default","_kad_post_vertical_padding":"default","_kad_post_feature":"","_kad_post_feature_position":"","_kad_post_header":false,"_kad_post_footer":false,"_kad_post_classname":""},"product_brand":[],"product_cat":[16],"product_tag":[24,375,342,339,65,368,30,374,373],"class_list":{"0":"post-3117","1":"product","2":"type-product","3":"status-publish","4":"has-post-thumbnail","6":"product_cat-uhf-rfid-laundry-tags","7":"product_tag-laundry-rfid-tags","8":"product_tag-rfid-laundry-tag-7015mm","9":"product_tag-rfid-laundry-tags","10":"product_tag-rfid-washable-tags","11":"product_tag-textile-rfid-laundry-tags","12":"product_tag-textile-uhf-rfid-tags-labels","13":"product_tag-uhf-rfid-laundry-tag","14":"product_tag-washable-uhf-rfid-labels","15":"product_tag-washable-uhf-rfid-laundry-textile-labels","17":"first","18":"instock","19":"featured","20":"shipping-taxable","21":"product-type-simple","22":"entry","23":"content-bg","24":"loop-entry"},"_links":{"self":[{"href":"https:\/\/rfid-laundry-tag.com\/tr\/wp-json\/wp\/v2\/product\/3117","targetHints":{"allow":["GET"]}}],"collection":[{"href":"https:\/\/rfid-laundry-tag.com\/tr\/wp-json\/wp\/v2\/product"}],"about":[{"href":"https:\/\/rfid-laundry-tag.com\/tr\/wp-json\/wp\/v2\/types\/product"}],"version-history":[{"count":3,"href":"https:\/\/rfid-laundry-tag.com\/tr\/wp-json\/wp\/v2\/product\/3117\/revisions"}],"predecessor-version":[{"id":3168,"href":"https:\/\/rfid-laundry-tag.com\/tr\/wp-json\/wp\/v2\/product\/3117\/revisions\/3168"}],"wp:featuredmedia":[{"embeddable":true,"href":"https:\/\/rfid-laundry-tag.com\/tr\/wp-json\/wp\/v2\/media\/3118"}],"wp:attachment":[{"href":"https:\/\/rfid-laundry-tag.com\/tr\/wp-json\/wp\/v2\/media?parent=3117"}],"wp:term":[{"taxonomy":"product_brand","embeddable":true,"href":"https:\/\/rfid-laundry-tag.com\/tr\/wp-json\/wp\/v2\/product_brand?post=3117"},{"taxonomy":"product_cat","embeddable":true,"href":"https:\/\/rfid-laundry-tag.com\/tr\/wp-json\/wp\/v2\/product_cat?post=3117"},{"taxonomy":"product_tag","embeddable":true,"href":"https:\/\/rfid-laundry-tag.com\/tr\/wp-json\/wp\/v2\/product_tag?post=3117"}],"curies":[{"name":"wp","href":"https:\/\/api.w.org\/{rel}","templated":true}]}}