{"id":310,"date":"2024-06-26T17:12:34","date_gmt":"2024-06-26T17:12:34","guid":{"rendered":"https:\/\/rfid-laundry-tag.com\/?post_type=product&#038;p=310"},"modified":"2024-06-26T17:15:58","modified_gmt":"2024-06-26T17:15:58","slug":"anti-metal-uhf-rfid-tag","status":"publish","type":"product","link":"https:\/\/rfid-laundry-tag.com\/tr\/anti-metal-uhf-rfid-tag\/","title":{"rendered":"Anti-metal UHF RFID Etiketi"},"content":{"rendered":"<h2>Anti-metal UHF RFID Etiketi<\/h2>\n<h2>Mevcut \u00d6zelle\u015ftirmeler:<\/h2>\n<p><strong>Bask\u0131:<\/strong><\/p>\n<ul>\n<li><strong>Renk Se\u00e7enekleri:<\/strong>\n<ul>\n<li>Monokrom bask\u0131<\/li>\n<li>4-renk ofset bask\u0131<\/li>\n<\/ul>\n<\/li>\n<li><strong>Giri\u015f:<\/strong>\n<ul>\n<li>M\u00fc\u015fteri taraf\u0131ndan vekt\u00f6r format\u0131nda sa\u011flanan grafik d\u00fczeni<\/li>\n<\/ul>\n<\/li>\n<li><strong>\u0130\u00e7erik:<\/strong>\n<ul>\n<li>EPC kod bas\u0131m\u0131<\/li>\n<li>Progresif seri kod bask\u0131s\u0131:\n<ul>\n<li>Veritaban\u0131ndan<\/li>\n<li>.xls dosyas\u0131ndan<\/li>\n<\/ul>\n<\/li>\n<li>Barkod yazd\u0131rma<\/li>\n<li>QR Kod yazd\u0131rma<\/li>\n<\/ul>\n<\/li>\n<li><strong>Talep \u00fczerine daha fazla \u00f6zelle\u015ftirme se\u00e7ene\u011fi mevcuttur.<\/strong><\/li>\n<\/ul>\n<p><strong>\u00c7ip Bellek Kodlamas\u0131:<\/strong><\/p>\n<ul>\n<li><strong>RFID UHF Transponder Kodlamas\u0131:<\/strong>\n<ul>\n<li>EPC kod kodlamas\u0131<\/li>\n<li>UHF etiket belle\u011fi yazma:\n<ul>\n<li>M\u00fc\u015fteri taraf\u0131ndan sa\u011flanan veritaban\u0131ndan<\/li>\n<\/ul>\n<\/li>\n<\/ul>\n<\/li>\n<li><strong>Bellek Kilitleme:<\/strong>\n<ul>\n<li>\u015eifre ile ge\u00e7ici veya kal\u0131c\u0131 kilitleme<\/li>\n<\/ul>\n<\/li>\n<li><strong>Veri \u0130li\u015fkilendirmesi:<\/strong>\n<ul>\n<li>Veritaban\u0131nda EPC kodu ve TID kodu ili\u015fkisi<\/li>\n<li>TID kodu ve ilerici\/barkod ili\u015fkisi<\/li>\n<\/ul>\n<\/li>\n<\/ul>\n<table class=\"has-title all magic-4\">\n<tbody>\n<tr>\n<td colspan=\"1\" rowspan=\"1\">\n<div class=\"magic-5\" data-spm-anchor-id=\"a2700.details.0.i72.6b4c1284vyugjJ\">Malzeme<\/div>\n<\/td>\n<td colspan=\"1\" rowspan=\"1\">\n<div class=\"magic-6\">ABS<\/div>\n<\/td>\n<\/tr>\n<tr>\n<td colspan=\"1\" rowspan=\"1\">\n<div class=\"magic-5\">Boyut<\/div>\n<\/td>\n<td colspan=\"1\" rowspan=\"1\">\n<div class=\"magic-6\">78x31x10mm veya \u00f6zelle\u015ftirilmi\u015f<\/div>\n<\/td>\n<\/tr>\n<tr>\n<td colspan=\"1\" rowspan=\"1\">\n<div class=\"magic-5\">S\u0131kl\u0131k<\/div>\n<\/td>\n<td colspan=\"1\" rowspan=\"1\">\n<div class=\"magic-6\">860-960mhz<\/div>\n<\/td>\n<\/tr>\n<tr>\n<td colspan=\"1\" rowspan=\"1\">\n<div class=\"magic-5\">IC Tipi (\u00e7ip)<\/div>\n<\/td>\n<td colspan=\"1\" rowspan=\"1\">\n<div class=\"magic-6\">Impinj Monza R6P<\/div>\n<\/td>\n<\/tr>\n<tr>\n<td colspan=\"1\" rowspan=\"1\">\n<div class=\"magic-5\">Protokol<\/div>\n<\/td>\n<td colspan=\"1\" rowspan=\"1\">\n<div class=\"magic-6\">EPC Global S\u0131n\u0131f 1 Gen2 ve ISO18000-6C<\/div>\n<\/td>\n<\/tr>\n<tr>\n<td colspan=\"1\" rowspan=\"1\">\n<div class=\"magic-7\">Haf\u0131za<\/div>\n<\/td>\n<td colspan=\"1\" rowspan=\"1\">\n<div class=\"magic-6\">EPC 128 bit, Kullan\u0131c\u0131 32 bit<\/div>\n<\/td>\n<\/tr>\n<tr>\n<td colspan=\"1\" rowspan=\"1\">\n<div class=\"magic-5\">Etiket Form Fakt\u00f6r\u00fc<\/div>\n<\/td>\n<td colspan=\"1\" rowspan=\"1\">\n<div class=\"magic-6\">Sert etiket<\/div>\n<\/td>\n<\/tr>\n<tr>\n<td colspan=\"1\" rowspan=\"1\">\n<div class=\"magic-5\">Ek Y\u00f6ntemi<\/div>\n<\/td>\n<td colspan=\"1\" rowspan=\"1\">\n<div class=\"magic-6\" data-spm-anchor-id=\"a2700.details.0.i73.6b4c1284vyugjJ\">Vida sabitleme, film yap\u0131\u015ft\u0131r\u0131c\u0131<\/div>\n<\/td>\n<\/tr>\n<tr>\n<td colspan=\"1\" rowspan=\"1\">\n<div class=\"magic-5\">\u00c7al\u0131\u015fma S\u0131cakl\u0131\u011f\u0131<\/div>\n<\/td>\n<td colspan=\"1\" rowspan=\"1\">\n<div class=\"magic-6\">-35 \u00b0C \/ +90 \u00b0C<\/div>\n<\/td>\n<\/tr>\n<tr>\n<td colspan=\"1\" rowspan=\"1\">\n<div class=\"magic-5\">Okuma Mesafesi<\/div>\n<\/td>\n<td colspan=\"1\" rowspan=\"1\">\n<div class=\"magic-6\" data-spm-anchor-id=\"a2700.details.0.i67.6b4c1284vyugjJ\">10m&#039;ye kadar<\/div>\n<\/td>\n<\/tr>\n<tr>\n<td colspan=\"1\" rowspan=\"1\">\n<div class=\"magic-8\">Uygulanabilir Y\u00fczey Malzemeleri<\/div>\n<\/td>\n<td colspan=\"1\" rowspan=\"1\">\n<div class=\"magic-6\">Metal ve metal olmayan y\u00fczeyler<\/div>\n<\/td>\n<\/tr>\n<tr>\n<td colspan=\"1\" rowspan=\"1\">\n<div class=\"magic-7\">IP Derecelendirmesi<\/div>\n<\/td>\n<td colspan=\"1\" rowspan=\"1\">\n<div class=\"magic-6\">IP68<\/div>\n<\/td>\n<\/tr>\n<tr>\n<td colspan=\"1\" rowspan=\"1\">\n<div class=\"magic-7\">Ba\u015fvuru<\/div>\n<\/td>\n<td colspan=\"1\" rowspan=\"1\">\n<div class=\"magic-6\">Varl\u0131klar, a\u011f\u0131r sanayi ve d\u0131\u015f mekan kullan\u0131m\u0131 i\u00e7in<\/div>\n<\/td>\n<\/tr>\n<\/tbody>\n<\/table>\n<p>&nbsp;<\/p>\n<p><strong>\u00c7\u00f6z\u00fcm:<\/strong><\/p>\n<p>ABS RFID Etiketi, \u00e7e\u015fitli uygulamalar i\u00e7in \u00e7ok y\u00f6nl\u00fc ve \u00f6zelle\u015ftirilebilir bir \u00e7\u00f6z\u00fcmd\u00fcr ve belirli ihtiya\u00e7lar\u0131 kar\u015f\u0131lamak i\u00e7in sa\u011flam performans ve esnek se\u00e7eneklerin bir kombinasyonunu sunar.<\/p>","protected":false},"excerpt":{"rendered":"<p>Anti-metal UHF RFID Etiketi, zorlu ortamlarda m\u00fckemmellik sa\u011flamak i\u00e7in tasarlanm\u0131\u015f g\u00fc\u00e7l\u00fc, uzun menzilli pasif bir UHF RFID etiketidir. A\u00e7\u0131k, kapal\u0131 ve hatta metal y\u00fczeylerin yak\u0131n\u0131nda bile g\u00fcvenilir bir \u015fekilde okunabilir ve varl\u0131k takibi i\u00e7in ola\u011fan\u00fcst\u00fc esneklik sa\u011flar. Kompakt boyutu ve sa\u011flam, su ge\u00e7irmez yap\u0131s\u0131, d\u0131\u015f mekan ve end\u00fcstriyel uygulamalarda uzun \u00f6m\u00fcrl\u00fc performans sa\u011flar.<\/p>","protected":false},"featured_media":311,"template":"","meta":{"_kad_post_transparent":"default","_kad_post_title":"","_kad_post_layout":"default","_kad_post_sidebar_id":"","_kad_post_content_style":"default","_kad_post_vertical_padding":"default","_kad_post_feature":"","_kad_post_feature_position":"","_kad_post_header":false,"_kad_post_footer":false,"_kad_post_classname":""},"product_brand":[],"product_cat":[54],"product_tag":[128,119],"class_list":{"0":"post-310","1":"product","2":"type-product","3":"status-publish","4":"has-post-thumbnail","6":"product_cat-hot-selling-rfid-tags","7":"product_tag-anti-metal-uhf-rfid-tag","8":"product_tag-on-metal-abs-uhf-rfid-tag","10":"first","11":"instock","12":"shipping-taxable","13":"product-type-simple","14":"entry","15":"content-bg","16":"loop-entry"},"_links":{"self":[{"href":"https:\/\/rfid-laundry-tag.com\/tr\/wp-json\/wp\/v2\/product\/310","targetHints":{"allow":["GET"]}}],"collection":[{"href":"https:\/\/rfid-laundry-tag.com\/tr\/wp-json\/wp\/v2\/product"}],"about":[{"href":"https:\/\/rfid-laundry-tag.com\/tr\/wp-json\/wp\/v2\/types\/product"}],"version-history":[{"count":0,"href":"https:\/\/rfid-laundry-tag.com\/tr\/wp-json\/wp\/v2\/product\/310\/revisions"}],"wp:featuredmedia":[{"embeddable":true,"href":"https:\/\/rfid-laundry-tag.com\/tr\/wp-json\/wp\/v2\/media\/311"}],"wp:attachment":[{"href":"https:\/\/rfid-laundry-tag.com\/tr\/wp-json\/wp\/v2\/media?parent=310"}],"wp:term":[{"taxonomy":"product_brand","embeddable":true,"href":"https:\/\/rfid-laundry-tag.com\/tr\/wp-json\/wp\/v2\/product_brand?post=310"},{"taxonomy":"product_cat","embeddable":true,"href":"https:\/\/rfid-laundry-tag.com\/tr\/wp-json\/wp\/v2\/product_cat?post=310"},{"taxonomy":"product_tag","embeddable":true,"href":"https:\/\/rfid-laundry-tag.com\/tr\/wp-json\/wp\/v2\/product_tag?post=310"}],"curies":[{"name":"wp","href":"https:\/\/api.w.org\/{rel}","templated":true}]}}