{"id":3084,"date":"2025-12-18T10:22:25","date_gmt":"2025-12-18T10:22:25","guid":{"rendered":"https:\/\/rfid-laundry-tag.com\/?post_type=product&#038;p=3084"},"modified":"2025-12-18T10:22:26","modified_gmt":"2025-12-18T10:22:26","slug":"washable-rfid-tags-for-laundry-uniform","status":"publish","type":"product","link":"https:\/\/rfid-laundry-tag.com\/tr\/washable-rfid-tags-for-laundry-uniform\/","title":{"rendered":"\u00c7ama\u015f\u0131rhane \u00dcniformalar\u0131 \u0130\u00e7in Y\u0131kanabilir RFID Etiketleri"},"content":{"rendered":"<h2>\u00c7ama\u015f\u0131rhane \u00dcniformalar\u0131 \u0130\u00e7in Y\u0131kanabilir RFID Etiketleri<\/h2>\n<div class=\"auto-hide-last-sibling-br paragraph_1252f paragraph-element\">\n<div class=\"auto-hide-last-sibling-br paragraph_1252f paragraph-element\">Giyim <a href=\"https:\/\/rfid-laundry-tag.com\/tr\/uhf-rfid-laundry-tags\/\">Y\u0131kanabilir RFID Etiketi<\/a> Geleneksel RFID \u00e7ama\u015f\u0131r etiketlerine \u00e7ok y\u00f6nl\u00fc bir alternatif olan bu \u00fcr\u00fcn, RFID performans\u0131nda yaln\u0131zca minimal bir azalmayla (10%&#039;den 15%&#039;ye) 50&#039;den fazla ev tipi y\u0131kama d\u00f6ng\u00fcs\u00fcne dayanacak \u015fekilde \u00f6zel olarak tasarlanm\u0131\u015ft\u0131r. \u0130deal ve uygun maliyetli bir \u00e7\u00f6z\u00fcm olan bu su ge\u00e7irmez RFID etiketi, giyim, ayakkab\u0131 ve \u00e7ar\u015faf kiralama ve perakende sat\u0131\u015flar\u0131 i\u00e7in m\u00fckemmeldir.<\/div>\n<div><\/div>\n<div class=\"auto-hide-last-sibling-br paragraph_1252f paragraph-element\">RFID \u00e7ipi i\u00e7in benzersiz bir yap\u0131 ve koruyucu mekanizmaya sahip olan bu etiket, 50&#039;den fazla ev tipi y\u0131kama d\u00f6ng\u00fcs\u00fcnden daha uzun s\u00fcre dayanabilir. Bir diki\u015fe g\u00f6ze \u00e7arpmadan yerle\u015ftirilebilir veya bir bak\u0131m etiketine kayd\u0131r\u0131labilir, b\u00f6ylece pratik olarak fark edilmez.<\/div>\n<p>&nbsp;<\/p>\n<div class=\"auto-hide-last-sibling-br paragraph_1252f paragraph-element\">Bu UHF RFID etiketini di\u011fer y\u0131kanabilir keten etiketlerden ay\u0131ran \u015fey, onu piyasadaki en ince etiket yapan ince 0,55 mm \u015feffaf tasar\u0131m\u0131d\u0131r. Hepsi bir arada, bu, uygun maliyetli, dayan\u0131kl\u0131 ve gizlilik sunan giyim i\u00e7in yenilik\u00e7i bir UHF RFID \u00e7\u00f6z\u00fcm\u00fc sunar.<\/div>\n<div><\/div>\n<div data-spm-anchor-id=\"a2700.details.0.i57.23b419c7xXORP0\"><span data-spm-anchor-id=\"a2700.details.0.i75.23b419c7xXORP0\"><b>\u00d6zellik:<\/b><br \/>\n1) Ayn\u0131 anda y\u00fczlerce etiketi okuyabilen UHF teknolojisi.<br \/>\n2) 8 feet&#039;ten fazla okuma mesafesi.<br \/>\n3) D\u00fcz \u00e7ama\u015f\u0131rlarda performans\u0131n art\u0131r\u0131lmas\u0131 i\u00e7in yeni mekanik tasar\u0131m.<br \/>\n4) 60 bara kadar y\u00fcksek bas\u0131n\u00e7l\u0131 aspirat\u00f6rlere uygundur.<br \/>\n5) Otoklav sterilizasyonuna uygundur.<br \/>\n6) Tekstil, \u00e7ar\u015faf, giysi ve aksesuarlar i\u00e7in ideal, k\u00fc\u00e7\u00fck, yumu\u015fak, esnek malzeme.<\/span><\/div>\n<div data-spm-anchor-id=\"a2700.details.0.i57.23b419c7xXORP0\">7) Is\u0131ya dayan\u0131kl\u0131 \u00fct\u00fc, yap\u0131\u015fkanl\u0131 tip, dikilebilir tip, delikli vb.<\/div>\n<\/div>\n<div data-spm-anchor-id=\"a2700.details.0.i57.23b419c7xXORP0\">\n<figure id=\"attachment_3030\" aria-describedby=\"caption-attachment-3030\" style=\"width: 790px\" class=\"wp-caption alignnone\"><a href=\"https:\/\/rfid-laundry-tag.com\/tr\/uhf-rfid-laundry-tags\/\"><img fetchpriority=\"high\" decoding=\"async\" class=\"size-full wp-image-3030\" src=\"https:\/\/rfid-laundry-tag.com\/wp-content\/uploads\/2025\/12\/RFID-Laundry-Tag-Installation-Guide.png\" alt=\"RFID Laundry Tag Installation Guide\" width=\"790\" height=\"777\" srcset=\"https:\/\/rfid-laundry-tag.com\/wp-content\/uploads\/2025\/12\/RFID-Laundry-Tag-Installation-Guide.png 790w, https:\/\/rfid-laundry-tag.com\/wp-content\/uploads\/2025\/12\/RFID-Laundry-Tag-Installation-Guide-300x295.png 300w, https:\/\/rfid-laundry-tag.com\/wp-content\/uploads\/2025\/12\/RFID-Laundry-Tag-Installation-Guide-768x755.png 768w, https:\/\/rfid-laundry-tag.com\/wp-content\/uploads\/2025\/12\/RFID-Laundry-Tag-Installation-Guide-12x12.png 12w, https:\/\/rfid-laundry-tag.com\/wp-content\/uploads\/2025\/12\/RFID-Laundry-Tag-Installation-Guide-600x590.png 600w\" sizes=\"(max-width: 790px) 100vw, 790px\" \/><\/a><figcaption id=\"caption-attachment-3030\" class=\"wp-caption-text\">RFID \u00c7ama\u015f\u0131r Etiketi Kurulum K\u0131lavuzu<\/figcaption><\/figure>\n<\/div>\n<div data-spm-anchor-id=\"a2700.details.0.i57.23b419c7xXORP0\">\n<div class=\"text-content\" data-spm-anchor-id=\"a2700.details.0.i54.23b419c7xXORP0\">\n<h2>Fiziksel:<\/h2>\n<div>Malzeme: 100% polyester<br \/>\nBoyut: 70 mm\u00d715 mm x1,5 mm<br \/>\n\u00c7ip:UHF<br \/>\nEtiket kurulum y\u00f6ntemi: Diki\u015f, \u00dct\u00fcleme<br \/>\nProtokol:ISO18ooo-6C EPC C1G2<br \/>\n\u00dct\u00fcleme: 15 saniye, 210\u2103&#039;de<br \/>\nPozlama: 2,5 bar<br \/>\nKurutma: 180\u00b0C&#039;de 15 dakika<br \/>\nY\u0131kama: 90\u2103&#039;de 15 dakika<br \/>\nY\u0131kama \u00e7evrimleri: 200+ \u00e7evrim veya 3 y\u0131l<br \/>\nSaklama ko\u015fullar\u0131: -20-80\u2103, 5-95% RH<\/div>\n<\/div>\n<\/div>\n<div>\n<figure id=\"attachment_2943\" aria-describedby=\"caption-attachment-2943\" style=\"width: 800px\" class=\"wp-caption alignnone\"><a href=\"https:\/\/rfid-laundry-tag.com\/tr\/uhf-rfid-laundry-tags\/\"><img decoding=\"async\" class=\"size-full wp-image-2943\" src=\"https:\/\/rfid-laundry-tag.com\/wp-content\/uploads\/2025\/10\/1-1.jpg\" alt=\"Textile UHF RFID Tags Labels\" width=\"800\" height=\"800\" srcset=\"https:\/\/rfid-laundry-tag.com\/wp-content\/uploads\/2025\/10\/1-1.jpg 800w, https:\/\/rfid-laundry-tag.com\/wp-content\/uploads\/2025\/10\/1-1-300x300.jpg 300w, https:\/\/rfid-laundry-tag.com\/wp-content\/uploads\/2025\/10\/1-1-150x150.jpg 150w, https:\/\/rfid-laundry-tag.com\/wp-content\/uploads\/2025\/10\/1-1-768x768.jpg 768w, https:\/\/rfid-laundry-tag.com\/wp-content\/uploads\/2025\/10\/1-1-12x12.jpg 12w, https:\/\/rfid-laundry-tag.com\/wp-content\/uploads\/2025\/10\/1-1-600x600.jpg 600w, https:\/\/rfid-laundry-tag.com\/wp-content\/uploads\/2025\/10\/1-1-100x100.jpg 100w\" sizes=\"(max-width: 800px) 100vw, 800px\" \/><\/a><figcaption id=\"caption-attachment-2943\" class=\"wp-caption-text\">Tekstil UHF RFID Etiketleri<\/figcaption><\/figure>\n<\/div>\n<div>\n<h2>\u00c7ama\u015f\u0131rhanede Kullan\u0131lan \u00dcniformalar \u0130\u00e7in Y\u0131kanabilir RFID Etiketlerin Faydalar\u0131<\/h2>\n<p>Y\u0131kanabilir RFID \u00e7ama\u015f\u0131r etiketlerini se\u00e7mek, \u00e7ama\u015f\u0131r y\u00f6netimini kolayla\u015ft\u0131ran bir \u00e7\u00f6z\u00fcme yat\u0131r\u0131m yapmak anlam\u0131na gelir. Bu \u00f6zel etiketler, performanstan \u00f6d\u00fcn vermeden end\u00fcstriyel \u00e7ama\u015f\u0131r y\u0131kama i\u015flemlerine dayanacak \u015fekilde tasarlanm\u0131\u015ft\u0131r. Ba\u015fl\u0131ca avantajlar\u0131 \u015funlard\u0131r:<\/p>\n<ol>\n<li><strong>Geli\u015fmi\u015f \u0130zleme<\/strong>RFID teknolojisi, her bir \u00e7ama\u015f\u0131r par\u00e7as\u0131n\u0131n ger\u00e7ek zamanl\u0131 olarak izlenmesine olanak tan\u0131yarak do\u011fru envanter y\u00f6netimini sa\u011flar ve kay\u0131plar\u0131 azalt\u0131r.<\/li>\n<li><strong>Dayan\u0131kl\u0131l\u0131k<\/strong>Y\u00fcksek s\u0131cakl\u0131klara ve zorlu y\u0131kama ko\u015fullar\u0131na dayanacak \u015fekilde tasarlanan bu dayan\u0131kl\u0131 RFID etiketleri, uzun \u00f6m\u00fcrl\u00fcl\u00fck garantisi sunarak uygun maliyetli bir se\u00e7enek haline geliyor.<\/li>\n<li><strong>Geli\u015ftirilmi\u015f Verimlilik<\/strong>\u00c7ama\u015f\u0131rhane i\u015f ak\u0131\u015flar\u0131n\u0131n otomasyonu, manuel hatalar\u0131 azalt\u0131r ve giri\u015f-\u00e7\u0131k\u0131\u015f s\u00fcre\u00e7lerini h\u0131zland\u0131rarak \u00e7ama\u015f\u0131rhane tesislerinde genel verimlili\u011fi art\u0131r\u0131r.<\/li>\n<\/ol>\n<p>Y\u0131kanabilir RFID etiketlerinin faydalar\u0131 ve yetenekleri hakk\u0131nda kapsaml\u0131 bir anlay\u0131\u015fa sahip oldu\u011funuzda, \u00e7ama\u015f\u0131rhane y\u00f6netim ihtiya\u00e7lar\u0131n\u0131z i\u00e7in bilin\u00e7li bir karar verebilirsiniz.<\/p>\n<h3>Y\u0131kanabilir RFID Etiketleri Nelerdir?<\/h3>\n<p>Y\u0131kanabilir RFID etiketleri, \u00f6zel bir t\u00fcrd\u00fcr.\u00a0<strong>RFID etiketi<\/strong>\u00a0\u00c7ama\u015f\u0131r y\u0131kama uygulamalar\u0131 i\u00e7in \u00f6zel olarak tasarlanm\u0131\u015ft\u0131r. Bu etiketler \u015funlar\u0131 kullan\u0131r:\u00a0<strong>y\u00fcksek performansl\u0131 RFID teknolojisi<\/strong>\u00a0Tekstil \u00fcr\u00fcnlerinin ya\u015fam d\u00f6ng\u00fcs\u00fc boyunca do\u011fru bir \u015fekilde izlenmesini ve y\u00f6netilmesini sa\u011flamak amac\u0131yla tasarlanm\u0131\u015ft\u0131r. Dayan\u0131kl\u0131 malzemelerden \u00fcretilen y\u0131kanabilir RFID etiketleri, y\u00fcksek s\u0131cakl\u0131klara maruz kalma ve tekrarlanan y\u0131kama d\u00f6ng\u00fcleri de dahil olmak \u00fczere end\u00fcstriyel \u00e7ama\u015f\u0131rhanenin zorluklar\u0131na dayanabilir.<\/p>\n<h3>\u00c7ama\u015f\u0131rhane Y\u00f6netiminde RFID Etiketlerinin Kullan\u0131lmas\u0131n\u0131n Faydalar\u0131<\/h3>\n<p>Entegre etmek\u00a0<strong>RFID teknolojisi<\/strong>\u00a0\u00c7ama\u015f\u0131r y\u0131kama s\u00fcre\u00e7lerine entegre edilen bu etiketler \u00f6nemli avantajlar sunmaktad\u0131r. Bu etiketler yaln\u0131zca \u00e7ama\u015f\u0131rlar\u0131n takibinde do\u011frulu\u011fu art\u0131rmakla kalmaz, ayn\u0131 zamanda tesislerin envanter kontrol\u00fcn\u00fc otomatikle\u015ftirmesine, i\u015f\u00e7ilik maliyetlerini d\u00fc\u015f\u00fcrmesine ve insan hatas\u0131n\u0131 en aza indirmesine olanak tan\u0131r. Dahas\u0131,\u00a0<strong>\u00e7ama\u015f\u0131rhane RFID<\/strong>\u00a0Sistemler, mevcut y\u00f6netim yaz\u0131l\u0131mlar\u0131yla sorunsuz entegrasyon sa\u011flayarak operasyonel verimlili\u011fi art\u0131rmaya yard\u0131mc\u0131 olan analizler sunar.<\/p>\n<h3>Y\u0131kanabilir RFID Etiketleri Nas\u0131l Kullan\u0131l\u0131r?<\/h3>\n<p>Y\u0131kanabilir RFID etiketlerinin kullan\u0131m\u0131 olduk\u00e7a kolayd\u0131r. Her etiket dikilebilir.\u00a0<strong>giysiler<\/strong>\u00a0veya nevresimler i\u00e7in, kolayca taranabilen net tan\u0131mlay\u0131c\u0131lar sa\u011flayan \u00fcr\u00fcnler.\u00a0<strong>RFID okuyucular\u0131<\/strong>. En iyi performans\u0131 elde etmek i\u00e7in etiketlerin \u00fcr\u00fcnlere do\u011fru \u015fekilde yerle\u015ftirildi\u011finden ve sistemle uyumlu oldu\u011fundan emin olmak \u00e7ok \u00f6nemlidir.\u00a0<strong>RFID \u00e7ama\u015f\u0131rhane sistemi<\/strong>\u00a0Kullan\u0131mda. RFID etiketli \u00fcr\u00fcnlerin d\u00fczenli denetimleri, do\u011fru envanter kay\u0131tlar\u0131n\u0131n tutulmas\u0131na yard\u0131mc\u0131 olur.<\/p>\n<h3>M\u00fc\u015fteri Yorumlar\u0131<\/h3>\n<p>M\u00fc\u015fteri geri bildirimleri, y\u0131kanabilir RFID etiketlerimizin d\u00f6n\u00fc\u015ft\u00fcr\u00fcc\u00fc etkisini vurgulamaktad\u0131r. Bir\u00e7ok kullan\u0131c\u0131, envanter y\u00f6netiminde \u00f6nemli iyile\u015fmeler ve kay\u0131p e\u015fyalarda azalma bildirmektedir. Memnun bir m\u00fc\u015fteriden al\u0131nan temsili bir al\u0131nt\u0131 \u015f\u00f6yledir: \u201cUygulama\u00a0<strong>RFID etiketleri<\/strong>\u00a0\u00c7ama\u015f\u0131rhane i\u015flemlerimizdeki bu iyile\u015ftirme, s\u00fcre\u00e7lerimizi \u00f6nemli \u00f6l\u00e7\u00fcde kolayla\u015ft\u0131rd\u0131 ve genel verimlili\u011fimizi art\u0131rd\u0131.&quot;\u201d<\/p>\n<\/div>\n<h3 class=\"wp-block-heading\">Kurulum<\/h3>\n<p><strong>Diki\u015f Etiketleme<\/strong>: Bir tekstilin ete\u011fine dikilecek. \u00c7ama\u015f\u0131r etiketini katlama \u00e7izgilerinden uza\u011fa dikin.<br \/>\n<strong>Is\u0131 S\u0131zd\u0131rmazl\u0131\u011f\u0131<\/strong>: +200\u00b0C (392\u00b0F) s\u0131cakl\u0131kta, 12~14 saniye boyunca do\u011frudan tekstil \u00fczerine \u0131s\u0131yla yap\u0131\u015ft\u0131r\u0131lmal\u0131d\u0131r.<br \/>\n<strong>Kese i\u00e7inde<\/strong>: Standart bak\u0131m etiketi gibi dikilmelidir. \u00c7ama\u015f\u0131r etiketini katlama \u00e7izgilerinden uza\u011fa dikin.<\/p>\n<figure id=\"attachment_3036\" aria-describedby=\"caption-attachment-3036\" style=\"width: 1024px\" class=\"wp-caption alignnone\"><a href=\"https:\/\/rfid-laundry-tag.com\/tr\/uhf-rfid-laundry-tags\/\"><img decoding=\"async\" class=\"size-large wp-image-3036\" src=\"https:\/\/rfid-laundry-tag.com\/wp-content\/uploads\/2025\/12\/RFID-Laundry-Tag-Installation-Guide-03--1024x590.png\" alt=\"How to Sew RFID Laundry Tags into Linens and Garments\" width=\"1024\" height=\"590\" srcset=\"https:\/\/rfid-laundry-tag.com\/wp-content\/uploads\/2025\/12\/RFID-Laundry-Tag-Installation-Guide-03--1024x590.png 1024w, https:\/\/rfid-laundry-tag.com\/wp-content\/uploads\/2025\/12\/RFID-Laundry-Tag-Installation-Guide-03--300x173.png 300w, https:\/\/rfid-laundry-tag.com\/wp-content\/uploads\/2025\/12\/RFID-Laundry-Tag-Installation-Guide-03--768x442.png 768w, https:\/\/rfid-laundry-tag.com\/wp-content\/uploads\/2025\/12\/RFID-Laundry-Tag-Installation-Guide-03--18x10.png 18w, https:\/\/rfid-laundry-tag.com\/wp-content\/uploads\/2025\/12\/RFID-Laundry-Tag-Installation-Guide-03--600x345.png 600w, https:\/\/rfid-laundry-tag.com\/wp-content\/uploads\/2025\/12\/RFID-Laundry-Tag-Installation-Guide-03-.png 1148w\" sizes=\"(max-width: 1024px) 100vw, 1024px\" \/><\/a><figcaption id=\"caption-attachment-3036\" class=\"wp-caption-text\">\u00c7ama\u015f\u0131r ve Nevresimlere RFID Etiketleri Nas\u0131l Dikilir?<\/figcaption><\/figure>\n<div class=\"auto-hide-last-sibling-br paragraph_1252f paragraph-element\"><strong>Y\u0131kanabilir RFID Etiketleri<\/strong>\u00a0bir\u00e7ok end\u00fcstrinin ayr\u0131lmaz bir par\u00e7as\u0131d\u0131r, verimli varl\u0131k takibi, envanter y\u00f6netimi sa\u011flar ve genel operasyonel \u00fcretkenli\u011fi art\u0131r\u0131r. \u0130\u015fte farkl\u0131 sekt\u00f6rlerdeki uygulamalar\u0131ndan baz\u0131lar\u0131:<\/div>\n<ol class=\"auto-hide-last-sibling-br\">\n<li>\n<div class=\"auto-hide-last-sibling-br paragraph_1252f paragraph-element\"><strong>Sa\u011fl\u0131k hizmeti<\/strong>: Hastaneler ve di\u011fer t\u0131bbi tesisler, b\u00fcy\u00fck yatak \u00e7ar\u015faf\u0131, havlu, \u00f6nl\u00fck, \u00fcniforma ve cerrahi \u00e7ar\u015faf envanterlerini y\u00f6netmek i\u00e7in RFID \u00e7ar\u015faf etiketleri kullan\u0131r. Bu, kayb\u0131 azaltmaya, \u00e7ama\u015f\u0131r d\u00f6ng\u00fclerini y\u00f6netmeye ve her zaman ihtiya\u00e7 duyuldu\u011funda temiz, taze \u00e7ar\u015faflar\u0131n mevcut olmas\u0131n\u0131 sa\u011flamaya yard\u0131mc\u0131 olur.<\/div>\n<\/li>\n<li>\n<div class=\"auto-hide-last-sibling-br paragraph_1252f paragraph-element\"><strong>Oteller<\/strong>: Yatak tak\u0131mlar\u0131ndan havlulara, perdelere ve bornozlara kadar binlerce \u00fcr\u00fcn\u00fcn dola\u015f\u0131mda oldu\u011fu otel sekt\u00f6r\u00fcnde \u00e7ar\u015faflar\u0131 y\u00f6netmek b\u00fcy\u00fck bir i\u015ftir. RFID \u00e7ar\u015faf etiketleri, zaman\u0131nda temizlik ve de\u011fi\u015ftirmeyi garanti alt\u0131na alarak takibi kolayla\u015ft\u0131r\u0131r ve h\u0131rs\u0131zl\u0131\u011f\u0131 tespit etmeye ve \u00f6nlemeye yard\u0131mc\u0131 olur.<\/div>\n<\/li>\n<li>\n<div class=\"auto-hide-last-sibling-br paragraph_1252f paragraph-element\"><strong>Restoranlar<\/strong>Yiyecek ve i\u00e7ecek sekt\u00f6r\u00fcnde, RFID etiketleri \u00fcniformalar\u0131n, masa \u00f6rt\u00fclerinin, pe\u00e7etelerin ve \u015fef \u00f6nl\u00fcklerinin kullan\u0131m\u0131n\u0131 ve temizli\u011fini izleyebilir. Bu, temizlik standartlar\u0131n\u0131 iyile\u015ftirebilir ve \u015f\u0131k, profesyonel bir g\u00f6r\u00fcn\u00fcm\u00fcn korunmas\u0131na yard\u0131mc\u0131 olabilir.<\/div>\n<\/li>\n<li>\n<div class=\"auto-hide-last-sibling-br paragraph_1252f paragraph-element\"><strong>Moda Giyim End\u00fcstrileri<\/strong>: RFID etiketleri, \u00fcretimden perakendeye kadar tedarik zinciri boyunca \u00f6\u011felerin izlenmesinde b\u00fcy\u00fck rol oynar. Men\u015fei, seyahat ge\u00e7mi\u015fi ve hatta kuma\u015f ve bak\u0131m talimatlar\u0131 hakk\u0131nda ayr\u0131nt\u0131lar gibi de\u011ferli bilgiler sa\u011flayabilirler.<\/div>\n<\/li>\n<li>\n<div class=\"auto-hide-last-sibling-br paragraph_1252f paragraph-element\"><strong>\u0130\u015f Giysileri\/Yanmaz Giysiler<\/strong>: \u015eirketler, \u00f6zel giyim \u00fcr\u00fcnlerini izlemek ve y\u00f6netmek i\u00e7in RFID etiketlerini kullanabilirler. Bu, yang\u0131n geciktirici veya di\u011fer koruyucu giysilerin d\u00fczenli olarak denetlenmesini, d\u00fczg\u00fcn bir \u015fekilde temizlenmesini ve gerekti\u011finde de\u011fi\u015ftirilmesini sa\u011flamay\u0131 i\u00e7erebilir.<\/div>\n<\/li>\n<li>\n<div class=\"auto-hide-last-sibling-br paragraph_1252f paragraph-element\"><strong>Ayakkab\u0131 ve Maskeler<\/strong>:\u00d6zellikle sa\u011fl\u0131k ve in\u015faat gibi g\u00fcvenli\u011fin kritik \u00f6neme sahip oldu\u011fu sekt\u00f6rlerde, maske ve g\u00fcvenlik ayakkab\u0131lar\u0131 gibi \u00fcr\u00fcnlerin kullan\u0131m\u0131n\u0131n, temizli\u011finin ve bak\u0131m\u0131n\u0131n takibi RFID etiketlerinin kullan\u0131m\u0131yla basitle\u015ftirilebilir.<\/div>\n<\/li>\n<li>\n<div class=\"auto-hide-last-sibling-br paragraph_1252f paragraph-element\"><strong>Paspaslar ve Paspaslar<\/strong>:Temizlik hizmeti veren veya b\u00fcy\u00fck tesisleri y\u00f6neten i\u015fletmeler i\u00e7in, paspas ve paspaslardaki RFID etiketleri kullan\u0131m ve bak\u0131m\u0131 izlemeye yard\u0131mc\u0131 olarak her zaman temiz ve etkili ara\u00e7lar sa\u011flanmas\u0131n\u0131 garanti alt\u0131na alabilir.<\/div>\n<\/li>\n<\/ol>\n<h3>Y\u0131kanabilir RFID Etiketleri Hakk\u0131nda S\u0131k\u00e7a Sorulan Sorular<\/h3>\n<p><strong>S: RFID etiketleri su ge\u00e7irmez mi?<\/strong><br \/>\nA: Evet, RFID \u00e7ama\u015f\u0131r etiketlerimiz su ge\u00e7irmez \u015fekilde tasarlanm\u0131\u015ft\u0131r ve \u0131slak ortamlarda dayan\u0131kl\u0131l\u0131k sa\u011flar.<\/p>\n<p><strong>S: Bu etiketler ka\u00e7 y\u0131kama d\u00f6ng\u00fcs\u00fcne dayanabilir?<\/strong><br \/>\nA: Y\u0131kanabilir RFID etiketlerimiz genellikle \u015fu kadar s\u00fcreye dayanabilir:\u00a0<strong>200 y\u0131kama \u00e7evrimi<\/strong>\u00a0izleme i\u015flevlerini korurken.<\/p>\n<p><strong>S: Etiketleri kendi ihtiya\u00e7lar\u0131ma g\u00f6re \u00f6zelle\u015ftirebilir miyim?<\/strong><br \/>\nA: Kesinlikle! Biz sunuyoruz.\u00a0<strong>\u00f6zel RFID \u00e7\u00f6z\u00fcmleri<\/strong>\u00a0\u00c7ama\u015f\u0131rhane y\u00f6netimi ihtiya\u00e7lar\u0131n\u0131za \u00f6zel olarak uyarlanm\u0131\u015ft\u0131r.<\/p>","protected":false},"excerpt":{"rendered":"<p><strong>Y\u0131kanabilir RFID Etiketleri<\/strong>, Genellikle RFID keten etiketleri olarak adland\u0131r\u0131lan bu etiketler, yumu\u015fak ancak sa\u011flam bir kau\u00e7uk d\u0131\u015f y\u00fczeyle \u00fcretilmi\u015ftir. Esnek ve sa\u011flam olacak \u015fekilde tasarlanm\u0131\u015f bu giysi etiketleri, 200 y\u0131kama d\u00f6ng\u00fcs\u00fcne ve 60 bara kadar bas\u0131nca dayan\u0131kl\u0131d\u0131r. UHF RFID \u00e7ama\u015f\u0131r etiketlerimiz, birka\u00e7 metre uzaktan bile etkili bir \u015fekilde alg\u0131lanabilen toplu okuma konusunda m\u00fckemmeldir. Uzunluklar\u0131 1,5 ila 3 in\u00e7, geni\u015flikleri ise yar\u0131m in\u00e7 ila 1 in\u00e7 aras\u0131nda de\u011fi\u015fen \u00e7e\u015fitli \u00f6l\u00e7\u00fclerde mevcuttur. Y\u0131kanabilir bu RFID etiketleri, t\u0131p alan\u0131nda yayg\u0131n olarak kullan\u0131lmaktad\u0131r ve genellikle doktor ve hem\u015firelerin giydi\u011fi \u00f6nl\u00fcklerin yan\u0131 s\u0131ra di\u011fer profesyonel \u00fcniformalara, kost\u00fcmlere ve paspas gibi kiralanabilir e\u015fyalara tak\u0131l\u0131r.<\/p>","protected":false},"featured_media":3085,"template":"","meta":{"_kad_post_transparent":"default","_kad_post_title":"","_kad_post_layout":"default","_kad_post_sidebar_id":"","_kad_post_content_style":"default","_kad_post_vertical_padding":"default","_kad_post_feature":"","_kad_post_feature_position":"","_kad_post_header":false,"_kad_post_footer":false,"_kad_post_classname":""},"product_brand":[],"product_cat":[16],"product_tag":[24,375,342,339,65,368,30,374,373],"class_list":{"0":"post-3084","1":"product","2":"type-product","3":"status-publish","4":"has-post-thumbnail","6":"product_cat-uhf-rfid-laundry-tags","7":"product_tag-laundry-rfid-tags","8":"product_tag-rfid-laundry-tag-7015mm","9":"product_tag-rfid-laundry-tags","10":"product_tag-rfid-washable-tags","11":"product_tag-textile-rfid-laundry-tags","12":"product_tag-textile-uhf-rfid-tags-labels","13":"product_tag-uhf-rfid-laundry-tag","14":"product_tag-washable-uhf-rfid-labels","15":"product_tag-washable-uhf-rfid-laundry-textile-labels","17":"first","18":"instock","19":"featured","20":"shipping-taxable","21":"product-type-simple","22":"entry","23":"content-bg","24":"loop-entry"},"_links":{"self":[{"href":"https:\/\/rfid-laundry-tag.com\/tr\/wp-json\/wp\/v2\/product\/3084","targetHints":{"allow":["GET"]}}],"collection":[{"href":"https:\/\/rfid-laundry-tag.com\/tr\/wp-json\/wp\/v2\/product"}],"about":[{"href":"https:\/\/rfid-laundry-tag.com\/tr\/wp-json\/wp\/v2\/types\/product"}],"version-history":[{"count":1,"href":"https:\/\/rfid-laundry-tag.com\/tr\/wp-json\/wp\/v2\/product\/3084\/revisions"}],"predecessor-version":[{"id":3087,"href":"https:\/\/rfid-laundry-tag.com\/tr\/wp-json\/wp\/v2\/product\/3084\/revisions\/3087"}],"wp:featuredmedia":[{"embeddable":true,"href":"https:\/\/rfid-laundry-tag.com\/tr\/wp-json\/wp\/v2\/media\/3085"}],"wp:attachment":[{"href":"https:\/\/rfid-laundry-tag.com\/tr\/wp-json\/wp\/v2\/media?parent=3084"}],"wp:term":[{"taxonomy":"product_brand","embeddable":true,"href":"https:\/\/rfid-laundry-tag.com\/tr\/wp-json\/wp\/v2\/product_brand?post=3084"},{"taxonomy":"product_cat","embeddable":true,"href":"https:\/\/rfid-laundry-tag.com\/tr\/wp-json\/wp\/v2\/product_cat?post=3084"},{"taxonomy":"product_tag","embeddable":true,"href":"https:\/\/rfid-laundry-tag.com\/tr\/wp-json\/wp\/v2\/product_tag?post=3084"}],"curies":[{"name":"wp","href":"https:\/\/api.w.org\/{rel}","templated":true}]}}